{"id":26025,"date":"2022-03-25T15:30:16","date_gmt":"2022-03-25T08:30:16","guid":{"rendered":"https:\/\/havamall.vn\/?post_type=product&#038;p=26025"},"modified":"2025-03-20T17:07:23","modified_gmt":"2025-03-20T10:07:23","slug":"trai-oliu-xanh-khong-hat-crespo-333gr-pitted-green-olives","status":"publish","type":"product","link":"https:\/\/havamall.vn\/en\/shop\/trai-oliu-xanh-khong-hat-crespo-333gr-pitted-green-olives\/","title":{"rendered":"Tr\u00e1i Oliu Xanh Kh\u00f4ng H\u1ea1t Crespo 333gr \u2013 Pitted Green Olives"},"content":{"rendered":"<h4 class=\"product-detail__specs-title\">Th\u00f4ng tin s\u1ea3n ph\u1ea9m<\/h4>\n<div id=\"js-product-detail__specs\" class=\"product-detail__specs\">\n<div class=\"row\">\n<div class=\"col-sm-12\">\n<div class=\"product-specs__table\">\n<table>\n<tbody>\n<tr>\n<td class=\"specs-table__property\">Th\u01b0\u01a1ng hi\u1ec7u<\/td>\n<td class=\"specs-table__value\">Crespo<\/td>\n<\/tr>\n<tr>\n<td class=\"specs-table__property\">Xu\u1ea5t x\u1ee9<\/td>\n<td class=\"specs-table__value\">T\u00e2y Ban Nha<\/td>\n<\/tr>\n<tr>\n<td class=\"specs-table__property\">H\u1ea1n s\u1eed d\u1ee5ng<\/td>\n<td class=\"specs-table__value\">3 n\u0103m k\u1ec3 t\u1eeb ng\u00e0y s\u1ea3n xu\u1ea5t<\/td>\n<\/tr>\n<tr>\n<td class=\"specs-table__property\">H\u01b0\u1edbng d\u1eabn s\u1eed d\u1ee5ng<\/td>\n<td class=\"specs-table__value\">D\u00f9ng \u0103n tr\u1ef1c ti\u1ebfp ho\u1eb7c ch\u1ebf bi\u1ebfn c\u00e1c m\u00f3n salad, khai v\u1ecb, n\u1ea5u chung v\u1edbi b\u00f2, g\u00e0 hay m\u00ec \u00dd, pizza,\u2026<\/td>\n<\/tr>\n<tr>\n<td class=\"specs-table__property\">H\u01b0\u1edbng d\u1eabn b\u1ea3o qu\u1ea3n<\/td>\n<td class=\"specs-table__value\">B\u1ea3o qu\u1ea3n \u1edf nhi\u1ec7t \u0111\u1ed9 th\u01b0\u1eddng, gi\u1eef l\u1ea1nh sau khi m\u1edf n\u1eafp v\u00e0 s\u1eed d\u1ee5ng t\u1ed1t nh\u1ea5t trong 2 tu\u1ea7n<\/td>\n<\/tr>\n<tr>\n<td class=\"specs-table__property\">Th\u00e0nh ph\u1ea7n nguy\u00ean li\u1ec7u<\/td>\n<td class=\"specs-table__value\">Tr\u00e1i oliu xanh kh\u00f4ng h\u1ea1t, n\u01b0\u1edbc, mu\u1ed1i,&#8230;<\/td>\n<\/tr>\n<tr>\n<td class=\"specs-table__property\">Kh\u1ed1i l\u01b0\u1ee3ng\/Th\u1ec3 t\u00edch<\/td>\n<td class=\"specs-table__value\">333gr<\/td>\n<\/tr>\n<\/tbody>\n<\/table>\n<p><img fetchpriority=\"high\" decoding=\"async\" class=\"wp-image-26028 aligncenter\" src=\"https:\/\/havamall.vn\/wp-content\/uploads\/2025\/03\/OLIU-1-1.jpg\" alt=\"\" width=\"899\" height=\"1124\" \/><\/p>\n<\/div>\n<\/div>\n<\/div>\n<\/div>\n<p>Gia \u0111\u00ecnh Crespo \u0111\u00e3 kinh doanh th\u1ef1c ph\u1ea9m \u0110\u1ecba Trung H\u1ea3i t\u1eeb \u0111\u1ea7u th\u1ebf k\u1ef7 20 v\u00e0 ti\u1ebfp t\u1ee5c s\u1edf h\u1eefu v\u00e0 \u0111i\u1ec1u h\u00e0nh c\u00f4ng ty cho \u0111\u1ebfn ng\u00e0y nay. C\u00e1c nh\u00e0 m\u00e1y s\u1ea3n xu\u1ea5t hi\u1ec7n t\u1ea1i c\u1ee7a Crespo \u1edf Seville v\u00e0 Marrakech, c\u0169ng nh\u01b0 h\u1ec7 th\u1ed1ng ph\u00e2n ph\u1ed1i c\u1ee7a ch\u00fang t\u00f4i \u1edf Ph\u00e1p, \u0111\u01b0\u1ee3c th\u00e0nh l\u1eadp b\u1edfi hai anh em Henri v\u00e0 Antoine Crespo v\u00e0o nh\u1eefng n\u0103m 1960.<\/p>\n<p>T\u1eeb l\u00e2u, \u00f4 liu Crespo \u0111\u00e3 \u0111\u01b0\u1ee3c bi\u1ebft \u0111\u1ebfn v\u1edbi h\u01b0\u01a1ng v\u1ecb v\u00e0 ch\u1ea5t l\u01b0\u1ee3ng \u0111\u1ed9c \u0111\u00e1o. V\u00e0o nh\u1eefng n\u0103m 1950 \u1edf Algeria, Henri v\u00e0 Antoine Crespo b\u1eaft \u0111\u1ea7u s\u1ea3n xu\u1ea5t \u00f4 liu trong h\u1ed9p thi\u1ebfc cho th\u1ecb tr\u01b0\u1eddng Ph\u00e1p. Ng\u00e0y nay v\u1edbi s\u1ef1 c\u1ea3i ti\u1ebfn \u0111\u00f3ng g\u00f3i trong h\u1ee7 th\u1ee7y tinh sang tr\u1ecdng. Ch\u00ednh t\u1ea1i \u0111\u00e2y, h\u1ecd \u0111\u00e3 \u0111\u1eb7t n\u1ec1n m\u00f3ng cho th\u01b0\u01a1ng hi\u1ec7u c\u1ee7a m\u00ecnh. Sau khi Algeria gi\u00e0nh \u0111\u1ed9c l\u1eadp, trang web c\u1ee7a Crespo \u1edf Marrakesh \u0111\u01b0\u1ee3c x\u00e2y d\u1ef1ng \u0111\u1ec3 cho ph\u00e9p h\u1ecd ti\u1ebfp c\u1eadn th\u1ecb tr\u01b0\u1eddng th\u1ebf gi\u1edbi v\u1edbi \u0111\u1ea7y \u0111\u1ee7 c\u00e1c s\u1ea3n ph\u1ea9m \u01b0u vi\u1ec7t v\u00e0 kh\u1eb3ng \u0111\u1ecbnh m\u00ecnh l\u00e0 nh\u00e0 s\u1ea3n xu\u1ea5t ch\u1ea5t l\u01b0\u1ee3ng tr\u01b0\u1edbc c\u00e1c \u0111\u1ed1i th\u1ee7 c\u1ea1nh tranh.<\/p>\n<p>Ngh\u1ec7 thu\u1eadt s\u1ea3n xu\u1ea5t \u00f4 liu \u0111\u00e3 l\u00e0 m\u1ed9t ph\u1ea7n trong l\u1ed1i s\u1ed1ng c\u1ee7a gia \u0111\u00ecnh Crespo trong nhi\u1ec1u th\u1ebf h\u1ec7. Gia \u0111\u00ecnh c\u1ee7a Crespo ti\u1ebfp t\u1ee5c duy tr\u00ec s\u1ef1 t\u00f4n tr\u1ecdng truy\u1ec1n th\u1ed1ng v\u00e0 cam k\u1ebft v\u1ec1 ch\u1ea5t l\u01b0\u1ee3ng.<\/p>\n<p style=\"text-align: center\"><img decoding=\"async\" class=\"alignnone wp-image-26034\" src=\"https:\/\/havamall.vn\/wp-content\/uploads\/2025\/03\/OLIU-XANH-4-1024x767.jpg\" alt=\"\" width=\"900\" height=\"571\" \/><\/p>\n<h3><strong>\u0110\u1eb6C \u0110I\u1ec2M S\u1ea2N PH\u1ea8M<\/strong><\/h3>\n<p>Qu\u1ea3 Oliu Xanh Kh\u00f4ng H\u1ea1t Crespo c\u00f3 th\u00e0nh ph\u1ea7n ch\u00ednh l\u00e0 qu\u1ea3 oliu xanh T\u00e2y Ban Nha. \u0110\u00e2y l\u00e0 m\u1ed9t trong nh\u1eefng lo\u1ea1i oliu n\u1ed5i ti\u1ebfng tr\u00ean to\u00e0n th\u1ebf gi\u1edbi. Oliu Xanh Crespo<strong>\u200b\u00a0<\/strong>\u0111\u01b0\u1ee3c s\u1ea3n xu\u1ea5t theo c\u00f4ng ngh\u1ec7 hi\u1ec7n \u0111\u1ea1i. M\u1ecdi kh\u00e2u t\u1eeb tuy\u1ec3n ch\u1ecdn nguy\u00ean li\u1ec7u t\u1edbi ch\u1ebf bi\u1ebfn \u0111\u1ec1u di\u1ec5n ra kh\u00e9p k\u00edn d\u01b0\u1edbi s\u1ef1 gi\u00e1m s\u00e1t v\u00e0 ki\u1ec3m tra nghi\u00eam ng\u1eb7t c\u1ee7a c\u00e1c chuy\u00ean gia th\u1ef1c ph\u1ea9m h\u00e0ng \u0111\u1ea7u, theo \u0111\u00f3 s\u1ea3n ph\u1ea9m kh\u00f4ng ch\u1ee9a h\u00f3a ch\u1ea5t, ch\u1ea5t b\u1ea3o qu\u1ea3n \u0111\u1ed9c h\u1ea1i, \u0111\u1ea3m b\u1ea3o an to\u00e0n cho s\u1ee9c kh\u1ecfe ng\u01b0\u1eddi ti\u00eau d\u00f9ng. Oliu \u0111\u00e3 \u0111\u01b0\u1ee3c t\u00e1ch h\u1ea1t v\u00e0 ng\u00e2m trong n\u01b0\u1edbc mu\u1ed1i. Sau \u0111\u00f3 \u0111\u01b0\u1ee3c \u0111\u00f3ng g\u00f3i \u0111\u1ea1t quy chu\u1ea9n \u0111\u1ec3 lu\u00f4n gi\u1eef \u0111\u01b0\u1ee3c m\u00f9i v\u1ecb th\u01a1m ngon, h\u1ea5p d\u1eabn nh\u01b0 ban \u0111\u1ea7u.<\/p>\n<p>Oliu kh\u00f4ng ch\u1ec9 l\u00e0 m\u1ed9t m\u00f3n \u0103n ngon m\u00e0 c\u00f2n l\u00e0 lo\u1ea1i th\u1ef1c ph\u1ea9m ch\u1ee9a nhi\u1ec1u ch\u1ea5t dinh d\u01b0\u1ee1ng t\u1ed1t cho s\u1ee9c kh\u1ecfe.<\/p>\n<p><img decoding=\"async\" class=\"wp-image-26036 aligncenter\" src=\"https:\/\/havamall.vn\/wp-content\/uploads\/2025\/03\/OLIU-XANH-5.jpg\" alt=\"\" width=\"901\" height=\"1192\" \/><\/p>\n<h3><strong>C\u00d4NG D\u1ee4NG C\u1ee6A QU\u1ea2 OLIU<\/strong><\/h3>\n<p>&#8211; Qu\u1ea3 Oliu c\u00f3 ch\u1ee9a axit linoleic r\u1ea5t c\u00f3 l\u1ee3i cho tr\u1ebb nh\u1ecf. V\u1edbi nh\u1eefng tr\u1ebb s\u01a1 sinh \u0111\u01b0\u1ee3c nu\u00f4i b\u1eb1ng s\u1eefa m\u1eb9, b\u00e0 m\u1eb9 cho con b\u00fa c\u00f3 th\u1ec3 b\u1ed5 sung tr\u00e1i c\u00e2y Oliu trong ch\u1ebf \u0111\u1ed9 \u0103n u\u1ed1ng c\u1ee7a m\u00ecnh.<\/p>\n<p>&#8211; Clo hi\u1ec7n di\u1ec7n trong tr\u00e1i c\u00e2y Oliu c\u00f3 th\u1ec3 c\u1ea3i thi\u1ec7n ch\u1ee9c n\u0103ng gan, cho ph\u00e9p lo\u1ea1i b\u1ecf ch\u1ea5t th\u1ea3i ra kh\u1ecfi c\u01a1 th\u1ec3.<\/p>\n<p>&#8211; Vitamin A, D, E, v\u00e0 K gi\u00fap t\u0103ng tr\u01b0\u1edfng x\u01b0\u01a1ng \u1edf c\u1ea3 tr\u1ebb em v\u00e0 ng\u01b0\u1eddi l\u1edbn. C\u00e1c Vitamin n\u00e0y c\u00f3 nhi\u1ec1u trong c\u00e1c lo\u1ea1i qu\u1ea3 Oliu.<\/p>\n<p>&#8211; H\u01b0\u01a1ng v\u1ecb \u0111\u1eb7c tr\u01b0ng v\u00e0 h\u01b0\u01a1ng th\u01a1m c\u1ee7a Oliu \u0111\u01b0\u1ee3c t\u1ea1o n\u00ean t\u1eeb Polyphenol. Polyphenol c\u00f3 l\u1ee3i trong vi\u1ec7c ch\u1ed1ng l\u1ea1i ung th\u01b0 v\u00e0 c\u0169ng c\u00f3 t\u00ednh ch\u1ea5t ch\u1ed1ng vi\u00eam t\u1ed1t.<\/p>\n<p>&#8211; Vitamin E v\u00e0 c\u00e1c ch\u1ea5t ch\u1ed1ng oxi h\u00f3a trong Oliu gi\u1ea3m nguy c\u01a1 t\u1ed5n th\u01b0\u01a1ng t\u1ebf b\u00e0o v\u00e0 vi\u00eam.<\/p>\n<p><img loading=\"lazy\" decoding=\"async\" class=\"wp-image-26037 aligncenter\" src=\"https:\/\/havamall.vn\/wp-content\/uploads\/2025\/03\/OLIU-2.jpg\" alt=\"\" width=\"901\" height=\"1037\" \/><\/p>","protected":false},"excerpt":{"rendered":"<p>Th\u00f4ng tin s\u1ea3n ph\u1ea9m Th\u01b0\u01a1ng hi\u1ec7u Crespo Xu\u1ea5t x\u1ee9 T\u00e2y Ban Nha H\u1ea1n s\u1eed d\u1ee5ng 3 n\u0103m k\u1ec3 t\u1eeb ng\u00e0y<\/p>","protected":false},"featured_media":26038,"comment_status":"open","ping_status":"closed","template":"","meta":[],"product_brand":[],"product_cat":[683,36,143],"product_tag":[],"class_list":{"0":"post-26025","1":"product","2":"type-product","3":"status-publish","4":"has-post-thumbnail","6":"product_cat-nhap-khau-tay-ban-nha","7":"product_cat-thuc-pham-tieu-dung","8":"product_cat-thuc-pham-dong-hop","10":"first","11":"instock","12":"sale","13":"shipping-taxable","14":"purchasable","15":"product-type-simple"},"_links":{"self":[{"href":"https:\/\/havamall.vn\/en\/wp-json\/wp\/v2\/product\/26025"}],"collection":[{"href":"https:\/\/havamall.vn\/en\/wp-json\/wp\/v2\/product"}],"about":[{"href":"https:\/\/havamall.vn\/en\/wp-json\/wp\/v2\/types\/product"}],"replies":[{"embeddable":true,"href":"https:\/\/havamall.vn\/en\/wp-json\/wp\/v2\/comments?post=26025"}],"version-history":[{"count":0,"href":"https:\/\/havamall.vn\/en\/wp-json\/wp\/v2\/product\/26025\/revisions"}],"wp:featuredmedia":[{"embeddable":true,"href":"https:\/\/havamall.vn\/en\/wp-json\/wp\/v2\/media\/26038"}],"wp:attachment":[{"href":"https:\/\/havamall.vn\/en\/wp-json\/wp\/v2\/media?parent=26025"}],"wp:term":[{"taxonomy":"product_brand","embeddable":true,"href":"https:\/\/havamall.vn\/en\/wp-json\/wp\/v2\/product_brand?post=26025"},{"taxonomy":"product_cat","embeddable":true,"href":"https:\/\/havamall.vn\/en\/wp-json\/wp\/v2\/product_cat?post=26025"},{"taxonomy":"product_tag","embeddable":true,"href":"https:\/\/havamall.vn\/en\/wp-json\/wp\/v2\/product_tag?post=26025"}],"curies":[{"name":"wp","href":"https:\/\/api.w.org\/{rel}","templated":true}]}}