{"id":26013,"date":"2022-03-25T14:53:49","date_gmt":"2022-03-25T07:53:49","guid":{"rendered":"https:\/\/havamall.vn\/?post_type=product&#038;p=26013"},"modified":"2023-06-14T10:17:23","modified_gmt":"2023-06-14T03:17:23","slug":"pho-mai-emmental-bottega-zelachi-100g-emmental-cheese","status":"publish","type":"product","link":"https:\/\/havamall.vn\/en\/shop\/pho-mai-emmental-bottega-zelachi-100g-emmental-cheese\/","title":{"rendered":"Ph\u00f4 Mai Emmental Bottega Zelachi 100g &#8211; Emmental Cheese"},"content":{"rendered":"<p>Gi\u1eefa m\u1ed9t \u2018v\u00f9ng tr\u1eddi\u2019 ph\u00f4 mai tr\u00ean th\u1ebf gi\u1edbi, Emmental (hay c\u00f2n g\u1ecdi l\u00e0 Emmentaler) t\u1ecfa s\u00e1ng nh\u01b0 m\u1ed9t ng\u00f4i sao b\u01a1\u0309i s\u1ee9c h\u1ea5p d\u1eabn kh\u00f4ng th\u1ec3 ch\u1ed1i t\u1eeb nh\u01a1\u0300 h\u01b0\u01a1ng th\u01a1m s\u01b0\u0303a nh\u1eb9 nh\u00e0ng, d\u1ecbu m\u00e0 kh\u00f4ng g\u1eaft, h\u00f2a quy\u1ec7n trong v\u1ecb ngon tuy\u00ea\u0323t di\u00ea\u0323u. Th\u01b0\u1edfng th\u1ee9c m\u1ed9t mi\u1ebfng Emmental, ng\u01b0\u1eddi \u0103n s\u1ebd \u0111\u01b0\u1ee3c d\u1eabn d\u1eaft t\u1eeb c\u00e1i th\u01a1m ngon ban \u0111\u1ea7u \u0111\u1ebfn h\u1eadu v\u1ecb ph\u00f4 mai \u0111\u0103\u0323c tr\u01b0ng d\u1ec5 ch\u1ecbu, v\u1ea5n v\u00edt m\u00e3i v\u1ec1 sau.<\/p>\n<p>\u0110i\u1ec3m kh\u00e1c bi\u1ec7t \u0111\u1ec3 nh\u1eadn di\u1ec7n Emmental v\u1edbi c\u00e1c lo\u1ea1i ph\u00f4 mai kh\u00e1c l\u00e0 \u201cl\u1edbp \u00e1o\u201d co\u0301 nhi\u1ec1u bo\u0301ng khi\u0301 r\u00f4\u0303ng \u0111\u1eb7c tr\u01b0ng. V\u1edbi th\u00e0nh ph\u1ea7n 100% s\u1eefa b\u00f2 t\u01b0\u01a1i nguy\u00ean ch\u1ea5t v\u00e0 tr\u1ea3i qua th\u1eddi gian \u1ee7 ch\u00edn b\u1eb1ng ph\u01b0\u01a1ng ph\u00e1p truy\u1ec1n th\u1ed1ng, Emmental Bottega Zelachi g\u00f3i tr\u1ecdn m\u1ecdi tinh t\u00fay c\u1ee7a m\u1ed9t lo\u1ea1i ph\u00f4 mai Th\u1ee5y S\u1ef9 \u0111\u00edch th\u1ef1c, kh\u00f4ng qu\u00e1 c\u1ee9ng, kh\u00e1 d\u1ebbo v\u00e0 h\u01b0\u01a1ng v\u1ecb d\u1ecbu nh\u1eb9 gi\u00fap ph\u00f4 mai d\u1ec5 d\u00e0ng ph\u1ed1i h\u1ee3p v\u1edbi c\u00e1c lo\u1ea1i th\u1ef1c ph\u1ea9m \u0111\u1ec3 ch\u1ebf bi\u1ebfn nhi\u1ec1u m\u00f3n ngon nh\u01b0 \u0103n k\u00e8m b\u00e1nh m\u00ec, gi\u0103m b\u00f4ng, th\u1ecbt x\u00f4ng kh\u00f3i ki\u1ec3u \u00dd prosciutto, burger, pizza, Rivoli, tr\u00e1i c\u00e2y t\u01b0\u01a1i\/kh\u00f4 ho\u1eb7c n\u1ea5u ch\u1ea3y \u0111\u1ec3 t\u0103ng v\u1ecb cho m\u00f3n s\u00fap.<\/p>\n<p><img fetchpriority=\"high\" decoding=\"async\" class=\"wp-image-26014 aligncenter\" src=\"https:\/\/havamall.vn\/wp-content\/uploads\/2022\/03\/192005068_4281207118590814_4085750732497125478_n-1-300x240.png\" alt=\"\" width=\"761\" height=\"608\" srcset=\"https:\/\/havamall.vn\/wp-content\/uploads\/2022\/03\/192005068_4281207118590814_4085750732497125478_n-1-300x240.png 300w, https:\/\/havamall.vn\/wp-content\/uploads\/2022\/03\/192005068_4281207118590814_4085750732497125478_n-1-430x344.png 430w, https:\/\/havamall.vn\/wp-content\/uploads\/2022\/03\/192005068_4281207118590814_4085750732497125478_n-1-150x120.png 150w, https:\/\/havamall.vn\/wp-content\/uploads\/2022\/03\/192005068_4281207118590814_4085750732497125478_n-1-768x615.png 768w, https:\/\/havamall.vn\/wp-content\/uploads\/2022\/03\/192005068_4281207118590814_4085750732497125478_n-1-1024x820.png 1024w, https:\/\/havamall.vn\/wp-content\/uploads\/2022\/03\/192005068_4281207118590814_4085750732497125478_n-1-1200x961.png 1200w, https:\/\/havamall.vn\/wp-content\/uploads\/2022\/03\/192005068_4281207118590814_4085750732497125478_n-1-600x480.png 600w, https:\/\/havamall.vn\/wp-content\/uploads\/2022\/03\/192005068_4281207118590814_4085750732497125478_n-1.png 2048w\" sizes=\"(max-width: 761px) 100vw, 761px\" \/><\/p>\n<p>Kh\u00f4ng qu\u00e1 c\u1ee9ng v\u00e0 kh\u00e1 d\u1ebbo, ph\u00f4 mai Emmetal Bottega Zelachi l\u00e0 l\u1ef1a ch\u1ecdn s\u1ed1 m\u1ed9t cho nh\u1eefng m\u00f3n \u0103n s\u00e1ng nhanh g\u1ecdn, ch\u1eb3ng h\u1ea1n nh\u01b0 x\u1eaft l\u00e1t v\u00e0 k\u1eb9p v\u1edbi b\u00e1nh m\u00ec th\u00eam ch\u00fat gi\u0103m b\u00f4ng, \u0103n k\u00e8m v\u1edbi burger, ravoli (b\u00e1nh nh\u00e2n th\u1ecbt)\u2026 c\u1ef1c k\u1ef3 h\u1eefu d\u1ee5ng trong vi\u1ec7c t\u0103ng h\u01b0\u01a1ng v\u1ecb cho c\u00e1c m\u00f3n n\u01b0\u1edbng, n\u01b0\u1edbc s\u1ed1t.<\/p>\n<p>B\u00ean c\u1ea1nh \u0111\u00f3, Emmental s\u1ebd d\u1eady v\u1ecb ho\u00e0n h\u1ea3o khi s\u00e1nh vai v\u1edbi r\u01b0\u1ee3u vang t\u01b0\u01a1i m\u00e1t, n\u1ed3ng n\u00e0n. \u0110\u01b0\u1ee3c nh\u1eadp kh\u1ea9u tr\u1ef1c ti\u1ebfp v\u00e0 c\u1eaft, \u0111\u00f3ng g\u00f3i t\u1ea1i Vi\u1ec7t Nam, Emmental Bottega Zelachi v\u1edbi ch\u1ea5t l\u01b0\u1ee3ng tuy\u1ec7t h\u1ea3o v\u00e0 gi\u00e1 th\u00e0nh h\u1ee3p l\u00fd s\u1ebd l\u00e0 l\u1ef1a ch\u1ecdn ho\u00e0n h\u1ea3o cho b\u1ea1n v\u00e0 gia \u0111\u00ecnh.<\/p>\n<p><img decoding=\"async\" class=\"wp-image-26015 aligncenter\" src=\"https:\/\/havamall.vn\/wp-content\/uploads\/2022\/03\/12671329-Spicy-pickled-Emmental-cheese-300x225.png\" alt=\"\" width=\"751\" height=\"563\" srcset=\"https:\/\/havamall.vn\/wp-content\/uploads\/2022\/03\/12671329-Spicy-pickled-Emmental-cheese-300x225.png 300w, https:\/\/havamall.vn\/wp-content\/uploads\/2022\/03\/12671329-Spicy-pickled-Emmental-cheese-430x323.png 430w, https:\/\/havamall.vn\/wp-content\/uploads\/2022\/03\/12671329-Spicy-pickled-Emmental-cheese-150x113.png 150w, https:\/\/havamall.vn\/wp-content\/uploads\/2022\/03\/12671329-Spicy-pickled-Emmental-cheese-700x526.png 700w, https:\/\/havamall.vn\/wp-content\/uploads\/2022\/03\/12671329-Spicy-pickled-Emmental-cheese-768x577.png 768w, https:\/\/havamall.vn\/wp-content\/uploads\/2022\/03\/12671329-Spicy-pickled-Emmental-cheese-1024x769.png 1024w, https:\/\/havamall.vn\/wp-content\/uploads\/2022\/03\/12671329-Spicy-pickled-Emmental-cheese-600x451.png 600w, https:\/\/havamall.vn\/wp-content\/uploads\/2022\/03\/12671329-Spicy-pickled-Emmental-cheese.png 1100w\" sizes=\"(max-width: 751px) 100vw, 751px\" \/><\/p>\n<p>S\u1ea3n ph\u1ea9m \u0111\u00f3ng g\u00f3i bao b\u00ec v\u1edbi tr\u1ecdng l\u01b0\u1ee3ng 100g r\u1ea5t th\u00edch h\u1ee3p cho c\u00e1c gia \u0111\u00ecnh mua v\u1ec1 \u0111\u1ec3 d\u00f9ng th\u1eed v\u00e0 k\u1ebft h\u1ee3p v\u1edbi c\u00e1c m\u00f3n \u0103n. Ph\u00f4 mai Bottega zelachi \u0111\u00e3 \u0111\u01b0\u1ee3c nghi\u00ean c\u1ee9u v\u00e0 ch\u1ee9ng minh t\u1ed1t cho s\u1ee9c kh\u1ecfe ng\u01b0\u1eddi ti\u00eau d\u00f9ng.<\/p>\n<p>Trong th\u00e0nh ph\u1ea7n ph\u00f4 mai c\u00f3 ch\u1ee9a nhi\u1ec1u ch\u1ea5t dinh d\u01b0\u1ee1ng c\u1ea7n thi\u1ebft nh\u01b0 canxi, photpho, protein, vitamin,&#8230; \u0102n ph\u00f4 mai b\u1ed9t c\u00f2n l\u00e0 c\u00e1ch \u0111\u1ec3 b\u1ea1n ph\u00f2ng ch\u1ed1ng c\u00e1c b\u1ec7nh v\u1ec1 r\u0103ng mi\u1ec7ng, ch\u1ed1ng ung th\u01b0 v\u00e0 gi\u00fap c\u01a1 th\u1ec3 h\u1ea5p th\u1ee5 canxi, t\u0103ng c\u01b0\u1eddng ho\u1ea1t \u0111\u1ed9ng c\u1ee7a x\u01b0\u01a1ng.<\/p>\n<p><img decoding=\"async\" class=\"wp-image-26016 aligncenter\" src=\"https:\/\/havamall.vn\/wp-content\/uploads\/2022\/03\/cheese-type-emmentaler-300x200.png\" alt=\"\" width=\"764\" height=\"510\" srcset=\"https:\/\/havamall.vn\/wp-content\/uploads\/2022\/03\/cheese-type-emmentaler-300x200.png 300w, https:\/\/havamall.vn\/wp-content\/uploads\/2022\/03\/cheese-type-emmentaler-430x287.png 430w, https:\/\/havamall.vn\/wp-content\/uploads\/2022\/03\/cheese-type-emmentaler-150x100.png 150w, https:\/\/havamall.vn\/wp-content\/uploads\/2022\/03\/cheese-type-emmentaler-700x467.png 700w, https:\/\/havamall.vn\/wp-content\/uploads\/2022\/03\/cheese-type-emmentaler-768x512.png 768w, https:\/\/havamall.vn\/wp-content\/uploads\/2022\/03\/cheese-type-emmentaler-1024x682.png 1024w, https:\/\/havamall.vn\/wp-content\/uploads\/2022\/03\/cheese-type-emmentaler-1200x800.png 1200w, https:\/\/havamall.vn\/wp-content\/uploads\/2022\/03\/cheese-type-emmentaler-600x400.png 600w, https:\/\/havamall.vn\/wp-content\/uploads\/2022\/03\/cheese-type-emmentaler.png 2000w\" sizes=\"(max-width: 764px) 100vw, 764px\" \/><\/p>\n<h4><strong>C\u00e1ch s\u1eed d\u1ee5ng:<\/strong><\/h4>\n<p>\u2013 Ph\u00f4 mai cheddar th\u01b0\u1eddng xuy\u00ean \u0111\u01b0\u1ee3c s\u1eed d\u1ee5ng v\u00e0o vi\u1ec7c ch\u1ebf bi\u1ebfn c\u00e1c m\u00f3n b\u00e1nh.<\/p>\n<p>\u2013 Cheddar cheese c\u00f3 th\u1ec3 \u0103n tr\u1ef1c ti\u1ebfp b\u1eb1ng c\u00e1ch c\u1eaft th\u00e0nh t\u1eebng l\u00e1t ph\u00f4 mai m\u1ecfng r\u1ed3i d\u00f9ng k\u00e8m burger, b\u00e1nh m\u00ec sandwich,\u2026<\/p>\n<p>\u2013 L\u00e0 nguy\u00ean li\u1ec7u ch\u1ebf bi\u1ebfn m\u00f3n b\u00e1nh pizza l\u1eebng danh hay pasta n\u01b0\u1edbng. B\u1ea1n \u00a0c\u0169ng c\u00f3 th\u1ec3 d\u00f9ng cheddar cheese v\u1edbi rissotto v\u00e0 casserole\u2026<\/p>\n<p><img loading=\"lazy\" decoding=\"async\" class=\"wp-image-26019 aligncenter\" src=\"https:\/\/havamall.vn\/wp-content\/uploads\/2022\/03\/223443093_4428694007175457_1229739433173413378_n-1-300x242.png\" alt=\"\" width=\"772\" height=\"623\" srcset=\"https:\/\/havamall.vn\/wp-content\/uploads\/2022\/03\/223443093_4428694007175457_1229739433173413378_n-1-300x242.png 300w, https:\/\/havamall.vn\/wp-content\/uploads\/2022\/03\/223443093_4428694007175457_1229739433173413378_n-1-430x347.png 430w, https:\/\/havamall.vn\/wp-content\/uploads\/2022\/03\/223443093_4428694007175457_1229739433173413378_n-1-150x121.png 150w, https:\/\/havamall.vn\/wp-content\/uploads\/2022\/03\/223443093_4428694007175457_1229739433173413378_n-1-700x565.png 700w, https:\/\/havamall.vn\/wp-content\/uploads\/2022\/03\/223443093_4428694007175457_1229739433173413378_n-1-768x620.png 768w, https:\/\/havamall.vn\/wp-content\/uploads\/2022\/03\/223443093_4428694007175457_1229739433173413378_n-1-600x484.png 600w, https:\/\/havamall.vn\/wp-content\/uploads\/2022\/03\/223443093_4428694007175457_1229739433173413378_n-1.png 900w\" sizes=\"(max-width: 772px) 100vw, 772px\" \/><\/p>","protected":false},"excerpt":{"rendered":"<p>Gi\u1eefa m\u1ed9t \u2018v\u00f9ng tr\u1eddi\u2019 ph\u00f4 mai tr\u00ean th\u1ebf gi\u1edbi, Emmental (hay c\u00f2n g\u1ecdi l\u00e0 Emmentaler) t\u1ecfa s\u00e1ng nh\u01b0 m\u1ed9t ng\u00f4i<\/p>","protected":false},"featured_media":26018,"comment_status":"open","ping_status":"closed","template":"","meta":[],"product_brand":[],"product_cat":[275,36],"product_tag":[],"class_list":{"0":"post-26013","1":"product","2":"type-product","3":"status-publish","4":"has-post-thumbnail","6":"product_cat-thuc-pham-dong-lanh","7":"product_cat-thuc-pham-tieu-dung","9":"first","10":"outofstock","11":"sale","12":"shipping-taxable","13":"purchasable","14":"product-type-simple"},"_links":{"self":[{"href":"https:\/\/havamall.vn\/en\/wp-json\/wp\/v2\/product\/26013"}],"collection":[{"href":"https:\/\/havamall.vn\/en\/wp-json\/wp\/v2\/product"}],"about":[{"href":"https:\/\/havamall.vn\/en\/wp-json\/wp\/v2\/types\/product"}],"replies":[{"embeddable":true,"href":"https:\/\/havamall.vn\/en\/wp-json\/wp\/v2\/comments?post=26013"}],"version-history":[{"count":0,"href":"https:\/\/havamall.vn\/en\/wp-json\/wp\/v2\/product\/26013\/revisions"}],"wp:featuredmedia":[{"embeddable":true,"href":"https:\/\/havamall.vn\/en\/wp-json\/wp\/v2\/media\/26018"}],"wp:attachment":[{"href":"https:\/\/havamall.vn\/en\/wp-json\/wp\/v2\/media?parent=26013"}],"wp:term":[{"taxonomy":"product_brand","embeddable":true,"href":"https:\/\/havamall.vn\/en\/wp-json\/wp\/v2\/product_brand?post=26013"},{"taxonomy":"product_cat","embeddable":true,"href":"https:\/\/havamall.vn\/en\/wp-json\/wp\/v2\/product_cat?post=26013"},{"taxonomy":"product_tag","embeddable":true,"href":"https:\/\/havamall.vn\/en\/wp-json\/wp\/v2\/product_tag?post=26013"}],"curies":[{"name":"wp","href":"https:\/\/api.w.org\/{rel}","templated":true}]}}