{"id":26007,"date":"2022-03-25T13:50:27","date_gmt":"2022-03-25T06:50:27","guid":{"rendered":"https:\/\/havamall.vn\/?post_type=product&#038;p=26007"},"modified":"2022-03-29T09:07:29","modified_gmt":"2022-03-29T02:07:29","slug":"pho-mai-cheddar-bottega-zelachi-100g-chddar-cheese","status":"publish","type":"product","link":"https:\/\/havamall.vn\/en\/shop\/pho-mai-cheddar-bottega-zelachi-100g-chddar-cheese\/","title":{"rendered":"Ph\u00f4 Mai Cheddar Bottega Zelachi 100g &#8211; Cheddar Cheese"},"content":{"rendered":"<p>Bottega Zelachi t\u1ef1 h\u00e0o l\u00e0 th\u01b0\u01a1ng hi\u1ec7u mang \u0111\u1ebfn c\u00e1c s\u1ea3n ph\u1ea9m t\u1ed1t nh\u1ea5t cho ng\u00e0nh \u1ea9m th\u1ef1c. Nh\u1eefng lo\u1ea1i ph\u00f4 mai ngon nh\u1ea5t c\u1ee7a Bottega Zelachi kh\u00f4ng ch\u1ec9 c\u00f3 m\u1eb7t t\u1ea1i nh\u1eefng nh\u00e0 h\u00e0ng sang tr\u1ecdng &#8211; n\u01a1i th\u1ef1c kh\u00e1ch Vi\u1ec7t c\u00f3 th\u1ec3 th\u01b0\u1edfng th\u1ee9c nh\u1eefng mi\u1ebfng ph\u00f4 mai \u0111\u1eadm \u0111\u00e0, b\u00e9o ng\u1eady, lan t\u1ecfa n\u01a1i \u0111\u1ea7u l\u01b0\u1ee1i h\u01b0\u01a1ng th\u01a1m kh\u00f3 qu\u00ean, m\u00e0 c\u00f2n mang t\u1edbi tr\u1ea3i nghi\u1ec7m t\u1ea1i gia \u0111\u00e1ng nh\u1edb &#8211; n\u01a1i m\u1ecdi gia \u0111\u00ecnh Vi\u1ec7t t\u1ef1 s\u00e1ng t\u1ea1o n\u00ean nh\u1eefng m\u00f3n ngon c\u00f9ng ph\u00f4 mai.<\/p>\n<p>Ph\u00f4 mai Cheddar Bottega Zelachi \u0111\u01b0\u1ee3c ch\u1ebf bi\u1ebfn t\u1eeb s\u1eefa b\u00f2, c\u00f3 \u0111\u1ed9 b\u00e9o kho\u1ea3ng 48%, c\u00f3 m\u00e0u v\u00e0ng nh\u1ea1t, c\u1ee9ng, c\u00f3 \u0111\u1ed9 b\u00e9o v\u00e0 v\u1ecb thanh nh\u1eb9. Cheddar th\u01b0\u1eddng \u0111\u01b0\u1ee3c d\u00f9ng trong b\u00e1nh m\u00ec burger, c\u00e1c lo\u1ea1i b\u00e1nh m\u00ec sandwich, d\u00f9ng trong c\u00e1c m\u00f3n n\u01b0\u1edbng nh\u01b0 pasta n\u01b0\u1edbng, pizza, ho\u1eb7c Casserole, Rissotto.<\/p>\n<p><img fetchpriority=\"high\" decoding=\"async\" class=\"wp-image-26010 aligncenter\" src=\"https:\/\/havamall.vn\/wp-content\/uploads\/2022\/03\/223734108_4428694000508791_1001326474289585551_n-300x242.png\" alt=\"\" width=\"800\" height=\"646\" srcset=\"https:\/\/havamall.vn\/wp-content\/uploads\/2022\/03\/223734108_4428694000508791_1001326474289585551_n-300x242.png 300w, https:\/\/havamall.vn\/wp-content\/uploads\/2022\/03\/223734108_4428694000508791_1001326474289585551_n-430x346.png 430w, https:\/\/havamall.vn\/wp-content\/uploads\/2022\/03\/223734108_4428694000508791_1001326474289585551_n-150x121.png 150w, https:\/\/havamall.vn\/wp-content\/uploads\/2022\/03\/223734108_4428694000508791_1001326474289585551_n-700x564.png 700w, https:\/\/havamall.vn\/wp-content\/uploads\/2022\/03\/223734108_4428694000508791_1001326474289585551_n-768x619.png 768w\" sizes=\"(max-width: 800px) 100vw, 800px\" \/><\/p>\n<p>Kh\u00f4ng ch\u1ec9 \u0111\u1ea3m b\u1ea3o tr\u1ea3i nghi\u1ec7m h\u01b0\u01a1ng v\u1ecb v\u1eb9n nguy\u00ean, Bottega Zelachi c\u00f2n \u0111\u01b0\u1ee3c tin d\u00f9ng b\u1edfi ch\u1ea5t l\u01b0\u1ee3ng v\u01b0\u1ee3t tr\u1ed9i khi li\u00ean ti\u1ebfp \u0111\u1ea1t c\u00e1c ch\u1ee9ng nh\u1eadn v\u1ec1 an to\u00e0n th\u1ef1c ph\u1ea9m nh\u01b0 ISO, HACCP\u2026 Nh\u1edd \u0111\u00f3, Bottega Zelachi \u0111\u00e3 ghi \u0111i\u1ec3m trong l\u00f2ng fan ghi\u1ec1n ph\u00f4 mai v\u00ec v\u1eeba ngon m\u00e0 c\u00f2n t\u1ed1t cho s\u1ee9c kh\u1ecfe.<\/p>\n<p>S\u1ea3n ph\u1ea9m \u0111\u01b0\u1ee3c \u0111\u00f3ng g\u00f3i nh\u1ecf g\u1ecdn, ti\u1ec7n l\u1ee3i trong vi\u1ec7c s\u1eed d\u1ee5ng v\u00e0 b\u1ea3o qu\u1ea3n.\u00a0Ph\u00f4 mai Cheddar\u00a0\u0111\u01b0\u1ee3c d\u00f9ng k\u1ebft h\u1ee3p trong nhi\u1ec1u m\u00f3n \u0103n, nh\u01b0 trong m\u00f3n b\u00e1nh pizza c\u1ee7a ng\u01b0\u1eddi \u00dd, v\u1edbi b\u00e1nh m\u00ec n\u01b0\u1edbng gi\u00f2n v\u00e0 r\u01b0\u1ee3u vang \u0111\u1ecf ki\u1ec3u Ph\u00e1p, tr\u1ed9n salad v\u1edbi d\u1ea7u \u00f4 liu ki\u1ec3u Hy L\u1ea1p r\u1ea5t h\u1ea5p d\u1eabn v\u00e0 ngon mi\u1ec7ng.<\/p>\n<p><img decoding=\"async\" class=\"wp-image-20783 aligncenter\" src=\"https:\/\/havamall.vn\/wp-content\/uploads\/2021\/07\/frce-300x225.png\" alt=\"\" width=\"808\" height=\"606\" srcset=\"https:\/\/havamall.vn\/wp-content\/uploads\/2021\/07\/frce-300x225.png 300w, https:\/\/havamall.vn\/wp-content\/uploads\/2021\/07\/frce-430x323.png 430w, https:\/\/havamall.vn\/wp-content\/uploads\/2021\/07\/frce-150x113.png 150w, https:\/\/havamall.vn\/wp-content\/uploads\/2021\/07\/frce-700x525.png 700w, https:\/\/havamall.vn\/wp-content\/uploads\/2021\/07\/frce-768x576.png 768w, https:\/\/havamall.vn\/wp-content\/uploads\/2021\/07\/frce-1024x768.png 1024w, https:\/\/havamall.vn\/wp-content\/uploads\/2021\/07\/frce-1200x900.png 1200w, https:\/\/havamall.vn\/wp-content\/uploads\/2021\/07\/frce-600x450.png 600w\" sizes=\"(max-width: 808px) 100vw, 808px\" \/><\/p>\n<p>Cheddar c\u0169ng c\u00f3 th\u1ec3 \u0111\u01b0\u1ee3c d\u00f9ng l\u00e0m nguy\u00ean li\u1ec7u cho c\u00e1c m\u00f3n b\u00e1nh m\u1eb7n nh\u01b0 b\u00e1nh quy, muffin m\u1eb7n, tart m\u1eb7n, ho\u1eb7c b\u00e1nh m\u00ec n\u01b0\u1edbng \u0111\u1ec3 \u0103n s\u00e1ng,\u2026 \u0110\u1ec3 h\u01b0\u01a1ng v\u1ecb c\u1ee7a lo\u1ea1i\u00a0ph\u00f4 mai\u00a0n\u00e0y \u0111\u01b0\u1ee3c nguy\u00ean v\u1eb9n nh\u1ea5t, b\u1ea1n n\u00ean mua nguy\u00ean mi\u1ebfng l\u1edbn v\u1ec1, sau \u0111\u00f3 khi s\u1eed d\u1ee5ng th\u00ec c\u00f3 th\u1ec3 d\u00f9ng dao s\u1eafc v\u00e0 c\u1eaft theo nhu c\u1ea7u. Nh\u01b0 v\u1eady th\u00ec h\u01b0\u01a1ng v\u1ecb nguy\u00ean th\u1ee7y c\u1ee7a Cheddar s\u1ebd kh\u00f4ng b\u1ecb \u1ea3nh h\u01b0\u1edfng qua qu\u00e1 tr\u00ecnh b\u1ea3o qu\u1ea3n.<\/p>\n<p><img decoding=\"async\" class=\"wp-image-26011 aligncenter\" src=\"https:\/\/havamall.vn\/wp-content\/uploads\/2022\/03\/185080220_4222651444446382_56792660083097810_n-300x300.png\" alt=\"\" width=\"809\" height=\"810\" srcset=\"https:\/\/havamall.vn\/wp-content\/uploads\/2022\/03\/185080220_4222651444446382_56792660083097810_n-300x300.png 300w, https:\/\/havamall.vn\/wp-content\/uploads\/2022\/03\/185080220_4222651444446382_56792660083097810_n-430x430.png 430w, https:\/\/havamall.vn\/wp-content\/uploads\/2022\/03\/185080220_4222651444446382_56792660083097810_n-150x150.png 150w, https:\/\/havamall.vn\/wp-content\/uploads\/2022\/03\/185080220_4222651444446382_56792660083097810_n-700x700.png 700w, https:\/\/havamall.vn\/wp-content\/uploads\/2022\/03\/185080220_4222651444446382_56792660083097810_n-768x768.png 768w, https:\/\/havamall.vn\/wp-content\/uploads\/2022\/03\/185080220_4222651444446382_56792660083097810_n-1024x1024.png 1024w, https:\/\/havamall.vn\/wp-content\/uploads\/2022\/03\/185080220_4222651444446382_56792660083097810_n-1200x1200.png 1200w, https:\/\/havamall.vn\/wp-content\/uploads\/2022\/03\/185080220_4222651444446382_56792660083097810_n-600x600.png 600w, https:\/\/havamall.vn\/wp-content\/uploads\/2022\/03\/185080220_4222651444446382_56792660083097810_n-100x100.png 100w, https:\/\/havamall.vn\/wp-content\/uploads\/2022\/03\/185080220_4222651444446382_56792660083097810_n.png 1600w\" sizes=\"(max-width: 809px) 100vw, 809px\" \/><\/p>\n<h4><strong>C\u00e1ch s\u1eed d\u1ee5ng:<\/strong><\/h4>\n<p>\u2013 Ph\u00f4 mai cheddar th\u01b0\u1eddng xuy\u00ean \u0111\u01b0\u1ee3c s\u1eed d\u1ee5ng v\u00e0o vi\u1ec7c ch\u1ebf bi\u1ebfn c\u00e1c m\u00f3n b\u00e1nh.<\/p>\n<p>\u2013 Cheddar cheese c\u00f3 th\u1ec3 \u0103n tr\u1ef1c ti\u1ebfp b\u1eb1ng c\u00e1ch c\u1eaft th\u00e0nh t\u1eebng l\u00e1t ph\u00f4 mai m\u1ecfng r\u1ed3i d\u00f9ng k\u00e8m burger, b\u00e1nh m\u00ec sandwich,\u2026<\/p>\n<p>\u2013 L\u00e0 nguy\u00ean li\u1ec7u ch\u1ebf bi\u1ebfn m\u00f3n b\u00e1nh pizza l\u1eebng danh hay pasta n\u01b0\u1edbng. B\u1ea1n \u00a0c\u0169ng c\u00f3 th\u1ec3 d\u00f9ng cheddar cheese v\u1edbi rissotto v\u00e0 casserole\u2026<\/p>\n<p><img loading=\"lazy\" decoding=\"async\" class=\"aligncenter\" src=\"https:\/\/havamall.vn\/wp-content\/uploads\/2021\/07\/200623110902-cheddar-cubes-full-169.jpg\" alt=\"How cheddar cheese took over the world | CNN Travel\" width=\"827\" height=\"465\" \/><\/p>","protected":false},"excerpt":{"rendered":"<p>Bottega Zelachi t\u1ef1 h\u00e0o l\u00e0 th\u01b0\u01a1ng hi\u1ec7u mang \u0111\u1ebfn c\u00e1c s\u1ea3n ph\u1ea9m t\u1ed1t nh\u1ea5t cho ng\u00e0nh \u1ea9m th\u1ef1c. Nh\u1eefng lo\u1ea1i<\/p>","protected":false},"featured_media":26012,"comment_status":"open","ping_status":"closed","template":"","meta":[],"product_brand":[],"product_cat":[275,36],"product_tag":[],"class_list":{"0":"post-26007","1":"product","2":"type-product","3":"status-publish","4":"has-post-thumbnail","6":"product_cat-thuc-pham-dong-lanh","7":"product_cat-thuc-pham-tieu-dung","9":"first","10":"outofstock","11":"sale","12":"shipping-taxable","13":"purchasable","14":"product-type-simple"},"_links":{"self":[{"href":"https:\/\/havamall.vn\/en\/wp-json\/wp\/v2\/product\/26007"}],"collection":[{"href":"https:\/\/havamall.vn\/en\/wp-json\/wp\/v2\/product"}],"about":[{"href":"https:\/\/havamall.vn\/en\/wp-json\/wp\/v2\/types\/product"}],"replies":[{"embeddable":true,"href":"https:\/\/havamall.vn\/en\/wp-json\/wp\/v2\/comments?post=26007"}],"version-history":[{"count":0,"href":"https:\/\/havamall.vn\/en\/wp-json\/wp\/v2\/product\/26007\/revisions"}],"wp:featuredmedia":[{"embeddable":true,"href":"https:\/\/havamall.vn\/en\/wp-json\/wp\/v2\/media\/26012"}],"wp:attachment":[{"href":"https:\/\/havamall.vn\/en\/wp-json\/wp\/v2\/media?parent=26007"}],"wp:term":[{"taxonomy":"product_brand","embeddable":true,"href":"https:\/\/havamall.vn\/en\/wp-json\/wp\/v2\/product_brand?post=26007"},{"taxonomy":"product_cat","embeddable":true,"href":"https:\/\/havamall.vn\/en\/wp-json\/wp\/v2\/product_cat?post=26007"},{"taxonomy":"product_tag","embeddable":true,"href":"https:\/\/havamall.vn\/en\/wp-json\/wp\/v2\/product_tag?post=26007"}],"curies":[{"name":"wp","href":"https:\/\/api.w.org\/{rel}","templated":true}]}}