{"id":25994,"date":"2022-03-25T11:38:28","date_gmt":"2022-03-25T04:38:28","guid":{"rendered":"https:\/\/havamall.vn\/?post_type=product&#038;p=25994"},"modified":"2023-01-09T15:35:24","modified_gmt":"2023-01-09T08:35:24","slug":"pho-mai-brie-paysan-breton-125gr-brie-cheese","status":"publish","type":"product","link":"https:\/\/havamall.vn\/en\/shop\/pho-mai-brie-paysan-breton-125gr-brie-cheese\/","title":{"rendered":"Ph\u00f4 Mai Brie Paysan Breton 125gr &#8211; Brie Cheese"},"content":{"rendered":"<h3><strong>TH\u00d4NG TIN S\u1ea2N PH\u1ea8M<\/strong><\/h3>\n<table>\n<tbody>\n<tr>\n<td>Th\u01b0\u01a1ng hi\u1ec7u<\/td>\n<td>Paysan Breton<\/td>\n<\/tr>\n<tr>\n<td>Xu\u1ea5t x\u1ee9<\/td>\n<td>Ph\u00e1p<\/td>\n<\/tr>\n<tr>\n<td>Th\u00e0nh ph\u1ea7n<\/td>\n<td>S\u1eefa b\u00f2 thanh tr\u00f9ng, mu\u1ed1i, men lactic, ph\u00f4 mai \u0111\u00e3 qua x\u1eed l\u00fd nhi\u1ec7t,&#8230;<\/td>\n<\/tr>\n<tr>\n<td>H\u1ea1n s\u1eed d\u1ee5ng<\/td>\n<td>14 th\u00e1ng k\u1ec3 t\u1eeb ng\u00e0y s\u1ea3n xu\u1ea5t.<\/td>\n<\/tr>\n<tr>\n<td>B\u1ea3o qu\u1ea3n<\/td>\n<td>B\u1ea3o qu\u1ea3n \u1edf nhi\u1ec7t \u0111\u1ed9 0 \u2013 8 \u0111\u1ed9 C<\/td>\n<\/tr>\n<tr>\n<td>Kh\u1ed1i l\u01b0\u1ee3ng t\u1ecbnh<\/td>\n<td>125gr<\/td>\n<\/tr>\n<\/tbody>\n<\/table>\n<p>Paysan Breton \u2013 L\u00e0 th\u01b0\u01a1ng hi\u1ec7u n\u1ed5i ti\u1ebfng l\u00e2u \u0111\u1eddi c\u1ee7a v\u00f9ng Brittany n\u01b0\u1edbc Ph\u00e1p v\u1edbi s\u1ea3n ph\u1ea9m \u0111a d\u1ea1ng. T\u1ef1 h\u00e0o v\u1ec1 ngu\u1ed3n g\u1ed1c v\u00e0 di s\u1ea3n k\u1ebf th\u1eeba, th\u01b0\u01a1ng hi\u1ec7u cung c\u1ea5p nh\u1eefng s\u1ea3n ph\u1ea9m t\u1eeb s\u1eefa v\u1edbi ch\u1ea5t l\u01b0\u1ee3ng tuy\u1ec7t h\u1ea3o. Gi\u00e1 tr\u1ecb s\u1ea3n ph\u1ea9m c\u00f3 \u0111\u01b0\u1ee3c t\u1eeb nguy\u00ean li\u1ec7u s\u1eefa thu t\u1eeb c\u00e1c n\u00f4ng tr\u1ea1i trong h\u1ec7 th\u1ed1ng. K\u1ebf \u0111\u1ebfn l\u00e0 c\u00f4ng th\u1ee9c ch\u1ebf bi\u1ebfn v\u00e0 s\u1ef1 tu\u00e2n th\u1ee7 ch\u1eb7t ch\u1ebd quy tr\u00ecnh s\u1ea3n xu\u1ea5t. S\u1ea3n ph\u1ea9m c\u1ee7a Paysan Breton l\u00e0 s\u1ef1 k\u1ebft h\u1ee3p gi\u1eefa s\u1ef1 m\u1ed9c m\u1ea1c v\u00e0 h\u01b0\u01a1ng v\u1ecb thu\u1ea7n khi\u1ebft c\u1ee7a v\u00f9ng Brittany; bao g\u1ed3m s\u1eefa t\u01b0\u01a1i, b\u01a1, c\u00e1c lo\u1ea1i ph\u00f4 mai v\u00e0 b\u00e1nh crepe. V\u1edbi h\u01b0\u01a1ng v\u1ecb th\u01a1m ngon, \u0111\u1ed9 \u0111\u1ea1m cao v\u00e0 b\u1ed5 sung ch\u1ea5t x\u01a1, s\u1eefa t\u01b0\u01a1i Paysan Breton l\u00e0 s\u1ea3n ph\u1ea9m b\u00e1n ch\u1ea1y v\u00e0 \u0111\u01b0\u1ee3c nhi\u1ec1u ng\u01b0\u1eddi ti\u00eau d\u00f9ng t\u00ecm mua.<\/p>\n<p><img fetchpriority=\"high\" decoding=\"async\" class=\"size-full wp-image-25969 aligncenter\" src=\"https:\/\/havamall.vn\/wp-content\/uploads\/2022\/03\/Dairy-small.jpg\" alt=\"\" width=\"900\" height=\"600\" srcset=\"https:\/\/havamall.vn\/wp-content\/uploads\/2022\/03\/Dairy-small.jpg 900w, https:\/\/havamall.vn\/wp-content\/uploads\/2022\/03\/Dairy-small-430x287.jpg 430w, https:\/\/havamall.vn\/wp-content\/uploads\/2022\/03\/Dairy-small-150x100.jpg 150w, https:\/\/havamall.vn\/wp-content\/uploads\/2022\/03\/Dairy-small-700x467.jpg 700w, https:\/\/havamall.vn\/wp-content\/uploads\/2022\/03\/Dairy-small-300x200.jpg 300w, https:\/\/havamall.vn\/wp-content\/uploads\/2022\/03\/Dairy-small-768x512.jpg 768w, https:\/\/havamall.vn\/wp-content\/uploads\/2022\/03\/Dairy-small-600x400.jpg 600w\" sizes=\"(max-width: 900px) 100vw, 900px\" \/><\/p>\n<h3><strong>\u0110\u1eb6C \u0110I\u1ec2M S\u1ea2N PH\u1ea8M<\/strong><\/h3>\n<p>Brie \u0111\u00e3 \u0111\u01b0\u1ee3c g\u1ecdi l\u00e0 \u201cVua pho m\u00e1t\u201d c\u1ee7a Ph\u00e1p \u2013 Le Roi des Fromages \u2013 k\u1ec3 t\u1eeb khi gi\u00e0nh ch\u1ee9c v\u00f4 \u0111\u1ecbch pho m\u00e1t v\u00e0o n\u0103m 1814. Brie l\u00e0 m\u1ed9t lo\u1ea1i pho m\u00e1t kem s\u1eefa b\u00f2 ch\u00edn m\u1ec1m, c\u00f3 nhi\u1ec1u b\u1ecdt, c\u00f3 c\u00f4ng th\u1ee9c t\u1eeb th\u1ebf k\u1ef7 th\u1ee9 8.\u00a0Ph\u00f4 mai Ph\u00e1p n\u1ed5i ti\u1ebfng \u0111\u01b0\u1ee3c \u0111\u1eb7t t\u00ean cho t\u1ec9nh Brie c\u1ee7a Ph\u00e1p.<\/p>\n<p>Brie l\u00e0 m\u1ed9t lo\u1ea1i ph\u00f4 mai \u0111\u01b0\u1ee3c l\u00e0m t\u1eeb s\u1eefa b\u00f2. M\u00f3n \u0103n n\u00e0y c\u00f3 ngu\u1ed3n g\u1ed1c t\u1eeb Ph\u00e1p nh\u01b0ng hi\u1ec7n \u0111\u00e3 tr\u1edf n\u00ean ph\u1ed5 bi\u1ebfn tr\u00ean b\u1ea3n \u0111\u1ed3 \u1ea9m th\u1ef1c to\u00e0n th\u1ebf gi\u1edbi. Ph\u00f4 mai brie c\u00f3 m\u00e0u v\u00e0ng nh\u1ea1t v\u1edbi m\u1ed9t l\u1edbp v\u1ecf tr\u1eafng ng\u00e0 b\u00ean ngo\u00e0i, k\u1ebft c\u1ea5u m\u1ec1m m\u1ecbn v\u00e0 m\u00f9i v\u1ecb \u0111\u1ed9c \u0111\u00e1o, d\u1ecbu nh\u1eb9 k\u1ebft h\u1ee3p c\u00f9ng h\u01b0\u01a1ng th\u01a1m \u0111\u1eb7c tr\u01b0ng. M\u1ecdi ng\u01b0\u1eddi th\u01b0\u1eddng \u0103n k\u00e8m ph\u00f4 mai brie v\u1edbi b\u00e1nh m\u00ec, b\u00e1nh quy gi\u00f2n ho\u1eb7c tr\u00e1i c\u00e2y.<\/p>\n<p><img decoding=\"async\" class=\"wp-image-26001 aligncenter\" src=\"https:\/\/havamall.vn\/wp-content\/uploads\/2022\/03\/BRIE-6-1024x682.jpg\" alt=\"\" width=\"903\" height=\"602\" srcset=\"https:\/\/havamall.vn\/wp-content\/uploads\/2022\/03\/BRIE-6-1024x682.jpg 1024w, https:\/\/havamall.vn\/wp-content\/uploads\/2022\/03\/BRIE-6-430x287.jpg 430w, https:\/\/havamall.vn\/wp-content\/uploads\/2022\/03\/BRIE-6-150x100.jpg 150w, https:\/\/havamall.vn\/wp-content\/uploads\/2022\/03\/BRIE-6-700x467.jpg 700w, https:\/\/havamall.vn\/wp-content\/uploads\/2022\/03\/BRIE-6-300x200.jpg 300w, https:\/\/havamall.vn\/wp-content\/uploads\/2022\/03\/BRIE-6-768x512.jpg 768w, https:\/\/havamall.vn\/wp-content\/uploads\/2022\/03\/BRIE-6-1200x800.jpg 1200w, https:\/\/havamall.vn\/wp-content\/uploads\/2022\/03\/BRIE-6-600x400.jpg 600w, https:\/\/havamall.vn\/wp-content\/uploads\/2022\/03\/BRIE-6.jpg 2000w\" sizes=\"(max-width: 903px) 100vw, 903px\" \/><\/p>\n<p><strong>Ph\u00f4 Mai Brie Paysan Breton<\/strong> l\u00e0 s\u1ea3n ph\u1ea9m c\u1ee7a th\u01b0\u01a1ng hi\u1ec7u Paysan Breton xu\u1ea5t x\u1ee9 t\u1eeb v\u00f9ng Brittany (Ph\u00e1p) v\u00e0o n\u0103m 1969, l\u00e0 s\u1ea3n ph\u1ea9m \u0111\u01b0\u1ee3c s\u1ea3n xu\u1ea5t theo c\u00f4ng th\u1ee9c \u0111\u1eb7c bi\u1ec7t, mang l\u1ea1i h\u01b0\u01a1ng v\u1ecb \u0111\u1eb7c tr\u01b0ng th\u01a1m ngon c\u1ee7a s\u1eefa. Ph\u00f4 mai Brie r\u1ea5t d\u1ec5 \u0103n, nh\u1ea5t l\u00e0 \u0111\u1ed1i v\u1edbi tr\u1ebb nh\u1ecf, gi\u00fap k\u00edch th\u00edch v\u1ecb gi\u00e1c c\u1ee7a tr\u1ebb nh\u1ecf. H\u01b0\u01a1ng v\u1ecb c\u1ee7a n\u00f3 thay \u0111\u1ed5i t\u00f9y thu\u1ed9c v\u00e0o c\u00e1c th\u00e0nh ph\u1ea7n \u0111\u01b0\u1ee3c th\u00eam v\u00e0o trong khi s\u1ea3n xu\u1ea5t pho m\u00e1t.\u00a0Ph\u00f4 Mai Brie mang l\u1ea1i h\u01b0\u01a1ng v\u1ecb \u0111\u1eb7c tr\u01b0ng th\u01a1m ngon c\u1ee7a s\u1eefa, r\u1ea5t d\u1ec5 \u0103n, nh\u1ea5t l\u00e0 \u0111\u1ed1i v\u1edbi tr\u1ebb nh\u1ecf, gi\u00fap k\u00edch th\u00edch v\u1ecb gi\u00e1c c\u1ee7a tr\u1ebb nh\u1ecf.<\/p>\n<p>Ph\u1ea7n b\u00ean trong c\u1ee7a ph\u00f4 mai Brie Paysan Breton c\u00f3 m\u00e0u r\u01a1m nh\u1ea1t, trong khi ph\u1ea7n v\u1ecf \u0103n \u0111\u01b0\u1ee3c c\u1ee7a n\u00f3 c\u00f3 m\u00e0u tr\u1eafng \u0111\u1ee5c nh\u1edd \u0111\u01b0\u1ee3c phun l\u00ean b\u1edfi penicillium candidum.\u00a0Ph\u01b0\u01a1ng ph\u00e1p x\u1eed l\u00fd n\u00e0y \u0111\u01b0\u1ee3c \u00e1p d\u1ee5ng cho l\u1edbp v\u1ecf trong qu\u00e1 tr\u00ecnh gi\u00e0 s\u1ebd b\u1ea3o v\u1ec7 pho m\u00e1t non kh\u1ecfi vi khu\u1ea9n v\u00e0 n\u1ea5m m\u1ed1c c\u00f3 h\u1ea1i.\u00a0Brie c\u00f3 v\u1ecb kem nh\u1eb9 nh\u00e0ng, ho\u00e0n h\u1ea3o cho nh\u1eefng ai kh\u00f4ng th\u00edch ph\u00f4 mai c\u00f3 h\u01b0\u01a1ng v\u1ecb m\u1ea1nh.\u00a0Ph\u00f4 mai Ph\u00e1p \u0111i\u1ec3n h\u00ecnh n\u00e0y th\u01b0\u1eddng \u0111\u01b0\u1ee3c ph\u1ee5c v\u1ee5 \u1edf nhi\u1ec7t \u0111\u1ed9 ph\u00f2ng v\u00e0 l\u00e0 s\u1ef1 b\u1ed5 sung ho\u00e0n h\u1ea3o cho tr\u00e1i c\u00e2y, r\u01b0\u1ee3u vang v\u00e0 b\u00e1nh m\u00ec Ph\u00e1p gi\u00f2n.<\/p>\n<p><img decoding=\"async\" class=\"wp-image-26002 aligncenter\" src=\"https:\/\/havamall.vn\/wp-content\/uploads\/2022\/03\/BRIE-8.jpg\" alt=\"\" width=\"900\" height=\"600\" srcset=\"https:\/\/havamall.vn\/wp-content\/uploads\/2022\/03\/BRIE-8.jpg 1000w, https:\/\/havamall.vn\/wp-content\/uploads\/2022\/03\/BRIE-8-430x287.jpg 430w, https:\/\/havamall.vn\/wp-content\/uploads\/2022\/03\/BRIE-8-150x100.jpg 150w, https:\/\/havamall.vn\/wp-content\/uploads\/2022\/03\/BRIE-8-700x467.jpg 700w, https:\/\/havamall.vn\/wp-content\/uploads\/2022\/03\/BRIE-8-300x200.jpg 300w, https:\/\/havamall.vn\/wp-content\/uploads\/2022\/03\/BRIE-8-768x512.jpg 768w, https:\/\/havamall.vn\/wp-content\/uploads\/2022\/03\/BRIE-8-600x400.jpg 600w\" sizes=\"(max-width: 900px) 100vw, 900px\" \/><\/p>\n<h3><strong>C\u00d4NG D\u1ee4NG S\u1ea2N PH\u1ea8M<\/strong><\/h3>\n<ul>\n<li>Cung c\u1ea5p vitamin v\u00e0 kho\u00e1ng ch\u1ea5t cho c\u01a1 th\u1ec3<\/li>\n<li>Gi\u00fap tr\u1ebb ph\u00e1t tri\u1ec3n kh\u1ecfe m\u1ea1nh<\/li>\n<li>H\u01b0\u01a1ng v\u1ecb th\u01a1m ngon, h\u1ea5p d\u1eabn<\/li>\n<li>L\u00e0 ngu\u1ed3n cung c\u1ea5p vitamin A v\u00e0 D r\u1ea5t phong ph\u00fa.<\/li>\n<\/ul>\n<p><img loading=\"lazy\" decoding=\"async\" class=\"wp-image-26003 aligncenter\" src=\"https:\/\/havamall.vn\/wp-content\/uploads\/2022\/03\/BRIE-7-1-1024x576.jpg\" alt=\"\" width=\"900\" height=\"506\" srcset=\"https:\/\/havamall.vn\/wp-content\/uploads\/2022\/03\/BRIE-7-1-1024x576.jpg 1024w, https:\/\/havamall.vn\/wp-content\/uploads\/2022\/03\/BRIE-7-1-430x242.jpg 430w, https:\/\/havamall.vn\/wp-content\/uploads\/2022\/03\/BRIE-7-1-150x84.jpg 150w, https:\/\/havamall.vn\/wp-content\/uploads\/2022\/03\/BRIE-7-1-700x394.jpg 700w, https:\/\/havamall.vn\/wp-content\/uploads\/2022\/03\/BRIE-7-1-300x169.jpg 300w, https:\/\/havamall.vn\/wp-content\/uploads\/2022\/03\/BRIE-7-1-768x432.jpg 768w, https:\/\/havamall.vn\/wp-content\/uploads\/2022\/03\/BRIE-7-1-600x338.jpg 600w, https:\/\/havamall.vn\/wp-content\/uploads\/2022\/03\/BRIE-7-1.jpg 1152w\" sizes=\"(max-width: 900px) 100vw, 900px\" \/><\/p>\n<h3><strong>H\u01af\u1edaNG D\u1eaaN S\u1eec D\u1ee4NG<\/strong><\/h3>\n<p class=\"article-body__paragraph mc-mb-6\">Brie c\u00f3 th\u1ec3 \u0111\u01b0\u1ee3c \u0103n theo nhi\u1ec1u c\u00e1ch kh\u00e1c nhau v\u00e0 \u0111\u01b0\u1ee3c s\u1eed d\u1ee5ng trong nhi\u1ec1u c\u00f4ng th\u1ee9c n\u1ea5u \u0103n kh\u00e1c nhau, t\u1eeb m\u00f3n khai v\u1ecb \u0111\u1ebfn m\u00f3n tr\u00e1ng mi\u1ec7ng:<\/p>\n<p>&gt; L\u00e0 m\u1ed9t ph\u1ea7n nh\u1ecf khi \u0103n k\u00e8m c\u00f9ng nhi\u1ec1u lo\u1ea1i ph\u00f4 m\u00e1t kh\u00e1c: Brie th\u01b0\u1eddng \u0111\u01b0\u1ee3c ph\u1ee5c v\u1ee5 d\u01b0\u1edbi d\u1ea1ng n\u00eam nh\u1ecf tr\u00ean c\u00e1c t\u1ea5m pho m\u00e1t, th\u01b0\u1eddng \u0111i k\u00e8m v\u1edbi c\u00e1c lo\u1ea1i pho m\u00e1t kh\u00e1c, tr\u00e1i c\u00e2y c\u00e1c lo\u1ea1i, m\u1ed9t ly pinot noir v\u00e0 m\u1ed9t con dao pho m\u00e1t.<\/p>\n<p>&gt; \u0102n k\u00e8m v\u1edbi b\u00e1nh m\u00ec: Do k\u1ebft c\u1ea5u kem c\u1ee7a n\u00f3, brie r\u1ea5t d\u1ec5 t\u00e1n v\u00e0 l\u00e0 m\u1ed9t l\u1ef1a ch\u1ecdn tuy\u1ec7t v\u1eddi \u0111\u1ec3 \u0103n c\u00f9ng v\u1edbi nh\u1eefng l\u00e1t b\u00e1nh m\u00ec.<\/p>\n<p>&gt; N\u01b0\u1edbng: Brie n\u01b0\u1edbng \u0111\u01b0\u1ee3c l\u00e0m b\u1eb1ng c\u00e1ch g\u00f3i m\u1ed9t b\u00e1nh Brie trong b\u00e1nh ph\u1ed3ng v\u00e0 cho v\u00e0o l\u00f2 n\u01b0\u1edbng.\u00a0M\u00f3n n\u00e0y c\u00f3 th\u1ec3 \u0111\u01b0\u1ee3c l\u00e0m m\u1eb7n b\u1eb1ng c\u00e1ch cho prosciutto v\u00e0o b\u00e1nh ng\u1ecdt ho\u1eb7c ng\u1ecdt b\u1eb1ng c\u00e1ch cho nam vi\u1ec7t qu\u1ea5t ho\u1eb7c h\u1ed3 \u0111\u00e0o.<\/p>\n<p>&gt; \u0102n k\u00e8m b\u00e1nh m\u00ec k\u1eb9p th\u1ecbt:\u00a0\u0110\u1eb7c bi\u1ec7t \u1edf ch\u00e2u \u00c2u, brie l\u00e0 m\u1ed9t m\u00f3n \u0103n b\u1ed5 sung ph\u1ed5 bi\u1ebfn cho b\u00e1nh m\u00ec k\u1eb9p th\u1ecbt ngu\u1ed9i ho\u1eb7c g\u00e0 t\u00e2y.<\/p>\n<p style=\"text-align: center\"><img loading=\"lazy\" decoding=\"async\" class=\"alignnone wp-image-26004\" src=\"https:\/\/havamall.vn\/wp-content\/uploads\/2022\/03\/BRIE-9-1024x574.jpg\" alt=\"\" width=\"903\" height=\"506\" srcset=\"https:\/\/havamall.vn\/wp-content\/uploads\/2022\/03\/BRIE-9-1024x574.jpg 1024w, https:\/\/havamall.vn\/wp-content\/uploads\/2022\/03\/BRIE-9-430x241.jpg 430w, https:\/\/havamall.vn\/wp-content\/uploads\/2022\/03\/BRIE-9-150x84.jpg 150w, https:\/\/havamall.vn\/wp-content\/uploads\/2022\/03\/BRIE-9-700x392.jpg 700w, https:\/\/havamall.vn\/wp-content\/uploads\/2022\/03\/BRIE-9-300x168.jpg 300w, https:\/\/havamall.vn\/wp-content\/uploads\/2022\/03\/BRIE-9-768x431.jpg 768w, https:\/\/havamall.vn\/wp-content\/uploads\/2022\/03\/BRIE-9-1200x673.jpg 1200w, https:\/\/havamall.vn\/wp-content\/uploads\/2022\/03\/BRIE-9-600x336.jpg 600w, https:\/\/havamall.vn\/wp-content\/uploads\/2022\/03\/BRIE-9.jpg 1500w\" sizes=\"(max-width: 903px) 100vw, 903px\" \/><\/p>","protected":false},"excerpt":{"rendered":"<p>&#8211; Brie l\u00e0 m\u1ed9t lo\u1ea1i ph\u00f4 mai gi\u00e0u ch\u1ea5t b\u00e9o, gi\u00e0u ch\u1ea5t dinh d\u01b0\u1ee1ng. M\u00f3n \u0103n n\u00e0y c\u00f2n cung c\u1ea5p th\u00eam protein c\u0169ng nh\u01b0 m\u1ed9t s\u1ed1 vitamin v\u00e0 kho\u00e1ng ch\u1ea5t.\u00a0Ngo\u00e0i ra, ph\u00f4 mai ch\u1ee9a men vi sinh, r\u1ea5t c\u00f3 l\u1ee3i cho \u0111\u01b0\u1eddng ti\u00eau h\u00f3a, gi\u00fap b\u00e9 h\u1ea5p thu th\u1ee9c \u0103n t\u1ed1t h\u01a1n v\u00e0 c\u1ea3i thi\u1ec7n s\u1ee9c kh\u1ecfe.<\/p>\n<p>&#8211;\u00a0Brie Paysan Breton\u00a0c\u00f3 th\u1ec3 d\u00f9ng tr\u1ef1c ti\u1ebfp ho\u1eb7c ch\u1ebf bi\u1ebfn th\u00e0nh c\u00e1c m\u00f3n \u0103n t\u00f9y \u00fd. Th\u00edch h\u1ee3p nh\u1ea5t v\u1edbi \u0111\u1ed3 mu\u1ed1i chua m\u1eb7n ng\u1ecdt, ho\u1eb7c m\u1ee9t chutney (l\u00e0 lo\u1ea1i m\u1ee9t m\u1eb7n, n\u1ea5u b\u1eb1ng tr\u00e1i c\u00e2y ng\u1ecdt k\u00e8m v\u1edbi h\u00e0nh, gia v\u1ecb, ph\u00f4 mai\u2026 theo ki\u1ec3u Nam \u00c1).<\/p>\n<p>&#8211; Nh\u1eadp kh\u1ea9u tr\u1ef1c ti\u1ebfp t\u1eeb Ph\u00e1p<\/p>\n<p>&#8211; Mang nhi\u1ec1u ch\u1ea5t dinh d\u01b0\u1ee1ng t\u1ed1t cho s\u1ee9c kh\u1ecfe.<\/p>\n<p>&nbsp;<\/p>","protected":false},"featured_media":26005,"comment_status":"open","ping_status":"closed","template":"","meta":[],"product_brand":[],"product_cat":[275,36,135],"product_tag":[],"class_list":{"0":"post-25994","1":"product","2":"type-product","3":"status-publish","4":"has-post-thumbnail","6":"product_cat-thuc-pham-dong-lanh","7":"product_cat-thuc-pham-tieu-dung","8":"product_cat-sua-do-uong","10":"first","11":"instock","12":"sale","13":"shipping-taxable","14":"purchasable","15":"product-type-simple"},"_links":{"self":[{"href":"https:\/\/havamall.vn\/en\/wp-json\/wp\/v2\/product\/25994"}],"collection":[{"href":"https:\/\/havamall.vn\/en\/wp-json\/wp\/v2\/product"}],"about":[{"href":"https:\/\/havamall.vn\/en\/wp-json\/wp\/v2\/types\/product"}],"replies":[{"embeddable":true,"href":"https:\/\/havamall.vn\/en\/wp-json\/wp\/v2\/comments?post=25994"}],"version-history":[{"count":0,"href":"https:\/\/havamall.vn\/en\/wp-json\/wp\/v2\/product\/25994\/revisions"}],"wp:featuredmedia":[{"embeddable":true,"href":"https:\/\/havamall.vn\/en\/wp-json\/wp\/v2\/media\/26005"}],"wp:attachment":[{"href":"https:\/\/havamall.vn\/en\/wp-json\/wp\/v2\/media?parent=25994"}],"wp:term":[{"taxonomy":"product_brand","embeddable":true,"href":"https:\/\/havamall.vn\/en\/wp-json\/wp\/v2\/product_brand?post=25994"},{"taxonomy":"product_cat","embeddable":true,"href":"https:\/\/havamall.vn\/en\/wp-json\/wp\/v2\/product_cat?post=25994"},{"taxonomy":"product_tag","embeddable":true,"href":"https:\/\/havamall.vn\/en\/wp-json\/wp\/v2\/product_tag?post=25994"}],"curies":[{"name":"wp","href":"https:\/\/api.w.org\/{rel}","templated":true}]}}