{"id":25993,"date":"2022-03-25T11:34:15","date_gmt":"2022-03-25T04:34:15","guid":{"rendered":"https:\/\/havamall.vn\/?post_type=product&#038;p=25993"},"modified":"2022-03-29T09:07:33","modified_gmt":"2022-03-29T02:07:33","slug":"pho-mai-edam-bottega-zelachi-100g-edam-cheese","status":"publish","type":"product","link":"https:\/\/havamall.vn\/en\/shop\/pho-mai-edam-bottega-zelachi-100g-edam-cheese\/","title":{"rendered":"Ph\u00f4 Mai Edam Bottega Zelachi 100g &#8211; Edam Cheese"},"content":{"rendered":"<p><span style=\"font-weight: 400\">Ph\u00f4 mai Edam Bottega Zelachi v<\/span>\u1edbi h\u00ecnh d\u1ea1ng t\u1ef1a nh\u01b0 m\u1ed9t tr\u00e1i t\u00e1o ch\u00edn m\u1ecdng, ph\u00f4 mai Edam Bottega Zelachi c\u00f3 l\u1edbp v\u1ecf \u0111\u1ecf (s\u00e1p n\u1ebfn) bao b\u1ecdc b\u00ean ngo\u00e0i \u0111\u1ec3 b\u1ea3o v\u1ec7 ph\u1ea7n ph\u00f4 mai v\u00e0ng nh\u1ea1t ph\u00eda trong, ph\u1ea3ng ph\u1ea5t m\u00f9i s\u1eefa th\u01a1m, v\u1ecb m\u1eb1n m\u1eb7n d\u1ec5 ch\u1ecbu v\u00e0 h\u01a1i chua. Edam kh\u00f4ng qu\u00e1 c\u1ee9ng, k\u1ec3 c\u1ea3 khi \u0111\u00e3 \u201cgi\u00e0\u201d, ph\u00f4 mai v\u1eabn c\u00f3 th\u1ec3 c\u1eaft g\u1ecdt m\u1ed9t c\u00e1ch d\u1ec5 d\u00e0ng.<\/p>\n<p>Kh\u00f4ng nh\u01b0 c\u00e1c lo\u1ea1i ph\u00f4 mai \u1ee7 c\u00f4ng nghi\u1ec7p, Edam Bottega Zelachi t\u1ecfa s\u00e1ng nh\u1edd \u0111\u01b0\u1ee3c s\u1ea3n xu\u1ea5t theo ph\u01b0\u01a1ng ph\u00e1p truy\u1ec1n th\u1ed1ng, m\u1ecdi v\u1ecb ngon tinh t\u00fay \u0111\u01b0\u1ee3c gi\u1eef l\u1ea1i nguy\u00ean v\u1eb9n trong su\u1ed1t qu\u00e1 tr\u00ecnh \u1ee7, ph\u00f4 mai kh\u00f4 r\u00e1o nh\u01b0ng v\u1eabn c\u00f3 \u0111\u1ed9 \u1ea9m v\u00e0 \u0111\u1ed9 b\u00e9o ho\u00e0n h\u1ea3o.<\/p>\n<p><img fetchpriority=\"high\" decoding=\"async\" class=\"wp-image-25995 aligncenter\" src=\"https:\/\/havamall.vn\/wp-content\/uploads\/2022\/03\/Edam-300x114.png\" alt=\"\" width=\"780\" height=\"296\" srcset=\"https:\/\/havamall.vn\/wp-content\/uploads\/2022\/03\/Edam-300x114.png 300w, https:\/\/havamall.vn\/wp-content\/uploads\/2022\/03\/Edam-430x164.png 430w, https:\/\/havamall.vn\/wp-content\/uploads\/2022\/03\/Edam-150x57.png 150w, https:\/\/havamall.vn\/wp-content\/uploads\/2022\/03\/Edam-700x267.png 700w, https:\/\/havamall.vn\/wp-content\/uploads\/2022\/03\/Edam-1024x390.png 1024w, https:\/\/havamall.vn\/wp-content\/uploads\/2022\/03\/Edam-600x229.png 600w, https:\/\/havamall.vn\/wp-content\/uploads\/2022\/03\/Edam.png 1600w\" sizes=\"(max-width: 780px) 100vw, 780px\" \/><\/p>\n<p><span style=\"font-weight: 400\">Ph\u00f4 mai Edam Bottega Zelachi 100g c\u00f3 h\u01b0\u01a1ng v\u1ecb kh\u00e1 d\u1ec5 ch\u1ecbu, kh\u00f4ng qu\u00e1 m\u1eb7n nh\u01b0ng c\u0169ng kh\u00f4ng qu\u00e1 nh\u1ea1t nh\u1ebdo. M\u1ed9t trong nh\u1eefng \u0111\u1eb7c \u0111i\u1ec3m n\u1ed5i b\u1eadt c\u1ee7a\u00a0ph\u00f4 mai Edam Bottega Zelachi 100g n\u1eefa l\u00e0 ch\u00fang g\u1ea7n nh\u01b0 kh\u00f4ng c\u00f3 m\u00f9i, \u0111i\u1ec1u n\u00e0y s\u1ebd khi\u1ebfn nh\u1eefng b\u1ea1n th\u00edch h\u01b0\u01a1ng v\u1ecb b\u00e9o ng\u1eady c\u1ee7a ph\u00f4 mai nh\u01b0ng kh\u00f4ng th\u00edch m\u00f9i chua \u0111\u1eb7c tr\u01b0ng c\u1ee7a ch\u00fang ho\u00e0n to\u00e0n c\u00f3 th\u1ec3 y\u00ean t\u00e2m l\u1ef1a ch\u1ecdn. <\/span><\/p>\n<p><span style=\"font-weight: 400\">Theo s\u1ed1 li\u1ec7u \u0111\u01b0\u1ee3c nghi\u00ean c\u1ee9u, c\u1ee9 100 gram ph\u00f4 mai Edam s\u1ebd t\u01b0\u01a1ng \u0111\u01b0\u01a1ng v\u1edbi 3 ly s\u1eefa ( 200ml ) , \u0111i\u1ec1u n\u00e0y c\u00f3 ngh\u0129a l\u00e0 Edam cheese ch\u1ee9a m\u1ed9t h\u00e0m l\u01b0\u1ee3ng dinh d\u01b0\u1ee1ng c\u1ef1c k\u00ec l\u1edbn. C\u00f3 th\u1ec3 n\u00f3i , ngo\u00e0i h\u01b0\u01a1ng v\u1ecb th\u01a1m ngon, \u0111\u00e2y c\u00f2n l\u00e0 lo\u1ea1i ph\u00f4 mai c\u00f3 l\u1ee3i cho s\u1ee9c kh\u1ecfe v\u00e0 s\u1ef1 ph\u00e1t tri\u1ec3n h\u1ec7 x\u01b0\u01a1ng, r\u0103ng c\u1ee7a tr\u1ebb. Ch\u00ecnh v\u00ec v\u1eady, Edam cheese l\u00e0 m\u1ed9t lo\u1ea1i ph\u00f4 mai m\u00e0 c\u00e1c gia \u0111\u00ecnh, \u0111\u1eb7c bi\u1ec7t l\u00e0 gia \u0111\u00ecnh c\u00f3 tr\u1ebb nh\u1ecf n\u00ean s\u1eed d\u1ee5ng th\u01b0\u1eddng xuy\u00ean trong c\u00e1c b\u1eefa \u0103n.<\/span><\/p>\n<p><img decoding=\"async\" class=\"wp-image-25996 aligncenter\" src=\"https:\/\/havamall.vn\/wp-content\/uploads\/2022\/03\/223316522-300x243.png\" alt=\"\" width=\"783\" height=\"633\" srcset=\"https:\/\/havamall.vn\/wp-content\/uploads\/2022\/03\/223316522-300x243.png 300w, https:\/\/havamall.vn\/wp-content\/uploads\/2022\/03\/223316522-430x348.png 430w, https:\/\/havamall.vn\/wp-content\/uploads\/2022\/03\/223316522-150x122.png 150w, https:\/\/havamall.vn\/wp-content\/uploads\/2022\/03\/223316522-700x567.png 700w, https:\/\/havamall.vn\/wp-content\/uploads\/2022\/03\/223316522-768x622.png 768w, https:\/\/havamall.vn\/wp-content\/uploads\/2022\/03\/223316522-600x486.png 600w, https:\/\/havamall.vn\/wp-content\/uploads\/2022\/03\/223316522.png 900w\" sizes=\"(max-width: 783px) 100vw, 783px\" \/><\/p>\n<h3><strong>H\u01b0\u1edbng d\u1eabn s\u1eed d\u1ee5ng:<\/strong><\/h3>\n<p><span style=\"font-weight: 400\">&#8211; Khi mua v\u1ec1 \u0111\u1ec3 s\u1eed d\u1ee5ng, b\u1ea1n c\u00f3 th\u1ec3 c\u1eaft kh\u1ed1i Edam cheese ra th\u00e0nh t\u1eebng l\u00e1t m\u1ecfng, sau \u0111\u00f3 l\u1ed9t ph\u1ea7n v\u1ecf s\u00e1p m\u00e0u \u0111\u1ecf ra m\u1ed9t c\u00e1ch d\u1ec5 d\u00e0ng, b\u1ea1n c\u0169ng c\u00f3 th\u1ec3 d\u00f9ng dao l\u1ed9t s\u1ea1ch ph\u1ea7n v\u1ecf s\u00e1p b\u00ean ngo\u00e0i tr\u01b0\u1edbc r\u1ed3i m\u1edbi c\u1eaft l\u00e1t ph\u00f4 mai v\u00e0 s\u1eed d\u1ee5ng.\u00a0 <\/span><\/p>\n<p><span style=\"font-weight: 400\">&#8211; M\u1ed9t l\u01b0u \u00fd c\u1ef1c k\u00ec quan tr\u1ecdng khi s\u1eed d\u1ee5ng Edam cheese l\u00e0 ph\u1ea7n v\u1ecf b\u1ecdc b\u1eb1ng s\u00e1p m\u00e0u \u0111\u1ecf b\u00ean ngo\u00e0i kh\u00f4ng \u0103n \u0111\u01b0\u1ee3c, b\u1ea1n c\u1ea7n ch\u00fa \u00fd \u0111\u1ec3 d\u00f9ng ch\u00fang \u0111\u00fang c\u00e1ch h\u01a1n nh\u00e9.<\/span><\/p>\n<p><img decoding=\"async\" class=\"wp-image-25997 aligncenter\" src=\"https:\/\/havamall.vn\/wp-content\/uploads\/2022\/03\/PeonyLim--300x200.png\" alt=\"\" width=\"788\" height=\"525\" srcset=\"https:\/\/havamall.vn\/wp-content\/uploads\/2022\/03\/PeonyLim--300x200.png 300w, https:\/\/havamall.vn\/wp-content\/uploads\/2022\/03\/PeonyLim--430x286.png 430w, https:\/\/havamall.vn\/wp-content\/uploads\/2022\/03\/PeonyLim--150x100.png 150w, https:\/\/havamall.vn\/wp-content\/uploads\/2022\/03\/PeonyLim--700x466.png 700w, https:\/\/havamall.vn\/wp-content\/uploads\/2022\/03\/PeonyLim--768x512.png 768w, https:\/\/havamall.vn\/wp-content\/uploads\/2022\/03\/PeonyLim--1024x682.png 1024w, https:\/\/havamall.vn\/wp-content\/uploads\/2022\/03\/PeonyLim--1200x800.png 1200w, https:\/\/havamall.vn\/wp-content\/uploads\/2022\/03\/PeonyLim--600x400.png 600w, https:\/\/havamall.vn\/wp-content\/uploads\/2022\/03\/PeonyLim-.png 1600w\" sizes=\"(max-width: 788px) 100vw, 788px\" \/><\/p>\n<h3><strong>Ph\u00f4 mai Edam Bottega Zelachi \u0111\u01b0\u1ee3c s\u1eed d\u1ee5ng khi n\u00e0o?<\/strong><\/h3>\n<p><span style=\"font-weight: 400\">&gt; \u0111\u1eb7c tr\u01b0ng trong h\u01b0\u01a1ng v\u1ecb c\u1ee7a m\u00ecnh n\u00ean ph\u00f4 mai Edam th\u01b0\u1eddng \u0111\u01b0\u1ee3c s\u1eed d\u1ee5ng c\u1ef1c k\u00ec ph\u1ed5 bi\u1ebfn nh\u01b0 m\u1ed9t m\u00f3n khai v\u1ecb trong b\u1eefa \u0103n c\u1ee7a ng\u01b0\u1eddi H\u00e0 Lan. <\/span><\/p>\n<p><span style=\"font-weight: 400\">&gt; Ngo\u00e0i ra, ch\u00fang c\u0169ng l\u00e0 m\u1ed9t th\u00e0nh ph\u1ea7n kh\u00f4ng th\u1ec3 thi\u1ebfu \u0111\u1ec3 c\u00f3 m\u00f3n tr\u00e1ng mi\u1ec7ng th\u01a1m ngon v\u1edbi b\u00e1nh m\u00ec , b\u00e1nh quy ho\u1eb7c m\u1ed9t s\u1ed1 lo\u1ea1i tr\u00e1i c\u00e2y t\u01b0\u01a1i nh\u01b0 t\u00e1o, l\u00ea , d\u01b0a gang , \u0111\u00e0o ,\u2026. C\u00e1c m\u00f3n \u0103n k\u00e8m v\u1edbi Edam cheese \u0111\u1ec1u mang l\u1ea1i m\u1ed9t h\u01b0\u01a1ng v\u1ecb c\u1ef1c k\u1ef3 th\u01a1m ngon v\u00e0 th\u00fa v\u1ecb.<\/span><\/p>\n<p><span style=\"font-weight: 400\">&gt; Edam cheese c\u0169ng \u0111\u01b0\u1ee3c s\u1eed d\u1ee5ng \u0111\u1ec3 l\u00e0m topping cho sandwich, buger ho\u1eb7c th\u00eam v\u00e0o s\u00fap \u0111\u1ec3 t\u0103ng th\u00eam \u0111\u1ed9 th\u01a1m ngon. <\/span><\/p>\n<p><span style=\"font-weight: 400\">&gt; Kh\u00f4ng ch\u1ec9 v\u1eady, m\u1ed9t c\u00e1ch \u0103n Edam cheese kh\u00e1 th\u00fa v\u1ecb ch\u00ednh l\u00e0 t\u1ed5 ch\u1ee9c c\u00e1c b\u1eefa ti\u1ec7c ph\u00f4 mai v\u1edbi r\u01b0\u1ee3u. Ng\u01b0\u1eddi tham gia ti\u1ec7c s\u1ebd nh\u1ea5m nh\u00e1p nh\u1eefng mi\u1ebfng ph\u00f4 mai nh\u1ecf v\u1edbi h\u01b0\u01a1ng v\u1ecb th\u01a1m ngon, sau \u0111\u00f3 u\u1ed1ng m\u1ed9t ng\u1ee5m r\u01b0\u1ee3u \u0111\u1ec3 c\u00f3 \u0111\u01b0\u1ee3c h\u01b0\u01a1ng v\u1ecb ho\u00e0n h\u1ea3o nh\u1ea5t v\u00e0 tr\u1ea3i nghi\u1ec7m c\u1ef1c k\u00ec th\u00fa v\u1ecb.<\/span><\/p>\n<p><img loading=\"lazy\" decoding=\"async\" class=\"wp-image-26000 aligncenter\" src=\"https:\/\/havamall.vn\/wp-content\/uploads\/2022\/03\/Edam-Cheese-Haiti-fromage-Tete-de-Maure-1-1-300x292.png\" alt=\"\" width=\"810\" height=\"788\" srcset=\"https:\/\/havamall.vn\/wp-content\/uploads\/2022\/03\/Edam-Cheese-Haiti-fromage-Tete-de-Maure-1-1-300x292.png 300w, https:\/\/havamall.vn\/wp-content\/uploads\/2022\/03\/Edam-Cheese-Haiti-fromage-Tete-de-Maure-1-1-430x418.png 430w, https:\/\/havamall.vn\/wp-content\/uploads\/2022\/03\/Edam-Cheese-Haiti-fromage-Tete-de-Maure-1-1-150x146.png 150w, https:\/\/havamall.vn\/wp-content\/uploads\/2022\/03\/Edam-Cheese-Haiti-fromage-Tete-de-Maure-1-1-700x680.png 700w, https:\/\/havamall.vn\/wp-content\/uploads\/2022\/03\/Edam-Cheese-Haiti-fromage-Tete-de-Maure-1-1-768x746.png 768w, https:\/\/havamall.vn\/wp-content\/uploads\/2022\/03\/Edam-Cheese-Haiti-fromage-Tete-de-Maure-1-1-1024x995.png 1024w, https:\/\/havamall.vn\/wp-content\/uploads\/2022\/03\/Edam-Cheese-Haiti-fromage-Tete-de-Maure-1-1.png 1200w, https:\/\/havamall.vn\/wp-content\/uploads\/2022\/03\/Edam-Cheese-Haiti-fromage-Tete-de-Maure-1-1-600x583.png 600w\" sizes=\"(max-width: 810px) 100vw, 810px\" \/><\/p>","protected":false},"excerpt":{"rendered":"<p>Ph\u00f4 mai Edam Bottega Zelachi v\u1edbi h\u00ecnh d\u1ea1ng t\u1ef1a nh\u01b0 m\u1ed9t tr\u00e1i t\u00e1o ch\u00edn m\u1ecdng, ph\u00f4 mai Edam Bottega Zelachi<\/p>","protected":false},"featured_media":25999,"comment_status":"open","ping_status":"closed","template":"","meta":[],"product_brand":[],"product_cat":[275,36],"product_tag":[],"class_list":{"0":"post-25993","1":"product","2":"type-product","3":"status-publish","4":"has-post-thumbnail","6":"product_cat-thuc-pham-dong-lanh","7":"product_cat-thuc-pham-tieu-dung","9":"first","10":"outofstock","11":"sale","12":"shipping-taxable","13":"purchasable","14":"product-type-simple"},"_links":{"self":[{"href":"https:\/\/havamall.vn\/en\/wp-json\/wp\/v2\/product\/25993"}],"collection":[{"href":"https:\/\/havamall.vn\/en\/wp-json\/wp\/v2\/product"}],"about":[{"href":"https:\/\/havamall.vn\/en\/wp-json\/wp\/v2\/types\/product"}],"replies":[{"embeddable":true,"href":"https:\/\/havamall.vn\/en\/wp-json\/wp\/v2\/comments?post=25993"}],"version-history":[{"count":0,"href":"https:\/\/havamall.vn\/en\/wp-json\/wp\/v2\/product\/25993\/revisions"}],"wp:featuredmedia":[{"embeddable":true,"href":"https:\/\/havamall.vn\/en\/wp-json\/wp\/v2\/media\/25999"}],"wp:attachment":[{"href":"https:\/\/havamall.vn\/en\/wp-json\/wp\/v2\/media?parent=25993"}],"wp:term":[{"taxonomy":"product_brand","embeddable":true,"href":"https:\/\/havamall.vn\/en\/wp-json\/wp\/v2\/product_brand?post=25993"},{"taxonomy":"product_cat","embeddable":true,"href":"https:\/\/havamall.vn\/en\/wp-json\/wp\/v2\/product_cat?post=25993"},{"taxonomy":"product_tag","embeddable":true,"href":"https:\/\/havamall.vn\/en\/wp-json\/wp\/v2\/product_tag?post=25993"}],"curies":[{"name":"wp","href":"https:\/\/api.w.org\/{rel}","templated":true}]}}