{"id":25981,"date":"2022-03-24T16:59:03","date_gmt":"2022-03-24T09:59:03","guid":{"rendered":"https:\/\/havamall.vn\/?post_type=product&#038;p=25981"},"modified":"2025-10-10T15:42:11","modified_gmt":"2025-10-10T08:42:11","slug":"dau-nanh-long-edamame-500g-frozen-japanese-soybean","status":"publish","type":"product","link":"https:\/\/havamall.vn\/en\/shop\/dau-nanh-long-edamame-500g-frozen-japanese-soybean\/","title":{"rendered":"\u0110\u1eadu N\u00e0nh L\u00f4ng Edamame 500g &#8211; Frozen Japanese Soybean"},"content":{"rendered":"<p>\u00d0\u1eadu n\u00e0nh Nh\u1eadt hay c\u00f2n g\u1ecdi l\u00e0 \u0111\u1eadu n\u00e0nh rau hay \u0111\u1eadu n\u00e0nh l\u00f4ng c\u00f3 ngu\u1ed3n g\u1ed1c t\u1eeb Nh\u1eadt B\u1ea3n, r\u1ea5t ngon v\u00e0 c\u00f3 gi\u00e1 tr\u1ecb dinh d\u01b0\u1ee1ng cao, l\u00e0 lo\u1ea1i th\u1ef1c ph\u1ea9m r\u1ea5t t\u1ed1t cho s\u1ee9c kh\u1ecfe v\u00e0 b\u1ed5 d\u01b0\u1ee1ng v\u00ec h\u00e0m l\u01b0\u1ee3ng c\u1ee7a n\u00f3 gi\u00e0u ch\u1ea5t kho\u00e1ng, vitamin, protein, ch\u1ea5t b\u00e9o, ch\u1ea5t x\u01a1, r\u1ea5t t\u1ed1t cho \u0111\u01b0\u1eddng ru\u1ed9t, l\u00e0m m\u1ecbn da m\u1eb7t v\u00e0 c\u00f2n c\u00f3 t\u00e1c d\u1ee5ng ng\u0103n ng\u1eeba m\u1ed9t s\u1ed1 b\u1ec7nh v\u1ec1 ung th\u01b0.<\/p>\n<p><img fetchpriority=\"high\" decoding=\"async\" class=\"wp-image-24304 aligncenter\" src=\"https:\/\/havamall.com\/wp-content\/uploads\/2025\/10\/buying_edamame_grocery_guide-300x200.jpg\" alt=\"\" width=\"737\" height=\"491\" \/><\/p>\n<p>\u0110\u1eadu n\u00e0nh l\u00f4ng gi\u1ed1ng lo\u1ea1i \u0111\u1eadu n\u00e0nh nh\u01b0 \u1edf Vi\u1ec7t Nam nh\u01b0ng v\u00ec ng\u01b0\u1eddi Nh\u1eadt th\u00edch \u0103n khi c\u00f2n nguy\u00ean tr\u00e1i n\u00ean h\u1ecd \u0111\u00e3 lai t\u1ea1o gi\u1ed1ng \u0111\u1ec3 tr\u00e1i v\u00e0 h\u1ea1t to h\u01a1n, \u0103n c\u00f3 v\u1ecb th\u01a1m h\u01a1n n\u00ean m\u1edbi h\u01a1i kh\u00e1c so v\u1edbi \u0111\u1eadu c\u1ee7a Vi\u1ec7t Nam. C\u00e1i \u0111\u1eb7c bi\u1ec7t c\u1ee7a lo\u1ea1i \u0111\u1eadu n\u00e0nh n\u00e0y l\u00e0 khi thu ho\u1ea1ch tr\u00e1i c\u00f2n t\u01a1 kh\u00f4ng \u0111\u1ec3 gi\u00e0 ch\u00edn v\u00e0 ph\u1ea3i h\u00e1i v\u00e0o l\u00fac s\u00e1ng s\u1edbm \u0111\u1ec3 gi\u1eef cho tr\u00e1i \u0111\u1eadu c\u00f2n t\u01b0\u01a1i xanh sau \u0111\u00f3 s\u1ebd \u0111\u01b0\u1ee3c x\u1eed l\u00fd c\u1ea5p \u0111\u00f4ng \u0111\u1ec3 b\u1ea3o qu\u1ea3n.<\/p>\n<p>S\u1ea3n ph\u1ea9m \u0111\u01b0\u1ee3c s\u01a1 ch\u1ebf v\u00e0 \u0111\u00f3ng g\u00f3i tr\u00ean d\u00e2y chuy\u1ec1n c\u00f4ng ngh\u1ec7 hi\u1ec7n \u0111\u1ea1i. Ngu\u1ed3n \u0111\u1eadu n\u00e0nh t\u01b0\u01a1i \u0111\u00e3 qua ch\u1ecdn l\u1ecdc v\u00e0 ki\u1ec3m tra nghi\u00eam ng\u1eb7t v\u1ec1 ch\u1ea5t l\u01b0\u1ee3ng, kh\u00f4ng ch\u1ee9a ch\u1ea5t k\u00edch th\u00edch t\u0103ng tr\u01b0\u1edfng, t\u1ea1p ch\u1ea5t v\u00e0 ch\u1ea5t b\u1ea3o qu\u1ea3n \u0111\u1ed9c h\u1ea1i, an to\u00e0n cho s\u1ee9c kh\u1ecfe.<\/p>\n<p><img decoding=\"async\" class=\"wp-image-24306 aligncenter\" src=\"https:\/\/havamall.com\/wp-content\/uploads\/2025\/10\/edamam-300x200.png\" alt=\"\" width=\"741\" height=\"495\" \/><\/p>\n<p>\u0110\u1eadu n\u00e0nh l\u00f4ng\u00a0Edamame 500g \u0111\u01b0\u1ee3c s\u1ea3n xu\u1ea5t t\u1ea1i Th\u00e1i Lan tr\u1ea3i qua qu\u00e1 tr\u00ecnh lai \u0111\u00e3 cho ra nh\u1eefng tr\u00e1i \u0111\u1eadu n\u00e0nh to tr\u00f2n th\u01a1m ngon b\u1ed5 d\u01b0\u1ee1ng. \u0110\u1eadu n\u00e0nh l\u00f4ng ch\u1ee9a gi\u00e0u ch\u1ea5t x\u01a1, vitamin, protein, ch\u1ea5t kho\u00e1ng, ch\u1ea5t b\u00e9o t\u1ed1t cho \u0111\u01b0\u1eddng ru\u1ed9t, l\u00e0m m\u1ecbn da m\u1eb7t v\u00e0 ng\u0103n ng\u1eeba m\u1ed9t s\u1ed1 b\u1ec7nh ung th\u01b0.<\/p>\n<p><img decoding=\"async\" class=\"wp-image-25983 aligncenter\" src=\"https:\/\/havamall.com\/wp-content\/uploads\/2025\/10\/edamame-recipe-004-300x200.png\" alt=\"\" width=\"755\" height=\"503\" \/><\/p>\n<h3><strong>H\u01b0\u1edbng d\u1eabn s\u1eed d\u1ee5ng:<\/strong><\/h3>\n<p>&gt; \u0110\u1eadu n\u00e0nh l\u00f4ng \u0111\u00e3 qua s\u01a1 ch\u1ebf ch\u1ec9 c\u1ea7n lu\u1ed9c \u00edt ph\u00fat l\u00e0 b\u1ea1n \u0111\u00e3 c\u00f3 m\u00f3n \u0103n t\u1ed1t cho s\u1ee9c kh\u1ecfe. L\u01b0u \u00fd kh\u00f4ng n\u00ean lu\u1ed9c qu\u00e1 ch\u00edn s\u1ebd l\u00e0m \u0111\u1eadu n\u00e0nh l\u00f4ng chuy\u1ec3n sang m\u00e0u v\u00e0ng v\u00e0 m\u1ea5t h\u00e0m l\u01b0\u1ee3ng l\u1edbn ch\u1ea5t dinh d\u01b0\u1ee1ng c\u00f3 trong \u0111\u1eadu.<\/p>\n<p>&gt; \u0110\u1eadu n\u00e0nh l\u00f4ng c\u00f3 th\u1ec3 \u0103n s\u1ed1ng hay lu\u1ed9c v\u00e0 ch\u1ebf bi\u1ebfn nhi\u1ec1u m\u00f3n kh\u00e1c. Ch\u00fa \u00fd th\u1eddi gian v\u00e0 nhi\u1ec7t \u0111\u1ed9 khi lu\u1ed9c c\u0169ng r\u1ea5t quan tr\u1ecdng, n\u1ebfu \u0111\u1ec3 \u201cqu\u00e1 l\u1eeda\u201d th\u00ec tr\u00e1i \u0111\u1eadu s\u1ebd chuy\u1ec3n sang m\u00e0u v\u00e0ng v\u00e0 h\u00e0m l\u01b0\u1ee3ng ch\u1ea5t kho\u00e1ng, vitamin,&#8230; s\u1ebd gi\u1ea3m \u0111i r\u1ea5t nhi\u1ec1u.<\/p>\n<p><img loading=\"lazy\" decoding=\"async\" class=\"wp-image-24309 aligncenter\" src=\"https:\/\/havamall.com\/wp-content\/uploads\/2025\/10\/edamame-300x200.png\" alt=\"\" width=\"744\" height=\"496\" \/><\/p>\n<h3><strong>\u0110\u1eb7c \u0111i\u1ec3m n\u1ed5i b\u1eadt c\u1ee7a s\u1ea3n ph\u1ea9m:<\/strong><\/h3>\n<p>\u2013 \u0110\u1eadu n\u00e0nh l\u00f4ng\u00a0Edamame 500g \u0111\u01b0\u1ee3c \u0111\u00f3ng g\u00f3i k\u00edn an to\u00e0n h\u1ee3p v\u1ec7 sinh.<\/p>\n<p>\u2013 \u0110\u1eadu n\u00e0nh l\u00f4ng\u00a0Edamame 500g \u0111\u00f4ng l\u1ea1nh ti\u1ec7n d\u1ee5ng.<\/p>\n<p>\u2013 S\u1ea3n ph\u1ea9m \u0111\u01b0\u1ee3c s\u01a1 ch\u1ebf s\u1eb5n, ti\u1ebft ki\u1ec7m nhi\u1ec1u th\u1eddi gian.<\/p>\n<p>\u2013 Th\u00e0nh ph\u1ea7n \u0111\u1eadu n\u00e0nh l\u00f4ng t\u1ef1 nhi\u00ean, kh\u00f4ng h\u00f3a ch\u1ea5t.<\/p>","protected":false},"excerpt":{"rendered":"<p>\u00d0\u1eadu n\u00e0nh Nh\u1eadt hay c\u00f2n g\u1ecdi l\u00e0 \u0111\u1eadu n\u00e0nh rau hay \u0111\u1eadu n\u00e0nh l\u00f4ng c\u00f3 ngu\u1ed3n g\u1ed1c t\u1eeb Nh\u1eadt B\u1ea3n,<\/p>","protected":false},"featured_media":25984,"comment_status":"open","ping_status":"closed","template":"","meta":[],"product_brand":[],"product_cat":[675,275,130,36],"product_tag":[],"class_list":{"0":"post-25981","1":"product","2":"type-product","3":"status-publish","4":"has-post-thumbnail","6":"product_cat-nhap-khau-nhat-ban","7":"product_cat-thuc-pham-dong-lanh","8":"product_cat-khuyen-mai","9":"product_cat-thuc-pham-tieu-dung","11":"first","12":"outofstock","13":"sale","14":"shipping-taxable","15":"purchasable","16":"product-type-simple"},"_links":{"self":[{"href":"https:\/\/havamall.vn\/en\/wp-json\/wp\/v2\/product\/25981"}],"collection":[{"href":"https:\/\/havamall.vn\/en\/wp-json\/wp\/v2\/product"}],"about":[{"href":"https:\/\/havamall.vn\/en\/wp-json\/wp\/v2\/types\/product"}],"replies":[{"embeddable":true,"href":"https:\/\/havamall.vn\/en\/wp-json\/wp\/v2\/comments?post=25981"}],"version-history":[{"count":0,"href":"https:\/\/havamall.vn\/en\/wp-json\/wp\/v2\/product\/25981\/revisions"}],"wp:featuredmedia":[{"embeddable":true,"href":"https:\/\/havamall.vn\/en\/wp-json\/wp\/v2\/media\/25984"}],"wp:attachment":[{"href":"https:\/\/havamall.vn\/en\/wp-json\/wp\/v2\/media?parent=25981"}],"wp:term":[{"taxonomy":"product_brand","embeddable":true,"href":"https:\/\/havamall.vn\/en\/wp-json\/wp\/v2\/product_brand?post=25981"},{"taxonomy":"product_cat","embeddable":true,"href":"https:\/\/havamall.vn\/en\/wp-json\/wp\/v2\/product_cat?post=25981"},{"taxonomy":"product_tag","embeddable":true,"href":"https:\/\/havamall.vn\/en\/wp-json\/wp\/v2\/product_tag?post=25981"}],"curies":[{"name":"wp","href":"https:\/\/api.w.org\/{rel}","templated":true}]}}