{"id":25967,"date":"2022-03-24T15:48:55","date_gmt":"2022-03-24T08:48:55","guid":{"rendered":"https:\/\/havamall.vn\/?post_type=product&#038;p=25967"},"modified":"2022-03-29T09:07:46","modified_gmt":"2022-03-29T02:07:46","slug":"kem-sua-tiet-trung-whipping-cream-paysan-breton-200ml","status":"publish","type":"product","link":"https:\/\/havamall.vn\/en\/shop\/kem-sua-tiet-trung-whipping-cream-paysan-breton-200ml\/","title":{"rendered":"Kem S\u1eefa Ti\u1ec7t Tr\u00f9ng Whipping Cream Paysan Breton 200ml"},"content":{"rendered":"<h3><strong>TH\u00d4NG TIN S\u1ea2N PH\u1ea8M<\/strong><\/h3>\n<table>\n<tbody>\n<tr>\n<td>Th\u01b0\u01a1ng hi\u1ec7u<\/td>\n<td>Paysan Breton<\/td>\n<\/tr>\n<tr>\n<td>Xu\u1ea5t x\u1ee9<\/td>\n<td>Ph\u00e1p<\/td>\n<\/tr>\n<tr>\n<td>Th\u00e0nh ph\u1ea7n<\/td>\n<td>Kem s\u1eefa (99,68%), ch\u1ea5t \u1ed5n \u0111\u1ecbnh,&#8230;<\/td>\n<\/tr>\n<tr>\n<td>H\u1ea1n s\u1eed d\u1ee5ng<\/td>\n<td>10 th\u00e1ng k\u1ec3 t\u1eeb ng\u00e0y s\u1ea3n xu\u1ea5t.<\/td>\n<\/tr>\n<tr>\n<td>B\u1ea3o qu\u1ea3n<\/td>\n<td>B\u1ea3o qu\u1ea3n \u1edf nhi\u1ec7t \u0111\u1ed9 4 \u2013 6 \u0111\u1ed9 C<\/td>\n<\/tr>\n<tr>\n<td>Th\u1ec3 t\u00edch<\/td>\n<td>200ml<\/td>\n<\/tr>\n<\/tbody>\n<\/table>\n<p>Paysan Breton &#8211; L\u00e0 th\u01b0\u01a1ng hi\u1ec7u n\u1ed5i ti\u1ebfng l\u00e2u \u0111\u1eddi c\u1ee7a v\u00f9ng Brittany n\u01b0\u1edbc Ph\u00e1p v\u1edbi s\u1ea3n ph\u1ea9m \u0111a d\u1ea1ng. T\u1ef1 h\u00e0o v\u1ec1 ngu\u1ed3n g\u1ed1c v\u00e0 di s\u1ea3n k\u1ebf th\u1eeba, th\u01b0\u01a1ng hi\u1ec7u cung c\u1ea5p nh\u1eefng s\u1ea3n ph\u1ea9m t\u1eeb s\u1eefa v\u1edbi ch\u1ea5t l\u01b0\u1ee3ng tuy\u1ec7t h\u1ea3o. Gi\u00e1 tr\u1ecb s\u1ea3n ph\u1ea9m c\u00f3 \u0111\u01b0\u1ee3c t\u1eeb nguy\u00ean li\u1ec7u s\u1eefa thu t\u1eeb c\u00e1c n\u00f4ng tr\u1ea1i trong h\u1ec7 th\u1ed1ng. K\u1ebf \u0111\u1ebfn l\u00e0 c\u00f4ng th\u1ee9c ch\u1ebf bi\u1ebfn v\u00e0 s\u1ef1 tu\u00e2n th\u1ee7 ch\u1eb7t ch\u1ebd quy tr\u00ecnh s\u1ea3n xu\u1ea5t. S\u1ea3n ph\u1ea9m c\u1ee7a Paysan Breton l\u00e0 s\u1ef1 k\u1ebft h\u1ee3p gi\u1eefa s\u1ef1 m\u1ed9c m\u1ea1c v\u00e0 h\u01b0\u01a1ng v\u1ecb thu\u1ea7n khi\u1ebft c\u1ee7a v\u00f9ng Brittany; bao g\u1ed3m s\u1eefa t\u01b0\u01a1i, b\u01a1, c\u00e1c lo\u1ea1i ph\u00f4 mai v\u00e0 b\u00e1nh crepe. V\u1edbi h\u01b0\u01a1ng v\u1ecb th\u01a1m ngon, \u0111\u1ed9 \u0111\u1ea1m cao v\u00e0 b\u1ed5 sung ch\u1ea5t x\u01a1, s\u1eefa t\u01b0\u01a1i Paysan Breton l\u00e0 s\u1ea3n ph\u1ea9m b\u00e1n ch\u1ea1y v\u00e0 \u0111\u01b0\u1ee3c nhi\u1ec1u ng\u01b0\u1eddi ti\u00eau d\u00f9ng t\u00ecm mua.<\/p>\n<p><img fetchpriority=\"high\" decoding=\"async\" class=\"size-full wp-image-25969 aligncenter\" src=\"https:\/\/havamall.vn\/wp-content\/uploads\/2022\/03\/Dairy-small.jpg\" alt=\"\" width=\"900\" height=\"600\" srcset=\"https:\/\/havamall.vn\/wp-content\/uploads\/2022\/03\/Dairy-small.jpg 900w, https:\/\/havamall.vn\/wp-content\/uploads\/2022\/03\/Dairy-small-430x287.jpg 430w, https:\/\/havamall.vn\/wp-content\/uploads\/2022\/03\/Dairy-small-150x100.jpg 150w, https:\/\/havamall.vn\/wp-content\/uploads\/2022\/03\/Dairy-small-700x467.jpg 700w, https:\/\/havamall.vn\/wp-content\/uploads\/2022\/03\/Dairy-small-300x200.jpg 300w, https:\/\/havamall.vn\/wp-content\/uploads\/2022\/03\/Dairy-small-768x512.jpg 768w, https:\/\/havamall.vn\/wp-content\/uploads\/2022\/03\/Dairy-small-600x400.jpg 600w\" sizes=\"(max-width: 900px) 100vw, 900px\" \/><\/p>\n<h3>\u01afU \u0110I\u1ec2M S\u1ea2N PH\u1ea8M<\/h3>\n<p>Kem t\u01b0\u01a1i\u00a0Whipping cream Paysan Breton 200ml\u00a0l\u00e0 lo\u1ea1i kem t\u01b0\u01a1i c\u00f3 ngu\u1ed3n g\u1ed1c \u0111\u1ed9ng v\u1eadt, \u0111\u01b0\u1ee3c l\u00e0m t\u1eeb s\u1eefa b\u00f2 t\u01b0\u01a1i xu\u1ea5t x\u1ee9 t\u1eeb\u00a0Ph\u00e1p. Whipping cream c\u00f3 \u0111\u1ed9 b\u00e9o cao, v\u1ecb ng\u1eady, th\u01a1m c\u1ee7a kem s\u1eefa v\u00e0 tan trong mi\u1ec7ng. L\u00e0 lo\u1ea1i Whipping cream kh\u00f4ng ch\u1ee9a \u0111\u01b0\u1eddng (do \u0111\u01b0\u1ee3c t\u00e1ch ra t\u1eeb s\u1eefa b\u00f2 t\u01b0\u01a1i nguy\u00ean ch\u1ea5t).<\/p>\n<p>Kem t\u01b0\u01a1i Paysan Breton\u00a0c\u00f3 h\u01b0\u01a1ng v\u1ecb t\u01b0\u01a1i m\u00e1t v\u00e0 th\u00edch h\u1ee3p \u0111\u1ec3 \u0111\u00e1nh b\u00f4ng l\u00e0m b\u00e1nh kem, n\u1ea5u \u0103n, l\u00e0m ch\u00e8 kh\u00fac b\u1ea1ch, c\u0169ng nh\u01b0 pha ch\u1ebf th\u1ee9c u\u1ed1ng\u2026 Trong l\u00e0m b\u00e1nh, Whipping \u0111\u01b0\u1ee3c s\u1eed d\u1ee5ng nhi\u1ec1u v\u1edbi c\u00e1c m\u00f3n b\u00e1nh Mousse, Tiramisu, Su kem, Cupcake kem t\u01b0\u01a1i, B\u00e1nh m\u00ec s\u1eefa Hokkaido. T\u00f9y theo s\u1edf th\u00edch v\u00e0 kh\u1ea9u v\u1ecb, b\u1ea1n c\u00f3 th\u1ec3 s\u00e1ng t\u1ea1o v\u1edbi nhi\u1ec1u m\u00f3n \u0103n, \u0111\u1ed3 u\u1ed1ng ho\u1eb7c m\u00f3n tr\u00e1ng mi\u1ec7ng kh\u00e1c nhau cho b\u1ea3n th\u00e2n v\u00e0 gia \u0111\u00ecnh.<\/p>\n<p>S\u1ea3n ph\u1ea9m ph\u00f9 h\u1ee3p ch\u1ebf bi\u1ebfn c\u1ea3 m\u00f3n m\u1eb7n v\u00e0 m\u00f3n ng\u1ecdt. S\u1ea3n ph\u1ea9m d\u1ec5 t\u1ea1o h\u00ecnh do \u0111\u1ecbnh h\u00ecnh t\u1ed1t, \u0111\u1ed9 n\u00e9t cao, s\u00e1nh m\u1ecbn v\u00e0 l\u00e2u tan n\u00ean hay \u0111\u01b0\u1ee3c s\u1eed d\u1ee5ng \u0111\u1ec3 trang tr\u00ed m\u1eb7t b\u00e1nh gato, tiramisu,&#8230;<\/p>\n<p><img decoding=\"async\" class=\"wp-image-25970 aligncenter\" src=\"https:\/\/havamall.vn\/wp-content\/uploads\/2022\/03\/WHIPPING-CREAM-3.jpg\" alt=\"\" width=\"902\" height=\"601\" srcset=\"https:\/\/havamall.vn\/wp-content\/uploads\/2022\/03\/WHIPPING-CREAM-3.jpg 1200w, https:\/\/havamall.vn\/wp-content\/uploads\/2022\/03\/WHIPPING-CREAM-3-430x287.jpg 430w, https:\/\/havamall.vn\/wp-content\/uploads\/2022\/03\/WHIPPING-CREAM-3-150x100.jpg 150w, https:\/\/havamall.vn\/wp-content\/uploads\/2022\/03\/WHIPPING-CREAM-3-700x467.jpg 700w, https:\/\/havamall.vn\/wp-content\/uploads\/2022\/03\/WHIPPING-CREAM-3-300x200.jpg 300w, https:\/\/havamall.vn\/wp-content\/uploads\/2022\/03\/WHIPPING-CREAM-3-768x512.jpg 768w, https:\/\/havamall.vn\/wp-content\/uploads\/2022\/03\/WHIPPING-CREAM-3-1024x683.jpg 1024w, https:\/\/havamall.vn\/wp-content\/uploads\/2022\/03\/WHIPPING-CREAM-3-600x400.jpg 600w\" sizes=\"(max-width: 902px) 100vw, 902px\" \/><\/p>\n<h3><b>H\u01af\u1edaNG D\u1eaaN S\u1eec D\u1ee4NG<\/b><\/h3>\n<p>\u2013 D\u00f9ng \u0111\u1ec3 l\u00e0m kem trang tr\u00ed m\u1eb7t b\u00e1nh (Khi \u0111\u00e1nh b\u00f4ng kem \u0111\u1ec3 ph\u1ee7 m\u1eb7t b\u00e1nh, b\u1ea1n c\u1ea7n cho th\u00eam \u0111\u01b0\u1eddng, gia gi\u1ea3m l\u01b0\u1ee3ng \u0111\u01b0\u1eddng t\u00f9y theo kh\u1ea9u v\u1ecb),<\/p>\n<p>\u2013 D\u00f9ng \u0111\u1ec3 l\u00e0m c\u00e1c lo\u1ea1i b\u00e1nh nh\u01b0 mousse, trufle, pudding, tiramisu, cheese cake,\u2026 hay m\u00f3n kem m\u00e1t l\u1ea1nh ng\u00e0y h\u00e8\u2026<\/p>\n<p><img decoding=\"async\" class=\"wp-image-25971 aligncenter\" src=\"https:\/\/havamall.vn\/wp-content\/uploads\/2022\/03\/WHIPPING-CREAM-5-1024x968.jpg\" alt=\"\" width=\"903\" height=\"854\" srcset=\"https:\/\/havamall.vn\/wp-content\/uploads\/2022\/03\/WHIPPING-CREAM-5-1024x968.jpg 1024w, https:\/\/havamall.vn\/wp-content\/uploads\/2022\/03\/WHIPPING-CREAM-5-430x406.jpg 430w, https:\/\/havamall.vn\/wp-content\/uploads\/2022\/03\/WHIPPING-CREAM-5-150x142.jpg 150w, https:\/\/havamall.vn\/wp-content\/uploads\/2022\/03\/WHIPPING-CREAM-5-700x662.jpg 700w, https:\/\/havamall.vn\/wp-content\/uploads\/2022\/03\/WHIPPING-CREAM-5-300x284.jpg 300w, https:\/\/havamall.vn\/wp-content\/uploads\/2022\/03\/WHIPPING-CREAM-5-768x726.jpg 768w, https:\/\/havamall.vn\/wp-content\/uploads\/2022\/03\/WHIPPING-CREAM-5-1200x1134.jpg 1200w, https:\/\/havamall.vn\/wp-content\/uploads\/2022\/03\/WHIPPING-CREAM-5-600x567.jpg 600w, https:\/\/havamall.vn\/wp-content\/uploads\/2022\/03\/WHIPPING-CREAM-5.jpg 2048w\" sizes=\"(max-width: 903px) 100vw, 903px\" \/><\/p>\n<h5><strong>H\u01b0\u1edbng d\u1eabn b\u1ea3o qu\u1ea3n:<\/strong><\/h5>\n<p>&#8211; B\u1ea3o qu\u1ea3n \u1edf ng\u0103n m\u00e1t t\u1ee7 l\u1ea1nh. Sau khi s\u1eed d\u1ee5ng xong c\u1ea7n lau s\u1ea1ch mi\u1ec7ng h\u1ed9p, \u0111\u1eady k\u00edn n\u1eafp , v\u00e0 c\u1ed1 g\u1eafng d\u00f9ng trong kho\u1ea3ng 5 \u2013 7 ng\u00e0y sau \u0111\u00f3.<\/p>\n<p>&#8211; D\u00f2ng whipping cream c\u00f3 ngu\u1ed3n g\u1ed1c t\u1eeb s\u1eefa \u0111\u1ed9ng v\u1eadt v\u00e0 c\u00f3 kh\u1ea3 n\u0103ng ch\u1ecbu nhi\u1ec7t k\u00e9m h\u01a1n h\u1eb3n so v\u1edbi topping cream. D\u00f2ng n\u00e0y b\u1ea1n ch\u1ec9 b\u1ea3o qu\u1ea3n t\u1ee7 m\u00e1t, kh\u00f4ng \u0111\u1ec3 nhi\u1ec7t \u0111\u1ed9 ph\u00f2ng ho\u1eb7c tr\u1eddi n\u1eafng n\u00f3ng, c\u0169ng tuy\u1ec7t \u0111\u1ed1i kh\u00f4ng b\u1ecf t\u1ee7 \u0111\u00f4ng<\/p>\n<p>&#8211; L\u01b0u \u00fd trong th\u1eddi gian b\u1ea3o qu\u1ea3n thi tho\u1ea3ng h\u00e3y l\u1ea5y h\u1ed9p ra l\u1eafc l\u00ean v\u00e0i l\u1ea7n cho kem ko b\u1ecb \u0111\u00f4ng l\u1ea1i \u1edf \u0111\u00e1y.<\/p>\n<p><img loading=\"lazy\" decoding=\"async\" class=\"wp-image-25973 aligncenter\" src=\"https:\/\/havamall.vn\/wp-content\/uploads\/2022\/03\/WHIPPING-CREAM-2-1-1024x1024.jpg\" alt=\"\" width=\"901\" height=\"901\" srcset=\"https:\/\/havamall.vn\/wp-content\/uploads\/2022\/03\/WHIPPING-CREAM-2-1-1024x1024.jpg 1024w, https:\/\/havamall.vn\/wp-content\/uploads\/2022\/03\/WHIPPING-CREAM-2-1-430x430.jpg 430w, https:\/\/havamall.vn\/wp-content\/uploads\/2022\/03\/WHIPPING-CREAM-2-1-150x150.jpg 150w, https:\/\/havamall.vn\/wp-content\/uploads\/2022\/03\/WHIPPING-CREAM-2-1-700x700.jpg 700w, https:\/\/havamall.vn\/wp-content\/uploads\/2022\/03\/WHIPPING-CREAM-2-1-300x300.jpg 300w, https:\/\/havamall.vn\/wp-content\/uploads\/2022\/03\/WHIPPING-CREAM-2-1-768x768.jpg 768w, https:\/\/havamall.vn\/wp-content\/uploads\/2022\/03\/WHIPPING-CREAM-2-1-1200x1200.jpg 1200w, https:\/\/havamall.vn\/wp-content\/uploads\/2022\/03\/WHIPPING-CREAM-2-1-600x600.jpg 600w, https:\/\/havamall.vn\/wp-content\/uploads\/2022\/03\/WHIPPING-CREAM-2-1-100x100.jpg 100w, https:\/\/havamall.vn\/wp-content\/uploads\/2022\/03\/WHIPPING-CREAM-2-1.jpg 2000w\" sizes=\"(max-width: 901px) 100vw, 901px\" \/><\/p>","protected":false},"excerpt":{"rendered":"<p>&#8211; L\u00e0 lo\u1ea1i kem t\u01b0\u01a1i c\u00f3 ngu\u1ed3n g\u1ed1c \u0111\u1ed9ng v\u1eadt, \u0111\u01b0\u1ee3c l\u00e0m t\u1eeb s\u1eefa b\u00f2 t\u01b0\u01a1i.<\/p>\n<p>&#8211; Kem kh\u00f4ng ch\u1ee9a \u0111\u01b0\u1eddng (do \u0111\u01b0\u1ee3c t\u00e1ch ra t\u1eeb s\u1eefa b\u00f2 t\u01b0\u01a1i nguy\u00ean ch\u1ea5t).<\/p>\n<p>&#8211; Kh\u1ed1i l\u01b0\u1ee3ng nh\u1ecf, ti\u1ebft ki\u1ec7m, ph\u00f9 h\u1ee3p cho ng\u01b0\u1eddi m\u1edbi h\u1ecdc l\u00e0m b\u00e1nh m\u00e0 ch\u1ea5t l\u01b0\u1ee3ng v\u1eabn r\u1ea5t ngon.<\/p>\n<p>&#8211; L\u00e0 s\u1ea3n ph\u1ea9m ch\u1ea5t l\u01b0\u1ee3ng \u0111\u01b0\u1ee3c s\u1ea3n xu\u1ea5t tr\u00ean d\u00e2y truy\u1ec1n c\u00f4ng ngh\u1ec7 hi\u1ec7n \u0111\u1ea1i \u0111\u1ea3m b\u1ea3o h\u01b0\u01a1ng v\u1ecb th\u01a1m ngon, \u0111\u1ea7y \u0111\u1ee7 dinh d\u01b0\u1ee1ng v\u00e0 tuy\u1ec7t \u0111\u1ed1i v\u1ec7 sinh an to\u00e0n th\u1ef1c ph\u1ea9m.<\/p>\n<p>&nbsp;<\/p>","protected":false},"featured_media":25974,"comment_status":"open","ping_status":"closed","template":"","meta":[],"product_brand":[],"product_cat":[275,36,135],"product_tag":[],"class_list":{"0":"post-25967","1":"product","2":"type-product","3":"status-publish","4":"has-post-thumbnail","6":"product_cat-thuc-pham-dong-lanh","7":"product_cat-thuc-pham-tieu-dung","8":"product_cat-sua-do-uong","10":"first","11":"outofstock","12":"sale","13":"shipping-taxable","14":"purchasable","15":"product-type-simple"},"_links":{"self":[{"href":"https:\/\/havamall.vn\/en\/wp-json\/wp\/v2\/product\/25967"}],"collection":[{"href":"https:\/\/havamall.vn\/en\/wp-json\/wp\/v2\/product"}],"about":[{"href":"https:\/\/havamall.vn\/en\/wp-json\/wp\/v2\/types\/product"}],"replies":[{"embeddable":true,"href":"https:\/\/havamall.vn\/en\/wp-json\/wp\/v2\/comments?post=25967"}],"version-history":[{"count":0,"href":"https:\/\/havamall.vn\/en\/wp-json\/wp\/v2\/product\/25967\/revisions"}],"wp:featuredmedia":[{"embeddable":true,"href":"https:\/\/havamall.vn\/en\/wp-json\/wp\/v2\/media\/25974"}],"wp:attachment":[{"href":"https:\/\/havamall.vn\/en\/wp-json\/wp\/v2\/media?parent=25967"}],"wp:term":[{"taxonomy":"product_brand","embeddable":true,"href":"https:\/\/havamall.vn\/en\/wp-json\/wp\/v2\/product_brand?post=25967"},{"taxonomy":"product_cat","embeddable":true,"href":"https:\/\/havamall.vn\/en\/wp-json\/wp\/v2\/product_cat?post=25967"},{"taxonomy":"product_tag","embeddable":true,"href":"https:\/\/havamall.vn\/en\/wp-json\/wp\/v2\/product_tag?post=25967"}],"curies":[{"name":"wp","href":"https:\/\/api.w.org\/{rel}","templated":true}]}}