{"id":25962,"date":"2022-03-24T15:06:01","date_gmt":"2022-03-24T08:06:01","guid":{"rendered":"https:\/\/havamall.vn\/?post_type=product&#038;p=25962"},"modified":"2025-03-19T11:36:21","modified_gmt":"2025-03-19T04:36:21","slug":"tuong-ca-heinz-300g-tomato-ketchup","status":"publish","type":"product","link":"https:\/\/havamall.vn\/en\/shop\/tuong-ca-heinz-300g-tomato-ketchup\/","title":{"rendered":"T\u01b0\u01a1ng C\u00e0 Heinz 300G &#8211; Tomato Ketchup"},"content":{"rendered":"<h3><strong>TH\u00d4NG TIN S\u1ea2N PH\u1ea8M<\/strong><\/h3>\n<table>\n<tbody>\n<tr>\n<td>Th\u01b0\u01a1ng hi\u1ec7u<\/td>\n<td>Heinz<\/td>\n<\/tr>\n<tr>\n<td>Xu\u1ea5t x\u1ee9<\/td>\n<td>Th\u00e1i Lan<\/td>\n<\/tr>\n<tr>\n<td>Th\u00e0nh ph\u1ea7n<\/td>\n<td>C\u00e0 chua d\u1ea1ng s\u1ec7t, gia v\u1ecb, mu\u1ed1i, \u0111\u01b0\u1eddng,&#8230;<\/td>\n<\/tr>\n<tr>\n<td>H\u1ea1n s\u1eed d\u1ee5ng<\/td>\n<td>24 th\u00e1ng k\u1ec3 t\u1eeb ng\u00e0y s\u1ea3n xu\u1ea5t.<\/td>\n<\/tr>\n<tr>\n<td>B\u1ea3o qu\u1ea3n<\/td>\n<td>\u0110\u1ec3 n\u01a1i kh\u00f4 r\u00e1o, tho\u00e1ng m\u00e1t, tr\u00e1nh \u00e1nh n\u1eafng tr\u1ef1c ti\u1ebfp<\/td>\n<\/tr>\n<tr>\n<td>Kh\u1ed1i l\u01b0\u1ee3ng t\u1ecbnh<\/td>\n<td>300g<\/td>\n<\/tr>\n<\/tbody>\n<\/table>\n<p>Heinz l\u00e0 th\u01b0\u01a1ng hi\u1ec7u th\u1ef1c ph\u1ea9m v\u00e0 \u0111\u1ed3 u\u1ed1ng l\u1edbn th\u1ee9 3 \u1edf B\u1eafc M\u1ef9 v\u00e0 l\u00e0 c\u00f4ng ty l\u1edbn th\u1ee9 5 tr\u00ean th\u1ebf gi\u1edbi v\u1edbi doanh s\u1ed1 h\u00e0ng t\u1ef7 \u0111\u00f4 m\u1ed7i n\u0103m. L\u00e0 m\u1ed9t c\u00f4ng ty uy t\u00edn chuy\u00ean s\u1ea3n xu\u1ea5t c\u00e1c s\u1ea3n ph\u1ea9m th\u1ef1c ph\u1ea9m ch\u1ea5t l\u01b0\u1ee3ng cao, h\u01b0\u01a1ng v\u1ecb tuy\u1ec7t v\u1eddi v\u00e0 gi\u00e0u dinh d\u01b0\u1ee1ng, c\u00e1c s\u1ea3n ph\u1ea9m ph\u00f9 h\u1ee3p cho c\u00e1c b\u1eefa \u0103n t\u1ea1i nh\u00e0, t\u1ea1i c\u00e1c nh\u00e0 h\u00e0ng, hay khi b\u1ea1n di chuy\u1ec3n ho\u1eb7c \u0111i d\u00e3 ngo\u1ea1i ngo\u00e0i tr\u1eddi.<\/p>\n<p><span style=\"font-weight: 400\">T\u01b0\u01a1ng c\u00e0<\/span><span style=\"font-weight: 400\"> l\u00e0 gia v\u1ecb ch\u1eb3ng th\u1ec3 thi\u1ebfu trong c\u00f4ng cu\u1ed9c chinh ph\u1ee5c \u1ea9m th\u1ef1c c\u1ee7a ch\u00fang ta. V\u1edbi t\u01b0\u01a1ng c\u00e0, c\u00e1c m\u00f3n chi\u00ean tr\u1edf n\u00ean ngon mi\u1ec7ng h\u01a1n, nh\u1eefng m\u00f3n m\u00ec \u00fd tr\u1edf n\u00ean \u0111\u1eadm v\u1ecb h\u01a1n. Th\u1ebf n\u00ean t\u01b0\u01a1ng c\u00e0 d\u01b0\u1eddng nh\u01b0 tr\u1edf th\u00e0nh m\u1ed9t gia v\u1ecb lu\u00f4n ph\u1ea3i c\u00f3 trong m\u1ed7i gia \u0111\u00ecnh.\u00a0<\/span><\/p>\n<p><img fetchpriority=\"high\" decoding=\"async\" class=\"wp-image-25955 aligncenter\" src=\"https:\/\/havamall.vn\/wp-content\/uploads\/2025\/03\/240811987_2055049807980223_2242900857420258879_n-300x300.png\" alt=\"\" width=\"734\" height=\"734\" \/><\/p>\n<p><span style=\"font-weight: 400\">T\u01b0\u01a1ng c\u00e0 Heinz<\/span> c\u00f3 \u0111\u1ed9 ng\u1ecdt t\u1ef1 nhi\u00ean t\u1eeb th\u1ecbt c\u00e0 chua, ch\u1ee9a nhi\u1ec1u lycopen v\u00e0 b\u1eafp t\u01b0\u01a1i ngon \u0111\u01b0\u1ee3c ch\u1ecdn l\u1ecdc k\u0129 c\u00e0ng, t\u1ed1t cho s\u1ee9c kh\u1ecfe v\u00e0 s\u1eafc \u0111\u1eb9p. Ngo\u00e0i ra, t\u01b0\u01a1ng c\u00e0 Heinz c\u00f3 t\u00e1c d\u1ee5ng ch\u1ed1ng l\u1ea1i qu\u00e1 tr\u00ecnh l\u00e3o h\u00f3a, gi\u00fap l\u00e0n da h\u1ed3ng h\u00e0o, t\u01b0\u01a1i tr\u1ebb m\u1ecbn m\u00e0ng, an to\u00e0n cho s\u1ee9c kh\u1ecfe ng\u01b0\u1eddi ti\u00eau d\u00f9ng.<\/p>\n<p><span style=\"font-weight: 400\">T\u01b0\u01a1ng c\u00e0 Heinz l\u00e0 m\u1ed9t lo\u1ea1i gia v\u1ecb kh\u00f4ng th\u1ec3 thi\u1ebfu, c\u00f3 m\u1eb7t trong h\u1ea7u h\u1ebft c\u00e1c m\u00f3n \u0103n chi\u00ean, n\u01b0\u1edbng ho\u1eb7c \u0103n v\u1eb7t. T\u01b0\u01a1ng \u1edbt Vedan c\u00f3 m\u00e0u \u0111\u1ecf th\u1eabm, v\u1ecb ng\u1ecdt v\u00e0 h\u01a1i chua \u0111\u01b0\u1ee3c l\u00e0m t\u1eeb c\u00e0 chua c\u00f4 \u0111\u1eb7c,n\u01b0\u1edbc, \u0111\u01b0\u1eddng, mu\u1ed1i,&#8230;.\u00a0<\/span><\/p>\n<p><img decoding=\"async\" class=\"wp-image-25963 aligncenter\" src=\"https:\/\/havamall.vn\/wp-content\/uploads\/2025\/03\/ccae668e-300x169.png\" alt=\"\" width=\"741\" height=\"417\" \/><\/p>\n<p><span style=\"font-weight: 400\">T\u01b0\u01a1ng c\u00e0 Heinz c\u00f3 v\u1ecb chua chua ng\u1ecdt ng\u1ecdt r\u1ea5t v\u1eeba \u0103n. Ph\u00f9 h\u1ee3p v\u1edbi kh\u1ea9u v\u1ecb c\u1ee7a nhi\u1ec1u gia \u0111\u00ecnh. Khi \u0103n b\u1ea1n c\u00f3 th\u1ec3 c\u1ea3m nh\u1eadn \u0111\u01b0\u1ee3c h\u01b0\u01a1ng v\u1ecb \u0111\u1eadm \u0111\u00e0 c\u1ee7a c\u00e0 chua. Gi\u00fap k\u00edch th\u00edch v\u1ecb gi\u00e1c v\u00e0 l\u00e0m m\u00f3n \u0103n ngon h\u01a1n.<\/span><\/p>\n<p><span style=\"font-weight: 400\">S\u1ea3n ph\u1ea9m mang h\u01b0\u01a1ng th\u01a1m n\u1ed3ng c\u1ee7a h\u00e0nh k\u1ebft h\u1ee3p c\u00f9ng m\u00e0u \u0111\u1ecf t\u01b0\u01a1i c\u1ee7a c\u00e0 chua, v\u1ecb chua ng\u1ecdt h\u00f2a quy\u1ec7n v\u00e0o nhau, l\u00e0m cho m\u00f3n \u0103n c\u1ee7a b\u1ea1n th\u00eam ngon v\u00e0 h\u1ea5p d\u1eabn h\u01a1n. V\u1edbi h\u01b0\u01a1ng v\u1ecb \u0111\u1eadm \u0111\u00e0 c\u1ee7a t\u01b0\u01a1ng c\u00e0, c\u00e1c m\u00f3n chi\u00ean, n\u01b0\u1edbng hay quay s\u1ebd tr\u1edf n\u00ean ngon h\u01a1n, mang \u0111\u1ebfn cho gia \u0111\u00ecnh b\u1ea1n b\u1eefa \u0103n ngon mi\u1ec7ng.<\/span><\/p>\n<p><img decoding=\"async\" class=\"wp-image-25964 aligncenter\" src=\"https:\/\/havamall.vn\/wp-content\/uploads\/2025\/03\/Kraft_Heinz_Website_Sauces_Page_Breaks_Finland_ST3-1-300x132.png\" alt=\"\" width=\"747\" height=\"329\" \/><\/p>\n<p><span style=\"font-weight: 400\">B\u1ea1n ch\u1ec9 c\u1ea7n m\u1edf n\u1eafp v\u00e0 d\u00f9ng tr\u1ef1c ti\u1ebfp t\u01b0\u01a1ng c\u00e0 Heinz<\/span>\u00a0v\u1edbi c\u00e1c m\u00f3n \u0103n \u0111\u00e3 qua ch\u1ebf bi\u1ebfn. Sau khi s\u1eed d\u1ee5ng l\u1ea7n \u0111\u1ea7u, b\u1ea1n h\u00e3y \u0111\u1eady k\u00edn n\u1eafp, b\u1ea3o qu\u1ea3n s\u1ea3n ph\u1ea9m \u1edf n\u01a1i kh\u00f4 r\u00e1o, tho\u00e1ng m\u00e1t v\u00e0 tr\u00e1nh \u00e1nh n\u1eafng m\u1eb7t tr\u1eddi, th\u1eddi gian s\u1eed d\u1ee5ng c\u1ee7a s\u1ea3n ph\u1ea9m s\u1ebd \u0111\u01b0\u1ee3c k\u00e9o d\u00e0i.ch\u00fa tr\u1ecdng \u0111\u1ebfn ch\u1ea5t l\u01b0\u1ee3ng s\u1ea3n ph\u1ea9m n\u00ean l\u1ef1a ch\u1ecdn ngu\u1ed3n nguy\u00ean li\u1ec7u ho\u00e0n to\u00e0n t\u1eeb thi\u00ean nhi\u00ean nh\u01b0 \u1edbt \u0111\u1ecf t\u01b0\u01a1i, h\u00e0nh, t\u1ecfi&#8230; C\u00e1c nguy\u00ean li\u1ec7u n\u00e0y kh\u00f4ng nh\u1eefng l\u00e0m n\u00ean h\u01b0\u01a1ng v\u1ecb \u0111\u1eadm \u0111\u00e0, m\u00e0 c\u00f2n ho\u00e0n to\u00e0n kh\u00f4ng g\u00e2y h\u1ea1i cho s\u1ee9c kh\u1ecfe ng\u01b0\u1eddi d\u00f9ng, \u0111\u1ea3m b\u1ea3o an to\u00e0n v\u1ec7 sinh th\u1ef1c ph\u1ea9m.<\/p>\n<p><img loading=\"lazy\" decoding=\"async\" class=\"wp-image-25965 aligncenter\" src=\"https:\/\/havamall.vn\/wp-content\/uploads\/2025\/03\/11143306_10153300788749292_1925925015614127596_o-1-300x200.png\" alt=\"\" width=\"746\" height=\"498\" \/><\/p>\n<h3><strong>Nh\u1eefng c\u00f4ng d\u1ee5ng tuy\u1ec7t v\u1eddi c\u1ee7a t\u01b0\u01a1ng c\u00e0 c\u00f3 th\u1ec3 b\u1ea1n ch\u01b0a bi\u1ebft:<\/strong><\/h3>\n<p><b>&#8211; <\/b><span style=\"font-weight: 400\">N\u1ebfu \u0111\u1ed3 d\u00f9ng b\u1eb1ng \u0111\u1ed3ng nh\u00e0 b\u1ea1n b\u1ecb hoen g\u1ec9, h\u00e3y ph\u1ebft l\u00ean m\u1ed9t l\u1edbp t\u01b0\u01a1ng c\u00e0 chua v\u00e0 lau ch\u00f9i s\u1ea1ch s\u1ebd<\/span><\/p>\n<p><span style=\"font-weight: 400\">&#8211; Kh\u00f4ng c\u00f3 g\u00ec \u0111\u00e1ng ng\u1ea1c nhi\u00ean khi t\u01b0\u01a1ng c\u00e0 chua l\u00e0 n\u01b0\u1edbc s\u1ed1t tuy\u1ec7t v\u1eddi cho h\u1ea7u h\u1ebft c\u00e1c m\u00f3n \u0103n, t\u1eeb m\u00f3n ph\u01b0\u01a1ng \u0110\u00f4ng \u0111\u1ebfn c\u00e1c m\u00f3n ph\u01b0\u01a1ng T\u00e2y, t\u1eeb m\u00f3n chay \u0111\u1ebfn m\u00f3n m\u1eb7n, th\u1eadm ch\u00ed l\u00e0 b\u00e1nh ng\u1ecdt, salad\u2026 b\u1edfi v\u00ec qu\u1ea3 c\u00e0 chua l\u00e0 lo\u1ea1i tr\u00e1i c\u00e2y\/rau c\u1ee7 ph\u1ed5 bi\u1ebfn, d\u1ec5 \u0103n, d\u1ec5 ch\u1ebf bi\u1ebfn.<\/span><\/p>\n<p><span style=\"font-weight: 400\">&#8211; Khi b\u1ea1n l\u1ee1 tay n\u00eam m\u1ed9t m\u00f3n \u0103n qu\u00e1 m\u1eb7n, h\u00e3y cho v\u00e0o m\u00f3n \u0103n \u0111\u00f3 m\u1ed9t \u00edt t\u01b0\u01a1ng c\u00e0 chua. V\u1ecb umami s\u1ebd l\u1eadp t\u1ee9c \u0111i\u1ec1u ti\u1ebft v\u1ecb m\u1eb7n, l\u00e0m cho m\u00f3n \u0103n nh\u1ea1t h\u01a1n, d\u1ec5 \u0103n h\u01a1n.<\/span><\/p>\n<p><span style=\"font-weight: 400\">&#8211; C\u00e0 chua ch\u1ee9a ch\u1ea5t lycopen \u2013 ch\u1ea5t t\u1ea1o m\u00e0u \u0111\u1ecf \u0111\u1eb9p m\u1eaft cho c\u00e0 chua \u2013 \u0111\u01b0\u1ee3c xem l\u00e0 c\u00f3 kh\u1ea3 n\u0103ng ng\u0103n ng\u1eeba m\u1ed9t s\u1ed1 lo\u1ea1i ung th\u01b0 nh\u1edd kh\u1ea3 n\u0103ng ch\u1ed1ng oxy h\u00f3a v\u00e0 \u1ee9c ch\u1ebf c\u00e1c t\u1ebf b\u00e0o vi\u00eam v\u00e0 vi khu\u1ea9n g\u00e2y vi\u00eam m\u1ed9t c\u00e1ch hi\u1ec7u qu\u1ea3. Ngo\u00e0i ra, t\u01b0\u01a1ng c\u00e0 c\u0169ng g\u00f3p ph\u1ea7n b\u1ea3o v\u1ec7 tim m\u1ea1ch t\u1ed1t h\u01a1n nh\u1edd ngu\u1ed3n vitamin v\u00e0 lycopen d\u1ed3i d\u00e0o.<\/span><\/p>\n<p><img loading=\"lazy\" decoding=\"async\" class=\"wp-image-20551 aligncenter\" src=\"https:\/\/havamall.vn\/wp-content\/uploads\/2025\/03\/cach-lam-tu-300x145.jpg\" alt=\"\" width=\"648\" height=\"313\" \/><\/p>\n<h3><strong>H\u01b0\u1edbng d\u1eabn s\u1eed d\u1ee5ng:<\/strong><\/h3>\n<p><span style=\"font-weight: 400\">&#8211; \u0102n c\u00f9ng b\u00fan, ph\u1edf, c\u00e1c m\u00f3n mi\u1ebfn x\u00e0o, mi\u1ebfn n\u01b0\u1edbc.<\/span><\/p>\n<p><span style=\"font-weight: 400\">&#8211; T\u01b0\u01a1ng c\u00e0 d\u00f9ng \u0111\u1ec3 n\u1ea5u ho\u1eb7c ch\u1ea5m v\u1edbi m\u00ec spaghetti, m\u00ec x\u00e0o, nui x\u00e0o, hamburger, pizza, b\u00f2 kho, raguo<\/span><\/p>\n<p><span style=\"font-weight: 400\">&#8211; D\u00f9ng \u0111\u1ec3 ch\u1ea5m c\u00e1c s\u1ea3n ph\u1ea9m chi\u00ean nh\u01b0 khoai t\u00e2y chi\u00ean, g\u00e0 r\u00e1n, c\u00e1 chi\u00ean, x\u00fac x\u00edch n\u01b0\u1edbng\u2026 cho m\u00f3n \u0103n th\u00eam h\u01b0\u01a1ng v\u1ecb \u0111\u1eadm \u0111\u00e0, th\u01a1m ngon.<\/span><\/p>\n<p><span style=\"font-weight: 400\">&#8211; D\u00f9ng ch\u1ea5m m\u1ef1c n\u01b0\u1edbng, th\u1ecbt n\u01b0\u1edbng.<\/span><\/p>\n<p><span style=\"font-weight: 400\">&#8211; Gia t\u0103ng \u0111\u1ed9 ngon c\u1ee7a c\u00e1c m\u00f3n \u0103n h\u00e0ng ng\u00e0y.<\/span><\/p>\n<p>S\u1ea3n ph\u1ea9m hi\u1ec7n \u0111ac c\u00f3 m\u1eb7t t\u1ea1i Havamall.<\/p>","protected":false},"excerpt":{"rendered":"<p>TH\u00d4NG TIN S\u1ea2N PH\u1ea8M Th\u01b0\u01a1ng hi\u1ec7u Heinz Xu\u1ea5t x\u1ee9 Th\u00e1i Lan Th\u00e0nh ph\u1ea7n C\u00e0 chua d\u1ea1ng s\u1ec7t, gia v\u1ecb, mu\u1ed1i,<\/p>","protected":false},"featured_media":25966,"comment_status":"open","ping_status":"closed","template":"","meta":[],"product_brand":[],"product_cat":[677,36],"product_tag":[],"class_list":{"0":"post-25962","1":"product","2":"type-product","3":"status-publish","4":"has-post-thumbnail","6":"product_cat-cac-nuoc-khac","7":"product_cat-thuc-pham-tieu-dung","9":"first","10":"instock","11":"sale","12":"shipping-taxable","13":"purchasable","14":"product-type-simple"},"_links":{"self":[{"href":"https:\/\/havamall.vn\/en\/wp-json\/wp\/v2\/product\/25962"}],"collection":[{"href":"https:\/\/havamall.vn\/en\/wp-json\/wp\/v2\/product"}],"about":[{"href":"https:\/\/havamall.vn\/en\/wp-json\/wp\/v2\/types\/product"}],"replies":[{"embeddable":true,"href":"https:\/\/havamall.vn\/en\/wp-json\/wp\/v2\/comments?post=25962"}],"version-history":[{"count":0,"href":"https:\/\/havamall.vn\/en\/wp-json\/wp\/v2\/product\/25962\/revisions"}],"wp:featuredmedia":[{"embeddable":true,"href":"https:\/\/havamall.vn\/en\/wp-json\/wp\/v2\/media\/25966"}],"wp:attachment":[{"href":"https:\/\/havamall.vn\/en\/wp-json\/wp\/v2\/media?parent=25962"}],"wp:term":[{"taxonomy":"product_brand","embeddable":true,"href":"https:\/\/havamall.vn\/en\/wp-json\/wp\/v2\/product_brand?post=25962"},{"taxonomy":"product_cat","embeddable":true,"href":"https:\/\/havamall.vn\/en\/wp-json\/wp\/v2\/product_cat?post=25962"},{"taxonomy":"product_tag","embeddable":true,"href":"https:\/\/havamall.vn\/en\/wp-json\/wp\/v2\/product_tag?post=25962"}],"curies":[{"name":"wp","href":"https:\/\/api.w.org\/{rel}","templated":true}]}}