{"id":25954,"date":"2022-03-24T14:52:40","date_gmt":"2022-03-24T07:52:40","guid":{"rendered":"https:\/\/havamall.vn\/?post_type=product&#038;p=25954"},"modified":"2025-08-18T15:03:59","modified_gmt":"2025-08-18T08:03:59","slug":"tuong-ot-heinz-300g-chilli-sauce","status":"publish","type":"product","link":"https:\/\/havamall.vn\/en\/shop\/tuong-ot-heinz-300g-chilli-sauce\/","title":{"rendered":"T\u01b0\u01a1ng \u1edat Heinz 300g &#8211; Chilli Sauce"},"content":{"rendered":"<h3><strong>TH\u00d4NG TIN S\u1ea2N PH\u1ea8M<\/strong><\/h3>\n<table>\n<tbody>\n<tr>\n<td>Th\u01b0\u01a1ng hi\u1ec7u<\/td>\n<td>Heinz<\/td>\n<\/tr>\n<tr>\n<td>Xu\u1ea5t x\u1ee9<\/td>\n<td>Th\u00e1i Lan<\/td>\n<\/tr>\n<tr>\n<td>Th\u00e0nh ph\u1ea7n<\/td>\n<td>N\u01b0\u1edbc, \u1edbt, t\u1ecfi, \u0111\u01b0\u1eddng, ch\u1ea5t l\u00e0m d\u00e0y, gi\u1ea5m<\/td>\n<\/tr>\n<tr>\n<td>H\u1ea1n s\u1eed d\u1ee5ng<\/td>\n<td>24 th\u00e1ng k\u1ec3 t\u1eeb ng\u00e0y s\u1ea3n xu\u1ea5t.<\/td>\n<\/tr>\n<tr>\n<td>B\u1ea3o qu\u1ea3n<\/td>\n<td>\u0110\u1ec3 n\u01a1i kh\u00f4 r\u00e1o, tho\u00e1ng m\u00e1t, tr\u00e1nh \u00e1nh n\u1eafng tr\u1ef1c ti\u1ebfp<\/td>\n<\/tr>\n<tr>\n<td>Kh\u1ed1i l\u01b0\u1ee3ng t\u1ecbnh<\/td>\n<td>300g<\/td>\n<\/tr>\n<\/tbody>\n<\/table>\n<p>Heinz l\u00e0 th\u01b0\u01a1ng hi\u1ec7u th\u1ef1c ph\u1ea9m v\u00e0 \u0111\u1ed3 u\u1ed1ng l\u1edbn th\u1ee9 3 \u1edf B\u1eafc M\u1ef9 v\u00e0 l\u00e0 c\u00f4ng ty l\u1edbn th\u1ee9 5 tr\u00ean th\u1ebf gi\u1edbi v\u1edbi doanh s\u1ed1 h\u00e0ng t\u1ef7 \u0111\u00f4 m\u1ed7i n\u0103m. L\u00e0 m\u1ed9t c\u00f4ng ty uy t\u00edn chuy\u00ean s\u1ea3n xu\u1ea5t c\u00e1c s\u1ea3n ph\u1ea9m th\u1ef1c ph\u1ea9m ch\u1ea5t l\u01b0\u1ee3ng cao, h\u01b0\u01a1ng v\u1ecb tuy\u1ec7t v\u1eddi v\u00e0 gi\u00e0u dinh d\u01b0\u1ee1ng, c\u00e1c s\u1ea3n ph\u1ea9m ph\u00f9 h\u1ee3p cho c\u00e1c b\u1eefa \u0103n t\u1ea1i nh\u00e0, t\u1ea1i c\u00e1c nh\u00e0 h\u00e0ng, hay khi b\u1ea1n di chuy\u1ec3n ho\u1eb7c \u0111i d\u00e3 ngo\u1ea1i ngo\u00e0i tr\u1eddi.<\/p>\n<p><img fetchpriority=\"high\" decoding=\"async\" class=\"wp-image-25955 aligncenter\" src=\"https:\/\/havamall.com\/wp-content\/uploads\/2025\/08\/240811987_2055049807980223_2242900857420258879_n-300x300.png\" alt=\"\" width=\"781\" height=\"781\" \/><\/p>\n<p>T\u1eeb l\u00e2u, t\u01b0\u01a1ng \u1edbt tr\u1edf th\u00e0nh m\u1ed9t lo\u1ea1i n\u01b0\u1edbc ch\u1ea5m c\u00f3 m\u1eb7t h\u1ea7u h\u1ebft trong m\u1ecdi gia \u0111\u00ecnh, h\u00e0ng qu\u00e1n. T\u01b0\u01a1ng \u1edbt \u0111\u01b0\u1ee3c d\u00f9ng \u0111\u1ec3 ch\u1ea5m v\u1edbi r\u1ea5t nhi\u1ec1u m\u00f3n \u0103n nh\u01b0 g\u00e0 r\u00e1n, ph\u1edf, b\u00fan, c\u01a1m chi\u00ean\u2026 Nh\u1eefng m\u00f3n \u0103n \u0111\u01b0\u1ee3c k\u1ebft h\u1ee3p v\u1edbi t\u01b0\u01a1ng \u1edbt th\u01a1m ngon h\u01a1n r\u1ea5t nhi\u1ec1u, v\u1ecb c\u0169ng \u0111\u1eb7c s\u1eafc, k\u00edch th\u00edch v\u1ecb gi\u00e1c h\u01a1n.<\/p>\n<p>T\u01b0\u01a1ng \u1edbt Heinz c\u00f3 m\u00e0u t\u1ef1 nhi\u00ean, kh\u00f4ng ch\u1ea5t b\u1ea3o qu\u1ea3n, kh\u00f4ng h\u01b0\u01a1ng li\u1ec7u ph\u1ea9m m\u00e0u, tuy\u1ec7t \u0111\u1ed1i an to\u00e0n khi s\u1eed d\u1ee5ng. Nh\u1eefng tr\u00e1i \u1edbt t\u01b0\u01a1i ngon h\u00f2a quy\u1ec7n v\u1edbi m\u00f9i t\u1ecfi th\u01a1m n\u1ed3ng t\u1ea1o n\u00ean h\u01b0\u01a1ng v\u1ecb \u0111\u1eb7c tr\u01b0ng c\u1ee7a T\u01b0\u01a1ng \u1edbt h\u1eefu c\u01a1 Sriracha. V\u1ecb cay nh\u1eb9\u00a0 k\u1ebft h\u1ee3p v\u1ecb ng\u1ecdt ng\u1ecdt, chua chua lan t\u1ecfa \u0111\u1ea7u l\u01b0\u1ee1i, \u0111\u00e1nh th\u1ee9c v\u1ecb gi\u00e1c tuy\u1ec7t \u0111\u1ed1i khi th\u01b0\u1edfng th\u1ee9c c\u00e1c m\u00f3n \u0103n.<\/p>\n<p><img decoding=\"async\" class=\"wp-image-25956 aligncenter\" src=\"https:\/\/havamall.com\/wp-content\/uploads\/2025\/08\/Chili-Sauce-Substitute.jpeg-1-300x200.png\" alt=\"\" width=\"794\" height=\"530\" \/><\/p>\n<p>T\u01b0\u01a1ng \u1edbt Heinz l\u00e0 m\u1ed9t lo\u1ea1i gia v\u1ecb kh\u00f4ng th\u1ec3 thi\u1ebfu, c\u00f3 m\u1eb7t trong h\u1ea7u h\u1ebft c\u00e1c m\u00f3n \u0103n chi\u00ean, n\u01b0\u1edbng ho\u1eb7c \u0103n v\u1eb7t.\u00a0 S\u1ea3n ph\u1ea9m mang h\u01b0\u01a1ng th\u01a1m n\u1ed3ng k\u1ebft h\u1ee3p c\u00f9ng m\u00e0u \u0111\u1ecf t\u01b0\u01a1i c\u1ee7a \u1edbt hi\u1ec3m, v\u1ecb chua cay h\u00f2a quy\u1ec7n v\u00e0o nhau, l\u00e0m cho m\u00f3n \u0103n c\u1ee7a b\u1ea1n th\u00eam ngon v\u00e0 h\u1ea5p d\u1eabn h\u01a1n. V\u1edbi h\u01b0\u01a1ng v\u1ecb \u0111\u1eadm \u0111\u00e0 c\u1ee7a t\u01b0\u01a1ng \u1edbt, c\u00e1c m\u00f3n chi\u00ean, n\u01b0\u1edbng hay quay s\u1ebd tr\u1edf n\u00ean ngon h\u01a1n, mang \u0111\u1ebfn cho gia \u0111\u00ecnh b\u1ea1n b\u1eefa \u0103n ngon mi\u1ec7ng.<\/p>\n<p><img decoding=\"async\" class=\"wp-image-25957 aligncenter\" src=\"https:\/\/havamall.com\/wp-content\/uploads\/2025\/08\/11143306_10153300788749292_1925925015614127596_o-300x200.png\" alt=\"\" width=\"798\" height=\"533\" \/><\/p>\n<p>B\u1ea1n ch\u1ec9 c\u1ea7n m\u1edf n\u1eafp v\u00e0 d\u00f9ng tr\u1ef1c ti\u1ebfp T\u01b0\u01a1ng \u1edbt Heinz v\u1edbi c\u00e1c m\u00f3n \u0103n \u0111\u00e3 qua ch\u1ebf bi\u1ebfn. Sau khi s\u1eed d\u1ee5ng l\u1ea7n \u0111\u1ea7u, b\u1ea1n h\u00e3y \u0111\u1eady k\u00edn n\u1eafp, b\u1ea3o qu\u1ea3n s\u1ea3n ph\u1ea9m \u1edf n\u01a1i kh\u00f4 r\u00e1o, tho\u00e1ng m\u00e1t v\u00e0 tr\u00e1nh \u00e1nh n\u1eafng m\u1eb7t tr\u1eddi, th\u1eddi gian s\u1eed d\u1ee5ng c\u1ee7a s\u1ea3n ph\u1ea9m s\u1ebd \u0111\u01b0\u1ee3c k\u00e9o d\u00e0i.ch\u00fa tr\u1ecdng \u0111\u1ebfn ch\u1ea5t l\u01b0\u1ee3ng s\u1ea3n ph\u1ea9m n\u00ean l\u1ef1a ch\u1ecdn ngu\u1ed3n nguy\u00ean li\u1ec7u ho\u00e0n to\u00e0n t\u1eeb thi\u00ean nhi\u00ean nh\u01b0 \u1edbt \u0111\u1ecf t\u01b0\u01a1i, h\u00e0nh, t\u1ecfi\u2026 C\u00e1c nguy\u00ean li\u1ec7u n\u00e0y kh\u00f4ng nh\u1eefng l\u00e0m n\u00ean h\u01b0\u01a1ng v\u1ecb \u0111\u1eadm \u0111\u00e0, m\u00e0 c\u00f2n ho\u00e0n to\u00e0n kh\u00f4ng g\u00e2y h\u1ea1i cho s\u1ee9c kh\u1ecfe ng\u01b0\u1eddi d\u00f9ng, \u0111\u1ea3m b\u1ea3o an to\u00e0n v\u1ec7 sinh th\u1ef1c ph\u1ea9m.<\/p>\n<p><img loading=\"lazy\" decoding=\"async\" class=\"wp-image-25961 aligncenter\" src=\"https:\/\/havamall.com\/wp-content\/uploads\/2025\/08\/sriracha-style-asian-chili-sauce-RU235398-1-225x300.png\" alt=\"\" width=\"796\" height=\"1061\" \/><\/p>\n<p>Vedan ch\u00fa tr\u1ecdng \u0111\u1ebfn ch\u1ea5t l\u01b0\u1ee3ng s\u1ea3n ph\u1ea9m n\u00ean l\u1ef1a ch\u1ecdn ngu\u1ed3n nguy\u00ean li\u1ec7u ho\u00e0n to\u00e0n t\u1eeb thi\u00ean nhi\u00ean nh\u01b0 \u1edbt \u0111\u1ecf t\u01b0\u01a1i, tinh b\u1ed9t ng\u00f4, h\u00e0nh, t\u1ecfi\u2026 C\u00e1c nguy\u00ean li\u1ec7u n\u00e0y kh\u00f4ng nh\u1eefng l\u00e0m n\u00ean h\u01b0\u01a1ng v\u1ecb \u0111\u1eadm \u0111\u00e0, m\u00e0 c\u00f2n ho\u00e0n to\u00e0n kh\u00f4ng g\u00e2y h\u1ea1i cho s\u1ee9c kh\u1ecfe ng\u01b0\u1eddi d\u00f9ng, \u0111\u1ea3m b\u1ea3o an to\u00e0n v\u1ec7 sinh th\u1ef1c ph\u1ea9m.<\/p>\n<h4><strong>H\u01b0\u1edbng d\u1eabn s\u1eed d\u1ee5ng:<\/strong><\/h4>\n<p>\u2013 \u0102n c\u00f9ng b\u00fan, ph\u1edf, c\u00e1c m\u00f3n mi\u1ebfn x\u00e0o, mi\u1ebfn n\u01b0\u1edbc.<\/p>\n<p>\u2013 D\u00f9ng ch\u1ea5m m\u1ef1c n\u01b0\u1edbng, th\u1ecbt n\u01b0\u1edbng.<\/p>\n<p>\u2013 Gia t\u0103ng \u0111\u1ed9 ngon c\u1ee7a c\u00e1c m\u00f3n \u0103n h\u00e0ng ng\u00e0y.<\/p>\n<p>S\u1ea3n ph\u1ea9m hi\u1ec7n \u0111\u00e3 c\u00f3 m\u0103th t\u1ea1i Havamall.<\/p>\n<p><img loading=\"lazy\" decoding=\"async\" class=\"wp-image-25959 aligncenter\" src=\"https:\/\/havamall.com\/wp-content\/uploads\/2025\/08\/korean-sriracha-kimchi-recipe-2118867-hero-011-f6964d865b6246b180ddb843cdeb132d-300x200.png\" alt=\"\" width=\"822\" height=\"549\" \/><\/p>","protected":false},"excerpt":{"rendered":"<p>TH\u00d4NG TIN S\u1ea2N PH\u1ea8M Th\u01b0\u01a1ng hi\u1ec7u Heinz Xu\u1ea5t x\u1ee9 Th\u00e1i Lan Th\u00e0nh ph\u1ea7n N\u01b0\u1edbc, \u1edbt, t\u1ecfi, \u0111\u01b0\u1eddng, ch\u1ea5t l\u00e0m d\u00e0y,<\/p>","protected":false},"featured_media":25960,"comment_status":"open","ping_status":"closed","template":"","meta":[],"product_brand":[],"product_cat":[677,36],"product_tag":[],"class_list":{"0":"post-25954","1":"product","2":"type-product","3":"status-publish","4":"has-post-thumbnail","6":"product_cat-cac-nuoc-khac","7":"product_cat-thuc-pham-tieu-dung","9":"first","10":"instock","11":"sale","12":"shipping-taxable","13":"purchasable","14":"product-type-simple"},"_links":{"self":[{"href":"https:\/\/havamall.vn\/en\/wp-json\/wp\/v2\/product\/25954"}],"collection":[{"href":"https:\/\/havamall.vn\/en\/wp-json\/wp\/v2\/product"}],"about":[{"href":"https:\/\/havamall.vn\/en\/wp-json\/wp\/v2\/types\/product"}],"replies":[{"embeddable":true,"href":"https:\/\/havamall.vn\/en\/wp-json\/wp\/v2\/comments?post=25954"}],"version-history":[{"count":0,"href":"https:\/\/havamall.vn\/en\/wp-json\/wp\/v2\/product\/25954\/revisions"}],"wp:featuredmedia":[{"embeddable":true,"href":"https:\/\/havamall.vn\/en\/wp-json\/wp\/v2\/media\/25960"}],"wp:attachment":[{"href":"https:\/\/havamall.vn\/en\/wp-json\/wp\/v2\/media?parent=25954"}],"wp:term":[{"taxonomy":"product_brand","embeddable":true,"href":"https:\/\/havamall.vn\/en\/wp-json\/wp\/v2\/product_brand?post=25954"},{"taxonomy":"product_cat","embeddable":true,"href":"https:\/\/havamall.vn\/en\/wp-json\/wp\/v2\/product_cat?post=25954"},{"taxonomy":"product_tag","embeddable":true,"href":"https:\/\/havamall.vn\/en\/wp-json\/wp\/v2\/product_tag?post=25954"}],"curies":[{"name":"wp","href":"https:\/\/api.w.org\/{rel}","templated":true}]}}