{"id":25945,"date":"2022-03-24T13:46:38","date_gmt":"2022-03-24T06:46:38","guid":{"rendered":"https:\/\/havamall.vn\/?post_type=product&#038;p=25945"},"modified":"2025-12-26T10:46:04","modified_gmt":"2025-12-26T03:46:04","slug":"pho-mai-mascarpone-tatua-500gr-1kg","status":"publish","type":"product","link":"https:\/\/havamall.vn\/en\/shop\/pho-mai-mascarpone-tatua-500gr-1kg\/","title":{"rendered":"Ph\u00f4 Mai Mascarpone Tatua 500gr\/ 1kg"},"content":{"rendered":"<h3><strong>TH\u00d4NG TIN S\u1ea2N PH\u1ea8M<\/strong><\/h3>\n<table>\n<tbody>\n<tr>\n<td>Th\u01b0\u01a1ng hi\u1ec7u<\/td>\n<td>TATUA<\/td>\n<\/tr>\n<tr>\n<td>Xu\u1ea5t x\u1ee9<\/td>\n<td>New Zealand<\/td>\n<\/tr>\n<tr>\n<td>Th\u00e0nh ph\u1ea7n<\/td>\n<td>Kem s\u1eefa, ch\u1ea5t l\u00e0m d\u00e0y, ch\u1ea5t \u0111i\u1ec1u ch\u1ec9nh \u0111\u1ed9 axit<\/td>\n<\/tr>\n<tr>\n<td>H\u1ea1n s\u1eed d\u1ee5ng<\/td>\n<td>12 th\u00e1ng k\u1ec3 t\u1eeb ng\u00e0y s\u1ea3n xu\u1ea5t.<\/td>\n<\/tr>\n<tr>\n<td>B\u1ea3o qu\u1ea3n<\/td>\n<td>B\u1ea3o qu\u1ea3n \u1edf nhi\u1ec7t \u0111\u1ed9 0 \u2013 4 \u0111\u1ed9 C<\/td>\n<\/tr>\n<tr>\n<td>Kh\u1ed1i l\u01b0\u1ee3ng t\u1ecbnh<\/td>\n<td>500gr<\/td>\n<\/tr>\n<\/tbody>\n<\/table>\n<h3><strong>TH\u00d4NG TIN TH\u01af\u01a0NG HI\u1ec6U<\/strong><\/h3>\n<p>TATUA l\u00e0 m\u1ed9t th\u01b0\u01a1ng hi\u1ec7u n\u1ed5i ti\u1ebfng s\u1ea3n xu\u1ea5t c\u00e1c s\u1ea3n ph\u1ea9m kem s\u1eefa l\u00e2u \u0111\u1eddi nh\u1ea5t t\u1ea1i New Zealand, \u0111\u01b0\u1ee3c th\u00e0nh l\u1eadp n\u0103m 1914. C\u00f3 th\u1ec3 n\u00f3i \u0111\u00e2y l\u00e0 m\u1ed9t th\u01b0\u01a1ng hi\u1ec7u n\u1ed5i ti\u1ebfng v\u00e0 \u0111\u01b0\u1ee3c nhi\u1ec1u tin d\u00f9ng b\u1edfi \u0111\u1ed9 ngon v\u00e0 ng\u1eady do \u0111\u01b0\u1ee3c l\u00e0m t\u1eeb s\u1eefa t\u01b0\u01a1i c\u1ee7a \u0111\u1ed9ng v\u1eadt.\u00a0C\u00e1c s\u1ea3n ph\u1ea9m t\u1eeb th\u01b0\u01a1ng hi\u1ec7u Tatua \u0111\u01b0\u1ee3c \u01b0a chu\u1ed9ng tr\u00ean to\u00e0n th\u1ebf gi\u1edbi nh\u1edd v\u00e0o ch\u1ea5t l\u01b0\u1ee3ng v\u01b0\u1ee3t tr\u1ed9i, s\u1ef1 ti\u1ec7n l\u1ee3i, h\u1ea1n s\u1eed d\u1ee5ng l\u00e2u d\u00e0i v\u00e0 t\u00ednh linh ho\u1ea1t trong \u1ee9ng d\u1ee5ng. Tatua \u0111\u01b0\u1ee3c bi\u1ebft \u0111\u1ebfn v\u1edbi\u00a0c\u00e1c s\u1ea3n ph\u1ea9m n\u1ed5i ti\u1ebfng nh\u01b0: kem s\u1eefa (whipping cream, culinary &amp; whipping cream), ph\u00f4 mai mascarpone, kem chua (sour cream), kem x\u1ecbt (whipped cream).<\/p>\n<p>&nbsp;<\/p>\n<p><img fetchpriority=\"high\" decoding=\"async\" class=\"wp-image-25934 aligncenter\" src=\"https:\/\/havamall.com\/wp-content\/uploads\/2025\/12\/EZZz3GwU4AAm18a.jpg\" alt=\"\" width=\"1335\" height=\"491\" \/><\/p>\n<p>Mascarpone Tatua\u00a0l\u00e0 m\u1ed9t lo\u1ea1i ph\u00f4 mai t\u01b0\u01a1i m\u1ec1m m\u1ecbn m\u00e0 b\u1ea3n th\u00e2n n\u00f3 kh\u00f4ng h\u1eb3n l\u00e0 cheese, n\u00f3 ch\u1ec9 l\u00e0 s\u1ea3n ph\u1ea9m \u0111\u01b0\u1ee3c t\u1ea1o n\u00ean khi th\u00eam m\u1ed9t th\u00e0nh ph\u1ea7n ph\u1ee5 gia v\u00e0o qu\u00e1 tr\u00ecnh t\u00e1ch kem kh\u1ecfi s\u1eefa.\u00a0<b>\u00a0<\/b>c\u00f3 \u0111\u1eb7c \u0111i\u1ec3m m\u1ec1m, m\u00e0u tr\u1eafng, t\u01b0\u01a1i, c\u00f3 m\u00f9i th\u01a1m \u0111\u1eb7c tr\u01b0ng.<\/p>\n<p>Ph\u00f4 Mai Mascarpone TATUA c\u00f3 th\u1ec3 \u0111\u01b0\u1ee3c \u0103n ngay k\u00e8m v\u1edbi c\u00e1c m\u00f3n tr\u00e1ng mi\u1ec7ng, v\u1edbi hoa qu\u1ea3, l\u00e0m cheesecake kh\u00f4ng c\u1ea7n n\u01b0\u1edbng, ho\u1eb7c th\u00eam v\u00e0o s\u00fap khi l\u00e0m c\u00e1c m\u00f3n s\u00fap kem \u0111\u1ec3 t\u0103ng \u0111\u1ed9 ng\u1eady b\u00e9o v\u00e0 th\u01a1m cho s\u00fap. Lo\u1ea1i nguy\u00ean li\u1ec7u n\u00e0y ch\u00ednh l\u00e0 m\u1ed9t ph\u1ea7n \u0111\u1ec3\u00a0t\u1ea1o th\u00e0nh\u00a0m\u00f3n b\u00e1nh n\u1ed5i ti\u1ebfng Tiramisu c\u1ee7a \u00dd.<\/p>\n<p><img decoding=\"async\" class=\"wp-image-25947 aligncenter\" src=\"https:\/\/havamall.com\/wp-content\/uploads\/2025\/12\/MASCAPONE-1-1.jpg\" alt=\"\" width=\"999\" height=\"666\" \/><\/p>\n<p>S\u1ea3n ph\u1ea9m\u00a0c\u00f3 m\u00e0u tr\u1eafng s\u1eefa, m\u1ec1m\u00a0 m\u1ecbn\u00a0v\u00e0 \u0111\u01b0\u1ee3c s\u1eed d\u1ee5ng r\u1ea5t d\u1ec5 d\u00e0ng. \u0110\u00f4i khi Mascarpone \u0111\u01b0\u1ee3c s\u1eed d\u1ee5ng thay th\u1ebf cho b\u01a1 ho\u1eb7c ph\u00f4 mai c\u1ee9ng \u0111\u1ec3 l\u00e0m m\u00f3n risotto\u00a0t\u1ea1o \u0111\u1ed9 b\u00e9o ng\u1eady v\u00e0 \u0111\u1eb7c h\u01a1n.\u00a0Mascarpone l\u00e0 th\u00e0nh ph\u1ea7n kh\u00f4ng th\u1ec3 thi\u1ec3u khi l\u00e0m tiramisu, cheescakes, b\u00ean c\u1ea1nh \u0111\u00f3 c\u00f3 th\u1ec3 l\u00e0m kem, s\u00fap c\u01a1m risottos hay n\u01b0\u1edbc s\u1ed1t tr\u1ed9n m\u1ef3 \u00dd. C\u00f3 th\u1ec3 d\u00f9ng \u0111\u1ec3 \u0103n k\u00e8m v\u1edbi b\u00e1nh quy, b\u00e1nh m\u1ef3 t\u00f9y s\u1edf th\u00edch.<\/p>\n<h3><strong>\u01afU \u0110I\u1ec2M S\u1ea2N PH\u1ea8M<\/strong><\/h3>\n<p>\u2013 Thi\u1ebft k\u1ebf r\u00e3nh c\u1ea7m tay d\u1ea1ng t\u00fai Ecolean gi\u00fap vi\u1ec7c thao t\u00e1c trong qu\u00e1 tr\u00ecnh s\u1eed d\u1ee5ng \u0111\u01b0\u1ee3c d\u1ec5 d\u00e0ng: \u0111i\u1ec1u ch\u1ec9nh \u0111\u01b0\u1ee3c l\u01b0\u1ee3ng s\u1ea3n ph\u1ea9m r\u00f3t ra, tr\u00e1nh s\u1eed d\u1ee5ng l\u1ef1c m\u1ea1nh v\u00e0o th\u00e2n t\u00fai g\u00e2y \u0111\u1ed5 th\u1eeba.<\/p>\n<p>\u2013 R\u00e3nh kh\u00ed d\u1ecdc t\u00fai c\u00f9ng thi\u1ebft k\u1ebf \u0111\u00e1y \u0111\u1ee9ng gi\u00fap t\u00fai \u0111\u1ee9ng th\u1eb3ng d\u1ec5 d\u00e0ng h\u01a1n k\u1ec3 c\u1ea3 khi c\u00f2n \u00edt.<\/p>\n<p>\u2013 Bao b\u00ec s\u1ea3n ph\u1ea9m c\u1ea3i ti\u1ebfn v\u1edbi n\u1eafp \u201cSnapQuick\u201d d\u1ec5 d\u00e0ng \u0111\u00f3ng m\u1edf, sau khi s\u1eed d\u1ee5ng m\u00ecnh ch\u1ec9 c\u1ea7n g\u1ea5p m\u00e9p t\u00fai v\u00e0 b\u1ea5m l\u1ea1i gi\u00fap thu\u1eadn ti\u1ec7n cho vi\u1ec7c l\u01b0u tr\u1eef n\u1ebfu kh\u00f4ng d\u00f9ng h\u1ebft.<\/p>\n<p>\u2013 \u0110\u1eb7c bi\u1ec7t, ch\u1ea5t li\u1ec7u bao b\u00ec c\u00f3 th\u1ec3 d\u00f9ng trong l\u00f2 vi s\u00f3ng gi\u00fap ti\u1ebft ki\u1ec7m thao t\u00e1c \u0111\u1ed5 sang b\u00e1t \u0111\u1ef1ng kh\u00e1c (l\u01b0u \u00fd c\u1ea7n x\u00e9 mi\u1ec7ng t\u00fai).<\/p>\n<p>\u2013 V\u1edbi t\u00fai Mascarpone Tatua, c\u00e1c b\u1ea1n l\u00e0m b\u00e1nh s\u1ed1 l\u01b0\u1ee3ng nh\u1ecf v\u1eeba c\u00f3 th\u1ec3 ti\u1ebft ki\u1ec7m l\u1ea1i kh\u00f4ng c\u1ea7n lo l\u1eafng v\u1ec1 v\u1ea5n \u0111\u1ec1 b\u1ea3o qu\u1ea3n v\u00ec c\u00f3 th\u1ec3 s\u1eed d\u1ee5ng h\u1ebft trong m\u1ed9t l\u1ea7n l\u00e0m b\u00e1nh.<\/p>\n<p><img decoding=\"async\" class=\"wp-image-25948 aligncenter\" src=\"https:\/\/havamall.com\/wp-content\/uploads\/2025\/12\/MASCAPONE-4.jpg\" alt=\"\" width=\"998\" height=\"665\" \/><\/p>\n<h3><strong>C\u00c1CH B\u1ea2O QU\u1ea2N MASCARPONE<\/strong><\/h3>\n<p>Mascarpone l\u00e0 lo\u1ea1i ph\u00f4 mai t\u01b0\u01a1i \u1edf d\u1ea1ng m\u1ec1m v\u00e0 t\u01b0\u01a1i. Do v\u1eady trong qu\u00e1 tr\u00ecnh s\u1eed d\u1ee5ng b\u1ea1n c\u1ea7n ch\u00fa \u00fd \u0111\u1ebfn kh\u00e2u b\u1ea3o qu\u1ea3n t\u1ed1t. \u0110\u1ec3 b\u1ea3o qu\u1ea3n \u0111\u01b0\u1ee3c Mascarpone t\u1ed1t nh\u1ea5t v\u00e0 s\u1eed d\u1ee5ng \u0111\u01b0\u1ee3c l\u00e2u b\u1ea1n ch\u1ec9 n\u00ean mua m\u1ed9t l\u01b0\u1ee3ng v\u1eeba \u0111\u1ee7 \u0111\u1ec3 s\u1eed d\u1ee5ng. D\u01b0\u1edbi \u0111\u00e2y l\u00e0 m\u1ed9t s\u1ed1 c\u00e1ch b\u1ea3o qu\u1ea3n Mascarpone khi ch\u01b0a s\u1eed d\u1ee5ng h\u1ebft.<\/p>\n<p>&#8211;\u00a0Khi m\u1edbi mua v\u1ec1 b\u1ea1n c\u1ea7n cho Mascarpone v\u00e0o b\u1ea3o qu\u1ea3n \u1edf nhi\u1ec7t \u0111\u1ed9 l\u1ea1nh, \u0111\u1eebng lo l\u1eafng r\u1eb1ng Mascarpone s\u1ebd c\u1ee9ng l\u1ea1i v\u00e0 kh\u00f4ng gi\u1eef \u0111\u01b0\u1ee3c \u0111\u1ed9 m\u1ec1m m\u01b0\u1ee3t. Mascarpone kh\u00e1 \u201cd\u1ec5 ch\u1ecbu\u201d, do v\u1eady n\u1ebfu ph\u00f4 mai n\u00e0y b\u1ecb c\u1ee9ng th\u00ec ch\u1ec9 c\u1ea7n \u0111\u1ec3 \u1edf nhi\u1ec7t \u0111\u1ed9 ph\u00f2ng m\u1ed9t l\u00fac l\u00e0 m\u1ec1m ra v\u00e0 \u0111\u00e1nh \u0111\u1ec1u \u0111\u01b0\u1ee3c nh\u00e9.<\/p>\n<p>&#8211; Khi s\u1eed d\u1ee5ng n\u1ebfu c\u00f2n d\u01b0 th\u00ec b\u1ea1n c\u1ea7n b\u1ecdc k\u00edn b\u1eb1ng gi\u1ea5y n\u1ebfn ho\u1eb7c cho v\u00e0o t\u00fai zip, b\u1ea3o qu\u1ea3n trong ng\u0103n m\u00e1t t\u1ee7 l\u1ea1nh. Ph\u1ea7n Mascarpone c\u00f2n l\u1ea1i n\u00e0y b\u1ea1n n\u00ean s\u1eed d\u1ee5ng trong kho\u1ea3ng 5 \u2013 7 ng\u00e0y \u0111\u1ec3 gi\u1eef \u0111\u01b0\u1ee3c h\u01b0\u01a1ng v\u1ecb c\u0169ng nh\u01b0 an to\u00e0n khi s\u1eed d\u1ee5ng nh\u00e9.<\/p>\n<p>&#8211; Sau kho\u1ea3ng 5 \u2013 7 ng\u00e0y t\u1eeb\u00a0khi m\u1edf\u00a0s\u1ea3n ph\u1ea9m, b\u1ea1n kh\u00f4ng n\u00ean s\u1eed d\u1ee5ng ch\u00fang n\u1eefa nh\u00e9. Ph\u1ea7n Mascarpone d\u01b0 \u1ea5y c\u00f3 th\u1ec3 \u0111\u00e3 b\u1ecb gi\u1ea3m ch\u1ea5t l\u01b0\u1ee3ng v\u00e0 \u0111\u1ed9\u00a0&#8220;t\u01b0\u01a1i&#8221; . V\u1eady n\u00ean s\u1ebd l\u00e0m m\u00f3n \u0103n hay chi\u1ebfc b\u00e1nh m\u1ea5t \u0111i h\u01b0\u01a1ng v\u1ecb th\u01a1m ngon \u0111\u00e1ng c\u00f3<\/p>\n<p>Mascarpone Tutua hi\u1ec7n \u0111ang \u0111\u01b0\u1ee3c b\u00e1n t\u1ea1i Havamall ch\u1eafc ch\u1eafn s\u1ebd l\u00e0 s\u1ef1 l\u1ef1a ch\u1ecdn ho\u00e0n h\u1ea3o d\u00e0nh cho nh\u1eefng b\u1ea1n \u0111ang c\u00f3 nhu c\u1ea7u s\u1eed d\u1ee5ng mascarpone \u0111\u1ec3 l\u00e0m b\u00e1nh m\u00f3n b\u00e1nh th\u01a1m ngon cho gia \u0111\u00ecnh \u0111\u1ea5y nh\u00e9.<\/p>\n<p><img loading=\"lazy\" decoding=\"async\" class=\"wp-image-25949 aligncenter\" src=\"https:\/\/havamall.com\/wp-content\/uploads\/2025\/12\/MASCAPONE-5.jpg\" alt=\"\" width=\"998\" height=\"665\" \/><\/p>","protected":false},"excerpt":{"rendered":"<p>&#8211; Thi\u1ebft k\u1ebf bao b\u00ec s\u1ea3n ph\u1ea9m d\u1ea1ng ECOLEAN nh\u1eb1m n\u00e2ng cao s\u1ef1 thu\u1eadn ti\u1ec7n trong qu\u00e1 tr\u00ecnh s\u1eed d\u1ee5ng. Gi\u00fap ng\u01b0\u1eddi d\u00f9ng d\u1ec5 d\u00e0ng s\u1eed d\u1ee5ng, d\u1ec5 b\u1ea3o qu\u1ea3n v\u00e0 b\u1ea3o v\u1ec7 m\u00f4i tr\u01b0\u1eddng.<\/p>\n<p>&#8211;\u00a0Ph\u00f4 Mai Mascarpone TATUA c\u00f3 th\u1ec3 \u0111\u01b0\u1ee3c \u0103n ngay k\u00e8m v\u1edbi c\u00e1c m\u00f3n tr\u00e1ng mi\u1ec7ng, v\u1edbi hoa qu\u1ea3, l\u00e0m cheesecake kh\u00f4ng c\u1ea7n n\u01b0\u1edbng, ho\u1eb7c th\u00eam v\u00e0o s\u00fap khi l\u00e0m c\u00e1c m\u00f3n s\u00fap kem \u0111\u1ec3 t\u0103ng \u0111\u1ed9 ng\u1eady b\u00e9o v\u00e0 th\u01a1m cho s\u00fap.<\/p>\n<p>&#8211;\u00a0M\u1ecdi kh\u00e2u t\u1eeb tuy\u1ec3n ch\u1ecdn nguy\u00ean li\u1ec7u t\u1edbi ch\u1ebf bi\u1ebfn, \u0111\u00f3ng g\u00f3i \u0111\u1ec1u di\u1ec5n ra kh\u00e9p k\u00edn d\u01b0\u1edbi s\u1ef1 gi\u00e1m s\u00e1t v\u00e0 ki\u1ec3m tra nghi\u00eam ng\u1eb7t c\u1ee7a c\u00e1c chuy\u00ean gia v\u1ec1 c\u00f4ng ngh\u1ec7 th\u1ef1c ph\u1ea9m, \u0111\u1ea3m b\u1ea3o an to\u00e0n cho s\u1ee9c kh\u1ecfe ng\u01b0\u1eddi ti\u00eau d\u00f9ng.<\/p>","protected":false},"featured_media":25950,"comment_status":"open","ping_status":"closed","template":"","meta":[],"product_brand":[],"product_cat":[677,255,275,36,135],"product_tag":[],"class_list":{"0":"post-25945","1":"product","2":"type-product","3":"status-publish","4":"has-post-thumbnail","6":"product_cat-cac-nuoc-khac","7":"product_cat-nguyen-lieu-lam-banh","8":"product_cat-thuc-pham-dong-lanh","9":"product_cat-thuc-pham-tieu-dung","10":"product_cat-sua-do-uong","12":"first","13":"instock","14":"sale","15":"shipping-taxable","16":"purchasable","17":"product-type-variable"},"_links":{"self":[{"href":"https:\/\/havamall.vn\/en\/wp-json\/wp\/v2\/product\/25945"}],"collection":[{"href":"https:\/\/havamall.vn\/en\/wp-json\/wp\/v2\/product"}],"about":[{"href":"https:\/\/havamall.vn\/en\/wp-json\/wp\/v2\/types\/product"}],"replies":[{"embeddable":true,"href":"https:\/\/havamall.vn\/en\/wp-json\/wp\/v2\/comments?post=25945"}],"version-history":[{"count":0,"href":"https:\/\/havamall.vn\/en\/wp-json\/wp\/v2\/product\/25945\/revisions"}],"wp:featuredmedia":[{"embeddable":true,"href":"https:\/\/havamall.vn\/en\/wp-json\/wp\/v2\/media\/25950"}],"wp:attachment":[{"href":"https:\/\/havamall.vn\/en\/wp-json\/wp\/v2\/media?parent=25945"}],"wp:term":[{"taxonomy":"product_brand","embeddable":true,"href":"https:\/\/havamall.vn\/en\/wp-json\/wp\/v2\/product_brand?post=25945"},{"taxonomy":"product_cat","embeddable":true,"href":"https:\/\/havamall.vn\/en\/wp-json\/wp\/v2\/product_cat?post=25945"},{"taxonomy":"product_tag","embeddable":true,"href":"https:\/\/havamall.vn\/en\/wp-json\/wp\/v2\/product_tag?post=25945"}],"curies":[{"name":"wp","href":"https:\/\/api.w.org\/{rel}","templated":true}]}}