{"id":25940,"date":"2022-03-24T11:51:00","date_gmt":"2022-03-24T04:51:00","guid":{"rendered":"https:\/\/havamall.vn\/?post_type=product&#038;p=25940"},"modified":"2025-03-19T11:53:35","modified_gmt":"2025-03-19T04:53:35","slug":"kem-sua-socola-dang-xit-tatua-chai-250gr-chocolate-mousse","status":"publish","type":"product","link":"https:\/\/havamall.vn\/en\/shop\/kem-sua-socola-dang-xit-tatua-chai-250gr-chocolate-mousse\/","title":{"rendered":"Kem S\u1eefa Socola D\u1ea1ng X\u1ecbt Tatua Chai 250gr &#8211; Chocolate Mousse"},"content":{"rendered":"<h3><strong>TH\u00d4NG TIN S\u1ea2N PH\u1ea8M<\/strong><\/h3>\n<table>\n<tbody>\n<tr>\n<td>Th\u01b0\u01a1ng hi\u1ec7u<\/td>\n<td>TATUA<\/td>\n<\/tr>\n<tr>\n<td>Xu\u1ea5t x\u1ee9<\/td>\n<td>New Zealand<\/td>\n<\/tr>\n<tr>\n<td>Th\u00e0nh ph\u1ea7n<\/td>\n<td>Kem s\u1eefa (64%), socola t\u1ef1 nhi\u00ean, s\u1eefa b\u1ed9t g\u1ea7y, \u0111\u01b0\u1eddng, \u0111\u01b0\u1eddng dextrose,&#8230;<\/td>\n<\/tr>\n<tr>\n<td>H\u1ea1n s\u1eed d\u1ee5ng<\/td>\n<td>12 th\u00e1ng k\u1ec3 t\u1eeb ng\u00e0y s\u1ea3n xu\u1ea5t.<\/td>\n<\/tr>\n<tr>\n<td>B\u1ea3o qu\u1ea3n<\/td>\n<td>B\u1ea3o qu\u1ea3n \u1edf nhi\u1ec7t \u0111\u1ed9 0 \u2013 4 \u0111\u1ed9 C<\/td>\n<\/tr>\n<tr>\n<td>Kh\u1ed1i l\u01b0\u1ee3ng t\u1ecbnh<\/td>\n<td>250gr<\/td>\n<\/tr>\n<\/tbody>\n<\/table>\n<h3><strong>TH\u00d4NG TIN TH\u01af\u01a0NG HI\u1ec6U<\/strong><\/h3>\n<p>TATUA l\u00e0 m\u1ed9t th\u01b0\u01a1ng hi\u1ec7u n\u1ed5i ti\u1ebfng s\u1ea3n xu\u1ea5t c\u00e1c s\u1ea3n ph\u1ea9m kem s\u1eefa l\u00e2u \u0111\u1eddi nh\u1ea5t t\u1ea1i New Zealand, \u0111\u01b0\u1ee3c th\u00e0nh l\u1eadp n\u0103m 1914. C\u00f3 th\u1ec3 n\u00f3i \u0111\u00e2y l\u00e0 m\u1ed9t th\u01b0\u01a1ng hi\u1ec7u n\u1ed5i ti\u1ebfng v\u00e0 \u0111\u01b0\u1ee3c nhi\u1ec1u tin d\u00f9ng b\u1edfi \u0111\u1ed9 ngon v\u00e0 ng\u1eady do \u0111\u01b0\u1ee3c l\u00e0m t\u1eeb s\u1eefa t\u01b0\u01a1i c\u1ee7a \u0111\u1ed9ng v\u1eadt.\u00a0C\u00e1c s\u1ea3n ph\u1ea9m t\u1eeb th\u01b0\u01a1ng hi\u1ec7u Tatua \u0111\u01b0\u1ee3c \u01b0a chu\u1ed9ng tr\u00ean to\u00e0n th\u1ebf gi\u1edbi nh\u1edd v\u00e0o ch\u1ea5t l\u01b0\u1ee3ng v\u01b0\u1ee3t tr\u1ed9i, s\u1ef1 ti\u1ec7n l\u1ee3i, h\u1ea1n s\u1eed d\u1ee5ng l\u00e2u d\u00e0i v\u00e0 t\u00ednh linh ho\u1ea1t trong \u1ee9ng d\u1ee5ng. Tatua \u0111\u01b0\u1ee3c bi\u1ebft \u0111\u1ebfn v\u1edbi\u00a0c\u00e1c s\u1ea3n ph\u1ea9m n\u1ed5i ti\u1ebfng nh\u01b0: kem s\u1eefa (whipping cream, culinary &amp; whipping cream), ph\u00f4 mai mascarpone, kem chua (sour cream), kem x\u1ecbt (whipped cream).<\/p>\n<p><img fetchpriority=\"high\" decoding=\"async\" class=\"wp-image-25934 aligncenter\" src=\"https:\/\/havamall.vn\/wp-content\/uploads\/2025\/03\/EZZz3GwU4AAm18a.jpg\" alt=\"\" width=\"1379\" height=\"507\" \/><\/p>\n<h3><strong>\u0110\u1eb6C \u0110I\u1ec2M S\u1ea2N PH\u1ea8M<\/strong><\/h3>\n<p>Kem whipping l\u00e0 lo\u1ea1i kem t\u01b0\u01a1i c\u00f3 ngu\u1ed3n g\u1ed1c \u0111\u1ed9ng v\u1eadt, \u0111\u01b0\u1ee3c l\u00e0m t\u1eeb s\u1eefa b\u00f2 t\u01b0\u01a1i. C\u00f3 v\u1ecb ng\u1eady, th\u01a1m c\u1ee7a kem s\u1eefa v\u00e0 tan trong mi\u1ec7ng; kh\u00f4ng ch\u1ee9a \u0111\u01b0\u1eddng c\u00f3 th\u1ec3 d\u00f9ng \u0103n ki\u00eang.<\/p>\n<p>Whipping cream hay c\u00f2n \u0111\u01b0\u1ee3c g\u1ecdi l\u00e0 kem s\u1eefa t\u01b0\u01a1i, \u0111\u01b0\u1ee3c l\u00e0m t\u1eeb s\u1eefa b\u00f2. Kem s\u1eefa t\u01b0\u01a1i th\u01b0\u1eddng \u1edf d\u1ea1ng l\u1ecfng, h\u01a1i s\u1ec7t. Khi \u0111\u00e1nh kem b\u00f4ng l\u00ean, s\u1ebd tr\u1edf n\u00ean b\u00f4ng, x\u1ed1p v\u00e0 m\u1ec1m m\u1ecbn.<\/p>\n<p>S\u1eefa b\u00f2 sau khi v\u1eaft ra, \u0111\u1ec3 trong v\u00f2ng kho\u1ea3ng 24 ti\u1ebfng s\u1ebd thu \u0111\u01b0\u1ee3c l\u1edbp v\u00e1ng n\u1ed5i l\u00ean tr\u00ean, ch\u00ednh l\u00e0 ch\u1ea5t b\u00e9o trong s\u1eefa. Sau khi h\u1edbt l\u1edbp v\u00e1ng, b\u1eb1ng nhi\u1ec1u c\u00e1ch x\u1eed l\u00fd kh\u00e1c nhau s\u1ebd thu \u0111\u01b0\u1ee3c v\u00e1ng s\u1eefa ho\u1eb7c kem s\u1eefa t\u01b0\u01a1i.<\/p>\n<p><img decoding=\"async\" class=\"size-full wp-image-25941 aligncenter\" src=\"https:\/\/havamall.vn\/wp-content\/uploads\/2025\/03\/KEM-SUA-SOCOLA-1.jpg\" alt=\"\" width=\"2048\" height=\"2046\" \/><\/p>\n<p>Kem s\u1eefa t\u01b0\u01a1i c\u00f3 h\u00e0m l\u01b0\u1ee3ng ch\u1ea5t b\u00e9o cao, th\u00f4ng th\u01b0\u1eddng kho\u1ea3ng t\u1eeb 38% \u0111\u1ebfn 40%. Th\u01b0\u1eddng th\u00ec th\u00f4ng tin v\u1ec1 h\u00e0m l\u01b0\u1ee3ng ch\u1ea5t b\u00e9o \u0111\u01b0\u1ee3c in tr\u00ean v\u1ecf h\u1ed9p. \u0110\u00e2y c\u0169ng l\u00e0 \u0111i\u1ec3m \u0111\u1ec3 ph\u00e2n bi\u1ec7t kem s\u1eefa t\u01b0\u01a1i v\u1edbi c\u00e1c ch\u1ebf ph\u1ea9m kh\u00e1c t\u1eeb ch\u1ea5t b\u00e9o c\u1ee7a s\u1eefa.<\/p>\n<p>Kem s\u1eefa socola d\u1ea1ng chai x\u1ecbt Tatua v\u1edbi th\u00e0nh ph\u1ea7n 64% kem s\u1eefa, l\u00e0 s\u1ef1 l\u1ef1a ch\u1ecdn thay th\u1ebf ti\u1ec7n d\u1ee5ng, \u0111\u01a1n gi\u1ea3n cho kem whipping t\u1ef1 \u0111\u00e1nh. R\u1ea5t ph\u00f9 h\u1ee3p cho nh\u1eefng ai y\u00eau th\u00edch s\u00f4c\u00f4la nh\u01b0 m\u1ed9t l\u1edbp ph\u1ee7 \u0111\u1eb7c bi\u1ec7t cho b\u1ec1 m\u1eb7t b\u00e1nh, s\u00f4c\u00f4la n\u00f3ng, m\u00f3n tr\u00e1ng mi\u1ec7ng hay tr\u00e1i c\u00e2y. \u0110\u1ec3 t\u1eadn h\u01b0\u1edfng tr\u1ecdn v\u1eb9n h\u01b0\u01a1ng v\u1ecb, n\u00ean d\u00f9ng ngay khi m\u00f3n \u0103n, m\u00f3n tr\u00e1ng mi\u1ec7ng ho\u00e0n ch\u1ec9nh. Kem s\u1eefa socola Tatua l\u00e0 m\u1ed9t lo\u1ea1i h\u1ed7n h\u1ee3p kem s\u1eefa d\u1ea1ng x\u1ecbt \u00edt b\u00e9o do \u0111\u01b0\u1ee3c t\u00e1ch ra t\u1eeb s\u1eefa b\u00f2 t\u01b0\u01a1i nguy\u00ean ch\u1ea5t.\u00a0S\u1ea3n ph\u1ea9m \u0111\u01b0\u1ee3c \u0111\u00f3ng g\u00f3i d\u01b0\u1edbi d\u1ea1ng b\u00ecnh x\u1ecbt ti\u1ec7n l\u1ee3i v\u00e0 d\u1ec5 s\u1eed d\u1ee5ng. Kem t\u01b0\u01a1i \u1edf d\u1ea1ng l\u1ecfng, h\u01a1i s\u1ec7t, khi x\u1ecbt t\u1ea1o ra l\u1edbp kem b\u00f4ng tr\u1eafng \u0111\u1eb9p m\u1eaft.<\/p>\n<p><img decoding=\"async\" class=\"size-full wp-image-25942 aligncenter\" src=\"https:\/\/havamall.vn\/wp-content\/uploads\/2025\/03\/KEM-SUA-SOCOLA-4.jpg\" alt=\"\" width=\"2048\" height=\"1364\" \/><\/p>\n<h4><strong>H\u01b0\u1edbng d\u1eabn s\u1eed d\u1ee5ng<\/strong><\/h4>\n<p>G\u1eadp v\u00f2i phun \u0111\u1ec3 m\u1edf b\u1ecf ph\u1ea7n kh\u00f3a. L\u1eafc 3 &#8211; 4 l\u1ea7n tr\u01b0\u1edbc khi d\u00f9ng. Gi\u1eef th\u00e2n chai th\u1eb3ng \u0111\u1ee9ng theo chi\u1ec1u d\u1ecdc, \u00fap ng\u01b0\u1ee3c v\u00e0 nh\u1ea5n n\u00fat. Sau m\u1ed7i l\u1ea7n d\u00f9ng, n\u00ean r\u1eeda v\u00f2i v\u1edbi\u00a0n\u01b0\u1edbc \u1ea5m. B\u1ea3o qu\u1ea3n trong t\u1ee7 l\u1ea1nh \u1edf nhi\u1ec7t \u0111\u1ed9 4-6 \u0111\u1ed9. S\u1ea3n ph\u1ea9m sau khi m\u1edf v\u00e0 b\u1ea3o qu\u1ea3n nh\u01b0 h\u01b0\u1edbng d\u1eabn c\u00f3 th\u1ec3 l\u01b0u tr\u1eef v\u00e0 d\u00f9ng cho \u0111\u1ebfn h\u1ebft ng\u00e0y h\u1ea1n s\u1eed d\u1ee5ng ghi tr\u00ean bao b\u00ec.<\/p>\n<ul>\n<li>D\u00f9ng \u0111\u1ec3 l\u00e0m kem trang tr\u00ed m\u1eb7t b\u00e1nh (Khi \u0111\u00e1nh b\u00f4ng kem \u0111\u1ec3 ph\u1ee7 m\u1eb7t b\u00e1nh, b\u1ea1n c\u1ea7n cho th\u00eam \u0111\u01b0\u1eddng, gia gi\u1ea3m l\u01b0\u1ee3ng \u0111\u01b0\u1eddng t\u00f9y theo kh\u1ea9u v\u1ecb),<\/li>\n<li>D\u00f9ng \u0111\u1ec3 l\u00e0m b\u00e1nh Mousse (1 lo\u1ea1i kh\u00f4ng d\u00f9ng l\u00f2 n\u01b0\u1edbng v\u00e0 l\u00e0m \u0111\u00f4ng b\u1eb1ng l\u00e1 gelatin)<\/li>\n<li>L\u00e0m b\u00e1nh pudding, caramen, k\u1eb9o s\u00f4c\u00f4la t\u01b0\u01a1i (chocolate truffles), k\u1eb9o caramen<\/li>\n<li>\u0110\u1eb7c bi\u1ec7t d\u00f9ng l\u00e0m nguy\u00ean li\u1ec7u cho m\u00f3n kem ng\u00e0y h\u00e8.<\/li>\n<\/ul>\n<p><img loading=\"lazy\" decoding=\"async\" class=\"size-full wp-image-25943 aligncenter\" src=\"https:\/\/havamall.vn\/wp-content\/uploads\/2025\/03\/KEM-SUA-SOCOLA-2-1.jpg\" alt=\"\" width=\"1447\" height=\"1809\" \/><\/p>\n<p>&nbsp;<\/p>","protected":false},"excerpt":{"rendered":"<p>\u2013 Kem S\u1eefa Socola Tatua d\u1ea1ng x\u1ecbt l\u00e0 lo\u1ea1i kem t\u01b0\u01a1i c\u00f3 ngu\u1ed3n g\u1ed1c \u0111\u1ed9ng v\u1eadt, \u0111\u01b0\u1ee3c l\u00e0m t\u1eeb s\u1eefa b\u00f2 t\u01b0\u01a1i. Kem c\u00f3 \u0111\u1ed9 b\u00e9o v\u1eeba ph\u1ea3i, v\u1ecb ng\u1eady, th\u01a1m c\u1ee7a kem s\u1eefa v\u00e0 tan trong mi\u1ec7ng.<\/p>\n<p>\u2013 D\u00f9ng \u0111\u1ec3 l\u00e0m kem trang tr\u00ed m\u1eb7t b\u00e1nh; l\u00e0m b\u00e1nh mousse; l\u00e0m b\u00e1nh pudding, caramen, truffles, k\u1eb9o caramen; kem;\u2026<\/p>\n<p>\u2013 \u0110\u01b0\u1ee3c thi\u1ebft k\u1ebf v\u1edbi d\u1ea1ng b\u00ecnh x\u1ecbt ti\u1ec7n l\u1ee3i, d\u1ec5 s\u1eed d\u1ee5ng v\u00e0 b\u1ea3o qu\u1ea3n.<\/p>","protected":false},"featured_media":25944,"comment_status":"open","ping_status":"closed","template":"","meta":[],"product_brand":[],"product_cat":[677,255,275,36,135],"product_tag":[],"class_list":{"0":"post-25940","1":"product","2":"type-product","3":"status-publish","4":"has-post-thumbnail","6":"product_cat-cac-nuoc-khac","7":"product_cat-nguyen-lieu-lam-banh","8":"product_cat-thuc-pham-dong-lanh","9":"product_cat-thuc-pham-tieu-dung","10":"product_cat-sua-do-uong","12":"first","13":"instock","14":"sale","15":"shipping-taxable","16":"purchasable","17":"product-type-simple"},"_links":{"self":[{"href":"https:\/\/havamall.vn\/en\/wp-json\/wp\/v2\/product\/25940"}],"collection":[{"href":"https:\/\/havamall.vn\/en\/wp-json\/wp\/v2\/product"}],"about":[{"href":"https:\/\/havamall.vn\/en\/wp-json\/wp\/v2\/types\/product"}],"replies":[{"embeddable":true,"href":"https:\/\/havamall.vn\/en\/wp-json\/wp\/v2\/comments?post=25940"}],"version-history":[{"count":0,"href":"https:\/\/havamall.vn\/en\/wp-json\/wp\/v2\/product\/25940\/revisions"}],"wp:featuredmedia":[{"embeddable":true,"href":"https:\/\/havamall.vn\/en\/wp-json\/wp\/v2\/media\/25944"}],"wp:attachment":[{"href":"https:\/\/havamall.vn\/en\/wp-json\/wp\/v2\/media?parent=25940"}],"wp:term":[{"taxonomy":"product_brand","embeddable":true,"href":"https:\/\/havamall.vn\/en\/wp-json\/wp\/v2\/product_brand?post=25940"},{"taxonomy":"product_cat","embeddable":true,"href":"https:\/\/havamall.vn\/en\/wp-json\/wp\/v2\/product_cat?post=25940"},{"taxonomy":"product_tag","embeddable":true,"href":"https:\/\/havamall.vn\/en\/wp-json\/wp\/v2\/product_tag?post=25940"}],"curies":[{"name":"wp","href":"https:\/\/api.w.org\/{rel}","templated":true}]}}