{"id":25915,"date":"2022-03-24T09:34:42","date_gmt":"2022-03-24T02:34:42","guid":{"rendered":"https:\/\/havamall.vn\/?post_type=product&#038;p=25915"},"modified":"2022-03-24T09:35:40","modified_gmt":"2022-03-24T02:35:40","slug":"ruou-soju-han-quoc-damso-vi-dao-damsu-peach-soju","status":"publish","type":"product","link":"https:\/\/havamall.vn\/en\/shop\/ruou-soju-han-quoc-damso-vi-dao-damsu-peach-soju\/","title":{"rendered":"R\u01b0\u1ee3u Soju H\u00e0n Qu\u1ed1c Damso V\u1ecb \u0110\u00e0o &#8211; Damsu Peach Soju"},"content":{"rendered":"<h3><strong>TH\u00d4NG TIN S\u1ea2N PH\u1ea8M<\/strong><\/h3>\n<table>\n<tbody>\n<tr>\n<td>Th\u01b0\u01a1ng hi\u1ec7u<\/td>\n<td>Damso<\/td>\n<\/tr>\n<tr>\n<td>Xu\u1ea5t x\u1ee9<\/td>\n<td>H\u00e0n Qu\u1ed1c<\/td>\n<\/tr>\n<tr>\n<td>Th\u00e0nh ph\u1ea7n<\/td>\n<td>Ch\u01b0ng c\u1ea5t t\u1eeb m\u00eda, ch\u00e2n c\u1ea5t t\u1eeb t\u00e1o, kali sorbat, men, \u0111\u01b0\u1eddng, h\u01b0\u01a1ng \u0111\u00e0o, \u0111\u00e0o c\u00f4 \u0111\u1eb7c, n\u01b0\u1edbc tinh khi\u1ebft<\/td>\n<\/tr>\n<tr>\n<td>\u0110\u1ed9 r\u01b0\u1ee3u<\/td>\n<td>12%<\/td>\n<\/tr>\n<tr>\n<td>H\u01b0\u1edbng d\u1eabn s\u1eed d\u1ee5ng<\/td>\n<td>D\u00f9ng \u0111\u1ec3 u\u1ed1ng tr\u1ef1c ti\u1ebfp, ngon h\u01a1n khi u\u1ed1ng l\u1ea1nh.<\/td>\n<\/tr>\n<tr>\n<td>Th\u1ec3 t\u00edch<\/td>\n<td>360ml<\/td>\n<\/tr>\n<\/tbody>\n<\/table>\n<h3><strong>TH\u00d4NG TIN TH\u01af\u01a0NG HI\u1ec6U<\/strong><\/h3>\n<p>DAMSO c\u00f3 ngh\u0129a l\u00e0 \u201cv\u1eeba n\u00f3i v\u1eeba c\u01b0\u1eddi vui v\u1ebb\u201d. Ch\u00fang t\u00f4i tin r\u1eb1ng soju s\u1ebd gi\u00fap th\u01b0 gi\u00e3n t\u00e2m tr\u00ed con ng\u01b0\u1eddi, t\u01b0\u01a1ng t\u1ef1 nh\u01b0 khi ta tr\u00f2 chuy\u1ec7n v\u1edbi gia \u0111\u00ecnh ho\u1eb7c b\u1ea1n b\u00e8. V\u00ec v\u1eady m\u1ecdi ng\u01b0\u1eddi th\u01b0\u1eddng ch\u1ecdn c\u00e1ch v\u1eeba u\u1ed1ng soju v\u1eeba tr\u00f2 chuy\u1ec7n \u0111\u1ec3 c\u1ea3m th\u1ea5y t\u1ed1t h\u01a1n. \u0110\u1ed9 c\u1ed3n c\u1ee7a DAMSO kh\u00f4ng qu\u00e1 m\u1ea1nh, gi\u00fap ta c\u1ea3m th\u1ea5y d\u1ec5 ch\u1ecbu h\u01a1n trong bu\u1ed5i sum v\u1ea7y, g\u1eb7p g\u1ee1.<\/p>\n<p>Damso mong mu\u1ed1n t\u1ea1o ra lo\u1ea1i soju ch\u1ea5t l\u01b0\u1ee3ng cao \u2013 \u0111i\u1ec1u m\u00e0 c\u00e1c nh\u00e3n soju l\u1edbn th\u01b0\u1eddng b\u1ecf qu\u00ean &#8211; mang l\u1ea1i c\u1ea3m gi\u00e1c ngon mi\u1ec7ng khi u\u1ed1ng.\u00a0 DAMSO c\u0169ng nghi\u00ean c\u1ee9u \u0111\u1ec3 c\u00f3 th\u1ec3 gi\u1ea3m t\u1ed1i \u0111a c\u1ea3m gi\u00e1c kh\u00f3 ch\u1ecbu v\u00e0o ng\u00e0y h\u00f4m sau. V\u1edbi s\u1ef1 t\u00e2m huy\u1ebft n\u00e0y, DAMSO \u0111\u01b0\u1ee3c kh\u00e1ch h\u00e0ng \u0111\u00f3n nh\u1eadn khi v\u1eeba c\u00f3 ch\u1ea5t l\u01b0\u1ee3ng t\u1ed1t v\u1eeba c\u00f3 gi\u00e1 c\u1ea3 h\u1ee3p l\u00fd.<\/p>\n<p><img fetchpriority=\"high\" decoding=\"async\" class=\"wp-image-25906 aligncenter\" src=\"https:\/\/havamall.vn\/wp-content\/uploads\/2022\/03\/5ae950b9c4119469bbe6f3b4c1b266a3-300x248.png\" alt=\"\" width=\"740\" height=\"612\" srcset=\"https:\/\/havamall.vn\/wp-content\/uploads\/2022\/03\/5ae950b9c4119469bbe6f3b4c1b266a3-300x248.png 300w, https:\/\/havamall.vn\/wp-content\/uploads\/2022\/03\/5ae950b9c4119469bbe6f3b4c1b266a3-430x356.png 430w, https:\/\/havamall.vn\/wp-content\/uploads\/2022\/03\/5ae950b9c4119469bbe6f3b4c1b266a3-150x124.png 150w, https:\/\/havamall.vn\/wp-content\/uploads\/2022\/03\/5ae950b9c4119469bbe6f3b4c1b266a3-700x580.png 700w, https:\/\/havamall.vn\/wp-content\/uploads\/2022\/03\/5ae950b9c4119469bbe6f3b4c1b266a3-768x636.png 768w, https:\/\/havamall.vn\/wp-content\/uploads\/2022\/03\/5ae950b9c4119469bbe6f3b4c1b266a3-600x497.png 600w, https:\/\/havamall.vn\/wp-content\/uploads\/2022\/03\/5ae950b9c4119469bbe6f3b4c1b266a3.png 960w\" sizes=\"(max-width: 740px) 100vw, 740px\" \/><\/p>\n<p>R\u01b0\u1ee3u Soju Damso h\u01b0\u01a1ng \u0111\u00e0o (360ml) v\u1edbi th\u00e0nh ph\u1ea7n G\u1ea1o, n\u01b0\u1edbc tinh khi\u1ebft k\u1ebft h\u1ee3p v\u1edbi h\u01b0\u01a1ng\u00a0<em>\u0111\u00e0o<\/em>\u00a0t\u1ef1 nhi\u00ean cho v\u1ecb ng\u1ecdt thanh d\u1ec5 u\u1ed1ng th\u00edch h\u1ee3p cho ph\u00e1i n\u1eef.<\/p>\n<p>S\u1ef1 k\u1ebft h\u1ee3p tuy\u1ec7t v\u1eddi gi\u1eefa h\u01b0\u01a1ng v\u1ecb ng\u1ecdt ng\u00e0o c\u1ee7a r\u01b0\u1ee3u soju truy\u1ec1n th\u1ed1ng v\u00e0 h\u01b0\u01a1ng th\u01a1m quy\u1ebfn r\u0169 c\u1ee7a \u0111\u00e0o \u0111\u00e3 l\u00e0m cho r\u01b0\u1ee3u soju \u0111\u00e0o chinh ph\u1ee5c \u0111\u01b0\u1ee3c nhi\u1ec1u ng\u01b0\u1eddi th\u01b0\u1edfng r\u01b0\u1ee3u k\u1ec3 c\u1ea3 nh\u1eefng ng\u01b0\u1eddi th\u01b0\u1edfng r\u01b0\u1ee3u kh\u00f3 t\u00ednh. H\u01a1n th\u1ebf n\u1eefa, r\u01b0\u1ee3u soju \u0111\u00e0o c\u00f3 \u0111\u1ed9 c\u1ed3n nh\u1eb9, v\u1ecb \u00eam d\u1ec5 u\u1ed1ng v\u00e0 c\u00f3 nhi\u1ec1u d\u01b0\u1ee1ng ch\u1ea5t l\u00e0m \u0111\u1eb9p da t\u1eeb tr\u00e1i c\u00e2y, r\u1ea5t th\u00edch h\u1ee3p cho c\u00e1c ch\u1ecb em ph\u00e1i \u0111\u1eb9p.<\/p>\n<p><img decoding=\"async\" class=\"wp-image-25916 aligncenter\" src=\"https:\/\/havamall.vn\/wp-content\/uploads\/2022\/03\/Untitled2-300x251.png\" alt=\"\" width=\"750\" height=\"628\" srcset=\"https:\/\/havamall.vn\/wp-content\/uploads\/2022\/03\/Untitled2-300x251.png 300w, https:\/\/havamall.vn\/wp-content\/uploads\/2022\/03\/Untitled2-430x360.png 430w, https:\/\/havamall.vn\/wp-content\/uploads\/2022\/03\/Untitled2-150x126.png 150w, https:\/\/havamall.vn\/wp-content\/uploads\/2022\/03\/Untitled2-700x586.png 700w, https:\/\/havamall.vn\/wp-content\/uploads\/2022\/03\/Untitled2-768x643.png 768w, https:\/\/havamall.vn\/wp-content\/uploads\/2022\/03\/Untitled2-600x502.png 600w, https:\/\/havamall.vn\/wp-content\/uploads\/2022\/03\/Untitled2.png 975w\" sizes=\"(max-width: 750px) 100vw, 750px\" \/><\/p>\n<h3><strong>H\u01b0\u1edbng d\u1eabn s\u1eed d\u1ee5ng:<\/strong><\/h3>\n<ul>\n<li>H\u01b0\u1edbng d\u1eabn s\u1eed d\u1ee5ng: B\u1ea1n n\u00ean \u0111\u1ec3 l\u1ea1nh ho\u1eb7c u\u1ed1ng c\u00f9ng \u0111\u00e1 s\u1ebd ngon h\u01a1n. Ngo\u00e0i ra \u0111\u1ec3 t\u0103ng th\u00eam h\u01b0\u01a1ng v\u1ecb cho b\u1ea1n khi th\u01b0\u1edfng th\u1ee9c c\u00f3 th\u1ec3 pha ch\u1ebf cocktail soju s\u1eefa, n\u01b0\u1edbc ng\u1ecdt ho\u1eb7c tr\u00e1i c\u00e2y t\u01b0\u01a1i\u2026.<\/li>\n<li>B\u1ea1n c\u00f3 th\u1ec3 d\u00f9ng soju khi \u0103n k\u00e8m BBQ, ho\u1eb7c t\u1ea5t c\u1ea3 c\u00e1c m\u00f3n nh\u01b0 l\u1ea9u, h\u1ea5p x\u00e0o, \u0111\u1ec3 c\u00f3 th\u1ec3 th\u01b0\u1edfng th\u1ee9c h\u01b0\u01a1ng v\u1ecb tuy\u1ec7t v\u1eddi c\u1ee7a nh\u1eefng d\u00f2ng soju tr\u00e1i c\u00e2y th\u01a1m ngon.<\/li>\n<\/ul>\n<p>S\u1ea3n ph\u1ea9m hi\u1ec7n \u0111\u00e3 c\u00f3 m\u1eb7t t\u1ea1i Havamall.<\/p>\n<p><img decoding=\"async\" class=\"wp-image-25912 aligncenter\" src=\"https:\/\/havamall.vn\/wp-content\/uploads\/2022\/03\/a97b5d7d2e37f000484c734035a5a836-1-300x169.png\" alt=\"\" width=\"749\" height=\"422\" srcset=\"https:\/\/havamall.vn\/wp-content\/uploads\/2022\/03\/a97b5d7d2e37f000484c734035a5a836-1-300x169.png 300w, https:\/\/havamall.vn\/wp-content\/uploads\/2022\/03\/a97b5d7d2e37f000484c734035a5a836-1-430x242.png 430w, https:\/\/havamall.vn\/wp-content\/uploads\/2022\/03\/a97b5d7d2e37f000484c734035a5a836-1-150x84.png 150w, https:\/\/havamall.vn\/wp-content\/uploads\/2022\/03\/a97b5d7d2e37f000484c734035a5a836-1-700x394.png 700w, https:\/\/havamall.vn\/wp-content\/uploads\/2022\/03\/a97b5d7d2e37f000484c734035a5a836-1-768x432.png 768w, https:\/\/havamall.vn\/wp-content\/uploads\/2022\/03\/a97b5d7d2e37f000484c734035a5a836-1-600x338.png 600w, https:\/\/havamall.vn\/wp-content\/uploads\/2022\/03\/a97b5d7d2e37f000484c734035a5a836-1.png 800w\" sizes=\"(max-width: 749px) 100vw, 749px\" \/><\/p>","protected":false},"excerpt":{"rendered":"<p>TH\u00d4NG TIN S\u1ea2N PH\u1ea8M Th\u01b0\u01a1ng hi\u1ec7u Damso Xu\u1ea5t x\u1ee9 H\u00e0n Qu\u1ed1c Th\u00e0nh ph\u1ea7n Ch\u01b0ng c\u1ea5t t\u1eeb m\u00eda, ch\u00e2n c\u1ea5t t\u1eeb<\/p>","protected":false},"featured_media":25917,"comment_status":"open","ping_status":"closed","template":"","meta":[],"product_brand":[],"product_cat":[36,135],"product_tag":[],"class_list":{"0":"post-25915","1":"product","2":"type-product","3":"status-publish","4":"has-post-thumbnail","6":"product_cat-thuc-pham-tieu-dung","7":"product_cat-sua-do-uong","9":"first","10":"instock","11":"sale","12":"shipping-taxable","13":"purchasable","14":"product-type-simple"},"_links":{"self":[{"href":"https:\/\/havamall.vn\/en\/wp-json\/wp\/v2\/product\/25915"}],"collection":[{"href":"https:\/\/havamall.vn\/en\/wp-json\/wp\/v2\/product"}],"about":[{"href":"https:\/\/havamall.vn\/en\/wp-json\/wp\/v2\/types\/product"}],"replies":[{"embeddable":true,"href":"https:\/\/havamall.vn\/en\/wp-json\/wp\/v2\/comments?post=25915"}],"version-history":[{"count":0,"href":"https:\/\/havamall.vn\/en\/wp-json\/wp\/v2\/product\/25915\/revisions"}],"wp:featuredmedia":[{"embeddable":true,"href":"https:\/\/havamall.vn\/en\/wp-json\/wp\/v2\/media\/25917"}],"wp:attachment":[{"href":"https:\/\/havamall.vn\/en\/wp-json\/wp\/v2\/media?parent=25915"}],"wp:term":[{"taxonomy":"product_brand","embeddable":true,"href":"https:\/\/havamall.vn\/en\/wp-json\/wp\/v2\/product_brand?post=25915"},{"taxonomy":"product_cat","embeddable":true,"href":"https:\/\/havamall.vn\/en\/wp-json\/wp\/v2\/product_cat?post=25915"},{"taxonomy":"product_tag","embeddable":true,"href":"https:\/\/havamall.vn\/en\/wp-json\/wp\/v2\/product_tag?post=25915"}],"curies":[{"name":"wp","href":"https:\/\/api.w.org\/{rel}","templated":true}]}}