{"id":25909,"date":"2022-03-23T17:34:30","date_gmt":"2022-03-23T10:34:30","guid":{"rendered":"https:\/\/havamall.vn\/?post_type=product&#038;p=25909"},"modified":"2022-03-23T17:34:30","modified_gmt":"2022-03-23T10:34:30","slug":"ruou-soju-han-quoc-damso-vi-truyen-thong-360ml","status":"publish","type":"product","link":"https:\/\/havamall.vn\/en\/shop\/ruou-soju-han-quoc-damso-vi-truyen-thong-360ml\/","title":{"rendered":"R\u01b0\u1ee3u Soju H\u00e0n Qu\u1ed1c Damso V\u1ecb Truy\u1ec1n Th\u1ed1ng 360ml"},"content":{"rendered":"<h3><strong>TH\u00d4NG TIN S\u1ea2N PH\u1ea8M<\/strong><\/h3>\n<table>\n<tbody>\n<tr>\n<td>Th\u01b0\u01a1ng hi\u1ec7u<\/td>\n<td>Damso<\/td>\n<\/tr>\n<tr>\n<td>Xu\u1ea5t x\u1ee9<\/td>\n<td>H\u00e0n Qu\u1ed1c<\/td>\n<\/tr>\n<tr>\n<td>Th\u00e0nh ph\u1ea7n<\/td>\n<td>Ch\u01b0ng c\u1ea5t t\u1eeb m\u00eda, ch\u00e2n c\u1ea5t t\u1eeb t\u00e1o, kali sorbat, men, \u0111\u01b0\u1eddng, n\u01b0\u1edbc tinh khi\u1ebft<\/td>\n<\/tr>\n<tr>\n<td>\u0110\u1ed9 r\u01b0\u1ee3u<\/td>\n<td>17%<\/td>\n<\/tr>\n<tr>\n<td>H\u01b0\u1edbng d\u1eabn s\u1eed d\u1ee5ng<\/td>\n<td>D\u00f9ng \u0111\u1ec3 u\u1ed1ng tr\u1ef1c ti\u1ebfp, ngon h\u01a1n khi u\u1ed1ng l\u1ea1nh.<\/td>\n<\/tr>\n<tr>\n<td>Th\u1ec3 t\u00edch<\/td>\n<td>360ml<\/td>\n<\/tr>\n<\/tbody>\n<\/table>\n<h3><strong>TH\u00d4NG TIN TH\u01af\u01a0NG HI\u1ec6U<\/strong><\/h3>\n<p>DAMSO c\u00f3 ngh\u0129a l\u00e0 \u201cv\u1eeba n\u00f3i v\u1eeba c\u01b0\u1eddi vui v\u1ebb\u201d. Ch\u00fang t\u00f4i tin r\u1eb1ng soju s\u1ebd gi\u00fap th\u01b0 gi\u00e3n t\u00e2m tr\u00ed con ng\u01b0\u1eddi, t\u01b0\u01a1ng t\u1ef1 nh\u01b0 khi ta tr\u00f2 chuy\u1ec7n v\u1edbi gia \u0111\u00ecnh ho\u1eb7c b\u1ea1n b\u00e8. V\u00ec v\u1eady m\u1ecdi ng\u01b0\u1eddi th\u01b0\u1eddng ch\u1ecdn c\u00e1ch v\u1eeba u\u1ed1ng soju v\u1eeba tr\u00f2 chuy\u1ec7n \u0111\u1ec3 c\u1ea3m th\u1ea5y t\u1ed1t h\u01a1n. \u0110\u1ed9 c\u1ed3n c\u1ee7a DAMSO kh\u00f4ng qu\u00e1 m\u1ea1nh, gi\u00fap ta c\u1ea3m th\u1ea5y d\u1ec5 ch\u1ecbu h\u01a1n trong bu\u1ed5i sum v\u1ea7y, g\u1eb7p g\u1ee1.<\/p>\n<p><img fetchpriority=\"high\" decoding=\"async\" class=\"wp-image-25911 aligncenter\" src=\"https:\/\/havamall.vn\/wp-content\/uploads\/2022\/03\/cf2cbe813be68f71495c2f3044d3b7b5-300x249.png\" alt=\"\" width=\"773\" height=\"642\" srcset=\"https:\/\/havamall.vn\/wp-content\/uploads\/2022\/03\/cf2cbe813be68f71495c2f3044d3b7b5-300x249.png 300w, https:\/\/havamall.vn\/wp-content\/uploads\/2022\/03\/cf2cbe813be68f71495c2f3044d3b7b5-430x357.png 430w, https:\/\/havamall.vn\/wp-content\/uploads\/2022\/03\/cf2cbe813be68f71495c2f3044d3b7b5-150x125.png 150w, https:\/\/havamall.vn\/wp-content\/uploads\/2022\/03\/cf2cbe813be68f71495c2f3044d3b7b5-700x582.png 700w, https:\/\/havamall.vn\/wp-content\/uploads\/2022\/03\/cf2cbe813be68f71495c2f3044d3b7b5-768x638.png 768w, https:\/\/havamall.vn\/wp-content\/uploads\/2022\/03\/cf2cbe813be68f71495c2f3044d3b7b5-600x499.png 600w, https:\/\/havamall.vn\/wp-content\/uploads\/2022\/03\/cf2cbe813be68f71495c2f3044d3b7b5.png 960w\" sizes=\"(max-width: 773px) 100vw, 773px\" \/><\/p>\n<p>Damso mong mu\u1ed1n t\u1ea1o ra lo\u1ea1i soju ch\u1ea5t l\u01b0\u1ee3ng cao \u2013 \u0111i\u1ec1u m\u00e0 c\u00e1c nh\u00e3n soju l\u1edbn th\u01b0\u1eddng b\u1ecf qu\u00ean &#8211; mang l\u1ea1i c\u1ea3m gi\u00e1c ngon mi\u1ec7ng khi u\u1ed1ng.\u00a0 DAMSO c\u0169ng nghi\u00ean c\u1ee9u \u0111\u1ec3 c\u00f3 th\u1ec3 gi\u1ea3m t\u1ed1i \u0111a c\u1ea3m gi\u00e1c kh\u00f3 ch\u1ecbu v\u00e0o ng\u00e0y h\u00f4m sau. V\u1edbi s\u1ef1 t\u00e2m huy\u1ebft n\u00e0y, DAMSO \u0111\u01b0\u1ee3c kh\u00e1ch h\u00e0ng \u0111\u00f3n nh\u1eadn khi v\u1eeba c\u00f3 ch\u1ea5t l\u01b0\u1ee3ng t\u1ed1t v\u1eeba c\u00f3 gi\u00e1 c\u1ea3 h\u1ee3p l\u00fd.<\/p>\n<p><img decoding=\"async\" class=\"wp-image-25912 aligncenter\" src=\"https:\/\/havamall.vn\/wp-content\/uploads\/2022\/03\/a97b5d7d2e37f000484c734035a5a836-1-300x169.png\" alt=\"\" width=\"768\" height=\"432\" srcset=\"https:\/\/havamall.vn\/wp-content\/uploads\/2022\/03\/a97b5d7d2e37f000484c734035a5a836-1-300x169.png 300w, https:\/\/havamall.vn\/wp-content\/uploads\/2022\/03\/a97b5d7d2e37f000484c734035a5a836-1-430x242.png 430w, https:\/\/havamall.vn\/wp-content\/uploads\/2022\/03\/a97b5d7d2e37f000484c734035a5a836-1-150x84.png 150w, https:\/\/havamall.vn\/wp-content\/uploads\/2022\/03\/a97b5d7d2e37f000484c734035a5a836-1-700x394.png 700w, https:\/\/havamall.vn\/wp-content\/uploads\/2022\/03\/a97b5d7d2e37f000484c734035a5a836-1-768x432.png 768w, https:\/\/havamall.vn\/wp-content\/uploads\/2022\/03\/a97b5d7d2e37f000484c734035a5a836-1-600x338.png 600w, https:\/\/havamall.vn\/wp-content\/uploads\/2022\/03\/a97b5d7d2e37f000484c734035a5a836-1.png 800w\" sizes=\"(max-width: 768px) 100vw, 768px\" \/><\/p>\n<p>R\u01b0\u1ee3u soju Damso original r\u01b0\u1ee3u truy\u1ec1n th\u1ed1ng x\u1ee9 Kim chi. R\u01b0\u1ee3u\u00a0soju\u00a0c\u00f3 h\u01b0\u01a1ngv\u1ecb\u00a0d\u1ecbu h\u01a1n v\u00e0 ng\u1ecdt h\u01a1n, n\u00f3 c\u0169ng d\u1ec5 u\u1ed1ng h\u01a1n.\u00a0Soju\u00a0c\u00f3 gi\u00e1 h\u1ee3p l\u00fd l\u1ea1i d\u1ec5 u\u1ed1ng n\u00ean n\u00f3 d\u1ea7n tr\u1edf th\u00e0nh lo\u1ea1i th\u1ee9c u\u1ed1ng c\u00f3 c\u1ed3n ph\u1ed5 bi\u1ebfn nh\u1ea5t \u1edf H\u00e0n Qu\u1ed1c.Mang h\u01b0\u01a1ng v\u1ecb nguy\u00ean v\u1eb9n truy\u1ec1n th\u1ed1ng \u0111\u01b0\u1ee3c nhi\u1ec1u ng\u01b0\u1eddi y\u00eau th\u00edch, v\u1edbi n\u1ed3ng \u0111\u1ed9 c\u1ed3n ch\u1ec9 16,9%, th\u01a1m ngon v\u00e0 l\u00f4i cu\u1ed1n.<\/p>\n<p>R\u01b0\u1ee3u soju Damso truy\u1ec1n th\u1ed1ng kh\u00f4ng ch\u1ec9 l\u00e0 \u0111\u1ed3 u\u1ed1ng gi\u1ea3i kh\u00e1t ngon m\u00e1t, nh\u1eb9 nh\u00e0ng m\u00e0 c\u00f2n r\u1ea5t th\u00edch h\u1ee3p \u0111\u1ec3 u\u1ed1ng c\u00f9ng v\u1edbi\u00a0c\u00e1c m\u00f3n n\u01b0\u1edbng l\u1ea9u, h\u1ea3i s\u1ea3n trong c\u00e1c b\u1eefa ti\u1ec7c, li\u00ean hoan.<\/p>\n<p>S\u1ea3n ph\u1ea9m hi\u1ec7n \u0111\u00e3 c\u00f3 m\u1eb7t t\u1ea1i Havamall.<\/p>\n<p><img decoding=\"async\" class=\"wp-image-25913 aligncenter\" src=\"https:\/\/havamall.vn\/wp-content\/uploads\/2022\/03\/U50baa1398dbb427594ada527c165c6d0h-300x250.png\" alt=\"\" width=\"760\" height=\"633\" srcset=\"https:\/\/havamall.vn\/wp-content\/uploads\/2022\/03\/U50baa1398dbb427594ada527c165c6d0h-300x250.png 300w, https:\/\/havamall.vn\/wp-content\/uploads\/2022\/03\/U50baa1398dbb427594ada527c165c6d0h-430x358.png 430w, https:\/\/havamall.vn\/wp-content\/uploads\/2022\/03\/U50baa1398dbb427594ada527c165c6d0h-150x125.png 150w, https:\/\/havamall.vn\/wp-content\/uploads\/2022\/03\/U50baa1398dbb427594ada527c165c6d0h-700x583.png 700w, https:\/\/havamall.vn\/wp-content\/uploads\/2022\/03\/U50baa1398dbb427594ada527c165c6d0h-768x640.png 768w, https:\/\/havamall.vn\/wp-content\/uploads\/2022\/03\/U50baa1398dbb427594ada527c165c6d0h-600x500.png 600w, https:\/\/havamall.vn\/wp-content\/uploads\/2022\/03\/U50baa1398dbb427594ada527c165c6d0h.png 960w\" sizes=\"(max-width: 760px) 100vw, 760px\" \/><\/p>","protected":false},"excerpt":{"rendered":"<p>TH\u00d4NG TIN S\u1ea2N PH\u1ea8M Th\u01b0\u01a1ng hi\u1ec7u Damso Xu\u1ea5t x\u1ee9 H\u00e0n Qu\u1ed1c Th\u00e0nh ph\u1ea7n Ch\u01b0ng c\u1ea5t t\u1eeb m\u00eda, ch\u00e2n c\u1ea5t t\u1eeb<\/p>","protected":false},"featured_media":25914,"comment_status":"open","ping_status":"closed","template":"","meta":[],"product_brand":[],"product_cat":[36,135],"product_tag":[],"class_list":{"0":"post-25909","1":"product","2":"type-product","3":"status-publish","4":"has-post-thumbnail","6":"product_cat-thuc-pham-tieu-dung","7":"product_cat-sua-do-uong","9":"first","10":"instock","11":"sale","12":"shipping-taxable","13":"purchasable","14":"product-type-simple"},"_links":{"self":[{"href":"https:\/\/havamall.vn\/en\/wp-json\/wp\/v2\/product\/25909"}],"collection":[{"href":"https:\/\/havamall.vn\/en\/wp-json\/wp\/v2\/product"}],"about":[{"href":"https:\/\/havamall.vn\/en\/wp-json\/wp\/v2\/types\/product"}],"replies":[{"embeddable":true,"href":"https:\/\/havamall.vn\/en\/wp-json\/wp\/v2\/comments?post=25909"}],"version-history":[{"count":0,"href":"https:\/\/havamall.vn\/en\/wp-json\/wp\/v2\/product\/25909\/revisions"}],"wp:featuredmedia":[{"embeddable":true,"href":"https:\/\/havamall.vn\/en\/wp-json\/wp\/v2\/media\/25914"}],"wp:attachment":[{"href":"https:\/\/havamall.vn\/en\/wp-json\/wp\/v2\/media?parent=25909"}],"wp:term":[{"taxonomy":"product_brand","embeddable":true,"href":"https:\/\/havamall.vn\/en\/wp-json\/wp\/v2\/product_brand?post=25909"},{"taxonomy":"product_cat","embeddable":true,"href":"https:\/\/havamall.vn\/en\/wp-json\/wp\/v2\/product_cat?post=25909"},{"taxonomy":"product_tag","embeddable":true,"href":"https:\/\/havamall.vn\/en\/wp-json\/wp\/v2\/product_tag?post=25909"}],"curies":[{"name":"wp","href":"https:\/\/api.w.org\/{rel}","templated":true}]}}