{"id":25904,"date":"2022-03-23T17:00:45","date_gmt":"2022-03-23T10:00:45","guid":{"rendered":"https:\/\/havamall.vn\/?post_type=product&#038;p=25904"},"modified":"2022-03-23T17:00:45","modified_gmt":"2022-03-23T10:00:45","slug":"ruou-soju-han-quoc-damso-vi-nho-xanh-360ml-grape-soju","status":"publish","type":"product","link":"https:\/\/havamall.vn\/en\/shop\/ruou-soju-han-quoc-damso-vi-nho-xanh-360ml-grape-soju\/","title":{"rendered":"R\u01b0\u1ee3u Soju H\u00e0n Qu\u1ed1c Damso V\u1ecb Nho Xanh 360ml &#8211; Grape Soju"},"content":{"rendered":"<h3><strong>TH\u00d4NG TIN S\u1ea2N PH\u1ea8M<\/strong><\/h3>\n<table>\n<tbody>\n<tr>\n<td>Th\u01b0\u01a1ng hi\u1ec7u<\/td>\n<td>Damso<\/td>\n<\/tr>\n<tr>\n<td>Xu\u1ea5t x\u1ee9<\/td>\n<td>H\u00e0n Qu\u1ed1c<\/td>\n<\/tr>\n<tr>\n<td>Th\u00e0nh ph\u1ea7n<\/td>\n<td>Ch\u01b0ng c\u1ea5t t\u1eeb m\u00eda, ch\u00e2n c\u1ea5t t\u1eeb t\u00e1o, kali sorbat, men, nho xanh c\u00f4 \u0111\u1eb7c, gi\u1ea5m t\u00e1o,&#8230;<\/td>\n<\/tr>\n<tr>\n<td>\u0110\u1ed9 r\u01b0\u1ee3u<\/td>\n<td>12%<\/td>\n<\/tr>\n<tr>\n<td>H\u01b0\u1edbng d\u1eabn s\u1eed d\u1ee5ng<\/td>\n<td>D\u00f9ng \u0111\u1ec3 u\u1ed1ng tr\u1ef1c ti\u1ebfp, ngon h\u01a1n khi u\u1ed1ng l\u1ea1nh.<\/td>\n<\/tr>\n<tr>\n<td>Th\u1ec3 t\u00edch<\/td>\n<td>360ml<\/td>\n<\/tr>\n<\/tbody>\n<\/table>\n<h3><strong>TH\u00d4NG TIN TH\u01af\u01a0NG HI\u1ec6U<\/strong><\/h3>\n<p>DAMSO c\u00f3 ngh\u0129a l\u00e0 \u201cv\u1eeba n\u00f3i v\u1eeba c\u01b0\u1eddi vui v\u1ebb\u201d. Ch\u00fang t\u00f4i tin r\u1eb1ng soju s\u1ebd gi\u00fap th\u01b0 gi\u00e3n t\u00e2m tr\u00ed con ng\u01b0\u1eddi, t\u01b0\u01a1ng t\u1ef1 nh\u01b0 khi ta tr\u00f2 chuy\u1ec7n v\u1edbi gia \u0111\u00ecnh ho\u1eb7c b\u1ea1n b\u00e8. V\u00ec v\u1eady m\u1ecdi ng\u01b0\u1eddi th\u01b0\u1eddng ch\u1ecdn c\u00e1ch v\u1eeba u\u1ed1ng soju v\u1eeba tr\u00f2 chuy\u1ec7n \u0111\u1ec3 c\u1ea3m th\u1ea5y t\u1ed1t h\u01a1n. \u0110\u1ed9 c\u1ed3n c\u1ee7a DAMSO kh\u00f4ng qu\u00e1 m\u1ea1nh, gi\u00fap ta c\u1ea3m th\u1ea5y d\u1ec5 ch\u1ecbu h\u01a1n trong bu\u1ed5i sum v\u1ea7y, g\u1eb7p g\u1ee1.<\/p>\n<p>Damso mong mu\u1ed1n t\u1ea1o ra lo\u1ea1i soju ch\u1ea5t l\u01b0\u1ee3ng cao \u2013 \u0111i\u1ec1u m\u00e0 c\u00e1c nh\u00e3n soju l\u1edbn th\u01b0\u1eddng b\u1ecf qu\u00ean &#8211; mang l\u1ea1i c\u1ea3m gi\u00e1c ngon mi\u1ec7ng khi u\u1ed1ng.\u00a0 DAMSO c\u0169ng nghi\u00ean c\u1ee9u \u0111\u1ec3 c\u00f3 th\u1ec3 gi\u1ea3m t\u1ed1i \u0111a c\u1ea3m gi\u00e1c kh\u00f3 ch\u1ecbu v\u00e0o ng\u00e0y h\u00f4m sau. V\u1edbi s\u1ef1 t\u00e2m huy\u1ebft n\u00e0y, DAMSO \u0111\u01b0\u1ee3c kh\u00e1ch h\u00e0ng \u0111\u00f3n nh\u1eadn khi v\u1eeba c\u00f3 ch\u1ea5t l\u01b0\u1ee3ng t\u1ed1t v\u1eeba c\u00f3 gi\u00e1 c\u1ea3 h\u1ee3p l\u00fd.<\/p>\n<p><img fetchpriority=\"high\" decoding=\"async\" class=\"wp-image-25906 aligncenter\" src=\"https:\/\/havamall.vn\/wp-content\/uploads\/2022\/03\/5ae950b9c4119469bbe6f3b4c1b266a3-300x248.png\" alt=\"\" width=\"797\" height=\"659\" srcset=\"https:\/\/havamall.vn\/wp-content\/uploads\/2022\/03\/5ae950b9c4119469bbe6f3b4c1b266a3-300x248.png 300w, https:\/\/havamall.vn\/wp-content\/uploads\/2022\/03\/5ae950b9c4119469bbe6f3b4c1b266a3-430x356.png 430w, https:\/\/havamall.vn\/wp-content\/uploads\/2022\/03\/5ae950b9c4119469bbe6f3b4c1b266a3-150x124.png 150w, https:\/\/havamall.vn\/wp-content\/uploads\/2022\/03\/5ae950b9c4119469bbe6f3b4c1b266a3-700x580.png 700w, https:\/\/havamall.vn\/wp-content\/uploads\/2022\/03\/5ae950b9c4119469bbe6f3b4c1b266a3-768x636.png 768w, https:\/\/havamall.vn\/wp-content\/uploads\/2022\/03\/5ae950b9c4119469bbe6f3b4c1b266a3-600x497.png 600w, https:\/\/havamall.vn\/wp-content\/uploads\/2022\/03\/5ae950b9c4119469bbe6f3b4c1b266a3.png 960w\" sizes=\"(max-width: 797px) 100vw, 797px\" \/><\/p>\n<p>R\u01b0\u1ee3u soju Damso kh\u00f4ng gi\u1ed1ng nh\u01b0 vodka, soju c\u00f3 m\u1ed9t g\u1ee3i \u00fd t\u1ef1 nhi\u00ean c\u1ee7a c\u00e1c ch\u1ea5t th\u1ef1c v\u1eadt c\u00f3 th\u1ec3 l\u00e0m cho m\u1ed9t h\u01b0\u01a1ng v\u1ecb m\u01b0\u1ee3t m\u00e0 h\u01a1n vodka, m\u00e0 \u0111\u00f4i khi c\u00f3 th\u1ec3 \u0111i ra nh\u01b0 kh\u1eafc nghi\u1ec7t \u1edf cu\u1ed1i.<\/p>\n<p>R\u01b0\u1ee3u sochu v\u1ecb nho xanh v\u1edbi h\u00e0m l\u01b0\u1ee3ng c\u1ed3n r\u1ea5t nh\u1eb9 kho\u1ea3ng 12%, sochu nho c\u00f3 h\u01b0\u01a1ng v\u1ecb tr\u00e1i nho t\u01b0\u01a1i m\u00e1t v\u00e0 t\u01b0\u01a1i m\u1edbi c\u00f3 th\u1ec3 n\u1eafm b\u1eaft \u0111\u01b0\u1ee3c tr\u00e1i tim c\u1ee7a b\u1ea1n. Lo\u1ea1i r\u01b0\u1ee3u tr\u1eafng n\u00e0y th\u01b0\u1eddng \u0111\u01b0\u1ee3c c\u00e1c ch\u1ecb em ph\u1ee5 n\u1eef y\u00eau th\u00edch, b\u1edfi v\u1eeba l\u00e0 m\u00f9i r\u01b0\u1ee3u g\u1ea1o c\u1ed5 \u0111i\u1ec3n nh\u01b0ng \u0111\u1ed3ng th\u1eddi c\u0169ng kh\u00e1 hi\u1ec7n \u0111\u1ea1i khi \u0111\u01b0\u1ee3c b\u1ed5 sung v\u00e0o \u0111\u00f3 nh\u1eefng m\u00f9i v\u1ecb tr\u00e1i c\u00e2y h\u1ea5p d\u1eabn.<\/p>\n<p><img decoding=\"async\" class=\"wp-image-25901 aligncenter\" src=\"https:\/\/havamall.vn\/wp-content\/uploads\/2022\/03\/a97b5d7d2e37f000484c734035a5a836-300x169.png\" alt=\"\" width=\"797\" height=\"449\" srcset=\"https:\/\/havamall.vn\/wp-content\/uploads\/2022\/03\/a97b5d7d2e37f000484c734035a5a836-300x169.png 300w, https:\/\/havamall.vn\/wp-content\/uploads\/2022\/03\/a97b5d7d2e37f000484c734035a5a836-430x242.png 430w, https:\/\/havamall.vn\/wp-content\/uploads\/2022\/03\/a97b5d7d2e37f000484c734035a5a836-150x84.png 150w, https:\/\/havamall.vn\/wp-content\/uploads\/2022\/03\/a97b5d7d2e37f000484c734035a5a836-700x394.png 700w, https:\/\/havamall.vn\/wp-content\/uploads\/2022\/03\/a97b5d7d2e37f000484c734035a5a836-768x432.png 768w, https:\/\/havamall.vn\/wp-content\/uploads\/2022\/03\/a97b5d7d2e37f000484c734035a5a836-600x338.png 600w, https:\/\/havamall.vn\/wp-content\/uploads\/2022\/03\/a97b5d7d2e37f000484c734035a5a836.png 800w\" sizes=\"(max-width: 797px) 100vw, 797px\" \/><\/p>\n<p>V\u1eabn l\u00e0 ch\u00fat v\u1ecb n\u1ed3ng nh\u1eb9, th\u01a1m th\u01a1m m\u00f9i g\u1ea1o d\u1ec5 ch\u1ecbu. \u0110\u1ebfn khi th\u01b0\u1edfng th\u1ee9c, ng\u01b0\u1eddi u\u1ed1ng s\u1ebd c\u1ea3m nh\u1eadn \u0111\u01b0\u1ee3c v\u1ecb g\u1ea1o h\u00f2a quy\u1ec7n c\u00f9ng v\u1ecb nho chua chua ng\u1ecdt ng\u1ecdt.<\/p>\n<p>S\u1ef1 k\u1ebft h\u1ee3p \u0111\u1ed9c \u0111\u00e1o c\u1ee7a g\u1ea1o l\u00ean men c\u00f9ng h\u01b0\u01a1ng v\u1ecb tr\u00e1i c\u00e2y, t\u1ea1o c\u1ea3m gi\u00e1c th\u00edch th\u00fa n\u01a1i v\u00f2m mi\u1ec7ng. Soju \u0111\u1ec3 l\u1ea1i h\u1eadu v\u1ecb v\u1eeba ph\u1ea3i, kh\u00f4ng qu\u00e1 \u0111\u1eafng g\u1eaft m\u00e0 l\u1ea1i ng\u1ecdt d\u1ecbu m\u00f9i tr\u00e1i c\u00e2y th\u01a1m nh\u1eb9. \u0110\u00e2y qu\u1ea3 th\u1eadt l\u00e0 lo\u1ea1i th\u1ee9c u\u1ed1ng th\u01a1m ngon m\u00e0 b\u1ea5t k\u1ef3 ch\u1ecb em n\u00e0o c\u0169ng s\u1ebd y\u00eau th\u00edch.<\/p>\n<p><img decoding=\"async\" class=\"wp-image-25907 aligncenter\" src=\"https:\/\/havamall.vn\/wp-content\/uploads\/2022\/03\/Ue4880eda38a848a38b83f640e6e90485g-300x250.png\" alt=\"\" width=\"798\" height=\"665\" srcset=\"https:\/\/havamall.vn\/wp-content\/uploads\/2022\/03\/Ue4880eda38a848a38b83f640e6e90485g-300x250.png 300w, https:\/\/havamall.vn\/wp-content\/uploads\/2022\/03\/Ue4880eda38a848a38b83f640e6e90485g-430x358.png 430w, https:\/\/havamall.vn\/wp-content\/uploads\/2022\/03\/Ue4880eda38a848a38b83f640e6e90485g-150x125.png 150w, https:\/\/havamall.vn\/wp-content\/uploads\/2022\/03\/Ue4880eda38a848a38b83f640e6e90485g-700x583.png 700w, https:\/\/havamall.vn\/wp-content\/uploads\/2022\/03\/Ue4880eda38a848a38b83f640e6e90485g-768x640.png 768w, https:\/\/havamall.vn\/wp-content\/uploads\/2022\/03\/Ue4880eda38a848a38b83f640e6e90485g-600x500.png 600w, https:\/\/havamall.vn\/wp-content\/uploads\/2022\/03\/Ue4880eda38a848a38b83f640e6e90485g.png 960w\" sizes=\"(max-width: 798px) 100vw, 798px\" \/><\/p>\n<p>S\u1ea3n ph\u1ea9m hi\u1ec7n \u0111\u00e3 c\u00f3 m\u1eb7t t\u1ea1i <a href=\"https:\/\/havamall.vn\/\">Havamall<\/a>.<\/p>","protected":false},"excerpt":{"rendered":"<p>TH\u00d4NG TIN S\u1ea2N PH\u1ea8M Th\u01b0\u01a1ng hi\u1ec7u Damso Xu\u1ea5t x\u1ee9 H\u00e0n Qu\u1ed1c Th\u00e0nh ph\u1ea7n Ch\u01b0ng c\u1ea5t t\u1eeb m\u00eda, ch\u00e2n c\u1ea5t t\u1eeb<\/p>","protected":false},"featured_media":25908,"comment_status":"open","ping_status":"closed","template":"","meta":[],"product_brand":[],"product_cat":[36,135],"product_tag":[],"class_list":{"0":"post-25904","1":"product","2":"type-product","3":"status-publish","4":"has-post-thumbnail","6":"product_cat-thuc-pham-tieu-dung","7":"product_cat-sua-do-uong","9":"first","10":"instock","11":"sale","12":"shipping-taxable","13":"purchasable","14":"product-type-simple"},"_links":{"self":[{"href":"https:\/\/havamall.vn\/en\/wp-json\/wp\/v2\/product\/25904"}],"collection":[{"href":"https:\/\/havamall.vn\/en\/wp-json\/wp\/v2\/product"}],"about":[{"href":"https:\/\/havamall.vn\/en\/wp-json\/wp\/v2\/types\/product"}],"replies":[{"embeddable":true,"href":"https:\/\/havamall.vn\/en\/wp-json\/wp\/v2\/comments?post=25904"}],"version-history":[{"count":0,"href":"https:\/\/havamall.vn\/en\/wp-json\/wp\/v2\/product\/25904\/revisions"}],"wp:featuredmedia":[{"embeddable":true,"href":"https:\/\/havamall.vn\/en\/wp-json\/wp\/v2\/media\/25908"}],"wp:attachment":[{"href":"https:\/\/havamall.vn\/en\/wp-json\/wp\/v2\/media?parent=25904"}],"wp:term":[{"taxonomy":"product_brand","embeddable":true,"href":"https:\/\/havamall.vn\/en\/wp-json\/wp\/v2\/product_brand?post=25904"},{"taxonomy":"product_cat","embeddable":true,"href":"https:\/\/havamall.vn\/en\/wp-json\/wp\/v2\/product_cat?post=25904"},{"taxonomy":"product_tag","embeddable":true,"href":"https:\/\/havamall.vn\/en\/wp-json\/wp\/v2\/product_tag?post=25904"}],"curies":[{"name":"wp","href":"https:\/\/api.w.org\/{rel}","templated":true}]}}