{"id":25752,"date":"2022-03-08T15:09:51","date_gmt":"2022-03-08T08:09:51","guid":{"rendered":"https:\/\/havamall.vn\/?post_type=product&#038;p=25752"},"modified":"2022-03-11T10:43:34","modified_gmt":"2022-03-11T03:43:34","slug":"dat-set-tre-em-mont-marte-hop-24-mau-kid-modelling-clay","status":"publish","type":"product","link":"https:\/\/havamall.vn\/en\/shop\/dat-set-tre-em-mont-marte-hop-24-mau-kid-modelling-clay\/","title":{"rendered":"\u0110\u1ea5t S\u00e9t Tr\u1ebb Em Mont Marte H\u1ed9p 24 M\u00e0u &#8211; Kid Modelling Clay"},"content":{"rendered":"<p dir=\"auto\">Mont Marte l\u00e0 h\u00e3ng h\u1ecda c\u1ee5 \u0111\u00e3 c\u00f3 m\u1eb7t t\u1ea1i h\u1ec7 th\u1ed1ng c\u1eeda h\u00e0ng c\u1ee7a h\u01a1n 300 t\u1ec9nh th\u00e0nh thu\u1ed9c 75 qu\u1ed1c gia tr\u00ean to\u00e0n th\u1ebf gi\u1edbi. \u0110i\u1ec1u n\u00e0y n\u00f3i l\u00ean s\u1ef1 ph\u00e1t tri\u1ec3n b\u1ec1n v\u1eefng c\u1ee7a nh\u00e3n h\u00e0ng Mont Marte tr\u00ean th\u1ecb tr\u01b0\u1eddng th\u1ebf gi\u1edbi.<\/p>\n<p>Trong v\u00f2ng 15 n\u0103m, Mont Marte \u0111\u00e3 tr\u1edf th\u00e0nh th\u01b0\u01a1ng h\u1ec7u d\u1eabn \u0111\u1ea7u th\u1ecb tr\u01b0\u1eddng \u00dac v\u1ec1 c\u00e1c s\u1ea3n ph\u1ea9m ngh\u1ec7 thu\u1eadt v\u00e0 l\u00e0 th\u01b0\u01a1ng hi\u1ec7u \u0111\u01b0\u1ee3c tin d\u00f9ng \u1edf h\u01a1n 75 qu\u1ed1c gia: Trung Qu\u1ed1c, Canada, Ph\u00e1p, Ph\u1ea7n Lan,\u2026<\/p>\n<p>S\u1ea3n ph\u1ea9m Mont Marte kh\u00e1 \u0111a d\u1ea1ng, \u0111\u00e1p \u1ee9ng h\u1ea7u h\u1ebft c\u00e1c nhu c\u1ea7u v\u1ec1 h\u1ecda c\u1ee5 truy\u1ec1n th\u1ed1ng, t\u1eeb s\u01a1n m\u00e0u \u0111\u1ebfn c\u00e1c ph\u1ee5 ki\u1ec7n, s\u1ed5 k\u00ed h\u1ecda, gi\u1ea5y craft,\u2026v\u00e0 c\u00e1c s\u1ea3n ph\u1ea9m cho tr\u1ebb em.<\/p>\n<p><img fetchpriority=\"high\" decoding=\"async\" class=\"wp-image-25801 aligncenter\" src=\"https:\/\/havamall.vn\/wp-content\/uploads\/2022\/03\/z3249726473238_16c4ae656a334a3f88f88cc4753e2f57-1-300x252.jpg\" alt=\"\" width=\"671\" height=\"563\" srcset=\"https:\/\/havamall.vn\/wp-content\/uploads\/2022\/03\/z3249726473238_16c4ae656a334a3f88f88cc4753e2f57-1-300x252.jpg 300w, https:\/\/havamall.vn\/wp-content\/uploads\/2022\/03\/z3249726473238_16c4ae656a334a3f88f88cc4753e2f57-1-430x361.jpg 430w, https:\/\/havamall.vn\/wp-content\/uploads\/2022\/03\/z3249726473238_16c4ae656a334a3f88f88cc4753e2f57-1-150x126.jpg 150w, https:\/\/havamall.vn\/wp-content\/uploads\/2022\/03\/z3249726473238_16c4ae656a334a3f88f88cc4753e2f57-1-700x588.jpg 700w, https:\/\/havamall.vn\/wp-content\/uploads\/2022\/03\/z3249726473238_16c4ae656a334a3f88f88cc4753e2f57-1-768x645.jpg 768w, https:\/\/havamall.vn\/wp-content\/uploads\/2022\/03\/z3249726473238_16c4ae656a334a3f88f88cc4753e2f57-1-1024x860.jpg 1024w, https:\/\/havamall.vn\/wp-content\/uploads\/2022\/03\/z3249726473238_16c4ae656a334a3f88f88cc4753e2f57-1-1200x1008.jpg 1200w, https:\/\/havamall.vn\/wp-content\/uploads\/2022\/03\/z3249726473238_16c4ae656a334a3f88f88cc4753e2f57-1-600x504.jpg 600w, https:\/\/havamall.vn\/wp-content\/uploads\/2022\/03\/z3249726473238_16c4ae656a334a3f88f88cc4753e2f57-1.jpg 1920w\" sizes=\"(max-width: 671px) 100vw, 671px\" \/><\/p>\n<p>\u0110\u1ea5t n\u1eb7n \u0111\u1ed3 ch\u01a1i\u00a0hay b\u1ed9t n\u1eb7n cho b\u00e9 l\u00e0 m\u00f3n \u0111\u1ed3 ch\u01a1i kh\u00f4ng m\u1ea5y xa l\u1ea1 v\u1edbi t\u1ea5t c\u1ea3 tr\u1ebb nh\u1ecf. M\u00f3n \u0111\u1ed3 ch\u01a1i n\u00e0y \u0111\u01b0\u1ee3c xem l\u00e0 c\u00f4ng c\u1ee5 h\u1eefu \u00edch gi\u00fap tr\u1ebb r\u00e8n luy\u1ec7n nhi\u1ec1u k\u1ef9 n\u0103ng c\u1ea7n thi\u1ebft nh\u01b0 \u0111\u00f4i tay kh\u00e9o l\u00e9o, k\u00edch th\u00edch s\u1ef1 ph\u00e1t tri\u1ec3n tr\u00ed tu\u1ec7, tr\u00ed t\u01b0\u1edfng t\u01b0\u1ee3ng v\u00e0 kh\u1ea3 n\u0103ng s\u00e1ng t\u1ea1o tuy\u1ec7t v\u1eddi.<\/p>\n<p>\u0110\u1ea5t s\u00e9t tr\u1ebb em Mont Marte \u0111\u01b0\u1ee3c l\u00e0m t\u1eeb c\u00e1c nguy\u00ean li\u1ec7u kh\u00f4ng ch\u1ee9a c\u00e1c ch\u1ea5t \u0111\u1ed9c h\u1ea1i n\u00ean tuy\u1ec7t \u0111\u1ed1i an to\u00e0n cho s\u1ee9c kh\u1ecfe c\u1ee7a b\u00e9 y\u00eau.Tr\u00f2 ch\u01a1i n\u1eb7n \u0111\u1ea5t s\u1ebd gi\u00fap b\u00e9 c\u00f3 nh\u1eefng ph\u00fat gi\u00e2y vui ch\u01a1i, gi\u1ea3i tr\u00ed v\u00e0 th\u01b0 gi\u00e3n b\u00ean c\u1ea1nh gia \u0111\u00ecnh.<\/p>\n<p><img decoding=\"async\" class=\"wp-image-25774 aligncenter\" src=\"https:\/\/havamall.vn\/wp-content\/uploads\/2022\/03\/1-1-300x300.png\" alt=\"\" width=\"672\" height=\"672\" srcset=\"https:\/\/havamall.vn\/wp-content\/uploads\/2022\/03\/1-1-300x300.png 300w, https:\/\/havamall.vn\/wp-content\/uploads\/2022\/03\/1-1-430x430.png 430w, https:\/\/havamall.vn\/wp-content\/uploads\/2022\/03\/1-1-150x150.png 150w, https:\/\/havamall.vn\/wp-content\/uploads\/2022\/03\/1-1-700x700.png 700w, https:\/\/havamall.vn\/wp-content\/uploads\/2022\/03\/1-1-768x768.png 768w, https:\/\/havamall.vn\/wp-content\/uploads\/2022\/03\/1-1-600x600.png 600w, https:\/\/havamall.vn\/wp-content\/uploads\/2022\/03\/1-1-100x100.png 100w, https:\/\/havamall.vn\/wp-content\/uploads\/2022\/03\/1-1.png 1000w\" sizes=\"(max-width: 672px) 100vw, 672px\" \/><\/p>\n<p>\u0110\u1ea5t s\u00e9t tr\u1ebb em Mont Marte g\u1ed3m 24 thanh \u0111\u1ea5t v\u1edbi m\u00e0u s\u1eafc kh\u00e1c nhau s\u1ebd gi\u00fap b\u00e9 l\u00e0m quen v\u1edbi m\u00e0u s\u1eafc. B\u00e9 s\u1ebd h\u1ecdc h\u1ecfi \u0111\u01b0\u1ee3c t\u00ednh th\u1ea7m m\u1ef9 th\u00f4ng qua\u00a0nh\u1eefng c\u00e1ch ph\u1ed1i m\u00e0u s\u1eafc \u0111a d\u1ea1ng, phong ph\u00fa hay t\u1ea1o h\u00ecnh cho c\u00e1c v\u1eadt kh\u00e1c nhau. T\u1eeb \u0111\u00f3, b\u00e9 s\u1ebd ph\u00e1t huy tr\u00ed t\u01b0\u1edfng t\u01b0\u1ee3ng, kh\u1ea3 n\u0103ng s\u00e1ng t\u1ea1o v\u00e0 s\u1ef1 kh\u00e9o l\u00e9o, t\u1ef1 tin.<\/p>\n<h3><strong>\u0110\u1eb7c \u0111i\u1ec3m n\u1ed5i b\u1eadt c\u1ee7a s\u1ea3n ph\u1ea9m:<\/strong><\/h3>\n<p>&#8211; Nhi\u1ec1u m\u00e0u s\u1eafc th\u00fa v\u1ecb.<\/p>\n<p>&#8211; K\u1ebft c\u1ea5u m\u1ec1m v\u00e0 m\u1ecbn.<\/p>\n<p>&#8211; M\u00e0u s\u1eafc d\u1ec5 d\u00e0ng pha tr\u1ed9n \u0111\u1ec3 c\u00f3 th\u1ec3 t\u1ea1o ra nh\u1eefng m\u00e0u s\u1eafc s\u1ed1ng \u0111\u1ed9ng m\u1edbi.<\/p>\n<p>&#8211; \u0110\u1ea5t s\u00e9t gi\u1eef t\u1ea1o h\u00ecnh r\u1ea5t t\u1ed1t, c\u00f3 t\u00ednh \u1ed5n \u0111\u1ecbnh h\u00ecnh d\u1ea1ng r\u1ea5t t\u1ed1t.<\/p>\n<p><img decoding=\"async\" class=\"wp-image-25755 aligncenter\" src=\"https:\/\/havamall.vn\/wp-content\/uploads\/2022\/03\/8e3ba135a48b382-300x300.png\" alt=\"\" width=\"693\" height=\"692\" srcset=\"https:\/\/havamall.vn\/wp-content\/uploads\/2022\/03\/8e3ba135a48b382-300x300.png 300w, https:\/\/havamall.vn\/wp-content\/uploads\/2022\/03\/8e3ba135a48b382-430x430.png 430w, https:\/\/havamall.vn\/wp-content\/uploads\/2022\/03\/8e3ba135a48b382-150x150.png 150w, https:\/\/havamall.vn\/wp-content\/uploads\/2022\/03\/8e3ba135a48b382-700x700.png 700w, https:\/\/havamall.vn\/wp-content\/uploads\/2022\/03\/8e3ba135a48b382-768x768.png 768w, https:\/\/havamall.vn\/wp-content\/uploads\/2022\/03\/8e3ba135a48b382-600x600.png 600w, https:\/\/havamall.vn\/wp-content\/uploads\/2022\/03\/8e3ba135a48b382-100x100.png 100w, https:\/\/havamall.vn\/wp-content\/uploads\/2022\/03\/8e3ba135a48b382.png 1024w\" sizes=\"(max-width: 693px) 100vw, 693px\" \/><\/p>\n<h3><strong>T\u1ea1i sao n\u00ean cho tr\u1ebb ch\u01a1i \u0111\u1ea5t n\u1eb7n?<\/strong><\/h3>\n<h5 id=\"choi-dat-nan-tre-se-thong-minh-hon\"><em><strong><span id=\"Choi_dat_nan_tre_se_thong_minh_hon\">Ch\u01a1i \u0111\u1ea5t n\u1eb7n tr\u1ebb s\u1ebd th\u00f4ng minh h\u01a1n<\/span><\/strong><\/em><\/h5>\n<p>Th\u1ef1c t\u1ebf mu\u1ed1n ch\u01a1i \u0111\u1ea5t n\u1eb7n, n\u1eb7n th\u00e0nh c\u00f4ng c\u00e1c m\u00f4 h\u00ecnh mong mu\u1ed1n \u0111\u00f2i h\u1ecfi tr\u1ebb ph\u1ea3i quan s\u00e1t s\u1ef1 v\u1eadt xung quanh, nh\u1eadn di\u1ec7n m\u00e0u s\u1eafc, h\u00ecnh d\u00e1ng \u0111\u1ec3 c\u00f3 th\u1ec3 t\u1ea1o th\u00e0nh m\u00f4 h\u00ecnh khu\u00f4n m\u1eabu v\u00e0 theo kh\u1ea3 n\u0103ng s\u00e1ng t\u1ea1o c\u1ee7a b\u1ecdn tr\u1ebb.<\/p>\n<h5 id=\"choi-dat-nan-tre-se-ren-doi-ban-tay-kheo-leo\"><strong><span id=\"Choi_dat_nan_tre_se_ren_doi_ban_tay_kheo_leo\">Ch\u01a1i \u0111\u1ea5t n\u1eb7n tr\u1ebb s\u1ebd r\u00e8n \u0111\u00f4i b\u00e0n tay kh\u00e9o l\u00e9o<\/span><\/strong><\/h5>\n<p>Khi nh\u00e0o n\u1eb7n m\u1ed9t m\u00f4 h\u00ecnh n\u00e0o \u0111\u00f3 b\u1eb1ng \u0111\u1ea5t n\u1eb7n, m\u1ed7i chi ti\u1ebft nh\u1ecf \u0111\u1ec1u ph\u1ea3i c\u1ea7n \u0111\u00f4i tay kh\u00e9o l\u00e9o v\u00e0 t\u1ec9 m\u1ec9. Ch\u00ednh v\u00ec th\u1ebf, vi\u1ec7c ti\u1ebfp x\u00fac v\u1edbi n\u00f3 s\u1ebd gi\u00fap tr\u1ebb h\u00ecnh th\u00e0nh v\u00e0 ph\u00e1t tri\u1ec3n k\u1ef9 n\u0103ng kh\u00e9o l\u00e9o cho \u0111\u00f4i b\u00e0n tay.<\/p>\n<p><img loading=\"lazy\" decoding=\"async\" class=\"wp-image-25756 aligncenter\" src=\"https:\/\/havamall.vn\/wp-content\/uploads\/2022\/03\/im-Vegetal-modeling-clay-Red-x-290g-300x202.png\" alt=\"\" width=\"669\" height=\"450\" srcset=\"https:\/\/havamall.vn\/wp-content\/uploads\/2022\/03\/im-Vegetal-modeling-clay-Red-x-290g-300x202.png 300w, https:\/\/havamall.vn\/wp-content\/uploads\/2022\/03\/im-Vegetal-modeling-clay-Red-x-290g-430x290.png 430w, https:\/\/havamall.vn\/wp-content\/uploads\/2022\/03\/im-Vegetal-modeling-clay-Red-x-290g-150x101.png 150w, https:\/\/havamall.vn\/wp-content\/uploads\/2022\/03\/im-Vegetal-modeling-clay-Red-x-290g-700x472.png 700w, https:\/\/havamall.vn\/wp-content\/uploads\/2022\/03\/im-Vegetal-modeling-clay-Red-x-290g-768x518.png 768w, https:\/\/havamall.vn\/wp-content\/uploads\/2022\/03\/im-Vegetal-modeling-clay-Red-x-290g.png 1024w, https:\/\/havamall.vn\/wp-content\/uploads\/2022\/03\/im-Vegetal-modeling-clay-Red-x-290g-600x405.png 600w\" sizes=\"(max-width: 669px) 100vw, 669px\" \/><\/p>\n<h5 id=\"choi-dat-nan-tre-phat-trien-thi-giac-tot-hon\"><em><strong><span id=\"Choi_dat_nan_tre_phat_trien_thi_giac_tot_hon\">Ch\u01a1i \u0111\u1ea5t n\u1eb7n tr\u1ebb ph\u00e1t tri\u1ec3n th\u1ecb gi\u00e1c t\u1ed1t h\u01a1n<\/span><\/strong><\/em><\/h5>\n<p>Ch\u01a1i \u0111\u1ea5t n\u1eb7n, y\u00eau c\u1ea7u tr\u1ebb ph\u1ea3i quan s\u00e1t t\u1ec9 m\u1ec9, chi ti\u1ebft. Ch\u00ednh v\u00ec th\u1ebf, n\u00f3 s\u1ebd gi\u00fap b\u00e9 \u0111\u01b0\u1ee3c c\u1ea3i thi\u1ec7n th\u1ecb gi\u00e1c t\u1ed1t h\u01a1n, n\u00e2ng cao k\u1ef9 n\u0103ng quan s\u00e1t khi ch\u01a1i.<\/p>\n<h5 id=\"choi-dat-nan-tre-tu-tin-hon\"><em><strong><span id=\"Choi_dat_nan_tre_tu_tin_hon\">Ch\u01a1i \u0111\u1ea5t n\u1eb7n tr\u1ebb t\u1ef1 tin h\u01a1n<\/span><\/strong><\/em><\/h5>\n<p>Sau m\u1ed7i l\u1ea7n ho\u00e0n th\u00e0nh m\u1ed9t m\u00f4 h\u00ecnh \u0111\u1ea5t n\u1eb7n n\u00e0o \u0111\u00f3, s\u1ebd gi\u00fap k\u00edch th\u00edch s\u1ef1 ph\u1ea5n kh\u00edch, t\u1ef1 tin v\u1edbi mong mu\u1ed1n th\u1ec3 hi\u1ec7n k\u1ebft qu\u1ea3 m\u00e0 m\u00ecnh \u0111\u00e3 l\u00e0m \u0111\u01b0\u1ee3c cho b\u1ed1 m\u1eb9, b\u1ea1n b\u00e8 v\u00e0 ng\u01b0\u1eddi xung quanh.<\/p>\n<p><img loading=\"lazy\" decoding=\"async\" class=\"wp-image-25757 aligncenter\" src=\"https:\/\/havamall.vn\/wp-content\/uploads\/2022\/03\/clay-modelling-for-kids--300x183.png\" alt=\"\" width=\"661\" height=\"404\" srcset=\"https:\/\/havamall.vn\/wp-content\/uploads\/2022\/03\/clay-modelling-for-kids--300x183.png 300w, https:\/\/havamall.vn\/wp-content\/uploads\/2022\/03\/clay-modelling-for-kids--430x262.png 430w, https:\/\/havamall.vn\/wp-content\/uploads\/2022\/03\/clay-modelling-for-kids--150x91.png 150w, https:\/\/havamall.vn\/wp-content\/uploads\/2022\/03\/clay-modelling-for-kids--700x427.png 700w, https:\/\/havamall.vn\/wp-content\/uploads\/2022\/03\/clay-modelling-for-kids--768x468.png 768w, https:\/\/havamall.vn\/wp-content\/uploads\/2022\/03\/clay-modelling-for-kids--1024x624.png 1024w, https:\/\/havamall.vn\/wp-content\/uploads\/2022\/03\/clay-modelling-for-kids--1200x732.png 1200w, https:\/\/havamall.vn\/wp-content\/uploads\/2022\/03\/clay-modelling-for-kids--600x366.png 600w, https:\/\/havamall.vn\/wp-content\/uploads\/2022\/03\/clay-modelling-for-kids-.png 1437w\" sizes=\"(max-width: 661px) 100vw, 661px\" \/><\/p>\n<h5 id=\"choi-dat-nan-tre-hoa-dong-tot-hon\"><em><strong><span id=\"Choi_dat_nan_tre_hoa_dong_tot_hon\">Ch\u01a1i \u0111\u1ea5t n\u1eb7n tr\u1ebb h\u00f2a \u0111\u1ed3ng t\u1ed1t h\u01a1n<\/span><\/strong><\/em><\/h5>\n<p>Vi\u1ec7c ch\u01a1i \u0111\u1ea5t n\u1eb7ng theo nh\u00f3m, gi\u00fap tr\u1ebb h\u00f2a \u0111\u1ed3ng h\u01a1n, bi\u1ebft c\u00e1ch l\u00e0m vi\u1ec7c nh\u00f3m v\u00e0 qua \u0111\u00f3 tr\u1ebb s\u1ebd h\u00f2a \u0111\u1ed3ng h\u01a1n v\u1edbi nh\u1eefng \u0111\u1ee9a tr\u1ebb kh\u00e1c. V\u00e0 t\u1eeb \u0111\u00f3, r\u00e8n luy\u1ec7n t\u00ednh n\u0103ng h\u00f2a \u0111\u1ed3ng v\u1edbi t\u1ea5t c\u1ea3 m\u1ecdi ng\u01b0\u1eddi, kh\u00f4ng nh\u00fat nh\u00e1t, s\u1ee3 h\u00e3i.<\/p>\n<p>S\u1ea3n ph\u1ea9m hi\u1ec7n \u0111\u00e3 c\u00f3 m\u1eb7t t\u1ea1i Havamall.<\/p>","protected":false},"excerpt":{"rendered":"<p>Mont Marte l\u00e0 h\u00e3ng h\u1ecda c\u1ee5 \u0111\u00e3 c\u00f3 m\u1eb7t t\u1ea1i h\u1ec7 th\u1ed1ng c\u1eeda h\u00e0ng c\u1ee7a h\u01a1n 300 t\u1ec9nh th\u00e0nh thu\u1ed9c<\/p>","protected":false},"featured_media":25758,"comment_status":"open","ping_status":"closed","template":"","meta":[],"product_brand":[],"product_cat":[397,395,35],"product_tag":[],"class_list":{"0":"post-25752","1":"product","2":"type-product","3":"status-publish","4":"has-post-thumbnail","6":"product_cat-hang-me-be-do-choi","7":"product_cat-van-phong-pham","8":"product_cat-nha-cua-doi-song","9":"pa_brand-mont-marte","11":"first","12":"instock","13":"sale","14":"shipping-taxable","15":"purchasable","16":"product-type-simple"},"_links":{"self":[{"href":"https:\/\/havamall.vn\/en\/wp-json\/wp\/v2\/product\/25752"}],"collection":[{"href":"https:\/\/havamall.vn\/en\/wp-json\/wp\/v2\/product"}],"about":[{"href":"https:\/\/havamall.vn\/en\/wp-json\/wp\/v2\/types\/product"}],"replies":[{"embeddable":true,"href":"https:\/\/havamall.vn\/en\/wp-json\/wp\/v2\/comments?post=25752"}],"version-history":[{"count":0,"href":"https:\/\/havamall.vn\/en\/wp-json\/wp\/v2\/product\/25752\/revisions"}],"wp:featuredmedia":[{"embeddable":true,"href":"https:\/\/havamall.vn\/en\/wp-json\/wp\/v2\/media\/25758"}],"wp:attachment":[{"href":"https:\/\/havamall.vn\/en\/wp-json\/wp\/v2\/media?parent=25752"}],"wp:term":[{"taxonomy":"product_brand","embeddable":true,"href":"https:\/\/havamall.vn\/en\/wp-json\/wp\/v2\/product_brand?post=25752"},{"taxonomy":"product_cat","embeddable":true,"href":"https:\/\/havamall.vn\/en\/wp-json\/wp\/v2\/product_cat?post=25752"},{"taxonomy":"product_tag","embeddable":true,"href":"https:\/\/havamall.vn\/en\/wp-json\/wp\/v2\/product_tag?post=25752"}],"curies":[{"name":"wp","href":"https:\/\/api.w.org\/{rel}","templated":true}]}}