{"id":25697,"date":"2022-03-03T14:13:46","date_gmt":"2022-03-03T07:13:46","guid":{"rendered":"https:\/\/havamall.vn\/?post_type=product&#038;p=25697"},"modified":"2026-04-15T08:43:45","modified_gmt":"2026-04-15T01:43:45","slug":"bap-no-havafoodies-goi-200g-mais-popcorn","status":"publish","type":"product","link":"https:\/\/havamall.vn\/en\/shop\/bap-no-havafoodies-goi-200g-mais-popcorn\/","title":{"rendered":"B\u1eafp N\u1ed5 Havafoodies G\u00f3i 200g &#8211; Mais Popcorn"},"content":{"rendered":"<p>Ng\u00f4 b\u1eafp rang l\u00e0 m\u1ed9t lo\u1ea1i ng\u0169 c\u1ed1c t\u1ef1 nhi\u00ean, n\u00f3 ch\u1ee9a t\u1ea5t c\u1ea3 c\u00e1c ch\u1ea5t x\u01a1 cao r\u1ea5t t\u1ed1t cho h\u1ec7 ti\u00eau h\u00f3a, gi\u00fap \u0111i\u1ec1u ch\u1ec9nh v\u00e0 ki\u1ec3m so\u00e1t l\u01b0\u1ee3ng \u0111\u01b0\u1eddng trong m\u00e1u v\u00e0 insulin, gi\u00fap lo\u1ea1i b\u1ecf l\u01b0\u1ee3ng cholesterol, d\u1ec5 ti\u00eau h\u00f3a v\u00e0 s\u1ebd kh\u00f4ng l\u00e0m t\u0103ng l\u01b0\u1ee3ng \u0111\u01b0\u1eddng huy\u1ebft \u0111\u1ed9t ng\u1ed9t. B\u1ecfng ng\u00f4 ch\u1ee9a m\u1ed9t l\u01b0\u1ee3ng l\u1edbn c\u00e1c h\u1ee3p ch\u1ea5t poly-phenolic, m\u1ed9t trong nh\u1eefng lo\u1ea1i ch\u1ea5t ch\u1ed1ng oxy ho\u00e1 m\u1ea1nh m\u1ebd. B\u1eafp rang c\u00f3 th\u1ec3 \u0111i\u1ec1u tr\u1ecb c\u00e1c tri\u1ec7u ch\u1ee9ng li\u00ean quan \u0111\u1ebfn tu\u1ed5i t\u00e1c, l\u00e3o h\u00f3a nh\u01b0 n\u1ebfp nh\u0103n, \u0111\u1ed3i m\u1ed3i, tho\u00e1i h\u00f3a \u0111i\u1ec3m v\u00e0ng v\u00e0 m\u00f9, y\u1ebfu c\u01a1 v\u00e0 r\u1ee5ng t\u00f3c.<\/p>\n<p><img decoding=\"async\" src=\"https:\/\/havamall.vn\/wp-content\/uploads\/2022\/03\/eb2aee7f517397c0d5e4f43936ec2feb-300x188.png\" alt=\"B\u1eafp N\u1ed5 Havafoodies G\u00f3i 200g &#8211; Mais Popcorn\"><\/p>\n<p>B\u1eafp c\u00f3 ch\u1ee9a m\u1ed9t l\u01b0\u1ee3ng mangan l\u1edbn c\u00f3 th\u1ec3 gi\u00fap x\u00e2y d\u1ef1ng v\u00e0 duy tr\u00ec s\u1ee9c kh\u1ecfe c\u1ee7a x\u01b0\u01a1ng, t\u0103ng m\u1eadt \u0111\u1ed9 x\u01b0\u01a1ng .B\u1eafp rang l\u00e0 m\u00f3n \u0103n nh\u1eb9 duy nh\u1ea5t c\u00f3 100% ng\u0169 c\u1ed1c nguy\u00ean ch\u1ea5t ch\u01b0a qua ch\u1ebf bi\u1ebfn. Theo USDA, 28gram b\u1ecfng ng\u00f4 ch\u1ee9a 0,9mg s\u1eaft. \u0110\u00e0n \u00f4ng tr\u01b0\u1edfng th\u00e0nh ch\u1ec9 c\u1ea7n 8 mg s\u1eaft trong ch\u1ebf \u0111\u1ed9 \u0103n u\u1ed1ng m\u1ed7i ng\u00e0y v\u00e0 ph\u1ee5 n\u1eef tr\u01b0\u1edfng th\u00e0nh c\u1ea7n 18mg s\u1eaft m\u1ed7i ng\u00e0y.<\/p>\n<p><img decoding=\"async\" src=\"https:\/\/havamall.vn\/wp-content\/uploads\/2022\/03\/Popcorn-300x300.png\" alt=\"B\u1eafp N\u1ed5 Havafoodies G\u00f3i 200g &#8211; Mais Popcorn\"><\/p>\n<p>Nh\u1eefng b\u1eefa ti\u1ec7c t\u1ea1i nh\u00e0, nh\u1eefng bu\u1ed5i xem phim t\u1ea1i gia ch\u1eafc ch\u1eafn kh\u00f4ng th\u1ec3 thi\u1ebfu m\u00f3n b\u1eafp rang b\u01a1 th\u01a1m ng\u1ecdt b\u00e9o ng\u1eady. Thay v\u00ec \u0111i ra ngo\u00e0i mua c\u00e1c t\u00fai b\u1eafp rang kh\u00f4ng \u0111\u1ea3m b\u1ea3o v\u1ec7 sinh hay ph\u1ea3i chi ti\u1ec1n \u0111\u1eaft \u0111\u1ecf cho c\u00e1c h\u1ed9p b\u1eafp rang trong r\u1ea1p chi\u1ebfu phim, h\u00e3y t\u1ef1 tay l\u00e0m m\u00f3n b\u1eafp rang b\u01a1 t\u1ea1i nh\u00e0. B\u1eafp n\u1ed5 b\u1ecfng Havafood s\u1ebd cho b\u1ea1n m\u1ebb b\u1eafp rang b\u01a1 th\u01a1m ngon ch\u1ea5t l\u01b0\u1ee3ng nh\u1ea5t. B\u1ecfng ng\u00f4 m\u00e0 k\u1ebft h\u1ee3p v\u1edbi b\u01a1, caramel, socola hay ph\u00f4 mai n\u1eefa th\u00ec s\u1ebd c\u1ef1c k\u1ef3 th\u01a1m ngon.<\/p>\n<p><img decoding=\"async\" src=\"https:\/\/havamall.vn\/wp-content\/uploads\/2021\/12\/popcor-300x200.png\" alt=\"B\u1eafp N\u1ed5 Havafoodies G\u00f3i 200g &#8211; Mais Popcorn\"><\/p>\n<p>B\u1eafp rang b\u01a1 hay b\u1ecfng ng\u00f4 l\u00e0 m\u1ed9t m\u00f3n \u0103n v\u1eb7t \u0111\u01b0\u1ee3c nhi\u1ec1u ng\u01b0\u1eddi y\u00eau th\u00edch. V\u1edbi b\u1eafp n\u1ed5 b\u1ecfng nh\u00e0 Havafood l\u00e0m b\u1eafp rang b\u01a1 t\u1ea1i s\u1ebd v\u00f4 c\u00f9ng \u0111\u01a1n gi\u1ea3n, kh\u00f4ng nh\u1ea5t \u0111\u1ecbnh ph\u1ea3i c\u00f3 m\u00e1y c\u0169ng c\u00f3 th\u1ec3 t\u1ef1 l\u00e0m \u0111\u01b0\u1ee3c b\u1ecfng ng\u00f4 ngon h\u1ea5p d\u1eabn.<\/p>\n<p>B\u1ecfng ng\u00f4 c\u0169ng c\u00f3 h\u00e0m l\u01b0\u1ee3ng ch\u1ea5t b\u00e9o no th\u1ea5p nh\u01b0ng l\u01b0\u1ee3ng ch\u1ea5t x\u01a1 cao, t\u1ed1t cho s\u1ee9c kh\u1ecfe v\u00e0 r\u1ea5t gi\u00e0u n\u0103ng l\u01b0\u1ee3ng. Ch\u1ea5t x\u01a1 c\u00f3 trong b\u1ecfng ng\u00f4 c\u00f3 th\u1ec3 lo\u1ea1i b\u1ecf l\u01b0\u1ee3ng cholesterol d\u01b0 th\u1eeba trong th\u00e0nh m\u1ea1ch m\u00e1u v\u00e0 \u0111\u1ed9ng m\u1ea1ch, t\u1eeb \u0111\u00f3 l\u00e0m gi\u1ea3m m\u1ee9c cholesterol t\u1ed1t h\u01a1n.<\/p>\n<p><img decoding=\"async\" src=\"https:\/\/havamall.vn\/wp-content\/uploads\/2022\/03\/IMG_7884-300x220.png\" alt=\"B\u1eafp N\u1ed5 Havafoodies G\u00f3i 200g &#8211; Mais Popcorn\">\n<\/p>\n<h3><strong>H\u01b0\u1edbng d\u1eabn s\u1eed d\u1ee5ng:<\/strong><\/h3>\n<p>\u2013 B\u01b0\u1edbc 1: Chu\u1ea9n b\u1ecb m\u1ed9t n\u1ed3i th\u1eadt s\u00e2u c\u00f3 n\u1eafp \u0111\u1eady k\u00edn. N\u00ean l\u1ef1a ch\u1ecdn nh\u1eefng n\u1ed3i c\u00f3 \u0111\u00e1y b\u1eb1ng \u0111\u1ec3 b\u01a1 ch\u1ea3y \u0111\u1ec1u. \u0110\u1eb7t n\u1ed3i l\u00ean b\u1ebfp v\u1eb7n nh\u1ecf l\u1eeda r\u1ed3i cho b\u01a1 v\u00e0o \u0111un tan ch\u1ea3y. Sau \u0111\u00f3, cho 1 n\u1eafm ho\u1eb7c cho l\u01b0\u1ee3ng ng\u00f4 theo ng\u01b0\u1eddi \u0103n v\u00e0o n\u1ed3i r\u1ed3i \u0111\u1eady ch\u1eb7t n\u1eafp l\u1ea1i.<\/p>\n<p>\u2013 B\u01b0\u1edbc 2: Khi nghe ti\u1ebfng n\u1ed5 l\u1ed9p b\u1ed9p, c\u00e1c ch\u1ecb h\u00e3y c\u1ea7m quai c\u1ee7a n\u1ed3i l\u1eafc m\u1ea1nh theo kim \u0111\u1ed3ng h\u1ed3 kho\u1ea3ng 5 v\u00f2ng. C\u1ee9 sau 15 gi\u00e2y l\u1ea1i l\u1eafc 5 v\u00f2ng cho \u0111\u1ebfn khi ng\u1eebng ti\u1ebfng n\u1ed5. T\u1eaft b\u1ebfp v\u00e0 cho ra khay r\u1ed9ng.<\/p>\n<p>\u2013 B\u01b0\u1edbc 3: Cho n\u1ed3i v\u00e0 b\u1eadt b\u1ebfp l\u1eeda nh\u1ecf r\u1ed3i cho \u0111\u01b0\u1eddng v\u00e0 n\u01b0\u1edbc khu\u1ea5y \u0111\u1ec1u tay cho \u0111\u1ebfn khi m\u00e0u n\u00e2u nh\u1ea1t. Sau \u0111\u00f3 t\u1eaft b\u1ebfp cho ng\u00f4 v\u00e0o tr\u1ed9n. C\u00f3 th\u1ec3 thay th\u1ebf m\u1eadt ong, phomai, socola, m\u1ee9t d\u00e2u t\u00e2y, cacao, mu\u1ed1i bi\u1ec3n, \u0111\u01b0\u1eddng m\u00eda th\u00f4\u2026 t\u00f9y v\u00e0o kh\u1ea9u v\u1ecb v\u00e0 s\u1edf th\u00edch.<\/p>","protected":false},"excerpt":{"rendered":"<p>Ng\u00f4 b\u1eafp rang l\u00e0 m\u1ed9t lo\u1ea1i ng\u0169 c\u1ed1c t\u1ef1 nhi\u00ean, n\u00f3 ch\u1ee9a t\u1ea5t c\u1ea3 c\u00e1c ch\u1ea5t x\u01a1 cao r\u1ea5t t\u1ed1t<\/p>","protected":false},"featured_media":45063,"comment_status":"open","ping_status":"closed","template":"","meta":[],"product_brand":[],"product_cat":[595,36,134],"product_tag":[],"class_list":{"0":"post-25697","1":"product","2":"type-product","3":"status-publish","4":"has-post-thumbnail","6":"product_cat-gia-vi-va-che-bien","7":"product_cat-thuc-pham-tieu-dung","8":"product_cat-thucpham-saykho","9":"pa_brand-skx","11":"first","12":"instock","13":"sale","14":"shipping-taxable","15":"purchasable","16":"product-type-simple"},"_links":{"self":[{"href":"https:\/\/havamall.vn\/en\/wp-json\/wp\/v2\/product\/25697"}],"collection":[{"href":"https:\/\/havamall.vn\/en\/wp-json\/wp\/v2\/product"}],"about":[{"href":"https:\/\/havamall.vn\/en\/wp-json\/wp\/v2\/types\/product"}],"replies":[{"embeddable":true,"href":"https:\/\/havamall.vn\/en\/wp-json\/wp\/v2\/comments?post=25697"}],"version-history":[{"count":1,"href":"https:\/\/havamall.vn\/en\/wp-json\/wp\/v2\/product\/25697\/revisions"}],"predecessor-version":[{"id":45064,"href":"https:\/\/havamall.vn\/en\/wp-json\/wp\/v2\/product\/25697\/revisions\/45064"}],"wp:featuredmedia":[{"embeddable":true,"href":"https:\/\/havamall.vn\/en\/wp-json\/wp\/v2\/media\/45063"}],"wp:attachment":[{"href":"https:\/\/havamall.vn\/en\/wp-json\/wp\/v2\/media?parent=25697"}],"wp:term":[{"taxonomy":"product_brand","embeddable":true,"href":"https:\/\/havamall.vn\/en\/wp-json\/wp\/v2\/product_brand?post=25697"},{"taxonomy":"product_cat","embeddable":true,"href":"https:\/\/havamall.vn\/en\/wp-json\/wp\/v2\/product_cat?post=25697"},{"taxonomy":"product_tag","embeddable":true,"href":"https:\/\/havamall.vn\/en\/wp-json\/wp\/v2\/product_tag?post=25697"}],"curies":[{"name":"wp","href":"https:\/\/api.w.org\/{rel}","templated":true}]}}