{"id":25596,"date":"2022-02-28T17:38:48","date_gmt":"2022-02-28T10:38:48","guid":{"rendered":"https:\/\/havamall.vn\/?post_type=product&#038;p=25596"},"modified":"2022-10-04T16:59:55","modified_gmt":"2022-10-04T09:59:55","slug":"sua-dac-thuan-chay-loving-380ml","status":"publish","type":"product","link":"https:\/\/havamall.vn\/en\/shop\/sua-dac-thuan-chay-loving-380ml\/","title":{"rendered":"S\u1eefa \u0110\u1eb7c Thu\u1ea7n Chay Loving 380g"},"content":{"rendered":"<h3><strong>TH\u00d4NG TIN S\u1ea2N PH\u1ea8M<\/strong><\/h3>\n<table>\n<tbody>\n<tr>\n<td>Th\u01b0\u01a1ng hi\u1ec7u<\/td>\n<td>Loving<\/td>\n<\/tr>\n<tr>\n<td>Xu\u1ea5t x\u1ee9<\/td>\n<td>Vi\u1ec7t Nam<\/td>\n<\/tr>\n<tr>\n<td>Th\u00e0nh ph\u1ea7n<\/td>\n<td>Glucose syrup 40%, d\u1ea7u nh\u00e2n d\u1eeba \u0111\u00e3 hy\u0111ro h\u00f3a 15%, tinh b\u1ed9t bi\u1ebfn t\u00ednh (15%), h\u01b0\u01a1ng th\u1ef1c ph\u1ea9m, m\u00eda \u0111\u01b0\u1eddng 8%, b\u01a1 thu\u1ea7n chay 16%, mu\u1ed1i \u0103n 4%. (M\u1ecdi th\u00e0nh ph\u1ea7n \u0111\u01b0\u1ee3c tinh chi\u1ebft t\u1eeb th\u1ef1c v\u1eadt),&#8230;<\/td>\n<\/tr>\n<tr>\n<td>H\u1ea1n s\u1eed d\u1ee5ng<\/td>\n<td>12 th\u00e1ng k\u1ec3 t\u1eeb ng\u00e0y s\u1ea3n xu\u1ea5t.<\/td>\n<\/tr>\n<tr>\n<td>B\u1ea3o qu\u1ea3n<\/td>\n<td>B\u1ea3o qu\u1ea3n t\u1ee7 m\u00e1t, tr\u00e1nh nhi\u1ec7t \u0111\u1ed9 cao, \u1ea9m \u01b0\u1edbt v\u00e0 \u00e1nh n\u1eafng tr\u1ef1c ti\u1ebfp.<\/td>\n<\/tr>\n<tr>\n<td>Kh\u1ed1i l\u01b0\u1ee3ng<\/td>\n<td>380g<\/td>\n<\/tr>\n<\/tbody>\n<\/table>\n<p>S\u1eefa \u0111\u1eb7c l\u00e0 nguy\u00ean li\u1ec7u kh\u00f4ng th\u1ec3 thi\u1ebfu trong c\u00e1c \u0111\u1ed3 u\u1ed1ng nh\u01b0 cafe, sinh t\u1ed1, l\u00e0m b\u00e1nh hay \u0111\u01b0\u1ee3c s\u1eed d\u1ee5ng trong r\u1ea5t nhi\u1ec1u m\u00f3n tr\u00e1ng mi\u1ec7ng l\u00e0m t\u0103ng th\u00eam h\u01b0\u01a1ng v\u1ecb h\u1ea5p d\u1eabn. Thay v\u00ec s\u1eed d\u1ee5ng th\u00e0nh ph\u1ea7n s\u1eefa b\u00f2 c\u00f3 ch\u1ee9a l\u01b0\u1ee3ng cholesterol cao g\u00e2y gia t\u0103ng c\u00e1c b\u1ec7nh v\u1ec1 tim m\u1ea1ch v\u00e0 b\u00e9o ph\u00ec, Loving Vegan Food \u0111\u00e3 nghi\u00ean c\u1ee9u v\u00e0 cho ra m\u1eaft s\u1ea3n ph\u1ea9m s\u1eefa \u0111\u1eb7c thu\u1ea7n chay \u0111\u01b0\u1ee3c l\u00e0m t\u1eeb b\u1ed9t s\u1eefa d\u1eeba, \u0111\u01b0\u1eddng m\u00eda v\u00e0 c\u00e1c nguy\u00ean li\u1ec7u ho\u00e0n to\u00e0n t\u1eeb th\u1ef1c v\u1eadt, v\u1edbi \u0111\u1ed9 ng\u1ecdt v\u1eeba ph\u1ea3i, h\u01b0\u01a1ng vani thanh nh\u1eb9, s\u1ea3n ph\u1ea9m th\u00edch h\u1ee3p v\u1edbi nh\u1eefng ng\u01b0\u1eddi c\u00f3 ch\u1ebf \u0111\u1ed9 \u0103n thu\u1ea7n chay v\u00e0 gi\u00fap h\u1ea1n ch\u1ebf nguy c\u01a1 b\u00e9o ph\u00ec.<\/p>\n<p>S\u1eefa \u0111\u1eb7c thu\u1ea7n chay Loving c\u00f3 h\u01b0\u01a1ng v\u1ecb th\u01a1m ngon, gi\u00fap b\u1ed5 sung n\u0103ng l\u01b0\u1ee3ng dinh d\u01b0\u1ee1ng c\u1ea7n thi\u1ebft. S\u1ea3n ph\u1ea9m \u0111\u01b0\u1ee3c l\u00e0m ho\u00e0n to\u00e0n t\u1eeb th\u1ef1c v\u1eadt, kh\u00f4ng s\u1eed d\u1ee5ng ch\u1ea5t b\u1ea3o qu\u1ea3n n\u00ean \u0111\u01b0\u1ee3c r\u1ea5t nhi\u1ec1u ng\u01b0\u1eddi ti\u00eau d\u00f9ng l\u1ef1a ch\u1ecdn.<\/p>\n<p><img fetchpriority=\"high\" decoding=\"async\" class=\"wp-image-25599 aligncenter\" src=\"https:\/\/havamall.vn\/wp-content\/uploads\/2022\/02\/191304856_6284413_n-207x300.png\" alt=\"\" width=\"590\" height=\"853\" srcset=\"https:\/\/havamall.vn\/wp-content\/uploads\/2022\/02\/191304856_6284413_n-207x300.png 207w, https:\/\/havamall.vn\/wp-content\/uploads\/2022\/02\/191304856_6284413_n-430x623.png 430w, https:\/\/havamall.vn\/wp-content\/uploads\/2022\/02\/191304856_6284413_n-150x217.png 150w, https:\/\/havamall.vn\/wp-content\/uploads\/2022\/02\/191304856_6284413_n-768x1112.png 768w, https:\/\/havamall.vn\/wp-content\/uploads\/2022\/02\/191304856_6284413_n.png 1250w\" sizes=\"(max-width: 590px) 100vw, 590px\" \/><\/p>\n<p>Ng\u01b0\u1eddi thu\u1ea7n chay hay c\u00f2n g\u1ecdi l\u00e0 ng\u01b0\u1eddi \u0103n chay tr\u01b0\u1eddng.\u00a0H\u1ecd kh\u00f4ng ch\u1ec9 kh\u00f4ng \u0103n th\u1ecbt, m\u00e0 c\u00f2n kh\u00f4ng s\u1eed d\u1ee5ng c\u00e1c s\u1ea3n ph\u1ea9m t\u1eeb s\u1eefa, tr\u1ee9ng ho\u1eb7c b\u1ea5t k\u1ef3 s\u1ea3n ph\u1ea9m n\u00e0o kh\u00e1c c\u00f3 ngu\u1ed3n g\u1ed1c \u0111\u1ed9ng v\u1eadt.<\/p>\n<p>N\u1ebfu b\u1ea1n l\u00e0 ng\u01b0\u1eddi thu\u1ea7n chay, ch\u1ec9 s\u1eed d\u1ee5ng c\u00e1c s\u1ea3n ph\u1ea9m s\u1eefa t\u1eeb th\u1ef1c v\u1eadt thay v\u00ec s\u1eefa th\u01b0\u1eddng th\u00ec S\u1eefa \u0111\u1eb7c thu\u1ea7n chay Loving l\u00e0 s\u1ef1 l\u1ef1a ch\u1ecdn t\u1ed1t nh\u1ea5t cho b\u1ea1n. S\u1ea3n ph\u1ea9m n\u00e0y \u0111\u01b0\u1ee3c thi\u1ebft k\u1ebf th\u00edch h\u1ee3p cho ng\u01b0\u1eddi thu\u1ea7n chay, c\u00e1c \u0111\u1ed1i t\u01b0\u1ee3ng d\u1ecb \u1ee9ng v\u1edbi s\u1eefa \u0111\u1ed9ng v\u1eadt, c\u00e1c ch\u1ebf ph\u1ea9m t\u1eeb s\u1eefa \u0111\u1ed9ng v\u1eadt ho\u1eb7c ng\u01b0\u1eddi mong mu\u1ed1n t\u00ecm s\u1ea3n ph\u1ea9m thay th\u1ebf cho s\u1eefa \u0111\u1eb7c v\u00ec l\u00fd do s\u1ee9c kh\u1ecfe.<\/p>\n<p><img decoding=\"async\" class=\"wp-image-25601 aligncenter\" src=\"https:\/\/havamall.vn\/wp-content\/uploads\/2022\/02\/23a09952bc4-300x300.png\" alt=\"\" width=\"602\" height=\"602\" srcset=\"https:\/\/havamall.vn\/wp-content\/uploads\/2022\/02\/23a09952bc4-300x300.png 300w, https:\/\/havamall.vn\/wp-content\/uploads\/2022\/02\/23a09952bc4-430x430.png 430w, https:\/\/havamall.vn\/wp-content\/uploads\/2022\/02\/23a09952bc4-150x150.png 150w, https:\/\/havamall.vn\/wp-content\/uploads\/2022\/02\/23a09952bc4-700x700.png 700w, https:\/\/havamall.vn\/wp-content\/uploads\/2022\/02\/23a09952bc4-768x768.png 768w, https:\/\/havamall.vn\/wp-content\/uploads\/2022\/02\/23a09952bc4-600x600.png 600w, https:\/\/havamall.vn\/wp-content\/uploads\/2022\/02\/23a09952bc4-100x100.png 100w, https:\/\/havamall.vn\/wp-content\/uploads\/2022\/02\/23a09952bc4.png 1024w\" sizes=\"(max-width: 602px) 100vw, 602px\" \/><\/p>\n<p>S\u1ea3n ph\u1ea9m \u0111\u01b0\u1ee3c 100%\u00a0c\u00e1c th\u00e0nh ph\u1ea7n kh\u00f4ng c\u00f3 b\u1ea5t k\u1ef3 s\u1ef1 li\u00ean quan n\u00e0o \u0111\u1ebfn \u0111\u1ed9ng v\u1eadt, v\u00ec v\u1eady b\u1ea1n c\u00f3 th\u1ec3 an t\u00e2m s\u1eed d\u1ee5ng. \u0110\u1eebng lo ng\u1ea1i r\u1eb1ng n\u1ebfu kh\u00f4ng d\u00f9ng s\u1eefa \u0111\u1ed9ng v\u1eadt th\u00ec b\u1ea1n s\u1ebd kh\u00f4ng th\u1ec3 \u0103n \u0111\u01b0\u1ee3c nh\u1eefng m\u00f3n tr\u00e1ng mi\u1ec7ng hay u\u1ed1ng nh\u1eefng t\u00e1ch c\u00e0 ph\u00ea s\u1eefa th\u01a1m ngon. V\u00ec \u0111\u00e3 c\u00f3 S\u1eefa \u0111\u1eb7c thu\u1ea7n chay Loving l\u00e0 s\u1ea3n ph\u1ea9m thay th\u1ebf ho\u00e0n h\u1ea3o, cung c\u1ea5p \u0111\u1ea7y \u0111\u1ee7 d\u01b0\u1ee1ng ch\u1ea5t v\u00e0 mang l\u1ea1i cho b\u1ea1n nh\u1eefng m\u00f3n b\u00e1nh, c\u00e0 ph\u00ea&#8230;kh\u00f4ng thua k\u00e9m g\u00ec s\u1eefa \u0111\u1eb7c th\u00f4ng th\u01b0\u1eddng.<\/p>\n<p><img decoding=\"async\" class=\"wp-image-25604 aligncenter\" src=\"https:\/\/havamall.vn\/wp-content\/uploads\/2022\/02\/196184050_332515605055283_-1-236x300.png\" alt=\"\" width=\"573\" height=\"728\" srcset=\"https:\/\/havamall.vn\/wp-content\/uploads\/2022\/02\/196184050_332515605055283_-1-236x300.png 236w, https:\/\/havamall.vn\/wp-content\/uploads\/2022\/02\/196184050_332515605055283_-1-430x546.png 430w, https:\/\/havamall.vn\/wp-content\/uploads\/2022\/02\/196184050_332515605055283_-1-150x190.png 150w, https:\/\/havamall.vn\/wp-content\/uploads\/2022\/02\/196184050_332515605055283_-1-700x888.png 700w, https:\/\/havamall.vn\/wp-content\/uploads\/2022\/02\/196184050_332515605055283_-1-768x974.png 768w, https:\/\/havamall.vn\/wp-content\/uploads\/2022\/02\/196184050_332515605055283_-1-807x1024.png 807w, https:\/\/havamall.vn\/wp-content\/uploads\/2022\/02\/196184050_332515605055283_-1-1200x1522.png 1200w, https:\/\/havamall.vn\/wp-content\/uploads\/2022\/02\/196184050_332515605055283_-1-600x761.png 600w, https:\/\/havamall.vn\/wp-content\/uploads\/2022\/02\/196184050_332515605055283_-1.png 1284w\" sizes=\"(max-width: 573px) 100vw, 573px\" \/><\/p>\n<h3><strong>H\u01af\u1edaNG D\u1eaaN S\u1eec D\u1ee4NG:<\/strong><\/h3>\n<p>&gt; L\u1ea5y m\u1ed9t l\u01b0\u1ee3ng s\u1eefa v\u1eeba \u0111\u1ee7 pha v\u1edbi n\u01b0\u1edbc \u1ea5m ho\u1eb7c n\u01b0\u1edbc s\u00f4i, c\u00f3 th\u1ec3 d\u00f9ng n\u00f3ng ho\u1eb7c u\u1ed1ng v\u1edbi \u0111\u00e1.<\/p>\n<p>&gt;D\u00f9ng trong pha ch\u1ebf c\u00e1c lo\u1ea1i th\u1ee9c u\u1ed1ng ho\u1eb7c l\u00e0m b\u00e1nh, pha c\u00e0 ph\u00ea, l\u00e0m sinh t\u1ed1.<\/p>\n<p>&gt; \u0102n k\u00e8m b\u00e1nh m\u00ec trong c\u00e1c b\u1eefa \u0103n nh\u1eb9<\/p>\n<p>S\u1ea3n ph\u1ea9m hi\u1ec7n \u0111\u00e3 c\u00f3 m\u1eb7t t\u1ea1i Havamall.<\/p>","protected":false},"excerpt":{"rendered":"<p>TH\u00d4NG TIN S\u1ea2N PH\u1ea8M Th\u01b0\u01a1ng hi\u1ec7u Loving Xu\u1ea5t x\u1ee9 Vi\u1ec7t Nam Th\u00e0nh ph\u1ea7n Glucose syrup 40%, d\u1ea7u nh\u00e2n d\u1eeba \u0111\u00e3<\/p>","protected":false},"featured_media":25605,"comment_status":"open","ping_status":"closed","template":"","meta":[],"product_brand":[],"product_cat":[496,36],"product_tag":[],"class_list":{"0":"post-25596","1":"product","2":"type-product","3":"status-publish","4":"has-post-thumbnail","6":"product_cat-thuc-pham-thuan-chay","7":"product_cat-thuc-pham-tieu-dung","9":"first","10":"outofstock","11":"sale","12":"shipping-taxable","13":"purchasable","14":"product-type-simple"},"_links":{"self":[{"href":"https:\/\/havamall.vn\/en\/wp-json\/wp\/v2\/product\/25596"}],"collection":[{"href":"https:\/\/havamall.vn\/en\/wp-json\/wp\/v2\/product"}],"about":[{"href":"https:\/\/havamall.vn\/en\/wp-json\/wp\/v2\/types\/product"}],"replies":[{"embeddable":true,"href":"https:\/\/havamall.vn\/en\/wp-json\/wp\/v2\/comments?post=25596"}],"version-history":[{"count":0,"href":"https:\/\/havamall.vn\/en\/wp-json\/wp\/v2\/product\/25596\/revisions"}],"wp:featuredmedia":[{"embeddable":true,"href":"https:\/\/havamall.vn\/en\/wp-json\/wp\/v2\/media\/25605"}],"wp:attachment":[{"href":"https:\/\/havamall.vn\/en\/wp-json\/wp\/v2\/media?parent=25596"}],"wp:term":[{"taxonomy":"product_brand","embeddable":true,"href":"https:\/\/havamall.vn\/en\/wp-json\/wp\/v2\/product_brand?post=25596"},{"taxonomy":"product_cat","embeddable":true,"href":"https:\/\/havamall.vn\/en\/wp-json\/wp\/v2\/product_cat?post=25596"},{"taxonomy":"product_tag","embeddable":true,"href":"https:\/\/havamall.vn\/en\/wp-json\/wp\/v2\/product_tag?post=25596"}],"curies":[{"name":"wp","href":"https:\/\/api.w.org\/{rel}","templated":true}]}}