{"id":25581,"date":"2022-02-28T15:56:17","date_gmt":"2022-02-28T08:56:17","guid":{"rendered":"https:\/\/havamall.vn\/?post_type=product&#038;p=25581"},"modified":"2024-08-22T17:06:55","modified_gmt":"2024-08-22T10:06:55","slug":"vai-ngam-nuoc-duong-thanh-ha-560g-lychee-in-light-syrup","status":"publish","type":"product","link":"https:\/\/havamall.vn\/en\/shop\/vai-ngam-nuoc-duong-thanh-ha-560g-lychee-in-light-syrup\/","title":{"rendered":"V\u1ea3i Ng\u00e2m N\u01b0\u1edbc \u0110\u01b0\u1eddng Thanh H\u00e0 560g &#8211; Lychee In Light Syrup"},"content":{"rendered":"<p>V\u1ea3i Thi\u1ec1u\u00a0n\u01b0\u1edbc \u0111\u01b0\u1eddng Thanh H\u00e0 \u0111\u01b0\u1ee3c s\u1ea3n xu\u1ea5t tr\u00ean d\u00e2y chuy\u1ec1n c\u00f4ng ngh\u1ec7 hi\u1ec7n \u0111\u1ea1i t\u1eeb nh\u1eefng nguy\u00ean li\u1ec7u cao c\u1ea5p, kh\u00f4ng ch\u1ee9a ph\u1ee5 gia \u0111\u1ed9c h\u1ea1i, \u0111\u1ea3m b\u1ea3o an to\u00e0n cho s\u1ee9c kh\u1ecfe ng\u01b0\u1eddi ti\u00eau d\u00f9ng, \u0111em \u0111\u1ebfn cho b\u1ea1n nh\u1eefng m\u00f3n \u0103n ngon v\u00e0 b\u1ed5 d\u01b0\u1ee1ng.<\/p>\n<p>\u0110\u01b0\u1ee3c ch\u1ebf bi\u1ebfn t\u1eeb nh\u1eefng tr\u00e1i v\u1ea3i t\u01b0\u01a1i ngon \u0111\u01b0\u1ee3c ch\u1ecdn l\u1ecdc k\u1ef9 l\u01b0\u1ee1ng lu\u00f4n \u0111\u1ea3m b\u1ea3o \u0111\u01b0\u1ee3c s\u1ef1 an to\u00e0n v\u00e0 v\u1ec7 sinh th\u1ef1c ph\u1ea9m cho ng\u01b0\u1eddi s\u1eed d\u1ee5ng.\u00a0S\u1ea3n ph\u1ea9m \u0111\u01b0\u1ee3c \u0111\u00f3ng h\u1ed9p b\u1eb1ng ch\u1ea5t li\u1ec7u thi\u1ebfc an to\u00e0n, ch\u1eafc ch\u1eafn gi\u00fap d\u1ec5 s\u1eed d\u1ee5ng v\u00e0 b\u1ea3o qu\u1ea3n.<\/p>\n<p><img fetchpriority=\"high\" decoding=\"async\" class=\"wp-image-25583 aligncenter\" src=\"https:\/\/havamall.vn\/wp-content\/uploads\/2022\/02\/b2222aa7-9350-4378-90bf-c4009f360d4b-300x225.png\" alt=\"\" width=\"535\" height=\"401\" srcset=\"https:\/\/havamall.vn\/wp-content\/uploads\/2022\/02\/b2222aa7-9350-4378-90bf-c4009f360d4b-300x225.png 300w, https:\/\/havamall.vn\/wp-content\/uploads\/2022\/02\/b2222aa7-9350-4378-90bf-c4009f360d4b-430x323.png 430w, https:\/\/havamall.vn\/wp-content\/uploads\/2022\/02\/b2222aa7-9350-4378-90bf-c4009f360d4b-150x113.png 150w, https:\/\/havamall.vn\/wp-content\/uploads\/2022\/02\/b2222aa7-9350-4378-90bf-c4009f360d4b-700x525.png 700w, https:\/\/havamall.vn\/wp-content\/uploads\/2022\/02\/b2222aa7-9350-4378-90bf-c4009f360d4b-768x576.png 768w, https:\/\/havamall.vn\/wp-content\/uploads\/2022\/02\/b2222aa7-9350-4378-90bf-c4009f360d4b-1024x768.png 1024w, https:\/\/havamall.vn\/wp-content\/uploads\/2022\/02\/b2222aa7-9350-4378-90bf-c4009f360d4b-1200x900.png 1200w, https:\/\/havamall.vn\/wp-content\/uploads\/2022\/02\/b2222aa7-9350-4378-90bf-c4009f360d4b-600x450.png 600w, https:\/\/havamall.vn\/wp-content\/uploads\/2022\/02\/b2222aa7-9350-4378-90bf-c4009f360d4b.png 2000w\" sizes=\"(max-width: 535px) 100vw, 535px\" \/><\/p>\n<p>V\u1ea3i Thi\u1ec1u\u00a0n\u01b0\u1edbc \u0111\u01b0\u1eddng Thanh H\u00e0 v\u1edbi th\u00e0nh ph\u1ea7n nguy\u00ean li\u1ec7u ch\u00ednh l\u00e0 ho\u00e0n to\u00e0n t\u1eeb v\u1ea3i t\u01b0\u01a1i 100% \u0111\u01b0\u1ee3c ch\u1ecdn l\u1ecdc k\u0129 c\u00e0ng tr\u00e1i ngon nh\u1ea5t pha tr\u1ed9n l\u1eabn n\u01b0\u1edbc v\u00e0 \u0111\u01b0\u1eddng, t\u1ea1o s\u1ef1 h\u00f2a quy\u1ec7n tuy\u1ec7t h\u1ea3o, \u0111\u1ea3m b\u1ea3o ch\u1ea5t l\u01b0\u1ee3ng cho ng\u01b0\u1eddi d\u00f9ng. V\u1ea2I NG\u00c2M \u0110\u01af\u1edcNG \u0111\u00f3ng h\u1ed9p c\u00f3 h\u01b0\u01a1ng v\u1ecb th\u01a1m ngon \u0111\u1eb7c tr\u01b0ng c\u1ee7a v\u1ea3i, m\u00e0u tr\u1eafng t\u1ef1 nhi\u00ean, khi \u0103n m\u1ec1m v\u00e0 v\u1ecb ng\u1ecdt thanh thanh t\u1ea1o c\u1ea3m gi\u00e1c cho ng\u01b0\u1eddi d\u00f9ng v\u00f4 c\u00f9ng th\u00edch th\u00fa. \u0110\u1ed3ng th\u1eddi, n\u01b0\u1edbc v\u1ea3i h\u01a1i s\u00e1nh l\u1ea1i th\u00edch h\u1ee3p d\u00f9ng trong pha ch\u1ebf r\u1ea5t tuy\u1ec7t h\u1ea3o.<\/p>\n<p>V\u1ea3i c\u00f3 c\u00f4ng d\u1ee5ng r\u1ea5t t\u1ed1t cho s\u1ee9c kh\u1ecfe v\u1edbi nhi\u1ec1u kho\u00e1ng ch\u1ea5t vitamin, t\u0103ng c\u01b0\u1eddng ch\u1ee9c n\u0103ng c\u1ee7a h\u1ec7 th\u1ed1ng ti\u00eau h\u00f3a, ng\u0103n ng\u1eeba ung th\u01b0, b\u1ea3o v\u1ec7 tim m\u1ea1ch,\u2026 V\u1ea3i n\u00e0y b\u1ea1n c\u00f3 th\u1ec3 d\u00f9ng \u0103n tr\u1ef1c ti\u1ebfp ho\u1eb7c d\u00f9ng trong pha ch\u1ebf n\u01b0\u1edbc u\u1ed1ng \u0111\u1ec3 c\u00f3 \u0111\u01b0\u1ee3c th\u1ee9c ngon b\u1ed5 d\u01b0\u1ee1ng m\u00e1t l\u1ea1nh. Ngo\u00e0i ra, b\u1ea1n c\u00f3 th\u1ec3 d\u00f9ng l\u00e0m nguy\u00ean li\u1ec7u cho m\u00f3n ch\u00e8, tr\u00e0 v\u1ea3i,\u2026<\/p>\n<p><img decoding=\"async\" class=\"wp-image-25584 aligncenter\" src=\"https:\/\/havamall.vn\/wp-content\/uploads\/2022\/02\/vai-thieu-300x199.png\" alt=\"\" width=\"539\" height=\"357\" srcset=\"https:\/\/havamall.vn\/wp-content\/uploads\/2022\/02\/vai-thieu-300x199.png 300w, https:\/\/havamall.vn\/wp-content\/uploads\/2022\/02\/vai-thieu-430x286.png 430w, https:\/\/havamall.vn\/wp-content\/uploads\/2022\/02\/vai-thieu-150x100.png 150w, https:\/\/havamall.vn\/wp-content\/uploads\/2022\/02\/vai-thieu-700x465.png 700w, https:\/\/havamall.vn\/wp-content\/uploads\/2022\/02\/vai-thieu-768x510.png 768w, https:\/\/havamall.vn\/wp-content\/uploads\/2022\/02\/vai-thieu-600x399.png 600w, https:\/\/havamall.vn\/wp-content\/uploads\/2022\/02\/vai-thieu.png 960w\" sizes=\"(max-width: 539px) 100vw, 539px\" \/><\/p>\n<h1><strong>C\u00f4ng d\u1ee5ng c\u1ee7a qu\u1ea3 v\u1ea3i<\/strong><\/h1>\n<p>&gt; T\u0103ng c\u01b0\u1eddng mi\u1ec5n d\u1ecbch<\/p>\n<p>&gt; Ph\u00f2ng ch\u1ed1ng ung th\u01b0<\/p>\n<p>&gt; H\u1ed7 tr\u1ee3 ti\u00eau h\u00f3a<\/p>\n<p>&gt; Gi\u1ea3m n\u1ebfp nh\u0103n v\u00e0 t\u00e0n nhang<\/p>\n<p>&gt; Duy tr\u00ec m\u00e1i t\u00f3c kh\u1ecfe m\u1ea1nh<\/p>\n<h1><img decoding=\"async\" class=\"wp-image-25585 aligncenter\" src=\"https:\/\/havamall.vn\/wp-content\/uploads\/2022\/02\/panna-cotta-300x169.png\" alt=\"\" width=\"552\" height=\"311\" srcset=\"https:\/\/havamall.vn\/wp-content\/uploads\/2022\/02\/panna-cotta-300x169.png 300w, https:\/\/havamall.vn\/wp-content\/uploads\/2022\/02\/panna-cotta-430x242.png 430w, https:\/\/havamall.vn\/wp-content\/uploads\/2022\/02\/panna-cotta-150x85.png 150w, https:\/\/havamall.vn\/wp-content\/uploads\/2022\/02\/panna-cotta-700x394.png 700w, https:\/\/havamall.vn\/wp-content\/uploads\/2022\/02\/panna-cotta-768x433.png 768w, https:\/\/havamall.vn\/wp-content\/uploads\/2022\/02\/panna-cotta-1024x577.png 1024w, https:\/\/havamall.vn\/wp-content\/uploads\/2022\/02\/panna-cotta.png 1200w, https:\/\/havamall.vn\/wp-content\/uploads\/2022\/02\/panna-cotta-600x338.png 600w\" sizes=\"(max-width: 552px) 100vw, 552px\" \/><\/h1>\n<h1><strong>H\u01b0\u1edbng d\u1eabn s\u1eed d\u1ee5ng v\u00e0 b\u1ea3o qu\u1ea3n<\/strong><\/h1>\n<p>&#8211; C\u00f3 th\u1ec3 \u0103n li\u1ec1n (th\u00eam \u0111\u00e1).<\/p>\n<p>&#8211; Ch\u1ebf Bi\u1ebfn c\u00e1c m\u00f3n n\u01b0\u1edbc gi\u1ea3i kh\u00e1t: Tr\u00e0 V\u1ea3i, Sinh t\u1ed1 v\u1ea3i<\/p>\n<p>&#8211; Topping c\u00e1c m\u00f3n n\u01b0\u1edbc gi\u1ea3i kh\u00e1t, tr\u00e0 s\u1eefa, s\u1eefa t\u01b0\u01a1i, kem\u2026<\/p>\n<p>&#8211; D\u00f9ng ch\u1ebf bi\u1ebfn th\u1ef1c ph\u1ea9m:\u00a0 B\u00e1nh t\u01b0\u01a1i, n\u01b0\u1edbng\u2026<\/p>\n<p>&#8211; D\u00f9ng l\u00e0m m\u1ee9t, nh\u00e2n b\u00e1nh ng\u1ecdt\u2026<\/p>\n<p>&#8211; C\u00e1ch b\u1ea3o qu\u1ea3n H\u1ed9p V\u1ea3i: \u0110\u00f3ng h\u1ed9p ch\u1eafc ch\u1eafn n\u00ean c\u00f3 th\u1ec3 b\u1ea3o qu\u1ea3n b\u1ea5t c\u1ee9 \u0111\u00e2u. Tr\u00e1nh \u00e1nh n\u1eafng chi\u1ebfu tr\u1ef1c ti\u1ebfp v\u00e0o h\u1ed9p \u0111\u00e0o s\u1ebd l\u00e0m h\u1ed9p n\u00f3ng l\u00ean v\u00e0 c\u00f3 th\u1ec3 b\u1ecb h\u01b0.<\/p>\n<p>&#8211; H\u1ed9p \u0111\u00e3 m\u1edf ra b\u1ea3o qu\u1ea3n t\u1ee7 m\u00e1t n\u1ebfu \u0111\u1ec3 s\u1eed d\u1ee5ng tr\u00ean 24h<\/p>\n<p>&#8211; Khui n\u1eafp ra l\u00e0 c\u00f3 th\u1ec3 s\u1eed d\u1ee5ng \u0111\u01b0\u1ee3c ngay<\/p>\n<h2><img loading=\"lazy\" decoding=\"async\" class=\"wp-image-25586 aligncenter\" src=\"https:\/\/havamall.vn\/wp-content\/uploads\/2022\/02\/tra\u0300-va\u0309i-300x246.png\" alt=\"\" width=\"543\" height=\"445\" srcset=\"https:\/\/havamall.vn\/wp-content\/uploads\/2022\/02\/tra\u0300-va\u0309i-300x246.png 300w, https:\/\/havamall.vn\/wp-content\/uploads\/2022\/02\/tra\u0300-va\u0309i-430x352.png 430w, https:\/\/havamall.vn\/wp-content\/uploads\/2022\/02\/tra\u0300-va\u0309i-150x123.png 150w, https:\/\/havamall.vn\/wp-content\/uploads\/2022\/02\/tra\u0300-va\u0309i-700x573.png 700w, https:\/\/havamall.vn\/wp-content\/uploads\/2022\/02\/tra\u0300-va\u0309i-768x629.png 768w, https:\/\/havamall.vn\/wp-content\/uploads\/2022\/02\/tra\u0300-va\u0309i-1024x838.png 1024w, https:\/\/havamall.vn\/wp-content\/uploads\/2022\/02\/tra\u0300-va\u0309i-1200x982.png 1200w, https:\/\/havamall.vn\/wp-content\/uploads\/2022\/02\/tra\u0300-va\u0309i-600x491.png 600w, https:\/\/havamall.vn\/wp-content\/uploads\/2022\/02\/tra\u0300-va\u0309i.png 1500w\" sizes=\"(max-width: 543px) 100vw, 543px\" \/><\/h2>\n<h2><strong>H\u01b0\u1edbng d\u1eabn l\u00e0m th\u1ea1ch v\u1ea3i \u0111\u01a1n gi\u1ea3n t\u1ea1i nh\u00e0<\/strong><\/h2>\n<p>&gt; 2 lon v\u1ea3i t\u01b0\u01a1i b\u1ea1n khui n\u1eafp v\u00e0 l\u1ea5y\u00a0tr\u00e1i v\u1ea3i v\u00e0 n\u01b0\u1edbc v\u1ea3i ra ri\u00eang. N\u01b0\u1edbc v\u1ea3i: 350ml l\u00e0m th\u1ea1ch<\/p>\n<p>&gt; Cho 3g b\u1ed9t rau c\u00e2u gi\u00f2n v\u00e0o t\u00f4 ho\u1eb7c n\u1ed3i, cho th\u00eam v\u00e0o t\u00f4 100ml n\u01b0\u1edbc l\u1ecdc, 350ml n\u01b0\u1edbc v\u1ea3i t\u01b0\u01a1i \u0111\u00e3 t\u00e1ch \u1edf tr\u00ean.\u00a0Khu\u1ea5y \u0111\u1ec1u v\u00e0 ng\u00e2m trong 30 ph\u00fat.<\/p>\n<p>&gt; Cho h\u1ed7n h\u1ee3p b\u1ed9t rau c\u00e2u v\u00e0 n\u01b0\u1edbc v\u1ea3i \u1edf tr\u00ean v\u00e0o n\u1ed3i. \u0110un s\u00f4i tr\u00ean\u00a0l\u1eeda v\u1eeba, th\u00eam 75g \u0111\u01b0\u1eddng v\u00e0o n\u1ed3i,\u00a0khu\u1ea5y \u0111\u1ec1u r\u1ed3i t\u1eaft b\u1ebfp, cho 100ml s\u1eefa t\u01b0\u01a1i kh\u00f4ng \u0111\u01b0\u1eddng v\u00e0o khu\u1ea5y \u0111\u1ec1u m\u1ed9t l\u1ea7n n\u1eefa r\u1ed3i\u00a0\u0111\u1ed5 ra khu\u00f4n, \u0111\u1ec3 ngu\u1ed9i.<\/p>\n<p>&gt; Cho h\u1ed9p rau c\u00e2u v\u00e0o ng\u0103n m\u00e1t t\u1ee7 l\u1ea1nh\u00a0kho\u1ea3ng 1 ti\u1ebfng\u00a0cho th\u1ea1ch\u00a0\u0111\u00f4ng l\u1ea1i ho\u00e0n to\u00e0n.<\/p>\n<p>&gt; Sau khi th\u1ea1ch \u0111\u00f4ng, b\u1ea1n l\u1ea5y th\u1ea1ch ra kh\u1ecfi khu\u00f4n, c\u1eaft th\u00e0nh\u00a0nh\u1eefng mi\u1ebfng ch\u1eef nh\u1eadt nh\u1ecf v\u1eeba \u0103n\u00a0r\u1ed3i cho v\u00e0o\u00a0ng\u0103n m\u00e1t gi\u1eef l\u1ea1nh\u00a0\u0111\u1ebfn khi d\u00f9ng.<\/p>\n<p>S\u1ea3n ph\u1ea9m hi\u1ec7n \u0111\u00e3 c\u00f3 m\u1eb7t t\u1ea1i Havamall.<\/p>","protected":false},"excerpt":{"rendered":"<p>V\u1ea3i Thi\u1ec1u\u00a0n\u01b0\u1edbc \u0111\u01b0\u1eddng Thanh H\u00e0 \u0111\u01b0\u1ee3c s\u1ea3n xu\u1ea5t tr\u00ean d\u00e2y chuy\u1ec1n c\u00f4ng ngh\u1ec7 hi\u1ec7n \u0111\u1ea1i t\u1eeb nh\u1eefng nguy\u00ean li\u1ec7u cao<\/p>","protected":false},"featured_media":25587,"comment_status":"open","ping_status":"closed","template":"","meta":[],"product_brand":[],"product_cat":[36,143],"product_tag":[],"class_list":{"0":"post-25581","1":"product","2":"type-product","3":"status-publish","4":"has-post-thumbnail","6":"product_cat-thuc-pham-tieu-dung","7":"product_cat-thuc-pham-dong-hop","9":"first","10":"instock","11":"sale","12":"shipping-taxable","13":"purchasable","14":"product-type-simple"},"_links":{"self":[{"href":"https:\/\/havamall.vn\/en\/wp-json\/wp\/v2\/product\/25581"}],"collection":[{"href":"https:\/\/havamall.vn\/en\/wp-json\/wp\/v2\/product"}],"about":[{"href":"https:\/\/havamall.vn\/en\/wp-json\/wp\/v2\/types\/product"}],"replies":[{"embeddable":true,"href":"https:\/\/havamall.vn\/en\/wp-json\/wp\/v2\/comments?post=25581"}],"version-history":[{"count":0,"href":"https:\/\/havamall.vn\/en\/wp-json\/wp\/v2\/product\/25581\/revisions"}],"wp:featuredmedia":[{"embeddable":true,"href":"https:\/\/havamall.vn\/en\/wp-json\/wp\/v2\/media\/25587"}],"wp:attachment":[{"href":"https:\/\/havamall.vn\/en\/wp-json\/wp\/v2\/media?parent=25581"}],"wp:term":[{"taxonomy":"product_brand","embeddable":true,"href":"https:\/\/havamall.vn\/en\/wp-json\/wp\/v2\/product_brand?post=25581"},{"taxonomy":"product_cat","embeddable":true,"href":"https:\/\/havamall.vn\/en\/wp-json\/wp\/v2\/product_cat?post=25581"},{"taxonomy":"product_tag","embeddable":true,"href":"https:\/\/havamall.vn\/en\/wp-json\/wp\/v2\/product_tag?post=25581"}],"curies":[{"name":"wp","href":"https:\/\/api.w.org\/{rel}","templated":true}]}}