{"id":25500,"date":"2022-02-21T14:36:03","date_gmt":"2022-02-21T07:36:03","guid":{"rendered":"https:\/\/havamall.vn\/?post_type=product&#038;p=25500"},"modified":"2022-02-25T15:30:17","modified_gmt":"2022-02-25T08:30:17","slug":"bo-dieu-khac-bang-cao-su-5-cai","status":"publish","type":"product","link":"https:\/\/havamall.vn\/en\/shop\/bo-dieu-khac-bang-cao-su-5-cai\/","title":{"rendered":"B\u1ed9 \u0110i\u00eau Kh\u1eafc B\u1eb1ng Cao Su 5 C\u00e1i"},"content":{"rendered":"<p>B\u1ed9 s\u1ea3n ph\u1ea9m \u0111i\u00eau kh\u1eafc t\u1ea1o h\u00ecnh \u0111\u1ea5t s\u00e9t b\u1eb1ng silicon th\u00edch h\u1ee3p cho c\u00e1c d\u1ef1 \u00e1n l\u00e0m \u0111\u1ea5t s\u00e9t, m\u00f3ng tay, ngh\u1ec7 thu\u1eadt, \u0111i\u00eau kh\u1eafc, l\u00e0m \u0111\u1ed3 nh\u1ef1a, k\u1eb9o m\u1ec1m v\u00e0 trang tr\u00ed b\u00e1nh.<\/p>\n<p>C\u00e1c ki\u1ec3u \u0111\u1ea7u ph\u00f9 h\u1ee3p v\u1edbi t\u1ea1o h\u00ecnh t\u1eebng ng\u00f3c ng\u00e1ch kh\u00e1c nhau cho t\u01b0\u1ee3ng polymer clay ho\u1eb7c \u0111\u1ea5t s\u00e9t nh\u1eadt lo\u1ea1i A. Song song v\u1edbi vi\u1ec7c gi\u00fap tao n\u1ebfp, v\u00e2n, khe 1 c\u00e1ch m\u1ecbn m\u00e0ng th\u00ec c\u1ecd silicone n\u00e0y c\u00f2n gi\u00fap n\u1ed1i c\u00e1c chi ti\u1ebft l\u1ea1i v\u1edbi nhau. V\u00ed nh\u01b0 n\u1eb7n ch\u00e2n tay xong r\u1ed3i, th\u00ec d\u00f9ng c\u1ecd mi\u1ebft \u0111\u1ea5t t\u1eeb th\u00e2n v\u1edbi ch\u00e2n, tay l\u1ea1i \u0111\u1ec3 nh\u00ecn h\u00e0i h\u00f2a h\u01a1n cho h\u00ecnh n\u1eb7n.<\/p>\n<p><img fetchpriority=\"high\" decoding=\"async\" class=\"wp-image-25501 aligncenter\" src=\"https:\/\/havamall.vn\/wp-content\/uploads\/2022\/02\/acd1b4cf8be8-300x262.png\" alt=\"\" width=\"602\" height=\"526\" srcset=\"https:\/\/havamall.vn\/wp-content\/uploads\/2022\/02\/acd1b4cf8be8-300x262.png 300w, https:\/\/havamall.vn\/wp-content\/uploads\/2022\/02\/acd1b4cf8be8-430x376.png 430w, https:\/\/havamall.vn\/wp-content\/uploads\/2022\/02\/acd1b4cf8be8-150x131.png 150w, https:\/\/havamall.vn\/wp-content\/uploads\/2022\/02\/acd1b4cf8be8-700x612.png 700w, https:\/\/havamall.vn\/wp-content\/uploads\/2022\/02\/acd1b4cf8be8-768x671.png 768w, https:\/\/havamall.vn\/wp-content\/uploads\/2022\/02\/acd1b4cf8be8-600x524.png 600w, https:\/\/havamall.vn\/wp-content\/uploads\/2022\/02\/acd1b4cf8be8.png 1000w\" sizes=\"(max-width: 602px) 100vw, 602px\" \/><\/p>\n<p>S\u1ea3n ph\u1ea9m v\u1edbi k\u00edch th\u01b0\u1edbc nh\u1ecf g\u1ecdn, gi\u00fap d\u1ec5 d\u00e0ng l\u1ea5y c\u00e1c chi ti\u1ebft nh\u1ecf v\u00e0 ti\u1ebfp c\u1eadn c\u00e1c g\u00f3c. Ngo\u00e0i ra v\u1edbi tr\u1ecdng l\u01b0\u1ee3ng nh\u1eb9 gi\u00fap d\u1ec5 d\u00e0ng c\u1ea7m n\u1eafm trong tay v\u00e0 thao t\u00e1c v\u1edbi \u0111\u1ea5t s\u00e9t.<\/p>\n<p>B\u1ed9 s\u1ea3n ph\u1ea9m \u0111i\u00eau kh\u1eafc t\u1ea1o h\u00ecnh \u0111\u1ea5t s\u00e9t b\u1eb1ng siliconc\u00f3 ch\u1ea5t l\u01b0\u1ee3ng cao, d\u1ec5 d\u00e0ng l\u00e0m s\u1ea1ch. C\u00e1c \u0111\u1ea7u b\u1eb1ng cao su m\u1ec1m, s\u01a1n tr\u00ean tay c\u1ea7m b\u1eb1ng g\u1ed7 s\u1ebd kh\u00f4ng d\u1ec5 d\u00e0ng bong ra v\u00e0 l\u00e0m b\u1ea9n \u0111\u1ea5t s\u00e9t ho\u1eb7c c\u00e1c c\u00f4ng tr\u00ecnh kh\u00e1c.<\/p>\n<p><img decoding=\"async\" class=\"wp-image-25502 aligncenter\" src=\"https:\/\/havamall.vn\/wp-content\/uploads\/2022\/02\/61PF22iFkhL-300x226.png\" alt=\"\" width=\"599\" height=\"452\" srcset=\"https:\/\/havamall.vn\/wp-content\/uploads\/2022\/02\/61PF22iFkhL-300x226.png 300w, https:\/\/havamall.vn\/wp-content\/uploads\/2022\/02\/61PF22iFkhL-430x324.png 430w, https:\/\/havamall.vn\/wp-content\/uploads\/2022\/02\/61PF22iFkhL-150x113.png 150w, https:\/\/havamall.vn\/wp-content\/uploads\/2022\/02\/61PF22iFkhL-700x528.png 700w, https:\/\/havamall.vn\/wp-content\/uploads\/2022\/02\/61PF22iFkhL-768x579.png 768w, https:\/\/havamall.vn\/wp-content\/uploads\/2022\/02\/61PF22iFkhL-1024x772.png 1024w, https:\/\/havamall.vn\/wp-content\/uploads\/2022\/02\/61PF22iFkhL-1200x905.png 1200w, https:\/\/havamall.vn\/wp-content\/uploads\/2022\/02\/61PF22iFkhL-600x453.png 600w, https:\/\/havamall.vn\/wp-content\/uploads\/2022\/02\/61PF22iFkhL.png 1424w\" sizes=\"(max-width: 599px) 100vw, 599px\" \/><\/p>\n<h3><strong>C\u00e1c t\u00ednh n\u0103ng c\u1ee7a b\u1ed9 d\u1ee5ng c\u1ee5:<\/strong><\/h3>\n<p>&#8211; B\u1ed9 B\u00fat cao su 5 chi\u1ebfc, tr\u1ee3 l\u00fd t\u1ed1t nh\u1ea5t cho m\u00e0u n\u01b0\u1edbc, \u0111\u1ea5t s\u00e9t, v. v.<\/p>\n<p>&#8211; L\u00fd t\u01b0\u1edfng cho vi\u1ec7c t\u1ea1o h\u00ecnh m\u00e0u s\u1eafc, pha tr\u1ed9n, v\u1ebd, s\u1ee3i m\u1ea3nh, l\u00e0m vi\u1ec7c c\u1ea3m \u1ee9ng v\u00e0 lo\u1ea1i b\u1ecf d\u1ea5u v\u00e2n tay.<\/p>\n<p>&#8211; 5 \u0111i\u1ec3m kh\u00e1c nhau: \u0111i\u1ec3m c\u00f4n, g\u00f3c \u0111\u1ee5c, \u0111\u1ee5c d\u1eb9t, \u0111\u1ee5c c\u1ed1c, c\u1ed1c tr\u00f2n.<\/p>\n<p>&#8211; \u0110\u1ea7u m\u1ec1m v\u00e0 d\u1ec5 s\u1eed d\u1ee5ng, c\u00e1n b\u1eb1ng g\u1ed7 nh\u00e2n t\u1ea1o.<\/p>\n<p>&#8211; D\u00e0i h\u1ebft ch\u00e2n 15.5cm.<\/p>\n<p>S\u1ea3n ph\u1ea9m hi\u1ec7n \u0111\u00e3 c\u00f3 m\u1eb7t t\u1ea1i havamall.<\/p>","protected":false},"excerpt":{"rendered":"<p>B\u1ed9 s\u1ea3n ph\u1ea9m \u0111i\u00eau kh\u1eafc t\u1ea1o h\u00ecnh \u0111\u1ea5t s\u00e9t b\u1eb1ng silicon th\u00edch h\u1ee3p cho c\u00e1c d\u1ef1 \u00e1n l\u00e0m \u0111\u1ea5t s\u00e9t,<\/p>","protected":false},"featured_media":25566,"comment_status":"open","ping_status":"closed","template":"","meta":[],"product_brand":[],"product_cat":[395,35],"product_tag":[],"class_list":{"0":"post-25500","1":"product","2":"type-product","3":"status-publish","4":"has-post-thumbnail","6":"product_cat-van-phong-pham","7":"product_cat-nha-cua-doi-song","9":"first","10":"instock","11":"sale","12":"shipping-taxable","13":"purchasable","14":"product-type-simple"},"_links":{"self":[{"href":"https:\/\/havamall.vn\/en\/wp-json\/wp\/v2\/product\/25500"}],"collection":[{"href":"https:\/\/havamall.vn\/en\/wp-json\/wp\/v2\/product"}],"about":[{"href":"https:\/\/havamall.vn\/en\/wp-json\/wp\/v2\/types\/product"}],"replies":[{"embeddable":true,"href":"https:\/\/havamall.vn\/en\/wp-json\/wp\/v2\/comments?post=25500"}],"version-history":[{"count":0,"href":"https:\/\/havamall.vn\/en\/wp-json\/wp\/v2\/product\/25500\/revisions"}],"wp:featuredmedia":[{"embeddable":true,"href":"https:\/\/havamall.vn\/en\/wp-json\/wp\/v2\/media\/25566"}],"wp:attachment":[{"href":"https:\/\/havamall.vn\/en\/wp-json\/wp\/v2\/media?parent=25500"}],"wp:term":[{"taxonomy":"product_brand","embeddable":true,"href":"https:\/\/havamall.vn\/en\/wp-json\/wp\/v2\/product_brand?post=25500"},{"taxonomy":"product_cat","embeddable":true,"href":"https:\/\/havamall.vn\/en\/wp-json\/wp\/v2\/product_cat?post=25500"},{"taxonomy":"product_tag","embeddable":true,"href":"https:\/\/havamall.vn\/en\/wp-json\/wp\/v2\/product_tag?post=25500"}],"curies":[{"name":"wp","href":"https:\/\/api.w.org\/{rel}","templated":true}]}}