{"id":25486,"date":"2022-02-21T13:52:47","date_gmt":"2022-02-21T06:52:47","guid":{"rendered":"https:\/\/havamall.vn\/?post_type=product&#038;p=25486"},"modified":"2022-02-25T15:30:45","modified_gmt":"2022-02-25T08:30:45","slug":"bo-4-dung-cu-tao-hinh-dat-set-dau-bi","status":"publish","type":"product","link":"https:\/\/havamall.vn\/en\/shop\/bo-4-dung-cu-tao-hinh-dat-set-dau-bi\/","title":{"rendered":"B\u1ed9 4 D\u1ee5ng C\u1ee5 T\u1ea1o H\u00ecnh \u0110\u1ea5t S\u00e9t \u0110\u1ea7u Bi"},"content":{"rendered":"<p>D\u1ee5ng c\u1ee5 t\u1ea1o h\u00ecnh \u0111\u1ea5t s\u00e9t hai \u0111\u1ea7u v\u1edbi c\u00e1c \u0111\u1ea7u tr\u00f2n c\u00f3 k\u00edch th\u01b0\u1edbc kh\u00e1c nhau.\u00a0D\u1ee5ng c\u1ee5 \u0111\u01b0\u1ee3c s\u1eed d\u1ee5ng ch\u1ee7 y\u1ebfu \u0111\u1ec3 t\u1ea1o h\u00ecnh, x\u1ebfp n\u1ebfp c\u00e1nh hoa v\u00e0 l\u00e1 tr\u00ean b\u00e1nh k\u1eb9o m\u1ec1m, \u0111\u01b0\u1eddng, h\u1ed3 d\u00e1n c\u00e1nh hoa, b\u00e1nh h\u1ea1nh nh\u00e2n, b\u00e1nh quy ho\u1eb7c \u0111\u1ea5t s\u00e9t th\u1ee7 c\u00f4ng c\u0169ng nh\u01b0 v\u1ebd tranh ngh\u1ec7 thu\u1eadt.\u00a0C\u00e1c c\u00f4ng c\u1ee5 n\u00e0y \u0111\u1ec1u d\u00e0nh cho m\u1ee5c \u0111\u00edch t\u1ef1 l\u00e0m v\u00e0 chuy\u00ean nghi\u1ec7p.<\/p>\n<p>B\u1ed9 mo l\u00e0 b\u1ed9 d\u1ee5ng c\u1ee5 kh\u00f4ng th\u1ec3 thi\u1ebfu cho c\u00e1c b\u1ea1n fan c\u1ee7a Hoa \u0110\u1ea5t S\u00e9t Nh\u1eadt Th\u00e1i. Nh\u01b0ng \u1ee9ng d\u1ee5ng c\u1ee7a n\u00f3 kh\u00f4ng ch\u1ec9 d\u1eebng l\u1ea1i \u1edf \u0111\u00f3.<br \/>\nB\u1ed9 mo c\u00f2n c\u00f3 th\u1ec3 t\u1ea1o c\u00e1c chi ti\u1ebft t\u1ea1o h\u00ecnh r\u1ea5t t\u1ed1t, t\u1ea1o ki\u1ec3u d\u00e1ng tr\u00f2n hay m\u01b0\u1ee3t cho s\u1ea3n ph\u1ea9m t\u1ed1t nh\u1edd<br \/>\nv\u00e0o c\u1ea5u t\u1ea1o inox n\u1eb7ng v\u00e0 ch\u1eafc c\u1ee7a m\u00ecnh.<\/p>\n<p><img fetchpriority=\"high\" decoding=\"async\" class=\"wp-image-25495 aligncenter\" src=\"https:\/\/havamall.vn\/wp-content\/uploads\/2022\/02\/1ddd80e45d6-300x170.png\" alt=\"\" width=\"595\" height=\"337\" srcset=\"https:\/\/havamall.vn\/wp-content\/uploads\/2022\/02\/1ddd80e45d6-300x170.png 300w, https:\/\/havamall.vn\/wp-content\/uploads\/2022\/02\/1ddd80e45d6-430x243.png 430w, https:\/\/havamall.vn\/wp-content\/uploads\/2022\/02\/1ddd80e45d6-150x85.png 150w, https:\/\/havamall.vn\/wp-content\/uploads\/2022\/02\/1ddd80e45d6-700x396.png 700w, https:\/\/havamall.vn\/wp-content\/uploads\/2022\/02\/1ddd80e45d6-768x434.png 768w, https:\/\/havamall.vn\/wp-content\/uploads\/2022\/02\/1ddd80e45d6-600x339.png 600w, https:\/\/havamall.vn\/wp-content\/uploads\/2022\/02\/1ddd80e45d6.png 800w\" sizes=\"(max-width: 595px) 100vw, 595px\" \/><\/p>\n<p>V\u1edbi c\u00e1c \u0111\u1ea7u bi c\u00f3 k\u00edch th\u01b0\u1edbt kh\u00e1c nhau th\u00edch h\u1ee3p l\u00e0m h\u1ed1c m\u1eaft hay m\u1ed9t s\u1ed1 ch\u1ed7 l\u1ed3i l\u00f5m nh\u1ea5t \u0111\u1ecbnh, l\u00e0m m\u01b0\u1edbt b\u1ec1 m\u1eb7t \u0111\u1ea5t s\u00e9t hay t\u1ea1o h\u00ecnh c\u00e1nh hoa trong trang tr\u00ed b\u00e1nh kem. V\u1edbi b\u1ed9 d\u1ee5ng c\u1ee5 \u0111i\u00eau kh\u1eafc \u0111\u1ea5t s\u00e9t n\u00e0y \u0111\u00e3 gi\u00fap ng\u01b0\u1eddi ch\u01a1i ti\u1ebft ki\u1ec7m \u0111\u01b0\u1ee3c r\u1ea5t nhi\u1ec1u th\u1eddi gian.<\/p>\n<p>Ng\u01b0\u1eddi s\u1eed d\u1ee5ng c\u00f3 th\u1ec3 d\u00f9ng b\u1ed9 dung c\u1ee5 n\u00e0y t\u1ea1o h\u00ecnh \u0111\u1ed9 cong m\u1ec1m m\u1ea1i cho c\u00e1c c\u00e1nh hoa hay t\u1ea1o h\u1ed1c m\u1eaft, khu\u00f4n m\u1eb7t, l\u00e0m m\u1ecbn hi\u1ec7u \u1ee9ng, l\u00e0m g\u00f3c c\u1ea1nh \u0111\u1ed3 ch\u01a1i m\u00f3c kh\u00f3a v\u00e0 nhi\u1ec1u k\u1ef9 thu\u1eadt kh\u00e1c khi l\u00e0m t\u1ea5t c\u1ea3 c\u00e1c s\u1ea3n ph\u1ea9m m\u1ef9 ngh\u1ec7 nh\u01b0 t\u01b0\u1ee3ng \u0111\u1ea5t s\u00e9t, t\u01b0\u1ee3ng s\u00e1p, Hoa \u0111\u1ea5t s\u00e9t b\u1ea5t t\u1eed, \u0111\u1ed3 ch\u01a1i.<\/p>\n<p><img decoding=\"async\" class=\"wp-image-25496 aligncenter\" src=\"https:\/\/havamall.vn\/wp-content\/uploads\/2022\/02\/94489900x-300x300.png\" alt=\"\" width=\"576\" height=\"576\" srcset=\"https:\/\/havamall.vn\/wp-content\/uploads\/2022\/02\/94489900x-300x300.png 300w, https:\/\/havamall.vn\/wp-content\/uploads\/2022\/02\/94489900x-430x430.png 430w, https:\/\/havamall.vn\/wp-content\/uploads\/2022\/02\/94489900x-150x150.png 150w, https:\/\/havamall.vn\/wp-content\/uploads\/2022\/02\/94489900x-700x700.png 700w, https:\/\/havamall.vn\/wp-content\/uploads\/2022\/02\/94489900x-768x768.png 768w, https:\/\/havamall.vn\/wp-content\/uploads\/2022\/02\/94489900x-600x600.png 600w, https:\/\/havamall.vn\/wp-content\/uploads\/2022\/02\/94489900x-100x100.png 100w, https:\/\/havamall.vn\/wp-content\/uploads\/2022\/02\/94489900x.png 800w\" sizes=\"(max-width: 576px) 100vw, 576px\" \/><\/p>\n<p>\u0110\u00e2y l\u00e0 1 b\u1ed9 s\u1ea3n ph\u1ea9m v\u1edbi thi\u1ebft k\u1ebf v\u00f4 c\u00f9ng th\u00f4ng minh. Do \u0111\u1ea7u kim lo\u1ea1i l\u00e0m b\u1eb1ng inox \u0111\u1eb7c \u0111\u1ec3 khi mi\u1ebft b\u1ea1n kh\u00f4ng c\u1ea7n d\u00f9ng qu\u00e1 nhi\u1ec1u l\u1ef1c, c\u00f9ng v\u1edbi \u0111\u00f3 l\u00e0 l\u1edbp b\u1ecdc b\u1eb1ng cao su \u0111\u1ec3 d\u1ee5ng c\u1ee5 ma s\u00e1t t\u1ed1t v\u1edbi tay, kh\u00f4ng b\u1ecb tu\u1ed9t ra kh\u1ecfi tay.<\/p>\n<h3><strong>\u0110\u1eb7c \u0111i\u1ec3m c\u1ee7a s\u1ea3n ph\u1ea9m:<\/strong><\/h3>\n<p>&#8211; D\u1ee5ng c\u1ee5 \u0111\u1ea7u bi kim lo\u1ea1i \u1ee9ng d\u1ee5ng l\u00e0m c\u00e1c m\u00f4 h\u00ecnh mi\u1ebft hoa, n\u1eb7n nh\u1eadn v\u1eadt, \u0111\u1ed3 d\u00f9ng minifood, n\u1eb7n t\u01b0\u1ee3ng v.v&#8230;<\/p>\n<p>&#8211; V\u1edbi \u0111\u1ea7u bi c\u00f3 nhi\u1ec1u k\u00edch th\u01b0\u1edbc kh\u00e1c nhau gi\u00fap b\u1ea1n ph\u00f9 h\u1ee3p v\u1edbi nhi\u1ec1u chi ti\u1ebft h\u01a1n.<\/p>\n<p>&#8211; \u0110\u1ea7u bi \u0111\u01b0\u1ee3c l\u00e0m b\u1eb1ng kim lo\u1ea1i kh\u00f4ng r\u1ec9 n\u00ean s\u1ebd kh\u00f4ng b\u1ecb b\u00e1m d\u00ednh v\u00e0o \u0111\u1ea5t gi\u00fap b\u1ea1n thao t\u00e1c v\u00e0 l\u00e0m vi\u1ec7c d\u1ec5 d\u00e0ng v\u1edbi c\u00e1c m\u00f4 h\u00ecnh c\u1ee7a b\u1ea1n.<\/p>\n<p>&#8211; V\u1ec7 sinh v\u00e0 lau kh\u00f4 s\u1ea3n ph\u1ea9m khi kh\u00f4ng s\u1eed d\u1ee5ng<\/p>\n<p>S\u1ea3n ph\u1ea9m hi\u1ec7n \u0111\u00e3 c\u00f3 m\u1eb7t t\u1ea1i Havamall.<\/p>\n<p><img decoding=\"async\" class=\"wp-image-25498 aligncenter\" src=\"https:\/\/havamall.vn\/wp-content\/uploads\/2022\/02\/71wR-300x300.png\" alt=\"\" width=\"567\" height=\"567\" srcset=\"https:\/\/havamall.vn\/wp-content\/uploads\/2022\/02\/71wR-300x300.png 300w, https:\/\/havamall.vn\/wp-content\/uploads\/2022\/02\/71wR-430x430.png 430w, https:\/\/havamall.vn\/wp-content\/uploads\/2022\/02\/71wR-150x150.png 150w, https:\/\/havamall.vn\/wp-content\/uploads\/2022\/02\/71wR-700x700.png 700w, https:\/\/havamall.vn\/wp-content\/uploads\/2022\/02\/71wR-768x768.png 768w, https:\/\/havamall.vn\/wp-content\/uploads\/2022\/02\/71wR-1024x1024.png 1024w, https:\/\/havamall.vn\/wp-content\/uploads\/2022\/02\/71wR-1200x1200.png 1200w, https:\/\/havamall.vn\/wp-content\/uploads\/2022\/02\/71wR-600x600.png 600w, https:\/\/havamall.vn\/wp-content\/uploads\/2022\/02\/71wR-100x100.png 100w, https:\/\/havamall.vn\/wp-content\/uploads\/2022\/02\/71wR.png 1600w\" sizes=\"(max-width: 567px) 100vw, 567px\" \/><\/p>","protected":false},"excerpt":{"rendered":"<p>D\u1ee5ng c\u1ee5 t\u1ea1o h\u00ecnh \u0111\u1ea5t s\u00e9t hai \u0111\u1ea7u v\u1edbi c\u00e1c \u0111\u1ea7u tr\u00f2n c\u00f3 k\u00edch th\u01b0\u1edbc kh\u00e1c nhau.\u00a0D\u1ee5ng c\u1ee5 \u0111\u01b0\u1ee3c s\u1eed<\/p>","protected":false},"featured_media":25567,"comment_status":"open","ping_status":"closed","template":"","meta":[],"product_brand":[],"product_cat":[395,35],"product_tag":[],"class_list":{"0":"post-25486","1":"product","2":"type-product","3":"status-publish","4":"has-post-thumbnail","6":"product_cat-van-phong-pham","7":"product_cat-nha-cua-doi-song","9":"first","10":"instock","11":"sale","12":"shipping-taxable","13":"purchasable","14":"product-type-simple"},"_links":{"self":[{"href":"https:\/\/havamall.vn\/en\/wp-json\/wp\/v2\/product\/25486"}],"collection":[{"href":"https:\/\/havamall.vn\/en\/wp-json\/wp\/v2\/product"}],"about":[{"href":"https:\/\/havamall.vn\/en\/wp-json\/wp\/v2\/types\/product"}],"replies":[{"embeddable":true,"href":"https:\/\/havamall.vn\/en\/wp-json\/wp\/v2\/comments?post=25486"}],"version-history":[{"count":0,"href":"https:\/\/havamall.vn\/en\/wp-json\/wp\/v2\/product\/25486\/revisions"}],"wp:featuredmedia":[{"embeddable":true,"href":"https:\/\/havamall.vn\/en\/wp-json\/wp\/v2\/media\/25567"}],"wp:attachment":[{"href":"https:\/\/havamall.vn\/en\/wp-json\/wp\/v2\/media?parent=25486"}],"wp:term":[{"taxonomy":"product_brand","embeddable":true,"href":"https:\/\/havamall.vn\/en\/wp-json\/wp\/v2\/product_brand?post=25486"},{"taxonomy":"product_cat","embeddable":true,"href":"https:\/\/havamall.vn\/en\/wp-json\/wp\/v2\/product_cat?post=25486"},{"taxonomy":"product_tag","embeddable":true,"href":"https:\/\/havamall.vn\/en\/wp-json\/wp\/v2\/product_tag?post=25486"}],"curies":[{"name":"wp","href":"https:\/\/api.w.org\/{rel}","templated":true}]}}