{"id":25480,"date":"2022-02-18T16:19:42","date_gmt":"2022-02-18T09:19:42","guid":{"rendered":"https:\/\/havamall.vn\/?post_type=product&#038;p=25480"},"modified":"2022-02-23T15:14:32","modified_gmt":"2022-02-23T08:14:32","slug":"tui-bat-bong-kem-uncle-bill-8-cai-piping-bag","status":"publish","type":"product","link":"https:\/\/havamall.vn\/en\/shop\/tui-bat-bong-kem-uncle-bill-8-cai-piping-bag\/","title":{"rendered":"T\u00fai B\u1eaft B\u00f4ng Kem Uncle Bill 8 C\u00e1i &#8211; Piping Bag"},"content":{"rendered":"<p><span style=\"font-weight: 400\">Uncle Bills (UBL) cung c\u1ea5p h\u01a1n 1800 s\u1ea3n ph\u1ea9m ti\u00eau d\u00f9ng phi th\u01b0\u0323c ph\u00e2\u0309m h\u00e2\u0301p d\u00e2\u0303n, ti\u00ea\u0323n i\u0301ch, gia\u0301 ph\u1ea3i ch\u0103ng. S\u1ea3n ph\u1ea9m bao g\u1ed3m nhi\u1ec1u lo\u1ea1i ha\u0300ng ho\u0301a kh\u00e1c nhau, t\u1eeb \u0111\u1ed3 du\u0300ng nh\u00e0 b\u1ebfp, ch\u0103m s\u00f3c c\u00e1 nh\u00e2n, l\u00e0m s\u1ea1ch nha\u0300 c\u01b0\u0309a, \u0111\u00f4\u0300 l\u01b0u tr\u1eef, ca\u0301c loa\u0323i du\u0323ng cu\u0323, v\u00e2\u0323t du\u0323ng ngo\u00e0i tr\u1eddi v\u00e0 ca\u0309 cho tr\u1ebb em. UBL Lu\u00f4n lu\u00f4n c\u00e2\u0323p nh\u00e2\u0323t ca\u0301c sa\u0309n ph\u00e2\u0309m m\u01a1\u0301i.<\/span><\/p>\n<p><span style=\"font-weight: 400\">S\u1ea3n ph\u1ea9m UBL \u0111\u01b0\u1ee3c s\u1ea3n xu\u1ea5t theo ti\u00eau chu\u1ea9n ch\u1ea5t l\u01b0\u1ee3ng nghi\u00eam ng\u1eb7t c\u1ee7a UBL Hongkong v\u00e0 b\u00e1n t\u1ea1i h\u01a1n 50 qu\u1ed1c gia v\u01a1\u0301i h\u01a1n 10.000 c\u1eeda h\u00e0ng, bao g\u1ed3m ch\u00e2u \u00c2u, \u00dac, Ch\u00e2u \u00c1, Ch\u00e2u Phi. S\u1ee9 m\u1ec7nh c\u1ee7a UBL l\u00e0 cung c\u1ea5p nh\u1eefng s\u1ea3n ph\u1ea9m ti\u1ec7n \u00edch v\u00e0 h\u1ea5p d\u1eabn cho ng\u00f4i nh\u00e0 hi\u1ec7n \u0111\u1ea1i c\u1ee7a ng\u01b0\u1eddi Vi\u1ec7t Nam.<\/span><\/p>\n<p><img fetchpriority=\"high\" decoding=\"async\" class=\"aligncenter\" src=\"https:\/\/cf.shopee.vn\/file\/f6797de1ee745a2dc0d45cb02727d617\" alt=\"T\u00fai \u0110\u1ef1ng R\u00e1c Th\u00fa C\u01b0ng T\u1ef1 Ph\u00e2n H\u1ee7y Uncle Bills PA3372 | Shopee Vi\u1ec7t Nam\" width=\"602\" height=\"602\" \/><\/p>\n<p>T\u00fai b\u1eaft kem l\u00e0 d\u1ee5ng c\u1ee5 kh\u00f4ng th\u1ec3 thi\u1ebfu \u0111\u1ec3 l\u00e0m b\u00e1nh \u0111\u1eb7c bi\u1ec7t l\u00e0 \u0111\u1ec3 trang tr\u00ed b\u00e1nh t\u1eeb nh\u1eefng b\u00f4ng hoa b\u1eb1ng kem cho \u0111\u1ebfn nh\u1eefng h\u1ecda ti\u1ebft kh\u00e1c, trang tr\u00ed b\u00e1nh kem sinh nh\u1eadt, b\u00e1nh cookie, hay cupcake \u0111\u1ec1u c\u1ea7n t\u00fai b\u1eaft kem.<\/p>\n<p>T\u00fai b\u1eaft kem Uncle Bill \u0111\u01b0\u1ee3c l\u00e0m t\u1eeb nh\u1ef1a PE th\u1ef1c ph\u1ea9m, d\u1ebbo dai, b\u1ec1n b\u1ea1n c\u00f3 th\u1ec3 b\u00f3p kem trang tr\u00ed tho\u1ea3i m\u00e1i kh\u00f4ng lo b\u1ecb b\u1ee5c ho\u1eb7c r\u00e1ch trong qu\u00e1 tr\u00ecnh s\u1eed d\u1ee5ng.<\/p>\n<p><img decoding=\"async\" class=\"wp-image-21603 aligncenter\" src=\"https:\/\/havamall.vn\/wp-content\/uploads\/2021\/08\/mhjuh-300x300.png\" alt=\"\" width=\"607\" height=\"606\" srcset=\"https:\/\/havamall.vn\/wp-content\/uploads\/2021\/08\/mhjuh-300x300.png 300w, https:\/\/havamall.vn\/wp-content\/uploads\/2021\/08\/mhjuh-430x430.png 430w, https:\/\/havamall.vn\/wp-content\/uploads\/2021\/08\/mhjuh-150x150.png 150w, https:\/\/havamall.vn\/wp-content\/uploads\/2021\/08\/mhjuh-700x700.png 700w, https:\/\/havamall.vn\/wp-content\/uploads\/2021\/08\/mhjuh-768x768.png 768w, https:\/\/havamall.vn\/wp-content\/uploads\/2021\/08\/mhjuh-1024x1024.png 1024w, https:\/\/havamall.vn\/wp-content\/uploads\/2021\/08\/mhjuh-1200x1200.png 1200w, https:\/\/havamall.vn\/wp-content\/uploads\/2021\/08\/mhjuh-600x600.png 600w, https:\/\/havamall.vn\/wp-content\/uploads\/2021\/08\/mhjuh-100x100.png 100w, https:\/\/havamall.vn\/wp-content\/uploads\/2021\/08\/mhjuh.png 1500w\" sizes=\"(max-width: 607px) 100vw, 607px\" \/><\/p>\n<p>V\u1edbi thi\u1ebft k\u1ebf h\u00ecnh ph\u1ec5u tam gi\u00e1c, k\u1ebft c\u1ea5u b\u1ec1 m\u1eb7t ch\u1ed1ng tr\u01a1n tr\u01b0\u1ee3t gi\u00fap b\u1ea1n gi\u1eef kem v\u00e0 thao t\u00e1c b\u1eaft kem ti\u1ec7n l\u1ee3i, d\u1ec5 d\u00e0ng h\u01a1n. D\u1ea1ng t\u00fai b\u1eaft kem to, \u0111\u1ef1ng \u0111\u01b0\u1ee3c nhi\u1ec1u kem, b\u1ed9t b\u00e1nh h\u01a1n.<\/p>\n<p>S\u1ea3n ph\u1ea9m n\u00e0y \u0111\u01b0\u1ee3c s\u1ea3n xu\u1ea5t \u0111\u1ea3m b\u1ea3o an to\u00e0n v\u1edbi th\u1ef1c ph\u1ea9m v\u00e0 s\u1ee9c kh\u1ecfe. B\u1ea1n c\u00f3 th\u1ec3 s\u1eed d\u1ee5ng t\u00fai c\u00f9ng v\u1edbi nhi\u1ec1u lo\u1ea1i \u0111ui b\u1eaft kem kh\u00e1c nhau \u0111\u1ec3 \u0111\u00e1p \u1ee9ng nhu c\u1ea7u trang tr\u00ed b\u00e1nh kh\u00e1c nhau.<\/p>\n<p><span style=\"font-weight: 400\">T\u00fai b\u1eaft kem ho\u00e0n h\u1ea3o \u0111\u1ec3 trang tr\u00ed b\u00e1nh v\u1edbi kem t\u01b0\u01a1i b\u01a1 ho\u1eb7c ganache socolate gi\u00fap ng\u01b0\u1eddi l\u00e0m b\u00e1nh d\u1ec5 d\u00e0ng t\u1ea1o ra t\u00e1c ph\u1ea9m b\u00e1nh ho\u00e0n h\u1ea3o.\u00a0<\/span><span style=\"font-weight: 400\">\u0110\u01b0\u1ee3c l\u00e0m t\u1eeb nh\u1ef1a PE th\u1ef1c ph\u1ea9m, d\u1ebbo dai, b\u1ec1n b\u1ea1n c\u00f3 th\u1ec3 b\u00f3p kem trang tr\u00ed tho\u1ea3i m\u00e1i kh\u00f4ng lo b\u1ecb b\u1ee5c ho\u1eb7c r\u00e1ch trong qu\u00e1 tr\u00ecnh s\u1eed d\u1ee5ng.<\/span><\/p>\n<p><img decoding=\"async\" class=\"wp-image-25481 aligncenter\" src=\"https:\/\/havamall.vn\/wp-content\/uploads\/2022\/02\/1040x585-2021-300x188.png\" alt=\"\" width=\"621\" height=\"389\" srcset=\"https:\/\/havamall.vn\/wp-content\/uploads\/2022\/02\/1040x585-2021-300x188.png 300w, https:\/\/havamall.vn\/wp-content\/uploads\/2022\/02\/1040x585-2021-430x269.png 430w, https:\/\/havamall.vn\/wp-content\/uploads\/2022\/02\/1040x585-2021-150x94.png 150w, https:\/\/havamall.vn\/wp-content\/uploads\/2022\/02\/1040x585-2021-700x438.png 700w, https:\/\/havamall.vn\/wp-content\/uploads\/2022\/02\/1040x585-2021-768x480.png 768w, https:\/\/havamall.vn\/wp-content\/uploads\/2022\/02\/1040x585-2021-600x375.png 600w, https:\/\/havamall.vn\/wp-content\/uploads\/2022\/02\/1040x585-2021.png 936w\" sizes=\"(max-width: 621px) 100vw, 621px\" \/><\/p>\n<h3><strong>H\u01b0\u1edbng d\u1eabn s\u1eed d\u1ee5ng:<\/strong><\/h3>\n<p>&#8211; B\u01b0\u1edbc 1: C\u1eaft \u0111\u1ea7u t\u00fai nh\u1ecf h\u01a1n k\u00edch th\u01b0\u1edbc \u0111ui v\u00e0 ch\u1ed1t gi\u1eef \u0111ui<\/p>\n<p>&#8211; B\u01b0\u1edbc 2: Sau khi \u0111\u00e3 l\u00e0m kem v\u00e0 pha m\u00e0u xong, b\u1ea1n cho kem v\u00e0o t\u00fai \u0111\u00e3 g\u1eafn s\u1eb5n \u0111ui v\u00e0 ch\u1ed1t (c\u00f3 th\u1ec3 t\u1eadn d\u1ee5ng 1 chi\u1ebfc c\u1ed1c s\u1ebd d\u1ec5 cho kem v\u00e0o t\u00fai h\u01a1n nh\u00e9)<\/p>\n<p>&#8211; B\u01b0\u1edbc 3: N\u00ean cho kem v\u00e0o 2\/3 t\u00fai \u0111\u1ec3 khi b\u00f3p kem kh\u00f4ng b\u1ecb tr\u00e0o ra ngo\u00e0i v\u00e0 b\u1eaft \u0111\u1ea7u trang tr\u00ed b\u00e1nh<\/p>\n<p>S\u1ea3n ph\u1ea9m \u0111\u00e3 c\u00f3 m\u1eb7t t\u1ea1i Havamall.<\/p>\n<p><img loading=\"lazy\" decoding=\"async\" class=\"aligncenter\" src=\"https:\/\/havamall.vn\/wp-content\/uploads\/2022\/02\/piping-white-cream-onto-chocolate-cake-with-piping-bag.jpg\" alt=\"Free Stock Photo of Piping white cream onto chocolate cake with piping bag | Download Free Images and Free Illustrations\" width=\"615\" height=\"923\" \/><\/p>","protected":false},"excerpt":{"rendered":"<p>Uncle Bills (UBL) cung c\u1ea5p h\u01a1n 1800 s\u1ea3n ph\u1ea9m ti\u00eau d\u00f9ng phi th\u01b0\u0323c ph\u00e2\u0309m h\u00e2\u0301p d\u00e2\u0303n, ti\u00ea\u0323n i\u0301ch, gia\u0301 ph\u1ea3i<\/p>","protected":false},"featured_media":25482,"comment_status":"open","ping_status":"closed","template":"","meta":[],"product_brand":[],"product_cat":[393,35],"product_tag":[],"class_list":{"0":"post-25480","1":"product","2":"type-product","3":"status-publish","4":"has-post-thumbnail","6":"product_cat-bep-phong-an","7":"product_cat-nha-cua-doi-song","8":"pa_brand-uncle-bills","10":"first","11":"instock","12":"sale","13":"shipping-taxable","14":"purchasable","15":"product-type-simple"},"_links":{"self":[{"href":"https:\/\/havamall.vn\/en\/wp-json\/wp\/v2\/product\/25480"}],"collection":[{"href":"https:\/\/havamall.vn\/en\/wp-json\/wp\/v2\/product"}],"about":[{"href":"https:\/\/havamall.vn\/en\/wp-json\/wp\/v2\/types\/product"}],"replies":[{"embeddable":true,"href":"https:\/\/havamall.vn\/en\/wp-json\/wp\/v2\/comments?post=25480"}],"version-history":[{"count":0,"href":"https:\/\/havamall.vn\/en\/wp-json\/wp\/v2\/product\/25480\/revisions"}],"wp:featuredmedia":[{"embeddable":true,"href":"https:\/\/havamall.vn\/en\/wp-json\/wp\/v2\/media\/25482"}],"wp:attachment":[{"href":"https:\/\/havamall.vn\/en\/wp-json\/wp\/v2\/media?parent=25480"}],"wp:term":[{"taxonomy":"product_brand","embeddable":true,"href":"https:\/\/havamall.vn\/en\/wp-json\/wp\/v2\/product_brand?post=25480"},{"taxonomy":"product_cat","embeddable":true,"href":"https:\/\/havamall.vn\/en\/wp-json\/wp\/v2\/product_cat?post=25480"},{"taxonomy":"product_tag","embeddable":true,"href":"https:\/\/havamall.vn\/en\/wp-json\/wp\/v2\/product_tag?post=25480"}],"curies":[{"name":"wp","href":"https:\/\/api.w.org\/{rel}","templated":true}]}}