{"id":25475,"date":"2022-02-18T15:51:25","date_gmt":"2022-02-18T08:51:25","guid":{"rendered":"https:\/\/havamall.vn\/?post_type=product&#038;p=25475"},"modified":"2022-02-23T15:15:18","modified_gmt":"2022-02-23T08:15:18","slug":"ly-nhua-tien-loi-co-nap-bo-10-cai-uncle-bill-disposable-cups","status":"publish","type":"product","link":"https:\/\/havamall.vn\/en\/shop\/ly-nhua-tien-loi-co-nap-bo-10-cai-uncle-bill-disposable-cups\/","title":{"rendered":"Ly Nh\u1ef1a Ti\u1ec7n L\u1ee3i C\u00f3 N\u1eafp B\u1ed9 10 C\u00e1i Uncle Bill &#8211; Disposable Cups"},"content":{"rendered":"<p><span style=\"font-weight: 400\">Uncle Bills (UBL) cung c\u1ea5p h\u01a1n 1800 s\u1ea3n ph\u1ea9m ti\u00eau d\u00f9ng phi th\u01b0\u0323c ph\u00e2\u0309m h\u00e2\u0301p d\u00e2\u0303n, ti\u00ea\u0323n i\u0301ch, gia\u0301 ph\u1ea3i ch\u0103ng. S\u1ea3n ph\u1ea9m bao g\u1ed3m nhi\u1ec1u lo\u1ea1i ha\u0300ng ho\u0301a kh\u00e1c nhau, t\u1eeb \u0111\u1ed3 du\u0300ng nh\u00e0 b\u1ebfp, ch\u0103m s\u00f3c c\u00e1 nh\u00e2n, l\u00e0m s\u1ea1ch nha\u0300 c\u01b0\u0309a, \u0111\u00f4\u0300 l\u01b0u tr\u1eef, ca\u0301c loa\u0323i du\u0323ng cu\u0323, v\u00e2\u0323t du\u0323ng ngo\u00e0i tr\u1eddi v\u00e0 ca\u0309 cho tr\u1ebb em. UBL Lu\u00f4n lu\u00f4n c\u00e2\u0323p nh\u00e2\u0323t ca\u0301c sa\u0309n ph\u00e2\u0309m m\u01a1\u0301i.<\/span><\/p>\n<p><span style=\"font-weight: 400\">S\u1ea3n ph\u1ea9m UBL \u0111\u01b0\u1ee3c s\u1ea3n xu\u1ea5t theo ti\u00eau chu\u1ea9n ch\u1ea5t l\u01b0\u1ee3ng nghi\u00eam ng\u1eb7t c\u1ee7a UBL Hongkong v\u00e0 b\u00e1n t\u1ea1i h\u01a1n 50 qu\u1ed1c gia v\u01a1\u0301i h\u01a1n 10.000 c\u1eeda h\u00e0ng, bao g\u1ed3m ch\u00e2u \u00c2u, \u00dac, Ch\u00e2u \u00c1, Ch\u00e2u Phi. S\u1ee9 m\u1ec7nh c\u1ee7a UBL l\u00e0 cung c\u1ea5p nh\u1eefng s\u1ea3n ph\u1ea9m ti\u1ec7n \u00edch v\u00e0 h\u1ea5p d\u1eabn cho ng\u00f4i nh\u00e0 hi\u1ec7n \u0111\u1ea1i c\u1ee7a ng\u01b0\u1eddi Vi\u1ec7t Nam.<\/span><\/p>\n<p><img fetchpriority=\"high\" decoding=\"async\" class=\"aligncenter\" src=\"https:\/\/cf.shopee.vn\/file\/f6797de1ee745a2dc0d45cb02727d617\" alt=\"T\u00fai \u0110\u1ef1ng R\u00e1c Th\u00fa C\u01b0ng T\u1ef1 Ph\u00e2n H\u1ee7y Uncle Bills PA3372 | Shopee Vi\u1ec7t Nam\" width=\"556\" height=\"556\" \/><\/p>\n<p>Ly Nh\u1ef1a Ti\u1ec7n L\u1ee3i C\u00f3 N\u1eafp B\u1ed9 10 C\u00e1i \u0111\u01b0\u1ee3c thi\u1ebft k\u1ebf \u0111\u01a1n gi\u1ea3n, g\u1ecdn nh\u1eb9, ki\u1ec3u d\u00e1ng trang nh\u00e3, \u0111\u1eb9p m\u1eaft th\u00edch h\u1ee3p cho c\u00e1c ki\u1ec3u. \u201cCafe mang \u0111i\u201d Ly c\u00f3 n\u1eafp \u0111\u1eady thu\u1eadn l\u1ee3i cho vi\u1ec7c b\u1ea3o v\u1ec7 c\u00e1c lo\u1ea1i n\u01b0\u1edbc u\u1ed1ng trong ly v\u00e0 tr\u00e1nh \u0111\u01b0\u1ee3c b\u1ee5i b\u1ea9n k\u1ec3 c\u1ea3 khi kh\u00f4ng s\u1eed d\u1ee5ng.<\/p>\n<p>\u0110\u1ed3ng th\u1eddi gi\u00fap d\u1ec5 d\u00e0ng di chuy\u1ec3n m\u00e0 kh\u00f4ng s\u1ee3 n\u01b0\u1edbc tr\u00e0n ra b\u00ean ngo\u00e0i. Ly c\u00f3 c\u1ea5u t\u1ea1o \u0111\u01a1n gi\u1ea3n v\u1edbi mi\u1ec7ng loe, th\u00e2n c\u1ed1c tr\u00f2n, \u00a0v\u00e1t h\u00ecnh ch\u1eef V gi\u00fap b\u1ea1n d\u1ec5 c\u1ea7m n\u1eafm d\u1ec5 d\u00e0ng. Ly b\u1eb1ng nh\u1ef1a, nh\u1eb9, kh\u00f4ng b\u1ecb r\u01a1i v\u1ee1, \u0111\u1ea3m b\u1ea3o th\u1eddi gian s\u1eed d\u1ee5ng l\u00e2u d\u00e0i.<\/p>\n<p><img decoding=\"async\" class=\"wp-image-25476 aligncenter\" src=\"https:\/\/havamall.vn\/wp-content\/uploads\/2022\/02\/e422c4d1c-300x300.png\" alt=\"\" width=\"548\" height=\"548\" srcset=\"https:\/\/havamall.vn\/wp-content\/uploads\/2022\/02\/e422c4d1c-300x300.png 300w, https:\/\/havamall.vn\/wp-content\/uploads\/2022\/02\/e422c4d1c-430x430.png 430w, https:\/\/havamall.vn\/wp-content\/uploads\/2022\/02\/e422c4d1c-150x150.png 150w, https:\/\/havamall.vn\/wp-content\/uploads\/2022\/02\/e422c4d1c-700x700.png 700w, https:\/\/havamall.vn\/wp-content\/uploads\/2022\/02\/e422c4d1c-768x768.png 768w, https:\/\/havamall.vn\/wp-content\/uploads\/2022\/02\/e422c4d1c-1024x1024.png 1024w, https:\/\/havamall.vn\/wp-content\/uploads\/2022\/02\/e422c4d1c.png 1200w, https:\/\/havamall.vn\/wp-content\/uploads\/2022\/02\/e422c4d1c-600x600.png 600w, https:\/\/havamall.vn\/wp-content\/uploads\/2022\/02\/e422c4d1c-100x100.png 100w\" sizes=\"(max-width: 548px) 100vw, 548px\" \/><\/p>\n<p>Ly UBL\u00a0c\u00f3 thi\u1ebft k\u1ebf v\u1edbi n\u1eafp \u0111\u1eady ti\u1ec7n \u00edch, gi\u00fap ng\u0103n b\u1ee5i b\u1ea9n, vi khu\u1ea9n x\u00e2m nh\u1eadp v\u00e0 tr\u00e1nh n\u01b0\u1edbc \u0111\u1ed5 tr\u00e0n ra ngo\u00e0i.\u00a0B\u1ed9 10 ly nh\u1ef1a c\u00f3 n\u1eafp UBL 287ml\u00a0\u0111\u01b0\u1ee3c l\u00e0m b\u1eb1ng nh\u1ef1a, nh\u1eb9, kh\u00f4ng b\u1ecb r\u01a1i v\u1ee1. \u0110\u00e2y l\u00e0 lo\u1ea1i\u00a0ly d\u00f9ng 1 l\u1ea7n\u00a0ti\u1ec7n d\u1ee5ng, gi\u00fap b\u1ea1n ti\u1ebft ki\u1ec7m v\u00e0 thu\u1eadn ti\u1ec7n khi mang \u0111i xa.<\/p>\n<p>Ly Nh\u1ef1a Ti\u1ec7n L\u1ee3i C\u00f3 N\u1eafp Uncle Bills KD0381 \u0111\u01b0\u1ee3c\u00a0l\u00e0m t\u1eeb ch\u1ea5t li\u1ec7u nh\u1ef1a ch\u1ea5t l\u01b0\u1ee3ng cao,\u00a0an to\u00e0n v\u1edbi s\u1ee9c kh\u1ecfe c\u1ee7a ng\u01b0\u1eddi s\u1eed d\u1ee5ng.<\/p>\n<p><img decoding=\"async\" class=\"wp-image-25477 aligncenter\" src=\"https:\/\/havamall.vn\/wp-content\/uploads\/2022\/02\/9e7db76351-300x269.png\" alt=\"\" width=\"558\" height=\"500\" srcset=\"https:\/\/havamall.vn\/wp-content\/uploads\/2022\/02\/9e7db76351-300x269.png 300w, https:\/\/havamall.vn\/wp-content\/uploads\/2022\/02\/9e7db76351-430x385.png 430w, https:\/\/havamall.vn\/wp-content\/uploads\/2022\/02\/9e7db76351-150x134.png 150w, https:\/\/havamall.vn\/wp-content\/uploads\/2022\/02\/9e7db76351-700x627.png 700w, https:\/\/havamall.vn\/wp-content\/uploads\/2022\/02\/9e7db76351-768x688.png 768w, https:\/\/havamall.vn\/wp-content\/uploads\/2022\/02\/9e7db76351-1024x917.png 1024w, https:\/\/havamall.vn\/wp-content\/uploads\/2022\/02\/9e7db76351-1200x1074.png 1200w, https:\/\/havamall.vn\/wp-content\/uploads\/2022\/02\/9e7db76351-600x537.png 600w, https:\/\/havamall.vn\/wp-content\/uploads\/2022\/02\/9e7db76351.png 1500w\" sizes=\"(max-width: 558px) 100vw, 558px\" \/><\/p>\n<h3><strong>Th\u00f4ng tin s\u1ea3n ph\u1ea9m:<\/strong><\/h3>\n<p>&#8211; Dung t\u00edch: 287ml<\/p>\n<p>&#8211; Ch\u1ea5t li\u1ec7u: L\u1edbp b\u00ean trong 260gsm \/ Nh\u1ef1a PE 20 \u1edf gi\u1eefa 140gsm + L\u1edbp ngo\u00e0i PE 15 120gsm x 1.3<\/p>\n<p>&#8211; M\u00e0u s\u1eafc:\u00a0\u0110\u1ed1m tr\u1eafng v\u00e0 n\u00e2u v\u1edbi n\u1eafp \u0111en<\/p>\n<p>S\u1ea3n ph\u1ea9m hi\u1ec7n \u0111\u00e3 c\u00f3 m\u1eb7t t\u1ea1i Havamall.<\/p>\n<p><img loading=\"lazy\" decoding=\"async\" class=\"wp-image-25479 aligncenter\" src=\"https:\/\/havamall.vn\/wp-content\/uploads\/2022\/02\/91XUGNyBy-L._AC_SL1500_-300x261.jpg\" alt=\"\" width=\"573\" height=\"498\" srcset=\"https:\/\/havamall.vn\/wp-content\/uploads\/2022\/02\/91XUGNyBy-L._AC_SL1500_-300x261.jpg 300w, https:\/\/havamall.vn\/wp-content\/uploads\/2022\/02\/91XUGNyBy-L._AC_SL1500_-430x375.jpg 430w, https:\/\/havamall.vn\/wp-content\/uploads\/2022\/02\/91XUGNyBy-L._AC_SL1500_-150x131.jpg 150w, https:\/\/havamall.vn\/wp-content\/uploads\/2022\/02\/91XUGNyBy-L._AC_SL1500_-700x610.jpg 700w, https:\/\/havamall.vn\/wp-content\/uploads\/2022\/02\/91XUGNyBy-L._AC_SL1500_-768x669.jpg 768w, https:\/\/havamall.vn\/wp-content\/uploads\/2022\/02\/91XUGNyBy-L._AC_SL1500_-1024x892.jpg 1024w, https:\/\/havamall.vn\/wp-content\/uploads\/2022\/02\/91XUGNyBy-L._AC_SL1500_-1200x1046.jpg 1200w, https:\/\/havamall.vn\/wp-content\/uploads\/2022\/02\/91XUGNyBy-L._AC_SL1500_-600x523.jpg 600w, https:\/\/havamall.vn\/wp-content\/uploads\/2022\/02\/91XUGNyBy-L._AC_SL1500_.jpg 1500w\" sizes=\"(max-width: 573px) 100vw, 573px\" \/><\/p>","protected":false},"excerpt":{"rendered":"<p>Uncle Bills (UBL) cung c\u1ea5p h\u01a1n 1800 s\u1ea3n ph\u1ea9m ti\u00eau d\u00f9ng phi th\u01b0\u0323c ph\u00e2\u0309m h\u00e2\u0301p d\u00e2\u0303n, ti\u00ea\u0323n i\u0301ch, gia\u0301 ph\u1ea3i<\/p>","protected":false},"featured_media":25478,"comment_status":"open","ping_status":"closed","template":"","meta":[],"product_brand":[],"product_cat":[393,35],"product_tag":[],"class_list":{"0":"post-25475","1":"product","2":"type-product","3":"status-publish","4":"has-post-thumbnail","6":"product_cat-bep-phong-an","7":"product_cat-nha-cua-doi-song","8":"pa_brand-uncle-bills","10":"first","11":"instock","12":"sale","13":"shipping-taxable","14":"purchasable","15":"product-type-simple"},"_links":{"self":[{"href":"https:\/\/havamall.vn\/en\/wp-json\/wp\/v2\/product\/25475"}],"collection":[{"href":"https:\/\/havamall.vn\/en\/wp-json\/wp\/v2\/product"}],"about":[{"href":"https:\/\/havamall.vn\/en\/wp-json\/wp\/v2\/types\/product"}],"replies":[{"embeddable":true,"href":"https:\/\/havamall.vn\/en\/wp-json\/wp\/v2\/comments?post=25475"}],"version-history":[{"count":0,"href":"https:\/\/havamall.vn\/en\/wp-json\/wp\/v2\/product\/25475\/revisions"}],"wp:featuredmedia":[{"embeddable":true,"href":"https:\/\/havamall.vn\/en\/wp-json\/wp\/v2\/media\/25478"}],"wp:attachment":[{"href":"https:\/\/havamall.vn\/en\/wp-json\/wp\/v2\/media?parent=25475"}],"wp:term":[{"taxonomy":"product_brand","embeddable":true,"href":"https:\/\/havamall.vn\/en\/wp-json\/wp\/v2\/product_brand?post=25475"},{"taxonomy":"product_cat","embeddable":true,"href":"https:\/\/havamall.vn\/en\/wp-json\/wp\/v2\/product_cat?post=25475"},{"taxonomy":"product_tag","embeddable":true,"href":"https:\/\/havamall.vn\/en\/wp-json\/wp\/v2\/product_tag?post=25475"}],"curies":[{"name":"wp","href":"https:\/\/api.w.org\/{rel}","templated":true}]}}