{"id":25472,"date":"2022-02-18T15:01:27","date_gmt":"2022-02-18T08:01:27","guid":{"rendered":"https:\/\/havamall.vn\/?post_type=product&#038;p=25472"},"modified":"2022-05-09T17:23:40","modified_gmt":"2022-05-09T10:23:40","slug":"dung-cu-nuong-banh-xeng-tron-bot-silicon-uncle-bill-baking-utensils","status":"publish","type":"product","link":"https:\/\/havamall.vn\/en\/shop\/dung-cu-nuong-banh-xeng-tron-bot-silicon-uncle-bill-baking-utensils\/","title":{"rendered":"D\u1ee5ng C\u1ee5 N\u01b0\u1edbng B\u00e1nh X\u1ebbng Tr\u1ed9n B\u1ed9t Silicon Uncle Bill &#8211; Baking Utensils"},"content":{"rendered":"<p>Uncle Bills (UBL) cung c\u1ea5p h\u01a1n 1800 s\u1ea3n ph\u1ea9m ti\u00eau d\u00f9ng ti\u1ec7n \u00edch, t\u1ea5t c\u1ea3 \u0111\u1ec1u h\u1ea5p d\u1eabn, ti\u1ec7n l\u1ee3i v\u00e0 gi\u00e1 tr\u1ecb n\u1ed5i b\u1eadt x\u1ee9ng v\u1edbi s\u1ed1 ti\u1ec1n b\u1ecf ra. S\u1ea3n ph\u1ea9m bao g\u1ed3m nhi\u1ec1u lo\u1ea1i, t\u1eeb \u0111\u1ed3 d\u00f9ng nh\u00e0 b\u1ebfp, ch\u0103m s\u00f3c c\u00e1 nh\u00e2n, v\u1ec7 sinh v\u00e0 l\u01b0u tr\u1eef, d\u1ee5ng c\u1ee5 DIY (t\u1ef1 l\u00e0m), ngo\u00e0i tr\u1eddi, v\u0103n ph\u00f2ng ph\u1ea9m v\u00e0 \u0111\u1ed3 d\u00f9ng cho tr\u1ebb em.<\/p>\n<p>S\u1ea3n ph\u1ea9m c\u1ee7a UBL do Uncle Bills Australia ph\u00e1t tri\u1ec3n, gi\u00e1m s\u00e1t v\u00e0 ki\u1ec3m tra ch\u1ea5t l\u01b0\u1ee3ng. S\u1ea3n ph\u1ea9m \u0111\u00e3 \u0111\u01b0\u1ee3c b\u00e1n t\u1ea1i h\u01a1n 10,000 c\u1eeda h\u00e0ng tr\u00ean h\u01a1n 50 qu\u1ed1c gia, bao g\u1ed3m Ch\u00e2u \u00c2u, Ch\u00e2u \u00dac, Ch\u00e2u \u00c1 v\u00e0 Ch\u00e2u Phi.<\/p>\n<p><img fetchpriority=\"high\" decoding=\"async\" class=\"aligncenter\" src=\"https:\/\/cf.shopee.vn\/file\/f6797de1ee745a2dc0d45cb02727d617\" alt=\"T\u00fai \u0110\u1ef1ng R\u00e1c Th\u00fa C\u01b0ng T\u1ef1 Ph\u00e2n H\u1ee7y Uncle Bills PA3372 | Shopee Vi\u1ec7t Nam\" width=\"584\" height=\"584\" \/><\/p>\n<p>D\u1ee5ng c\u1ee5 n\u01b0\u1edbng b\u00e1nh x\u1ebbng tr\u1ed9n b\u1ed9t g\u00f3p ph\u1ea7n gi\u00fap b\u1ea1n t\u1ea1o n\u00ean nh\u1eefng chi\u1ebfc b\u00e1nh th\u01a1m ngon, h\u1ea5p d\u1eabn. Ch\u1ea5t li\u1ec7u b\u1eb1ng silicon cao c\u1ea5p \u0111\u1ea3m b\u1ea3o an to\u00e0n, ch\u1ed1ng n\u00f3ng v\u00e0 c\u00f3 \u0111\u1ed9 b\u1ec1n d\u00e0i l\u00e2u. T\u1eeb nay vi\u1ec7c l\u00e0m b\u00e1nh s\u1ebd tr\u1edf n\u00ean d\u1ec5 d\u00e0ng h\u01a1n bao gi\u1edd h\u1ebft.<\/p>\n<p>L\u00e0 m\u1ed9t d\u1ee5ng c\u1ee5 c\u01a1 b\u1ea3n trong qu\u00e1 tr\u00ecnh t\u1ea1o n\u00ean l\u1edbp b\u1ed9t b\u00e1nh nh\u01b0 \u00fd, x\u1ebbng tr\u1ed9n b\u1ed9t Uncle Bills s\u1ebd khi\u1ebfn b\u1ea1n h\u00e0i l\u00f2ng khi c\u00f3 th\u1ec3 c\u1ea7m v\u1eeba v\u1eb7n tr\u00ean tay v\u00e0 th\u1ef1c hi\u1ec7n c\u00e1c thao t\u00e1c nh\u00e0o b\u1ed9t nhanh h\u01a1n v\u00e0 v\u00e9t b\u1ed9t \u0111\u01b0\u1ee3c g\u1ecdn h\u01a1n.<\/p>\n<p><span style=\"font-weight: 400\"><img decoding=\"async\" class=\"aligncenter\" src=\"https:\/\/havamall.vn\/wp-content\/uploads\/2021\/07\/155f161d804eadde8e2d01e3851b7d8b.jpg_1200x1200q80.jpg_.webp\" alt=\"B\u1ed9 3 D\u1ee5ng c\u1ee5 l\u00e0m b\u00e1nh b\u1eb1ng Silicon UBL KA0160 ch\u00ednh h\u00e3ng s\u1eed d\u1ee5ng r\u1ea5t b\u1ec1n | Lazada.vn\" width=\"581\" height=\"387\" \/><\/span><\/p>\n<p>D\u1ee5ng c\u1ee5 \u0111\u01b0\u1ee3c l\u00e0m ho\u00e0n to\u00e0n t\u1eeb silicon cao c\u1ea5p, tuy\u1ec7t \u0111\u1ed1i an to\u00e0n cho s\u1ee9c kh\u1ecfe ng\u01b0\u1eddi s\u1eed d\u1ee5ng. \u0110\u1eb7c bi\u1ec7t ch\u1ea5t li\u1ec7u silicon b\u1ec1n \u0111\u1eb9p v\u1edbi th\u1eddi gian, ch\u1ecbu \u0111\u01b0\u1ee3c nhi\u1ec7t \u0111\u1ed9 t\u1ed1t.\u00a0S\u1ea3n ph\u1ea9m c\u00f2n c\u00f3 t\u00ednh n\u0103ng ch\u1ecbu d\u1ea7u v\u00e0 n\u01b0\u1edbc r\u1ea5t t\u1ed1t, d\u1ec5 d\u00e0ng\u00a0v\u1ec7 sinh, ch\u1ec9 c\u1ea7n r\u1eeda s\u1ea1ch l\u00e0 c\u00f3 th\u1ec3 s\u1eed d\u1ee5ng l\u1ea1i. Ngo\u00e0i ra, khu\u00f4n c\u0169ng c\u00f3\u00a0th\u1ec3 v\u1ec7 sinh b\u1eb1ng m\u00e1y r\u1eeda ch\u00e9n r\u1ea5t an to\u00e0n.<\/p>\n<p>Thi\u1ebft k\u1ebf v\u1eeba tay c\u1ea7m kh\u00f4ng g\u00e2y m\u1ecfi tay khi s\u1eed d\u1ee5ng. Ch\u1ea5t li\u1ec7u silicon v\u00f4 c\u00f9ng d\u1ec5 lau r\u1eeda, b\u1ec1 m\u1eb7t kh\u00f4ng c\u00f3 c\u00e1c \u0111\u01b0\u1eddng v\u00e2n, kh\u1edbp n\u1ed1i n\u00ean ch\u1ec9 c\u1ea7n x\u1ed1i n\u01b0\u1edbc b\u1ed9t s\u1ebd tr\u00f4i m\u1ea5t kh\u00f4ng m\u1ea5t c\u00f4ng c\u1ecd r\u1eeda. C\u1ea3 chi\u1ebfc ph\u1edbi l\u00e0 m\u1ed9t kh\u1ed1i li\u1ec1n nguy\u00ean kh\u1ed1i r\u1ea5t d\u1ebbo dai, c\u1ee9ng ch\u1eafc v\u00e0 c\u1ea7m ch\u1eafc tay n\u00ean c\u00f3 th\u1ec3 tr\u1ed9n \u0111\u01b0\u1ee3c c\u00e1c lo\u1ea1i b\u1ed9t c\u1ee9ng nh\u01b0 b\u1ed9t b\u00e1nh n\u01b0\u1edbng, dai nh\u01b0 b\u1ed9t b\u00e1nh d\u1ebbo, b\u1ed9t ng\u00e0n l\u1edbp\u2026 m\u00e0 kh\u00f4ng lo b\u1ecb \u0111\u1ee9t g\u00e3y. X\u1ebbng tr\u1ed9n b\u1ed9t Uncle Bills \u0111\u01b0\u1ee3c thi\u1ebft k\u1ebf c\u00f3 l\u1ed7 tr\u00f2n \u1edf th\u00e2n \u0111\u1ec3 treo l\u00ean sau m\u1ed7i l\u1ea7n s\u1eed d\u1ee5ng.<\/p>\n<p><img decoding=\"async\" class=\"aligncenter\" src=\"https:\/\/cf.shopee.vn\/file\/ccc9b03f6fbc498f0b2fff77bc4d9fee\" alt=\"Review c\u00e2y tr\u1ed9n b\u1ed9t silicon uncle bills ka0160 25cm | Canhsale.net\" width=\"570\" height=\"570\" \/><\/p>\n<h3><strong>Th\u00f4ng tin s\u1ea3n ph\u1ea9m:<\/strong><\/h3>\n<p>&#8211; Lo\u1ea1i s\u1ea3n ph\u1ea9m:\u00a0D\u1ee5ng c\u1ee5 n\u01b0\u1edbng b\u00e1nh<\/p>\n<p>&#8211; Ch\u1ea5t li\u1ec7u:\u00a0Silicon\/Tay c\u1ea7m b\u1eb1ng nh\u1ef1a PP<\/p>\n<p>&#8211; K\u00edch th\u01b0\u1edbc:\u00a0Tay c\u1ea7m 17cm, X\u1ebbng tr\u1ed9n b\u1ed9t 80 x 50mm.<\/p>\n<p>&#8211; M\u00e0u s\u1eafc:\u00a0\u0110\u1ea7u silicon c\u00f3 2 ki\u1ec3u m\u00e0u: \u0110\u1ecf \/ Xanh D\u01b0\u01a1ng Nh\u1ea1t &#8211; Tay c\u1ea7m m\u00e0u trong b\u1eb1ng nh\u1ef1a PP<\/p>\n<p>&#8211; Tr\u1ecdng l\u01b0\u1ee3ng: 36G<\/p>\n<p>S\u1ea3n ph\u1ea9m hi\u1ec7n \u0111\u00e3 c\u00f3 m\u1eb7t t\u1ea1i Havamall.<\/p>\n<p><img loading=\"lazy\" decoding=\"async\" class=\"aligncenter\" src=\"http:\/\/tikicdn.com\/media\/catalog\/product\/k\/a\/ka0160xanhduong%20(2).u2566.d20160615.t104521.jpg\" alt=\"B\u1ed9 D\u1ee5ng C\u1ee5 N\u01b0\u1edbng B\u00e1nh B\u1eb1ng Silicon Uncle Bills KA0160(3) | Tiki\" width=\"607\" height=\"607\" \/><\/p>","protected":false},"excerpt":{"rendered":"<p>Uncle Bills (UBL) cung c\u1ea5p h\u01a1n 1800 s\u1ea3n ph\u1ea9m ti\u00eau d\u00f9ng ti\u1ec7n \u00edch, t\u1ea5t c\u1ea3 \u0111\u1ec1u h\u1ea5p d\u1eabn, ti\u1ec7n l\u1ee3i<\/p>","protected":false},"featured_media":25473,"comment_status":"open","ping_status":"closed","template":"","meta":[],"product_brand":[],"product_cat":[393,255,35],"product_tag":[],"class_list":{"0":"post-25472","1":"product","2":"type-product","3":"status-publish","4":"has-post-thumbnail","6":"product_cat-bep-phong-an","7":"product_cat-nguyen-lieu-lam-banh","8":"product_cat-nha-cua-doi-song","9":"pa_brand-uncle-bills","11":"first","12":"instock","13":"sale","14":"shipping-taxable","15":"purchasable","16":"product-type-simple"},"_links":{"self":[{"href":"https:\/\/havamall.vn\/en\/wp-json\/wp\/v2\/product\/25472"}],"collection":[{"href":"https:\/\/havamall.vn\/en\/wp-json\/wp\/v2\/product"}],"about":[{"href":"https:\/\/havamall.vn\/en\/wp-json\/wp\/v2\/types\/product"}],"replies":[{"embeddable":true,"href":"https:\/\/havamall.vn\/en\/wp-json\/wp\/v2\/comments?post=25472"}],"version-history":[{"count":0,"href":"https:\/\/havamall.vn\/en\/wp-json\/wp\/v2\/product\/25472\/revisions"}],"wp:featuredmedia":[{"embeddable":true,"href":"https:\/\/havamall.vn\/en\/wp-json\/wp\/v2\/media\/25473"}],"wp:attachment":[{"href":"https:\/\/havamall.vn\/en\/wp-json\/wp\/v2\/media?parent=25472"}],"wp:term":[{"taxonomy":"product_brand","embeddable":true,"href":"https:\/\/havamall.vn\/en\/wp-json\/wp\/v2\/product_brand?post=25472"},{"taxonomy":"product_cat","embeddable":true,"href":"https:\/\/havamall.vn\/en\/wp-json\/wp\/v2\/product_cat?post=25472"},{"taxonomy":"product_tag","embeddable":true,"href":"https:\/\/havamall.vn\/en\/wp-json\/wp\/v2\/product_tag?post=25472"}],"curies":[{"name":"wp","href":"https:\/\/api.w.org\/{rel}","templated":true}]}}