{"id":25463,"date":"2022-02-18T14:21:31","date_gmt":"2022-02-18T07:21:31","guid":{"rendered":"https:\/\/havamall.vn\/?post_type=product&#038;p=25463"},"modified":"2022-05-09T17:23:46","modified_gmt":"2022-05-09T10:23:46","slug":"khuon-nuong-banh-nho-bang-silicon-6-cai-uncle-bill-muffin-pan-silicon-6-cup","status":"publish","type":"product","link":"https:\/\/havamall.vn\/en\/shop\/khuon-nuong-banh-nho-bang-silicon-6-cai-uncle-bill-muffin-pan-silicon-6-cup\/","title":{"rendered":"Khu\u00f4n N\u01b0\u1edbng B\u00e1nh Nh\u1ecf B\u1eb1ng Silicon 6 C\u00e1i Uncle Bill &#8211; Muffin Pan Silicon 6 Cup"},"content":{"rendered":"<p><span style=\"font-weight: 400\">Uncle Bills (UBL) cung c\u1ea5p h\u01a1n 1800 s\u1ea3n ph\u1ea9m ti\u00eau d\u00f9ng phi th\u01b0\u0323c ph\u00e2\u0309m h\u00e2\u0301p d\u00e2\u0303n, ti\u00ea\u0323n i\u0301ch, gia\u0301 ph\u1ea3i ch\u0103ng. S\u1ea3n ph\u1ea9m bao g\u1ed3m nhi\u1ec1u lo\u1ea1i ha\u0300ng ho\u0301a kh\u00e1c nhau, t\u1eeb \u0111\u1ed3 du\u0300ng nh\u00e0 b\u1ebfp, ch\u0103m s\u00f3c c\u00e1 nh\u00e2n, l\u00e0m s\u1ea1ch nha\u0300 c\u01b0\u0309a, \u0111\u00f4\u0300 l\u01b0u tr\u1eef, ca\u0301c loa\u0323i du\u0323ng cu\u0323, v\u00e2\u0323t du\u0323ng ngo\u00e0i tr\u1eddi v\u00e0 ca\u0309 cho tr\u1ebb em. UBL Lu\u00f4n lu\u00f4n c\u00e2\u0323p nh\u00e2\u0323t ca\u0301c sa\u0309n ph\u00e2\u0309m m\u01a1\u0301i.<\/span><\/p>\n<p><span style=\"font-weight: 400\">S\u1ea3n ph\u1ea9m UBL \u0111\u01b0\u1ee3c s\u1ea3n xu\u1ea5t theo ti\u00eau chu\u1ea9n ch\u1ea5t l\u01b0\u1ee3ng nghi\u00eam ng\u1eb7t c\u1ee7a UBL Hongkong v\u00e0 b\u00e1n t\u1ea1i h\u01a1n 50 qu\u1ed1c gia v\u01a1\u0301i h\u01a1n 10.000 c\u1eeda h\u00e0ng, bao g\u1ed3m ch\u00e2u \u00c2u, \u00dac, Ch\u00e2u \u00c1, Ch\u00e2u Phi. S\u1ee9 m\u1ec7nh c\u1ee7a UBL l\u00e0 cung c\u1ea5p nh\u1eefng s\u1ea3n ph\u1ea9m ti\u1ec7n \u00edch v\u00e0 h\u1ea5p d\u1eabn cho ng\u00f4i nh\u00e0 hi\u1ec7n \u0111\u1ea1i c\u1ee7a ng\u01b0\u1eddi Vi\u1ec7t Nam.<\/span><\/p>\n<p><img fetchpriority=\"high\" decoding=\"async\" class=\"aligncenter\" src=\"https:\/\/cf.shopee.vn\/file\/f6797de1ee745a2dc0d45cb02727d617\" alt=\"T\u00fai \u0110\u1ef1ng R\u00e1c Th\u00fa C\u01b0ng T\u1ef1 Ph\u00e2n H\u1ee7y Uncle Bills PA3372 | Shopee Vi\u1ec7t Nam\" width=\"590\" height=\"590\" \/><\/p>\n<p>Khu\u00f4n N\u01b0\u1edbng\u00a0B\u00e1nh Nh\u1ecf\u00a06 C\u00e1i\u00a0Silicon Uncle Bills KC0029 l\u00e0 v\u1eadt d\u1ee5ng l\u00fd t\u01b0\u1edfng cho nh\u1eefng ai y\u00eau th\u00edch l\u00e0m m\u00f3n b\u00e1nh n\u01b0\u1edbng, b\u1ea1n s\u1ebd d\u1ec5 d\u00e0ng n\u01b0\u1edbng \u0111\u01b0\u1ee3c nh\u1eefng chi\u1ebfc b\u00e1nh muffin ngon v\u00e0 \u0111\u1eb9p m\u1eaft nh\u1ea5t. Khu\u00f4n\u00a0\u0111\u01b0\u1ee3c l\u00e0m t\u1eeb silicon ch\u1ecbu nhi\u1ec7t cao, t\u1ea3n nhi\u1ec7t t\u1ed1t, gi\u00fap b\u00e1nh ch\u00edn \u0111\u1ec1u, b\u1ec1 m\u1eb7t l\u00e1ng m\u1ecbn gi\u00fap d\u1ec5 d\u00e0ng l\u1ea5y b\u00e1nh ra sau khi n\u01b0\u1edbng v\u00e0 d\u1ec5 d\u00e0ng ch\u00f9i r\u1eeda. Khu\u00f4n c\u00f3 m\u00e0u s\u1eafc b\u1eaft m\u1eaft, l\u00e0m \u0111\u1eb9p th\u00eam cho c\u0103n b\u1ebfp nh\u00e0 b\u1ea1n.<\/p>\n<p>Khu\u00f4n N\u01b0\u1edbng\u00a0B\u00e1nh Nh\u1ecf\u00a06 C\u00e1i\u00a0Silicon Uncle Bills KC0029\u00a0\u0111\u01b0\u1ee3c l\u00e0m t\u1eeb silicon, ch\u1ea5t li\u1ec7u an to\u00e0n trong ch\u1ebf bi\u1ebfn th\u1ef1c ph\u1ea9m.\u00a0Sa\u0309n ph\u00e2\u0309m cu\u0303ng kh\u00f4ng ch\u01b0\u0301a ca\u0301c ho\u0301a ch\u00e2\u0301t g\u00e2y ha\u0323i, \u0111a\u0309m ba\u0309o an toa\u0300n cho ng\u01b0\u01a1\u0300i ti\u00eau du\u0300ng trong qua\u0301 tri\u0300nh s\u01b0\u0309 du\u0323ng. B\u1ea1n c\u00f3 th\u1ec3 cho khu\u00f4n n\u01b0\u1edbng v\u00e0o l\u00f2 vi s\u00f3ng, l\u00f2 n\u01b0\u1edbng b\u00e1nh r\u1ea5t an to\u00e0n v\u00e0 ti\u1ec7n l\u1ee3i.<\/p>\n<p><img decoding=\"async\" class=\"wp-image-25464 aligncenter\" src=\"https:\/\/havamall.vn\/wp-content\/uploads\/2022\/02\/KC0-300x300.jpg\" alt=\"\" width=\"583\" height=\"583\" srcset=\"https:\/\/havamall.vn\/wp-content\/uploads\/2022\/02\/KC0-300x300.jpg 300w, https:\/\/havamall.vn\/wp-content\/uploads\/2022\/02\/KC0-430x429.jpg 430w, https:\/\/havamall.vn\/wp-content\/uploads\/2022\/02\/KC0-150x150.jpg 150w, https:\/\/havamall.vn\/wp-content\/uploads\/2022\/02\/KC0-700x699.jpg 700w, https:\/\/havamall.vn\/wp-content\/uploads\/2022\/02\/KC0-768x767.jpg 768w, https:\/\/havamall.vn\/wp-content\/uploads\/2022\/02\/KC0-1024x1024.jpg 1024w, https:\/\/havamall.vn\/wp-content\/uploads\/2022\/02\/KC0-1200x1198.jpg 1200w, https:\/\/havamall.vn\/wp-content\/uploads\/2022\/02\/KC0-600x599.jpg 600w, https:\/\/havamall.vn\/wp-content\/uploads\/2022\/02\/KC0-100x100.jpg 100w, https:\/\/havamall.vn\/wp-content\/uploads\/2022\/02\/KC0.jpg 1502w\" sizes=\"(max-width: 583px) 100vw, 583px\" \/><\/p>\n<p>B\u1ec1 m\u1eb7t c\u1ee7a t\u1eebng khu\u00f4n l\u00e1ng m\u1ecbn, gi\u00fap b\u1ea1n l\u1ea5y b\u00e1nh ra d\u1ec5 d\u00e0ng sau khi b\u00e1nh ch\u00edn, kh\u00f4ng b\u1ecb d\u00ednh. B\u1ea1n s\u1ebd c\u00f3 nh\u1eefng chi\u1ebfc b\u00e1nh v\u1eeba v\u00e0ng v\u1eeba th\u01a1m, b\u1eaft m\u1eaft. Khi\u1ebfn m\u1ecdi ng\u01b0\u1eddi kh\u00f4ng th\u1ec3 c\u01b0\u1ee1ng l\u1ea1i \u0111\u01b0\u1ee3c. Vi\u1ec7c ch\u00f9i r\u1eeda khu\u00f4n sau khi s\u1eed d\u1ee5ng s\u1ebd \u0111\u01a1n gi\u1ea3n v\u00e0 nhanh ch\u00f3ng h\u01a1n.<\/p>\n<p>V\u1edbi k\u00edch th\u01b0\u1edbc khu\u00f4n 35.4 x 26.5 x 3 cm, m\u1ed7i \u00f4 b\u00e1nh c\u00f3 \u0111\u01b0\u1eddng k\u00ednh 7cm \u0111\u1ed9 cao 2.9cm, khu\u00f4n th\u00edch h\u1ee3p \u0111\u1ec3 l\u00e0m b\u00e1nh muffin, b\u00e1nh n\u01b0\u1edbng, b\u00e1nh x\u1ed1p, b\u00e1nh b\u00f4ng lan hay c\u00e1c lo\u1ea1i b\u00e1nh kh\u00e1c. Ngo\u00e0i ra b\u1ea1n c\u00f2n c\u00f3 th\u1ec3 d\u00f9ng khu\u00f4n \u0111\u1ec3 \u0111\u1ed5 rau c\u00e2u.<\/p>\n<p><img decoding=\"async\" class=\"wp-image-25465 aligncenter\" src=\"https:\/\/havamall.vn\/wp-content\/uploads\/2022\/02\/orange-choc-300x200.png\" alt=\"\" width=\"593\" height=\"395\" srcset=\"https:\/\/havamall.vn\/wp-content\/uploads\/2022\/02\/orange-choc-300x200.png 300w, https:\/\/havamall.vn\/wp-content\/uploads\/2022\/02\/orange-choc-430x287.png 430w, https:\/\/havamall.vn\/wp-content\/uploads\/2022\/02\/orange-choc-150x100.png 150w, https:\/\/havamall.vn\/wp-content\/uploads\/2022\/02\/orange-choc-700x467.png 700w, https:\/\/havamall.vn\/wp-content\/uploads\/2022\/02\/orange-choc-768x512.png 768w, https:\/\/havamall.vn\/wp-content\/uploads\/2022\/02\/orange-choc-1024x683.png 1024w, https:\/\/havamall.vn\/wp-content\/uploads\/2022\/02\/orange-choc-1200x800.png 1200w, https:\/\/havamall.vn\/wp-content\/uploads\/2022\/02\/orange-choc-600x400.png 600w\" sizes=\"(max-width: 593px) 100vw, 593px\" \/><\/p>\n<h3><strong>\u0110\u1eb5c \u0111i\u1ec3m n\u1ed5i b\u1eadt c\u1ee7a s\u1ea3n ph\u1ea9m:<\/strong><\/h3>\n<p>&#8211; Khu\u00f4n N\u01b0\u1edbng B\u00e1nh muffin Silicon 6 \u00f4 l\u00e0m b\u1eb1ng ch\u1ea5t li\u1ec7u silicon r\u1ea5t an to\u00e0n cho s\u1ee9c kh\u1ecfe, ch\u1ecbu \u0111\u01b0\u1ee3c nhi\u1ec7t \u0111\u1ed9 cao, s\u1eed d\u1ee5ng b\u1ec1n.<\/p>\n<p>&#8211; S\u1eed d\u1ee5ng t\u1ed1t trong c\u1ea3 l\u00f2 n\u01b0\u1edbng v\u00e0 t\u1ee7 l\u1ea1nh.<\/p>\n<p>&#8211; Ch\u1ecbu nhi\u1ec7t t\u1eeb -40 \u0111\u1ebfn 200 \u0111\u1ed9.<\/p>\n<p>&#8211; B\u1ec1 m\u1eb7t khu\u00f4n m\u1ecbn \u0111\u1ed3ng th\u1eddi khu\u00f4n c\u00f3 t\u00ednh d\u1ebbo dai gi\u00fap b\u1ea1n l\u1ea5y b\u00e1nh ra d\u1ec5 d\u00e0ng sau khi b\u00e1nh ch\u00edn, kh\u00f4ng b\u1ecb d\u00ednh.<\/p>\n<p>&#8211; K\u00edch th\u01b0\u1edbc c\u1ea3 khu\u00f4n: 21.5&#215;14.5x6cm.<\/p>\n<p>S\u1ea3n ph\u1ea9m hi\u1ec7n \u0111\u00e3 c\u00f3 m\u1eb7t t\u1ea1i Havamall.<\/p>\n<p><img loading=\"lazy\" decoding=\"async\" class=\"wp-image-25466 aligncenter\" src=\"https:\/\/havamall.vn\/wp-content\/uploads\/2022\/02\/Blueberry-Orange-300x300.png\" alt=\"\" width=\"580\" height=\"579\" srcset=\"https:\/\/havamall.vn\/wp-content\/uploads\/2022\/02\/Blueberry-Orange-300x300.png 300w, https:\/\/havamall.vn\/wp-content\/uploads\/2022\/02\/Blueberry-Orange-430x430.png 430w, https:\/\/havamall.vn\/wp-content\/uploads\/2022\/02\/Blueberry-Orange-150x150.png 150w, https:\/\/havamall.vn\/wp-content\/uploads\/2022\/02\/Blueberry-Orange-700x700.png 700w, https:\/\/havamall.vn\/wp-content\/uploads\/2022\/02\/Blueberry-Orange-768x768.png 768w, https:\/\/havamall.vn\/wp-content\/uploads\/2022\/02\/Blueberry-Orange-1024x1024.png 1024w, https:\/\/havamall.vn\/wp-content\/uploads\/2022\/02\/Blueberry-Orange.png 1200w, https:\/\/havamall.vn\/wp-content\/uploads\/2022\/02\/Blueberry-Orange-600x600.png 600w, https:\/\/havamall.vn\/wp-content\/uploads\/2022\/02\/Blueberry-Orange-100x100.png 100w\" sizes=\"(max-width: 580px) 100vw, 580px\" \/><\/p>","protected":false},"excerpt":{"rendered":"<p>Uncle Bills (UBL) cung c\u1ea5p h\u01a1n 1800 s\u1ea3n ph\u1ea9m ti\u00eau d\u00f9ng phi th\u01b0\u0323c ph\u00e2\u0309m h\u00e2\u0301p d\u00e2\u0303n, ti\u00ea\u0323n i\u0301ch, gia\u0301 ph\u1ea3i<\/p>","protected":false},"featured_media":25467,"comment_status":"open","ping_status":"closed","template":"","meta":[],"product_brand":[],"product_cat":[393,255,35],"product_tag":[],"class_list":{"0":"post-25463","1":"product","2":"type-product","3":"status-publish","4":"has-post-thumbnail","6":"product_cat-bep-phong-an","7":"product_cat-nguyen-lieu-lam-banh","8":"product_cat-nha-cua-doi-song","9":"pa_brand-uncle-bills","11":"first","12":"instock","13":"sale","14":"shipping-taxable","15":"purchasable","16":"product-type-simple"},"_links":{"self":[{"href":"https:\/\/havamall.vn\/en\/wp-json\/wp\/v2\/product\/25463"}],"collection":[{"href":"https:\/\/havamall.vn\/en\/wp-json\/wp\/v2\/product"}],"about":[{"href":"https:\/\/havamall.vn\/en\/wp-json\/wp\/v2\/types\/product"}],"replies":[{"embeddable":true,"href":"https:\/\/havamall.vn\/en\/wp-json\/wp\/v2\/comments?post=25463"}],"version-history":[{"count":0,"href":"https:\/\/havamall.vn\/en\/wp-json\/wp\/v2\/product\/25463\/revisions"}],"wp:featuredmedia":[{"embeddable":true,"href":"https:\/\/havamall.vn\/en\/wp-json\/wp\/v2\/media\/25467"}],"wp:attachment":[{"href":"https:\/\/havamall.vn\/en\/wp-json\/wp\/v2\/media?parent=25463"}],"wp:term":[{"taxonomy":"product_brand","embeddable":true,"href":"https:\/\/havamall.vn\/en\/wp-json\/wp\/v2\/product_brand?post=25463"},{"taxonomy":"product_cat","embeddable":true,"href":"https:\/\/havamall.vn\/en\/wp-json\/wp\/v2\/product_cat?post=25463"},{"taxonomy":"product_tag","embeddable":true,"href":"https:\/\/havamall.vn\/en\/wp-json\/wp\/v2\/product_tag?post=25463"}],"curies":[{"name":"wp","href":"https:\/\/api.w.org\/{rel}","templated":true}]}}