{"id":25460,"date":"2022-02-18T15:56:54","date_gmt":"2022-02-18T08:56:54","guid":{"rendered":"https:\/\/havamall.vn\/?post_type=product&#038;p=25460"},"modified":"2023-09-26T11:16:48","modified_gmt":"2023-09-26T04:16:48","slug":"sung-ban-bong-bong-xa-phong-uncle-bills-bubble-gun","status":"publish","type":"product","link":"https:\/\/havamall.vn\/en\/shop\/sung-ban-bong-bong-xa-phong-uncle-bills-bubble-gun\/","title":{"rendered":"S\u00fang B\u1eafn Bong B\u00f3ng X\u00e0 Ph\u00f2ng Uncle Bills &#8211; Bubble Gun"},"content":{"rendered":"<p><span style=\"font-weight: 400\">Uncle Bills (UBL) cung c\u1ea5p h\u01a1n 1800 s\u1ea3n ph\u1ea9m ti\u00eau d\u00f9ng phi th\u01b0\u0323c ph\u00e2\u0309m h\u00e2\u0301p d\u00e2\u0303n, ti\u00ea\u0323n i\u0301ch, gia\u0301 ph\u1ea3i ch\u0103ng. S\u1ea3n ph\u1ea9m bao g\u1ed3m nhi\u1ec1u lo\u1ea1i ha\u0300ng ho\u0301a kh\u00e1c nhau, t\u1eeb \u0111\u1ed3 du\u0300ng nh\u00e0 b\u1ebfp, ch\u0103m s\u00f3c c\u00e1 nh\u00e2n, l\u00e0m s\u1ea1ch nha\u0300 c\u01b0\u0309a, \u0111\u00f4\u0300 l\u01b0u tr\u1eef, ca\u0301c loa\u0323i du\u0323ng cu\u0323, v\u00e2\u0323t du\u0323ng ngo\u00e0i tr\u1eddi v\u00e0 ca\u0309 cho tr\u1ebb em. UBL Lu\u00f4n lu\u00f4n c\u00e2\u0323p nh\u00e2\u0323t ca\u0301c sa\u0309n ph\u00e2\u0309m m\u01a1\u0301i.<\/span><\/p>\n<p><span style=\"font-weight: 400\">S\u1ea3n ph\u1ea9m UBL \u0111\u01b0\u1ee3c s\u1ea3n xu\u1ea5t theo ti\u00eau chu\u1ea9n ch\u1ea5t l\u01b0\u1ee3ng nghi\u00eam ng\u1eb7t c\u1ee7a UBL Hongkong v\u00e0 b\u00e1n t\u1ea1i h\u01a1n 50 qu\u1ed1c gia v\u01a1\u0301i h\u01a1n 10.000 c\u1eeda h\u00e0ng, bao g\u1ed3m ch\u00e2u \u00c2u, \u00dac, Ch\u00e2u \u00c1, Ch\u00e2u Phi. S\u1ee9 m\u1ec7nh c\u1ee7a UBL l\u00e0 cung c\u1ea5p nh\u1eefng s\u1ea3n ph\u1ea9m ti\u1ec7n \u00edch v\u00e0 h\u1ea5p d\u1eabn cho ng\u00f4i nh\u00e0 hi\u1ec7n \u0111\u1ea1i c\u1ee7a ng\u01b0\u1eddi Vi\u1ec7t Nam.<\/span><\/p>\n<p><img fetchpriority=\"high\" decoding=\"async\" class=\"aligncenter\" src=\"https:\/\/cf.shopee.vn\/file\/f6797de1ee745a2dc0d45cb02727d617\" alt=\"T\u00fai \u0110\u1ef1ng R\u00e1c Th\u00fa C\u01b0ng T\u1ef1 Ph\u00e2n H\u1ee7y Uncle Bills PA3372 | Shopee Vi\u1ec7t Nam\" width=\"494\" height=\"494\" \/><\/p>\n<p><span style=\"font-weight: 400\">V\u1edbi mong mu\u1ed1n mang \u0111\u1ebfn th\u00eam m\u00e0u s\u1eafc v\u00e0 l\u01b0u gi\u1eef n\u00e9t h\u1ed3n nhi\u00ean tu\u1ed5i th\u01a1 c\u1ee7a tr\u1ebb, c\u0169ng nh\u01b0 h\u1ed3i t\u01b0\u1edfng l\u1ea1i tu\u1ed5i th\u01a1 c\u1ee7a ch\u00ednh ch\u00fang ta nh\u01b0ng kh\u00f4ng ph\u1ea3i b\u1eadn t\u00e2m x\u00e0 ph\u00f2ng d\u00ednh v\u00e0o mi\u1ec7ng b\u00e9 v\u1edbi tr\u00f2 ch\u01a1i v\u00f2ng th\u1ed5i bong b\u00f3ng \u1ea3o thu\u1eadt. Ch\u00fang t\u00f4i gi\u1edbi thi\u1ec7u \u0111\u1ebfn b\u1ea1n B\u1ed9 s\u00fang th\u1ed5i bong b\u00f3ng x\u00e0 ph\u00f2ng th\u01b0\u01a1ng hi\u1ec7u Uncle Bills.<\/span><\/p>\n<p><img decoding=\"async\" class=\"wp-image-25461 aligncenter\" src=\"https:\/\/havamall.vn\/wp-content\/uploads\/2022\/02\/8bb98e1ab9cb75952cda-300x300.jpg\" alt=\"\" width=\"498\" height=\"498\" srcset=\"https:\/\/havamall.vn\/wp-content\/uploads\/2022\/02\/8bb98e1ab9cb75952cda-300x300.jpg 300w, https:\/\/havamall.vn\/wp-content\/uploads\/2022\/02\/8bb98e1ab9cb75952cda-430x430.jpg 430w, https:\/\/havamall.vn\/wp-content\/uploads\/2022\/02\/8bb98e1ab9cb75952cda-150x150.jpg 150w, https:\/\/havamall.vn\/wp-content\/uploads\/2022\/02\/8bb98e1ab9cb75952cda-700x700.jpg 700w, https:\/\/havamall.vn\/wp-content\/uploads\/2022\/02\/8bb98e1ab9cb75952cda-768x768.jpg 768w, https:\/\/havamall.vn\/wp-content\/uploads\/2022\/02\/8bb98e1ab9cb75952cda-600x600.jpg 600w, https:\/\/havamall.vn\/wp-content\/uploads\/2022\/02\/8bb98e1ab9cb75952cda-100x100.jpg 100w, https:\/\/havamall.vn\/wp-content\/uploads\/2022\/02\/8bb98e1ab9cb75952cda.jpg 1000w\" sizes=\"(max-width: 498px) 100vw, 498px\" \/><\/p>\n<p><span style=\"font-weight: 400\">H\u1ed9p \u0111\u1ef1ng x\u00e0 ph\u00f2ng v\u00e0 s\u00fang \u0111\u01b0\u1ee3c l\u00e0m b\u1eb1ng ch\u1ea5t li\u1ec7u nh\u1ef1a cao c\u1ea5p, d\u1ec5 s\u1eed d\u1ee5ng.\u00a0<\/span><span style=\"font-weight: 400\">S\u1ea3n ph\u1ea9m nh\u1ecf g\u1ecdn, d\u1ec5 s\u1eed d\u1ee5ng, d\u1ec5 mang theo b\u00ean ng\u01b0\u1eddi b\u1ea5t k\u1ef3 l\u00fac n\u00e0o, \u0111\u1eb7c bi\u1ec7t l\u00e0 trong c\u00e1c bu\u1ed5i ti\u1ec7c sinh nh\u1eadt, ti\u1ec7c gia \u0111\u00ecnh\u2026<\/span><\/p>\n<p><img decoding=\"async\" class=\"aligncenter\" src=\"https:\/\/havamall.vn\/wp-content\/uploads\/2021\/03\/bubbles-baby-Copy.jpg\" alt=\"C\u00e1ch n\u00f3i tu\u1ed5i trong giao ti\u1ebfp ti\u1ebfng Anh.\" \/><\/p>\n<h4><strong>\u0110\u1eb7c \u0111i\u1ec3m s\u1ea3n ph\u1ea9m:<\/strong><\/h4>\n<p><span style=\"font-weight: 400\">\u2013 Kh\u00f4ng \u0111\u1ed9c h\u1ea1i cho s\u1ee9c kh\u1ecfe<\/span><\/p>\n<p><span style=\"font-weight: 400\">\u2013 G\u1ecdn nh\u1eb9, d\u1ec5 s\u1eed d\u1ee5ng<\/span><\/p>\n<p><span style=\"font-weight: 400\">\u2013 \u200bS\u1ea3n ph\u1ea9m nh\u1ecf g\u1ecdn, d\u1ec5 s\u1eed d\u1ee5ng<\/span><\/p>\n<p><span style=\"font-weight: 400\">\u2013 D\u1ec5 mang theo b\u00ean ng\u01b0\u1eddi b\u1ea5t k\u1ef3 l\u00fac n\u00e0o<\/span><\/p>\n<p><span style=\"font-weight: 400\">S\u1ea3n ph\u1ea9m hi\u1ec7n \u0111\u00e3 c\u00f3 m\u1eb7t t\u1ea1i Havamall.<\/span><\/p>","protected":false},"excerpt":{"rendered":"<p>Uncle Bills (UBL) cung c\u1ea5p h\u01a1n 1800 s\u1ea3n ph\u1ea9m ti\u00eau d\u00f9ng phi th\u01b0\u0323c ph\u00e2\u0309m h\u00e2\u0301p d\u00e2\u0303n, ti\u00ea\u0323n i\u0301ch, gia\u0301 ph\u1ea3i<\/p>","protected":false},"featured_media":25462,"comment_status":"open","ping_status":"closed","template":"","meta":[],"product_brand":[],"product_cat":[397,35],"product_tag":[],"class_list":{"0":"post-25460","1":"product","2":"type-product","3":"status-publish","4":"has-post-thumbnail","6":"product_cat-hang-me-be-do-choi","7":"product_cat-nha-cua-doi-song","8":"pa_brand-uncle-bills","10":"first","11":"instock","12":"sale","13":"shipping-taxable","14":"purchasable","15":"product-type-simple"},"_links":{"self":[{"href":"https:\/\/havamall.vn\/en\/wp-json\/wp\/v2\/product\/25460"}],"collection":[{"href":"https:\/\/havamall.vn\/en\/wp-json\/wp\/v2\/product"}],"about":[{"href":"https:\/\/havamall.vn\/en\/wp-json\/wp\/v2\/types\/product"}],"replies":[{"embeddable":true,"href":"https:\/\/havamall.vn\/en\/wp-json\/wp\/v2\/comments?post=25460"}],"version-history":[{"count":0,"href":"https:\/\/havamall.vn\/en\/wp-json\/wp\/v2\/product\/25460\/revisions"}],"wp:featuredmedia":[{"embeddable":true,"href":"https:\/\/havamall.vn\/en\/wp-json\/wp\/v2\/media\/25462"}],"wp:attachment":[{"href":"https:\/\/havamall.vn\/en\/wp-json\/wp\/v2\/media?parent=25460"}],"wp:term":[{"taxonomy":"product_brand","embeddable":true,"href":"https:\/\/havamall.vn\/en\/wp-json\/wp\/v2\/product_brand?post=25460"},{"taxonomy":"product_cat","embeddable":true,"href":"https:\/\/havamall.vn\/en\/wp-json\/wp\/v2\/product_cat?post=25460"},{"taxonomy":"product_tag","embeddable":true,"href":"https:\/\/havamall.vn\/en\/wp-json\/wp\/v2\/product_tag?post=25460"}],"curies":[{"name":"wp","href":"https:\/\/api.w.org\/{rel}","templated":true}]}}