{"id":25455,"date":"2022-02-18T11:26:39","date_gmt":"2022-02-18T04:26:39","guid":{"rendered":"https:\/\/havamall.vn\/?post_type=product&#038;p=25455"},"modified":"2022-03-02T11:02:26","modified_gmt":"2022-03-02T04:02:26","slug":"vien-gia-vi-sup-chay-ong-cha-va-75g-4-vien","status":"publish","type":"product","link":"https:\/\/havamall.vn\/en\/shop\/vien-gia-vi-sup-chay-ong-cha-va-75g-4-vien\/","title":{"rendered":"Vi\u00ean Gia V\u1ecb S\u00fap Chay \u00d4ng Ch\u00e0 V\u00e0 75g (4 Vi\u00ean)"},"content":{"rendered":"<p>Ng\u00e0y nay, do t\u00ednh ch\u1ea5t c\u00f4ng vi\u1ec7c b\u1eadn r\u1ed9n m\u00e0 nhi\u1ec1u ng\u01b0\u1eddi kh\u00f4ng c\u00f3 \u0111\u1ee7 th\u1eddi gian \u0111\u1ec3 n\u1ea5u cho m\u00ecnh nh\u1eefng b\u1eefa \u0103n ngon. Hi\u1ec3u \u0111\u01b0\u1ee3c l\u00fd do \u0111\u00f3, th\u01b0\u01a1ng hi\u1ec7u\u00a0\u00d4ng Ch\u00e0 V\u00e0\u00a0\u0111\u00e3 cho ra \u0111\u1eddi d\u00f2ng s\u1ea3n ph\u1ea9m\u00a0gia v\u1ecb n\u00eam s\u1eb5n\u00a0gi\u00fap b\u1ea1n c\u00f3 th\u1ec3 d\u1ec5 d\u00e0ng ch\u1ebf bi\u1ebfn nh\u1eefng m\u00f3n \u0103n ngon.<\/p>\n<p>Trong \u0111\u00f3,\u00a0vi\u00ean gia v\u1ecb s\u00fap chay \u00d4ng Ch\u00e0 V\u00e0 h\u1ed9p 75g\u00a0l\u00e0 m\u1ed9t trong nh\u1eefng s\u1ea3n ph\u1ea9m \u0111\u01b0\u1ee3c kh\u00e1 nhi\u1ec1u ng\u01b0\u1eddi \u01b0a chu\u1ed9ng. S\u1ea3n ph\u1ea9m \u0111\u01b0\u1ee3c \u0111\u00f3ng g\u00f3i trong h\u1ed9p gi\u1ea5y ti\u1ec7n l\u1ee3i v\u00e0 sang tr\u1ecdng.<\/p>\n<p><img fetchpriority=\"high\" decoding=\"async\" class=\"wp-image-25456 aligncenter\" src=\"https:\/\/havamall.vn\/wp-content\/uploads\/2022\/02\/09bbd0f9e4e-300x300.png\" alt=\"\" width=\"550\" height=\"550\" srcset=\"https:\/\/havamall.vn\/wp-content\/uploads\/2022\/02\/09bbd0f9e4e-300x300.png 300w, https:\/\/havamall.vn\/wp-content\/uploads\/2022\/02\/09bbd0f9e4e-430x430.png 430w, https:\/\/havamall.vn\/wp-content\/uploads\/2022\/02\/09bbd0f9e4e-150x150.png 150w, https:\/\/havamall.vn\/wp-content\/uploads\/2022\/02\/09bbd0f9e4e-700x700.png 700w, https:\/\/havamall.vn\/wp-content\/uploads\/2022\/02\/09bbd0f9e4e-768x768.png 768w, https:\/\/havamall.vn\/wp-content\/uploads\/2022\/02\/09bbd0f9e4e-600x600.png 600w, https:\/\/havamall.vn\/wp-content\/uploads\/2022\/02\/09bbd0f9e4e-100x100.png 100w, https:\/\/havamall.vn\/wp-content\/uploads\/2022\/02\/09bbd0f9e4e.png 901w\" sizes=\"(max-width: 550px) 100vw, 550px\" \/><\/p>\n<p>Vi\u00ean gia v\u1ecb s\u00fap chay \u00f4ng ch\u00e0 V\u00e0 \u0111\u00e1p \u1ee9ng nhu c\u1ea7u cho m\u1ecdi gia \u0111\u00ecnh \u0111\u1ec3 c\u00f3 m\u1ed9t b\u1eefa \u0103n ch\u1ea5t l\u01b0\u1ee3ng cho d\u00f9 l\u00e0 \u0103n chay, nh\u01b0ng v\u00f4 c\u00f9ng \u0111\u01a1n gi\u1ea3n, vi\u00ean gia v\u1ecb n\u1ea5u ho\u00e0nh th\u00e1nh \u00d4ng Ch\u00e0 V\u00e0 c\u00f3 s\u1eb5n c\u00e1c h\u01b0\u01a1ng li\u1ec7u quan tr\u1ecdng v\u00e0 c\u1ea7n thi\u1ebft, b\u1ea1n ch\u1ec9 c\u1ea7n th\u00eam rau c\u1ee7 t\u00f9y th\u00edch l\u00e0 b\u1ea1n \u0111\u00e3 c\u00f3 m\u1ed9t t\u00f4 s\u00fap rau c\u1ee7 chay v\u00f4 c\u00f9ng b\u1ecf d\u01b0\u1ee1ng.<\/p>\n<p>Vi\u00ean gia s\u00fap chay \u00d4ng Ch\u00e0 V\u00e0 quen thu\u1ed9c trong m\u1ed7i gia \u0111\u00ecnh Vi\u1ec7t Nam. Vi\u00ean gia v\u1ecb s\u00fap chay mang \u0111\u1ebfn m\u00f3n s\u00fap th\u01a1m ngon, \u0111\u1eadm \u0111\u00e0 h\u01b0\u01a1ng v\u1ecb nguy\u00ean b\u1ea3n m\u1ed9t c\u00e1ch nhanh ch\u00f3ng, gi\u00fap c\u00e1c b\u00e0 n\u1ed9i tr\u1ee3 ti\u1ebft ki\u1ec7m th\u1eddi gian ch\u1ebf bi\u1ebfn m\u00e0 v\u1eabn \u0111\u1ea3m b\u1ea3o dinh d\u01b0\u1ee1ng.<\/p>\n<p><img decoding=\"async\" class=\"wp-image-25457 aligncenter\" src=\"https:\/\/havamall.vn\/wp-content\/uploads\/2022\/02\/IMG_0005-300x201.png\" alt=\"\" width=\"549\" height=\"368\" srcset=\"https:\/\/havamall.vn\/wp-content\/uploads\/2022\/02\/IMG_0005-300x201.png 300w, https:\/\/havamall.vn\/wp-content\/uploads\/2022\/02\/IMG_0005-430x289.png 430w, https:\/\/havamall.vn\/wp-content\/uploads\/2022\/02\/IMG_0005-150x101.png 150w, https:\/\/havamall.vn\/wp-content\/uploads\/2022\/02\/IMG_0005-700x470.png 700w, https:\/\/havamall.vn\/wp-content\/uploads\/2022\/02\/IMG_0005-768x516.png 768w, https:\/\/havamall.vn\/wp-content\/uploads\/2022\/02\/IMG_0005-1024x687.png 1024w, https:\/\/havamall.vn\/wp-content\/uploads\/2022\/02\/IMG_0005-1200x806.png 1200w, https:\/\/havamall.vn\/wp-content\/uploads\/2022\/02\/IMG_0005-600x403.png 600w, https:\/\/havamall.vn\/wp-content\/uploads\/2022\/02\/IMG_0005.png 1600w\" sizes=\"(max-width: 549px) 100vw, 549px\" \/><\/p>\n<h3><strong>\u0110\u1eb7c \u0111i\u1ec3m b\u1ed5i b\u1eadt c\u1ee7a s\u1ea3n ph\u1ea9m:<\/strong><\/h3>\n<p>\u2013 Vi\u00ean gia v\u1ecb s\u00fap chay \u00d4ng Ch\u00e0 V\u00e0 mang h\u01b0\u01a1ng v\u1ecb th\u01a1m ngon, t\u1ea1o n\u00ean s\u1ef1 h\u1ea5p d\u1eabn \u0111\u1eb7c tr\u01b0ng cho m\u00f3n s\u00fap chay.<\/p>\n<p>\u2013 Ngo\u00e0i ra, s\u1ea3n ph\u1ea9m b\u1ed5 sung vitamin v\u00e0 c\u00e1c nguy\u00ean t\u1ed1 vi l\u01b0\u1ee3ng c\u00f3 l\u1ee3i cho s\u1ee9c kh\u1ecfe ng\u01b0\u1eddi ti\u00eau d\u00f9ng.<\/p>\n<p>\u2013 Vi\u00ean gia v\u1ecb s\u00fap chay \u0111\u01b0\u1ee3c s\u1ea3n xu\u1ea5t theo c\u00f4ng ngh\u1ec7 hi\u1ec7n \u0111\u1ea1i k\u1ebft h\u1ee3p v\u1edbi c\u00f4ng th\u1ee9c gia truy\u1ec1n mang \u0111\u1ebfn h\u01b0\u01a1ng v\u1ecb th\u01a1m ngon cho m\u00f3n \u0103n khi ch\u1ebf bi\u1ebfn.<\/p>\n<p>\u2013 S\u1ea3n ph\u1ea9m kh\u00f4ng ch\u1ee9a c\u00e1c ch\u1ea5t b\u1ea3o qu\u1ea3n \u0111\u1ed9c h\u1ea1i, \u0111\u1ea3m b\u1ea3o an to\u00e0n s\u1ee9c kh\u1ecfe cho ng\u01b0\u1eddi d\u00f9ng.<\/p>\n<p><img decoding=\"async\" class=\"wp-image-25458 aligncenter\" src=\"https:\/\/havamall.vn\/wp-content\/uploads\/2022\/02\/mam-com-c-300x292.png\" alt=\"\" width=\"553\" height=\"538\" srcset=\"https:\/\/havamall.vn\/wp-content\/uploads\/2022\/02\/mam-com-c-300x292.png 300w, https:\/\/havamall.vn\/wp-content\/uploads\/2022\/02\/mam-com-c-430x418.png 430w, https:\/\/havamall.vn\/wp-content\/uploads\/2022\/02\/mam-com-c-150x146.png 150w, https:\/\/havamall.vn\/wp-content\/uploads\/2022\/02\/mam-com-c-700x680.png 700w, https:\/\/havamall.vn\/wp-content\/uploads\/2022\/02\/mam-com-c-768x746.png 768w, https:\/\/havamall.vn\/wp-content\/uploads\/2022\/02\/mam-com-c-600x583.png 600w, https:\/\/havamall.vn\/wp-content\/uploads\/2022\/02\/mam-com-c.png 960w\" sizes=\"(max-width: 553px) 100vw, 553px\" \/><\/p>\n<h3><strong>H\u01b0\u1edbng d\u1eabn s\u1eed d\u1ee5ng:<\/strong><\/h3>\n<p>&#8211; Cho 4 vi\u00ean s\u00fap trong h\u1ed9p v\u00e0o 2 L\u00edt n\u01b0\u1edbc \u0111\u1ec3 l\u00e0m n\u01b0\u1edbc d\u00f9ng cho m\u00f3n \u0103n.<\/p>\n<p>&#8211; \u0110un s\u00f4i 2-5 ph\u00fat. Sau \u0111\u00f3 cho c\u00e1c rau c\u1ee7 t\u00f9y th\u00edch v\u00e0o n\u1ed3i n\u1ea5u cho m\u1ec1m.<\/p>\n<p>S\u1ea3n ph\u1ea9m hi\u1ec7n \u0111\u00e3 c\u00f3 m\u1eb7t t\u1ea1i Havamall.<\/p>","protected":false},"excerpt":{"rendered":"<p>Ng\u00e0y nay, do t\u00ednh ch\u1ea5t c\u00f4ng vi\u1ec7c b\u1eadn r\u1ed9n m\u00e0 nhi\u1ec1u ng\u01b0\u1eddi kh\u00f4ng c\u00f3 \u0111\u1ee7 th\u1eddi gian \u0111\u1ec3 n\u1ea5u cho<\/p>","protected":false},"featured_media":25459,"comment_status":"open","ping_status":"closed","template":"","meta":[],"product_brand":[],"product_cat":[496,36],"product_tag":[],"class_list":{"0":"post-25455","1":"product","2":"type-product","3":"status-publish","4":"has-post-thumbnail","6":"product_cat-thuc-pham-thuan-chay","7":"product_cat-thuc-pham-tieu-dung","8":"pa_brand-ong-cha-va","10":"first","11":"instock","12":"sale","13":"shipping-taxable","14":"purchasable","15":"product-type-simple"},"_links":{"self":[{"href":"https:\/\/havamall.vn\/en\/wp-json\/wp\/v2\/product\/25455"}],"collection":[{"href":"https:\/\/havamall.vn\/en\/wp-json\/wp\/v2\/product"}],"about":[{"href":"https:\/\/havamall.vn\/en\/wp-json\/wp\/v2\/types\/product"}],"replies":[{"embeddable":true,"href":"https:\/\/havamall.vn\/en\/wp-json\/wp\/v2\/comments?post=25455"}],"version-history":[{"count":0,"href":"https:\/\/havamall.vn\/en\/wp-json\/wp\/v2\/product\/25455\/revisions"}],"wp:featuredmedia":[{"embeddable":true,"href":"https:\/\/havamall.vn\/en\/wp-json\/wp\/v2\/media\/25459"}],"wp:attachment":[{"href":"https:\/\/havamall.vn\/en\/wp-json\/wp\/v2\/media?parent=25455"}],"wp:term":[{"taxonomy":"product_brand","embeddable":true,"href":"https:\/\/havamall.vn\/en\/wp-json\/wp\/v2\/product_brand?post=25455"},{"taxonomy":"product_cat","embeddable":true,"href":"https:\/\/havamall.vn\/en\/wp-json\/wp\/v2\/product_cat?post=25455"},{"taxonomy":"product_tag","embeddable":true,"href":"https:\/\/havamall.vn\/en\/wp-json\/wp\/v2\/product_tag?post=25455"}],"curies":[{"name":"wp","href":"https:\/\/api.w.org\/{rel}","templated":true}]}}