{"id":25449,"date":"2022-02-18T10:59:08","date_gmt":"2022-02-18T03:59:08","guid":{"rendered":"https:\/\/havamall.vn\/?post_type=product&#038;p=25449"},"modified":"2022-02-18T10:59:08","modified_gmt":"2022-02-18T03:59:08","slug":"vien-gia-vi-hoanh-thanh-ong-cha-va-75g-4-vien","status":"publish","type":"product","link":"https:\/\/havamall.vn\/en\/shop\/vien-gia-vi-hoanh-thanh-ong-cha-va-75g-4-vien\/","title":{"rendered":"Vi\u00ean Gia V\u1ecb Ho\u00e0nh Th\u00e1nh \u00d4ng Ch\u00e0 V\u00e0 75g (4 Vi\u00ean)"},"content":{"rendered":"<p>Ng\u00e0y nay, do t\u00ednh ch\u1ea5t c\u00f4ng vi\u1ec7c b\u1eadn r\u1ed9n m\u00e0 nhi\u1ec1u ng\u01b0\u1eddi kh\u00f4ng c\u00f3 \u0111\u1ee7 th\u1eddi gian \u0111\u1ec3 n\u1ea5u cho m\u00ecnh nh\u1eefng b\u1eefa \u0103n ngon. Hi\u1ec3u \u0111\u01b0\u1ee3c l\u00fd do \u0111\u00f3, th\u01b0\u01a1ng hi\u1ec7u\u00a0\u00d4ng Ch\u00e0 V\u00e0\u00a0\u0111\u00e3 cho ra \u0111\u1eddi d\u00f2ng s\u1ea3n ph\u1ea9m\u00a0gia v\u1ecb n\u00eam s\u1eb5n\u00a0gi\u00fap b\u1ea1n c\u00f3 th\u1ec3 d\u1ec5 d\u00e0ng ch\u1ebf bi\u1ebfn nh\u1eefng m\u00f3n \u0103n ngon.<\/p>\n<p>Trong \u0111\u00f3,\u00a0vi\u00ean gia v\u1ecb ho\u00e0nh th\u00e1nh \u00d4ng Ch\u00e0 V\u00e0 h\u1ed9p 75g\u00a0l\u00e0 m\u1ed9t trong nh\u1eefng s\u1ea3n ph\u1ea9m \u0111\u01b0\u1ee3c kh\u00e1 nhi\u1ec1u ng\u01b0\u1eddi \u01b0a chu\u1ed9ng. S\u1ea3n ph\u1ea9m \u0111\u01b0\u1ee3c \u0111\u00f3ng g\u00f3i trong h\u1ed9p gi\u1ea5y ti\u1ec7n l\u1ee3i v\u00e0 sang tr\u1ecdng.<\/p>\n<p><img fetchpriority=\"high\" decoding=\"async\" class=\"wp-image-25450 aligncenter\" src=\"https:\/\/havamall.vn\/wp-content\/uploads\/2022\/02\/00676dc6c289-300x200.png\" alt=\"\" width=\"611\" height=\"408\" srcset=\"https:\/\/havamall.vn\/wp-content\/uploads\/2022\/02\/00676dc6c289-300x200.png 300w, https:\/\/havamall.vn\/wp-content\/uploads\/2022\/02\/00676dc6c289-430x286.png 430w, https:\/\/havamall.vn\/wp-content\/uploads\/2022\/02\/00676dc6c289-150x100.png 150w, https:\/\/havamall.vn\/wp-content\/uploads\/2022\/02\/00676dc6c289-700x466.png 700w, https:\/\/havamall.vn\/wp-content\/uploads\/2022\/02\/00676dc6c289-768x511.png 768w, https:\/\/havamall.vn\/wp-content\/uploads\/2022\/02\/00676dc6c289-600x400.png 600w, https:\/\/havamall.vn\/wp-content\/uploads\/2022\/02\/00676dc6c289.png 1000w\" sizes=\"(max-width: 611px) 100vw, 611px\" \/><\/p>\n<p>Vi\u00ean gia v\u1ecb ho\u00e0nh th\u00e1nh \u00f4ng ch\u00e0 V\u00e0 \u0111\u00e1p \u1ee9ng nhu c\u1ea7u cho m\u1ecdi gia \u0111\u00ecnh \u0111\u1ec3 c\u00f3 m\u1ed9t b\u1eefa \u0103n ch\u1ea5t l\u01b0\u1ee3ng, nh\u01b0ng v\u00f4 c\u00f9ng \u0111\u01a1n gi\u1ea3n, vi\u00ean gia v\u1ecb n\u1ea5u ho\u00e0nh th\u00e1nh \u00d4ng Ch\u00e0 V\u00e0 c\u00f3 s\u1eb5n c\u00e1c h\u01b0\u01a1ng li\u1ec7u quan tr\u1ecdng v\u00e0 c\u1ea7n thi\u1ebft, b\u1ea1n ch\u1ec9 c\u1ea7n th\u00eam ho\u00e0nh th\u00e1nh\u2026. rau c\u1ee7 v\u00e0 h\u1ee7 ti\u1ebfu l\u00e0 b\u1ea1n \u0111\u00e3 c\u00f3 m\u1ed9t t\u00f4 ho\u1eb1nh th\u00e1nh v\u00f4 c\u00f9ng b\u1ecf d\u01b0\u1ee1ng.<\/p>\n<p>Vi\u00ean gia ho\u00e0nh th\u00e1nh \u00d4ng Ch\u00e0 V\u00e0 quen thu\u1ed9c trong m\u1ed7i gia \u0111\u00ecnh Vi\u1ec7t Nam. Vi\u00ean gia v\u1ecb ho\u00e0nh th\u00e1nh mang \u0111\u1ebfn m\u00f3n ho\u00e0nh th\u00e1nh th\u01a1m ngon, \u0111\u1eadm \u0111\u00e0 h\u01b0\u01a1ng v\u1ecb nguy\u00ean b\u1ea3n m\u1ed9t c\u00e1ch nhanh ch\u00f3ng, gi\u00fap c\u00e1c b\u00e0 n\u1ed9i tr\u1ee3 ti\u1ebft ki\u1ec7m th\u1eddi gian ch\u1ebf bi\u1ebfn m\u00e0 v\u1eabn \u0111\u1ea3m b\u1ea3o dinh d\u01b0\u1ee1ng.<\/p>\n<p><img decoding=\"async\" class=\"wp-image-25451 aligncenter\" src=\"https:\/\/havamall.vn\/wp-content\/uploads\/2022\/02\/18ba3cd978-300x300.png\" alt=\"\" width=\"610\" height=\"609\" srcset=\"https:\/\/havamall.vn\/wp-content\/uploads\/2022\/02\/18ba3cd978-300x300.png 300w, https:\/\/havamall.vn\/wp-content\/uploads\/2022\/02\/18ba3cd978-430x430.png 430w, https:\/\/havamall.vn\/wp-content\/uploads\/2022\/02\/18ba3cd978-150x150.png 150w, https:\/\/havamall.vn\/wp-content\/uploads\/2022\/02\/18ba3cd978-700x700.png 700w, https:\/\/havamall.vn\/wp-content\/uploads\/2022\/02\/18ba3cd978-768x768.png 768w, https:\/\/havamall.vn\/wp-content\/uploads\/2022\/02\/18ba3cd978-600x600.png 600w, https:\/\/havamall.vn\/wp-content\/uploads\/2022\/02\/18ba3cd978-100x100.png 100w, https:\/\/havamall.vn\/wp-content\/uploads\/2022\/02\/18ba3cd978.png 901w\" sizes=\"(max-width: 610px) 100vw, 610px\" \/><\/p>\n<h3><strong>\u0110\u1eb7c \u0111i\u1ec3m b\u1ed5i b\u1eadt c\u1ee7a s\u1ea3n ph\u1ea9m:<\/strong><\/h3>\n<p>\u2013 Vi\u00ean gia v\u1ecb ho\u00e0nh th\u00e1nh \u00d4ng Ch\u00e0 V\u00e0 mang h\u01b0\u01a1ng v\u1ecb th\u01a1m ngon, t\u1ea1o n\u00ean s\u1ef1 h\u1ea5p d\u1eabn \u0111\u1eb7c tr\u01b0ng cho m\u00f3n ho\u00e0nh th\u00e1nh.<\/p>\n<p>\u2013 Ngo\u00e0i ra, s\u1ea3n ph\u1ea9m b\u1ed5 sung vitamin v\u00e0 c\u00e1c nguy\u00ean t\u1ed1 vi l\u01b0\u1ee3ng c\u00f3 l\u1ee3i cho s\u1ee9c kh\u1ecfe ng\u01b0\u1eddi ti\u00eau d\u00f9ng.<\/p>\n<p>\u2013 Vi\u00ean gia v\u1ecb ho\u00e0nh th\u00e1nh \u0111\u01b0\u1ee3c s\u1ea3n xu\u1ea5t theo c\u00f4ng ngh\u1ec7 hi\u1ec7n \u0111\u1ea1i k\u1ebft h\u1ee3p v\u1edbi c\u00f4ng th\u1ee9c gia truy\u1ec1n mang \u0111\u1ebfn h\u01b0\u01a1ng v\u1ecb th\u01a1m ngon cho m\u00f3n \u0103n khi ch\u1ebf bi\u1ebfn.<\/p>\n<p>\u2013 S\u1ea3n ph\u1ea9m kh\u00f4ng ch\u1ee9a c\u00e1c ch\u1ea5t b\u1ea3o qu\u1ea3n \u0111\u1ed9c h\u1ea1i, \u0111\u1ea3m b\u1ea3o an to\u00e0n s\u1ee9c kh\u1ecfe cho ng\u01b0\u1eddi d\u00f9ng.<\/p>\n<p><img decoding=\"async\" class=\"wp-image-25452 aligncenter\" src=\"https:\/\/havamall.vn\/wp-content\/uploads\/2022\/02\/5ed92460a-221x300.png\" alt=\"\" width=\"613\" height=\"833\" srcset=\"https:\/\/havamall.vn\/wp-content\/uploads\/2022\/02\/5ed92460a-221x300.png 221w, https:\/\/havamall.vn\/wp-content\/uploads\/2022\/02\/5ed92460a-430x585.png 430w, https:\/\/havamall.vn\/wp-content\/uploads\/2022\/02\/5ed92460a-150x204.png 150w, https:\/\/havamall.vn\/wp-content\/uploads\/2022\/02\/5ed92460a-700x952.png 700w, https:\/\/havamall.vn\/wp-content\/uploads\/2022\/02\/5ed92460a-768x1044.png 768w, https:\/\/havamall.vn\/wp-content\/uploads\/2022\/02\/5ed92460a-753x1024.png 753w, https:\/\/havamall.vn\/wp-content\/uploads\/2022\/02\/5ed92460a-1200x1631.png 1200w, https:\/\/havamall.vn\/wp-content\/uploads\/2022\/02\/5ed92460a-600x816.png 600w, https:\/\/havamall.vn\/wp-content\/uploads\/2022\/02\/5ed92460a.png 1280w\" sizes=\"(max-width: 613px) 100vw, 613px\" \/><\/p>\n<h3><strong>H\u01b0\u1edbng d\u1eabn s\u1eed d\u1ee5ng:<\/strong><\/h3>\n<p>-B1: M\u1ed7i vi\u00ean gia v\u1ecb cho v\u00e0o 500ml n\u01b0\u1edbc s\u00f4i ho\u1eb7c n\u01b0\u1edbc h\u1ea7m x\u01b0\u01a1ng.<\/p>\n<p>-B2: Lu\u1ed9c ch\u00edn ph\u1ea7n ho\u00e0nh th\u00e1nh \u0111\u00e3 chu\u1ea9n b\u1ecb.<\/p>\n<p>-B3: Cho th\u00eam x\u00e1 x\u00edu, th\u1ecbt heo ho\u1eb7c c\u00e1 phi l\u00ea t\u00f9y s\u1edf th\u00edch.<\/p>\n<p>-B4: C\u00f3 th\u1ec3 k\u00e8m h\u00e0nh phi, rau ng\u00f2, gi\u00e1, h\u1eb9, x\u00e0 l\u00e1ch.<\/p>\n<p>S\u1ea3n ph\u1ea9m hi\u1ec7n \u0111\u00e3 c\u00f3 m\u1eb7t t\u1ea1i Havamall.<\/p>\n<p><img loading=\"lazy\" decoding=\"async\" class=\"wp-image-25453 aligncenter\" src=\"https:\/\/havamall.vn\/wp-content\/uploads\/2022\/02\/maxresdefault-31-300x169.png\" alt=\"\" width=\"623\" height=\"351\" srcset=\"https:\/\/havamall.vn\/wp-content\/uploads\/2022\/02\/maxresdefault-31-300x169.png 300w, https:\/\/havamall.vn\/wp-content\/uploads\/2022\/02\/maxresdefault-31-430x242.png 430w, https:\/\/havamall.vn\/wp-content\/uploads\/2022\/02\/maxresdefault-31-150x84.png 150w, https:\/\/havamall.vn\/wp-content\/uploads\/2022\/02\/maxresdefault-31-700x394.png 700w, https:\/\/havamall.vn\/wp-content\/uploads\/2022\/02\/maxresdefault-31-768x432.png 768w, https:\/\/havamall.vn\/wp-content\/uploads\/2022\/02\/maxresdefault-31-1024x576.png 1024w, https:\/\/havamall.vn\/wp-content\/uploads\/2022\/02\/maxresdefault-31-1200x675.png 1200w, https:\/\/havamall.vn\/wp-content\/uploads\/2022\/02\/maxresdefault-31-600x338.png 600w, https:\/\/havamall.vn\/wp-content\/uploads\/2022\/02\/maxresdefault-31.png 1280w\" sizes=\"(max-width: 623px) 100vw, 623px\" \/><\/p>","protected":false},"excerpt":{"rendered":"<p>Ng\u00e0y nay, do t\u00ednh ch\u1ea5t c\u00f4ng vi\u1ec7c b\u1eadn r\u1ed9n m\u00e0 nhi\u1ec1u ng\u01b0\u1eddi kh\u00f4ng c\u00f3 \u0111\u1ee7 th\u1eddi gian \u0111\u1ec3 n\u1ea5u cho<\/p>","protected":false},"featured_media":25454,"comment_status":"open","ping_status":"closed","template":"","meta":[],"product_brand":[],"product_cat":[36],"product_tag":[],"class_list":{"0":"post-25449","1":"product","2":"type-product","3":"status-publish","4":"has-post-thumbnail","6":"product_cat-thuc-pham-tieu-dung","7":"pa_brand-ong-cha-va","9":"first","10":"instock","11":"sale","12":"shipping-taxable","13":"purchasable","14":"product-type-simple"},"_links":{"self":[{"href":"https:\/\/havamall.vn\/en\/wp-json\/wp\/v2\/product\/25449"}],"collection":[{"href":"https:\/\/havamall.vn\/en\/wp-json\/wp\/v2\/product"}],"about":[{"href":"https:\/\/havamall.vn\/en\/wp-json\/wp\/v2\/types\/product"}],"replies":[{"embeddable":true,"href":"https:\/\/havamall.vn\/en\/wp-json\/wp\/v2\/comments?post=25449"}],"version-history":[{"count":0,"href":"https:\/\/havamall.vn\/en\/wp-json\/wp\/v2\/product\/25449\/revisions"}],"wp:featuredmedia":[{"embeddable":true,"href":"https:\/\/havamall.vn\/en\/wp-json\/wp\/v2\/media\/25454"}],"wp:attachment":[{"href":"https:\/\/havamall.vn\/en\/wp-json\/wp\/v2\/media?parent=25449"}],"wp:term":[{"taxonomy":"product_brand","embeddable":true,"href":"https:\/\/havamall.vn\/en\/wp-json\/wp\/v2\/product_brand?post=25449"},{"taxonomy":"product_cat","embeddable":true,"href":"https:\/\/havamall.vn\/en\/wp-json\/wp\/v2\/product_cat?post=25449"},{"taxonomy":"product_tag","embeddable":true,"href":"https:\/\/havamall.vn\/en\/wp-json\/wp\/v2\/product_tag?post=25449"}],"curies":[{"name":"wp","href":"https:\/\/api.w.org\/{rel}","templated":true}]}}