{"id":25444,"date":"2022-02-18T10:32:29","date_gmt":"2022-02-18T03:32:29","guid":{"rendered":"https:\/\/havamall.vn\/?post_type=product&#038;p=25444"},"modified":"2022-02-18T10:32:29","modified_gmt":"2022-02-18T03:32:29","slug":"vien-gia-vi-canh-chua-ong-cha-va-75g-4-vien","status":"publish","type":"product","link":"https:\/\/havamall.vn\/en\/shop\/vien-gia-vi-canh-chua-ong-cha-va-75g-4-vien\/","title":{"rendered":"Vi\u00ean Gia V\u1ecb Canh Chua \u00d4ng Ch\u00e0 V\u00e0 75g (4 Vi\u00ean)"},"content":{"rendered":"<p>Ng\u00e0y nay, do t\u00ednh ch\u1ea5t c\u00f4ng vi\u1ec7c b\u1eadn r\u1ed9n m\u00e0 nhi\u1ec1u ng\u01b0\u1eddi kh\u00f4ng c\u00f3 \u0111\u1ee7 th\u1eddi gian \u0111\u1ec3 n\u1ea5u cho m\u00ecnh nh\u1eefng b\u1eefa \u0103n ngon. Hi\u1ec3u \u0111\u01b0\u1ee3c l\u00fd do \u0111\u00f3, th\u01b0\u01a1ng hi\u1ec7u\u00a0\u00d4ng Ch\u00e0 V\u00e0\u00a0\u0111\u00e3 cho ra \u0111\u1eddi d\u00f2ng s\u1ea3n ph\u1ea9m\u00a0gia v\u1ecb n\u00eam s\u1eb5n\u00a0gi\u00fap b\u1ea1n c\u00f3 th\u1ec3 d\u1ec5 d\u00e0ng ch\u1ebf bi\u1ebfn nh\u1eefng m\u00f3n \u0103n ngon.<\/p>\n<p>Trong \u0111\u00f3,\u00a0vi\u00ean gia v\u1ecb canh chua \u00d4ng Ch\u00e0 V\u00e0 h\u1ed9p 75g\u00a0l\u00e0 m\u1ed9t trong nh\u1eefng s\u1ea3n ph\u1ea9m \u0111\u01b0\u1ee3c kh\u00e1 nhi\u1ec1u ng\u01b0\u1eddi \u01b0a chu\u1ed9ng. S\u1ea3n ph\u1ea9m \u0111\u01b0\u1ee3c \u0111\u00f3ng g\u00f3i trong h\u1ed9p gi\u1ea5y ti\u1ec7n l\u1ee3i v\u00e0 sang tr\u1ecdng.<\/p>\n<p><img fetchpriority=\"high\" decoding=\"async\" class=\"wp-image-25445 aligncenter\" src=\"https:\/\/havamall.vn\/wp-content\/uploads\/2022\/02\/89347e4b-300x300.png\" alt=\"\" width=\"577\" height=\"577\" srcset=\"https:\/\/havamall.vn\/wp-content\/uploads\/2022\/02\/89347e4b-300x300.png 300w, https:\/\/havamall.vn\/wp-content\/uploads\/2022\/02\/89347e4b-430x430.png 430w, https:\/\/havamall.vn\/wp-content\/uploads\/2022\/02\/89347e4b-150x150.png 150w, https:\/\/havamall.vn\/wp-content\/uploads\/2022\/02\/89347e4b-700x700.png 700w, https:\/\/havamall.vn\/wp-content\/uploads\/2022\/02\/89347e4b-768x768.png 768w, https:\/\/havamall.vn\/wp-content\/uploads\/2022\/02\/89347e4b-600x600.png 600w, https:\/\/havamall.vn\/wp-content\/uploads\/2022\/02\/89347e4b-100x100.png 100w, https:\/\/havamall.vn\/wp-content\/uploads\/2022\/02\/89347e4b.png 901w\" sizes=\"(max-width: 577px) 100vw, 577px\" \/><\/p>\n<p>L\u00e0 s\u1ea3n ph\u1ea9m gia v\u1ecb mang t\u00ednh ti\u1ec7n d\u1ee5ng \u0111\u1ebfn t\u1eeb th\u01b0\u01a1ng hi\u1ec7u\u00a0\u00d4ng Ch\u00e0 V\u00e0.\u00a0Vi\u00ean gia v\u1ecb canh chua \u00d4ng Ch\u00e0 V\u00e0 75g\u00a0l\u00e0 lo\u1ea1i\u00a0gia v\u1ecb ho\u00e0n ch\u1ec9nh\u00a0d\u1ea1ng vi\u00ean c\u00f4 \u0111\u1eb7c t\u1eeb nh\u1eefng lo\u1ea1i nguy\u00ean li\u1ec7u t\u1ef1 nhi\u00ean, qua qu\u00e1 tr\u00ecnh \u0111un n\u1ea5u v\u00e0 \u0111\u00f3ng g\u00f3i c\u1ea9n th\u1eadn, mang \u0111\u1ebfn cho ng\u01b0\u1eddi d\u00f9ng h\u01b0\u01a1ng v\u1ecb canh chua th\u01a1m ngon, \u0111\u1eadm v\u1ecb.<\/p>\n<p>Vi\u00ean gia v\u1ecb canh chua \u00d4ng Ch\u00e0 V\u00e0 v\u1edbi th\u00e0nh ph\u1ea7n ch\u00ednh l\u00e0 \u0111\u01b0\u1eddng, h\u00e0nh t\u00e2y, rau ng\u00f2 \u00f4m, ng\u00f2 gai,me,h\u00e0nh, t\u1ecfi,\u2026 mang \u0111\u1ebfn\u00a0cho b\u1ea1n n\u1ed3i canh chua th\u01a1m ngon \u0111\u00fang chu\u1ea9n \u0111\u1ea7y \u0111\u1ee7 ch\u1ea5t dinh d\u01b0\u1ee1ng nh\u01b0ng kh\u00f4ng m\u1ea5t qu\u00e1 nhi\u1ec1u th\u1eddi gian n\u00eam n\u1ebfm.<\/p>\n<p><img decoding=\"async\" class=\"wp-image-25446 aligncenter\" src=\"https:\/\/havamall.vn\/wp-content\/uploads\/2022\/02\/maxresdefa-300x167.png\" alt=\"\" width=\"585\" height=\"326\" srcset=\"https:\/\/havamall.vn\/wp-content\/uploads\/2022\/02\/maxresdefa-300x167.png 300w, https:\/\/havamall.vn\/wp-content\/uploads\/2022\/02\/maxresdefa-430x239.png 430w, https:\/\/havamall.vn\/wp-content\/uploads\/2022\/02\/maxresdefa-150x84.png 150w, https:\/\/havamall.vn\/wp-content\/uploads\/2022\/02\/maxresdefa-700x390.png 700w, https:\/\/havamall.vn\/wp-content\/uploads\/2022\/02\/maxresdefa-768x428.png 768w, https:\/\/havamall.vn\/wp-content\/uploads\/2022\/02\/maxresdefa-1024x570.png 1024w, https:\/\/havamall.vn\/wp-content\/uploads\/2022\/02\/maxresdefa-1200x668.png 1200w, https:\/\/havamall.vn\/wp-content\/uploads\/2022\/02\/maxresdefa-600x334.png 600w, https:\/\/havamall.vn\/wp-content\/uploads\/2022\/02\/maxresdefa.png 1250w\" sizes=\"(max-width: 585px) 100vw, 585px\" \/><\/p>\n<h3><strong>\u0110\u1eb7c \u0111i\u1ec3m b\u1ed5i b\u1eadt c\u1ee7a s\u1ea3n ph\u1ea9m:<\/strong><\/h3>\n<p>\u2013 Vi\u00ean gia v\u1ecb canh chua \u00d4ng Ch\u00e0 V\u00e0 mang h\u01b0\u01a1ng v\u1ecb th\u01a1m ngon, t\u1ea1o n\u00ean s\u1ef1 h\u1ea5p d\u1eabn \u0111\u1eb7c tr\u01b0ng cho m\u00f3n canh chua.<\/p>\n<p>\u2013 Ngo\u00e0i ra, s\u1ea3n ph\u1ea9m b\u1ed5 sung vitamin v\u00e0 c\u00e1c nguy\u00ean t\u1ed1 vi l\u01b0\u1ee3ng c\u00f3 l\u1ee3i cho s\u1ee9c kh\u1ecfe ng\u01b0\u1eddi ti\u00eau d\u00f9ng.<\/p>\n<p>\u2013 Vi\u00ean gia v\u1ecb canh chua \u0111\u01b0\u1ee3c s\u1ea3n xu\u1ea5t theo c\u00f4ng ngh\u1ec7 hi\u1ec7n \u0111\u1ea1i k\u1ebft h\u1ee3p v\u1edbi c\u00f4ng th\u1ee9c gia truy\u1ec1n mang \u0111\u1ebfn h\u01b0\u01a1ng v\u1ecb th\u01a1m ngon cho m\u00f3n \u0103n khi ch\u1ebf bi\u1ebfn.<\/p>\n<p>\u2013 S\u1ea3n ph\u1ea9m kh\u00f4ng ch\u1ee9a c\u00e1c ch\u1ea5t b\u1ea3o qu\u1ea3n \u0111\u1ed9c h\u1ea1i, \u0111\u1ea3m b\u1ea3o an to\u00e0n s\u1ee9c kh\u1ecfe cho ng\u01b0\u1eddi d\u00f9ng.<\/p>\n<p><img decoding=\"async\" class=\"wp-image-25447 aligncenter\" src=\"https:\/\/havamall.vn\/wp-content\/uploads\/2022\/02\/canh-chua--300x169.png\" alt=\"\" width=\"574\" height=\"323\" srcset=\"https:\/\/havamall.vn\/wp-content\/uploads\/2022\/02\/canh-chua--300x169.png 300w, https:\/\/havamall.vn\/wp-content\/uploads\/2022\/02\/canh-chua--430x242.png 430w, https:\/\/havamall.vn\/wp-content\/uploads\/2022\/02\/canh-chua--150x84.png 150w, https:\/\/havamall.vn\/wp-content\/uploads\/2022\/02\/canh-chua--700x394.png 700w, https:\/\/havamall.vn\/wp-content\/uploads\/2022\/02\/canh-chua--768x432.png 768w, https:\/\/havamall.vn\/wp-content\/uploads\/2022\/02\/canh-chua--1024x576.png 1024w, https:\/\/havamall.vn\/wp-content\/uploads\/2022\/02\/canh-chua--1200x675.png 1200w, https:\/\/havamall.vn\/wp-content\/uploads\/2022\/02\/canh-chua--600x338.png 600w\" sizes=\"(max-width: 574px) 100vw, 574px\" \/><\/p>\n<h3><strong>H\u01b0\u1edbng d\u1eabn s\u1eed d\u1ee5ng:<\/strong><\/h3>\n<p>&#8211; B1: M\u1ed7i vi\u00ean gia v\u1ecb cho v\u00e0o 500ml n\u01b0\u1edbc s\u00f4i.<\/p>\n<p>&#8211; B2: Th\u00eam c\u00e1c lo\u1ea1i th\u1ecbt nh\u01b0 t\u00f4m ho\u1eb7c c\u00e1 v\u00e0o, n\u1ea5u \u0111\u1ebfn khi v\u1eeba ch\u00edn, Cho c\u00e1c lo\u1ea1i rau n\u1ea5u canh chua t\u00f9y th\u00edch nh\u01b0: b\u1ea1c h\u00e0, c\u00e0 chua, gi\u00e1, \u0111\u1eadu b\u1eafp, \u2026<\/p>\n<p>&#8211; B3: N\u00eam th\u00eam c\u00e1c lo\u1ea1i ng\u00f2 gai, rau om sau khi cho canh ra t\u00f4.<\/p>\n<p>S\u1ea3n ph\u1ea9m hi\u1ec7n \u0111\u00e3 c\u00f3 m\u1eb7t t\u1ea1i Havamall.<\/p>","protected":false},"excerpt":{"rendered":"<p>Ng\u00e0y nay, do t\u00ednh ch\u1ea5t c\u00f4ng vi\u1ec7c b\u1eadn r\u1ed9n m\u00e0 nhi\u1ec1u ng\u01b0\u1eddi kh\u00f4ng c\u00f3 \u0111\u1ee7 th\u1eddi gian \u0111\u1ec3 n\u1ea5u cho<\/p>","protected":false},"featured_media":25448,"comment_status":"open","ping_status":"closed","template":"","meta":[],"product_brand":[],"product_cat":[36],"product_tag":[],"class_list":{"0":"post-25444","1":"product","2":"type-product","3":"status-publish","4":"has-post-thumbnail","6":"product_cat-thuc-pham-tieu-dung","7":"pa_brand-ong-cha-va","9":"first","10":"instock","11":"sale","12":"shipping-taxable","13":"purchasable","14":"product-type-simple"},"_links":{"self":[{"href":"https:\/\/havamall.vn\/en\/wp-json\/wp\/v2\/product\/25444"}],"collection":[{"href":"https:\/\/havamall.vn\/en\/wp-json\/wp\/v2\/product"}],"about":[{"href":"https:\/\/havamall.vn\/en\/wp-json\/wp\/v2\/types\/product"}],"replies":[{"embeddable":true,"href":"https:\/\/havamall.vn\/en\/wp-json\/wp\/v2\/comments?post=25444"}],"version-history":[{"count":0,"href":"https:\/\/havamall.vn\/en\/wp-json\/wp\/v2\/product\/25444\/revisions"}],"wp:featuredmedia":[{"embeddable":true,"href":"https:\/\/havamall.vn\/en\/wp-json\/wp\/v2\/media\/25448"}],"wp:attachment":[{"href":"https:\/\/havamall.vn\/en\/wp-json\/wp\/v2\/media?parent=25444"}],"wp:term":[{"taxonomy":"product_brand","embeddable":true,"href":"https:\/\/havamall.vn\/en\/wp-json\/wp\/v2\/product_brand?post=25444"},{"taxonomy":"product_cat","embeddable":true,"href":"https:\/\/havamall.vn\/en\/wp-json\/wp\/v2\/product_cat?post=25444"},{"taxonomy":"product_tag","embeddable":true,"href":"https:\/\/havamall.vn\/en\/wp-json\/wp\/v2\/product_tag?post=25444"}],"curies":[{"name":"wp","href":"https:\/\/api.w.org\/{rel}","templated":true}]}}