{"id":25439,"date":"2022-02-18T10:11:23","date_gmt":"2022-02-18T03:11:23","guid":{"rendered":"https:\/\/havamall.vn\/?post_type=product&#038;p=25439"},"modified":"2022-02-18T10:11:23","modified_gmt":"2022-02-18T03:11:23","slug":"vien-gia-vi-pho-ga-ong-cha-va-75g-4-vien","status":"publish","type":"product","link":"https:\/\/havamall.vn\/en\/shop\/vien-gia-vi-pho-ga-ong-cha-va-75g-4-vien\/","title":{"rendered":"Vi\u00ean Gia V\u1ecb Ph\u1edf G\u00e0 \u00d4ng Ch\u00e0 V\u00e0 75g (4 Vi\u00ean)"},"content":{"rendered":"<p>\u0110\u1ec3 n\u1ea5u m\u1ed9t m\u00f3n ngon \u0111\u00fang chu\u1ea9n ng\u01b0\u1eddi Vi\u1ec7t, c\u00e1c \u0111\u1ea7u b\u1ebfp th\u01b0\u1eddng m\u1ea5t r\u1ea5t nhi\u1ec1u th\u1eddi gian, th\u1eadm ch\u00ed l\u00e0 chu\u1ea9n b\u1ecb c\u1ea3 m\u1ed9t ng\u00e0y h\u00f4m tr\u01b0\u1edbc. Nh\u01b0ng ph\u1ee5 n\u1eef hi\u1ec7n \u0111\u1ea1i, c\u00f3 qu\u00e1 nhi\u1ec1u m\u1ed1i b\u1eadn t\u00e2m, c\u00f4ng vi\u1ec7c b\u1eadn r\u1ed9n, kh\u00f4ng th\u1ec3 d\u00e0nh qu\u00e1 nhi\u1ec1u th\u1eddi gian cho n\u1ea5u n\u01b0\u1edbng.<\/p>\n<p>V\u00ec v\u1eady \u00d4ng Ch\u00e0 V\u00e0 \u0111\u00e3 cho ra \u0111\u1eddi c\u00e1c vi\u00ean gia v\u1ecb, n\u01b0\u1edbc x\u1ed1t \u01b0\u1edbp s\u1eb5n, \u0111\u1ec3 b\u1ea1n ch\u1ec9 c\u1ea7n s\u01a1 ch\u1ebf v\u00e0 b\u1ecf v\u00f4 n\u1ea5u l\u00e0 m\u00f3n \u0103n \u0111\u00e3 th\u01a1m ngon, \u0111\u00fang v\u1ecb.<\/p>\n<p><img fetchpriority=\"high\" decoding=\"async\" class=\"wp-image-25440 aligncenter\" src=\"https:\/\/havamall.vn\/wp-content\/uploads\/2022\/02\/87270d455983078b-300x300.png\" alt=\"\" width=\"683\" height=\"682\" srcset=\"https:\/\/havamall.vn\/wp-content\/uploads\/2022\/02\/87270d455983078b-300x300.png 300w, https:\/\/havamall.vn\/wp-content\/uploads\/2022\/02\/87270d455983078b-430x430.png 430w, https:\/\/havamall.vn\/wp-content\/uploads\/2022\/02\/87270d455983078b-150x150.png 150w, https:\/\/havamall.vn\/wp-content\/uploads\/2022\/02\/87270d455983078b-700x700.png 700w, https:\/\/havamall.vn\/wp-content\/uploads\/2022\/02\/87270d455983078b-768x768.png 768w, https:\/\/havamall.vn\/wp-content\/uploads\/2022\/02\/87270d455983078b-600x600.png 600w, https:\/\/havamall.vn\/wp-content\/uploads\/2022\/02\/87270d455983078b-100x100.png 100w, https:\/\/havamall.vn\/wp-content\/uploads\/2022\/02\/87270d455983078b.png 1024w\" sizes=\"(max-width: 683px) 100vw, 683px\" \/><\/p>\n<p>L\u00e0 s\u1ea3n ph\u1ea9m gia v\u1ecb mang t\u00ednh ti\u1ec7n d\u1ee5ng \u0111\u1ebfn t\u1eeb th\u01b0\u01a1ng hi\u1ec7u\u00a0\u00d4ng Ch\u00e0 V\u00e0.\u00a0Vi\u00ean gia v\u1ecb n\u1ea5u ph\u1edf g\u00e0 \u00d4ng Ch\u00e0 V\u00e0 75g\u00a0l\u00e0 lo\u1ea1i\u00a0gia v\u1ecb ho\u00e0n ch\u1ec9nh\u00a0d\u1ea1ng vi\u00ean c\u00f4 \u0111\u1eb7c t\u1eeb nh\u1eefng lo\u1ea1i nguy\u00ean li\u1ec7u t\u1ef1 nhi\u00ean, mang \u0111\u1ebfn cho ng\u01b0\u1eddi d\u00f9ng h\u01b0\u01a1ng v\u1ecb ph\u1edf g\u00e0 th\u01a1m ngon, \u0111\u00fang chu\u1ea9n.<\/p>\n<p>Vi\u00ean gia v\u1ecb ph\u1edf g\u00e0 \u00d4ng Ch\u00e0 V\u00e0 v\u1edbi th\u00e0nh ph\u1ea7n ch\u00ednh l\u00e0 n\u01b0\u1edbc c\u1ed1t x\u01b0\u01a1ng h\u1ea7m c\u00f4 \u0111\u1eb7c, c\u00e1c gia v\u1ecb n\u1ea5u ph\u1edf nh\u01b0 qu\u1ebf h\u1ed3i, \u0111inh h\u01b0\u01a1ng, tr\u1ea7n b\u00ec,\u2026 mang \u0111\u1ebfn\u00a0cho b\u1ea1n n\u1ed3i n\u01b0\u1edbc l\u00e8o ph\u1edf ng\u1ecdt thanh v\u1ecb x\u01b0\u01a1ng h\u1ea7m, \u0111\u1eadm \u0111\u00e0 m\u00f9i qu\u1ebf, th\u01a1m ngon \u0111\u00fang chu\u1ea9n\u00a0nh\u01b0 \u0111\u01b0\u1ee3c h\u1ea7m nhi\u1ec1u gi\u1edd li\u1ec1n nh\u01b0 ngo\u00e0i ti\u1ec7m.<\/p>\n<p><img decoding=\"async\" class=\"wp-image-25441 aligncenter\" src=\"https:\/\/havamall.vn\/wp-content\/uploads\/2022\/02\/maxresdefault-300x169.png\" alt=\"\" width=\"679\" height=\"383\" srcset=\"https:\/\/havamall.vn\/wp-content\/uploads\/2022\/02\/maxresdefault-300x169.png 300w, https:\/\/havamall.vn\/wp-content\/uploads\/2022\/02\/maxresdefault-430x242.png 430w, https:\/\/havamall.vn\/wp-content\/uploads\/2022\/02\/maxresdefault-150x84.png 150w, https:\/\/havamall.vn\/wp-content\/uploads\/2022\/02\/maxresdefault-700x394.png 700w, https:\/\/havamall.vn\/wp-content\/uploads\/2022\/02\/maxresdefault-768x432.png 768w, https:\/\/havamall.vn\/wp-content\/uploads\/2022\/02\/maxresdefault-1024x576.png 1024w, https:\/\/havamall.vn\/wp-content\/uploads\/2022\/02\/maxresdefault-1200x675.png 1200w, https:\/\/havamall.vn\/wp-content\/uploads\/2022\/02\/maxresdefault-600x338.png 600w, https:\/\/havamall.vn\/wp-content\/uploads\/2022\/02\/maxresdefault.png 1280w\" sizes=\"(max-width: 679px) 100vw, 679px\" \/><\/p>\n<h3><strong>\u0110\u1eb7c \u0111i\u1ec3m b\u1ed5i b\u1eadt c\u1ee7a s\u1ea3n ph\u1ea9m:<\/strong><\/h3>\n<p>\u2013 Vi\u00ean gia v\u1ecb ph\u1edf g\u00e0 \u00d4ng Ch\u00e0 V\u00e0 mang h\u01b0\u01a1ng v\u1ecb th\u01a1m ngon, t\u1ea1o n\u00ean s\u1ef1 h\u1ea5p d\u1eabn \u0111\u1eb7c tr\u01b0ng cho m\u00f3n ph\u1edf g\u00e0.<\/p>\n<p>\u2013 Ngo\u00e0i ra, s\u1ea3n ph\u1ea9m b\u1ed5 sung vitamin v\u00e0 c\u00e1c nguy\u00ean t\u1ed1 vi l\u01b0\u1ee3ng c\u00f3 l\u1ee3i cho s\u1ee9c kh\u1ecfe ng\u01b0\u1eddi ti\u00eau d\u00f9ng.<\/p>\n<p>\u2013 Vi\u00ean gia v\u1ecb ph\u1edf g\u00e0 \u0111\u01b0\u1ee3c s\u1ea3n xu\u1ea5t theo c\u00f4ng ngh\u1ec7 hi\u1ec7n \u0111\u1ea1i k\u1ebft h\u1ee3p v\u1edbi c\u00f4ng th\u1ee9c gia truy\u1ec1n mang \u0111\u1ebfn h\u01b0\u01a1ng v\u1ecb th\u01a1m ngon cho m\u00f3n \u0103n khi ch\u1ebf bi\u1ebfn.<\/p>\n<p>\u2013 S\u1ea3n ph\u1ea9m kh\u00f4ng ch\u1ee9a c\u00e1c ch\u1ea5t b\u1ea3o qu\u1ea3n \u0111\u1ed9c h\u1ea1i, \u0111\u1ea3m b\u1ea3o an to\u00e0n s\u1ee9c kh\u1ecfe cho ng\u01b0\u1eddi d\u00f9ng.<\/p>\n<p><img decoding=\"async\" class=\"wp-image-25442 aligncenter\" src=\"https:\/\/havamall.vn\/wp-content\/uploads\/2022\/02\/3b6c9f2791a163-300x300.png\" alt=\"\" width=\"686\" height=\"686\" srcset=\"https:\/\/havamall.vn\/wp-content\/uploads\/2022\/02\/3b6c9f2791a163-300x300.png 300w, https:\/\/havamall.vn\/wp-content\/uploads\/2022\/02\/3b6c9f2791a163-430x430.png 430w, https:\/\/havamall.vn\/wp-content\/uploads\/2022\/02\/3b6c9f2791a163-150x150.png 150w, https:\/\/havamall.vn\/wp-content\/uploads\/2022\/02\/3b6c9f2791a163-700x700.png 700w, https:\/\/havamall.vn\/wp-content\/uploads\/2022\/02\/3b6c9f2791a163-768x768.png 768w, https:\/\/havamall.vn\/wp-content\/uploads\/2022\/02\/3b6c9f2791a163-600x600.png 600w, https:\/\/havamall.vn\/wp-content\/uploads\/2022\/02\/3b6c9f2791a163-100x100.png 100w, https:\/\/havamall.vn\/wp-content\/uploads\/2022\/02\/3b6c9f2791a163.png 901w\" sizes=\"(max-width: 686px) 100vw, 686px\" \/><\/p>\n<h3><strong>H\u01b0\u1edbng d\u1eabn s\u1eed d\u1ee5ng:<\/strong><\/h3>\n<p>&#8211; Kh\u1ea9u ph\u1ea7n 1 ng\u01b0\u1eddi, d\u00f9ng 150g ph\u1edf t\u01b0\u01a1i ho\u1eb7c 55g ph\u1edf kh\u00f4 tu\u1ef3 th\u00edch.<\/p>\n<p>&#8211; Cho 1 vi\u00ean gia v\u1ecb v\u00e0o 500ml n\u01b0\u1edbc lu\u1ed9c g\u00e0 \u0111un s\u00f4i, \u0111un 2 &#8211; 3 ph\u00fat.<\/p>\n<p>&#8211; Cho 50g th\u1ecbt g\u00e0 lu\u1ed9c, ph\u1edf t\u01b0\u01a1i v\u00e0o n\u1ed3i, \u0111un s\u00f4i th\u00eam 1 ph\u00fat v\u00e0 d\u00f9ng v\u1edbi rau.<\/p>\n<p>&#8211; \u0110\u1ed1i v\u1edbi ph\u1edf kh\u00f4, tr\u1ee5ng v\u1edbi n\u01b0\u1edbc s\u00f4i 10 ph\u00fat, v\u1edbt ra cho v\u00e0o n\u1ed3i n\u01b0\u1edbc d\u00f9ng, c\u00f9ng v\u1edbi th\u1ecbt g\u00e0 lu\u1ed9c \u0111un s\u00f4i th\u00eam 1 ph\u00fat v\u00e0 d\u00f9ng v\u1edbi rau<\/p>\n<p>S\u1ea3n ph\u1ea9m hi\u1ec7n \u0111\u00e3 c\u00f3 m\u1eb7t t\u1ea1i Havamall.<\/p>","protected":false},"excerpt":{"rendered":"<p>\u0110\u1ec3 n\u1ea5u m\u1ed9t m\u00f3n ngon \u0111\u00fang chu\u1ea9n ng\u01b0\u1eddi Vi\u1ec7t, c\u00e1c \u0111\u1ea7u b\u1ebfp th\u01b0\u1eddng m\u1ea5t r\u1ea5t nhi\u1ec1u th\u1eddi gian, th\u1eadm ch\u00ed<\/p>","protected":false},"featured_media":25443,"comment_status":"open","ping_status":"closed","template":"","meta":[],"product_brand":[],"product_cat":[36],"product_tag":[],"class_list":{"0":"post-25439","1":"product","2":"type-product","3":"status-publish","4":"has-post-thumbnail","6":"product_cat-thuc-pham-tieu-dung","7":"pa_brand-ong-cha-va","9":"first","10":"instock","11":"sale","12":"shipping-taxable","13":"purchasable","14":"product-type-simple"},"_links":{"self":[{"href":"https:\/\/havamall.vn\/en\/wp-json\/wp\/v2\/product\/25439"}],"collection":[{"href":"https:\/\/havamall.vn\/en\/wp-json\/wp\/v2\/product"}],"about":[{"href":"https:\/\/havamall.vn\/en\/wp-json\/wp\/v2\/types\/product"}],"replies":[{"embeddable":true,"href":"https:\/\/havamall.vn\/en\/wp-json\/wp\/v2\/comments?post=25439"}],"version-history":[{"count":0,"href":"https:\/\/havamall.vn\/en\/wp-json\/wp\/v2\/product\/25439\/revisions"}],"wp:featuredmedia":[{"embeddable":true,"href":"https:\/\/havamall.vn\/en\/wp-json\/wp\/v2\/media\/25443"}],"wp:attachment":[{"href":"https:\/\/havamall.vn\/en\/wp-json\/wp\/v2\/media?parent=25439"}],"wp:term":[{"taxonomy":"product_brand","embeddable":true,"href":"https:\/\/havamall.vn\/en\/wp-json\/wp\/v2\/product_brand?post=25439"},{"taxonomy":"product_cat","embeddable":true,"href":"https:\/\/havamall.vn\/en\/wp-json\/wp\/v2\/product_cat?post=25439"},{"taxonomy":"product_tag","embeddable":true,"href":"https:\/\/havamall.vn\/en\/wp-json\/wp\/v2\/product_tag?post=25439"}],"curies":[{"name":"wp","href":"https:\/\/api.w.org\/{rel}","templated":true}]}}