{"id":25428,"date":"2022-02-17T17:34:32","date_gmt":"2022-02-17T10:34:32","guid":{"rendered":"https:\/\/havamall.vn\/?post_type=product&#038;p=25428"},"modified":"2022-02-17T17:34:32","modified_gmt":"2022-02-17T10:34:32","slug":"vien-gia-vi-bun-bo-hue-ong-cha-va-75g-4-vien","status":"publish","type":"product","link":"https:\/\/havamall.vn\/en\/shop\/vien-gia-vi-bun-bo-hue-ong-cha-va-75g-4-vien\/","title":{"rendered":"Vi\u00ean Gia V\u1ecb B\u00fan B\u00f2 Hu\u1ebf \u00d4ng Ch\u00e0 V\u00e0 75g (4 Vi\u00ean)"},"content":{"rendered":"<p>\u0110\u1ec3 n\u1ea5u m\u1ed9t m\u00f3n ngon \u0111\u00fang chu\u1ea9n ng\u01b0\u1eddi Vi\u1ec7t, c\u00e1c \u0111\u1ea7u b\u1ebfp th\u01b0\u1eddng m\u1ea5t r\u1ea5t nhi\u1ec1u th\u1eddi gian, th\u1eadm ch\u00ed l\u00e0 chu\u1ea9n b\u1ecb c\u1ea3 m\u1ed9t ng\u00e0y h\u00f4m tr\u01b0\u1edbc. Nh\u01b0ng ph\u1ee5 n\u1eef hi\u1ec7n \u0111\u1ea1i, c\u00f3 qu\u00e1 nhi\u1ec1u m\u1ed1i b\u1eadn t\u00e2m, c\u00f4ng vi\u1ec7c b\u1eadn r\u1ed9n, kh\u00f4ng th\u1ec3 d\u00e0nh qu\u00e1 nhi\u1ec1u th\u1eddi gian cho n\u1ea5u n\u01b0\u1edbng. V\u00ec v\u1eady \u00d4ng Ch\u00e0 V\u00e0 \u0111\u00e3 cho ra \u0111\u1eddi c\u00e1c vi\u00ean gia v\u1ecb, n\u01b0\u1edbc x\u1ed1t \u01b0\u1edbp s\u1eb5n, \u0111\u1ec3 b\u1ea1n ch\u1ec9 c\u1ea7n s\u01a1 ch\u1ebf v\u00e0 b\u1ecf v\u00f4 n\u1ea5u l\u00e0 m\u00f3n \u0103n \u0111\u00e3 th\u01a1m ngon, \u0111\u00fang v\u1ecb.<\/p>\n<p><img fetchpriority=\"high\" decoding=\"async\" class=\"wp-image-25429 aligncenter\" src=\"https:\/\/havamall.vn\/wp-content\/uploads\/2022\/02\/5fcac38839fc-300x300.png\" alt=\"\" width=\"586\" height=\"585\" srcset=\"https:\/\/havamall.vn\/wp-content\/uploads\/2022\/02\/5fcac38839fc-300x300.png 300w, https:\/\/havamall.vn\/wp-content\/uploads\/2022\/02\/5fcac38839fc-430x430.png 430w, https:\/\/havamall.vn\/wp-content\/uploads\/2022\/02\/5fcac38839fc-150x150.png 150w, https:\/\/havamall.vn\/wp-content\/uploads\/2022\/02\/5fcac38839fc-700x700.png 700w, https:\/\/havamall.vn\/wp-content\/uploads\/2022\/02\/5fcac38839fc-768x768.png 768w, https:\/\/havamall.vn\/wp-content\/uploads\/2022\/02\/5fcac38839fc-600x600.png 600w, https:\/\/havamall.vn\/wp-content\/uploads\/2022\/02\/5fcac38839fc-100x100.png 100w, https:\/\/havamall.vn\/wp-content\/uploads\/2022\/02\/5fcac38839fc.png 901w\" sizes=\"(max-width: 586px) 100vw, 586px\" \/><\/p>\n<p>B\u00fan b\u00f2 Hu\u1ebf\u00a0l\u00e0 m\u1ed9t trong nh\u1eefng m\u00f3n \u0103n \u0111\u1eb7c tr\u01b0ng c\u1ee7a Vi\u1ec7t Nam xu\u1ea5t ph\u00e1t t\u1eeb mi\u1ec1n Trung v\u00e0 ng\u00e0y nay r\u1ea5t ph\u1ed5 bi\u1ebfn \u1edf nhi\u1ec1u \u0111\u1ecba ph\u01b0\u01a1ng \u0111\u1ed3ng th\u1eddi \u0111\u01b0\u1ee3c du kh\u00e1ch qu\u1ed1c t\u1ebf r\u1ea5t \u01b0a chu\u1ed9ng. Anthony Bourdain m\u1ed9t \u0111\u1ea7u b\u1ebfp ki\u00eam d\u1eabn ch\u01b0\u01a1ng tr\u00ecnh th\u1ef1c t\u1ebf n\u1ed5i ti\u1ebfng t\u1ea1i M\u1ef9 \u0111\u00e3 t\u1eebng nh\u1eadn x\u00e9t B\u00fan b\u00f2 Hu\u1ebf l\u00e0 m\u00f3n s\u00fap ngon nh\u1ea5t th\u1ebf gi\u1edbi.<\/p>\n<p>\u0110\u1ec3 n\u1ea5u \u0111\u01b0\u1ee3c m\u00f3n B\u00fan b\u00f2 Hu\u1ebf truy\u1ec1n th\u1ed1ng, ng\u01b0\u1eddi n\u1ed9i tr\u1ee3 c\u1ea7n ph\u1ea3i h\u1ea7m x\u01b0\u01a1ng s\u1eed d\u1ee5ng l\u00e0m n\u01b0\u1edbc d\u00f9ng l\u00ean \u0111\u1ebfn 4 ti\u1ebfng \u0111\u1ed3ng h\u1ed3 v\u00e0 ph\u1ea3i k\u1ebft h\u1ee3p nhi\u1ec1u gia v\u1ecb. Th\u1ea5u hi\u1ec3u \u0111\u01b0\u1ee3c \u0111i\u1ec1u \u0111\u00f3, \u00d4ng Ch\u00e0 V\u00e0 \u0111\u00e3 cho ra m\u1eaft s\u1ea3n ph\u1ea9m vi\u00ean gia v\u1ecb b\u00fan b\u00f2 Hu\u1ebf. V\u1edbi s\u1ea3n ph\u1ea9m n\u00e0y,\u00a0ng\u01b0\u1eddi n\u1ed9i tr\u1ee3 ch\u1ec9 c\u1ea7n h\u00f2a g\u00f3i s\u1ea3n ph\u1ea9m v\u1edbi \u0111\u00fang li\u1ec1u l\u01b0\u1ee3ng n\u01b0\u1edbc, c\u1ea3 gia \u0111\u00ecnh s\u1ebd nhanh ch\u00f3ng \u0111\u01b0\u1ee3c th\u01b0\u1edfng th\u1ee9c m\u00f3n B\u00fan b\u00f2 Hu\u1ebf th\u01a1m ngon \u0111\u00fang v\u1ecb m\u00e0 kh\u00f4ng c\u1ea7n n\u00eam n\u1ebfm th\u00eam gia v\u1ecb, gi\u00fap ti\u1ebft ki\u1ec7m th\u1eddi gian n\u1ea5u n\u01b0\u1edbng m\u00e0 v\u1eabn \u0111em l\u1ea1i gi\u00e1 tr\u1ecb dinh d\u01b0\u1ee1ng.<\/p>\n<p><img decoding=\"async\" class=\"wp-image-25430 aligncenter\" src=\"https:\/\/havamall.vn\/wp-content\/uploads\/2022\/02\/7YHO-300x200.png\" alt=\"\" width=\"576\" height=\"385\" srcset=\"https:\/\/havamall.vn\/wp-content\/uploads\/2022\/02\/7YHO-300x200.png 300w, https:\/\/havamall.vn\/wp-content\/uploads\/2022\/02\/7YHO-430x287.png 430w, https:\/\/havamall.vn\/wp-content\/uploads\/2022\/02\/7YHO-150x100.png 150w, https:\/\/havamall.vn\/wp-content\/uploads\/2022\/02\/7YHO-700x467.png 700w, https:\/\/havamall.vn\/wp-content\/uploads\/2022\/02\/7YHO-768x512.png 768w, https:\/\/havamall.vn\/wp-content\/uploads\/2022\/02\/7YHO-1024x683.png 1024w, https:\/\/havamall.vn\/wp-content\/uploads\/2022\/02\/7YHO-1200x800.png 1200w, https:\/\/havamall.vn\/wp-content\/uploads\/2022\/02\/7YHO-600x400.png 600w, https:\/\/havamall.vn\/wp-content\/uploads\/2022\/02\/7YHO.png 1600w\" sizes=\"(max-width: 576px) 100vw, 576px\" \/><\/p>\n<p>L\u00e0 s\u1ea3n ph\u1ea9m gia v\u1ecb mang t\u00ednh ti\u1ec7n d\u1ee5ng \u0111\u1ebfn t\u1eeb th\u01b0\u01a1ng hi\u1ec7u\u00a0\u00d4ng Ch\u00e0 V\u00e0.\u00a0Vi\u00ean gia v\u1ecb n\u1ea5u b\u00fan b\u00f2 Hu\u1ebf \u00d4ng Ch\u00e0 V\u00e0 75g\u00a0l\u00e0 lo\u1ea1i\u00a0gia v\u1ecb ho\u00e0n ch\u1ec9nh\u00a0d\u1ea1ng vi\u00ean c\u00f4 \u0111\u1eb7c t\u1eeb nh\u1eefng lo\u1ea1i nguy\u00ean li\u1ec7u t\u1ef1 nhi\u00ean, mang \u0111\u1ebfn cho ng\u01b0\u1eddi d\u00f9ng h\u01b0\u01a1ng v\u1ecb b\u00fan b\u00f2 Hu\u1ebf th\u01a1m ngon, \u0111\u00fang chu\u1ea9n.<\/p>\n<p>Vi\u00ean h\u1ee7 ti\u1ebfu chay \u00d4ng Ch\u00e0 V\u00e0 c\u00f3 th\u00e0nh ph\u1ea7n t\u1ef1 nhi\u00ean nh\u01b0 t\u01b0\u01a1ng \u0111\u1eadu n\u00e0nh, ti\u00eau, mu\u1ed1i, \u0111\u01b0\u1eddng, c\u1ea3i th\u1ea3o, qu\u1ebf, h\u1ed3i, s\u1ea3\u2026\u0111\u1ea3m b\u1ea3o an to\u00e0n cho ng\u01b0\u1eddi s\u1eed d\u1ee5ng.<\/p>\n<p><img decoding=\"async\" class=\"wp-image-25431 aligncenter\" src=\"https:\/\/havamall.vn\/wp-content\/uploads\/2022\/02\/123086528-300x300.png\" alt=\"\" width=\"576\" height=\"576\" srcset=\"https:\/\/havamall.vn\/wp-content\/uploads\/2022\/02\/123086528-300x300.png 300w, https:\/\/havamall.vn\/wp-content\/uploads\/2022\/02\/123086528-430x430.png 430w, https:\/\/havamall.vn\/wp-content\/uploads\/2022\/02\/123086528-150x150.png 150w, https:\/\/havamall.vn\/wp-content\/uploads\/2022\/02\/123086528-700x700.png 700w, https:\/\/havamall.vn\/wp-content\/uploads\/2022\/02\/123086528-768x768.png 768w, https:\/\/havamall.vn\/wp-content\/uploads\/2022\/02\/123086528-1024x1024.png 1024w, https:\/\/havamall.vn\/wp-content\/uploads\/2022\/02\/123086528-1200x1200.png 1200w, https:\/\/havamall.vn\/wp-content\/uploads\/2022\/02\/123086528-600x600.png 600w, https:\/\/havamall.vn\/wp-content\/uploads\/2022\/02\/123086528-100x100.png 100w, https:\/\/havamall.vn\/wp-content\/uploads\/2022\/02\/123086528.png 1920w\" sizes=\"(max-width: 576px) 100vw, 576px\" \/><\/p>\n<h3><strong>H\u01b0\u1edbng d\u1eabn s\u1eed d\u1ee5ng:<\/strong><\/h3>\n<p>&#8211; Kh\u1ea9u ph\u1ea7n 1 ng\u01b0\u1eddi, d\u00f9ng 150g b\u00fan t\u01b0\u01a1i ho\u1eb7c 75g b\u00fan kh\u00f4 tu\u1ef3 th\u00edch.<\/p>\n<p>&#8211; Cho 1 vi\u00ean gia v\u1ecb v\u00e0o 500ml n\u01b0\u1edbc v\u00e0 70g th\u1ecbt b\u00f2 \u0111un s\u00f4i 2 &#8211; 3 ph\u00fat.<\/p>\n<p>&#8211; Cho b\u00fan t\u01b0\u01a1i v\u00e0o n\u1ed3i, \u0111un s\u00f4i th\u00eam 1 ph\u00fat v\u00e0 d\u00f9ng v\u1edbi rau. \u0110\u1ed1i v\u1edbi b\u00fan kh\u00f4, tr\u1ee5ng v\u1edbi n\u01b0\u1edbc s\u00f4i 10 ph\u00fat, v\u1edbt ra cho v\u00e0o n\u1ed3i n\u01b0\u1edbc d\u00f9ng, \u0111un s\u00f4i th\u00eam 1 ph\u00fat v\u00e0 d\u00f9ng v\u1edbi rau.<\/p>\n<p><img loading=\"lazy\" decoding=\"async\" class=\"wp-image-25432 aligncenter\" src=\"https:\/\/havamall.vn\/wp-content\/uploads\/2022\/02\/file_restaurant-300x145.png\" alt=\"\" width=\"575\" height=\"278\" srcset=\"https:\/\/havamall.vn\/wp-content\/uploads\/2022\/02\/file_restaurant-300x145.png 300w, https:\/\/havamall.vn\/wp-content\/uploads\/2022\/02\/file_restaurant-430x208.png 430w, https:\/\/havamall.vn\/wp-content\/uploads\/2022\/02\/file_restaurant-150x72.png 150w, https:\/\/havamall.vn\/wp-content\/uploads\/2022\/02\/file_restaurant-700x338.png 700w, https:\/\/havamall.vn\/wp-content\/uploads\/2022\/02\/file_restaurant-768x371.png 768w, https:\/\/havamall.vn\/wp-content\/uploads\/2022\/02\/file_restaurant-1024x495.png 1024w, https:\/\/havamall.vn\/wp-content\/uploads\/2022\/02\/file_restaurant-1200x580.png 1200w, https:\/\/havamall.vn\/wp-content\/uploads\/2022\/02\/file_restaurant-600x290.png 600w, https:\/\/havamall.vn\/wp-content\/uploads\/2022\/02\/file_restaurant.png 1242w\" sizes=\"(max-width: 575px) 100vw, 575px\" \/><\/p>\n<h3><strong>\u0110\u1eb7c \u0111i\u1ec3m b\u1ed5i b\u1eadt c\u1ee7a s\u1ea3n ph\u1ea9m:<\/strong><\/h3>\n<p>\u2013 Vi\u00ean gia v\u1ecb b\u00fan b\u00f2 Hu\u1ebf \u00d4ng Ch\u00e0 V\u00e0 mang h\u01b0\u01a1ng v\u1ecb th\u01a1m ngon, t\u1ea1o n\u00ean s\u1ef1 h\u1ea5p d\u1eabn \u0111\u1eb7c tr\u01b0ng cho m\u00f3n b\u00fan b\u00f2.<\/p>\n<p>\u2013 Ngo\u00e0i ra, s\u1ea3n ph\u1ea9m b\u1ed5 sung vitamin v\u00e0 c\u00e1c nguy\u00ean t\u1ed1 vi l\u01b0\u1ee3ng c\u00f3 l\u1ee3i cho s\u1ee9c kh\u1ecfe ng\u01b0\u1eddi ti\u00eau d\u00f9ng.<\/p>\n<p>\u2013 Vi\u00ean gia v\u1ecb b\u00fan b\u00f2 Hu\u1ebf \u0111\u01b0\u1ee3c s\u1ea3n xu\u1ea5t theo c\u00f4ng ngh\u1ec7 hi\u1ec7n \u0111\u1ea1i k\u1ebft h\u1ee3p v\u1edbi c\u00f4ng th\u1ee9c gia truy\u1ec1n mang \u0111\u1ebfn h\u01b0\u01a1ng v\u1ecb th\u01a1m ngon cho m\u00f3n \u0103n khi ch\u1ebf bi\u1ebfn.<\/p>\n<p>\u2013 S\u1ea3n ph\u1ea9m kh\u00f4ng ch\u1ee9a c\u00e1c ch\u1ea5t b\u1ea3o qu\u1ea3n \u0111\u1ed9c h\u1ea1i, \u0111\u1ea3m b\u1ea3o an to\u00e0n s\u1ee9c kh\u1ecfe cho ng\u01b0\u1eddi d\u00f9ng.<\/p>\n<p>S\u1ea3n ph\u1ea9m hi\u1ec7n \u0111\u00e3 c\u00f3 m\u1eb7t t\u1ea1i Havamall.<\/p>","protected":false},"excerpt":{"rendered":"<p>\u0110\u1ec3 n\u1ea5u m\u1ed9t m\u00f3n ngon \u0111\u00fang chu\u1ea9n ng\u01b0\u1eddi Vi\u1ec7t, c\u00e1c \u0111\u1ea7u b\u1ebfp th\u01b0\u1eddng m\u1ea5t r\u1ea5t nhi\u1ec1u th\u1eddi gian, th\u1eadm ch\u00ed<\/p>","protected":false},"featured_media":25433,"comment_status":"open","ping_status":"closed","template":"","meta":[],"product_brand":[],"product_cat":[36],"product_tag":[],"class_list":{"0":"post-25428","1":"product","2":"type-product","3":"status-publish","4":"has-post-thumbnail","6":"product_cat-thuc-pham-tieu-dung","7":"pa_brand-ong-cha-va","9":"first","10":"instock","11":"sale","12":"shipping-taxable","13":"purchasable","14":"product-type-simple"},"_links":{"self":[{"href":"https:\/\/havamall.vn\/en\/wp-json\/wp\/v2\/product\/25428"}],"collection":[{"href":"https:\/\/havamall.vn\/en\/wp-json\/wp\/v2\/product"}],"about":[{"href":"https:\/\/havamall.vn\/en\/wp-json\/wp\/v2\/types\/product"}],"replies":[{"embeddable":true,"href":"https:\/\/havamall.vn\/en\/wp-json\/wp\/v2\/comments?post=25428"}],"version-history":[{"count":0,"href":"https:\/\/havamall.vn\/en\/wp-json\/wp\/v2\/product\/25428\/revisions"}],"wp:featuredmedia":[{"embeddable":true,"href":"https:\/\/havamall.vn\/en\/wp-json\/wp\/v2\/media\/25433"}],"wp:attachment":[{"href":"https:\/\/havamall.vn\/en\/wp-json\/wp\/v2\/media?parent=25428"}],"wp:term":[{"taxonomy":"product_brand","embeddable":true,"href":"https:\/\/havamall.vn\/en\/wp-json\/wp\/v2\/product_brand?post=25428"},{"taxonomy":"product_cat","embeddable":true,"href":"https:\/\/havamall.vn\/en\/wp-json\/wp\/v2\/product_cat?post=25428"},{"taxonomy":"product_tag","embeddable":true,"href":"https:\/\/havamall.vn\/en\/wp-json\/wp\/v2\/product_tag?post=25428"}],"curies":[{"name":"wp","href":"https:\/\/api.w.org\/{rel}","templated":true}]}}