{"id":25420,"date":"2022-02-17T17:14:13","date_gmt":"2022-02-17T10:14:13","guid":{"rendered":"https:\/\/havamall.vn\/?post_type=product&#038;p=25420"},"modified":"2022-03-02T11:03:05","modified_gmt":"2022-03-02T04:03:05","slug":"vien-gia-vi-hu-tieu-chay-ong-cha-va-75g-4-vien","status":"publish","type":"product","link":"https:\/\/havamall.vn\/en\/shop\/vien-gia-vi-hu-tieu-chay-ong-cha-va-75g-4-vien\/","title":{"rendered":"Vi\u00ean Gia V\u1ecb H\u1ee7 Ti\u1ebfu Chay \u00d4ng Ch\u00e0 V\u00e0 75g (4 Vi\u00ean)"},"content":{"rendered":"<p>\u0110\u1ec3 n\u1ea5u m\u1ed9t m\u00f3n ngon \u0111\u00fang chu\u1ea9n ng\u01b0\u1eddi Vi\u1ec7t, c\u00e1c \u0111\u1ea7u b\u1ebfp th\u01b0\u1eddng m\u1ea5t r\u1ea5t nhi\u1ec1u th\u1eddi gian, th\u1eadm ch\u00ed l\u00e0 chu\u1ea9n b\u1ecb c\u1ea3 m\u1ed9t ng\u00e0y h\u00f4m tr\u01b0\u1edbc. Nh\u01b0ng ph\u1ee5 n\u1eef hi\u1ec7n \u0111\u1ea1i, c\u00f3 qu\u00e1 nhi\u1ec1u m\u1ed1i b\u1eadn t\u00e2m, c\u00f4ng vi\u1ec7c b\u1eadn r\u1ed9n, kh\u00f4ng th\u1ec3 d\u00e0nh qu\u00e1 nhi\u1ec1u th\u1eddi gian cho n\u1ea5u n\u01b0\u1edbng. V\u00ec v\u1eady \u00d4ng Ch\u00e0 V\u00e0 \u0111\u00e3 cho ra \u0111\u1eddi c\u00e1c vi\u00ean gia v\u1ecb, n\u01b0\u1edbc x\u1ed1t \u01b0\u1edbp s\u1eb5n, \u0111\u1ec3 b\u1ea1n ch\u1ec9 c\u1ea7n s\u01a1 ch\u1ebf v\u00e0 b\u1ecf v\u00f4 n\u1ea5u l\u00e0 m\u00f3n \u0103n \u0111\u00e3 th\u01a1m ngon, \u0111\u00fang v\u1ecb.<\/p>\n<p><img fetchpriority=\"high\" decoding=\"async\" class=\"wp-image-25423 aligncenter\" src=\"https:\/\/havamall.vn\/wp-content\/uploads\/2022\/02\/8ed47e9-300x300.png\" alt=\"\" width=\"609\" height=\"609\" srcset=\"https:\/\/havamall.vn\/wp-content\/uploads\/2022\/02\/8ed47e9-300x300.png 300w, https:\/\/havamall.vn\/wp-content\/uploads\/2022\/02\/8ed47e9-430x430.png 430w, https:\/\/havamall.vn\/wp-content\/uploads\/2022\/02\/8ed47e9-150x150.png 150w, https:\/\/havamall.vn\/wp-content\/uploads\/2022\/02\/8ed47e9-700x700.png 700w, https:\/\/havamall.vn\/wp-content\/uploads\/2022\/02\/8ed47e9-768x768.png 768w, https:\/\/havamall.vn\/wp-content\/uploads\/2022\/02\/8ed47e9-600x600.png 600w, https:\/\/havamall.vn\/wp-content\/uploads\/2022\/02\/8ed47e9-100x100.png 100w, https:\/\/havamall.vn\/wp-content\/uploads\/2022\/02\/8ed47e9.png 901w\" sizes=\"(max-width: 609px) 100vw, 609px\" \/><\/p>\n<p>L\u00e0 s\u1ea3n ph\u1ea9m gia v\u1ecb mang t\u00ednh ti\u1ec7n d\u1ee5ng \u0111\u1ebfn t\u1eeb th\u01b0\u01a1ng hi\u1ec7u\u00a0\u00d4ng Ch\u00e0 V\u00e0.\u00a0Vi\u00ean gia v\u1ecb n\u1ea5u h\u1ee7 ti\u1ebfu chay \u00d4ng Ch\u00e0 V\u00e0 75g\u00a0l\u00e0 lo\u1ea1i\u00a0gia v\u1ecb ho\u00e0n ch\u1ec9nh\u00a0d\u1ea1ng vi\u00ean c\u00f4 \u0111\u1eb7c t\u1eeb nh\u1eefng lo\u1ea1i nguy\u00ean li\u1ec7u t\u1ef1 nhi\u00ean, mang \u0111\u1ebfn cho ng\u01b0\u1eddi d\u00f9ng h\u01b0\u01a1ng v\u1ecb h\u1ee7 ti\u1ebfu chay th\u01a1m ngon, \u0111\u00fang chu\u1ea9n.<\/p>\n<p>Vi\u00ean h\u1ee7 ti\u1ebfu chay \u00d4ng Ch\u00e0 V\u00e0 c\u00f3 th\u00e0nh ph\u1ea7n t\u1ef1 nhi\u00ean nh\u01b0 t\u01b0\u01a1ng \u0111\u1eadu n\u00e0nh, ti\u00eau, mu\u1ed1i, \u0111\u01b0\u1eddng, c\u1ea3i th\u1ea3o, qu\u1ebf, h\u1ed3i, s\u1ea3&#8230;\u0111\u1ea3m b\u1ea3o an to\u00e0n cho ng\u01b0\u1eddi s\u1eed d\u1ee5ng.<\/p>\n<p><img decoding=\"async\" class=\"wp-image-25426 aligncenter\" src=\"https:\/\/havamall.vn\/wp-content\/uploads\/2022\/02\/cach-nau-hu-1-300x168.png\" alt=\"\" width=\"608\" height=\"341\" srcset=\"https:\/\/havamall.vn\/wp-content\/uploads\/2022\/02\/cach-nau-hu-1-300x168.png 300w, https:\/\/havamall.vn\/wp-content\/uploads\/2022\/02\/cach-nau-hu-1-430x241.png 430w, https:\/\/havamall.vn\/wp-content\/uploads\/2022\/02\/cach-nau-hu-1-150x84.png 150w, https:\/\/havamall.vn\/wp-content\/uploads\/2022\/02\/cach-nau-hu-1-700x393.png 700w, https:\/\/havamall.vn\/wp-content\/uploads\/2022\/02\/cach-nau-hu-1-768x431.png 768w, https:\/\/havamall.vn\/wp-content\/uploads\/2022\/02\/cach-nau-hu-1-1024x575.png 1024w, https:\/\/havamall.vn\/wp-content\/uploads\/2022\/02\/cach-nau-hu-1-600x337.png 600w, https:\/\/havamall.vn\/wp-content\/uploads\/2022\/02\/cach-nau-hu-1.png 1162w\" sizes=\"(max-width: 608px) 100vw, 608px\" \/><\/p>\n<h3><strong>H\u01b0\u1edbng d\u1eabn s\u1eed d\u1ee5ng:<\/strong><\/h3>\n<p>&#8211; Kh\u1ea9u ph\u1ea7n 1 ng\u01b0\u1eddi, d\u00f9ng 150g h\u1ee7 ti\u1ebfu t\u01b0\u01a1i ho\u1eb7c 60g h\u1ee7 ti\u1ebfu kh\u00f4 tu\u1ef3 th\u00edch.<\/p>\n<p>&#8211; Cho 1 vi\u00ean gia v\u1ecb v\u00e0o 500ml n\u01b0\u1edbc v\u00e0 \u0111\u1eadu h\u0169 (n\u1ebfu c\u00f3) \u0111un s\u00f4i 2 &#8211; 3 ph\u00fat.<\/p>\n<p>&#8211; Cho h\u1ee7 ti\u1ebfu t\u01b0\u01a1i v\u00e0o n\u1ed3i, \u0111un s\u00f4i th\u00eam 1 ph\u00fat v\u00e0 d\u00f9ng v\u1edbi rau. \u0110\u1ed1i v\u1edbi h\u1ee7 ti\u1ebfu kh\u00f4, tr\u1ee5ng v\u1edbi n\u01b0\u1edbc s\u00f4i 10 ph\u00fat, v\u1edbt ra cho v\u00e0o n\u1ed3i n\u01b0\u1edbc d\u00f9ng, \u0111un s\u00f4i th\u00eam 1 ph\u00fat v\u00e0 d\u00f9ng v\u1edbi rau.<\/p>\n<p><img decoding=\"async\" class=\"wp-image-25427 aligncenter\" src=\"https:\/\/havamall.vn\/wp-content\/uploads\/2022\/02\/recipe48266-1-300x169.png\" alt=\"\" width=\"597\" height=\"336\" srcset=\"https:\/\/havamall.vn\/wp-content\/uploads\/2022\/02\/recipe48266-1-300x169.png 300w, https:\/\/havamall.vn\/wp-content\/uploads\/2022\/02\/recipe48266-1-430x242.png 430w, https:\/\/havamall.vn\/wp-content\/uploads\/2022\/02\/recipe48266-1-150x84.png 150w, https:\/\/havamall.vn\/wp-content\/uploads\/2022\/02\/recipe48266-1-700x393.png 700w, https:\/\/havamall.vn\/wp-content\/uploads\/2022\/02\/recipe48266-1-768x431.png 768w, https:\/\/havamall.vn\/wp-content\/uploads\/2022\/02\/recipe48266-1-1024x575.png 1024w, https:\/\/havamall.vn\/wp-content\/uploads\/2022\/02\/recipe48266-1-1200x674.png 1200w, https:\/\/havamall.vn\/wp-content\/uploads\/2022\/02\/recipe48266-1-600x337.png 600w, https:\/\/havamall.vn\/wp-content\/uploads\/2022\/02\/recipe48266-1.png 1280w\" sizes=\"(max-width: 597px) 100vw, 597px\" \/><\/p>\n<h3><strong>\u0110\u1eb7c \u0111i\u1ec3m b\u1ed5i b\u1eadt c\u1ee7a s\u1ea3n ph\u1ea9m:<\/strong><\/h3>\n<p>\u2013 Vi\u00ean gia v\u1ecb h\u1ee7 ti\u1ebfu chay \u00d4ng Ch\u00e0 V\u00e0 mang h\u01b0\u01a1ng v\u1ecb th\u01a1m ngon, t\u1ea1o n\u00ean s\u1ef1 h\u1ea5p d\u1eabn \u0111\u1eb7c tr\u01b0ng cho m\u00f3n h\u1ee7 ti\u1ebfu.<\/p>\n<p>\u2013 Ngo\u00e0i ra, s\u1ea3n ph\u1ea9m b\u1ed5 sung vitamin v\u00e0 c\u00e1c nguy\u00ean t\u1ed1 vi l\u01b0\u1ee3ng c\u00f3 l\u1ee3i cho s\u1ee9c kh\u1ecfe ng\u01b0\u1eddi ti\u00eau d\u00f9ng.<\/p>\n<p>\u2013 Vi\u00ean gia v\u1ecb h\u1ee7 ti\u1ebfu chay \u0111\u01b0\u1ee3c s\u1ea3n xu\u1ea5t theo c\u00f4ng ngh\u1ec7 hi\u1ec7n \u0111\u1ea1i k\u1ebft h\u1ee3p v\u1edbi c\u00f4ng th\u1ee9c gia truy\u1ec1n mang \u0111\u1ebfn h\u01b0\u01a1ng v\u1ecb th\u01a1m ngon cho m\u00f3n \u0103n khi ch\u1ebf bi\u1ebfn.<\/p>\n<p>\u2013 S\u1ea3n ph\u1ea9m kh\u00f4ng ch\u1ee9a c\u00e1c ch\u1ea5t b\u1ea3o qu\u1ea3n \u0111\u1ed9c h\u1ea1i, \u0111\u1ea3m b\u1ea3o an to\u00e0n s\u1ee9c kh\u1ecfe cho ng\u01b0\u1eddi d\u00f9ng.<\/p>\n<p>S\u1ea3n ph\u1ea9m hi\u1ec7n \u0111\u00e3 c\u00f3 m\u1eb7t t\u1ea1i Havamall.<\/p>","protected":false},"excerpt":{"rendered":"<p>\u0110\u1ec3 n\u1ea5u m\u1ed9t m\u00f3n ngon \u0111\u00fang chu\u1ea9n ng\u01b0\u1eddi Vi\u1ec7t, c\u00e1c \u0111\u1ea7u b\u1ebfp th\u01b0\u1eddng m\u1ea5t r\u1ea5t nhi\u1ec1u th\u1eddi gian, th\u1eadm ch\u00ed<\/p>","protected":false},"featured_media":25422,"comment_status":"open","ping_status":"closed","template":"","meta":[],"product_brand":[],"product_cat":[496,36],"product_tag":[],"class_list":{"0":"post-25420","1":"product","2":"type-product","3":"status-publish","4":"has-post-thumbnail","6":"product_cat-thuc-pham-thuan-chay","7":"product_cat-thuc-pham-tieu-dung","8":"pa_brand-ong-cha-va","10":"first","11":"instock","12":"sale","13":"shipping-taxable","14":"purchasable","15":"product-type-simple"},"_links":{"self":[{"href":"https:\/\/havamall.vn\/en\/wp-json\/wp\/v2\/product\/25420"}],"collection":[{"href":"https:\/\/havamall.vn\/en\/wp-json\/wp\/v2\/product"}],"about":[{"href":"https:\/\/havamall.vn\/en\/wp-json\/wp\/v2\/types\/product"}],"replies":[{"embeddable":true,"href":"https:\/\/havamall.vn\/en\/wp-json\/wp\/v2\/comments?post=25420"}],"version-history":[{"count":0,"href":"https:\/\/havamall.vn\/en\/wp-json\/wp\/v2\/product\/25420\/revisions"}],"wp:featuredmedia":[{"embeddable":true,"href":"https:\/\/havamall.vn\/en\/wp-json\/wp\/v2\/media\/25422"}],"wp:attachment":[{"href":"https:\/\/havamall.vn\/en\/wp-json\/wp\/v2\/media?parent=25420"}],"wp:term":[{"taxonomy":"product_brand","embeddable":true,"href":"https:\/\/havamall.vn\/en\/wp-json\/wp\/v2\/product_brand?post=25420"},{"taxonomy":"product_cat","embeddable":true,"href":"https:\/\/havamall.vn\/en\/wp-json\/wp\/v2\/product_cat?post=25420"},{"taxonomy":"product_tag","embeddable":true,"href":"https:\/\/havamall.vn\/en\/wp-json\/wp\/v2\/product_tag?post=25420"}],"curies":[{"name":"wp","href":"https:\/\/api.w.org\/{rel}","templated":true}]}}