{"id":25415,"date":"2022-02-17T16:50:41","date_gmt":"2022-02-17T09:50:41","guid":{"rendered":"https:\/\/havamall.vn\/?post_type=product&#038;p=25415"},"modified":"2022-02-17T17:04:25","modified_gmt":"2022-02-17T10:04:25","slug":"vien-gia-vi-pho-bo-ong-cha-va-75g-4-vien","status":"publish","type":"product","link":"https:\/\/havamall.vn\/en\/shop\/vien-gia-vi-pho-bo-ong-cha-va-75g-4-vien\/","title":{"rendered":"Vi\u00ean Gia V\u1ecb Ph\u1edf B\u00f2 \u00d4ng Ch\u00e0 V\u00e0 75g (4 Vi\u00ean)"},"content":{"rendered":"<p>Khi n\u00f3i v\u1ec1 \u1ea9m th\u1ef1c Vi\u1ec7t Nam, c\u00f3 l\u1ebd ph\u1edf l\u00e0 m\u00f3n \u0103n lu\u00f4n \u0111\u01b0\u1ee3c m\u1ecdi ng\u01b0\u1eddi ngh\u0129 ngay \u0111\u1ebfn \u0111\u1ea7u ti\u00ean. Ph\u1edf b\u00f2 v\u1edbi h\u01b0\u01a1ng v\u1ecb \u0111\u1eb7c tr\u01b0ng c\u1ee7a n\u01b0\u1edbc d\u00f9ng truy\u1ec1n th\u1ed1ng k\u1ebft h\u1ee3p c\u00e1c lo\u1ea1i gia v\u1ecb lu\u00f4n mang l\u1ea1i c\u1ea3m gi\u00e1c ngon mi\u1ec7ng cho th\u1ef1c kh\u00e1ch. Tuy nhi\u00ean c\u00f3 m\u1ed9t th\u1ef1c t\u1ebf l\u00e0 vi\u1ec7c t\u1ef1 tay n\u1ea5u m\u00f3n ph\u1edf t\u1ea1i nh\u00e0 theo c\u00e1ch truy\u1ec1n th\u1ed1ng l\u00e0 th\u1eed th\u00e1ch kh\u00f4ng nh\u1ecf \u0111\u1ed1i v\u1edbi nhi\u1ec1u ng\u01b0\u1eddi v\u00ec c\u00e1ch th\u1ee9c n\u1ea5u c\u1ea7u k\u00ec v\u00e0 m\u1ea5t th\u1eddi gian l\u00ean \u0111\u1ebfn 7-8 gi\u1edd \u0111\u1ed3ng h\u1ed3 cho vi\u1ec7c n\u1ea5u n\u01b0\u1edbc d\u00f9ng. Nh\u01b0ng v\u1edbi vi\u00ean gia v\u1ecb ph\u1edf b\u00f2 \u00d4ng Ch\u00e0 V\u00e0 b\u1ea1n s\u1ebd ti\u1ebft ki\u1ec7m \u0111\u01b0\u1ee3c r\u1ea5t nhi\u1ec1u th\u1eddi gian.<\/p>\n<p><img fetchpriority=\"high\" decoding=\"async\" class=\"wp-image-25416 aligncenter\" src=\"https:\/\/havamall.vn\/wp-content\/uploads\/2022\/02\/5b270fee-300x300.png\" alt=\"\" width=\"645\" height=\"645\" srcset=\"https:\/\/havamall.vn\/wp-content\/uploads\/2022\/02\/5b270fee-300x300.png 300w, https:\/\/havamall.vn\/wp-content\/uploads\/2022\/02\/5b270fee-430x430.png 430w, https:\/\/havamall.vn\/wp-content\/uploads\/2022\/02\/5b270fee-150x150.png 150w, https:\/\/havamall.vn\/wp-content\/uploads\/2022\/02\/5b270fee-700x700.png 700w, https:\/\/havamall.vn\/wp-content\/uploads\/2022\/02\/5b270fee-768x768.png 768w, https:\/\/havamall.vn\/wp-content\/uploads\/2022\/02\/5b270fee-600x600.png 600w, https:\/\/havamall.vn\/wp-content\/uploads\/2022\/02\/5b270fee-100x100.png 100w, https:\/\/havamall.vn\/wp-content\/uploads\/2022\/02\/5b270fee.png 901w\" sizes=\"(max-width: 645px) 100vw, 645px\" \/><\/p>\n<p>Vi\u00ean gia v\u1ecb ph\u1edf b\u00f2 \u00d4g Ch\u00e0 V\u00e0 l\u00e0 s\u1ef1 k\u1ebft h\u1ee3p h\u00e0i h\u00f2a c\u1ee7a t\u1ea5t c\u1ea3 c\u00e1c lo\u1ea1i gia v\u1ecb c\u1ea7n thi\u1ebft cho m\u00f3n ph\u1edf b\u00f2. Ch\u1ec9 c\u1ea7n cho s\u1ea3n ph\u1ea9m v\u00e0o n\u01b0\u1edbc khi n\u1ea5u, th\u1eadt nhanh ch\u00f3ng v\u00e0 d\u1ec5 d\u00e0ng, b\u1ea1n s\u1ebd c\u00f3 ngay m\u00f3n l\u1ea9u \u0111u\u00f4i b\u00f2 th\u01a1m ngon, h\u00e0i h\u00f2a v\u1edbi n\u01b0\u1edbc d\u00f9ng t\u1eeb \u0111u\u00f4i v\u00e0 th\u1ecbt b\u00f2.<\/p>\n<p>V\u1edbi vi\u00ean gia v\u1ecb ph\u1edf b\u00f2 b\u1ea1n kh\u00f4ng c\u1ea7n ph\u1ea3i m\u1ea5t nhi\u1ec1u th\u1eddi \u0111\u1ec3 n\u1ea5u m\u00f3n \u0103n c\u00f4ng phu n\u00e0y. S\u1ea3n ph\u1ea9m \u0111\u01b0\u1ee3c s\u1ea3n xu\u1ea5t t\u1eeb nh\u1eefng nguy\u00ean li\u1ec7u ch\u1ecdn l\u1ecdc nh\u01b0: th\u1ea3o m\u1ed9c (g\u1eebng, qu\u1ebf, h\u1ed3i, \u0111inh h\u01b0\u01a1ng, th\u1ea3o qua), chi\u1ebft xu\u1ea5t c\u00f4 \u0111\u1eb7c (t\u1eeb th\u1ecbt b\u00f2, x\u01b0\u01a1ng b\u00f2),&#8230; \u0111em \u0111\u1ebfn h\u01b0\u01a1ng v\u1ecb th\u01a1m ngon cho m\u00f3n l\u1ea9u c\u1ee7a gia \u0111\u00ecnh. V\u1edbi vi\u00ean gia v\u1ecb ph\u1edf b\u00f2 \u00d4ng Ch\u00e0 V\u00e0 \u0111\u01b0\u1ee3c \u0111\u00f3ng h\u1ed9p nh\u1ecf, r\u1ea5t ti\u1ec7n l\u1ee3i cho m\u1ed9t l\u1ea7n s\u1eed d\u1ee5ng. Gi\u1edd \u0111\u00e2y, ch\u1ec9 c\u1ea7n s\u1eed d\u1ee5ng vi\u00ean gia v\u1ecb ph\u1edf b\u00f2 l\u00e0 gia \u0111\u00ecnh b\u1ea1n c\u00f3 th\u1ec3 t\u1eadn h\u01b0\u1edfng kh\u00f4ng kh\u00ed \u0111\u1ea7m \u1ea5m v\u1edbi m\u00f3n ph\u1edf b\u00f2 ngon nh\u01b0 \u1edf nh\u00e0 h\u00e0ng.<\/p>\n<p><img decoding=\"async\" class=\"wp-image-25417 aligncenter\" src=\"https:\/\/havamall.vn\/wp-content\/uploads\/2022\/02\/e058539-300x222.png\" alt=\"\" width=\"648\" height=\"480\" srcset=\"https:\/\/havamall.vn\/wp-content\/uploads\/2022\/02\/e058539-300x222.png 300w, https:\/\/havamall.vn\/wp-content\/uploads\/2022\/02\/e058539-430x318.png 430w, https:\/\/havamall.vn\/wp-content\/uploads\/2022\/02\/e058539-150x111.png 150w, https:\/\/havamall.vn\/wp-content\/uploads\/2022\/02\/e058539-700x517.png 700w, https:\/\/havamall.vn\/wp-content\/uploads\/2022\/02\/e058539-768x568.png 768w, https:\/\/havamall.vn\/wp-content\/uploads\/2022\/02\/e058539.png 1024w, https:\/\/havamall.vn\/wp-content\/uploads\/2022\/02\/e058539-600x444.png 600w\" sizes=\"(max-width: 648px) 100vw, 648px\" \/><\/p>\n<h3><strong>\u0110\u1eb7c \u0111i\u1ec3m n\u1ed5i b\u1eadt c\u1ee7a s\u1ea3n ph\u1ea9m:<\/strong><\/h3>\n<p>&#8211; Vi\u00ean gia v\u1ecb ph\u1edf b\u00f2 Nosa food\u00a0l\u00e0 s\u1ea3n ph\u1ea9m ti\u1ec7n d\u1ee5ng, t\u00edch h\u1ee3p c\u00e1c gia v\u1ecb\u00a0\u0111\u1ea7y \u0111\u1ee7 cho m\u00f3n n\u01b0\u1edbc d\u00f9ng ph\u1edf b\u00f2.<\/p>\n<p>&#8211; S\u1ea3n ph\u1ea9m gi\u00fap cho b\u1ea1n d\u1ec5 d\u00e0ng n\u1ea5u m\u00f3n ph\u1edf b\u00f2 th\u01a1m ngon m\u00e0 kh\u00f4ng m\u1ea5t nhi\u1ec1u th\u1eddi gian n\u00eam n\u1ebfm.<\/p>\n<p>&#8211; V\u1edbi vi\u00ean gia v\u1ecb n\u00e0y,\u00a0n\u01b0\u1edbc d\u00f9ng ph\u1edf b\u00f2 s\u1ebd\u00a0\u0111\u1eadm \u0111\u00e0, ng\u1ecdt t\u1ef1 nhi\u00ean, cho b\u1ea1n t\u00f4 ph\u1edf b\u00f2\u00a0th\u01a1m ngon h\u1ea5p d\u1eabn \u0111\u1ebfn mi\u1ebfng cu\u1ed1i c\u00f9ng.<\/p>\n<p>&#8211; S\u1ea3n ph\u1ea9m kh\u00f4ng ch\u1ee9a ch\u1ea5t b\u1ea3o qu\u1ea3n, l\u00e0m t\u1eeb nguy\u00ean li\u1ec7u thi\u00ean nhi\u00ean, \u0111\u1ea3m b\u1ea3o an to\u00e0n s\u1ee9c kh\u1ecfe cho ng\u01b0\u1eddi ti\u00eau d\u00f9ng.<\/p>\n<p><img decoding=\"async\" class=\"wp-image-25418 aligncenter\" src=\"https:\/\/havamall.vn\/wp-content\/uploads\/2022\/02\/Thumbnail-vien--300x146.png\" alt=\"\" width=\"608\" height=\"296\" srcset=\"https:\/\/havamall.vn\/wp-content\/uploads\/2022\/02\/Thumbnail-vien--300x146.png 300w, https:\/\/havamall.vn\/wp-content\/uploads\/2022\/02\/Thumbnail-vien--430x210.png 430w, https:\/\/havamall.vn\/wp-content\/uploads\/2022\/02\/Thumbnail-vien--150x73.png 150w, https:\/\/havamall.vn\/wp-content\/uploads\/2022\/02\/Thumbnail-vien--700x341.png 700w, https:\/\/havamall.vn\/wp-content\/uploads\/2022\/02\/Thumbnail-vien--768x374.png 768w, https:\/\/havamall.vn\/wp-content\/uploads\/2022\/02\/Thumbnail-vien--600x293.png 600w, https:\/\/havamall.vn\/wp-content\/uploads\/2022\/02\/Thumbnail-vien-.png 800w\" sizes=\"(max-width: 608px) 100vw, 608px\" \/><\/p>\n<h3><strong>H\u01b0\u1edbng d\u1eabn s\u1eed d\u1ee5ng<\/strong><\/h3>\n<p>&#8211; Kh\u1ea9u ph\u1ea7n 1 ng\u01b0\u1eddi: 1 vi\u00ean gia v\u1ecb ho\u00e0 tan trong 500ml n\u01b0\u1edbc, sau \u0111\u00f3 \u0111un s\u00f4i t\u1eeb 2 \u2013 3 ph\u00fat.<\/p>\n<p>&#8211; N\u01b0\u1edbc l\u00e8o c\u00f3 m\u00f9i th\u01a1m th\u00ec cho b\u00e1nh ph\u1edf, th\u1ecbt b\u00f2 v\u00e0o n\u1ea5u s\u00f4i l\u1ea1i l\u00e0 d\u00f9ng \u0111\u01b0\u1ee3c.<\/p>\n<p>S\u1ea3n ph\u1ea9m hi\u1ec7n \u0111\u00e3 c\u00f3 m\u1eb7t t\u1ea1i Havamall.<\/p>","protected":false},"excerpt":{"rendered":"<p>Khi n\u00f3i v\u1ec1 \u1ea9m th\u1ef1c Vi\u1ec7t Nam, c\u00f3 l\u1ebd ph\u1edf l\u00e0 m\u00f3n \u0103n lu\u00f4n \u0111\u01b0\u1ee3c m\u1ecdi ng\u01b0\u1eddi ngh\u0129 ngay \u0111\u1ebfn<\/p>","protected":false},"featured_media":25419,"comment_status":"open","ping_status":"closed","template":"","meta":[],"product_brand":[],"product_cat":[36],"product_tag":[],"class_list":{"0":"post-25415","1":"product","2":"type-product","3":"status-publish","4":"has-post-thumbnail","6":"product_cat-thuc-pham-tieu-dung","7":"pa_brand-ong-cha-va","9":"first","10":"instock","11":"sale","12":"shipping-taxable","13":"purchasable","14":"product-type-simple"},"_links":{"self":[{"href":"https:\/\/havamall.vn\/en\/wp-json\/wp\/v2\/product\/25415"}],"collection":[{"href":"https:\/\/havamall.vn\/en\/wp-json\/wp\/v2\/product"}],"about":[{"href":"https:\/\/havamall.vn\/en\/wp-json\/wp\/v2\/types\/product"}],"replies":[{"embeddable":true,"href":"https:\/\/havamall.vn\/en\/wp-json\/wp\/v2\/comments?post=25415"}],"version-history":[{"count":0,"href":"https:\/\/havamall.vn\/en\/wp-json\/wp\/v2\/product\/25415\/revisions"}],"wp:featuredmedia":[{"embeddable":true,"href":"https:\/\/havamall.vn\/en\/wp-json\/wp\/v2\/media\/25419"}],"wp:attachment":[{"href":"https:\/\/havamall.vn\/en\/wp-json\/wp\/v2\/media?parent=25415"}],"wp:term":[{"taxonomy":"product_brand","embeddable":true,"href":"https:\/\/havamall.vn\/en\/wp-json\/wp\/v2\/product_brand?post=25415"},{"taxonomy":"product_cat","embeddable":true,"href":"https:\/\/havamall.vn\/en\/wp-json\/wp\/v2\/product_cat?post=25415"},{"taxonomy":"product_tag","embeddable":true,"href":"https:\/\/havamall.vn\/en\/wp-json\/wp\/v2\/product_tag?post=25415"}],"curies":[{"name":"wp","href":"https:\/\/api.w.org\/{rel}","templated":true}]}}