{"id":25409,"date":"2022-02-17T16:26:11","date_gmt":"2022-02-17T09:26:11","guid":{"rendered":"https:\/\/havamall.vn\/?post_type=product&#038;p=25409"},"modified":"2022-02-17T17:04:40","modified_gmt":"2022-02-17T10:04:40","slug":"vien-gia-vi-hu-tieu-nam-vang-ong-cha-va-75g","status":"publish","type":"product","link":"https:\/\/havamall.vn\/en\/shop\/vien-gia-vi-hu-tieu-nam-vang-ong-cha-va-75g\/","title":{"rendered":"Vi\u00ean Gia V\u1ecb H\u1ee7 Ti\u1ebfu Nam Vang \u00d4ng Ch\u00e0 V\u00e0 75g"},"content":{"rendered":"<p>L\u00e0 s\u1ea3n ph\u1ea9m gia v\u1ecb mang t\u00ednh ti\u1ec7n d\u1ee5ng \u0111\u1ebfn t\u1eeb th\u01b0\u01a1ng hi\u1ec7u\u00a0\u00d4ng Ch\u00e0 V\u00e0.\u00a0Vi\u00ean gia v\u1ecb n\u1ea5u h\u1ee7 ti\u1ebfu Nam Vang \u00d4ng Ch\u00e0 V\u00e0 Gold h\u1ed9p 75g\u00a0l\u00e0 lo\u1ea1i\u00a0gia v\u1ecb ho\u00e0n ch\u1ec9nh\u00a0d\u1ea1ng vi\u00ean c\u00f4 \u0111\u1eb7c t\u1eeb nh\u1eefng lo\u1ea1i nguy\u00ean li\u1ec7u t\u1ef1 nhi\u00ean, mang \u0111\u1ebfn cho ng\u01b0\u1eddi d\u00f9ng h\u01b0\u01a1ng v\u1ecb h\u1ee7 ti\u1ebfu Nam Vang th\u01a1m ngon, \u0111\u00fang chu\u1ea9n.<\/p>\n<p>S\u1ea3n ph\u1ea9m gi\u00fap cho b\u1ea1n d\u1ec5 d\u00e0ng n\u1ea5u m\u00f3n h\u1ee7 ti\u1ebfu nam vang th\u01a1m ngon m\u00e0 kh\u00f4ng l\u00e0m m\u1ea5t nhi\u1ec1u th\u1eddi gian n\u00eam n\u1ebfm. V\u1edbi vi\u00ean gia v\u1ecb n\u00e0y, l\u00e0m cho m\u00f3n h\u1ee7 ti\u1ebfu nam vang s\u1ebd \u0111\u1eadm \u0111\u00e0, ng\u1ecdt t\u1ef1 nhi\u00ean, th\u01a1m ngon h\u1ea5p d\u1eabn \u0111\u1ebfn mi\u1ebfng cu\u1ed1i c\u00f9ng.<\/p>\n<p><img fetchpriority=\"high\" decoding=\"async\" class=\"wp-image-25411 aligncenter\" src=\"https:\/\/havamall.vn\/wp-content\/uploads\/2022\/02\/117717150-252x300.png\" alt=\"\" width=\"629\" height=\"749\" srcset=\"https:\/\/havamall.vn\/wp-content\/uploads\/2022\/02\/117717150-252x300.png 252w, https:\/\/havamall.vn\/wp-content\/uploads\/2022\/02\/117717150-430x513.png 430w, https:\/\/havamall.vn\/wp-content\/uploads\/2022\/02\/117717150-150x179.png 150w, https:\/\/havamall.vn\/wp-content\/uploads\/2022\/02\/117717150-700x834.png 700w, https:\/\/havamall.vn\/wp-content\/uploads\/2022\/02\/117717150-768x915.png 768w, https:\/\/havamall.vn\/wp-content\/uploads\/2022\/02\/117717150-859x1024.png 859w, https:\/\/havamall.vn\/wp-content\/uploads\/2022\/02\/117717150-600x715.png 600w, https:\/\/havamall.vn\/wp-content\/uploads\/2022\/02\/117717150.png 1125w\" sizes=\"(max-width: 629px) 100vw, 629px\" \/><\/p>\n<p>Gia v\u1ecb ti\u1ec7n l\u1ee3i n\u00e0y c\u00f3 th\u1ec3 \u0111\u01b0\u1ee3c xem l\u00e0 m\u00f3n b\u1ea3o b\u1ed1i \u0111\u1eafc l\u1ef1c cho c\u0103n b\u1ebfp gia \u0111\u00ecnh b\u1ea1n gi\u00fap \u0111\u1ed5i v\u1ecb m\u1ed9t c\u00e1ch nhanh ch\u00f3ng nh\u01b0ng l\u1ea1i \u0111\u1ea7y \u0111\u1ee7 t\u1ea5t c\u1ea3 th\u00e0nh ph\u1ea7n c\u1ea7n thi\u1ebft, v\u1eeba ti\u1ebft ki\u1ec7m \u0111\u01b0\u1ee3c th\u1eddi gian, c\u00f4ng s\u1ee9c, l\u1ea1i v\u1eeba th\u01a1m ngon nh\u01b0 m\u1ed9t n\u1ed3i h\u1ee7 ti\u1ebfu Nam Vang \u0111\u01b0\u1ee3c chu\u1ea9n b\u1ecb c\u00f4ng phu.<\/p>\n<p>Vi\u00ean gia v\u1ecb h\u1ee7 ti\u1ebfu Nam Vang \u00d4ng Ch\u00e0 V\u00e0 quen thu\u1ed9c trong m\u1ed7i gia \u0111\u00ecnh Vi\u1ec7t Nam. Vi\u00ean gia v\u1ecb mang \u0111\u1ebfn m\u00f3n h\u1ee7 ti\u1ebfu Nam Vang th\u01a1m ngon, \u0111\u1eadm \u0111\u00e0 h\u01b0\u01a1ng v\u1ecb nguy\u00ean b\u1ea3n m\u1ed9t c\u00e1ch nhanh ch\u00f3ng, gi\u00fap c\u00e1c b\u00e0 n\u1ed9i tr\u1ee3 ti\u1ebft ki\u1ec7m th\u1eddi gian ch\u1ebf bi\u1ebfn m\u00e0 v\u1eabn \u0111\u1ea3m b\u1ea3o dinh d\u01b0\u1ee1ng.<\/p>\n<p><img decoding=\"async\" class=\"wp-image-25412 aligncenter\" src=\"https:\/\/havamall.vn\/wp-content\/uploads\/2022\/02\/img_2631-300x200.png\" alt=\"\" width=\"638\" height=\"425\" srcset=\"https:\/\/havamall.vn\/wp-content\/uploads\/2022\/02\/img_2631-300x200.png 300w, https:\/\/havamall.vn\/wp-content\/uploads\/2022\/02\/img_2631-430x287.png 430w, https:\/\/havamall.vn\/wp-content\/uploads\/2022\/02\/img_2631-150x100.png 150w, https:\/\/havamall.vn\/wp-content\/uploads\/2022\/02\/img_2631-700x467.png 700w, https:\/\/havamall.vn\/wp-content\/uploads\/2022\/02\/img_2631-768x512.png 768w, https:\/\/havamall.vn\/wp-content\/uploads\/2022\/02\/img_2631-1024x683.png 1024w, https:\/\/havamall.vn\/wp-content\/uploads\/2022\/02\/img_2631-1200x800.png 1200w, https:\/\/havamall.vn\/wp-content\/uploads\/2022\/02\/img_2631-600x400.png 600w, https:\/\/havamall.vn\/wp-content\/uploads\/2022\/02\/img_2631.png 2048w\" sizes=\"(max-width: 638px) 100vw, 638px\" \/><\/p>\n<h3><strong>\u0110\u1eb7c \u0111i\u1ec3m b\u1ed5i b\u1eadt c\u1ee7a s\u1ea3n ph\u1ea9m:<\/strong><\/h3>\n<p>\u2013 Vi\u00ean gia v\u1ecb h\u1ee7 ti\u1ebfu Nam Vang \u00d4ng Ch\u00e0 V\u00e0 mang h\u01b0\u01a1ng v\u1ecb th\u01a1m ngon, t\u1ea1o n\u00ean s\u1ef1 h\u1ea5p d\u1eabn \u0111\u1eb7c tr\u01b0ng cho m\u00f3n h\u1ee7 ti\u1ebfu.<\/p>\n<p>\u2013 Ngo\u00e0i ra, s\u1ea3n ph\u1ea9m b\u1ed5 sung vitamin v\u00e0 c\u00e1c nguy\u00ean t\u1ed1 vi l\u01b0\u1ee3ng c\u00f3 l\u1ee3i cho s\u1ee9c kh\u1ecfe ng\u01b0\u1eddi ti\u00eau d\u00f9ng.<\/p>\n<p>\u2013 Vi\u00ean gia v\u1ecb h\u1ee7 ti\u1ebfu Nam Vang \u0111\u01b0\u1ee3c s\u1ea3n xu\u1ea5t theo c\u00f4ng ngh\u1ec7 hi\u1ec7n \u0111\u1ea1i k\u1ebft h\u1ee3p v\u1edbi c\u00f4ng th\u1ee9c gia truy\u1ec1n mang \u0111\u1ebfn h\u01b0\u01a1ng v\u1ecb th\u01a1m ngon cho m\u00f3n \u0103n khi ch\u1ebf bi\u1ebfn.<\/p>\n<p>\u2013 S\u1ea3n ph\u1ea9m kh\u00f4ng ch\u1ee9a c\u00e1c ch\u1ea5t b\u1ea3o qu\u1ea3n \u0111\u1ed9c h\u1ea1i, \u0111\u1ea3m b\u1ea3o an to\u00e0n s\u1ee9c kh\u1ecfe cho ng\u01b0\u1eddi d\u00f9ng.<\/p>\n<p><img decoding=\"async\" class=\"wp-image-25413 aligncenter\" src=\"https:\/\/havamall.vn\/wp-content\/uploads\/2022\/02\/13873333-300x265.png\" alt=\"\" width=\"627\" height=\"554\" srcset=\"https:\/\/havamall.vn\/wp-content\/uploads\/2022\/02\/13873333-300x265.png 300w, https:\/\/havamall.vn\/wp-content\/uploads\/2022\/02\/13873333-430x380.png 430w, https:\/\/havamall.vn\/wp-content\/uploads\/2022\/02\/13873333-150x133.png 150w, https:\/\/havamall.vn\/wp-content\/uploads\/2022\/02\/13873333-700x618.png 700w, https:\/\/havamall.vn\/wp-content\/uploads\/2022\/02\/13873333-768x678.png 768w, https:\/\/havamall.vn\/wp-content\/uploads\/2022\/02\/13873333-600x530.png 600w, https:\/\/havamall.vn\/wp-content\/uploads\/2022\/02\/13873333.png 901w\" sizes=\"(max-width: 627px) 100vw, 627px\" \/><\/p>\n<h3><strong>H\u01b0\u1edbng d\u1eabn s\u1eed d\u1ee5ng:<\/strong><\/h3>\n<p>&#8211; Kh\u1ea9u ph\u1ea7n 1 ng\u01b0\u1eddi, d\u00f9ng 150g h\u1ee7 ti\u1ebfu t\u01b0\u01a1i ho\u1eb7c 60g h\u1ee7 ti\u1ebfu kh\u00f4 tu\u1ef3 th\u00edch.<\/p>\n<p>&#8211; Cho 1 vi\u00ean gia v\u1ecb v\u00e0o 500ml n\u01b0\u1edbc v\u00e0 70g th\u1ecbt heo \u0111un s\u00f4i 2 &#8211; 3 ph\u00fat.<\/p>\n<p>&#8211; Cho h\u1ee7 ti\u1ebfu t\u01b0\u01a1i v\u00e0o n\u1ed3i, \u0111un s\u00f4i th\u00eam 1 ph\u00fat v\u00e0 d\u00f9ng v\u1edbi rau.<\/p>\n<p>&#8211; \u0110\u1ed1i v\u1edbi h\u1ee7 ti\u1ebfu kh\u00f4, tr\u1ee5ng v\u1edbi n\u01b0\u1edbc s\u00f4i 10 ph\u00fat, v\u1edbt ra cho v\u00e0o n\u1ed3i n\u01b0\u1edbc d\u00f9ng, \u0111un s\u00f4i th\u00eam 1 ph\u00fat v\u00e0 d\u00f9ng v\u1edbi rau.<\/p>\n<p>S\u1ea3n ph\u1ea9m hi\u1ec7n \u0111\u00e3 c\u00f3 m\u1eb7t t\u1ea1i Havamall.<\/p>","protected":false},"excerpt":{"rendered":"<p>L\u00e0 s\u1ea3n ph\u1ea9m gia v\u1ecb mang t\u00ednh ti\u1ec7n d\u1ee5ng \u0111\u1ebfn t\u1eeb th\u01b0\u01a1ng hi\u1ec7u\u00a0\u00d4ng Ch\u00e0 V\u00e0.\u00a0Vi\u00ean gia v\u1ecb n\u1ea5u h\u1ee7 ti\u1ebfu<\/p>","protected":false},"featured_media":25414,"comment_status":"open","ping_status":"closed","template":"","meta":[],"product_brand":[],"product_cat":[36],"product_tag":[],"class_list":{"0":"post-25409","1":"product","2":"type-product","3":"status-publish","4":"has-post-thumbnail","6":"product_cat-thuc-pham-tieu-dung","7":"pa_brand-ong-cha-va","9":"first","10":"instock","11":"sale","12":"shipping-taxable","13":"purchasable","14":"product-type-simple"},"_links":{"self":[{"href":"https:\/\/havamall.vn\/en\/wp-json\/wp\/v2\/product\/25409"}],"collection":[{"href":"https:\/\/havamall.vn\/en\/wp-json\/wp\/v2\/product"}],"about":[{"href":"https:\/\/havamall.vn\/en\/wp-json\/wp\/v2\/types\/product"}],"replies":[{"embeddable":true,"href":"https:\/\/havamall.vn\/en\/wp-json\/wp\/v2\/comments?post=25409"}],"version-history":[{"count":0,"href":"https:\/\/havamall.vn\/en\/wp-json\/wp\/v2\/product\/25409\/revisions"}],"wp:featuredmedia":[{"embeddable":true,"href":"https:\/\/havamall.vn\/en\/wp-json\/wp\/v2\/media\/25414"}],"wp:attachment":[{"href":"https:\/\/havamall.vn\/en\/wp-json\/wp\/v2\/media?parent=25409"}],"wp:term":[{"taxonomy":"product_brand","embeddable":true,"href":"https:\/\/havamall.vn\/en\/wp-json\/wp\/v2\/product_brand?post=25409"},{"taxonomy":"product_cat","embeddable":true,"href":"https:\/\/havamall.vn\/en\/wp-json\/wp\/v2\/product_cat?post=25409"},{"taxonomy":"product_tag","embeddable":true,"href":"https:\/\/havamall.vn\/en\/wp-json\/wp\/v2\/product_tag?post=25409"}],"curies":[{"name":"wp","href":"https:\/\/api.w.org\/{rel}","templated":true}]}}