{"id":25404,"date":"2022-02-17T16:06:08","date_gmt":"2022-02-17T09:06:08","guid":{"rendered":"https:\/\/havamall.vn\/?post_type=product&#038;p=25404"},"modified":"2024-08-29T14:44:46","modified_gmt":"2024-08-29T07:44:46","slug":"vien-gia-vi-bun-rieu-cua-ong-cha-va-75g-4-vien","status":"publish","type":"product","link":"https:\/\/havamall.vn\/en\/shop\/vien-gia-vi-bun-rieu-cua-ong-cha-va-75g-4-vien\/","title":{"rendered":"Vi\u00ean Gia V\u1ecb B\u00fan Ri\u00eau Cua \u00d4ng Ch\u00e0 V\u00e0 75g (4 Vi\u00ean)"},"content":{"rendered":"<p>\u00d4ng Ch\u00e0 V\u00e0\u00a0l\u00e0 th\u01b0\u01a1ng hi\u1ec7u quen thu\u1ed9c \u0111\u1ed1i v\u1edbi ng\u01b0\u1eddi ti\u00eau d\u00f9ng Vi\u1ec7t Nam v\u1edbi c\u00e1c lo\u1ea1i gia v\u1ecb truy\u1ec1n th\u1ed1ng, \u0111\u1eadm m\u00f9i nh\u01b0\u00a0gia v\u1ecb c\u00e0 ri, b\u00f2 kho.\u00a0Vi\u00ean gia v\u1ecb n\u1ea5u b\u00fan ri\u00eau cua \u00d4ng Ch\u00e0 V\u00e0 75 vi\u00ean\u00a0l\u00e0 lo\u1ea1i gia v\u1ecb d\u1ea1ng vi\u00ean c\u00f4 \u0111\u1eb7c, gi\u00fap n\u01b0\u1edbc d\u00f9ng c\u1ee7a m\u00f3n b\u00f2 kho \u0111\u1eadm \u0111\u00e0, th\u01a1m ngon v\u00e0 \u0111\u00fang chu\u1ea9n h\u01a1n.<\/p>\n<p>\u0110\u01b0\u1ee3c ch\u1ebf bi\u1ebfn t\u1eeb nguy\u00ean li\u1ec7u \u0111\u00e3 qua ch\u1ecdn l\u1ecdc k\u0129 l\u01b0\u1ee1ng c\u00f9ng c\u00f4ng th\u1ee9c \u0111\u1eb7c bi\u1ec7t, mang t\u1edbi h\u01b0\u01a1ng v\u1ecb b\u00fan ri\u00eau cua truy\u1ec1n th\u1ed1ng th\u01a1m n\u1ed3ng k\u00edch th\u00edch v\u1ecb gi\u00e1c c\u0169ng nh\u01b0 \u0111\u1ea3m b\u1ea3o an to\u00e0n cho s\u1ee9c kh\u1ecfe,\u00a0gi\u00fap ng\u01b0\u1eddi n\u1ed9i tr\u1ee3 ti\u1ebft ki\u1ec7m \u0111\u01b0\u1ee3c th\u1eddi gian c\u0169ng nh\u01b0 chi ph\u00ed d\u00e0nh cho vi\u1ec7c n\u1ea5u n\u01b0\u1edbng.<\/p>\n<p><img fetchpriority=\"high\" decoding=\"async\" class=\"wp-image-25406 aligncenter\" src=\"https:\/\/havamall.vn\/wp-content\/uploads\/2022\/02\/20414066-300x209.png\" alt=\"\" width=\"634\" height=\"442\" srcset=\"https:\/\/havamall.vn\/wp-content\/uploads\/2022\/02\/20414066-300x209.png 300w, https:\/\/havamall.vn\/wp-content\/uploads\/2022\/02\/20414066-430x299.png 430w, https:\/\/havamall.vn\/wp-content\/uploads\/2022\/02\/20414066-150x104.png 150w, https:\/\/havamall.vn\/wp-content\/uploads\/2022\/02\/20414066-700x487.png 700w, https:\/\/havamall.vn\/wp-content\/uploads\/2022\/02\/20414066-768x534.png 768w, https:\/\/havamall.vn\/wp-content\/uploads\/2022\/02\/20414066-1024x713.png 1024w, https:\/\/havamall.vn\/wp-content\/uploads\/2022\/02\/20414066-220x154.png 220w, https:\/\/havamall.vn\/wp-content\/uploads\/2022\/02\/20414066-1200x835.png 1200w, https:\/\/havamall.vn\/wp-content\/uploads\/2022\/02\/20414066-600x418.png 600w, https:\/\/havamall.vn\/wp-content\/uploads\/2022\/02\/20414066.png 1868w\" sizes=\"(max-width: 634px) 100vw, 634px\" \/><\/p>\n<p>L\u00e0 s\u1ea3n ph\u1ea9m gia v\u1ecb mang t\u00ednh ti\u1ec7n d\u1ee5ng \u0111\u1ebfn t\u1eeb th\u01b0\u01a1ng hi\u1ec7u\u00a0\u00d4ng Ch\u00e0 V\u00e0.\u00a0Vi\u00ean gia v\u1ecb n\u1ea5u b\u00fan ri\u00eau cua \u00d4ng Ch\u00e0 V\u00e0 Gold h\u1ed9p 75g\u00a0l\u00e0 lo\u1ea1i\u00a0gia v\u1ecb ho\u00e0n ch\u1ec9nh\u00a0d\u1ea1ng vi\u00ean c\u00f4 \u0111\u1eb7c t\u1eeb nh\u1eefng lo\u1ea1i nguy\u00ean li\u1ec7u t\u1ef1 nhi\u00ean, mang \u0111\u1ebfn cho ng\u01b0\u1eddi d\u00f9ng h\u01b0\u01a1ng v\u1ecb b\u00fan ri\u00eau cua th\u01a1m ngon, \u0111\u00fang chu\u1ea9n.<\/p>\n<p>Gia v\u1ecb ti\u1ec7n l\u1ee3i n\u00e0y c\u00f3 th\u1ec3 \u0111\u01b0\u1ee3c xem l\u00e0 m\u00f3n b\u1ea3o b\u1ed1i \u0111\u1eafc l\u1ef1c cho c\u0103n b\u1ebfp gia \u0111\u00ecnh b\u1ea1n gi\u00fap \u0111\u1ed5i v\u1ecb m\u1ed9t c\u00e1ch nhanh ch\u00f3ng nh\u01b0ng l\u1ea1i \u0111\u1ea7y \u0111\u1ee7 t\u1ea5t c\u1ea3 th\u00e0nh ph\u1ea7n c\u1ea7n thi\u1ebft, v\u1eeba ti\u1ebft ki\u1ec7m \u0111\u01b0\u1ee3c th\u1eddi gian, c\u00f4ng s\u1ee9c, l\u1ea1i v\u1eeba th\u01a1m ngon nh\u01b0 m\u1ed9t n\u1ed3i b\u00fan ri\u00eau \u0111\u01b0\u1ee3c chu\u1ea9n b\u1ecb c\u00f4ng phu.<\/p>\n<p>Vi\u00ean gia v\u1ecb b\u00fan ri\u00eau cua \u00d4ng Ch\u00e0 V\u00e0 quen thu\u1ed9c trong m\u1ed7i gia \u0111\u00ecnh Vi\u1ec7t Nam gi\u00fap c\u00e1c b\u00e0 n\u1ed9i tr\u1ee3 ti\u1ebft ki\u1ec7m th\u1eddi gian ch\u1ebf bi\u1ebfn m\u00e0 v\u1eabn \u0111\u1ea3m b\u1ea3o dinh d\u01b0\u1ee1ng.<\/p>\n<p><img decoding=\"async\" class=\"wp-image-25407 aligncenter\" src=\"https:\/\/havamall.vn\/wp-content\/uploads\/2022\/02\/bo-tui-lien--300x300.png\" alt=\"\" width=\"622\" height=\"622\" srcset=\"https:\/\/havamall.vn\/wp-content\/uploads\/2022\/02\/bo-tui-lien--300x300.png 300w, https:\/\/havamall.vn\/wp-content\/uploads\/2022\/02\/bo-tui-lien--430x430.png 430w, https:\/\/havamall.vn\/wp-content\/uploads\/2022\/02\/bo-tui-lien--150x150.png 150w, https:\/\/havamall.vn\/wp-content\/uploads\/2022\/02\/bo-tui-lien--700x700.png 700w, https:\/\/havamall.vn\/wp-content\/uploads\/2022\/02\/bo-tui-lien--768x768.png 768w, https:\/\/havamall.vn\/wp-content\/uploads\/2022\/02\/bo-tui-lien--600x600.png 600w, https:\/\/havamall.vn\/wp-content\/uploads\/2022\/02\/bo-tui-lien--100x100.png 100w, https:\/\/havamall.vn\/wp-content\/uploads\/2022\/02\/bo-tui-lien-.png 1024w\" sizes=\"(max-width: 622px) 100vw, 622px\" \/><\/p>\n<h3><strong>\u0110\u1eb7c \u0111i\u1ec3m b\u1ed5i b\u1eadt c\u1ee7a s\u1ea3n ph\u1ea9m:<\/strong><\/h3>\n<p>\u2013 Vi\u00ean gia v\u1ecb b\u00fan ri\u00eau cua \u00d4ng Ch\u00e0 V\u00e0 mang h\u01b0\u01a1ng v\u1ecb th\u01a1m ngon, t\u1ea1o n\u00ean s\u1ef1 h\u1ea5p d\u1eabn \u0111\u1eb7c tr\u01b0ng cho m\u00f3n b\u00fan ri\u00eau cua.<\/p>\n<p>\u2013 Ngo\u00e0i ra, s\u1ea3n ph\u1ea9m b\u1ed5 sung vitamin v\u00e0 c\u00e1c nguy\u00ean t\u1ed1 vi l\u01b0\u1ee3ng c\u00f3 l\u1ee3i cho s\u1ee9c kh\u1ecfe ng\u01b0\u1eddi ti\u00eau d\u00f9ng.<\/p>\n<p>\u2013 Vi\u00ean gia v\u1ecb b\u00fan ri\u00eau cua \u0111\u01b0\u1ee3c s\u1ea3n xu\u1ea5t theo c\u00f4ng ngh\u1ec7 hi\u1ec7n \u0111\u1ea1i k\u1ebft h\u1ee3p v\u1edbi c\u00f4ng th\u1ee9c gia truy\u1ec1n mang \u0111\u1ebfn h\u01b0\u01a1ng v\u1ecb th\u01a1m ngon cho m\u00f3n \u0103n khi ch\u1ebf bi\u1ebfn.<\/p>\n<p>\u2013 S\u1ea3n ph\u1ea9m kh\u00f4ng ch\u1ee9a c\u00e1c ch\u1ea5t b\u1ea3o qu\u1ea3n \u0111\u1ed9c h\u1ea1i, \u0111\u1ea3m b\u1ea3o an to\u00e0n s\u1ee9c kh\u1ecfe cho ng\u01b0\u1eddi d\u00f9ng.<\/p>\n<p><img decoding=\"async\" class=\"wp-image-25408 aligncenter\" src=\"https:\/\/havamall.vn\/wp-content\/uploads\/2022\/02\/122974675-300x300.png\" alt=\"\" width=\"614\" height=\"614\" srcset=\"https:\/\/havamall.vn\/wp-content\/uploads\/2022\/02\/122974675-300x300.png 300w, https:\/\/havamall.vn\/wp-content\/uploads\/2022\/02\/122974675-430x430.png 430w, https:\/\/havamall.vn\/wp-content\/uploads\/2022\/02\/122974675-150x150.png 150w, https:\/\/havamall.vn\/wp-content\/uploads\/2022\/02\/122974675-700x700.png 700w, https:\/\/havamall.vn\/wp-content\/uploads\/2022\/02\/122974675-768x768.png 768w, https:\/\/havamall.vn\/wp-content\/uploads\/2022\/02\/122974675-1024x1024.png 1024w, https:\/\/havamall.vn\/wp-content\/uploads\/2022\/02\/122974675-1200x1200.png 1200w, https:\/\/havamall.vn\/wp-content\/uploads\/2022\/02\/122974675-600x600.png 600w, https:\/\/havamall.vn\/wp-content\/uploads\/2022\/02\/122974675-100x100.png 100w, https:\/\/havamall.vn\/wp-content\/uploads\/2022\/02\/122974675.png 1920w\" sizes=\"(max-width: 614px) 100vw, 614px\" \/><\/p>\n<h3><strong>H\u01b0\u1edbng d\u1eabn s\u1eed d\u1ee5ng:<\/strong><\/h3>\n<p>&#8211; Kh\u1ea9u ph\u1ea7n 4 ng\u01b0\u1eddi, 1 ng\u01b0\u1eddi d\u00f9ng 150g b\u00fan t\u01b0\u01a1i ho\u1eb7c 75g b\u00fan kh\u00f4 tu\u1ef3 th\u00edch.<\/p>\n<p>&#8211; Cho 4 vi\u00ean gia v\u1ecb v\u00e0o 2l n\u01b0\u1edbc v\u00e0 150g th\u1ecbt cua \u0111un s\u00f4i 2 &#8211; 3 ph\u00fat.<\/p>\n<p>&#8211; Cho b\u00fan t\u01b0\u01a1i v\u00e0o n\u1ed3i, \u0111un s\u00f4i th\u00eam 1 ph\u00fat v\u00e0 d\u00f9ng v\u1edbi rau.<\/p>\n<p>&#8211; \u0110\u1ed1i v\u1edbi b\u00fan kh\u00f4, tr\u1ee5ng v\u1edbi n\u01b0\u1edbc s\u00f4i 10 ph\u00fat, v\u1edbt ra cho v\u00e0o n\u1ed3i n\u01b0\u1edbc d\u00f9ng, \u0111un s\u00f4i th\u00eam 1 ph\u00fat v\u00e0 d\u00f9ng v\u1edbi rau.<\/p>\n<p>S\u1ea3n ph\u1ea9m hi\u1ec7n \u0111\u00e3 c\u00f3 m\u1eb7t t\u1ea1i Havamall.<\/p>","protected":false},"excerpt":{"rendered":"<p>\u00d4ng Ch\u00e0 V\u00e0\u00a0l\u00e0 th\u01b0\u01a1ng hi\u1ec7u quen thu\u1ed9c \u0111\u1ed1i v\u1edbi ng\u01b0\u1eddi ti\u00eau d\u00f9ng Vi\u1ec7t Nam v\u1edbi c\u00e1c lo\u1ea1i gia v\u1ecb truy\u1ec1n<\/p>","protected":false},"featured_media":25405,"comment_status":"open","ping_status":"closed","template":"","meta":[],"product_brand":[],"product_cat":[36],"product_tag":[],"class_list":{"0":"post-25404","1":"product","2":"type-product","3":"status-publish","4":"has-post-thumbnail","6":"product_cat-thuc-pham-tieu-dung","7":"pa_brand-ong-cha-va","9":"first","10":"instock","11":"sale","12":"shipping-taxable","13":"purchasable","14":"product-type-simple"},"_links":{"self":[{"href":"https:\/\/havamall.vn\/en\/wp-json\/wp\/v2\/product\/25404"}],"collection":[{"href":"https:\/\/havamall.vn\/en\/wp-json\/wp\/v2\/product"}],"about":[{"href":"https:\/\/havamall.vn\/en\/wp-json\/wp\/v2\/types\/product"}],"replies":[{"embeddable":true,"href":"https:\/\/havamall.vn\/en\/wp-json\/wp\/v2\/comments?post=25404"}],"version-history":[{"count":0,"href":"https:\/\/havamall.vn\/en\/wp-json\/wp\/v2\/product\/25404\/revisions"}],"wp:featuredmedia":[{"embeddable":true,"href":"https:\/\/havamall.vn\/en\/wp-json\/wp\/v2\/media\/25405"}],"wp:attachment":[{"href":"https:\/\/havamall.vn\/en\/wp-json\/wp\/v2\/media?parent=25404"}],"wp:term":[{"taxonomy":"product_brand","embeddable":true,"href":"https:\/\/havamall.vn\/en\/wp-json\/wp\/v2\/product_brand?post=25404"},{"taxonomy":"product_cat","embeddable":true,"href":"https:\/\/havamall.vn\/en\/wp-json\/wp\/v2\/product_cat?post=25404"},{"taxonomy":"product_tag","embeddable":true,"href":"https:\/\/havamall.vn\/en\/wp-json\/wp\/v2\/product_tag?post=25404"}],"curies":[{"name":"wp","href":"https:\/\/api.w.org\/{rel}","templated":true}]}}