{"id":25394,"date":"2022-02-17T15:22:58","date_gmt":"2022-02-17T08:22:58","guid":{"rendered":"https:\/\/havamall.vn\/?post_type=product&#038;p=25394"},"modified":"2022-02-17T17:05:22","modified_gmt":"2022-02-17T10:05:22","slug":"vien-gia-vi-lau-thai-ong-cha-va-75g-4-vien","status":"publish","type":"product","link":"https:\/\/havamall.vn\/en\/shop\/vien-gia-vi-lau-thai-ong-cha-va-75g-4-vien\/","title":{"rendered":"Vi\u00ean Gia V\u1ecb L\u1ea9u Th\u00e1i \u00d4ng Ch\u00e0 V\u00e0 75g (4 Vi\u00ean)"},"content":{"rendered":"<p>L\u00e0 s\u1ea3n ph\u1ea9m gia v\u1ecb mang t\u00ednh ti\u1ec7n d\u1ee5ng \u0111\u1ebfn t\u1eeb th\u01b0\u01a1ng hi\u1ec7u\u00a0\u00d4ng Ch\u00e0 V\u00e0.\u00a0Vi\u00ean gia v\u1ecb l\u1ea9u Th\u00e1i \u00d4ng Ch\u00e0 V\u00e0 l\u00e0 lo\u1ea1i\u00a0gia v\u1ecb ho\u00e0n ch\u1ec9nh\u00a0chi\u1ebft xu\u1ea5t t\u1eeb nh\u1eefng lo\u1ea1i nguy\u00ean li\u1ec7u t\u1ef1 nhi\u00ean, qua qu\u00e1 tr\u00ecnh \u0111un n\u1ea5u, mang \u0111\u1ebfn cho ng\u01b0\u1eddi d\u00f9ng h\u01b0\u01a1ng v\u1ecb l\u1ea9u th\u00e1i chua cay, \u0111\u1eadm \u0111\u00e0.<\/p>\n<p>\u0110\u01b0\u1ee3c ch\u1ebf bi\u1ebfn t\u1eeb nguy\u00ean li\u1ec7u \u0111\u00e3 qua ch\u1ecdn l\u1ecdc k\u0129 l\u01b0\u1ee1ng c\u00f9ng c\u00f4ng th\u1ee9c \u0111\u1eb7c bi\u1ec7t, mang t\u1edbi h\u01b0\u01a1ng v\u1ecb l\u1ea9u Th\u00e1i truy\u1ec1n th\u1ed1ng chua cay k\u00edch th\u00edch v\u1ecb gi\u00e1c c\u0169ng nh\u01b0 \u0111\u1ea3m b\u1ea3o an to\u00e0n cho s\u1ee9c kh\u1ecfe,\u00a0gi\u00fap ng\u01b0\u1eddi n\u1ed9i tr\u1ee3 ti\u1ebft ki\u1ec7m \u0111\u01b0\u1ee3c th\u1eddi gian c\u0169ng nh\u01b0 chi ph\u00ed d\u00e0nh cho vi\u1ec7c n\u1ea5u n\u01b0\u1edbng.<\/p>\n<p><img fetchpriority=\"high\" decoding=\"async\" class=\"wp-image-25395 aligncenter\" src=\"https:\/\/havamall.vn\/wp-content\/uploads\/2022\/02\/84f666-300x300.png\" alt=\"\" width=\"686\" height=\"685\" srcset=\"https:\/\/havamall.vn\/wp-content\/uploads\/2022\/02\/84f666-300x300.png 300w, https:\/\/havamall.vn\/wp-content\/uploads\/2022\/02\/84f666-430x430.png 430w, https:\/\/havamall.vn\/wp-content\/uploads\/2022\/02\/84f666-150x150.png 150w, https:\/\/havamall.vn\/wp-content\/uploads\/2022\/02\/84f666-700x700.png 700w, https:\/\/havamall.vn\/wp-content\/uploads\/2022\/02\/84f666-768x768.png 768w, https:\/\/havamall.vn\/wp-content\/uploads\/2022\/02\/84f666-600x600.png 600w, https:\/\/havamall.vn\/wp-content\/uploads\/2022\/02\/84f666-100x100.png 100w, https:\/\/havamall.vn\/wp-content\/uploads\/2022\/02\/84f666.png 901w\" sizes=\"(max-width: 686px) 100vw, 686px\" \/><\/p>\n<p>Th\u1eddi ti\u1ebft se l\u1ea1nh l\u00e0 th\u1eddi \u0111i\u1ec3m th\u00edch h\u1ee3p \u0111\u1ec3 th\u01b0\u1edfng th\u1ee9c\u00a0m\u1ed9t n\u1ed3i l\u1ea9u Th\u00e1i chua cay nghi ng\u00fat kh\u00f3i, vi\u00ean gia v\u1ecb l\u1ea9u Th\u00e1i s\u1ebd gi\u00fap b\u1ea1n c\u00f3 \u0111\u01b0\u1ee3c m\u1ed9t n\u1ed3i l\u1ea9u th\u01a1m ngon, chua cay ngay t\u1ee9c kh\u1eafc.<\/p>\n<p>Gia v\u1ecb ti\u1ec7n l\u1ee3i n\u00e0y c\u00f3 th\u1ec3 \u0111\u01b0\u1ee3c xem l\u00e0 m\u00f3n b\u1ea3o b\u1ed1i \u0111\u1eafc l\u1ef1c cho c\u0103n b\u1ebfp gia \u0111\u00ecnh b\u1ea1n gi\u00fap \u0111\u1ed5i v\u1ecb m\u1ed9t c\u00e1ch nhanh ch\u00f3ng nh\u01b0ng l\u1ea1i \u0111\u1ea7y \u0111\u1ee7 t\u1ea5t c\u1ea3 th\u00e0nh ph\u1ea7n c\u1ea7n thi\u1ebft, v\u1eeba ti\u1ebft ki\u1ec7m \u0111\u01b0\u1ee3c th\u1eddi gian, c\u00f4ng s\u1ee9c, l\u1ea1i v\u1eeba th\u01a1m ngon nh\u01b0 m\u1ed9t n\u1ed3i l\u1ea9u chu\u1ea9n b\u1ecb c\u00f4ng phu.<\/p>\n<p>Vi\u00ean gia v\u1ecb l\u1ea9u Th\u00e1i \u00d4ng Ch\u00e0 V\u00e0\u00a0r\u1ea5t ti\u1ec7n d\u1ee5ng \u0111\u1ec3 n\u1ea5u c\u00e1c m\u00f3n l\u1ea9u, canh chua v\u1eeba mi\u1ec7ng v\u00e0 th\u01a1m ngon m\u00e0 kh\u00f4ng c\u1ea7n ph\u1ea3i chu\u1ea9n b\u1ecb n\u01b0\u1edbc d\u00f9ng v\u00ec t\u1ed5ng h\u1ee3p \u0111\u1ee7 c\u00e1c gia v\u1ecb nh\u01b0 \u1edbt, t\u1ecfi, h\u00e0nh, g\u1eebng, ri\u1ec1ng, s\u1ea3, me, \u0111\u01b0\u1eddng, mu\u1ed1i \u0103n\u2026<\/p>\n<p><img decoding=\"async\" class=\"wp-image-25318 aligncenter\" src=\"https:\/\/havamall.vn\/wp-content\/uploads\/2022\/02\/maxresdefau-300x172.png\" alt=\"\" width=\"676\" height=\"388\" srcset=\"https:\/\/havamall.vn\/wp-content\/uploads\/2022\/02\/maxresdefau-300x172.png 300w, https:\/\/havamall.vn\/wp-content\/uploads\/2022\/02\/maxresdefau-430x247.png 430w, https:\/\/havamall.vn\/wp-content\/uploads\/2022\/02\/maxresdefau-150x86.png 150w, https:\/\/havamall.vn\/wp-content\/uploads\/2022\/02\/maxresdefau-700x402.png 700w, https:\/\/havamall.vn\/wp-content\/uploads\/2022\/02\/maxresdefau-768x441.png 768w, https:\/\/havamall.vn\/wp-content\/uploads\/2022\/02\/maxresdefau-1024x588.png 1024w, https:\/\/havamall.vn\/wp-content\/uploads\/2022\/02\/maxresdefau-1200x689.png 1200w, https:\/\/havamall.vn\/wp-content\/uploads\/2022\/02\/maxresdefau-600x344.png 600w, https:\/\/havamall.vn\/wp-content\/uploads\/2022\/02\/maxresdefau.png 1254w\" sizes=\"(max-width: 676px) 100vw, 676px\" \/><\/p>\n<h3><strong>H\u01b0\u1edbng d\u1eabn s\u1eed d\u1ee5ng:<\/strong><\/h3>\n<p>\u2013 Chu\u1ea9n b\u1ecb 1,5 l\u00edt n\u01b0\u1edbc \u0111un s\u00f4i, cho 4 vien gia v\u1ecb l\u1ea9u Th\u00e1i v\u00e0o.<\/p>\n<p>\u2013 Cho th\u00eam c\u00e1c lo\u1ea1i h\u1ea3i s\u1ea3n (t\u00f4m, c\u00e1, ngh\u00eau, m\u1ef1c, \u1ed1c\u2026) v\u00e0o n\u1ea5u ch\u00edn. Sau \u0111\u00f3 cho th\u00eam c\u00e1c lo\u1ea1i rau mu\u1ed1ng,<\/p>\n<p>rau nh\u00fat, b\u1eafp chu\u1ed1i b\u00e0o, c\u1ea7n n\u01b0\u1edbc,\u2026<\/p>\n<p>\u2013 N\u1ea5u s\u00f4i 2-3 ph\u00fat, m\u00fac ra d\u00f9ng n\u00f3ng v\u1edbi b\u00fan v\u00e0 n\u01b0\u1edbc m\u1eafm.<\/p>\n<p>\u2013 L\u01b0\u1ee3ng d\u00f9ng cho 4 ng\u01b0\u1eddi \u0103n.<\/p>\n<p>S\u1ea3n ph\u1ea9m hi\u1ec7n \u0111\u00e3 c\u00f3 m\u1eb7t t\u1ea1i Havamall.<\/p>\n<p><img decoding=\"async\" class=\"wp-image-25319 aligncenter\" src=\"https:\/\/havamall.vn\/wp-content\/uploads\/2022\/02\/fnek-300x176.png\" alt=\"\" width=\"670\" height=\"392\" srcset=\"https:\/\/havamall.vn\/wp-content\/uploads\/2022\/02\/fnek-300x176.png 300w, https:\/\/havamall.vn\/wp-content\/uploads\/2022\/02\/fnek-430x252.png 430w, https:\/\/havamall.vn\/wp-content\/uploads\/2022\/02\/fnek-150x88.png 150w, https:\/\/havamall.vn\/wp-content\/uploads\/2022\/02\/fnek-700x411.png 700w, https:\/\/havamall.vn\/wp-content\/uploads\/2022\/02\/fnek-768x451.png 768w, https:\/\/havamall.vn\/wp-content\/uploads\/2022\/02\/fnek-600x352.png 600w, https:\/\/havamall.vn\/wp-content\/uploads\/2022\/02\/fnek.png 838w\" sizes=\"(max-width: 670px) 100vw, 670px\" \/><\/p>","protected":false},"excerpt":{"rendered":"<p>L\u00e0 s\u1ea3n ph\u1ea9m gia v\u1ecb mang t\u00ednh ti\u1ec7n d\u1ee5ng \u0111\u1ebfn t\u1eeb th\u01b0\u01a1ng hi\u1ec7u\u00a0\u00d4ng Ch\u00e0 V\u00e0.\u00a0Vi\u00ean gia v\u1ecb l\u1ea9u Th\u00e1i \u00d4ng<\/p>","protected":false},"featured_media":25396,"comment_status":"open","ping_status":"closed","template":"","meta":[],"product_brand":[],"product_cat":[36],"product_tag":[],"class_list":{"0":"post-25394","1":"product","2":"type-product","3":"status-publish","4":"has-post-thumbnail","6":"product_cat-thuc-pham-tieu-dung","7":"pa_brand-ong-cha-va","9":"first","10":"instock","11":"sale","12":"shipping-taxable","13":"purchasable","14":"product-type-simple"},"_links":{"self":[{"href":"https:\/\/havamall.vn\/en\/wp-json\/wp\/v2\/product\/25394"}],"collection":[{"href":"https:\/\/havamall.vn\/en\/wp-json\/wp\/v2\/product"}],"about":[{"href":"https:\/\/havamall.vn\/en\/wp-json\/wp\/v2\/types\/product"}],"replies":[{"embeddable":true,"href":"https:\/\/havamall.vn\/en\/wp-json\/wp\/v2\/comments?post=25394"}],"version-history":[{"count":0,"href":"https:\/\/havamall.vn\/en\/wp-json\/wp\/v2\/product\/25394\/revisions"}],"wp:featuredmedia":[{"embeddable":true,"href":"https:\/\/havamall.vn\/en\/wp-json\/wp\/v2\/media\/25396"}],"wp:attachment":[{"href":"https:\/\/havamall.vn\/en\/wp-json\/wp\/v2\/media?parent=25394"}],"wp:term":[{"taxonomy":"product_brand","embeddable":true,"href":"https:\/\/havamall.vn\/en\/wp-json\/wp\/v2\/product_brand?post=25394"},{"taxonomy":"product_cat","embeddable":true,"href":"https:\/\/havamall.vn\/en\/wp-json\/wp\/v2\/product_cat?post=25394"},{"taxonomy":"product_tag","embeddable":true,"href":"https:\/\/havamall.vn\/en\/wp-json\/wp\/v2\/product_tag?post=25394"}],"curies":[{"name":"wp","href":"https:\/\/api.w.org\/{rel}","templated":true}]}}