{"id":25389,"date":"2022-02-17T15:15:31","date_gmt":"2022-02-17T08:15:31","guid":{"rendered":"https:\/\/havamall.vn\/?post_type=product&#038;p=25389"},"modified":"2022-02-18T10:39:16","modified_gmt":"2022-02-18T03:39:16","slug":"vien-gia-vi-vit-tiem-ong-cha-va-75g-4-vien","status":"publish","type":"product","link":"https:\/\/havamall.vn\/en\/shop\/vien-gia-vi-vit-tiem-ong-cha-va-75g-4-vien\/","title":{"rendered":"Vi\u00ean Gia V\u1ecb V\u1ecbt Ti\u1ec1m \u00d4ng Ch\u00e0 V\u00e0 75g (4 Vi\u00ean)"},"content":{"rendered":"<p>B\u1ea1n \u0111\u00e3 ng\u00e1n v\u1edbi nh\u1eefng m\u00f3n m\u00ec th\u00f4ng th\u01b0\u1eddng, b\u1ea1n mu\u1ed1n \u0111\u1ed5i kh\u1ea9u v\u1ecb. M\u00ec v\u1ecbt ti\u1ec1m l\u00e0 m\u00f3n \u0103n d\u00e0nh cho b\u1ea1n. Trong\u00a0th\u1ecbt v\u1ecbt c\u00f3 v\u1ecb ng\u1ecdt, t\u00ednh h\u00e0n, c\u00f3 t\u00e1c d\u1ee5ng d\u01b0\u1ee1ng v\u1ecb, b\u1ed5 th\u1eadn\u00a0r\u1ea5t th\u00edch h\u1ee3p \u0111\u1ec3 c\u00e1c b\u1ea1n b\u1ed3i b\u1ed5 s\u1ee9c kh\u1ecfe. M\u00f3n n\u00e0y s\u1eed d\u1ee5ng kh\u00e1 nhi\u1ec1u nguy\u00ean li\u1ec7u nh\u01b0ng s\u1ebd d\u1ec5 n\u1ea5u v\u00f4 c\u00f9ng n\u1ebfu b\u1ea1n s\u1eed d\u1ee5ng vi\u00ean gia v\u1ecb v\u1ecbt ti\u1ec1m \u00d4ng Ch\u00e0 V\u00e0.<\/p>\n<p><img fetchpriority=\"high\" decoding=\"async\" class=\"wp-image-25390 aligncenter\" src=\"https:\/\/havamall.vn\/wp-content\/uploads\/2022\/02\/mi-vit-tiem-300x200.png\" alt=\"\" width=\"683\" height=\"455\" srcset=\"https:\/\/havamall.vn\/wp-content\/uploads\/2022\/02\/mi-vit-tiem-300x200.png 300w, https:\/\/havamall.vn\/wp-content\/uploads\/2022\/02\/mi-vit-tiem-430x287.png 430w, https:\/\/havamall.vn\/wp-content\/uploads\/2022\/02\/mi-vit-tiem-150x100.png 150w, https:\/\/havamall.vn\/wp-content\/uploads\/2022\/02\/mi-vit-tiem-700x467.png 700w, https:\/\/havamall.vn\/wp-content\/uploads\/2022\/02\/mi-vit-tiem-768x512.png 768w, https:\/\/havamall.vn\/wp-content\/uploads\/2022\/02\/mi-vit-tiem-1024x683.png 1024w, https:\/\/havamall.vn\/wp-content\/uploads\/2022\/02\/mi-vit-tiem-1200x800.png 1200w, https:\/\/havamall.vn\/wp-content\/uploads\/2022\/02\/mi-vit-tiem-600x400.png 600w, https:\/\/havamall.vn\/wp-content\/uploads\/2022\/02\/mi-vit-tiem.png 1920w\" sizes=\"(max-width: 683px) 100vw, 683px\" \/><\/p>\n<p>Vi\u00ean gia v\u1ecb v\u1ecbt ti\u1ec1m \u00d4ng Ch\u00e0 V\u00e0 \u0111\u00e1p \u1ee9ng nhu c\u1ea7u cho m\u1ecdi gia \u0111\u00ecnh \u0111\u1ec3 c\u00f3 m\u1ed9t b\u1eefa \u0103n ch\u1ea5t l\u01b0\u1ee3ng, nh\u01b0ng v\u00f4 c\u00f9ng \u0111\u01a1n gi\u1ea3n, vi\u00ean gia v\u1ecb n\u1ea5u v\u1ecbt ti\u1ec1m \u00d4ng Ch\u00e0 V\u00e0 c\u00f3 s\u1eb5n c\u00e1c h\u01b0\u01a1ng li\u1ec7u quan tr\u1ecdng v\u00e0 c\u1ea7n thi\u1ebft, b\u1ea1n ch\u1ec9 c\u1ea7n th\u00eam th\u1ecbt v\u1ecbt\u2026. rau c\u1ee7 v\u00e0 b\u00fan l\u00e0 b\u1ea1n \u0111\u00e3 c\u00f3 m\u1ed9t t\u00f4 v\u1ecbt ti\u1ec1m v\u00f4 c\u00f9ng b\u1ecf d\u01b0\u1ee1ng.<\/p>\n<p>Vi\u00ean gia v\u1ecb v\u1ecbt ti\u1ec1m \u00d4ng Ch\u00e0 V\u00e0 quen thu\u1ed9c trong m\u1ed7i gia \u0111\u00ecnh Vi\u1ec7t Nam. Vi\u00ean gia v\u1ecb v\u1ecbt ti\u1ec1m\u00a0mang \u0111\u1ebfn m\u00f3n v\u1ecbt ti\u1ec1m th\u01a1m ngon, \u0111\u1eadm \u0111\u00e0 h\u01b0\u01a1ng v\u1ecb nguy\u00ean b\u1ea3n m\u1ed9t c\u00e1ch nhanh ch\u00f3ng, gi\u00fap c\u00e1c b\u00e0 n\u1ed9i tr\u1ee3 ti\u1ebft ki\u1ec7m th\u1eddi gian ch\u1ebf bi\u1ebfn m\u00e0 v\u1eabn \u0111\u1ea3m b\u1ea3o dinh d\u01b0\u1ee1ng.<\/p>\n<p><img decoding=\"async\" class=\"wp-image-25391 aligncenter\" src=\"https:\/\/havamall.vn\/wp-content\/uploads\/2022\/02\/43-228x300.png\" alt=\"\" width=\"687\" height=\"903\" srcset=\"https:\/\/havamall.vn\/wp-content\/uploads\/2022\/02\/43-228x300.png 228w, https:\/\/havamall.vn\/wp-content\/uploads\/2022\/02\/43-430x566.png 430w, https:\/\/havamall.vn\/wp-content\/uploads\/2022\/02\/43-150x197.png 150w, https:\/\/havamall.vn\/wp-content\/uploads\/2022\/02\/43-700x921.png 700w, https:\/\/havamall.vn\/wp-content\/uploads\/2022\/02\/43-768x1011.png 768w, https:\/\/havamall.vn\/wp-content\/uploads\/2022\/02\/43-778x1024.png 778w, https:\/\/havamall.vn\/wp-content\/uploads\/2022\/02\/43-600x790.png 600w, https:\/\/havamall.vn\/wp-content\/uploads\/2022\/02\/43.png 1000w\" sizes=\"(max-width: 687px) 100vw, 687px\" \/><\/p>\n<h3><strong>\u0110\u1eb7c \u0111i\u1ec3m b\u1ed5i b\u1eadt c\u1ee7a s\u1ea3n ph\u1ea9m:<\/strong><\/h3>\n<p>&#8211; Vi\u00ean gia v\u1ecb v\u1ecbt ti\u1ec1m \u00d4ng Ch\u00e0 V\u00e0 mang h\u01b0\u01a1ng v\u1ecb th\u01a1m ngon, t\u1ea1o n\u00ean s\u1ef1 h\u1ea5p d\u1eabn \u0111\u1eb7c tr\u01b0ng cho m\u00f3n m\u00ec v\u1ecbt ti\u1ec1m.<\/p>\n<p>&#8211; Ngo\u00e0i ra, s\u1ea3n ph\u1ea9m b\u1ed5 sung vitamin v\u00e0 c\u00e1c nguy\u00ean t\u1ed1 vi l\u01b0\u1ee3ng c\u00f3 l\u1ee3i cho s\u1ee9c kh\u1ecfe ng\u01b0\u1eddi ti\u00eau d\u00f9ng.<\/p>\n<p>&#8211; Vi\u00ean gia v\u1ecb v\u1ecbt ti\u1ec1m\u00a0\u0111\u01b0\u1ee3c s\u1ea3n xu\u1ea5t theo c\u00f4ng ngh\u1ec7 hi\u1ec7n \u0111\u1ea1i k\u1ebft h\u1ee3p v\u1edbi c\u00f4ng th\u1ee9c gia truy\u1ec1n mang \u0111\u1ebfn h\u01b0\u01a1ng v\u1ecb th\u01a1m ngon cho m\u00f3n \u0103n khi ch\u1ebf bi\u1ebfn.<\/p>\n<p>&#8211; S\u1ea3n ph\u1ea9m kh\u00f4ng ch\u1ee9a c\u00e1c ch\u1ea5t b\u1ea3o qu\u1ea3n \u0111\u1ed9c h\u1ea1i, \u0111\u1ea3m b\u1ea3o an to\u00e0n s\u1ee9c kh\u1ecfe cho ng\u01b0\u1eddi d\u00f9ng.<\/p>\n<p><img decoding=\"async\" class=\"wp-image-25392 aligncenter\" src=\"https:\/\/havamall.vn\/wp-content\/uploads\/2022\/02\/67a48a641-300x300.png\" alt=\"\" width=\"684\" height=\"684\" srcset=\"https:\/\/havamall.vn\/wp-content\/uploads\/2022\/02\/67a48a641-300x300.png 300w, https:\/\/havamall.vn\/wp-content\/uploads\/2022\/02\/67a48a641-430x430.png 430w, https:\/\/havamall.vn\/wp-content\/uploads\/2022\/02\/67a48a641-150x150.png 150w, https:\/\/havamall.vn\/wp-content\/uploads\/2022\/02\/67a48a641-700x700.png 700w, https:\/\/havamall.vn\/wp-content\/uploads\/2022\/02\/67a48a641-768x768.png 768w, https:\/\/havamall.vn\/wp-content\/uploads\/2022\/02\/67a48a641-600x600.png 600w, https:\/\/havamall.vn\/wp-content\/uploads\/2022\/02\/67a48a641-100x100.png 100w, https:\/\/havamall.vn\/wp-content\/uploads\/2022\/02\/67a48a641.png 901w\" sizes=\"(max-width: 684px) 100vw, 684px\" \/><\/p>\n<h3><strong>H\u01b0\u1edbng d\u1eabn s\u1eed d\u1ee5ng:<\/strong><\/h3>\n<p>&#8211; Cho 4 vi\u00ean gia v\u1ecb v\u1ecbt ti\u1ec1m \u00d4ng Ch\u00e0 V\u00e0 v\u00e0o 2 l\u00edt n\u01b0\u1edbc \u0111un t\u1eeb 2-5 ph\u00fat.<\/p>\n<p>&#8211; Cho M\u00ec, th\u1ecbt v\u1ecbt, rau v\u00e0o 6 t\u00f4 , n\u00eam n\u1ebfm v\u00e0 d\u00f9ng n\u00f3ng.<\/p>\n<p>S\u1ea3n ph\u1ea9m hi\u1ec7n \u0111\u00e3 c\u00f3 m\u1eb7t t\u1ea1i Havamall<\/p>","protected":false},"excerpt":{"rendered":"<p>B\u1ea1n \u0111\u00e3 ng\u00e1n v\u1edbi nh\u1eefng m\u00f3n m\u00ec th\u00f4ng th\u01b0\u1eddng, b\u1ea1n mu\u1ed1n \u0111\u1ed5i kh\u1ea9u v\u1ecb. M\u00ec v\u1ecbt ti\u1ec1m l\u00e0 m\u00f3n \u0103n<\/p>","protected":false},"featured_media":25393,"comment_status":"open","ping_status":"closed","template":"","meta":[],"product_brand":[],"product_cat":[36],"product_tag":[],"class_list":{"0":"post-25389","1":"product","2":"type-product","3":"status-publish","4":"has-post-thumbnail","6":"product_cat-thuc-pham-tieu-dung","7":"pa_brand-ong-cha-va","9":"first","10":"instock","11":"sale","12":"shipping-taxable","13":"purchasable","14":"product-type-simple"},"_links":{"self":[{"href":"https:\/\/havamall.vn\/en\/wp-json\/wp\/v2\/product\/25389"}],"collection":[{"href":"https:\/\/havamall.vn\/en\/wp-json\/wp\/v2\/product"}],"about":[{"href":"https:\/\/havamall.vn\/en\/wp-json\/wp\/v2\/types\/product"}],"replies":[{"embeddable":true,"href":"https:\/\/havamall.vn\/en\/wp-json\/wp\/v2\/comments?post=25389"}],"version-history":[{"count":0,"href":"https:\/\/havamall.vn\/en\/wp-json\/wp\/v2\/product\/25389\/revisions"}],"wp:featuredmedia":[{"embeddable":true,"href":"https:\/\/havamall.vn\/en\/wp-json\/wp\/v2\/media\/25393"}],"wp:attachment":[{"href":"https:\/\/havamall.vn\/en\/wp-json\/wp\/v2\/media?parent=25389"}],"wp:term":[{"taxonomy":"product_brand","embeddable":true,"href":"https:\/\/havamall.vn\/en\/wp-json\/wp\/v2\/product_brand?post=25389"},{"taxonomy":"product_cat","embeddable":true,"href":"https:\/\/havamall.vn\/en\/wp-json\/wp\/v2\/product_cat?post=25389"},{"taxonomy":"product_tag","embeddable":true,"href":"https:\/\/havamall.vn\/en\/wp-json\/wp\/v2\/product_tag?post=25389"}],"curies":[{"name":"wp","href":"https:\/\/api.w.org\/{rel}","templated":true}]}}