{"id":25371,"date":"2022-02-17T10:43:36","date_gmt":"2022-02-17T03:43:36","guid":{"rendered":"https:\/\/havamall.vn\/?post_type=product&#038;p=25371"},"modified":"2025-03-18T16:03:21","modified_gmt":"2025-03-18T09:03:21","slug":"dau-hao-ong-cha-va-570g-oyster-sauce","status":"publish","type":"product","link":"https:\/\/havamall.vn\/en\/shop\/dau-hao-ong-cha-va-570g-oyster-sauce\/","title":{"rendered":"D\u1ea7u H\u00e0o \u00d4ng Ch\u00e0 V\u00e0 570G &#8211; Oyster Sauce"},"content":{"rendered":"<section class=\"w30s-column w30s-column-54564\">\n<div class=\"w30s-widget-childs\">\n<div class=\"w30s-widget w30s-widget-group w30s-widget-459192 w30s-widget-unique-100241\">\n<div class=\"w30s-widget-childs\">\n<div class=\"w30s-widget w30s-widget-submenu w30s-widget-submenu-version-1 w30s-widget-459194 w30s-widget-unique-100243\"><\/div>\n<\/div>\n<\/div>\n<\/div>\n<\/section>\n<section class=\"w30s-column w30s-column-54565\">\n<div class=\"w30s-widget-childs\">\n<div class=\"w30s-widget w30s-widget-group w30s-widget-459214 w30s-widget-unique-100263\">\n<div class=\"w30s-widget-childs\">\n<div class=\"w30s-widget w30s-widget-group w30s-widget-459215 w30s-widget-unique-100264\">\n<div class=\"w30s-widget-childs\">\n<div class=\"w30s-widget w30s-widget-slider w30s-slider-product w30s-wrap-slider-all w30s-widget-459216 w30s-widget-unique-100265 d-\">\n<div class=\"w30s-slider-container\">\n<div class=\"swiper-container swiper-container-initialized swiper-container-horizontal\">\n<div class=\"swiper-wrapper\">\n<div class=\"swiper-slide swiper-slide-duplicate swiper-slide-next swiper-slide-duplicate-prev\">\n<div class=\"w30s-widget-childs w30s-widget-slider-item\">D\u1ea7u h\u00e0o ra \u0111\u1eddi t\u1eeb n\u0103m 1888 b\u1edfi Lee Kam Sheung, s\u1ed1ng \u1edf l\u00e0ng Nam Th\u1ee7y, Chu H\u1ea3i, t\u1ec9nh Qu\u1ea3ng \u0110\u00f4ng, Trung Qu\u1ed1c. Trong m\u1ed9t l\u1ea7n n\u1ea5u \u0103n, v\u00ec qu\u00e1 b\u1eadn r\u1ed9n m\u00e0 \u00f4ng \u0111\u00e3 qu\u00ean l\u00e3ng vi\u1ec7c m\u00ecnh \u0111ang n\u1ea5u m\u1ed9t n\u1ed3i h\u00e0u. Ch\u00ednh \u0111i\u1ec1u n\u00e0y \u0111\u00e3 khi\u1ebfn n\u1ed3i h\u00e0u n\u1ea5u mu\u1ed1i c\u1ee7a \u00f4ng b\u1ecb qu\u00ean l\u00e3ng, ch\u00e1y kh\u00e9t \u0111en. V\u00e0 v\u00f4 t\u00ecnh, \u00f4ng \u0111\u00e3 ph\u00e1t hi\u1ec7n ra h\u01b0\u01a1ng v\u1ecb ch\u00e1y kh\u00e9t c\u1ee7a h\u00e0u khi l\u00ean men v\u00f4 c\u00f9ng tuy\u1ec7t v\u1eddi. \u0110\u1ec3 r\u1ed3i t\u1eeb \u0111\u00f3, \u00f4ng tr\u1edf th\u00e0nh m\u1ed9t doanh nh\u00e2n n\u1ed5i ti\u1ebfng v\u1edbi c\u00f4ng ty chuy\u00ean s\u1ea3n xu\u1ea5t d\u1ea7u h\u00e0o. C\u0169ng t\u1eeb l\u1ea7n th\u1ea5t b\u1ea1i trong n\u1ea5u \u0103n \u1ea5y, d\u1ea7u h\u00e0o \u0111\u01b0\u1ee3c ph\u00e1t hi\u1ec7n v\u00e0 tr\u1edf th\u00e0nh m\u1ed9t gia v\u1ecb tuy\u1ec7t h\u1ea3o c\u1ee7a \u1ea9m th\u1ef1c Trung Hoa.<\/div>\n<\/div>\n<\/div>\n<\/div>\n<\/div>\n<\/div>\n<\/div>\n<\/div>\n<\/div>\n<\/div>\n<div class=\"w30s-widget w30s-widget-text w30s-widget-459244 w30s-widget-unique-100324\">\n<p><img fetchpriority=\"high\" decoding=\"async\" class=\"wp-image-25373 aligncenter\" src=\"https:\/\/havamall.vn\/wp-content\/uploads\/2025\/03\/dau-hao-300x300.png\" alt=\"\" width=\"672\" height=\"672\" \/><\/p>\n<p>D\u1ea7u h\u00e0o l\u00e0 gia v\u1ecb n\u1ed5i ti\u1ebfng t\u1ea1o n\u00ean h\u01b0\u01a1ng, s\u1eafc, v\u1ecb cho v\u00f4 s\u1ed1 m\u00f3n ngon trong n\u1ec1n \u1ea9m th\u1ef1c Trung Hoa (\u0111\u1eb7c bi\u1ec7t l\u00e0 c\u00e1c m\u00f3n Qu\u1ea3ng \u0110\u00f4ng) \u0111\u1ebfn nay gia v\u1ecb n\u00e0y \u0111\u00e3 lan r\u1ea5t nhanh d\u1ea7n d\u1ea7n tr\u1edf th\u00e0nh m\u1ed9t ph\u1ea7n quen thu\u1ed9c trong c\u00e1c m\u00f3n \u0103n c\u1ee7a ng\u01b0\u1eddi Vi\u1ec7t Nam, Th\u00e1i Lan, Philipin v\u00e0 nhi\u1ec1u n\u01b0\u1edbc kh\u00e1c. D\u1ea7u h\u00e0o l\u00e0 m\u1ed9t lo\u1ea1i n\u01b0\u1edbc x\u1ed1t c\u00f3 m\u00e0u n\u00e2u s\u1eabm h\u01a1n c\u00e1nh gi\u00e1n m\u1ed9t ch\u00fat, d\u1ea7u h\u00e0o c\u00f3 v\u1ecb ng\u1ecdt xen v\u1edbi v\u1ecb m\u1eb7n nh\u1eb9.<\/p>\n<p><img decoding=\"async\" class=\"wp-image-25378 aligncenter\" src=\"https:\/\/havamall.vn\/wp-content\/uploads\/2025\/03\/dau-hao-toi-ot-300x300.png\" alt=\"\" width=\"681\" height=\"681\" \/><\/p>\n<p>C\u00f4ng d\u1ee5ng \u0111\u1ea7u ti\u00ean c\u1ee7a d\u1ea7u h\u00e0o ch\u00ednh l\u00e0 d\u00f9ng \u0111\u1ec3 t\u1ea9m \u01b0\u1edbp c\u00e1c m\u00f3n th\u1ecbt nh\u01b0 th\u1ecbt b\u00f2, th\u1ecbt heo, th\u1ecbt g\u00e0,\u2026 D\u1ea7u h\u00e0o s\u1ebd gi\u00fap m\u00f3n \u0103n c\u00f3 h\u01b0\u01a1ng th\u01a1m \u0111\u1eb7c s\u1eafc, v\u1ecb \u0111\u1eadm \u0111\u00e0 c\u00f9ng m\u00e0u s\u1eafc v\u00f4 c\u00f9ng b\u1eaft m\u1eaft. Tuy nhi\u00ean, khi s\u1eed d\u1ee5ng d\u1ea7u h\u00e0o \u0111\u1ec3 n\u00eam n\u1ebfm, b\u1ea1n nh\u1edb gia gi\u1ea3m c\u00e1c gia v\u1ecb kh\u00e1c \u0111\u1ec3 tr\u00e1nh m\u00f3n \u0103n b\u1ecb m\u1eb7n, v\u00ec d\u1ea7u h\u00e0o c\u00f3 v\u1ecb kh\u00e1 \u0111\u1eadm r\u1ed3i \u0111\u1ea5y.<\/p>\n<p><img decoding=\"async\" class=\"wp-image-25380 aligncenter\" src=\"https:\/\/havamall.vn\/wp-content\/uploads\/2025\/03\/vie_p-300x300.png\" alt=\"\" width=\"675\" height=\"674\" \/><\/p>\n<p>Kh\u00f4ng th\u1ec3 kh\u00f4ng nh\u1eafc \u0111\u1ebfn d\u1ea7u h\u00e0o khi s\u1eed d\u1ee5ng ph\u01b0\u01a1ng ph\u00e1p x\u00e0o \u0111\u1ec3 ch\u1ebf bi\u1ebfn th\u1ef1c ph\u1ea9m, \u0111\u1eb7c bi\u1ec7t l\u00e0 x\u00e0o rau. Khi m\u00f3n \u0103n b\u1eaft \u0111\u1ea7u ch\u00edn t\u1edbi, b\u1ea1n n\u00eam th\u00eam ch\u00fat d\u1ea7u h\u00e0o v\u00e0o v\u00e0 \u0111\u1ea3o \u0111\u1ec1u. M\u00f3n \u0103n s\u1ebd c\u00f3 h\u01b0\u01a1ng th\u01a1m h\u1ea5p d\u1eabn c\u00f9ng v\u1ecb ngon \u0111\u1eadm \u0111\u00e0 nh\u01b0ng v\u1eabn gi\u1eef \u0111\u01b0\u1ee3c v\u1ecb ng\u1ecdt thanh c\u1ee7a rau c\u1ee7. Kh\u00f4ng nh\u1eefng th\u1ebf, s\u1eed d\u1ee5ng d\u1ea7u h\u00e0o khi x\u00e0o c\u00e1c lo\u1ea1i th\u1ecbt c\u0169ng c\u00f3 t\u00e1c d\u1ee5ng l\u00e0m m\u1ec1m th\u1ecbt h\u01a1n khi th\u01b0\u1edfng th\u1ee9c.<\/p>\n<p><img loading=\"lazy\" decoding=\"async\" class=\"wp-image-25375 aligncenter\" src=\"https:\/\/havamall.vn\/wp-content\/uploads\/2025\/03\/maxresdefault-27-300x173.png\" alt=\"\" width=\"678\" height=\"391\" \/><\/p>\n<h4><strong>C\u00f4ng d\u1ee5ng c\u1ee7a d\u1ea7u h\u00e0o:<\/strong><\/h4>\n<p>\u2013\u00a0D\u00f9ng l\u00e0m n\u01b0\u1edbc ch\u1ea5m cho c\u00e1c m\u00f3n lu\u1ed9c.<\/p>\n<p>\u2013 D\u00f9ng \u0111\u1ec3 t\u1ea9m \u01b0\u1edbp c\u00e1c m\u00f3n th\u1ecbt nh\u01b0 th\u1ecbt b\u00f2, th\u1ecbt heo, th\u1ecbt g\u00e0,\u2026 D\u1ea7u h\u00e0o s\u1ebd gi\u00fap m\u00f3n \u0103n c\u00f3 h\u01b0\u01a1ng th\u01a1m \u0111\u1eb7c s\u1eafc, v\u1ecb \u0111\u1eadm \u0111\u00e0 c\u00f9ng m\u00e0u s\u1eafc v\u00f4 c\u00f9ng b\u1eaft m\u1eaft.<\/p>\n<p>\u2013 S\u1eed d\u1ee5ng d\u1ea7u h\u00e0o khi x\u00e0o c\u00e1c lo\u1ea1i th\u1ecbt c\u0169ng c\u00f3 t\u00e1c d\u1ee5ng l\u00e0m m\u1ec1m th\u1ecbt h\u01a1n khi th\u01b0\u1edfng th\u1ee9c.<\/p>\n<p><img loading=\"lazy\" decoding=\"async\" class=\"aligncenter\" src=\"https:\/\/havamall.vn\/wp-content\/uploads\/2025\/03\/cach-xao-cai-thia-dau-hao-voi-toi-ngon-0-973.jpg\" alt=\"C\u00e1ch x\u00e0o c\u1ea3i th\u00eca d\u1ea7u h\u00e0o v\u1edbi t\u1ecfi ngon\" width=\"683\" height=\"456\" \/><\/p>\n<h4><strong>H\u01b0\u1edbng d\u1eabn s\u1eed d\u1ee5ng:<\/strong><\/h4>\n<p><em>\u2013 S\u1eed d\u1ee5ng d\u1ea7u h\u00e0o cho c\u00e1c m\u00f3n t\u1ea9m \u01b0\u1edbp<\/em>: C\u00e1c m\u00f3n c\u1ea7n \u01b0\u1edbp gia v\u1ecb tr\u01b0\u1edbc khi ch\u1ebf bi\u1ebfn nh\u01b0 m\u00f3n kho, n\u01b0\u1edbng,\u2026 khi \u01b0\u1edbp b\u1ea1n ch\u1ec9 c\u1ea7n th\u00eam v\u00e0o m\u1ed9t mu\u1ed7ng canh d\u1ea7u h\u00e0o r\u1ed3i tr\u1ed9n \u0111\u1ec1u. D\u1ea7u h\u00e0o \u0111em l\u1ea1i v\u1ecb \u0111\u1eadm \u0111\u00e0, m\u00e0u n\u00e2u \u0111\u1eb9p m\u1eaft, d\u1eady l\u00ean h\u01b0\u01a1ng v\u1ecb th\u01a1m ngon c\u1ee7a m\u00f3n \u0103n.<\/p>\n<p><em>\u2013 D\u00f9ng d\u1ea7u h\u00e0o cho c\u00e1c m\u00f3n x\u00e0o n\u1ea5u:\u00a0<\/em>C\u00e1c m\u00f3n rau c\u1ee7, qu\u1ea3, th\u1ecbt,\u2026 khi \u0111\u00e3 x\u00e0o, n\u1ea5u g\u1ea7n ch\u00edn, b\u1ea1n n\u00eam n\u1ebfm gia v\u1ecb v\u1eeba \u0103n v\u00e0 n\u00eam th\u00eam m\u1ed9t mu\u1ed7ng d\u1ea7u h\u00e0o, \u0111\u1ea3o \u0111\u1ec1u v\u00e0i ph\u00fat th\u00ec t\u1eaft b\u1ebfp v\u00e0 m\u00fac ra \u0103n n\u00f3ng.<\/p>\n<p><em>\u2013 D\u1ea7u h\u00e0o l\u00e0m n\u01b0\u1edbc ch\u1ea5m cho c\u00e1c m\u00f3n lu\u1ed9c:<\/em>\u00a0\u0110un s\u00f4i d\u1ea7u h\u00e0o, th\u00eam v\u00e0o ch\u00fat n\u01b0\u1edbc, \u0111\u01b0\u1eddng, t\u1ecfi b\u0103m, \u1edbt b\u0103m, khu\u1ea5y \u0111\u1ec1u. N\u00eam l\u1ea1i cho v\u1eeba kh\u1ea9u v\u1ecb.<\/p>\n<p><img loading=\"lazy\" decoding=\"async\" class=\"wp-image-25376 aligncenter\" src=\"https:\/\/havamall.vn\/wp-content\/uploads\/2025\/03\/dau-hao-toi-300x300.png\" alt=\"\" width=\"667\" height=\"667\" \/><\/p>\n<\/div>\n<\/div>\n<\/section>","protected":false},"excerpt":{"rendered":"<p>D\u1ea7u h\u00e0o ra \u0111\u1eddi t\u1eeb n\u0103m 1888 b\u1edfi Lee Kam Sheung, s\u1ed1ng \u1edf l\u00e0ng Nam Th\u1ee7y, Chu H\u1ea3i, t\u1ec9nh Qu\u1ea3ng<\/p>","protected":false},"featured_media":25377,"comment_status":"open","ping_status":"closed","template":"","meta":[],"product_brand":[],"product_cat":[674,36],"product_tag":[],"class_list":{"0":"post-25371","1":"product","2":"type-product","3":"status-publish","4":"has-post-thumbnail","6":"product_cat-nhap-khau-trung-quoc","7":"product_cat-thuc-pham-tieu-dung","8":"pa_brand-ong-cha-va","10":"first","11":"outofstock","12":"sale","13":"shipping-taxable","14":"purchasable","15":"product-type-simple"},"_links":{"self":[{"href":"https:\/\/havamall.vn\/en\/wp-json\/wp\/v2\/product\/25371"}],"collection":[{"href":"https:\/\/havamall.vn\/en\/wp-json\/wp\/v2\/product"}],"about":[{"href":"https:\/\/havamall.vn\/en\/wp-json\/wp\/v2\/types\/product"}],"replies":[{"embeddable":true,"href":"https:\/\/havamall.vn\/en\/wp-json\/wp\/v2\/comments?post=25371"}],"version-history":[{"count":0,"href":"https:\/\/havamall.vn\/en\/wp-json\/wp\/v2\/product\/25371\/revisions"}],"wp:featuredmedia":[{"embeddable":true,"href":"https:\/\/havamall.vn\/en\/wp-json\/wp\/v2\/media\/25377"}],"wp:attachment":[{"href":"https:\/\/havamall.vn\/en\/wp-json\/wp\/v2\/media?parent=25371"}],"wp:term":[{"taxonomy":"product_brand","embeddable":true,"href":"https:\/\/havamall.vn\/en\/wp-json\/wp\/v2\/product_brand?post=25371"},{"taxonomy":"product_cat","embeddable":true,"href":"https:\/\/havamall.vn\/en\/wp-json\/wp\/v2\/product_cat?post=25371"},{"taxonomy":"product_tag","embeddable":true,"href":"https:\/\/havamall.vn\/en\/wp-json\/wp\/v2\/product_tag?post=25371"}],"curies":[{"name":"wp","href":"https:\/\/api.w.org\/{rel}","templated":true}]}}