{"id":25355,"date":"2022-02-16T16:46:57","date_gmt":"2022-02-16T09:46:57","guid":{"rendered":"https:\/\/havamall.vn\/?post_type=product&#038;p=25355"},"modified":"2023-02-07T11:59:28","modified_gmt":"2023-02-07T04:59:28","slug":"nho-kho-sultanas-huu-co-diet-food-250g-organic-raisins","status":"publish","type":"product","link":"https:\/\/havamall.vn\/en\/shop\/nho-kho-sultanas-huu-co-diet-food-250g-organic-raisins\/","title":{"rendered":"Nho Kh\u00f4 Sultanas H\u1eefu C\u01a1 Diet Food 250g &#8211; Organic Raisins"},"content":{"rendered":"<div class=\"o9v6fnle cxmmr5t8 oygrvhab hcukyx3x c1et5uql ii04i59q\">\n<h3><strong>TH\u00d4NG TIN S\u1ea2N PH\u1ea8M<\/strong><\/h3>\n<table>\n<tbody>\n<tr>\n<td>Th\u01b0\u01a1ng hi\u1ec7u<\/td>\n<td>Diet Food<\/td>\n<\/tr>\n<tr>\n<td>Xu\u1ea5t x\u1ee9<\/td>\n<td>Ba Lan<\/td>\n<\/tr>\n<tr>\n<td>Th\u00e0nh ph\u1ea7n<\/td>\n<td>Nho kh\u00f4 Sultanas h\u1eefu c\u01a1, d\u1ea7u h\u01b0\u1edbng d\u01b0\u01a1ng h\u1eefu c\u01a1 (0.5%)<\/td>\n<\/tr>\n<tr>\n<td>H\u1ea1n s\u1eed d\u1ee5ng<\/td>\n<td>12 th\u00e1ng k\u1ec3 t\u1eeb ng\u00e0y s\u1ea3n xu\u1ea5t.<\/td>\n<\/tr>\n<tr>\n<td>B\u1ea3o qu\u1ea3n<\/td>\n<td>\u0110\u1ec3 n\u01a1i kh\u00f4 r\u00e1o, tho\u00e1ng m\u00e1t, tr\u00e1nh \u00e1nh n\u1eafng tr\u1ef1c ti\u1ebfp<\/td>\n<\/tr>\n<tr>\n<td>Kh\u1ed1i l\u01b0\u1ee3ng<\/td>\n<td>250g<\/td>\n<\/tr>\n<\/tbody>\n<\/table>\n<p dir=\"auto\">Nho kh\u00f4 h\u1eefu c\u01a1 kh\u00f4ng c\u00f3 h\u1ea1t, \u0111\u01b0\u1ee3c tr\u1ed3ng ho\u00e0n to\u00e0n kh\u00f4ng d\u00f9ng ph\u00e2n b\u00f3n h\u00f3a h\u1ecdc, c\u00f3 h\u01b0\u01a1ng v\u1ecb ng\u1ecdt ng\u00e0o v\u00e0 h\u01b0\u01a1ng th\u01a1m \u0111\u1ed9c \u0111\u00e1o. C\u00e1c b\u01b0\u1edbc s\u01a1 ch\u1ebf , l\u00e0m s\u1ea1ch \u0111\u01b0\u1ee3c ti\u1ebfn h\u00e0nh ho\u00e0n to\u00e0n t\u1ef1 \u0111\u1ed9ng b\u1eb1ng m\u00e1y \u0111\u1ec3 \u0111\u1ea3m b\u1ea3o an to\u00e0n v\u1ec7 sinh th\u1ef1c ph\u1ea9m, \u0111\u00e1p \u1ee9ng c\u00e1c ti\u00eau chu\u1ea9n kh\u1eaft khe nh\u1ea5t tr\u00ean th\u1ebf gi\u1edbi.<\/p>\n<p dir=\"auto\">Nho kh\u00f4 h\u1eefu c\u01a1 Sultana Diet Food \u0111\u01b0\u1ee3c mang v\u1ecb ng\u1ecdt t\u1ef1 nhi\u00ean, thanh m\u00e1t,kh\u00f4ng g\u1eaft nh\u01b0 nho s\u1ea5y b\u00ecnh th\u01b0\u1eddng. Nho kh\u00f4 gi\u1eef \u0111\u01b0\u1ee3c h\u00e0m l\u01b0\u1ee3ng dinh d\u01b0\u1ee1ng c\u0169ng nh\u01b0 ch\u1ea5t kho\u00e1ng trong qu\u1ea3 nho.<\/p>\n<p dir=\"auto\"><img fetchpriority=\"high\" decoding=\"async\" class=\"wp-image-25356 aligncenter\" src=\"https:\/\/havamall.vn\/wp-content\/uploads\/2022\/02\/248434924-212x300.png\" alt=\"\" width=\"573\" height=\"811\" srcset=\"https:\/\/havamall.vn\/wp-content\/uploads\/2022\/02\/248434924-212x300.png 212w, https:\/\/havamall.vn\/wp-content\/uploads\/2022\/02\/248434924-430x608.png 430w, https:\/\/havamall.vn\/wp-content\/uploads\/2022\/02\/248434924-150x212.png 150w, https:\/\/havamall.vn\/wp-content\/uploads\/2022\/02\/248434924-700x990.png 700w, https:\/\/havamall.vn\/wp-content\/uploads\/2022\/02\/248434924-768x1086.png 768w, https:\/\/havamall.vn\/wp-content\/uploads\/2022\/02\/248434924-724x1024.png 724w, https:\/\/havamall.vn\/wp-content\/uploads\/2022\/02\/248434924-1200x1697.png 1200w, https:\/\/havamall.vn\/wp-content\/uploads\/2022\/02\/248434924-600x849.png 600w, https:\/\/havamall.vn\/wp-content\/uploads\/2022\/02\/248434924.png 1448w\" sizes=\"(max-width: 573px) 100vw, 573px\" \/><\/p>\n<p dir=\"auto\">Nho kh\u00f4 h\u1eefu c\u01a1 Sultana Diet Food \u0111\u1ea3m b\u1ea3o \u0111\u1ed9 ng\u1ecdt l\u00fd t\u01b0\u1edfng v\u00e0 h\u00ecnh \u1ea3nh s\u1ea3n ph\u1ea9m nh\u01b0 t\u00ean g\u1ecdi, lu\u00f4n ch\u1ecdn l\u1ef1a k\u1ef9 l\u01b0\u1ee1ng t\u1eebng tr\u00e1i nho, ph\u01a1i kh\u00f4 t\u1ef1 nhi\u00ean d\u01b0\u1edbi \u00e1nh n\u1eafng M\u1eb7t Tr\u1eddi sau khi thu ho\u1ea1ch v\u00e0 h\u1ea5p l\u1ea1i v\u1edbi n\u01b0\u1edbc \u0111\u1ec3 nho c\u00f3 \u0111\u1ed9 m\u1ec1m d\u1ebbo.<\/p>\n<p dir=\"auto\">V\u1edbi cam k\u1ebft v\u1ec1 \u0111\u1ed9 t\u01b0\u01a1i ngon c\u0169ng nh\u01b0 ch\u1ea5t l\u01b0\u1ee3ng c\u1ee7a s\u1ea3n ph\u1ea9m khi \u0111\u1ebfn tay ng\u01b0\u1eddi ti\u00eau d\u00f9ng, s\u1ea3n ph\u1ea9m kh\u00f4ng h\u1ec1 th\u00eam \u0111\u01b0\u1eddng, ch\u1ea5t b\u1ea3o qu\u1ea3n hay b\u1ea5t k\u1ef3 ch\u1ea5t h\u00f3a h\u1ecdc n\u00e0o c\u00f9ng v\u1edbi nho.<\/p>\n<p dir=\"auto\"><img decoding=\"async\" class=\"wp-image-25357 aligncenter\" src=\"https:\/\/havamall.vn\/wp-content\/uploads\/2022\/02\/144153126-300x243.png\" alt=\"\" width=\"573\" height=\"465\" srcset=\"https:\/\/havamall.vn\/wp-content\/uploads\/2022\/02\/144153126-300x243.png 300w, https:\/\/havamall.vn\/wp-content\/uploads\/2022\/02\/144153126-430x349.png 430w, https:\/\/havamall.vn\/wp-content\/uploads\/2022\/02\/144153126-150x122.png 150w, https:\/\/havamall.vn\/wp-content\/uploads\/2022\/02\/144153126-700x567.png 700w, https:\/\/havamall.vn\/wp-content\/uploads\/2022\/02\/144153126-768x623.png 768w, https:\/\/havamall.vn\/wp-content\/uploads\/2022\/02\/144153126-1024x830.png 1024w, https:\/\/havamall.vn\/wp-content\/uploads\/2022\/02\/144153126-1200x973.png 1200w, https:\/\/havamall.vn\/wp-content\/uploads\/2022\/02\/144153126-600x486.png 600w, https:\/\/havamall.vn\/wp-content\/uploads\/2022\/02\/144153126.png 1500w\" sizes=\"(max-width: 573px) 100vw, 573px\" \/><\/p>\n<\/div>\n<div dir=\"auto\">Nho kh\u00f4 h\u1eefu c\u01a1 Sultana Diet Food 250g l\u00e0 m\u1ed9t m\u00f3n \u0103n tuy\u1ec7t v\u1eddi \u0111\u1ec3 l\u00e0m h\u00e0i l\u00f2ng nh\u1eefng t\u00edn \u0111\u1ed3 th\u00edch ng\u1ecdt nh\u01b0ng v\u1eabn t\u1ed1t cho s\u1ee9c kho\u1ebb v\u00e0 b\u1ed5 d\u01b0\u1ee1ng. B\u1ea1n c\u00f3 th\u1ec3 d\u1ec5 d\u00e0ng mang theo v\u00e0 th\u01b0\u1edfng th\u1ee9c b\u1ea5t c\u1ee9 l\u00fac n\u00e0o m\u1ed9t c\u00e1ch ti\u1ec7n l\u1ee3i, mang \u0111\u1ebfn m\u1ed9t b\u1eefa \u0103n nh\u1eb9 t\u01b0\u01a1i ngon cho m\u00ecnh. Nho kh\u00f4 h\u1eefu c\u01a1 Sultana Diet Food r\u1ea5t th\u00edch h\u1ee3p l\u00e0m m\u00f3n \u0103n nh\u1eb9 \u00a0t\u1ea1i v\u0103n ph\u00f2ng, c\u0169ng nh\u01b0 cho tr\u1ebb mang theo trong t\u00fai \u0111\u1ec3 \u0103n tr\u01b0a v\u00e0 th\u1eadm ch\u00ed l\u00e0m b\u1eefa s\u00e1ng nhanh g\u1ecdn cho nh\u1eefng bu\u1ed5i s\u00e1ng b\u1eadn r\u1ed9n.<br \/>\n<img decoding=\"async\" class=\"wp-image-25358 aligncenter\" src=\"https:\/\/havamall.vn\/wp-content\/uploads\/2022\/02\/sernik-z-300x225.png\" alt=\"\" width=\"586\" height=\"440\" srcset=\"https:\/\/havamall.vn\/wp-content\/uploads\/2022\/02\/sernik-z-300x225.png 300w, https:\/\/havamall.vn\/wp-content\/uploads\/2022\/02\/sernik-z-430x323.png 430w, https:\/\/havamall.vn\/wp-content\/uploads\/2022\/02\/sernik-z-150x113.png 150w, https:\/\/havamall.vn\/wp-content\/uploads\/2022\/02\/sernik-z-700x525.png 700w, https:\/\/havamall.vn\/wp-content\/uploads\/2022\/02\/sernik-z-768x576.png 768w, https:\/\/havamall.vn\/wp-content\/uploads\/2022\/02\/sernik-z-1024x768.png 1024w, https:\/\/havamall.vn\/wp-content\/uploads\/2022\/02\/sernik-z.png 1200w, https:\/\/havamall.vn\/wp-content\/uploads\/2022\/02\/sernik-z-600x450.png 600w\" sizes=\"(max-width: 586px) 100vw, 586px\" \/><\/div>\n<div dir=\"auto\">\n<h3><strong>L\u1ee3i \u00edch s\u1ee9c kh\u1ecfe:<\/strong><\/h3>\n<\/div>\n<p>&#8211; H\u00e0m l\u01b0\u1ee3ng Vitamin A cao gi\u00fap b\u1ea3o v\u1ec7 m\u1eaft, h\u1ed7 tr\u1ee3 \u0111i\u1ec1u tr\u1ecb c\u00e1c b\u1ec7nh v\u1ec1 m\u1eaft.<\/p>\n<p>&#8211; B\u1ed5 sung Canxi gi\u00fap c\u1ea3i thi\u1ec7n m\u1eadt \u0111\u1ed9 x\u01b0\u01a1ng , t\u1ed1t cho ph\u1ee5 n\u1eef tu\u1ed5i m\u00e3n kinh, trung ni\u00ean v\u00e0 ng\u01b0\u1eddi cao. tu\u1ed5i<\/p>\n<p>&#8211; Gi\u00e0u s\u1eaft h\u1ed7 tr\u1ee3 v\u00e0 \u0111i\u1ec1u tr\u1ecb thi\u1ebfu m\u00e1u, b\u1ed5 sung vitamin C t\u0103ng s\u1ee9c \u0111\u1ec1 kh\u00e1ng cho c\u01a1 th\u1ec3.<\/p>\n<p>&#8211; B\u1ed5 sung Kali g\u00f3p ph\u1ea7n h\u1ed7 tr\u1ee3 huy\u1ebft \u00e1p \u1ed5n \u0111\u1ecbnh , gi\u1ea3m co th\u1eaft c\u01a1 b\u1eafp trong c\u01a1 th\u1ec3.<\/p>\n<p><img loading=\"lazy\" decoding=\"async\" class=\"wp-image-25362 aligncenter\" src=\"https:\/\/havamall.vn\/wp-content\/uploads\/2022\/02\/260057432_1-300x251.png\" alt=\"\" width=\"475\" height=\"397\" srcset=\"https:\/\/havamall.vn\/wp-content\/uploads\/2022\/02\/260057432_1-300x251.png 300w, https:\/\/havamall.vn\/wp-content\/uploads\/2022\/02\/260057432_1-430x360.png 430w, https:\/\/havamall.vn\/wp-content\/uploads\/2022\/02\/260057432_1-150x126.png 150w, https:\/\/havamall.vn\/wp-content\/uploads\/2022\/02\/260057432_1-700x587.png 700w, https:\/\/havamall.vn\/wp-content\/uploads\/2022\/02\/260057432_1-768x644.png 768w, https:\/\/havamall.vn\/wp-content\/uploads\/2022\/02\/260057432_1-600x503.png 600w, https:\/\/havamall.vn\/wp-content\/uploads\/2022\/02\/260057432_1.png 940w\" sizes=\"(max-width: 475px) 100vw, 475px\" \/><\/p>\n<h3><strong>\u0110\u1eb7c \u0111i\u1ec3m n\u1ed5i b\u1eadt c\u1ee7a Nho kh\u00f4 h\u1eefu c\u01a1 Sultana Diet Food:<\/strong><\/h3>\n<p>&#8211; Kh\u00f4ng c\u00f3 cholesterol<\/p>\n<p>&#8211; Kh\u00f4ng c\u00f3 c\u00e1c lo\u1ea1i h\u1ea1t<\/p>\n<p>&#8211; Kh\u00f4ng c\u00f3 gluten.<\/p>\n<p><img loading=\"lazy\" decoding=\"async\" class=\"wp-image-25360 aligncenter\" src=\"https:\/\/havamall.vn\/wp-content\/uploads\/2022\/02\/yen-mach-300x300.png\" alt=\"\" width=\"625\" height=\"625\" srcset=\"https:\/\/havamall.vn\/wp-content\/uploads\/2022\/02\/yen-mach-300x300.png 300w, https:\/\/havamall.vn\/wp-content\/uploads\/2022\/02\/yen-mach-430x430.png 430w, https:\/\/havamall.vn\/wp-content\/uploads\/2022\/02\/yen-mach-150x150.png 150w, https:\/\/havamall.vn\/wp-content\/uploads\/2022\/02\/yen-mach-700x700.png 700w, https:\/\/havamall.vn\/wp-content\/uploads\/2022\/02\/yen-mach-768x768.png 768w, https:\/\/havamall.vn\/wp-content\/uploads\/2022\/02\/yen-mach-1024x1024.png 1024w, https:\/\/havamall.vn\/wp-content\/uploads\/2022\/02\/yen-mach-1200x1200.png 1200w, https:\/\/havamall.vn\/wp-content\/uploads\/2022\/02\/yen-mach-600x600.png 600w, https:\/\/havamall.vn\/wp-content\/uploads\/2022\/02\/yen-mach-100x100.png 100w, https:\/\/havamall.vn\/wp-content\/uploads\/2022\/02\/yen-mach.png 1244w\" sizes=\"(max-width: 625px) 100vw, 625px\" \/><\/p>\n<h3><strong>H\u01b0\u1edbng d\u1eabn s\u1eed d\u1ee5ng:<\/strong><\/h3>\n<p>&gt; D\u00f9ng l\u00e0m m\u00f3n \u0103n nh\u1eb9 l\u00e0nh m\u1ea1nh<\/p>\n<p>&gt; S\u1eed d\u1ee5ng v\u1edbi ng\u0169 c\u1ed1c, s\u1eefa chua,&#8230; \u0111\u1ec3 l\u00e0m m\u00f3n \u0103n s\u00e1ng<\/p>\n<p>&gt; Cho tr\u1ebb mang \u0111i h\u1ecdc \u0103n tr\u01b0a<\/p>\n<p>&gt; B\u1ed5 sung cho c\u00e1c c\u00f4ng th\u1ee9c b\u1eefa \u0103n t\u1ed1i<\/p>\n<p>&gt; D\u00f9ng v\u1edbi granola v\u00e0 s\u1eefa chua.<\/p>\n<p>S\u1ea3n ph\u1ea9m hi\u1ec7n \u0111\u00e3 c\u00f3 m\u1eb7t t\u1ea1i Havamall.<\/p>\n<p>&nbsp;<\/p>","protected":false},"excerpt":{"rendered":"<p>TH\u00d4NG TIN S\u1ea2N PH\u1ea8M Th\u01b0\u01a1ng hi\u1ec7u Diet Food Xu\u1ea5t x\u1ee9 Ba Lan Th\u00e0nh ph\u1ea7n Nho kh\u00f4 Sultanas h\u1eefu c\u01a1, d\u1ea7u<\/p>","protected":false},"featured_media":25361,"comment_status":"open","ping_status":"closed","template":"","meta":[],"product_brand":[],"product_cat":[256,36],"product_tag":[],"class_list":{"0":"post-25355","1":"product","2":"type-product","3":"status-publish","4":"has-post-thumbnail","6":"product_cat-thuc-pham-huu-co","7":"product_cat-thuc-pham-tieu-dung","9":"first","10":"outofstock","11":"sale","12":"shipping-taxable","13":"purchasable","14":"product-type-simple"},"_links":{"self":[{"href":"https:\/\/havamall.vn\/en\/wp-json\/wp\/v2\/product\/25355"}],"collection":[{"href":"https:\/\/havamall.vn\/en\/wp-json\/wp\/v2\/product"}],"about":[{"href":"https:\/\/havamall.vn\/en\/wp-json\/wp\/v2\/types\/product"}],"replies":[{"embeddable":true,"href":"https:\/\/havamall.vn\/en\/wp-json\/wp\/v2\/comments?post=25355"}],"version-history":[{"count":0,"href":"https:\/\/havamall.vn\/en\/wp-json\/wp\/v2\/product\/25355\/revisions"}],"wp:featuredmedia":[{"embeddable":true,"href":"https:\/\/havamall.vn\/en\/wp-json\/wp\/v2\/media\/25361"}],"wp:attachment":[{"href":"https:\/\/havamall.vn\/en\/wp-json\/wp\/v2\/media?parent=25355"}],"wp:term":[{"taxonomy":"product_brand","embeddable":true,"href":"https:\/\/havamall.vn\/en\/wp-json\/wp\/v2\/product_brand?post=25355"},{"taxonomy":"product_cat","embeddable":true,"href":"https:\/\/havamall.vn\/en\/wp-json\/wp\/v2\/product_cat?post=25355"},{"taxonomy":"product_tag","embeddable":true,"href":"https:\/\/havamall.vn\/en\/wp-json\/wp\/v2\/product_tag?post=25355"}],"curies":[{"name":"wp","href":"https:\/\/api.w.org\/{rel}","templated":true}]}}