{"id":25339,"date":"2022-02-16T14:15:51","date_gmt":"2022-02-16T07:15:51","guid":{"rendered":"https:\/\/havamall.vn\/?post_type=product&#038;p=25339"},"modified":"2022-12-15T10:28:21","modified_gmt":"2022-12-15T03:28:21","slug":"dau-hu-ca-pho-mai-eb-500g-cheese-fish-tofu","status":"publish","type":"product","link":"https:\/\/havamall.vn\/en\/shop\/dau-hu-ca-pho-mai-eb-500g-cheese-fish-tofu\/","title":{"rendered":"\u0110\u1eadu H\u1ee7 C\u00e1 Ph\u00f4 Mai EB 500G &#8211; Cheese Fish Tofu (25 Vi\u00ean)"},"content":{"rendered":"<h3><strong>TH\u00d4NG TIN S\u1ea2N PH\u1ea8M<\/strong><\/h3>\n<table>\n<tbody>\n<tr>\n<td>Th\u01b0\u01a1ng hi\u1ec7u<\/td>\n<td>EB<\/td>\n<\/tr>\n<tr>\n<td>Xu\u1ea5t x\u1ee9<\/td>\n<td>Malaysia<\/td>\n<\/tr>\n<tr>\n<td>Th\u00e0nh ph\u1ea7n<\/td>\n<td>Th\u1ecbt c\u00e1, ph\u00f4 mai, tinh b\u1ed9t s\u1eafn, b\u1ed9t l\u00f2ng tr\u1eafng tr\u1ee9ng, protein \u0111\u1eadu n\u00e0nh<\/td>\n<\/tr>\n<tr>\n<td>H\u1ea1n s\u1eed d\u1ee5ng<\/td>\n<td>24 th\u00e1ng k\u1ec3 t\u1eeb ng\u00e0y s\u1ea3n xu\u1ea5t.<\/td>\n<\/tr>\n<tr>\n<td>B\u1ea3o qu\u1ea3n<\/td>\n<td>B\u1ea3o qu\u1ea3n \u1edf nhi\u1ec7t \u0111\u1ed9 -18 \u0111\u1ed9 C<\/td>\n<\/tr>\n<tr>\n<td>Kh\u1ed1i l\u01b0\u1ee3ng<\/td>\n<td>500g<\/td>\n<\/tr>\n<\/tbody>\n<\/table>\n<p>Sau khi th\u00e0nh l\u1eadp \u0111\u01b0\u1ee3c v\u00e0i n\u0103m (k\u1ec3 t\u1eeb 2015), EB Food \u0111\u00e3 ng\u00e0y c\u00e0ng tr\u1edf n\u00ean l\u1edbn m\u1ea1nh v\u00e0 \u0111\u01b0\u1ee3c nhi\u1ec1u ng\u01b0\u1eddi d\u00e2n tin d\u00f9ng v\u1edbi nh\u1eefng th\u1ef1c ph\u1ea9m protein n\u1ed5i b\u1eadt nh\u01b0\u00a0\u0111\u1eadu h\u1ee7 ph\u00f4 mai,\u00a0\u0111\u1eadu h\u1ee7 c\u00e1, t\u00f4m h\u00f9m \u0111\u1ea5t vi\u00ean,\u00a0sandwich c\u00e1,\u2026<\/p>\n<p><img fetchpriority=\"high\" decoding=\"async\" class=\"wp-image-25340 aligncenter\" src=\"https:\/\/havamall.vn\/wp-content\/uploads\/2022\/02\/60349425-300x289.png\" alt=\"\" width=\"681\" height=\"655\" srcset=\"https:\/\/havamall.vn\/wp-content\/uploads\/2022\/02\/60349425-300x289.png 300w, https:\/\/havamall.vn\/wp-content\/uploads\/2022\/02\/60349425-430x414.png 430w, https:\/\/havamall.vn\/wp-content\/uploads\/2022\/02\/60349425-150x144.png 150w, https:\/\/havamall.vn\/wp-content\/uploads\/2022\/02\/60349425-700x674.png 700w, https:\/\/havamall.vn\/wp-content\/uploads\/2022\/02\/60349425-768x739.png 768w, https:\/\/havamall.vn\/wp-content\/uploads\/2022\/02\/60349425-600x578.png 600w, https:\/\/havamall.vn\/wp-content\/uploads\/2022\/02\/60349425.png 800w\" sizes=\"(max-width: 681px) 100vw, 681px\" \/><\/p>\n<p>\u0110\u1eadu h\u1ee7 c\u00e1 ph\u00f4 mai EB \u0111\u01b0\u1ee3c l\u00e0m ho\u00e0n to\u00e0n t\u1eeb nh\u1eefng nguy\u00ean li\u1ec7u t\u01b0\u01a1i ngon, th\u00f4ng qua ch\u1ecdn l\u1ecdc k\u0129 c\u00e0ng, \u0111\u1ea3m b\u1ea3o mang \u0111\u1ebfn kh\u00e1ch h\u00e0ng s\u1ea3n ph\u1ea9m th\u01a1m ngon v\u00e0 ch\u1ea5t l\u01b0\u1ee3ng. \u0110\u1ed3ng th\u1eddi r\u1ea5t\u00a0ti\u1ec7n l\u1ee3i, ch\u1ebf bi\u1ebfn nhanh, gi\u00fap c\u00e1c ch\u1ecb n\u1ed9i tr\u1ee3 ti\u1ebft ki\u1ec7m th\u1eddi gian.<\/p>\n<p>\u0110\u1eadu h\u1ee7 ph\u00f4 mai \u0111\u01b0\u1ee3c s\u1ea3n xu\u1ea5t t\u1ea1i \u0111\u1ea5t n\u01b0\u1edbc Malaysia sau \u0111\u00f3 m\u1edbi \u0111\u01b0\u1ee3c nh\u1eadp kh\u1ea9u v\u1ec1 Vi\u1ec7t Nam theo con \u0111\u01b0\u1eddng ch\u00ednh ng\u1ea1ch. Tuy m\u1edbi c\u00f3 m\u1eb7t \u1edf th\u1ecb tr\u01b0\u1eddng n\u1eb1m 2020 nh\u01b0ng \u0111\u00e3 \u0111\u01b0\u1ee3c nhi\u1ec1u t\u00edn \u0111\u1ed3 vi\u00ean th\u1ea3 l\u1ea9u y\u00eau th\u00edch\u00a0l\u00e0 m\u00f3n \u0103n \u0111\u01b0\u1ee3c nhi\u1ec1u ng\u01b0\u1eddi y\u00eau th\u00edch b\u1edfi h\u01b0\u01a1ng v\u1ecb th\u01a1m ngon, nh\u00e2n ph\u00f4 mai b\u00e9o ng\u1eady h\u1ea5p d\u1eabn.<\/p>\n<p><img decoding=\"async\" class=\"wp-image-25341 aligncenter\" src=\"https:\/\/havamall.vn\/wp-content\/uploads\/2022\/02\/tauhuc-290x300.png\" alt=\"\" width=\"667\" height=\"689\" srcset=\"https:\/\/havamall.vn\/wp-content\/uploads\/2022\/02\/tauhuc-290x300.png 290w, https:\/\/havamall.vn\/wp-content\/uploads\/2022\/02\/tauhuc-430x444.png 430w, https:\/\/havamall.vn\/wp-content\/uploads\/2022\/02\/tauhuc-150x155.png 150w, https:\/\/havamall.vn\/wp-content\/uploads\/2022\/02\/tauhuc-700x723.png 700w, https:\/\/havamall.vn\/wp-content\/uploads\/2022\/02\/tauhuc-768x793.png 768w, https:\/\/havamall.vn\/wp-content\/uploads\/2022\/02\/tauhuc-600x620.png 600w, https:\/\/havamall.vn\/wp-content\/uploads\/2022\/02\/tauhuc.png 789w\" sizes=\"(max-width: 667px) 100vw, 667px\" \/><\/p>\n<p>\u0110\u1eadu h\u0169 ph\u00f4 mai Malaysia l\u00e0 lo\u1ea1i \u0111\u1eadu h\u0169 kh\u00f4ng d\u1eebng l\u1ea1i \u1edf h\u01b0\u01a1ng v\u1ecb m\u1ec1m m\u1ecbn, thanh tao, \u0111\u1eadu ph\u1ee5 c\u00f2n c\u00f3 th\u1ec3 k\u1ebft h\u1ee3p v\u1edbi v\u00f4 v\u00e0n th\u1ee9 nguy\u00ean li\u1ec7u v\u00e0 c\u00e1ch ch\u1ebf bi\u1ebfn kh\u00e1c nhau \u0111\u1ec3 cho ra r\u1ea5t nhi\u1ec1u m\u00f3n \u0103n d\u00f9 chay hay m\u1eb7n, \u00c1 hay \u00c2u \u0111\u1ec1u v\u00f4 c\u00f9ng h\u1ea5p d\u1eabn. K\u1ebft h\u1ee3p v\u1edbi th\u1ecbt c\u00e1 basa c\u1ed9ng v\u1edbi ph\u00f4 mai b\u00ean trong c\u00e0ng l\u00e0m tang th\u00eam h\u01b0\u01a1ng v\u1ecb, \u0111\u1ed9 dai v\u00e0 \u0111\u1ed9 b\u00e9o cho m\u00f3n \u0103n.<\/p>\n<p>Khi c\u1eafn nh\u01b0 mu\u1ed1n m\u1ec1m tan trong mi\u1ec7ng xong r\u1ed3i ho\u00e0 qu\u1ec7n v\u1edbi l\u1edbp phomai m\u1eb1n m\u1eb7n b\u00e9o ng\u1eady ngon l\u1eafm \u1ea1 v\u00e0 \u0111\u1eadu h\u0169 th\u01a1m gi\u00f2n, ng\u1ecdt thanh h\u00f2a quy\u1ec7n c\u00f9ng ph\u00f4 mai b\u00e9o ng\u1eady \u0111an xen c\u00f9ng nhau. \u0102n m\u1ed9t l\u1ea7n nh\u1edb m\u00e3i m\u00e3i. \u0102n l\u1ea9u tuy\u1ec7t v\u1eddi,chi\u00ean r\u00e1n c\u1ef1c ngon m\u00e0 \u0111\u01a1n gi\u1ea3n ch\u1ec9 n\u1ea5u c\u00f9ng m\u00ec t\u00f4m th\u00f4i c\u0169ng ngon n\u1ee9c n\u1edf.<\/p>\n<p><img decoding=\"async\" class=\"wp-image-25342 aligncenter\" src=\"https:\/\/havamall.vn\/wp-content\/uploads\/2022\/02\/216718460__n-300x300.png\" alt=\"\" width=\"668\" height=\"668\" srcset=\"https:\/\/havamall.vn\/wp-content\/uploads\/2022\/02\/216718460__n-300x300.png 300w, https:\/\/havamall.vn\/wp-content\/uploads\/2022\/02\/216718460__n-430x430.png 430w, https:\/\/havamall.vn\/wp-content\/uploads\/2022\/02\/216718460__n-150x150.png 150w, https:\/\/havamall.vn\/wp-content\/uploads\/2022\/02\/216718460__n-700x700.png 700w, https:\/\/havamall.vn\/wp-content\/uploads\/2022\/02\/216718460__n-768x768.png 768w, https:\/\/havamall.vn\/wp-content\/uploads\/2022\/02\/216718460__n-1024x1024.png 1024w, https:\/\/havamall.vn\/wp-content\/uploads\/2022\/02\/216718460__n-1200x1200.png 1200w, https:\/\/havamall.vn\/wp-content\/uploads\/2022\/02\/216718460__n-600x600.png 600w, https:\/\/havamall.vn\/wp-content\/uploads\/2022\/02\/216718460__n-100x100.png 100w, https:\/\/havamall.vn\/wp-content\/uploads\/2022\/02\/216718460__n.png 1667w\" sizes=\"(max-width: 668px) 100vw, 668px\" \/><\/p>\n<h3><strong>H\u01b0\u1edbng d\u1eabn s\u1eed d\u1ee5ng:<\/strong><\/h3>\n<p>\u2013 Sau khi l\u1ea5y s\u1ea3n ph\u1ea9m ra kh\u1ecfi ng\u0103n \u0111\u00f4ng c\u1ee7a t\u1ee7 l\u1ea1nh, cho nguy\u00ean bao b\u00ec\u00a0ng\u00e2m v\u00e0o n\u01b0\u1edbc \u0111\u1ec3 r\u00e3 \u0111\u00f4ng.<\/p>\n<p>\u2013 Ti\u1ebfp theo, c\u1eaft bao b\u00ec cho s\u1ea3n ph\u1ea9m ra \u0111\u0129a, ch\u1ebf bi\u1ebfn\u00a0c\u00e1c m\u00f3n nh\u01b0 chi\u00ean gi\u00f2n tr\u1ef1c ti\u1ebfp v\u1edbi\u00a0d\u1ea7u \u0103n\u00a0ho\u1eb7c s\u01a1 ch\u1ebf \u0111\u01a1n gi\u1ea3n v\u1edbi c\u00e1c m\u00f3n x\u00e0o, h\u1ea5p, ho\u1eb7c b\u1ecf v\u00e0o \u0103n k\u00e8m v\u1edbi m\u00f3n l\u1ea9u.<\/p>\n<p>S\u1ea3n ph\u1ea9m hi\u1ec7n \u0111\u00e3 c\u00f3 m\u1eb7t t\u1ea1i Havamall.<\/p>\n<p><img loading=\"lazy\" decoding=\"async\" class=\"wp-image-25343 aligncenter\" src=\"https:\/\/havamall.vn\/wp-content\/uploads\/2022\/02\/220226810-300x300.png\" alt=\"\" width=\"678\" height=\"678\" srcset=\"https:\/\/havamall.vn\/wp-content\/uploads\/2022\/02\/220226810-300x300.png 300w, https:\/\/havamall.vn\/wp-content\/uploads\/2022\/02\/220226810-430x430.png 430w, https:\/\/havamall.vn\/wp-content\/uploads\/2022\/02\/220226810-150x150.png 150w, https:\/\/havamall.vn\/wp-content\/uploads\/2022\/02\/220226810-700x700.png 700w, https:\/\/havamall.vn\/wp-content\/uploads\/2022\/02\/220226810-768x768.png 768w, https:\/\/havamall.vn\/wp-content\/uploads\/2022\/02\/220226810-1024x1024.png 1024w, https:\/\/havamall.vn\/wp-content\/uploads\/2022\/02\/220226810-1200x1200.png 1200w, https:\/\/havamall.vn\/wp-content\/uploads\/2022\/02\/220226810-600x600.png 600w, https:\/\/havamall.vn\/wp-content\/uploads\/2022\/02\/220226810-100x100.png 100w, https:\/\/havamall.vn\/wp-content\/uploads\/2022\/02\/220226810.png 1384w\" sizes=\"(max-width: 678px) 100vw, 678px\" \/><\/p>","protected":false},"excerpt":{"rendered":"<p>TH\u00d4NG TIN S\u1ea2N PH\u1ea8M Th\u01b0\u01a1ng hi\u1ec7u EB Xu\u1ea5t x\u1ee9 Malaysia Th\u00e0nh ph\u1ea7n Th\u1ecbt c\u00e1, ph\u00f4 mai, tinh b\u1ed9t s\u1eafn, b\u1ed9t<\/p>","protected":false},"featured_media":25345,"comment_status":"open","ping_status":"closed","template":"","meta":[],"product_brand":[],"product_cat":[275,36],"product_tag":[],"class_list":{"0":"post-25339","1":"product","2":"type-product","3":"status-publish","4":"has-post-thumbnail","6":"product_cat-thuc-pham-dong-lanh","7":"product_cat-thuc-pham-tieu-dung","8":"pa_brand-eb","10":"first","11":"instock","12":"sale","13":"shipping-taxable","14":"purchasable","15":"product-type-simple"},"_links":{"self":[{"href":"https:\/\/havamall.vn\/en\/wp-json\/wp\/v2\/product\/25339"}],"collection":[{"href":"https:\/\/havamall.vn\/en\/wp-json\/wp\/v2\/product"}],"about":[{"href":"https:\/\/havamall.vn\/en\/wp-json\/wp\/v2\/types\/product"}],"replies":[{"embeddable":true,"href":"https:\/\/havamall.vn\/en\/wp-json\/wp\/v2\/comments?post=25339"}],"version-history":[{"count":0,"href":"https:\/\/havamall.vn\/en\/wp-json\/wp\/v2\/product\/25339\/revisions"}],"wp:featuredmedia":[{"embeddable":true,"href":"https:\/\/havamall.vn\/en\/wp-json\/wp\/v2\/media\/25345"}],"wp:attachment":[{"href":"https:\/\/havamall.vn\/en\/wp-json\/wp\/v2\/media?parent=25339"}],"wp:term":[{"taxonomy":"product_brand","embeddable":true,"href":"https:\/\/havamall.vn\/en\/wp-json\/wp\/v2\/product_brand?post=25339"},{"taxonomy":"product_cat","embeddable":true,"href":"https:\/\/havamall.vn\/en\/wp-json\/wp\/v2\/product_cat?post=25339"},{"taxonomy":"product_tag","embeddable":true,"href":"https:\/\/havamall.vn\/en\/wp-json\/wp\/v2\/product_tag?post=25339"}],"curies":[{"name":"wp","href":"https:\/\/api.w.org\/{rel}","templated":true}]}}