{"id":25332,"date":"2022-02-16T11:55:56","date_gmt":"2022-02-16T04:55:56","guid":{"rendered":"https:\/\/havamall.vn\/?post_type=product&#038;p=25332"},"modified":"2022-12-15T10:35:20","modified_gmt":"2022-12-15T03:35:20","slug":"tom-phi-thuy-mini-eb-130g-prawn-paste","status":"publish","type":"product","link":"https:\/\/havamall.vn\/en\/shop\/tom-phi-thuy-mini-eb-130g-prawn-paste\/","title":{"rendered":"T\u00f4m Ph\u1ec9 Th\u00fay Mini EB 130g &#8211; Prawn Paste"},"content":{"rendered":"<h3><strong>TH\u00d4NG TIN S\u1ea2N PH\u1ea8M<\/strong><\/h3>\n<table>\n<tbody>\n<tr>\n<td>Th\u01b0\u01a1ng hi\u1ec7u<\/td>\n<td>EB<\/td>\n<\/tr>\n<tr>\n<td>Xu\u1ea5t x\u1ee9<\/td>\n<td>Malaysia<\/td>\n<\/tr>\n<tr>\n<td>Th\u00e0nh ph\u1ea7n<\/td>\n<td>T\u00f4m th\u1ebb ch\u00e2n tr\u1eafng 81.19%, th\u1ecbt c\u00e1 (c\u00e1 tr\u00e1p 8.69%), b\u1ed9t l\u00f2ng tr\u1eafng tr\u1ee9ng, tinh b\u1ed9t s\u1eafn bi\u1ebfn th\u1ec3 (E1412), \u0111\u01b0\u1eddng, ch\u1ea5t \u0111i\u1ec1u v\u1ecb (E621), mu\u1ed1i, d\u1ea7u m\u00e8,&#8230;<\/td>\n<\/tr>\n<tr>\n<td>H\u1ea1n s\u1eed d\u1ee5ng<\/td>\n<td>24 th\u00e1ng k\u1ec3 t\u1eeb ng\u00e0y s\u1ea3n xu\u1ea5t.<\/td>\n<\/tr>\n<tr>\n<td>B\u1ea3o qu\u1ea3n<\/td>\n<td>B\u1ea3o qu\u1ea3n \u1edf nhi\u1ec7t \u0111\u1ed9 -18 \u0111\u1ed9 C<\/td>\n<\/tr>\n<tr>\n<td>Kh\u1ed1i l\u01b0\u1ee3ng<\/td>\n<td>130g<\/td>\n<\/tr>\n<\/tbody>\n<\/table>\n<p>Sau khi th\u00e0nh l\u1eadp \u0111\u01b0\u1ee3c v\u00e0i n\u0103m (k\u1ec3 t\u1eeb 2015), EB Food \u0111\u00e3 ng\u00e0y c\u00e0ng tr\u1edf n\u00ean l\u1edbn m\u1ea1nh v\u00e0 \u0111\u01b0\u1ee3c nhi\u1ec1u ng\u01b0\u1eddi d\u00e2n tin d\u00f9ng v\u1edbi nh\u1eefng th\u1ef1c ph\u1ea9m protein n\u1ed5i b\u1eadt nh\u01b0\u00a0\u0111\u1eadu h\u1ee7 ph\u00f4 mai,\u00a0\u0111\u1eadu h\u1ee7 c\u00e1, t\u00f4m h\u00f9m \u0111\u1ea5t vi\u00ean,\u00a0sandwich c\u00e1,\u2026<\/p>\n<p>S\u00e1ng t\u1ea1o v\u00e0 \u0111\u1ed9c \u0111\u00e1o, EB l\u1ea1i ti\u1ebfp t\u1ee5c khi\u1ebfn ng\u01b0\u1eddi ti\u00eau d\u00f9ng ph\u1ea3i \u0111i\u00ean \u0111\u1ea3o khi cho ra m\u1eaft m\u1ed9t si\u00eau ph\u1ea9m\u00a0th\u1ea3 l\u1ea9u\u00a0m\u1edbi kh\u00f4ng ch\u1ec9 ch\u1ea5t l\u01b0\u1ee3ng m\u00e0 c\u00f2n \u0111\u1eb9p m\u1eaft, \u0111\u00f3 ch\u00ednh l\u00e0 Ch\u1ea3 t\u00f4m ph\u1ec9 th\u00fay h\u00ecnh l\u00e1 130g.<\/p>\n<p><img fetchpriority=\"high\" decoding=\"async\" class=\"wp-image-25333 aligncenter\" src=\"https:\/\/havamall.vn\/wp-content\/uploads\/2022\/02\/167153470_-300x114.png\" alt=\"\" width=\"721\" height=\"275\" srcset=\"https:\/\/havamall.vn\/wp-content\/uploads\/2022\/02\/167153470_-300x114.png 300w, https:\/\/havamall.vn\/wp-content\/uploads\/2022\/02\/167153470_-430x163.png 430w, https:\/\/havamall.vn\/wp-content\/uploads\/2022\/02\/167153470_-150x57.png 150w, https:\/\/havamall.vn\/wp-content\/uploads\/2022\/02\/167153470_-700x266.png 700w, https:\/\/havamall.vn\/wp-content\/uploads\/2022\/02\/167153470_-768x292.png 768w, https:\/\/havamall.vn\/wp-content\/uploads\/2022\/02\/167153470_-1024x389.png 1024w, https:\/\/havamall.vn\/wp-content\/uploads\/2022\/02\/167153470_-1200x456.png 1200w, https:\/\/havamall.vn\/wp-content\/uploads\/2022\/02\/167153470_-600x228.png 600w\" sizes=\"(max-width: 721px) 100vw, 721px\" \/><\/p>\n<p>T\u00f4m ph\u1ec9 th\u00fay l\u00e0 m\u1ed9t d\u1ea1ng t\u00f4m t\u01b0\u01a1i xay nhuy\u1ec5n \u0111\u01b0\u1ee3c ch\u1ebf bi\u1ebfn m\u1ed9t c\u00e1ch c\u00f4ng phu m\u00e0 khi ta nh\u00fang v\u00e0o l\u1ea9u vi\u00ean t\u00f4m h\u00ecnh l\u00e1 v\u1eabn gi\u1eef nguy\u00ean \u0111\u1ed9 ng\u1ecdt t\u1ef1 nhi\u00ean c\u1ee7a t\u00f4m. Th\u00e0nh ph\u1ea7n ho\u00e0n to\u00e0n l\u00e0 th\u1ecbt t\u00f4m ko h\u1ec1 pha tr\u1ed9n b\u1ed9t nh\u01b0 nh\u1eefng vi\u00ean th\u1ea3 l\u1ea9u kh\u00e1c. B\u1ea1n s\u1ebd c\u1ea3m nh\u1eadn \u0111\u01b0\u1ee3c ch\u1ea5t l\u01b0\u1ee3ng t\u00f4m cao c\u1ea5p ngon ng\u1ecdt dai gi\u00f2n th\u01a1m t\u1ea5t c\u1ea3 h\u00f2a quy\u1ec7n trong 1 chi\u1ebfc l\u00e1 mini xinh x\u1eafn.<\/p>\n<p>S\u1ea3n ph\u1ea9m \u0111\u01b0\u1ee3c l\u00e0m t\u1eeb nh\u1eefng con t\u00f4m \u0111\u1ea7y \u0111\u1eb7n, ch\u1ea5t l\u01b0\u1ee3ng th\u00f4ng qua l\u1ef1a ch\u1ecdn k\u1ef9 c\u00e0ng. K\u1ebft h\u1ee3p v\u1edbi m\u1ed9t ch\u00fat th\u1ecbt c\u00e1 tr\u00e1p, b\u1ed9t l\u00f2ng tr\u1eafng tr\u1ee9ng v\u00e0 m\u1ed9t s\u1ed1 gia v\u1ecb nh\u01b0 mu\u1ed1i, d\u1ea7u m\u00e8,&#8230;t\u1ea5t c\u1ea3 \u0111\u01b0\u1ee3c xay nhuy\u1ec5n v\u00e0 cho v\u00e0o khu\u00f4n c\u00f3 thi\u1ebft k\u1ebf h\u00ecnh chi\u1ebfc l\u00e1 nh\u1ecf, mang \u0111\u1ebfn nh\u1eefng mi\u1ebfng ch\u1ea3 t\u00f4m v\u1eeba \u0111\u1eb9p v\u1eeba h\u1ea5p d\u1eabn.<\/p>\n<p><img decoding=\"async\" class=\"wp-image-25334 aligncenter\" src=\"https:\/\/havamall.vn\/wp-content\/uploads\/2022\/02\/273767600-300x225.png\" alt=\"\" width=\"717\" height=\"537\" srcset=\"https:\/\/havamall.vn\/wp-content\/uploads\/2022\/02\/273767600-300x225.png 300w, https:\/\/havamall.vn\/wp-content\/uploads\/2022\/02\/273767600-430x323.png 430w, https:\/\/havamall.vn\/wp-content\/uploads\/2022\/02\/273767600-150x113.png 150w, https:\/\/havamall.vn\/wp-content\/uploads\/2022\/02\/273767600-700x525.png 700w, https:\/\/havamall.vn\/wp-content\/uploads\/2022\/02\/273767600-768x576.png 768w, https:\/\/havamall.vn\/wp-content\/uploads\/2022\/02\/273767600-1024x768.png 1024w, https:\/\/havamall.vn\/wp-content\/uploads\/2022\/02\/273767600-1200x900.png 1200w, https:\/\/havamall.vn\/wp-content\/uploads\/2022\/02\/273767600-600x450.png 600w, https:\/\/havamall.vn\/wp-content\/uploads\/2022\/02\/273767600.png 2048w\" sizes=\"(max-width: 717px) 100vw, 717px\" \/><\/p>\n<p>Ch\u1ec9 c\u1ea7n c\u1eafn m\u1ed9t c\u00e1i, b\u1ea1n s\u1ebd c\u1ea3m nh\u1eadn \u0111\u01b0\u1ee3c ngay \u0111\u1ed9 m\u1ec1m dai, \u0111\u00e0n h\u1ed3i t\u1eeb nh\u1eefng mi\u1ebfng ch\u1ea3 t\u00f4m v\u00f4 c\u00f9ng th\u00fa v\u1ecb, \u0111\u1ea3m b\u1ea3o s\u1ebd khi\u1ebfn b\u1ea1n th\u00edch m\u00ea. M\u1ed9t khay 130g bao g\u1ed3m 10 &#8220;chi\u1ebfc l\u00e1 nh\u1ecf&#8221;, c\u00f3 th\u1ec3 d\u00f9ng \u0111\u1ec3 n\u1ea5u l\u1ea9u, s\u00fap, canh, x\u00e0o&#8230;ho\u1eb7c \u0111\u01a1n gi\u1ea3n l\u00e0 n\u1ea5u c\u00f9ng m\u1ed9t g\u00f3i m\u00ec c\u0169ng \u0111\u1ee7 mang \u0111\u1ebfn cho m\u1ed9t b\u1eefa \u0103n x\u1ecbn x\u00f2 \u0111\u1ea7y ch\u1ea5t l\u01b0\u1ee3ng.<\/p>\n<p><img decoding=\"async\" class=\"wp-image-25335 aligncenter\" src=\"https:\/\/havamall.vn\/wp-content\/uploads\/2022\/02\/122126195_-300x282.png\" alt=\"\" width=\"715\" height=\"672\" srcset=\"https:\/\/havamall.vn\/wp-content\/uploads\/2022\/02\/122126195_-300x282.png 300w, https:\/\/havamall.vn\/wp-content\/uploads\/2022\/02\/122126195_-430x405.png 430w, https:\/\/havamall.vn\/wp-content\/uploads\/2022\/02\/122126195_-150x141.png 150w, https:\/\/havamall.vn\/wp-content\/uploads\/2022\/02\/122126195_-700x659.png 700w, https:\/\/havamall.vn\/wp-content\/uploads\/2022\/02\/122126195_-768x723.png 768w, https:\/\/havamall.vn\/wp-content\/uploads\/2022\/02\/122126195_-1024x964.png 1024w, https:\/\/havamall.vn\/wp-content\/uploads\/2022\/02\/122126195_-1200x1130.png 1200w, https:\/\/havamall.vn\/wp-content\/uploads\/2022\/02\/122126195_-600x565.png 600w, https:\/\/havamall.vn\/wp-content\/uploads\/2022\/02\/122126195_.png 2048w\" sizes=\"(max-width: 715px) 100vw, 715px\" \/><\/p>\n<h3><strong>H\u01b0\u1edbng d\u1eabn s\u1eed d\u1ee5ng:<\/strong><\/h3>\n<p>&#8211; Kh\u00f4ng r\u00e3 \u0111\u00f4ng tr\u01b0\u1edbc, t\u00f4m ph\u1ec9 th\u00fay v\u1eeba b\u1ecf ra v\u1eabn c\u00f2n \u0111\u00f4ng c\u1ee9ng s\u1ebd d\u1ec5 d\u00e0ng \u0111\u01b0\u1ee3c l\u1ea5y ra kh\u1ecfi khu\u00f4n h\u01a1n.<\/p>\n<p>&#8211; Cho v\u00e0o t\u1ea5t c\u1ea3 10 chi\u1ebfc l\u00e1 v\u00e0o n\u1ed3i l\u1ea9u \u0111ang s\u00f4i trong v\u00f2ng 15 20 gi\u00e2y \u0111\u1ec3 l\u1edbp ngo\u00e0i \u0111\u01b0\u1ee3c \u0111\u1ecbnh h\u00ecnh r\u1ed3i v\u1edbt t\u1ea5t c\u1ea3 ra \u0111\u1ec3 l\u00ean d\u0129a, kh\u00f4ng n\u00ean \u0111\u1ec3 l\u00e2u.<\/p>\n<p>&#8211; Khi \u0103n nh\u00fang t\u1eebng chi\u1ebfc l\u00e1 kho\u1ea3ng 3~4ph\u00fat l\u00e0 c\u00f3 th\u1ec3 th\u01b0\u1edfng th\u1ee9c.<\/p>\n<p>&#8211; N\u1ebfu \u0103n v\u1edbi m\u00ec n\u01b0\u1edbc s\u00f4i cho chi\u1ebfc l\u00e1 v\u00e0o t\u1ea7m 3~4ph\u00fat r\u1ed3i cho m\u00ec v\u00e0o v\u00e0 ch\u1ebf bi\u1ebfn m\u00ec<\/p>\n<p><img loading=\"lazy\" decoding=\"async\" class=\"wp-image-25337 aligncenter\" src=\"https:\/\/havamall.vn\/wp-content\/uploads\/2022\/02\/261025697-300x114.png\" alt=\"\" width=\"711\" height=\"270\" srcset=\"https:\/\/havamall.vn\/wp-content\/uploads\/2022\/02\/261025697-300x114.png 300w, https:\/\/havamall.vn\/wp-content\/uploads\/2022\/02\/261025697-430x164.png 430w, https:\/\/havamall.vn\/wp-content\/uploads\/2022\/02\/261025697-150x57.png 150w, https:\/\/havamall.vn\/wp-content\/uploads\/2022\/02\/261025697-700x266.png 700w, https:\/\/havamall.vn\/wp-content\/uploads\/2022\/02\/261025697-768x292.png 768w, https:\/\/havamall.vn\/wp-content\/uploads\/2022\/02\/261025697-1024x390.png 1024w, https:\/\/havamall.vn\/wp-content\/uploads\/2022\/02\/261025697-1200x456.png 1200w, https:\/\/havamall.vn\/wp-content\/uploads\/2022\/02\/261025697-600x228.png 600w, https:\/\/havamall.vn\/wp-content\/uploads\/2022\/02\/261025697.png 2048w\" sizes=\"(max-width: 711px) 100vw, 711px\" \/><\/p>","protected":false},"excerpt":{"rendered":"<p>TH\u00d4NG TIN S\u1ea2N PH\u1ea8M Th\u01b0\u01a1ng hi\u1ec7u EB Xu\u1ea5t x\u1ee9 Malaysia Th\u00e0nh ph\u1ea7n T\u00f4m th\u1ebb ch\u00e2n tr\u1eafng 81.19%, th\u1ecbt c\u00e1 (c\u00e1<\/p>","protected":false},"featured_media":25338,"comment_status":"open","ping_status":"closed","template":"","meta":[],"product_brand":[],"product_cat":[275,36],"product_tag":[],"class_list":{"0":"post-25332","1":"product","2":"type-product","3":"status-publish","4":"has-post-thumbnail","6":"product_cat-thuc-pham-dong-lanh","7":"product_cat-thuc-pham-tieu-dung","8":"pa_brand-eb","10":"first","11":"instock","12":"sale","13":"shipping-taxable","14":"purchasable","15":"product-type-simple"},"_links":{"self":[{"href":"https:\/\/havamall.vn\/en\/wp-json\/wp\/v2\/product\/25332"}],"collection":[{"href":"https:\/\/havamall.vn\/en\/wp-json\/wp\/v2\/product"}],"about":[{"href":"https:\/\/havamall.vn\/en\/wp-json\/wp\/v2\/types\/product"}],"replies":[{"embeddable":true,"href":"https:\/\/havamall.vn\/en\/wp-json\/wp\/v2\/comments?post=25332"}],"version-history":[{"count":0,"href":"https:\/\/havamall.vn\/en\/wp-json\/wp\/v2\/product\/25332\/revisions"}],"wp:featuredmedia":[{"embeddable":true,"href":"https:\/\/havamall.vn\/en\/wp-json\/wp\/v2\/media\/25338"}],"wp:attachment":[{"href":"https:\/\/havamall.vn\/en\/wp-json\/wp\/v2\/media?parent=25332"}],"wp:term":[{"taxonomy":"product_brand","embeddable":true,"href":"https:\/\/havamall.vn\/en\/wp-json\/wp\/v2\/product_brand?post=25332"},{"taxonomy":"product_cat","embeddable":true,"href":"https:\/\/havamall.vn\/en\/wp-json\/wp\/v2\/product_cat?post=25332"},{"taxonomy":"product_tag","embeddable":true,"href":"https:\/\/havamall.vn\/en\/wp-json\/wp\/v2\/product_tag?post=25332"}],"curies":[{"name":"wp","href":"https:\/\/api.w.org\/{rel}","templated":true}]}}