{"id":25326,"date":"2022-02-16T11:00:48","date_gmt":"2022-02-16T04:00:48","guid":{"rendered":"https:\/\/havamall.vn\/?post_type=product&#038;p=25326"},"modified":"2022-12-15T10:30:50","modified_gmt":"2022-12-15T03:30:50","slug":"tom-hum-vien-eb-goi-25-vien-500g-lobster-ball","status":"publish","type":"product","link":"https:\/\/havamall.vn\/en\/shop\/tom-hum-vien-eb-goi-25-vien-500g-lobster-ball\/","title":{"rendered":"T\u00f4m H\u00f9m Vi\u00ean EB G\u00f3i 25 Vi\u00ean 500G &#8211; Lobster Ball"},"content":{"rendered":"<h3><strong>TH\u00d4NG TIN S\u1ea2N PH\u1ea8M<\/strong><\/h3>\n<table>\n<tbody>\n<tr>\n<td>Th\u01b0\u01a1ng hi\u1ec7u<\/td>\n<td>EB<\/td>\n<\/tr>\n<tr>\n<td>Xu\u1ea5t x\u1ee9<\/td>\n<td>Malaysia<\/td>\n<\/tr>\n<tr>\n<td>Th\u00e0nh ph\u1ea7n<\/td>\n<td>Th\u1ecbt c\u00e1 (79,24%), d\u1ea7u th\u1ef1c v\u1eadt, \u0111\u1ea1m \u0111\u1eadu n\u00e0nh, tinh b\u1ed9t s\u1eafn, b\u1ed9t tr\u1eafng tr\u1ee9ng, mu\u1ed1i, b\u1ed9t ng\u1ecdt (E621), m\u00e0u \u0111\u01b0\u1ee3c ph\u00e9p (E124)<\/td>\n<\/tr>\n<tr>\n<td>H\u1ea1n s\u1eed d\u1ee5ng<\/td>\n<td>24 th\u00e1ng k\u1ec3 t\u1eeb ng\u00e0y s\u1ea3n xu\u1ea5t.<\/td>\n<\/tr>\n<tr>\n<td>B\u1ea3o qu\u1ea3n<\/td>\n<td>B\u1ea3o qu\u1ea3n \u1edf nhi\u1ec7t \u0111\u1ed9 -18 \u0111\u1ed9 C<\/td>\n<\/tr>\n<tr>\n<td>Kh\u1ed1i l\u01b0\u1ee3ng<\/td>\n<td>500g<\/td>\n<\/tr>\n<\/tbody>\n<\/table>\n<p>Sau khi th\u00e0nh l\u1eadp \u0111\u01b0\u1ee3c v\u00e0i n\u0103m (k\u1ec3 t\u1eeb 2015), EB Food \u0111\u00e3 ng\u00e0y c\u00e0ng tr\u1edf n\u00ean l\u1edbn m\u1ea1nh v\u00e0 \u0111\u01b0\u1ee3c nhi\u1ec1u ng\u01b0\u1eddi d\u00e2n tin d\u00f9ng v\u1edbi nh\u1eefng th\u1ef1c ph\u1ea9m protein n\u1ed5i b\u1eadt nh\u01b0\u00a0\u0111\u1eadu h\u1ee7 ph\u00f4 mai,\u00a0\u0111\u1eadu h\u1ee7 c\u00e1, t\u00f4m h\u00f9m \u0111\u1ea5t vi\u00ean,\u00a0sandwich c\u00e1,\u2026<\/p>\n<p>T\u00f4m h\u00f9m vi\u00ean EB Malaysia \u0111\u01b0\u1ee3c ch\u1ebf bi\u1ebfn ho\u00e0n to\u00e0n t\u1eeb th\u1ecbt t\u00f4m t\u01b0\u01a1i, kh\u00f4ng s\u1eed d\u1ee5ng ch\u1ea5t h\u00f3a h\u1ecdc, ch\u1ea5t ph\u1ee5 gia c\u00f3 h\u1ea1i cho s\u1ee9c kh\u1ecfe. V\u1edbi thi\u1ebft k\u1ebf vi\u00ean tr\u00f2n dai dai, gi\u00f2n gi\u00f2n, b\u00f9i v\u1ecb \u0111\u1eb7c tr\u01b0ng c\u1ee7a t\u00f4m h\u00f9m ch\u1eafc ch\u1eafn s\u1ebd gi\u00fap b\u1ea1n n\u1ea5u \u0111\u01b0\u1ee3c m\u00f3n \u0103n h\u1ea5p d\u1eabn, l\u1ea1 mi\u1ec7ng cho gia \u0111\u00ecnh.<\/p>\n<p><img fetchpriority=\"high\" decoding=\"async\" class=\"wp-image-25327 aligncenter\" src=\"https:\/\/havamall.vn\/wp-content\/uploads\/2022\/02\/78426090_8-300x259.png\" alt=\"\" width=\"669\" height=\"577\" srcset=\"https:\/\/havamall.vn\/wp-content\/uploads\/2022\/02\/78426090_8-300x259.png 300w, https:\/\/havamall.vn\/wp-content\/uploads\/2022\/02\/78426090_8-430x371.png 430w, https:\/\/havamall.vn\/wp-content\/uploads\/2022\/02\/78426090_8-150x129.png 150w, https:\/\/havamall.vn\/wp-content\/uploads\/2022\/02\/78426090_8-700x604.png 700w, https:\/\/havamall.vn\/wp-content\/uploads\/2022\/02\/78426090_8-768x663.png 768w, https:\/\/havamall.vn\/wp-content\/uploads\/2022\/02\/78426090_8-1024x884.png 1024w, https:\/\/havamall.vn\/wp-content\/uploads\/2022\/02\/78426090_8-1200x1036.png 1200w, https:\/\/havamall.vn\/wp-content\/uploads\/2022\/02\/78426090_8-600x518.png 600w, https:\/\/havamall.vn\/wp-content\/uploads\/2022\/02\/78426090_8.png 1667w\" sizes=\"(max-width: 669px) 100vw, 669px\" \/><\/p>\n<p>T\u00f4m h\u00f9m vi\u00ean\u00a0EB \u0111\u01b0\u1ee3c l\u00e0m ho\u00e0n to\u00e0n t\u1eeb nh\u1eefng nguy\u00ean li\u1ec7u t\u01b0\u01a1i ngon, th\u00f4ng qua ch\u1ecdn l\u1ecdc k\u0129 c\u00e0ng, \u0111\u1ea3m b\u1ea3o mang \u0111\u1ebfn kh\u00e1ch h\u00e0ng s\u1ea3n ph\u1ea9m th\u01a1m ngon v\u00e0 ch\u1ea5t l\u01b0\u1ee3ng. \u0110\u1ed3ng th\u1eddi r\u1ea5t ti\u1ec7n l\u1ee3i, ch\u1ebf bi\u1ebfn nhanh, gi\u00fap c\u00e1c ch\u1ecb n\u1ed9i tr\u1ee3 ti\u1ebft ki\u1ec7m th\u1eddi gian.<\/p>\n<p>T\u00f4m h\u00f9m \u0111\u1ea5t vi\u00ean EB 500g\u00a0\u0111\u01b0\u1ee3c l\u00e0m t\u1eeb nh\u1eefng nguy\u00ean li\u1ec7u t\u01b0\u01a1i th\u00f4ng qua ch\u1ecdn l\u1ecdc k\u0129 c\u00e0ng, \u0111\u1ea3m b\u1ea3o an to\u00e0n v\u00e0 ch\u1ea5t l\u01b0\u1ee3ng.\u00a0V\u1edbi lo\u1ea1i topping h\u1ea5p d\u1eabn n\u00e0y, b\u1ea1n c\u00f3 th\u1ec3 d\u00f9ng \u0111\u1ec3 n\u1ea5u l\u1ea9u, chi\u00ean hay x\u00e0o \u0111\u1ec1u ngon.<\/p>\n<p><img decoding=\"async\" class=\"wp-image-25328 aligncenter\" src=\"https:\/\/havamall.vn\/wp-content\/uploads\/2022\/02\/8dc3f3ef7-300x300.png\" alt=\"\" width=\"674\" height=\"674\" srcset=\"https:\/\/havamall.vn\/wp-content\/uploads\/2022\/02\/8dc3f3ef7-300x300.png 300w, https:\/\/havamall.vn\/wp-content\/uploads\/2022\/02\/8dc3f3ef7-430x430.png 430w, https:\/\/havamall.vn\/wp-content\/uploads\/2022\/02\/8dc3f3ef7-150x150.png 150w, https:\/\/havamall.vn\/wp-content\/uploads\/2022\/02\/8dc3f3ef7-700x700.png 700w, https:\/\/havamall.vn\/wp-content\/uploads\/2022\/02\/8dc3f3ef7-768x768.png 768w, https:\/\/havamall.vn\/wp-content\/uploads\/2022\/02\/8dc3f3ef7-600x600.png 600w, https:\/\/havamall.vn\/wp-content\/uploads\/2022\/02\/8dc3f3ef7-100x100.png 100w, https:\/\/havamall.vn\/wp-content\/uploads\/2022\/02\/8dc3f3ef7.png 800w\" sizes=\"(max-width: 674px) 100vw, 674px\" \/><\/p>\n<h3><strong>\u0110\u1eb7c \u0111i\u1ec3m n\u1ed5i b\u1eadt c\u1ee7a s\u1ea3n ph\u1ea9m:<\/strong><\/h3>\n<p>\u25aaChu\u1ea9n ch\u00ednh ng\u1ea1ch Malaysia<\/p>\n<p>\u25aaH\u01b0\u01a1ng v\u1ecb \u0111\u1ea3m b\u1ea3o h\u1ea5p d\u1eabn<\/p>\n<p>\u25aa\u0110\u1ea3m b\u1ea3o v\u1ec7 sinh an to\u00e0n th\u1ef1c ph\u1ea9m<\/p>\n<p>\u25aaT\u00f4m h\u00f9m vi\u00ean \u0111\u01b0\u1ee3c ch\u1ebf bi\u1ebfn ho\u00e0n to\u00e0n t\u1ef1 nhi\u00ean, kh\u00f4ng s\u1eed d\u1ee5ng ch\u1ea5t h\u00f3a h\u1ecdc, ch\u1ea5t ph\u1ee5 gia c\u00f3 h\u1ea1i cho s\u1ee9c kh\u1ecfe.<\/p>\n<p>\u25aaT\u00f4m h\u00f9m vi\u00ean EB cung c\u1ea5p \u0111\u1ee7 dinh d\u01b0\u1ee1ng cho c\u01a1 th\u1ec3. Khi \u0103n b\u1ea1n s\u1ebd c\u1ea3m nh\u1eadn \u0111\u01b0\u1ee3c m\u00f9i v\u1ecb \u0111\u1eb7c tr\u01b0ng c\u1ee7a t\u00f4m h\u00f9m, m\u1ec1m m\u1ecbn, ph\u00f9 h\u1ee3p kh\u1ea9u v\u1ecb c\u1ee7a m\u1ecdi ng\u01b0\u1eddi.<\/p>\n<p>\u25aaV\u1edbi t\u00f4m h\u00f9m vi\u00ean \u0111em l\u1ea1i m\u00f3n ngon,l\u1ea1 mi\u1ec7ng. S\u1eed d\u1ee5ng trong vi\u1ec7c ch\u1ebf bi\u1ebfn c\u00e1c m\u00f3n nh\u01b0 chi\u00ean, th\u1ea3 l\u1ea9u&#8230;. \u0111\u1ec1u r\u1ea5t ngon.<\/p>\n<p><img decoding=\"async\" class=\"wp-image-25329 aligncenter\" src=\"https:\/\/havamall.vn\/wp-content\/uploads\/2022\/02\/lobster-ball--257x300.png\" alt=\"\" width=\"692\" height=\"807\" srcset=\"https:\/\/havamall.vn\/wp-content\/uploads\/2022\/02\/lobster-ball--257x300.png 257w, https:\/\/havamall.vn\/wp-content\/uploads\/2022\/02\/lobster-ball--150x175.png 150w, https:\/\/havamall.vn\/wp-content\/uploads\/2022\/02\/lobster-ball--600x701.png 600w\" sizes=\"(max-width: 692px) 100vw, 692px\" \/><\/p>\n<h3><strong>H\u01b0\u1edbng d\u1eabn s\u1eed d\u1ee5ng:<\/strong><\/h3>\n<p>&#8211; Sau khi l\u1ea5y s\u1ea3n ph\u1ea9m ra kh\u1ecfi ng\u0103n \u0111\u00f4ng c\u1ee7a t\u1ee7 l\u1ea1nh, cho nguy\u00ean bao b\u00ec\u00a0ng\u00e2m v\u00e0o n\u01b0\u1edbc \u0111\u1ec3 r\u00e3 \u0111\u00f4ng.<\/p>\n<p>&#8211; Ti\u1ebfp theo, c\u1eaft bao b\u00ec cho s\u1ea3n ph\u1ea9m ra \u0111\u0129a, ch\u1ebf bi\u1ebfn\u00a0c\u00e1c m\u00f3n nh\u01b0 chi\u00ean gi\u00f2n tr\u1ef1c ti\u1ebfp v\u1edbi\u00a0d\u1ea7u \u0103n\u00a0ho\u1eb7c s\u01a1 ch\u1ebf \u0111\u01a1n gi\u1ea3n v\u1edbi c\u00e1c m\u00f3n x\u00e0o, h\u1ea5p, ho\u1eb7c b\u1ecf v\u00e0o \u0103n k\u00e8m v\u1edbi m\u00f3n l\u1ea9u.<\/p>","protected":false},"excerpt":{"rendered":"<p>TH\u00d4NG TIN S\u1ea2N PH\u1ea8M Th\u01b0\u01a1ng hi\u1ec7u EB Xu\u1ea5t x\u1ee9 Malaysia Th\u00e0nh ph\u1ea7n Th\u1ecbt c\u00e1 (79,24%), d\u1ea7u th\u1ef1c v\u1eadt, \u0111\u1ea1m \u0111\u1eadu<\/p>","protected":false},"featured_media":28563,"comment_status":"open","ping_status":"closed","template":"","meta":[],"product_brand":[],"product_cat":[275,36],"product_tag":[],"class_list":{"0":"post-25326","1":"product","2":"type-product","3":"status-publish","4":"has-post-thumbnail","6":"product_cat-thuc-pham-dong-lanh","7":"product_cat-thuc-pham-tieu-dung","8":"pa_brand-eb","10":"first","11":"instock","12":"sale","13":"shipping-taxable","14":"purchasable","15":"product-type-simple"},"_links":{"self":[{"href":"https:\/\/havamall.vn\/en\/wp-json\/wp\/v2\/product\/25326"}],"collection":[{"href":"https:\/\/havamall.vn\/en\/wp-json\/wp\/v2\/product"}],"about":[{"href":"https:\/\/havamall.vn\/en\/wp-json\/wp\/v2\/types\/product"}],"replies":[{"embeddable":true,"href":"https:\/\/havamall.vn\/en\/wp-json\/wp\/v2\/comments?post=25326"}],"version-history":[{"count":0,"href":"https:\/\/havamall.vn\/en\/wp-json\/wp\/v2\/product\/25326\/revisions"}],"wp:featuredmedia":[{"embeddable":true,"href":"https:\/\/havamall.vn\/en\/wp-json\/wp\/v2\/media\/28563"}],"wp:attachment":[{"href":"https:\/\/havamall.vn\/en\/wp-json\/wp\/v2\/media?parent=25326"}],"wp:term":[{"taxonomy":"product_brand","embeddable":true,"href":"https:\/\/havamall.vn\/en\/wp-json\/wp\/v2\/product_brand?post=25326"},{"taxonomy":"product_cat","embeddable":true,"href":"https:\/\/havamall.vn\/en\/wp-json\/wp\/v2\/product_cat?post=25326"},{"taxonomy":"product_tag","embeddable":true,"href":"https:\/\/havamall.vn\/en\/wp-json\/wp\/v2\/product_tag?post=25326"}],"curies":[{"name":"wp","href":"https:\/\/api.w.org\/{rel}","templated":true}]}}