{"id":25321,"date":"2022-02-16T09:23:32","date_gmt":"2022-02-16T02:23:32","guid":{"rendered":"https:\/\/havamall.vn\/?post_type=product&#038;p=25321"},"modified":"2022-11-02T11:10:59","modified_gmt":"2022-11-02T04:10:59","slug":"nuoc-tuong-ong-cha-va-500ml-soy-sauce","status":"publish","type":"product","link":"https:\/\/havamall.vn\/en\/shop\/nuoc-tuong-ong-cha-va-500ml-soy-sauce\/","title":{"rendered":"N\u01b0\u1edbc T\u01b0\u01a1ng \u00d4ng Ch\u00e0 V\u00e0 500ml &#8211; Soy Sauce"},"content":{"rendered":"<section class=\"w30s-column w30s-column-54564\">\n<div class=\"w30s-widget-childs\">\n<p class=\"w30s-widget w30s-widget-group w30s-widget-459192 w30s-widget-unique-100241\">Th\u01b0\u01a1ng hi\u1ec7u \u00d4ng Ch\u00e0 V\u00e0 \u0111\u00e3 c\u00f3 r\u1ea5t l\u00e2u t\u1eeb nh\u1eefng n\u0103m 1939 trong gi\u1edbi \u0111\u1ea7u b\u1ebfp t\u1ea1i S\u00e0i G\u00f2n. V\u1edbi \u1ea9m th\u1ef1c Vi\u1ec7t Nam, gia v\u1ecb \u00d4ng Ch\u00e0 V\u00e0 l\u00e0 y\u1ebfu t\u1ed1 kh\u00f4ng th\u1ec3 thi\u1ebfu cho c\u00e1c \u0111\u1ea7u b\u1ebfp chuy\u00ean nghi\u1ec7p khi ch\u1ebf bi\u1ebfn c\u00e1c m\u00f3n \u0103n ngon.<\/p>\n<p class=\"w30s-widget w30s-widget-group w30s-widget-459192 w30s-widget-unique-100241\">Theo th\u1eddi gian h\u00ecnh th\u00e0nh &amp; ph\u00e1t tri\u1ec3n,\u00a0\u00d4ng Ch\u00e0 V\u00e0 kh\u00f4ng ng\u1eebng tuy\u1ec3n ch\u1ecdn nguy\u00ean li\u1ec7u, t\u1ed1i \u01b0u ch\u1ea5t l\u01b0\u1ee3ng s\u1ea3n ph\u1ea9m \u0111\u1ec3 x\u1ee9ng danh\u00a0&#8220;B\u00ed quy\u1ebft c\u1ee7a \u0111\u1ea7u b\u1ebfp&#8221;.<\/p>\n<p><img fetchpriority=\"high\" decoding=\"async\" class=\"wp-image-25322 aligncenter\" src=\"https:\/\/havamall.vn\/wp-content\/uploads\/2022\/02\/b82d9bbca09b-300x219.png\" alt=\"\" width=\"635\" height=\"463\" srcset=\"https:\/\/havamall.vn\/wp-content\/uploads\/2022\/02\/b82d9bbca09b-300x219.png 300w, https:\/\/havamall.vn\/wp-content\/uploads\/2022\/02\/b82d9bbca09b-430x314.png 430w, https:\/\/havamall.vn\/wp-content\/uploads\/2022\/02\/b82d9bbca09b-150x110.png 150w, https:\/\/havamall.vn\/wp-content\/uploads\/2022\/02\/b82d9bbca09b-700x511.png 700w, https:\/\/havamall.vn\/wp-content\/uploads\/2022\/02\/b82d9bbca09b-768x561.png 768w, https:\/\/havamall.vn\/wp-content\/uploads\/2022\/02\/b82d9bbca09b.png 1024w, https:\/\/havamall.vn\/wp-content\/uploads\/2022\/02\/b82d9bbca09b-600x438.png 600w\" sizes=\"(max-width: 635px) 100vw, 635px\" \/><\/p>\n<p class=\"w30s-widget w30s-widget-group w30s-widget-459192 w30s-widget-unique-100241\">N\u01b0\u1edbc t\u01b0\u01a1ng\u00a0hay c\u00f3 t\u00ean g\u1ecdi kh\u00e1c l\u00e0 x\u00ec d\u1ea7u, l\u00e0 lo\u1ea1i n\u01b0\u1edbc m\u00e0u n\u00e2u,\u00a0c\u00f3 \u0111\u1ed9 m\u1eb7n v\u1eeba ph\u1ea3i d\u00f9ng \u0111\u1ec3 \u01b0\u1edbp \u0111\u1ed3 \u0103n ho\u1eb7c l\u00e0m n\u01b0\u1edbc ch\u1ea5m\u00a0cho nhi\u1ec1u m\u00f3n\u00a0nh\u01b0 x\u00e0o, lu\u1ed9c, chi\u00ean,&#8230; \u0110\u01b0\u1ee3c l\u00e0m t\u1eeb qu\u00e1 tr\u00ecnh l\u00ean men ho\u1eb7c thu\u1ef7 ph\u00e2n v\u1edbi nguy\u00ean li\u1ec7u ch\u00ednh l\u00e0 \u0111\u1eadu n\u00e0nh.<\/p>\n<p class=\"w30s-widget w30s-widget-group w30s-widget-459192 w30s-widget-unique-100241\">N\u01b0\u1edbc t\u01b0\u01a1ng \u00d4ng Ch\u00e0 V\u00e0\u00a0v\u1edbi h\u01b0\u01a1ng v\u1ecb tinh t\u1ebf, ng\u1ecdt thanh, l\u00e0 s\u1ea3n ph\u1ea9m \u0111\u01b0\u1ee3c t\u1ea1o n\u00ean t\u1eeb c\u00f4ng th\u1ee9c l\u00e2u \u0111\u1eddi c\u1ee7a\u00a0n\u01b0\u1edbc t\u01b0\u01a1ng \u00d4ng Ch\u00e0 V\u00e0 500ml\u00a0v\u1edbi ch\u1ea5t l\u01b0\u1ee3ng \u1ed5n \u0111\u1ecbnh v\u1edbi gi\u00e1 th\u00e0nh c\u1ea1nh tranh, l\u00e0 s\u1ef1 l\u1ef1a ch\u1ecdn kinh t\u1ebf cho m\u1ecdi \u0111\u1ed1i t\u01b0\u1ee3ng s\u1eed d\u1ee5ng.<\/p>\n<\/div>\n<\/section>\n<section class=\"w30s-column w30s-column-54565\">\n<div class=\"w30s-widget-childs\">\n<div class=\"w30s-widget w30s-widget-text w30s-widget-459244 w30s-widget-unique-100324\">\n<p>N\u01b0\u1edbc t\u01b0\u01a1ng c\u00f3 th\u1ec3\u00a0d\u00f9ng \u0111\u1ec3 l\u00e0m lo\u1ea1i n\u01b0\u1edbc ch\u1ea5m cho nhi\u1ec1u m\u00f3n \u0103n\u00a0t\u1eeb rau lu\u1ed9c, \u0111\u1eadu, c\u00e1c m\u00f3n b\u00fan x\u00e0o, g\u1ecfi cu\u1ed1n\u2026 v\u00e0 nhi\u1ec1u m\u00f3n \u0103n kh\u00e1c. Nh\u1eb1m\u00a0t\u0103ng th\u00eam h\u01b0\u01a1ng v\u1ecb cho m\u00f3n \u0103n, gi\u00fap \u0103n ngon mi\u1ec7ng h\u01a1n.<\/p>\n<p><img decoding=\"async\" class=\"wp-image-25324 aligncenter\" src=\"https:\/\/havamall.vn\/wp-content\/uploads\/2022\/02\/TIT00127-2690--300x200.png\" alt=\"\" width=\"650\" height=\"434\" srcset=\"https:\/\/havamall.vn\/wp-content\/uploads\/2022\/02\/TIT00127-2690--300x200.png 300w, https:\/\/havamall.vn\/wp-content\/uploads\/2022\/02\/TIT00127-2690--430x287.png 430w, https:\/\/havamall.vn\/wp-content\/uploads\/2022\/02\/TIT00127-2690--150x100.png 150w, https:\/\/havamall.vn\/wp-content\/uploads\/2022\/02\/TIT00127-2690--700x467.png 700w, https:\/\/havamall.vn\/wp-content\/uploads\/2022\/02\/TIT00127-2690--768x512.png 768w, https:\/\/havamall.vn\/wp-content\/uploads\/2022\/02\/TIT00127-2690--1024x683.png 1024w, https:\/\/havamall.vn\/wp-content\/uploads\/2022\/02\/TIT00127-2690--1200x800.png 1200w, https:\/\/havamall.vn\/wp-content\/uploads\/2022\/02\/TIT00127-2690--600x400.png 600w, https:\/\/havamall.vn\/wp-content\/uploads\/2022\/02\/TIT00127-2690-.png 1600w\" sizes=\"(max-width: 650px) 100vw, 650px\" \/><\/p>\n<p>Nhi\u1ec1u ng\u01b0\u1eddi c\u00f3 s\u1edf th\u00edch d\u00f9ng n\u01b0\u1edbc t\u01b0\u01a1ng \u0111\u1ec3 l\u00e0m n\u01b0\u1edbc ch\u1ea5m nhi\u1ec1u h\u01a1n n\u01b0\u1edbc m\u1eafm b\u1edfi v\u1ecb ng\u1ecdt t\u1ef1 nhi\u00ean, kh\u00f4ng qu\u00e1 m\u1eb7n nh\u01b0 n\u01b0\u1edbc m\u1eafm. Tr\u1ebb em c\u0169ng l\u00e0 \u0111\u1ed1i t\u01b0\u1ee3ng d\u00f9ng n\u01b0\u1edbc t\u01b0\u01a1ng l\u00e0m n\u01b0\u1edbc ch\u1ea5m kh\u00e1 nhi\u1ec1u n\u00ean c\u00e1c m\u1eb9 c\u0169ng hay l\u1ef1a ch\u1ecdn lo\u1ea1i s\u1ea3n ph\u1ea9m n\u00e0y cho c\u00e1c b\u00e9 nh\u00e0 m\u00ecnh.<\/p>\n<p>N\u01b0\u1edbc t\u01b0\u01a1ng \u00d4ng Ch\u00e0 V\u00e0 c\u00f2n c\u00f3 th\u1ec3 d\u00f9ng \u0111\u1ec3 t\u1ea9m \u01b0\u1edbp c\u00e1c nguy\u00ean li\u1ec7u nh\u01b0 th\u1ecbt, c\u00e1\u00a0v\u00e0 nhi\u1ec1u nguy\u00ean li\u1ec7u kh\u00e1c. Vi\u1ec7c s\u1eed d\u1ee5ng n\u01b0\u1edbc t\u01b0\u01a1ng \u0111\u1ec3 t\u1ea9m \u01b0\u1edbp n\u00e0y kh\u00f4ng ch\u1ec9 gi\u00fap nguy\u00ean li\u1ec7u th\u1ea5m \u0111\u1ec1u gia v\u1ecb h\u01a1n m\u00e0 c\u00f2n gi\u00fap mang l\u1ea1i h\u01b0\u01a1ng th\u01a1m h\u1ea5p d\u1eabn cho m\u00f3n \u0103n c\u1ee7a m\u00ecnh.<\/p>\n<p>\u0110\u1eb7c bi\u1ec7t n\u01b0\u1edbc t\u01b0\u01a1ng l\u00e0 gia v\u1ecb kh\u00f4ng th\u1ec3 thi\u1ebfu d\u00f9ng \u0111\u1ec3 \u01b0\u1edbp th\u1ecbt b\u00f2, v\u00ec s\u1ebd t\u1ea1o m\u00f9i v\u1ecb \u0111\u1eb7c bi\u1ec7t th\u01a1m ngon cho m\u00f3n th\u1ecbt b\u00f2 c\u1ee7a b\u1ea1n.<\/p>\n<p><img decoding=\"async\" class=\"wp-image-25325 aligncenter\" src=\"https:\/\/havamall.vn\/wp-content\/uploads\/2022\/02\/thit-he-300x211.png\" alt=\"\" width=\"662\" height=\"466\" srcset=\"https:\/\/havamall.vn\/wp-content\/uploads\/2022\/02\/thit-he-300x211.png 300w, https:\/\/havamall.vn\/wp-content\/uploads\/2022\/02\/thit-he-430x302.png 430w, https:\/\/havamall.vn\/wp-content\/uploads\/2022\/02\/thit-he-150x105.png 150w, https:\/\/havamall.vn\/wp-content\/uploads\/2022\/02\/thit-he-768x539.png 768w, https:\/\/havamall.vn\/wp-content\/uploads\/2022\/02\/thit-he-1024x719.png 1024w, https:\/\/havamall.vn\/wp-content\/uploads\/2022\/02\/thit-he-220x154.png 220w, https:\/\/havamall.vn\/wp-content\/uploads\/2022\/02\/thit-he-600x421.png 600w, https:\/\/havamall.vn\/wp-content\/uploads\/2022\/02\/thit-he.png 1137w\" sizes=\"(max-width: 662px) 100vw, 662px\" \/><\/p>\n<p>Tuy nhi\u00ean, kh\u00f4ng ph\u1ea3i lo\u1ea1i nguy\u00ean li\u1ec7u, lo\u1ea1i m\u00f3n \u0103n n\u00e0o c\u0169ng c\u00f3 th\u1ec3 \u01b0\u1edbp b\u1eb1ng n\u01b0\u1edbc t\u01b0\u01a1ng. V\u00ec n\u01b0\u1edbc t\u01b0\u01a1ng th\u01b0\u1eddng c\u00f3 t\u00ednh chua khi n\u1ea5u n\u01b0\u1edbng n\u00ean lo\u1ea1i gia v\u1ecb n\u00e0y th\u00edch h\u1ee3p cho c\u00e1c m\u00f3n \u01b0\u1edbp n\u01b0\u1edbng, h\u1ea5p v\u00e0 m\u1ed9t v\u00e0i m\u00f3n x\u00e0o n\u1ea5u nh\u1ea5t \u0111\u1ecbnh.<\/p>\n<p>\u0110\u1ed1i v\u1edbi nh\u1eefng ai c\u00f3 s\u1edf th\u00edch \u0103n chay, Ph\u1eadt t\u1eed, ng\u01b0\u1eddi \u0103n chay tr\u01b0\u1eddng th\u00ec\u00a0n\u01b0\u1edbc t\u01b0\u01a1ng \u00d4ng Ch\u00e0 V\u00e0 s\u1ebd l\u00e0 gia v\u1ecb kh\u00f4ng th\u1ec3 thi\u1ebfu trong m\u1ed7i b\u1eefa \u0103n. N\u01b0\u1edbc t\u01b0\u01a1ng \u0111\u1ec3 ch\u1ebf bi\u1ebfn c\u00e1c m\u00f3n \u0103n chay c\u0169ng nh\u01b0 d\u00f9ng l\u00e0m n\u01b0\u1edbc ch\u1ea5m cho c\u00e1c m\u00f3n \u0103n chay quen thu\u1ed9c c\u1ee7a m\u00ecnh.<\/p>\n<p>S\u1ea3n ph\u1ea9m hi\u1ec7n \u0111\u00e3 c\u00f3 m\u1eb7t t\u1ea1i Havamall.<\/p>\n<\/div>\n<\/div>\n<\/section>","protected":false},"excerpt":{"rendered":"<p>Th\u01b0\u01a1ng hi\u1ec7u \u00d4ng Ch\u00e0 V\u00e0 \u0111\u00e3 c\u00f3 r\u1ea5t l\u00e2u t\u1eeb nh\u1eefng n\u0103m 1939 trong gi\u1edbi \u0111\u1ea7u b\u1ebfp t\u1ea1i S\u00e0i G\u00f2n.<\/p>","protected":false},"featured_media":25323,"comment_status":"open","ping_status":"closed","template":"","meta":[],"product_brand":[],"product_cat":[496,36],"product_tag":[],"class_list":{"0":"post-25321","1":"product","2":"type-product","3":"status-publish","4":"has-post-thumbnail","6":"product_cat-thuc-pham-thuan-chay","7":"product_cat-thuc-pham-tieu-dung","8":"pa_brand-ong-cha-va","10":"first","11":"outofstock","12":"sale","13":"shipping-taxable","14":"purchasable","15":"product-type-simple"},"_links":{"self":[{"href":"https:\/\/havamall.vn\/en\/wp-json\/wp\/v2\/product\/25321"}],"collection":[{"href":"https:\/\/havamall.vn\/en\/wp-json\/wp\/v2\/product"}],"about":[{"href":"https:\/\/havamall.vn\/en\/wp-json\/wp\/v2\/types\/product"}],"replies":[{"embeddable":true,"href":"https:\/\/havamall.vn\/en\/wp-json\/wp\/v2\/comments?post=25321"}],"version-history":[{"count":0,"href":"https:\/\/havamall.vn\/en\/wp-json\/wp\/v2\/product\/25321\/revisions"}],"wp:featuredmedia":[{"embeddable":true,"href":"https:\/\/havamall.vn\/en\/wp-json\/wp\/v2\/media\/25323"}],"wp:attachment":[{"href":"https:\/\/havamall.vn\/en\/wp-json\/wp\/v2\/media?parent=25321"}],"wp:term":[{"taxonomy":"product_brand","embeddable":true,"href":"https:\/\/havamall.vn\/en\/wp-json\/wp\/v2\/product_brand?post=25321"},{"taxonomy":"product_cat","embeddable":true,"href":"https:\/\/havamall.vn\/en\/wp-json\/wp\/v2\/product_cat?post=25321"},{"taxonomy":"product_tag","embeddable":true,"href":"https:\/\/havamall.vn\/en\/wp-json\/wp\/v2\/product_tag?post=25321"}],"curies":[{"name":"wp","href":"https:\/\/api.w.org\/{rel}","templated":true}]}}