{"id":25309,"date":"2022-02-15T15:15:37","date_gmt":"2022-02-15T08:15:37","guid":{"rendered":"https:\/\/havamall.vn\/?post_type=product&#038;p=25309"},"modified":"2023-06-14T10:18:47","modified_gmt":"2023-06-14T03:18:47","slug":"sot-chua-ngot-ong-cha-va-280g","status":"publish","type":"product","link":"https:\/\/havamall.vn\/en\/shop\/sot-chua-ngot-ong-cha-va-280g\/","title":{"rendered":"S\u1ed1t Chua Ng\u1ecdt \u00d4ng Ch\u00e0 V\u00e0 280G"},"content":{"rendered":"<div class=\"short-description\">S\u1ed1t chua ng\u1ecdt \u00d4ng Ch\u00e0 V\u00e0 \u0111\u01b0\u1ee3c \u0111\u01b0\u1ee3c s\u1ea3n xu\u1ea5t tr\u00ean quy tr\u00ecnh c\u00f4ng ngh\u1ec7 hi\u1ec7n \u0111\u1ea1i, ki\u1ec3m duy\u1ec7t ch\u1eb7t ch\u1ebd. S\u1ed1t chua ng\u1ecdt \u00d4ng Ch\u00e0 V\u00e0 chai 280g c\u00f3 v\u1ecb chua ng\u1ecdt h\u00f2a v\u1edbi v\u1ecb cay n\u1ed3ng t\u1ef1 nhi\u00ean c\u1ee7a \u1edbt v\u00e0 g\u1eebng, d\u00f9ng ch\u1ea5m k\u00e8m v\u1edbi c\u00e1c m\u00f3n \u0103n h\u1eb1ng ng\u00e0y,&#8230;<\/div>\n<div class=\"description\">\n<p>Gia v\u1ecb cay \u0111\u1ebfn t\u1eeb\u00a0t\u01b0\u01a1ng \u1edbt\u00a0khi\u1ebfn m\u00f3n \u0103n tr\u1edf n\u00ean k\u00edch th\u00edch h\u01a1n. S\u1ed1t chua ng\u1ecdt\u00a0\u0111\u1ebfn t\u1eeb\u00a0th\u01b0\u01a1ng hi\u1ec7u \u00d4ng Ch\u00e0 V\u00e0 \u0111\u1ea3m b\u1ea3o\u00a0s\u1ebd l\u00e0m h\u00e0i l\u00f2ng c\u1ea3 ng\u01b0\u1eddi kh\u00f3 t\u00ednh nh\u1ea5t.<\/p>\n<p><img fetchpriority=\"high\" decoding=\"async\" class=\"wp-image-25310 aligncenter\" src=\"https:\/\/havamall.vn\/wp-content\/uploads\/2022\/02\/thai-sweet-238x300.png\" alt=\"\" width=\"672\" height=\"847\" srcset=\"https:\/\/havamall.vn\/wp-content\/uploads\/2022\/02\/thai-sweet-238x300.png 238w, https:\/\/havamall.vn\/wp-content\/uploads\/2022\/02\/thai-sweet-430x541.png 430w, https:\/\/havamall.vn\/wp-content\/uploads\/2022\/02\/thai-sweet-150x189.png 150w, https:\/\/havamall.vn\/wp-content\/uploads\/2022\/02\/thai-sweet-700x881.png 700w, https:\/\/havamall.vn\/wp-content\/uploads\/2022\/02\/thai-sweet.png 1200w, https:\/\/havamall.vn\/wp-content\/uploads\/2022\/02\/thai-sweet-600x755.png 600w\" sizes=\"(max-width: 672px) 100vw, 672px\" \/><\/p>\n<p style=\"font-weight: 400\">S\u1ed1t chua ng\u1ecdt \u00d4ng Ch\u00e0 \u0111\u01b0\u1ee3c l\u00e0m t\u1eeb nh\u1eefng tr\u00e1i \u1edbt t\u01b0\u01a1i ngon h\u1ea3o h\u1ea1ng c\u00f9ng c\u00f4ng th\u1ee9c pha ch\u1ebf \u0111\u1ed9c \u0111\u00e1o, s\u1ed1t chua ng\u1ecdt l\u00e0 gia v\u1ecb ch\u1ea5m k\u00e8m gi\u00fap m\u00f3n \u0103n th\u01a1m ngon h\u01a1n, \u0111\u1ed3ng th\u1eddi c\u0169ng l\u00e0 nguy\u00ean li\u1ec7u t\u1ea9m \u01b0\u1edbp gi\u00fap m\u00f3n \u0103n th\u00eam \u0111\u1eadm \u0111\u00e0. S\u1ea3n ph\u1ea9m th\u00edch h\u1ee3p d\u00f9ng k\u00e8m v\u1edbi c\u00e1c m\u00f3n \u0103n y\u00eau th\u00edch nh\u01b0 khoai t\u00e2y chi\u00ean ki\u1ec3u Ph\u00e1p, \u0111\u1ed3 n\u01b0\u1edbng, ch\u1ea3 gi\u00f2, rau c\u1ee7\u2026<\/p>\n<p>\u0110\u1eb7c bi\u1ec7t th\u1ecbt n\u01b0\u1edbng v\u00e0\u00a0s\u1ed1t chua ng\u1ecdt \u00d4ng Ch\u00e0 l\u00e0 m\u1ed9t c\u1eb7p \u0111\u00f4i kh\u00f4ng th\u1ec3 t\u00e1ch r\u1eddi trong nh\u1eefng bu\u1ed5i ti\u1ec7c BBQ. Th\u1ecbt n\u01b0\u1edbng v\u1edbi h\u01b0\u01a1ng v\u1ecb \u0111\u1eadm \u0111\u00e0 k\u1ebft h\u1ee3p v\u1edbi t\u01b0\u01a1ng chua chua, ng\u1ecdt ng\u1ecdt l\u00e0m b\u00f9ng n\u1ed5 h\u01b0\u01a1ng v\u1ecb trong khoang mi\u1ec7ng c\u1ee7a b\u1ea1n. S\u1ed1t chua ng\u1ecdt \u00d4ng Ch\u00e0 s\u1eed d\u1ee5ng ngu\u1ed3n nguy\u00ean li\u1ec7u s\u1ea1ch , kh\u00f4ng s\u1eed d\u1ee5ng thu\u1ed1c tr\u1eeb s\u00e2u. \u0110\u1ea3m b\u1ea3o cho s\u1ee9c kh\u1ecfe c\u1ee7a b\u1ea1n v\u00e0 gia \u0111\u00ecnh.<\/p>\n<p><img decoding=\"async\" class=\"wp-image-21245 aligncenter\" src=\"https:\/\/havamall.vn\/wp-content\/uploads\/2021\/08\/uiuy-300x250.png\" alt=\"\" width=\"677\" height=\"564\" srcset=\"https:\/\/havamall.vn\/wp-content\/uploads\/2021\/08\/uiuy-300x250.png 300w, https:\/\/havamall.vn\/wp-content\/uploads\/2021\/08\/uiuy-430x358.png 430w, https:\/\/havamall.vn\/wp-content\/uploads\/2021\/08\/uiuy-150x125.png 150w, https:\/\/havamall.vn\/wp-content\/uploads\/2021\/08\/uiuy-700x583.png 700w, https:\/\/havamall.vn\/wp-content\/uploads\/2021\/08\/uiuy-600x500.png 600w, https:\/\/havamall.vn\/wp-content\/uploads\/2021\/08\/uiuy.png 767w\" sizes=\"(max-width: 677px) 100vw, 677px\" \/><\/p>\n<h3><strong>H\u01b0\u1edbng d\u1eabn s\u1eed d\u1ee5ng:<\/strong><\/h3>\n<p>\u2013 D\u00f9ng ch\u1ea5m g\u00e0 chi\u00ean hay n\u01b0\u1edbng, t\u00f4m chi\u00ean, c\u00e1 vi\u00ean chi\u00ean, ch\u1ea3 gi\u00f2, x\u00fac x\u00edch v\u00e0 c\u00e1c m\u00f3n chi\u00ean, quay kh\u00e1c.<\/p>\n<p>\u2013 D\u00f9ng \u0111\u1ec3 ch\u1ea5m rau, nem v\u00e0 c\u00e1c s\u1ea3n ph\u1ea9m BBQ<\/p>\n<p>\u2013 \u0110\u1eb7c bi\u1ec7t, c\u00f3 th\u1ec3 l\u00e0m nguy\u00ean li\u1ec7u \u01b0\u1edbp cho c\u00e1c m\u00f3n th\u1ecbt kho v\u00e0 ch\u1ebf bi\u1ebfn c\u00e1c m\u00f3n ch\u1ea5m h\u1ed7n h\u1ee3p kh\u00e1c theo kh\u1ea9u v\u1ecb t\u00f9y th\u00edch.<\/p>\n<p>S\u1ea3m ph\u1ea9m hi\u1ec7n \u0111\u00e3 c\u00f3 m\u1eb7t t\u1ea1i Havamall.<\/p>\n<p><img decoding=\"async\" class=\"wp-image-25313 aligncenter\" src=\"https:\/\/havamall.vn\/wp-content\/uploads\/2022\/02\/Sweet-Chili-1-251x300.png\" alt=\"\" width=\"645\" height=\"771\" srcset=\"https:\/\/havamall.vn\/wp-content\/uploads\/2022\/02\/Sweet-Chili-1-251x300.png 251w, https:\/\/havamall.vn\/wp-content\/uploads\/2022\/02\/Sweet-Chili-1-430x515.png 430w, https:\/\/havamall.vn\/wp-content\/uploads\/2022\/02\/Sweet-Chili-1-150x179.png 150w, https:\/\/havamall.vn\/wp-content\/uploads\/2022\/02\/Sweet-Chili-1-700x838.png 700w, https:\/\/havamall.vn\/wp-content\/uploads\/2022\/02\/Sweet-Chili-1.png 768w, https:\/\/havamall.vn\/wp-content\/uploads\/2022\/02\/Sweet-Chili-1-600x718.png 600w\" sizes=\"(max-width: 645px) 100vw, 645px\" \/><\/p>\n<\/div>","protected":false},"excerpt":{"rendered":"<p>S\u1ed1t chua ng\u1ecdt \u00d4ng Ch\u00e0 V\u00e0 \u0111\u01b0\u1ee3c \u0111\u01b0\u1ee3c s\u1ea3n xu\u1ea5t tr\u00ean quy tr\u00ecnh c\u00f4ng ngh\u1ec7 hi\u1ec7n \u0111\u1ea1i, ki\u1ec3m duy\u1ec7t ch\u1eb7t<\/p>","protected":false},"featured_media":25312,"comment_status":"open","ping_status":"closed","template":"","meta":[],"product_brand":[],"product_cat":[36],"product_tag":[],"class_list":{"0":"post-25309","1":"product","2":"type-product","3":"status-publish","4":"has-post-thumbnail","6":"product_cat-thuc-pham-tieu-dung","7":"pa_brand-ong-cha-va","9":"first","10":"outofstock","11":"sale","12":"shipping-taxable","13":"purchasable","14":"product-type-simple"},"_links":{"self":[{"href":"https:\/\/havamall.vn\/en\/wp-json\/wp\/v2\/product\/25309"}],"collection":[{"href":"https:\/\/havamall.vn\/en\/wp-json\/wp\/v2\/product"}],"about":[{"href":"https:\/\/havamall.vn\/en\/wp-json\/wp\/v2\/types\/product"}],"replies":[{"embeddable":true,"href":"https:\/\/havamall.vn\/en\/wp-json\/wp\/v2\/comments?post=25309"}],"version-history":[{"count":0,"href":"https:\/\/havamall.vn\/en\/wp-json\/wp\/v2\/product\/25309\/revisions"}],"wp:featuredmedia":[{"embeddable":true,"href":"https:\/\/havamall.vn\/en\/wp-json\/wp\/v2\/media\/25312"}],"wp:attachment":[{"href":"https:\/\/havamall.vn\/en\/wp-json\/wp\/v2\/media?parent=25309"}],"wp:term":[{"taxonomy":"product_brand","embeddable":true,"href":"https:\/\/havamall.vn\/en\/wp-json\/wp\/v2\/product_brand?post=25309"},{"taxonomy":"product_cat","embeddable":true,"href":"https:\/\/havamall.vn\/en\/wp-json\/wp\/v2\/product_cat?post=25309"},{"taxonomy":"product_tag","embeddable":true,"href":"https:\/\/havamall.vn\/en\/wp-json\/wp\/v2\/product_tag?post=25309"}],"curies":[{"name":"wp","href":"https:\/\/api.w.org\/{rel}","templated":true}]}}