{"id":25305,"date":"2022-02-15T14:36:36","date_gmt":"2022-02-15T07:36:36","guid":{"rendered":"https:\/\/havamall.vn\/?post_type=product&#038;p=25305"},"modified":"2025-10-25T10:05:18","modified_gmt":"2025-10-25T03:05:18","slug":"sot-bo-ne-ong-cha-va-220g","status":"publish","type":"product","link":"https:\/\/havamall.vn\/en\/shop\/sot-bo-ne-ong-cha-va-220g\/","title":{"rendered":"S\u1ed1t B\u00f2 N\u00e9 \u00d4ng Ch\u00e0 V\u00e0 220g"},"content":{"rendered":"<div class=\"kvgmc6g5 cxmmr5t8 oygrvhab hcukyx3x c1et5uql ii04i59q\"><\/div>\n<p dir=\"auto\">S\u1ed1t B\u00f2 N\u00e9 \u00d4ng Ch\u00e0 V\u00e0 l\u00e0 s\u1ea3n ph\u1ea9m gia v\u1ecb mang t\u00ednh ti\u1ec7n d\u1ee5ng \u0111\u1ebfn t\u1eeb th\u01b0\u01a1ng hi\u1ec7u \u00d4ng Ch\u00e0 V\u00e0. S\u1ed1t b\u00f2 n\u00e9 ho\u00e0n ch\u1ec9nh \u00d4ng Ch\u00e0 V\u00e0 h\u0169 220g l\u00e0 lo\u1ea1i gia v\u1ecb ho\u00e0n ch\u1ec9nh chi\u1ebft xu\u1ea5t t\u1eeb nh\u1eefng lo\u1ea1i nguy\u00ean li\u1ec7u t\u1ef1 nhi\u00ean, gi\u00fap cho c\u00e1c b\u00e0 n\u1ed9i tr\u1ee3 c\u00f3 th\u1ec3 ch\u1ebf bi\u1ebfn nh\u1eefng m\u00f3n b\u00f2 n\u00e9, b\u00f2 \u00e1p ch\u1ea3o m\u1eb7n ng\u1ecdt h\u00e0i ho\u00e0 nhanh ch\u00f3ng t\u1ea1i nh\u00e0.<\/p>\n<div class=\"kvgmc6g5 cxmmr5t8 oygrvhab hcukyx3x c1et5uql ii04i59q\">\n<p dir=\"auto\">S\u1ed1t B\u00f2 N\u00e9 \u00d4ng Ch\u00e0 V\u00e0 220g l\u00e0 m\u1ed9t gia v\u1ecb d\u00f9ng \u0111\u1ec3 \u01b0\u1edbp th\u1ecbt b\u00f2 \u0111\u1ec3 l\u00e0m b\u00f3 n\u00e9 ho\u1eb7c c\u00e1c m\u00f3n chi\u00ean, x\u00e0o, n\u01b0\u1edbng\u2026 \u0111\u1ec3 m\u00f3n \u0103n tr\u1edf n\u00ean th\u01a1m ngon, h\u1ea5p d\u1eabn v\u00e0 m\u1edbi l\u1ea1.<\/p>\n<p dir=\"auto\"><img fetchpriority=\"high\" decoding=\"async\" class=\"wp-image-25307 aligncenter\" src=\"https:\/\/havamall.com\/wp-content\/uploads\/2025\/10\/d5a86a36d5-300x300.png\" alt=\"\" width=\"630\" height=\"630\" \/><\/p>\n<p dir=\"auto\">V\u1edbi s\u1ed1t b\u00f2 n\u00e9 \u00d4ng Ch\u00e0 V\u00e0 b\u1ea1n s\u1ebd ti\u1ebft ki\u1ec7m \u0111\u01b0\u1ee3c th\u1eddi gian v\u00e0 c\u00f4ng s\u1ee9c m\u00e0 v\u1eabn gi\u1eef \u0111\u01b0\u1ee3c v\u1ecb ngon truy\u1ec1n th\u1ed1ng c\u1ee7a m\u00f3n b\u00f2 n\u00e9 S\u00e0i G\u00f2n.<\/p>\n<\/div>\n<p>S\u1ea3n ph\u1ea9m l\u00e0 gia v\u1ecb an to\u00e0n cho s\u1ee9c kho\u1ebb con ng\u01b0\u1eddi, ho\u00e0n to\u00e0n kh\u00f4ng ch\u1ee9a ch\u1ea5t t\u1ea1o m\u00e0u, kh\u00f4ng ch\u1ea5t b\u1ea3o qu\u1ea3n. Ngo\u00e0i ra, s\u1ea3n ph\u1ea9m c\u00f2n k\u00edch th\u00edch kh\u1ea9u v\u1ecb c\u1ee7a ng\u01b0\u1eddi d\u00f9ng gi\u00fap cho c\u00e1c b\u1eefa \u0103n th\u00eam ngon mi\u1ec7ng h\u01a1n.<\/p>\n<p>V\u1edbi c\u00e1c nguy\u00ean li\u1ec7u t\u1ef1 nhi\u00ean d\u1ea7u n\u00e0nh tinh luy\u1ec7n (30%), t\u1ecfi (15%), d\u1ea7u m\u00e8, \u0111\u01b0\u1eddng, n\u01b0\u1edbc, mu\u1ed1i, h\u1ea1t \u0111i\u1ec1u m\u00e0u, chi\u1ebft xu\u1ea5t n\u1ea5m men, gi\u1ea5m,..D\u00f9ng n\u00eam n\u1ebfm, \u01b0\u1edbp th\u1ecbt c\u00e1c lo\u1ea1i, c\u00e1c m\u00f3n chi\u00ean, x\u00e0o. Th\u01a1m ngon h\u01a1n khi d\u00f9ng l\u00e0m b\u00f2 n\u00e9.<\/p>\n<div dir=\"auto\"><img decoding=\"async\" class=\"wp-image-25308 aligncenter\" src=\"https:\/\/havamall.com\/wp-content\/uploads\/2025\/10\/S9afe201d88984c61b37b55967c56311fb-300x297.png\" alt=\"\" width=\"640\" height=\"632\" \/><\/div>\n<h3><strong>H\u01b0\u1edbng d\u1eabn s\u1eed d\u1ee5ng:<\/strong><\/h3>\n<p>&#8211; \u0110\u1eb7c bi\u1ec7t: B\u00f2 n\u00e9 mi\u1ec1n T\u00e2y<\/p>\n<p>&#8211; D\u00f9ng l\u00e0m gia v\u1ecb \u0111\u1ec3 \u01b0\u1edbp th\u1ecbt n\u01b0\u1edbng ho\u1eb7c x\u00e0o.<\/p>\n<p>&#8211; T\u1ea1o m\u00f9i th\u01a1m, h\u01b0\u01a1ng v\u1ecb \u0111\u0103c tr\u01b0ng, m\u00e0u s\u1eafc \u0111\u1eb9p m\u1eaft cho s\u1ea3n ph\u1ea9m.<\/p>\n<p>S\u1ea3n ph\u1ea9m hi\u1ec7n \u0111\u00e3 c\u00f3 m\u1eb7t t\u1ea1i Havamall<\/p>\n<p><img decoding=\"async\" class=\"aligncenter\" src=\"https:\/\/havamall.com\/wp-content\/uploads\/2025\/10\/bo-ne-1.jpg\" alt=\"B\u00f2 n\u00e9: Nguy\u00ean li\u1ec7u, t\u1ea9m \u01b0\u1edbp v\u00e0 c\u00e1ch l\u00e0m b\u00f2 n\u00e9 th\u01a1m ngon t\u1ea1i nh\u00e0\" width=\"644\" height=\"430\" \/><\/p>","protected":false},"excerpt":{"rendered":"<p>S\u1ed1t B\u00f2 N\u00e9 \u00d4ng Ch\u00e0 V\u00e0 l\u00e0 s\u1ea3n ph\u1ea9m gia v\u1ecb mang t\u00ednh ti\u1ec7n d\u1ee5ng \u0111\u1ebfn t\u1eeb th\u01b0\u01a1ng hi\u1ec7u \u00d4ng<\/p>","protected":false},"featured_media":25306,"comment_status":"open","ping_status":"closed","template":"","meta":[],"product_brand":[],"product_cat":[36],"product_tag":[],"class_list":{"0":"post-25305","1":"product","2":"type-product","3":"status-publish","4":"has-post-thumbnail","6":"product_cat-thuc-pham-tieu-dung","7":"pa_brand-ong-cha-va","9":"first","10":"instock","11":"sale","12":"shipping-taxable","13":"purchasable","14":"product-type-simple"},"_links":{"self":[{"href":"https:\/\/havamall.vn\/en\/wp-json\/wp\/v2\/product\/25305"}],"collection":[{"href":"https:\/\/havamall.vn\/en\/wp-json\/wp\/v2\/product"}],"about":[{"href":"https:\/\/havamall.vn\/en\/wp-json\/wp\/v2\/types\/product"}],"replies":[{"embeddable":true,"href":"https:\/\/havamall.vn\/en\/wp-json\/wp\/v2\/comments?post=25305"}],"version-history":[{"count":0,"href":"https:\/\/havamall.vn\/en\/wp-json\/wp\/v2\/product\/25305\/revisions"}],"wp:featuredmedia":[{"embeddable":true,"href":"https:\/\/havamall.vn\/en\/wp-json\/wp\/v2\/media\/25306"}],"wp:attachment":[{"href":"https:\/\/havamall.vn\/en\/wp-json\/wp\/v2\/media?parent=25305"}],"wp:term":[{"taxonomy":"product_brand","embeddable":true,"href":"https:\/\/havamall.vn\/en\/wp-json\/wp\/v2\/product_brand?post=25305"},{"taxonomy":"product_cat","embeddable":true,"href":"https:\/\/havamall.vn\/en\/wp-json\/wp\/v2\/product_cat?post=25305"},{"taxonomy":"product_tag","embeddable":true,"href":"https:\/\/havamall.vn\/en\/wp-json\/wp\/v2\/product_tag?post=25305"}],"curies":[{"name":"wp","href":"https:\/\/api.w.org\/{rel}","templated":true}]}}