{"id":25295,"date":"2022-02-15T11:11:35","date_gmt":"2022-02-15T04:11:35","guid":{"rendered":"https:\/\/havamall.vn\/?post_type=product&#038;p=25295"},"modified":"2025-10-10T14:54:16","modified_gmt":"2025-10-10T07:54:16","slug":"sa-te-tom-it-cay-ong-cha-va-hu-90g","status":"publish","type":"product","link":"https:\/\/havamall.vn\/en\/shop\/sa-te-tom-it-cay-ong-cha-va-hu-90g\/","title":{"rendered":"Sa T\u1ebf T\u00f4m \u00cdt Cay \u00d4ng Ch\u00e0 V\u00e0 H\u1ee7 90g"},"content":{"rendered":"<p>Sa t\u1ebf t\u00f4m XO \u00d4ng Ch\u00e0 V\u00e0 90G\u00a0c\u00f3 v\u1ecb b\u00e9o c\u1ee7a d\u1ea7u, th\u01a1m cay \u0111\u1eb7c tr\u01b0ng c\u1ee7a \u1edbt, t\u1ecfi v\u00e0 s\u1ea3 cho m\u00f3n \u0103n th\u00eam \u0111\u1eadm \u0111\u00e0, th\u01a1m ngon h\u1ea5p d\u1eabn.<\/p>\n<p>Sa t\u1ebf t\u00f4m XO \u00d4ng Ch\u00e0 V\u00e0 90G d\u1ea1ng chai, ti\u1ec7n d\u1ee5ng cho nh\u1eefng gia \u0111\u00ecnh c\u00f3 nhu c\u1ea7u cao ho\u1eb7c c\u00e1c qu\u00e1n \u0103n, nh\u00e0 h\u00e0ng. S\u1ea3n ph\u1ea9m \u0111\u01b0\u1ee3c l\u00e0m t\u1eeb 100% c\u00e1c nguy\u00ean li\u1ec7u t\u1ef1 nhi\u00ean \u0111\u01b0\u1ee3c ch\u1ecdn l\u1ecdc k\u0129, c\u00f3 m\u00f9i h\u01b0\u01a1ng th\u01a1m ngon v\u00e0 h\u1ea5p d\u1eabn.<\/p>\n<p><img fetchpriority=\"high\" decoding=\"async\" class=\"wp-image-25296 aligncenter\" src=\"https:\/\/havamall.com\/wp-content\/uploads\/2025\/10\/fbf192c697a8a31e7a0e0084e9df7eee-300x300.png\" alt=\"\" width=\"681\" height=\"681\" \/><\/p>\n<p>S\u1ea3n xu\u1ea5t b\u1eb1ng c\u00f4ng ngh\u1ec7 hi\u1ec7n \u0111\u1ea1i gi\u1eef l\u1ea1i h\u01b0\u01a1ng v\u1ecb th\u01a1m cay v\u00e0 tr\u1ea1ng th\u00e1i m\u00e0u s\u1eafc t\u1ef1 nhi\u00ean c\u1ee7a s\u1ea3n ph\u1ea9m m\u00e0 v\u1eabn \u0111\u1ea3m b\u1ea3o v\u1ec7 sinh an to\u00e0n th\u1ef1c ph\u1ea9m. S\u1ea3n ph\u1ea9m th\u00edch h\u1ee3p d\u00f9ng l\u00e0m gia v\u1ecb t\u1ea9m \u01b0\u1edbp c\u00e1c m\u00f3n \u0103n nh\u01b0: b\u00f2 n\u01b0\u1edbng sa t\u1ebf, m\u00ec qu\u1ea3ng sa t\u1ebf, v\u1ecbt n\u01b0\u1edbng sa t\u1ebf, m\u1ef1c n\u01b0\u1edbng sa t\u1ebf, c\u00e1 kho sa t\u1ebf, s\u00fap t\u00f4m sa t\u1ebf, g\u00e0 r\u00e1n s\u1ed1t sa t\u1ebf, chim c\u00fat n\u01b0\u1edbng sa t\u1ebf, canh m\u1ef1c sa t\u1ebf, th\u1ecbt ba ch\u1ec9 x\u00e0o sa t\u1ebf, l\u1ea9u sa t\u1ebf h\u1ea3i s\u1ea3n,\u2026<\/p>\n<p>Sa t\u1ebf t\u00f4m XO \u00d4ng Ch\u00e0 V\u00e0 90G kh\u00f4ng ch\u1ec9 gi\u00fap m\u00f3n \u0103n c\u1ee7a b\u1ea1n c\u00f3 th\u00eam m\u00e0u s\u1eafc h\u1ea5p d\u1eabn, m\u00e0 c\u00f2n mang \u0111\u1ebfn h\u01b0\u01a1ng v\u1ecb cay n\u1ed3ng, th\u01a1m ngon, \u0111\u1eadm \u0111\u00e0, m\u1edbi l\u1ea1. Sa\u0309n ph\u00e2\u0309m s\u1eed d\u1ee5ng c\u00e1c nguy\u00ean li\u1ec7u ho\u00e0n to\u00e0n t\u1ef1 nhi\u00ean v\u00e0 \u0111\u00e3 \u0111\u01b0\u1ee3c ch\u1ecdn l\u1ecdc k\u0129 l\u01b0\u1ee1ng n\u00ean b\u1ea3o \u0111\u1ea3m kh\u00f4ng l\u1eabn c\u00e1c t\u1ea1p ch\u1ea5t \u0111\u1ed9c h\u1ea1i, g\u00e2y \u1ea3nh h\u01b0\u1edfng cho s\u1ee9c kh\u1ecfe ng\u01b0\u1eddi ti\u00eau d\u00f9ng.<\/p>\n<p><img decoding=\"async\" class=\"wp-image-25297 aligncenter\" src=\"https:\/\/havamall.com\/wp-content\/uploads\/2025\/10\/d8112069af88a2d353ac2299ce527820-300x237.png\" alt=\"\" width=\"685\" height=\"542\" \/><\/p>\n<h3><strong>H\u01b0\u1edbng d\u1eabn s\u1eed d\u1ee5ng:<\/strong><\/h3>\n<p>&#8211; D\u00f9ng l\u00e0m gia v\u1ecb, ch\u1ea5m m\u00f3n \u0103n nh\u01b0 b\u00f2 vi\u00ean, ph\u1edf b\u00f2,&#8230;<\/p>\n<p>&#8211; T\u1ea1o m\u00f9i th\u01a1m cho s\u1ea3n ph\u1ea9m<\/p>\n<p>&#8211; Ch\u1ebf bi\u1ebfn \u01b0\u1edbp, n\u01b0\u1edbng, x\u00e0o, \u2026<\/p>\n<p>S\u1ea3n ph\u1ea9m hi\u1ec7n \u0111\u00e3 c\u00f3 m\u1eb7t t\u1ea1i Havamall.<\/p>\n<p><img decoding=\"async\" class=\"wp-image-25301 aligncenter\" src=\"https:\/\/havamall.com\/wp-content\/uploads\/2025\/10\/recipe25140-300x200.png\" alt=\"\" width=\"674\" height=\"449\" \/><\/p>","protected":false},"excerpt":{"rendered":"<p>Sa t\u1ebf t\u00f4m XO \u00d4ng Ch\u00e0 V\u00e0 90G\u00a0c\u00f3 v\u1ecb b\u00e9o c\u1ee7a d\u1ea7u, th\u01a1m cay \u0111\u1eb7c tr\u01b0ng c\u1ee7a \u1edbt, t\u1ecfi v\u00e0<\/p>","protected":false},"featured_media":25299,"comment_status":"open","ping_status":"closed","template":"","meta":[],"product_brand":[],"product_cat":[36],"product_tag":[],"class_list":{"0":"post-25295","1":"product","2":"type-product","3":"status-publish","4":"has-post-thumbnail","6":"product_cat-thuc-pham-tieu-dung","7":"pa_brand-ong-cha-va","9":"first","10":"outofstock","11":"sale","12":"shipping-taxable","13":"purchasable","14":"product-type-simple"},"_links":{"self":[{"href":"https:\/\/havamall.vn\/en\/wp-json\/wp\/v2\/product\/25295"}],"collection":[{"href":"https:\/\/havamall.vn\/en\/wp-json\/wp\/v2\/product"}],"about":[{"href":"https:\/\/havamall.vn\/en\/wp-json\/wp\/v2\/types\/product"}],"replies":[{"embeddable":true,"href":"https:\/\/havamall.vn\/en\/wp-json\/wp\/v2\/comments?post=25295"}],"version-history":[{"count":0,"href":"https:\/\/havamall.vn\/en\/wp-json\/wp\/v2\/product\/25295\/revisions"}],"wp:featuredmedia":[{"embeddable":true,"href":"https:\/\/havamall.vn\/en\/wp-json\/wp\/v2\/media\/25299"}],"wp:attachment":[{"href":"https:\/\/havamall.vn\/en\/wp-json\/wp\/v2\/media?parent=25295"}],"wp:term":[{"taxonomy":"product_brand","embeddable":true,"href":"https:\/\/havamall.vn\/en\/wp-json\/wp\/v2\/product_brand?post=25295"},{"taxonomy":"product_cat","embeddable":true,"href":"https:\/\/havamall.vn\/en\/wp-json\/wp\/v2\/product_cat?post=25295"},{"taxonomy":"product_tag","embeddable":true,"href":"https:\/\/havamall.vn\/en\/wp-json\/wp\/v2\/product_tag?post=25295"}],"curies":[{"name":"wp","href":"https:\/\/api.w.org\/{rel}","templated":true}]}}