{"id":25291,"date":"2022-02-15T10:04:28","date_gmt":"2022-02-15T03:04:28","guid":{"rendered":"https:\/\/havamall.vn\/?post_type=product&#038;p=25291"},"modified":"2025-08-19T10:23:50","modified_gmt":"2025-08-19T03:23:50","slug":"combo-nguyen-lieu-lam-banh-tiramisu","status":"publish","type":"product","link":"https:\/\/havamall.vn\/en\/shop\/combo-nguyen-lieu-lam-banh-tiramisu\/","title":{"rendered":"Combo Nguy\u00ean Li\u1ec7u L\u00e0m B\u00e1nh Tiramisu"},"content":{"rendered":"<p>Tiramisu l\u00e0 m\u1ed9t lo\u1ea1i b\u00e1nh thu\u1ed9c d\u00f2ng b\u00e1nh l\u1ea1nh cao c\u1ea5p \u0111\u01b0\u1ee3c r\u1ea5t nhi\u1ec1u ng\u01b0\u1eddi y\u00eau th\u00edch b\u1edfi h\u01b0\u01a1ng v\u1ecb th\u01a1m ngon, d\u1ec5 d\u00e0ng tan ngay n\u01a1i \u0111\u1ea7u l\u01b0\u1ee1i khi v\u1eeba \u0111\u01b0a t\u1edbi mi\u1ec7ng.<\/p>\n<p>C\u00e1ch l\u00e0m m\u00f3n b\u00e1nh n\u00e0y kh\u00e1 d\u1ec5, \u0111\u1eb7c bi\u1ec7t l\u00e0 kh\u00f4ng ph\u1ea3i s\u1eed d\u1ee5ng l\u00f2 n\u01b0\u1edbng n\u00ean ai c\u0169ng ho\u00e0n to\u00e0n c\u00f3 th\u1ec3 l\u00e0m \u0111\u01b0\u1ee3c. Ch\u1ec9 c\u1ea7n c\u00f3 m\u1ed9t c\u00f4ng th\u1ee9c chu\u1ea9n, m\u1ed9t ch\u00fat th\u1eddi gian v\u00e0 s\u1ef1 kh\u00e9o l\u00e9o, b\u1ea1n \u0111\u00e3 c\u00f3 th\u1ec3 th\u01b0\u1edfng th\u1ee9c ngay m\u00f3n b\u00e1nh cao c\u1ea5p ch\u1ec9 c\u00f3 th\u1ec3 mua \u0111\u01b0\u1ee3c \u1edf ngo\u00e0i ti\u1ec7m r\u1ed3i.<\/p>\n<p>V\u1edbi combo nguy\u00ean li\u1ec7u l\u00e0m b\u00e1nh tiramisu c\u1ee7a nh\u00e0 Havamall, l\u00e0m b\u00e1nh l\u1ea1i c\u00e0ng tr\u1edf n\u00ean d\u1ec5 d\u00e0ng h\u01a1n.<\/p>\n<p>Combo nguy\u00ean li\u1ec7u l\u00e0m b\u00e1nh Tiramisu bao g\u1ed3m:<\/p>\n<h3 class=\"product_title entry-title\"><strong>\u25aa\ufe0f\u00a0B\u00e1nh Quy Lady Finger Savoiardi Divella 400gr<\/strong><\/h3>\n<p>B\u00e1nh Savoiardi l\u00e0 m\u1ed9t lo\u1ea1i b\u00e1nh x\u1ed1p ng\u1ecdt v\u00e0 nh\u1eb9. B\u00e1nh Savoiardi c\u00f3 t\u00ean g\u1ecdi kh\u00e1c l\u00e0 b\u00e1nh Ladyfinger v\u00ec c\u00f3 h\u00ecnh d\u1ea1ng nh\u01b0 m\u1ed9t ng\u00f3n tay l\u1edbn. B\u00e1nh Savoiardi c\u00f3 c\u00e1ch l\u00e0m gi\u1ed1ng v\u1edbi c\u1ed1t b\u00e1nh gato ch\u1ec9 kh\u00e1c \u1edf \u0111i\u1ec3m l\u00e0 khi n\u01b0\u1edbng \u0111\u01b0\u1ee3c n\u01b0\u1edbng \u1edf nhi\u1ec7t \u0111\u1ed9 r\u1ea5t cao n\u00ean b\u00e1nh kh\u00f4, x\u1ed1p. N\u00f3 th\u01b0\u1eddng \u0111\u01b0\u1ee3c d\u00f9ng l\u00e0 th\u00e0nh ph\u1ea7n trong nhi\u1ec1u m\u00f3n tr\u00e1ng mi\u1ec7ng nh\u01b0 b\u00e1nh x\u1ed1p kem, b\u00e1nh charlotte v\u00e0 tiramisu. \u0110\u1ec3 l\u00e0m b\u00e1nh tiramisu, kh\u00f4ng th\u1ec3 thi\u1ebfu b\u00e1nh Savoiardi, ta th\u01b0\u1eddng nh\u00fang b\u00e1nh\u00a0Savoiardi ng\u00e2m v\u1edbi r\u01b0\u1ee3u rhum v\u1edbi cafe ho\u1eb7c kalua \u0111\u1ec3 l\u00e0m b\u00e1nh, v\u00ec Savoiardi x\u1ed1p, gi\u00f2n r\u1ea5t h\u1ee3p cho b\u00e1nh.<\/p>\n<p><img fetchpriority=\"high\" decoding=\"async\" class=\"wp-image-25158 aligncenter\" src=\"https:\/\/havamall.com\/wp-content\/uploads\/2025\/08\/FHxDsXU-300x300.png\" alt=\"\" width=\"705\" height=\"705\" \/><\/p>\n<p>N\u00f3 c\u0169ng th\u01b0\u1eddng \u0111\u01b0\u1ee3c nh\u00fang v\u00e0o xi r\u00f4 ho\u1eb7c r\u01b0\u1ee3u m\u00f9i. B\u00e1nh Savoiardi c\u0169ng l\u00e0 m\u1ed9t m\u00f3n d\u00e0nh cho tr\u1ebb nh\u1ecf v\u00ec n\u00f3 m\u1ec1m, ph\u00f9 h\u1ee3p cho r\u0103ng m\u1edbi m\u1ecdc, d\u1ec5 d\u00e0ng c\u1ea7m n\u1eafm v\u00e0 kh\u00f4ng b\u1ecb v\u1ee1 v\u1ee5n. B\u00e1nh x\u1ed1p, gi\u00f2n tan th\u01a1m m\u00f9i b\u01a1 v\u00e0 tr\u1ee9ng g\u00e0. B\u00e1nh Savoiardi \u0111\u01b0\u1ee3c l\u00e0m t\u1eeb c\u00e1c nguy\u00ean li\u1ec7u th\u01a1m ngon: b\u1ed9t m\u00ec, \u0111\u01b0\u1eddng, b\u01a1, d\u1ea7u \u0103n, vani, h\u01b0\u01a1ng li\u1ec7u, tr\u1ee9ng\u2026 t\u1ea1o cho chi\u1ebfc b\u00e1nh th\u01a1m m\u00f9i tr\u1ee9ng v\u00e0 b\u01a1, v\u00f4 c\u00f9ng ng\u1ecdt ng\u00e0o, th\u01a1m ngon. B\u00e1nhSavoiardi c\u00f3 th\u1ec3 d\u00f9ng \u0111\u1ec3 \u0103n tr\u1ef1c ti\u1ebfp kh\u00f4ng c\u1ea7n qua ch\u1ebf bi\u1ebfn ho\u1eb7c l\u00e0 nguy\u00ean li\u1ec7u kh\u00f4ng th\u1ec3 thi\u1ebfu trong b\u00e1nh tiramisu, b\u00e1nh Savoiardi c\u00f3 th\u1ec3 d\u00f9ng l\u00e0m n\u1ec1n b\u00e1nh cho b\u00e1nh cheesecake, trang tr\u00ed b\u00e1nh gato\u2026<\/p>\n<p><img decoding=\"async\" class=\"wp-image-25159 aligncenter\" src=\"https:\/\/havamall.com\/wp-content\/uploads\/2025\/08\/1_HY6UKfBfkd-300x300.png\" alt=\"\" width=\"700\" height=\"699\" \/><\/p>\n<h3 class=\"product_title entry-title\"><strong>\u25aa\ufe0f\u00a0Ph\u00f4 Mai M\u1ec1m Mascarpone Cheese Elle &amp; Vire 1L<\/strong><\/h3>\n<p>Ph\u00f4 mai Mascarpone Cheese ElleVire \u0111\u01b0\u1ee3c s\u1ea3n xu\u1ea5t theo c\u00f4ng th\u1ee9c \u0111\u1eb7c bi\u1ec7t mang l\u1ea1i h\u01b0\u01a1ng v\u1ecb \u0111\u1eb7c tr\u01b0ng th\u01a1m ng\u1eady c\u1ee7a s\u1ea3n ph\u1ea9m ch\u1ebf bi\u1ebfn t\u1eeb s\u1eefa. C\u00f3 th\u1ec3 d\u00f9ng ph\u00f4 mai tr\u1ef1c ti\u1ebfp ho\u1eb7c d\u00f9ng trong ch\u1ebf bi\u1ebfn c\u00e1c m\u00f3n \u0103n, m\u00f3n b\u00e1nh&#8230; S\u1ea3n ph\u1ea9m r\u1ea5t d\u1ec5 \u0103n, ph\u00f9 h\u1ee3p v\u1edbi m\u1ecdi l\u1ee9a tu\u1ed5i.<\/p>\n<p><img decoding=\"async\" class=\"wp-image-25186 aligncenter\" src=\"https:\/\/havamall.com\/wp-content\/uploads\/2025\/08\/123961431-300x300.png\" alt=\"\" width=\"715\" height=\"716\" \/><\/p>\n<p>Ph\u00f4 mai Mascarpone Cheese ElleVire \u0111\u01b0\u1ee3c s\u1ea3n xu\u1ea5t theo c\u00f4ng ngh\u1ec7 hi\u1ec7n \u0111\u1ea1i. M\u1ecdi kh\u00e2u t\u1eeb tuy\u1ec3n ch\u1ecdn nguy\u00ean li\u1ec7u t\u1edbi ch\u1ebf bi\u1ebfn, \u0111\u00f3ng g\u00f3i \u0111\u1ec1u di\u1ec5n ra kh\u00e9p k\u00edn d\u01b0\u1edbi s\u1ef1 gi\u00e1m s\u00e1t v\u00e0 ki\u1ec3m tra nghi\u00eam ng\u1eb7t c\u1ee7a c\u00e1c chuy\u00ean gia v\u1ec1 c\u00f4ng ngh\u1ec7 th\u1ef1c ph\u1ea9m, \u0111\u1ea3m b\u1ea3o an to\u00e0n cho s\u1ee9c kh\u1ecfe ng\u01b0\u1eddi ti\u00eau d\u00f9ng.<\/p>\n<p>Mascarpone Elle- Vire\u00a0 \u0111\u01b0\u1ee3c s\u1eed d\u1ee5ng trong nhi\u1ec1u c\u00f4ng th\u1ee9c n\u1ea5u \u0103n v\u00e0 l\u00e0m b\u00e1nh, \u0111\u1eb7c bi\u1ec7t l\u00e0 s\u1eed d\u1ee5ng trong m\u00f3n b\u00e1nh tiramisu tr\u00e1ng mi\u1ec7ng n\u1ed5i ti\u1ebfng c\u1ee7a \u00dd. S\u1ea3n ph\u1ea9m c\u00f3 ch\u1ee9a 40% ch\u1ea5t b\u00e9o t\u1eeb s\u1eefa n\u00ean s\u1ebd gi\u00fap m\u00f3n \u0103n c\u1ee7a b\u1ea1n th\u00eam ph\u1ea7n th\u01a1m ngon v\u00e0 h\u1ea5p d\u1eabn.<\/p>\n<p><img loading=\"lazy\" decoding=\"async\" class=\"wp-image-25187 aligncenter\" src=\"https:\/\/havamall.com\/wp-content\/uploads\/2025\/08\/241572184-300x300.png\" alt=\"\" width=\"708\" height=\"708\" \/><\/p>\n<p>M\u00e0u tr\u1eafng c\u1ee7a\u00a0ph\u00f4 mai Mascarpone Cheese ElleVire gi\u00fap cho lo\u1ea1i ph\u00f4 mai n\u00e0y kh\u00f4ng ch\u1ec9 \u0111\u01b0\u1ee3c d\u00f9ng \u0111\u1ec3 l\u00e0m c\u00e1c m\u00f3n tr\u00e1ng mi\u1ec7ng nh\u01b0 cheesecakes, tiramisu,\u2026 ho\u1eb7c \u0103n tr\u1ef1c ti\u1ebfp v\u1edbi b\u00e1nh m\u00e0 c\u00f2n c\u00f3 th\u1ec3 d\u00f9ng l\u00e0m kem trang tr\u00ed b\u00e1nh, khi pha m\u00e0u kh\u00f4ng lo s\u1ebd b\u1ecb l\u1ec7ch t\u00f4ng so v\u1edbi m\u00e0u ban \u0111\u1ea7u.<\/p>\n<p>Ph\u00f4 mai Mascarpone Cheese ElleVire 1L\u00edt \u0111\u01b0\u1ee3c s\u1eed d\u1ee5ng trong nhi\u1ec1u c\u00f4ng th\u1ee9c n\u1ea5u \u0103n v\u00e0 l\u00e0m b\u00e1nh, \u0111\u1eb7c bi\u1ec7t l\u00e0 s\u1eed d\u1ee5ng trong m\u00f3n b\u00e1nh tiramisu tr\u00e1ng mi\u1ec7ng n\u1ed5i ti\u1ebfng c\u1ee7a \u00dd.<\/p>\n<p><img loading=\"lazy\" decoding=\"async\" class=\"wp-image-25192 aligncenter\" src=\"https:\/\/havamall.com\/wp-content\/uploads\/2025\/08\/273365420-300x253.png\" alt=\"\" width=\"704\" height=\"594\" \/><\/p>\n<h3 class=\"product_title entry-title\"><strong>\u25aa\ufe0f\u00a0B\u1ed9t Cacao-Hershey&#8217;s Cocoa Powder 226g<\/strong><\/h3>\n<p><span style=\"font-weight: 400\">B\u1ed9t cacao nguy\u00ean ch\u1ea5t Hershey\u2019s 226g c\u1ee7a M\u1ef9 l\u00e0 b\u1ed9t cacao 100% t\u1ef1 nhi\u00ean, kh\u00f4ng ch\u1ee9a th\u00eam \u0111\u01b0\u1eddng \u0111\u01b0\u1ee3c nh\u1eadp kh\u1ea9u t\u1eeb M\u1ef9. B\u1ed9t cacao d\u00f9ng \u0111\u1ec3 u\u1ed1ng ho\u1eb7c l\u00e0m b\u00e1nh Socola v\u1edbi c\u00e1c th\u00e0nh ph\u1ea7n d\u01b0\u1ee1ng ch\u1ea5t t\u1ed1t cho s\u1ee9c kh\u1ecfe. B\u1ed9t cacao hershey \u0111\u01b0\u1ee3c tin d\u00f9ng tr\u00ean nhi\u1ec1u n\u01b0\u1edbc kh\u1eafp Th\u1ebf gi\u1edbi.<\/span><\/p>\n<p><span style=\"font-weight: 400\">B\u1ed9t cacao nguy\u00ean ch\u1ea5t Hershey\u2019s 226g c\u1ee7a M\u1ef9 \u0111\u01b0\u1ee3c l\u00e0m th\u00e0nh ph\u1ea7n t\u1eeb 100% cacao nguy\u00ean ch\u1ea5t, kh\u00f4ng \u0111\u01b0\u1eddng, ch\u1ed1ng l\u1ea1i b\u1ec7nh ung th\u01b0 v\u00e0 ng\u0103n ng\u1eeba l\u00e3o h\u00f3a, t\u1eadp trung tr\u00ed tu\u1ec7<\/span><\/p>\n<p><img loading=\"lazy\" decoding=\"async\" class=\"aligncenter\" src=\"https:\/\/havamall.com\/wp-content\/uploads\/2025\/08\/bot-caca-chinh-hang.jpg\" alt=\"B\u1ed9t socola hershey nguy\u00ean ch\u1ea5t 100% gi\u00e1 s\u1ec9 trong d\u1ecbp t\u1ebft 2018\" width=\"699\" height=\"990\" \/><\/p>\n<p><span style=\"font-weight: 400\">Cacao c\u00f3 ngu\u1ed3n g\u1ed1c t\u1eeb Trung M\u1ef9, c\u00f3 t\u00ean La Tinh la\u0300 Theobroma cacao, co\u0301 nghi\u0303a la\u0300 \u201cth\u01b0\u0301c \u0103n cu\u0309a ca\u0301c vi\u0323 th\u00e2\u0300n\u201d.\u00a0<\/span><span style=\"font-weight: 400\">B\u1ed9t Cacao Hershey\u2019s Cocoa l\u00e0 m\u1ed9t th\u1ee9c u\u1ed1ng r\u1ea5t \u0111\u01b0\u1ee3c \u01b0a chu\u1ed9ng tr\u00ean kh\u1eafp Th\u1ebf gi\u1edbi v\u00ec nh\u1eefng t\u00e1c d\u1ee5ng tuy\u1ec7t v\u1eddi c\u1ee7a n\u00f3 v\u1edbi h\u01b0\u01a1ng v\u1ecb th\u01a1m ngon m\u00f9i cafe, v\u00e0 ch\u1ee9a th\u00e0nh ph\u1ea7n b\u1ed5 d\u01b0\u1ee1ng, t\u1ed1t cho s\u1ee9c kh\u1ecfe.\u00a0<\/span><\/p>\n<p><img loading=\"lazy\" decoding=\"async\" class=\"aligncenter\" src=\"https:\/\/havamall.com\/wp-content\/uploads\/2025\/08\/socola-kem-boc-socola-sua-hersheys-hugs-chocolate-300g-kf.jpg\" alt=\"Socola kem b\u1ecdc socola s\u1eefa Hershey\" width=\"701\" height=\"701\" \/><\/p>\n<p><span style=\"font-weight: 400\">C\u0169ng ch\u00ednh v\u00ec v\u1eady m\u00e0 lo\u1ea1i th\u1ee9c u\u1ed1ng n\u00e0y, c\u0169ng nh\u01b0 socola tr\u1edf th\u00e0nh m\u1ed9t \u0111\u1eb7c tr\u01b0ng trong v\u0103n h\u00f3a \u1ea9m th\u1ef1c ch\u00e2u \u00c2u, v\u00e0 ng\u00e0y c\u00e0ng \u0111\u01b0\u1ee3c lan r\u1ed9ng kh\u1eafp Th\u1ebf gi\u1edbi.<\/span><\/p>\n<p><span style=\"font-weight: 400\">B\u1ed9t Cacao Hershey\u2019s kh\u00f4ng \u0111\u01b0\u1eddng \u0111\u01b0\u1ee3c tin d\u00f9ng su\u1ed1t nhi\u1ec1u n\u0103m qua, v\u00e0 ng\u00e0y c\u00e0ng \u0111\u01b0\u1ee3c ph\u1ed5 bi\u1ebfn r\u1ed9ng r\u00e3i tr\u00ean kh\u1eafp Th\u1ebf gi\u1edbi.\u00a0<\/span><\/p>\n<h3 class=\"product_title entry-title\"><strong>\u25aa\ufe0f\u00a0C\u00e0 ph\u00ea Kar\u00ed<\/strong><\/h3>\n<p><b><i>Kar\u00ed<\/i><\/b>\u00a0l\u00e0 th\u01b0\u01a1ng hi\u1ec7u coffee uy t\u00edn, \u0111\u01b0\u1ee3c ph\u00e2n ph\u1ed1i r\u1ed9ng r\u00e3i tr\u00ean to\u00e0n qu\u1ed1c, \u0111\u00e3 v\u00e0 \u0111ang \u0111\u01b0\u1ee3c r\u1ea5t nhi\u1ec1u kh\u00e1ch h\u00e0ng tin d\u00f9ng. Kar\u00ed c\u00f3 ngu\u1ed3n g\u1ed1c v\u00f9ng Di Linh, L\u00e2m \u0110\u1ed3ng, \u0110\u00e0 L\u1ea1t, v\u00f9ng \u0111\u1ea5t \u0111\u1ecf bazan m\u00e0u m\u1ee1 v\u00e0 kh\u00ed h\u1eadu m\u00e1t m\u1ebb quanh n\u0103m ph\u00f9 h\u1ee3p \u0111\u1ec3 tr\u1ed3ng nhi\u1ec1u lo\u1ea1i c\u00e0 ph\u00ea kh\u00e1c nhau. Th\u01b0\u01a1ng hi\u1ec7u Kar\u00ed v\u1edbi nh\u1eefng h\u1ea1t c\u00e0 ph\u00ea \u0111\u01b0\u1ee3c tuy\u1ec3n ch\u1ecdn v\u00e0 ch\u1eaft l\u1ecdc k\u1ef9 l\u01b0\u1ee1ng, ngu\u1ed3n c\u00e0 ph\u00ea \u0111a d\u1ea1ng nh\u01b0\u00a0<b><i>Robusta, Balanced, Arabica, Caudat,\u2026<\/i><\/b>\u00a0M\u1ed7i lo\u1ea1i c\u00e0 ph\u00ea tuy c\u00f3 h\u01b0\u01a1ng v\u1ecb kh\u00e1c nhau nh\u01b0ng l\u1ea1i d\u1ec5 d\u00e0ng pha ch\u1ebf v\u00e0 k\u1ebft h\u1ee3p \u0111\u1ec3 t\u1ea1o ra nhi\u1ec1u h\u01b0\u01a1ng v\u1ecb th\u1ee9c u\u1ed1ng th\u01a1m ngon th\u00fa v\u1ecb, ph\u00f9 h\u1ee3p v\u1edbi \u0111a s\u1ed1 ng\u01b0\u1eddi u\u1ed1ng.<\/p>\n<p><img loading=\"lazy\" decoding=\"async\" class=\"wp-image-14665 aligncenter\" src=\"https:\/\/havamall.com\/wp-content\/uploads\/2025\/08\/8408fc2a7c8186dfdf90-300x200.jpg\" alt=\"\" width=\"711\" height=\"474\" \/><\/p>\n<p>C\u00e0 ph\u00ea b\u1ed9t\u00a0<b><i>Kar\u00ed<\/i><\/b>\u00a0 kh\u00f4ng ch\u1ec9 \u0111\u01a1n thu\u1ea7n l\u00e0 s\u1ea3n c\u00e0 ph\u00ea ch\u1ea5t l\u01b0\u1ee3ng, m\u00e0 c\u00f2n l\u00e0 ni\u1ec1m \u0111am m\u00ea v\u00e0 t\u00e2m huy\u1ebft c\u1ee7a ch\u00fang t\u00f4i v\u1edbi h\u1ea1t c\u00e0 ph\u00ea Vi\u1ec7t Nam ch\u1ea5t l\u01b0\u1ee3ng cao. B\u1eb1ng c\u00e1ch \u0111i kh\u1eafp n\u01a1i \u0111\u1ec3 l\u1ef1a ch\u1ecdn nh\u1eefng h\u1ea1t c\u00e0 ph\u00ea t\u1ed1t nh\u1ea5t, d\u00e0y c\u00f4ng nghi\u00ean c\u1ee9u \u0111\u1ec3 khai th\u00e1c h\u01b0\u01a1ng v\u1ecb v\u00e0 ch\u0103m ch\u00fat chi ti\u1ebft t\u1eebng s\u1ea3n ph\u1ea9m, Kar\u00ed mong mu\u1ed1n truy\u1ec1n t\u1ea3i tr\u1ecdn v\u1eb9n gi\u00e1 tr\u1ecb \u0111\u00edch th\u1ef1c c\u1ee7a c\u00e0 ph\u00ea Vi\u1ec7t.<\/p>\n<p><img loading=\"lazy\" decoding=\"async\" class=\"wp-image-14695 aligncenter\" src=\"https:\/\/havamall.com\/wp-content\/uploads\/2025\/08\/603ff64022e8d8b681f9-1-300x200.jpg\" alt=\"\" width=\"712\" height=\"475\" \/><\/p>\n<h3 class=\"product_title entry-title\"><strong>\u25aa\ufe0f\u00a0B\u1ed9t Whipping Cream &#8211; Ciel Whipping Cream Powder 100G<\/strong><\/h3>\n<p>Whipping cream l\u00e0 m\u1ed9t nguy\u00ean li\u1ec7u r\u1ea5t quen thu\u1ed9c m\u00e0 ch\u00fang ta th\u01b0\u1eddng g\u1eb7p trong c\u00e1c m\u00f3n ng\u1ecdt nh\u01b0 b\u00e1nh kem, cupcake, pudding hay \u0111\u1ed3 u\u1ed1ng smoothie.\u01afu \u0111i\u1ec3m c\u1ee7a lo\u1ea1i B\u1ed9t Whipping cream \u0111\u00f3 l\u00e0 \u1edf vi\u1ec7c n\u00f3 kh\u00f4ng ch\u1ee9a \u0111\u01b0\u1eddng n\u00ean c\u00f3 th\u1ec3 gia gi\u1ea3m \u0111\u1ed9 ng\u1ecdt t\u00f9y \u00fd.<\/p>\n<p><img loading=\"lazy\" decoding=\"async\" class=\"wp-image-20985 aligncenter\" src=\"https:\/\/havamall.com\/wp-content\/uploads\/2025\/08\/ikl-300x188.png\" alt=\"\" width=\"733\" height=\"459\" \/><\/p>\n<p>B\u1ed9t whipping cream Ciel \u0111\u01b0\u1ee3c s\u1eed d\u1ee5ng \u0111\u1ec3 ph\u1ee7 b\u00e1nh, l\u00e0m l\u1edbp kem trong c\u00e1c m\u00f3n tr\u00e1ng mi\u1ec7ng nh\u01b0 shortcake, mousse, pudding, b\u00e1nh t\u00e1o\u2026c\u0169ng nh\u01b0 d\u00f9ng l\u00e0m t\u0103ng h\u01b0\u01a1ng v\u1ecb b\u00e9o ng\u1eady cho c\u00e1c m\u00f3n s\u00fap, l\u00e0m nama chocolate ho\u1eb7c truffle. \u0110\u1ed1i v\u1edbi whipping cream d\u1ea1ng b\u1ed9t, b\u1ea1n s\u1ebd gi\u1ea3i quy\u1ebft \u0111\u01b0\u1ee3c r\u1ea5t nhi\u1ec1u v\u1ea5n \u0111\u1ec1 trong qu\u00e1 tr\u00ecnh v\u1eadn chuy\u1ec3n v\u00e0 s\u1eed d\u1ee5ng.<\/p>\n<p><img loading=\"lazy\" decoding=\"async\" class=\"aligncenter\" src=\"https:\/\/havamall.com\/wp-content\/uploads\/2025\/08\/heavy-cream-la-gi.jpg\" alt=\"Heavy Cream L\u00e0 G\u00ec? Heavy Cream C\u00f3 G\u00ec Kh\u00e1c Whipping Cream?\" width=\"731\" height=\"488\" \/><\/p>\n<p>Ngo\u00e0i ra, whipping cream Ciel c\u00f2n c\u00f3 th\u1ec3 d\u00f9ng \u0111\u1ec3 n\u1ea5u c\u00e1c m\u00f3n \u0103n nh\u01b0 s\u00fap ho\u1eb7c tr\u1ed9n chung v\u1edbi tr\u00e1i c\u00e2y. B\u1ea1n c\u0169ng c\u00f3 th\u1ec3 d\u00f9ng kem s\u1eefa t\u01b0\u01a1i \u0111\u1ec3 l\u00e0m m\u1ed9t s\u1ed1 m\u00f3n \u0103n d\u1eb7m cho b\u00e9, t\u0103ng th\u00eam \u0111\u1ed9 ng\u1eady cho m\u00f3n \u0103n, gi\u00fap b\u00e9 th\u00eam ngon mi\u1ec7ng.<\/p>\n<p><img loading=\"lazy\" decoding=\"async\" class=\"wp-image-20987 aligncenter\" src=\"https:\/\/havamall.com\/wp-content\/uploads\/2025\/08\/hgfyt-300x300.png\" alt=\"\" width=\"733\" height=\"733\" \/><\/p>\n<p dir=\"ltr\">Whipping cream Ciel kh\u00f4 v\u1edbi c\u00e1c th\u00e0nh ph\u1ea7n t\u1ef1 nhi\u00ean, an to\u00e0n cho s\u1ee9c kh\u1ecfe s\u1ebd mang l\u1ea1i cho b\u1ea1n h\u01b0\u01a1ng v\u1ecb th\u01a1m ng\u1ecdt, ng\u1eady b\u00e9o kh\u00f4ng thua k\u00e9m kem t\u01b0\u01a1i kh\u00e1c. S\u1ea3n ph\u1ea9m c\u00f3 d\u1ea1ng b\u1ed9t \u0111\u01b0\u1ee3c xay nhuy\u1ec5n m\u1ecbn, c\u00f3 v\u1ecb b\u00e9o, th\u01a1m. B\u1ed9t whipping cream \u0111\u01b0\u1ee3c \u0111\u00f3ng g\u00f3i ch\u1eafc ch\u1eafn v\u1edbi kh\u1ed1i l\u01b0\u1ee3ng 100g r\u00e2\u0301t ti\u00ea\u0323n l\u01a1\u0323i trong vi\u00ea\u0323c s\u01b0\u0309 du\u0323ng, d\u00ea\u0303 ba\u0309o qua\u0309n.<\/p>\n<p dir=\"ltr\"><img loading=\"lazy\" decoding=\"async\" class=\"aligncenter\" src=\"https:\/\/havamall.com\/wp-content\/uploads\/2025\/08\/Chocolate-Mousse-2-2.jpg\" alt=\"Chocolate Mousse - Live Well Bake Often\" width=\"732\" height=\"732\" \/><\/p>\n<h3 class=\"product_title entry-title\"><strong>\u25aa\ufe0f\u00a0Tinh Ch\u1ea5t Vani 30ml &#8211; Vanilla Planifolia Extract With Bean<\/strong><\/h3>\n<p>Vanilla hay c\u00f2n \u0111\u01b0\u1ee3c g\u1ecdi m\u1ed9t c\u00e1ch ph\u1ed5 bi\u1ebfn l\u00e0 vani, l\u00e0 m\u1ed9t lo\u1ea1i h\u01b0\u01a1ng li\u1ec7u v\u00f4 c\u00f9ng &#8220;th\u00e2n thu\u1ed9c&#8221; trong l\u00e0m b\u00e1nh, n\u1ea5u ch\u00e8 ho\u1eb7c kem. Vani c\u00f3 m\u1ed9t m\u00f9i h\u01b0\u01a1ng ng\u1ecdt ng\u00e0o \u0111\u1eb7c tr\u01b0ng gi\u00fap t\u0103ng th\u00eam \u0111\u1ed9 th\u01a1m cho m\u00f3n \u0103n.<\/p>\n<p>Vani c\u00f2n \u0111\u01b0\u1ee3c bi\u1ebft \u0111\u1ebfn nh\u01b0 m\u1ed9t lo\u1ea1i gia v\u1ecb \u0111\u1eaft ti\u1ec1n th\u1ee9 hai th\u1ebf gi\u1edbi ch\u1ec9 sau gia v\u1ecb\u00a0saffron\u00a0b\u1edfi mu\u1ed1n s\u1ea3n xu\u1ea5t ra ch\u00fang th\u00ec t\u1ed1n r\u1ea5t nhi\u1ec1u c\u00f4ng s\u1ee9c c\u1ee7a ng\u01b0\u1eddi gia c\u00f4ng.<\/p>\n<p><img loading=\"lazy\" decoding=\"async\" class=\"wp-image-23588 aligncenter\" src=\"https:\/\/havamall.com\/wp-content\/uploads\/2025\/08\/vanill-300x194.png\" alt=\"\" width=\"702\" height=\"454\" \/><\/p>\n<p><span style=\"color: #333333;font-family: Arial, 'Times New Roman', 'Bitstream Charter', Times, serif;font-size: 16px\">C\u00e2y vani l\u00e0 m\u1ed9t lo\u1ea1i th\u1ea3o m\u1ed9c th\u00e2n leo gi\u1ed1ng hoa lan c\u00f3 ngu\u1ed3n g\u1ed1c Ch\u00e2u M\u1ef9.\u00a0Tinh d\u1ea7u Vani nguy\u00ean ch\u1ea5t \u0111\u01b0\u1ee3c chi\u1ebft xu\u1ea5t tr\u1ef1c ti\u1ebfp t\u1eeb v\u1ecf qu\u1ea3 vani l\u00e0 n\u01a1i c\u00f3 th\u00e0nh ph\u1ea7n tinh d\u1ea7u nhi\u1ec1u nh\u1ea5t trong c\u00e2y. H\u01b0\u01a1ng th\u01a1m Vani ng\u1ecdt ng\u00e0o, quy\u1ebfn r\u0169, t\u1ea1o c\u1ea3m gi\u00e1c th\u0103ng hoa v\u00e0 \u0111\u01b0\u1ee3c coi l\u00e0 m\u1ed9t ch\u1ea5t k\u00edch th\u00edch t\u00ecnh d\u1ee5c t\u1ef1 nhi\u00ean.<\/span><\/p>\n<p>Vanila c\u00f3 c\u00f4ng d\u1ee5ng to l\u1edbn v\u00e0 l\u00e0 h\u01b0\u01a1ng li\u1ec7u ph\u1ed5 bi\u1ebfn trong vi\u1ec7c t\u1ea1o n\u00ean h\u01b0\u01a1ng th\u01a1m \u0111\u1eb7c tr\u01b0ng cho c\u00e1c lo\u1ea1i b\u00e1nh, \u0111\u1eb7c bi\u1ec7t l\u00e0 c\u1ed1t b\u00e1nh gato, ch\u00e8&#8230;..\u00a0Tinh ch\u1ea5t vanilla l\u00e0 m\u1ed9t nguy\u00ean li\u1ec7u th\u01b0\u1eddng d\u00f9ng trong nhi\u1ec1u m\u00f3n b\u00e1nh, gi\u00fap t\u1ea1o ra h\u01b0\u01a1ng th\u01a1m ng\u1ecdt ng\u00e0oc\u1ee7a nhi\u1ec1u lo\u1ea1i b\u00e1nh \u0111\u01b0\u1ee3c r\u1ea5t nhi\u1ec1u ng\u01b0\u1eddi y\u00eau th\u00edch.<\/p>\n<p><img loading=\"lazy\" decoding=\"async\" class=\"aligncenter\" src=\"https:\/\/havamall.com\/wp-content\/uploads\/2025\/08\/che-khoai-deo-698789.jpg\" alt=\"Top 6 c\u00e1ch n\u1ea5u ch\u00e8 Khoai lang th\u01a1m ngon, b\u1ed5 d\u01b0\u1ee1ng cho gia \u0111\u00ecnh - Toplist.vn\" width=\"693\" height=\"693\" \/><\/p>\n<h3><strong>\u25aa\ufe0f\u00a0Tinh Ch\u1ea5t R\u01b0\u1ee3u Rum Havafood 28ml &#8211; Flavoring Rum Extract<\/strong><\/h3>\n<p>Tinh Ch\u1ea5t c\u00f3 c\u00f4ng d\u1ee5ng to l\u1edbn v\u00e0 l\u00e0 h\u01b0\u01a1ng li\u1ec7u ph\u1ed5 bi\u1ebfn trong vi\u1ec7c t\u1ea1o n\u00ean h\u01b0\u01a1ng th\u01a1m \u0111\u1eb7c tr\u01b0ng cho c\u00e1c lo\u1ea1i b\u00e1nh, \u0111\u1eb7c bi\u1ec7t l\u00e0 c\u1ed1t b\u00e1nh gato, ch\u00e8\u2026..Tinh ch\u1ea5t Rum c\u00f3 th\u1ec3 pha v\u1edbi n\u01b0\u1edbc c\u1ed1t tr\u00e1i c\u00e2y,\u2026t\u00f9y v\u00e0o kh\u1ea9u v\u1ecb v\u00e0 s\u1edf th\u00edch c\u1ee7a t\u1eebng ng\u01b0\u1eddi. V\u00e0 m\u1ed9t c\u00f4ng d\u1ee5ng kh\u00f4ng th\u1ec3 thi\u1ebfu c\u1ee7a tinh ch\u1ea5t Rum m\u00e0 c\u00e1c b\u1ea1n y\u00eau b\u00e1nh kh\u00f4ng n\u00ean b\u1ecf qua, \u0111\u00f3 ch\u00ednh l\u00e0 t\u1ea1o m\u00f9i th\u01a1m \u0111\u1eb7c tr\u01b0ng cho m\u00f3n b\u00e1nh ng\u1ecdt tr\u00e1ng mi\u1ec7ng v\u1ecb c\u00e0 ph\u00ea r\u1ea5t n\u1ed5i ti\u1ebfng c\u1ee7a n\u01b0\u1edbc \u00dd \u2013 b\u00e1nh Tiramisu.<\/p>\n<p>Tinh ch\u1ea5t rum v\u1edbi ch\u1ea5t l\u01b0\u1ee3ng s\u1ea3n ph\u1ea9m v\u00f4 c\u00f9ng \u0111\u1ea3m b\u1ea3o, \u0111\u01b0\u1ee3c s\u1ea3n xu\u1ea5t tr\u00ean d\u00e2y chuy\u1ec1n c\u00f4ng ngh\u1ec7 hi\u1ec7n \u0111\u1ea1i d\u01b0\u1edbi s\u1ef1 gi\u00e1m s\u00e1t ch\u1eb7t ch\u1ebd c\u1ee7a c\u00e1c chuy\u00ean gia h\u00e0ng \u0111\u1ea7u trong l\u0129nh v\u1ef1c th\u1ef1c ph\u1ea9m. S\u1ea3n ph\u1ea9m ch\u1eafc ch\u1eafn s\u1ebd mang \u0111\u1ebfn cho ng\u01b0\u1eddi ti\u00eau d\u00f9ng s\u1ef1 an t\u00e2m v\u1ec1 ch\u1ea5t l\u01b0\u1ee3ng s\u1ea3n ph\u1ea9m.<\/p>\n<p><img loading=\"lazy\" decoding=\"async\" class=\"wp-image-25292 aligncenter\" src=\"https:\/\/havamall.com\/wp-content\/uploads\/2025\/08\/179290899_5589882711084062_642926216310377880_n-1024x1024-300x300.jpg\" alt=\"\" width=\"707\" height=\"707\" \/><\/p>\n<p>S\u1ea3n ph\u1ea9m c\u00f3 d\u1ea1ng \u0111\u1eb7c s\u00e1nh, mang \u0111\u1ebfn h\u01b0\u01a1ng th\u01a1m quy\u1ebfn r\u0169 c\u1ee7a lo\u1ea1i r\u01b0\u1ee3u rum. B\u1ea1n c\u00f3 th\u1ec3 s\u1eed d\u1ee5ng s\u1ea3n ph\u1ea9m \u0111\u1ec3 t\u1ea1o h\u01b0\u01a1ng v\u1ecb cho c\u00e1c m\u00f3n ch\u00e8, \u0111\u1ed3 u\u1ed1ng, l\u00e0m b\u00e1nh,&#8230;. gi\u00fap cho b\u1eefa \u0103n c\u1ee7a b\u1ea1n th\u00eam ph\u1ea7n h\u1ea5p d\u1eabn v\u00e0 \u0111\u1eb7c s\u1eafc h\u01a1n.<\/p>\n<p>S\u1ea3n ph\u1ea9m \u0111\u01b0\u1ee3c \u0111\u00f3ng trong chai th\u1ee7y tinh nh\u1ecf c\u00f3 n\u1eafp \u0111\u1eady ch\u1eb7t, gi\u00fap b\u1ea1n d\u1ec5 d\u00e0ng s\u1eed d\u1ee5ng v\u00e0 b\u1ea3o qu\u1ea3n trong th\u1eddi gian d\u00e0i.<\/p>\n<p>N\u1ebfu b\u1ea1n mu\u1ed1n m\u00f3n \u0103n c\u1ee7a b\u1ea1n tr\u1edf n\u00ean h\u1ea5p d\u1eabn v\u1edbi m\u00f9i th\u01a1m quy\u1ebfn r\u0169 th\u00ec tinh ch\u1ea5t r\u01b0\u1ee3u rum ch\u00ednh l\u00e0 s\u1ef1 l\u1ef1a ch\u1ecdn ho\u00e0n h\u1ea3o d\u00e0nh cho b\u1ea1n.<\/p>","protected":false},"excerpt":{"rendered":"<p>Tiramisu l\u00e0 m\u1ed9t lo\u1ea1i b\u00e1nh thu\u1ed9c d\u00f2ng b\u00e1nh l\u1ea1nh cao c\u1ea5p \u0111\u01b0\u1ee3c r\u1ea5t nhi\u1ec1u ng\u01b0\u1eddi y\u00eau th\u00edch b\u1edfi h\u01b0\u01a1ng v\u1ecb<\/p>","protected":false},"featured_media":25294,"comment_status":"open","ping_status":"closed","template":"","meta":[],"product_brand":[],"product_cat":[255,40,36],"product_tag":[],"class_list":{"0":"post-25291","1":"product","2":"type-product","3":"status-publish","4":"has-post-thumbnail","6":"product_cat-nguyen-lieu-lam-banh","7":"product_cat-sieuthi-giasi","8":"product_cat-thuc-pham-tieu-dung","10":"first","11":"outofstock","12":"sale","13":"shipping-taxable","14":"purchasable","15":"product-type-simple"},"_links":{"self":[{"href":"https:\/\/havamall.vn\/en\/wp-json\/wp\/v2\/product\/25291"}],"collection":[{"href":"https:\/\/havamall.vn\/en\/wp-json\/wp\/v2\/product"}],"about":[{"href":"https:\/\/havamall.vn\/en\/wp-json\/wp\/v2\/types\/product"}],"replies":[{"embeddable":true,"href":"https:\/\/havamall.vn\/en\/wp-json\/wp\/v2\/comments?post=25291"}],"version-history":[{"count":0,"href":"https:\/\/havamall.vn\/en\/wp-json\/wp\/v2\/product\/25291\/revisions"}],"wp:featuredmedia":[{"embeddable":true,"href":"https:\/\/havamall.vn\/en\/wp-json\/wp\/v2\/media\/25294"}],"wp:attachment":[{"href":"https:\/\/havamall.vn\/en\/wp-json\/wp\/v2\/media?parent=25291"}],"wp:term":[{"taxonomy":"product_brand","embeddable":true,"href":"https:\/\/havamall.vn\/en\/wp-json\/wp\/v2\/product_brand?post=25291"},{"taxonomy":"product_cat","embeddable":true,"href":"https:\/\/havamall.vn\/en\/wp-json\/wp\/v2\/product_cat?post=25291"},{"taxonomy":"product_tag","embeddable":true,"href":"https:\/\/havamall.vn\/en\/wp-json\/wp\/v2\/product_tag?post=25291"}],"curies":[{"name":"wp","href":"https:\/\/api.w.org\/{rel}","templated":true}]}}