{"id":25287,"date":"2022-02-14T17:34:54","date_gmt":"2022-02-14T10:34:54","guid":{"rendered":"https:\/\/havamall.vn\/?post_type=product&#038;p=25287"},"modified":"2023-06-05T17:32:45","modified_gmt":"2023-06-05T10:32:45","slug":"nuoc-mam-chay-ong-cha-va-200ml","status":"publish","type":"product","link":"https:\/\/havamall.vn\/en\/shop\/nuoc-mam-chay-ong-cha-va-200ml\/","title":{"rendered":"N\u01b0\u1edbc M\u1eafm Chay \u00d4ng Ch\u00e0 V\u00e0 200ML"},"content":{"rendered":"<h3><strong>TH\u00d4NG TIN S\u1ea2N PH\u1ea8M<\/strong><\/h3>\n<table>\n<tbody>\n<tr>\n<td>Th\u01b0\u01a1ng hi\u1ec7u<\/td>\n<td>\u00d4ng Ch\u00e0 V\u00e0<\/td>\n<\/tr>\n<tr>\n<td>Xu\u1ea5t x\u1ee9<\/td>\n<td>Vi\u1ec7t Nam<\/td>\n<\/tr>\n<tr>\n<td>Th\u00e0nh ph\u1ea7n<\/td>\n<td>N\u01b0\u1edbc, mu\u1ed1i, chi\u1ebft xu\u1ea5t n\u1ea5m men, ch\u1ea5t \u0111i\u1ec1u v\u1ecb (621, 640), ch\u1ea5t \u0111i\u1ec1u ch\u1ec9nh \u0111\u1ed9 acid (330), dextrose monohydrat, h\u01b0\u01a1ng n\u1ea5m t\u1ed5ng h\u1ee3p, ch\u1ea5t t\u1ea1o ng\u1ecdt t\u1ed5ng h\u1ee3p,&#8230;<\/td>\n<\/tr>\n<tr>\n<td>H\u1ea1n s\u1eed d\u1ee5ng<\/td>\n<td>12 th\u00e1ng k\u1ec3 t\u1eeb ng\u00e0y s\u1ea3n xu\u1ea5t.<\/td>\n<\/tr>\n<tr>\n<td>B\u1ea3o qu\u1ea3n<\/td>\n<td>N\u01a1i kh\u00f4 r\u00e1o, tho\u00e1ng m\u00e1t, tr\u00e1nh \u00e1nh n\u1eafng tr\u1ef1c ti\u1ebfp, \u0111\u1eady k\u00edn sau khi s\u1eed d\u1ee5ng<\/td>\n<\/tr>\n<tr>\n<td>Dung t\u00edch<\/td>\n<td>200ml<\/td>\n<\/tr>\n<\/tbody>\n<\/table>\n<p>N\u01b0\u1edbc M\u1eafm Chay \u00d4ng Ch\u00e0 V\u00e0 200ml\u00a0\u0111\u01b0\u1ee3c l\u00e0m t\u1eeb nh\u1eefng nguy\u00ean li\u1ec7u ho\u00e0n to\u00e0n t\u1ef1 nhi\u00ean. Theo quy tr\u00ecnh ch\u1ebf bi\u1ebfn hi\u1ec7n \u0111\u1ea1i v\u00e0 kh\u00e9p k\u00edn. C\u00e1c nguy\u00ean li\u1ec7u \u0111\u01b0\u1ee3c tr\u1ed3ng theo ph\u01b0\u01a1ng ph\u00e1p h\u1eefu c\u01a1 mang \u0111\u1ebfn s\u1ef1 an to\u00e0n cho ng\u01b0\u1eddi s\u1eed d\u1ee5ng.<\/p>\n<p>N\u01b0\u1edbc m\u1eafm chay \u00d4ng Ch\u00e0 V\u00e0\u00a0v\u1eeba t\u1ed1t cho s\u1ee9c kh\u1ecfe l\u1ea1i v\u1eeba t\u0103ng s\u1ef1 th\u01a1m ngon \u0111\u1eadm v\u1ecb.\u00a0N\u01b0\u1edbc m\u1eafm chay \u00d4ng Ch\u00e0 V\u00e0 chai 200ml chi\u1ebft xu\u1ea5t t\u1eeb n\u01b0\u1edbc, mu\u1ed1i, chi\u1ebft xu\u1ea5t n\u1ea5m men, h\u01b0\u01a1ng n\u1ea5m,&#8230;\u00a0d\u00f9ng l\u00e0m gia v\u1ecb, n\u01b0\u1edbc ch\u1ea5m, pha n\u1ea5u, ch\u1ebf bi\u1ebfn trong c\u00e1c m\u00f3n \u0103n, mang \u0111\u1ebfn h\u01b0\u01a1ng th\u01a1m \u0111\u1eadm \u0111\u00e0 t\u1eeb\u00a0n\u01b0\u1edbc m\u1eafm chay.<\/p>\n<p><img fetchpriority=\"high\" decoding=\"async\" class=\"wp-image-25288 aligncenter\" src=\"https:\/\/havamall.vn\/wp-content\/uploads\/2022\/02\/118651751-300x200.png\" alt=\"\" width=\"662\" height=\"441\" srcset=\"https:\/\/havamall.vn\/wp-content\/uploads\/2022\/02\/118651751-300x200.png 300w, https:\/\/havamall.vn\/wp-content\/uploads\/2022\/02\/118651751-430x287.png 430w, https:\/\/havamall.vn\/wp-content\/uploads\/2022\/02\/118651751-150x100.png 150w, https:\/\/havamall.vn\/wp-content\/uploads\/2022\/02\/118651751-700x467.png 700w, https:\/\/havamall.vn\/wp-content\/uploads\/2022\/02\/118651751-768x512.png 768w, https:\/\/havamall.vn\/wp-content\/uploads\/2022\/02\/118651751-1024x683.png 1024w, https:\/\/havamall.vn\/wp-content\/uploads\/2022\/02\/118651751-1200x800.png 1200w, https:\/\/havamall.vn\/wp-content\/uploads\/2022\/02\/118651751-600x400.png 600w, https:\/\/havamall.vn\/wp-content\/uploads\/2022\/02\/118651751.png 2007w\" sizes=\"(max-width: 662px) 100vw, 662px\" \/><\/p>\n<p>V\u1edbi ph\u01b0\u01a1ng ph\u00e1p l\u00ean men truy\u1ec1n th\u1ed1ng, s\u1eed d\u1ee5ng ngu\u1ed3n nguy\u00ean li\u1ec7u ch\u00ednh l\u00e0 n\u1ea5m l\u00ean men v\u00e0 tr\u1ed9n v\u1edbi t\u1ef7 l\u1ec7 mu\u1ed1i ph\u00f9 h\u1ee3p, Th\u1eddi gian l\u00ean men k\u00e9o d\u00e0i t\u1eeb 4 \u2013 5 th\u00e1ng k\u1ebft h\u1ee3p v\u1edbi quy tr\u00ecnh k\u00e9o \u0111\u1ea3o li\u00ean t\u1ee5c \u0111\u1ec3 cho ra d\u00f2ng n\u01b0\u1edbc ch\u1ea5m chay \u0111\u1ea1t ch\u1ea5t l\u01b0\u1ee3ng.<\/p>\n<p>Ch\u1ec9 c\u1ea7n m\u1ed9t ch\u00fat n\u01b0\u1edbc m\u1eafm b\u1ea1n c\u00f3 th\u1ec3 pha ch\u1ebf th\u00e0nh nhi\u1ec1u lo\u1ea1i n\u01b0\u1edbc ch\u1ea5m kh\u00e1c nhau ho\u1eb7c t\u0103ng v\u1ecb m\u1eb7n m\u00e0 cho m\u00f3n \u0103n.<\/p>\n<p><img decoding=\"async\" class=\"wp-image-25289 aligncenter\" src=\"https:\/\/havamall.vn\/wp-content\/uploads\/2022\/02\/ac557db-300x300.png\" alt=\"\" width=\"665\" height=\"665\" srcset=\"https:\/\/havamall.vn\/wp-content\/uploads\/2022\/02\/ac557db-300x300.png 300w, https:\/\/havamall.vn\/wp-content\/uploads\/2022\/02\/ac557db-430x430.png 430w, https:\/\/havamall.vn\/wp-content\/uploads\/2022\/02\/ac557db-150x150.png 150w, https:\/\/havamall.vn\/wp-content\/uploads\/2022\/02\/ac557db-700x700.png 700w, https:\/\/havamall.vn\/wp-content\/uploads\/2022\/02\/ac557db-768x768.png 768w, https:\/\/havamall.vn\/wp-content\/uploads\/2022\/02\/ac557db-600x600.png 600w, https:\/\/havamall.vn\/wp-content\/uploads\/2022\/02\/ac557db-100x100.png 100w, https:\/\/havamall.vn\/wp-content\/uploads\/2022\/02\/ac557db.png 800w\" sizes=\"(max-width: 665px) 100vw, 665px\" \/><\/p>\n<h3><strong>\u0110\u1eb7c \u0111i\u1ec3m n\u1ed5i b\u1eadt c\u1ee7a s\u1ea3n ph\u1ea9m:<\/strong><\/h3>\n<p>Ch\u1ec9 c\u1ea7n m\u1ed9t ch\u00fat n\u01b0\u1edbc m\u1eafm b\u1ea1n c\u00f3 th\u1ec3 pha ch\u1ebf th\u00e0nh nhi\u1ec1u lo\u1ea1i n\u01b0\u1edbc ch\u1ea5m kh\u00e1c nhau ho\u1eb7c t\u0103ng v\u1ecb m\u1eb7n m\u00e0 cho m\u00f3n \u0103n.<\/p>\n<p>Quy tr\u00ecnh s\u1ea3n xu\u1ea5t hi\u1ec7n \u0111\u1ea1i t\u1ea1o ra c\u00e1c S\u1ea3n ph\u1ea9m ch\u1ea5t l\u01b0\u1ee3ng, uy t\u00edn v\u00e0 nh\u1eadn \u0111\u01b0\u1ee3c l\u00f2ng tin t\u1eeb ng\u01b0\u1eddi ti\u00eau d\u00f9ng v\u1edbi ch\u1ea5t l\u01b0\u1ee3ng v\u01b0\u1ee3t b\u1eadc.<\/p>\n<p>Cho m\u00f3n \u0103n b\u1eadt v\u1ecb ngon v\u01b0\u1ee3t tr\u1ed9i \u0111\u1eb7c tr\u01b0ng c\u00f9ng s\u1ef1 lan t\u1ecfa, h\u00f2a quy\u1ec7n, h\u01b0\u01a1ng v\u1ecb c\u1ee7a m\u00f3n \u0103n th\u00eam \u0111\u1eadm \u0111\u00e0 v\u00e0 h\u1ea5p d\u1eabn h\u01a1n.<\/p>\n<p>\u0110\u1ea1t ti\u00eau chu\u1ea9n an to\u00e0n v\u1ec7 sinh th\u1ef1c ph\u1ea9m.<\/p>\n<p>S\u1ea3n ph\u1ea9m chay cao c\u1ea5p, gi\u00e0u dinh d\u01b0\u1ee1ng t\u1eeb chi\u1ebft xu\u1ea5t n\u1ea5m men.<\/p>\n<p><img decoding=\"async\" class=\"wp-image-25304 aligncenter\" src=\"https:\/\/havamall.vn\/wp-content\/uploads\/2022\/02\/20117002-300x223.png\" alt=\"\" width=\"684\" height=\"507\" srcset=\"https:\/\/havamall.vn\/wp-content\/uploads\/2022\/02\/20117002-300x223.png 300w, https:\/\/havamall.vn\/wp-content\/uploads\/2022\/02\/20117002-430x319.png 430w, https:\/\/havamall.vn\/wp-content\/uploads\/2022\/02\/20117002-150x111.png 150w, https:\/\/havamall.vn\/wp-content\/uploads\/2022\/02\/20117002-700x520.png 700w, https:\/\/havamall.vn\/wp-content\/uploads\/2022\/02\/20117002-768x570.png 768w, https:\/\/havamall.vn\/wp-content\/uploads\/2022\/02\/20117002-1024x760.png 1024w, https:\/\/havamall.vn\/wp-content\/uploads\/2022\/02\/20117002-1200x891.png 1200w, https:\/\/havamall.vn\/wp-content\/uploads\/2022\/02\/20117002-600x445.png 600w, https:\/\/havamall.vn\/wp-content\/uploads\/2022\/02\/20117002.png 2048w\" sizes=\"(max-width: 684px) 100vw, 684px\" \/><\/p>\n<h3><strong>H\u01b0\u1edbng d\u1eabn s\u1eed d\u1ee5ng:<\/strong><\/h3>\n<p>&#8211; M\u1ed9t trong nguy\u00ean li\u1ec7u \u0111\u1ec3 n\u1ea5u c\u00e1c m\u00f3n canh, x\u00e0o, kho, th\u1ef1c ph\u1ea9m chay<\/p>\n<p>&#8211; T\u1ea1o m\u00f9i th\u01a1m cho s\u1ea3n ph\u1ea9m<\/p>\n<p>&#8211; D\u00f9ng l\u00e0m n\u01b0\u1edbc ch\u1ea5m cho c\u1ea3 s\u1ea3n ph\u1ea9m chay m\u1eb7n \u0111\u1ec1u \u0111\u01b0\u1ee3c<\/p>\n<p>S\u1ea3n ph\u1ea9m hi\u1ec7n \u0111\u00e3 c\u00f3 m\u1eb7t t\u1ea1i Havamall<\/p>","protected":false},"excerpt":{"rendered":"<p>TH\u00d4NG TIN S\u1ea2N PH\u1ea8M Th\u01b0\u01a1ng hi\u1ec7u \u00d4ng Ch\u00e0 V\u00e0 Xu\u1ea5t x\u1ee9 Vi\u1ec7t Nam Th\u00e0nh ph\u1ea7n N\u01b0\u1edbc, mu\u1ed1i, chi\u1ebft xu\u1ea5t n\u1ea5m<\/p>","protected":false},"featured_media":25290,"comment_status":"open","ping_status":"closed","template":"","meta":[],"product_brand":[],"product_cat":[496,36],"product_tag":[],"class_list":{"0":"post-25287","1":"product","2":"type-product","3":"status-publish","4":"has-post-thumbnail","6":"product_cat-thuc-pham-thuan-chay","7":"product_cat-thuc-pham-tieu-dung","8":"pa_brand-ong-cha-va","10":"first","11":"instock","12":"sale","13":"shipping-taxable","14":"purchasable","15":"product-type-simple"},"_links":{"self":[{"href":"https:\/\/havamall.vn\/en\/wp-json\/wp\/v2\/product\/25287"}],"collection":[{"href":"https:\/\/havamall.vn\/en\/wp-json\/wp\/v2\/product"}],"about":[{"href":"https:\/\/havamall.vn\/en\/wp-json\/wp\/v2\/types\/product"}],"replies":[{"embeddable":true,"href":"https:\/\/havamall.vn\/en\/wp-json\/wp\/v2\/comments?post=25287"}],"version-history":[{"count":0,"href":"https:\/\/havamall.vn\/en\/wp-json\/wp\/v2\/product\/25287\/revisions"}],"wp:featuredmedia":[{"embeddable":true,"href":"https:\/\/havamall.vn\/en\/wp-json\/wp\/v2\/media\/25290"}],"wp:attachment":[{"href":"https:\/\/havamall.vn\/en\/wp-json\/wp\/v2\/media?parent=25287"}],"wp:term":[{"taxonomy":"product_brand","embeddable":true,"href":"https:\/\/havamall.vn\/en\/wp-json\/wp\/v2\/product_brand?post=25287"},{"taxonomy":"product_cat","embeddable":true,"href":"https:\/\/havamall.vn\/en\/wp-json\/wp\/v2\/product_cat?post=25287"},{"taxonomy":"product_tag","embeddable":true,"href":"https:\/\/havamall.vn\/en\/wp-json\/wp\/v2\/product_tag?post=25287"}],"curies":[{"name":"wp","href":"https:\/\/api.w.org\/{rel}","templated":true}]}}