{"id":25282,"date":"2022-02-14T16:42:03","date_gmt":"2022-02-14T09:42:03","guid":{"rendered":"https:\/\/havamall.vn\/?post_type=product&#038;p=25282"},"modified":"2023-03-09T15:26:27","modified_gmt":"2023-03-09T08:26:27","slug":"tinh-chat-ruou-rum-havafood-28ml-flavoring-rum-extract","status":"publish","type":"product","link":"https:\/\/havamall.vn\/en\/shop\/tinh-chat-ruou-rum-havafood-28ml-flavoring-rum-extract\/","title":{"rendered":"Tinh Ch\u1ea5t R\u01b0\u1ee3u Rum Havafood 28ml &#8211; Flavoring Rum Extract"},"content":{"rendered":"<div class=\"product-detail page-product__detail\">\n<div class=\"XbKeLg\">\n<div class=\"Fo12Im\">\n<div class=\"Mhqp_x\">R\u01b0\u1ee3u Rum l\u00e0 c\u00f3 ngu\u1ed3n g\u1ed1c t\u1eeb Ch\u00e2u \u00c1, sau \u0111\u00f3 \u201c\u0111\u1eb7t ch\u00e2n\u201d sang c\u00e1c n\u01b0\u1edbc ph\u01b0\u01a1ng T\u00e2y. R\u01b0\u1ee3u \u0111\u01b0\u1ee3c ch\u01b0ng c\u1ea5t t\u1eeb n\u01b0\u1edbc c\u1ed1t m\u00eda, siro m\u00eda, m\u1eadt m\u00eda, khi ch\u01b0ng c\u1ea5t ho\u00e0n ch\u1ec9nh s\u1ebd tr\u1ea3i qua th\u1eddi gian \u1ee7 trong th\u00f9ng g\u1ed7 \u0111\u1ebfn khi \u0111\u1ee7 \u0111\u1ed9 ch\u00edn. Rum L\u00e0 d\u00f2ng pha ch\u1ebf \u0111\u01b0\u1ee3c chu\u1ed9ng nhi\u1ec1u nh\u1ea5t trong vi\u1ec7c d\u00f9ng \u0111\u1ec3 pha ch\u1ebf cocktail, mang \u0111\u1ebfn nh\u1eefng h\u01b0\u01a1ng v\u1ecb r\u1ea5t \u0111\u1ed9c \u0111\u00e1o chinh ph\u1ee5c ng\u01b0\u1eddi y\u00eau r\u01b0\u1ee3u.<\/div>\n<\/div>\n<\/div>\n<\/div>\n<div>\n<div class=\"product-ratings\"><img fetchpriority=\"high\" decoding=\"async\" class=\"wp-image-25286 aligncenter\" src=\"https:\/\/havamall.vn\/wp-content\/uploads\/2022\/02\/Article-Stirred-Rum-300x169.png\" alt=\"\" width=\"692\" height=\"390\" srcset=\"https:\/\/havamall.vn\/wp-content\/uploads\/2022\/02\/Article-Stirred-Rum-300x169.png 300w, https:\/\/havamall.vn\/wp-content\/uploads\/2022\/02\/Article-Stirred-Rum-430x242.png 430w, https:\/\/havamall.vn\/wp-content\/uploads\/2022\/02\/Article-Stirred-Rum-150x84.png 150w, https:\/\/havamall.vn\/wp-content\/uploads\/2022\/02\/Article-Stirred-Rum-700x394.png 700w, https:\/\/havamall.vn\/wp-content\/uploads\/2022\/02\/Article-Stirred-Rum-768x432.png 768w, https:\/\/havamall.vn\/wp-content\/uploads\/2022\/02\/Article-Stirred-Rum-1024x576.png 1024w, https:\/\/havamall.vn\/wp-content\/uploads\/2022\/02\/Article-Stirred-Rum-1200x675.png 1200w, https:\/\/havamall.vn\/wp-content\/uploads\/2022\/02\/Article-Stirred-Rum-600x337.png 600w\" sizes=\"(max-width: 692px) 100vw, 692px\" \/><\/div>\n<\/div>\n<p>Tinh Ch\u1ea5t c\u00f3 c\u00f4ng d\u1ee5ng to l\u1edbn v\u00e0 l\u00e0 h\u01b0\u01a1ng li\u1ec7u ph\u1ed5 bi\u1ebfn trong vi\u1ec7c t\u1ea1o n\u00ean h\u01b0\u01a1ng th\u01a1m \u0111\u1eb7c tr\u01b0ng cho c\u00e1c lo\u1ea1i b\u00e1nh, \u0111\u1eb7c bi\u1ec7t l\u00e0 c\u1ed1t b\u00e1nh gato, ch\u00e8\u2026..Tinh ch\u1ea5t Rum c\u00f3 th\u1ec3 pha v\u1edbi n\u01b0\u1edbc c\u1ed1t tr\u00e1i c\u00e2y,\u2026t\u00f9y v\u00e0o kh\u1ea9u v\u1ecb v\u00e0 s\u1edf th\u00edch c\u1ee7a t\u1eebng ng\u01b0\u1eddi. V\u00e0 m\u1ed9t c\u00f4ng d\u1ee5ng kh\u00f4ng th\u1ec3 thi\u1ebfu c\u1ee7a tinh ch\u1ea5t Rum m\u00e0 c\u00e1c b\u1ea1n y\u00eau b\u00e1nh kh\u00f4ng n\u00ean b\u1ecf qua, \u0111\u00f3 ch\u00ednh l\u00e0 t\u1ea1o m\u00f9i th\u01a1m \u0111\u1eb7c tr\u01b0ng cho m\u00f3n b\u00e1nh ng\u1ecdt tr\u00e1ng mi\u1ec7ng v\u1ecb c\u00e0 ph\u00ea r\u1ea5t n\u1ed5i ti\u1ebfng c\u1ee7a n\u01b0\u1edbc \u00dd \u2013 b\u00e1nh Tiramisu.<\/p>\n<div>\n<div class=\"product-ratings\"><img decoding=\"async\" class=\"wp-image-25284 aligncenter\" src=\"https:\/\/havamall.vn\/wp-content\/uploads\/2022\/02\/tiramisu-300x232.png\" alt=\"\" width=\"694\" height=\"537\" srcset=\"https:\/\/havamall.vn\/wp-content\/uploads\/2022\/02\/tiramisu-300x232.png 300w, https:\/\/havamall.vn\/wp-content\/uploads\/2022\/02\/tiramisu-430x333.png 430w, https:\/\/havamall.vn\/wp-content\/uploads\/2022\/02\/tiramisu-150x116.png 150w, https:\/\/havamall.vn\/wp-content\/uploads\/2022\/02\/tiramisu-700x541.png 700w, https:\/\/havamall.vn\/wp-content\/uploads\/2022\/02\/tiramisu-768x594.png 768w, https:\/\/havamall.vn\/wp-content\/uploads\/2022\/02\/tiramisu-1024x792.png 1024w, https:\/\/havamall.vn\/wp-content\/uploads\/2022\/02\/tiramisu.png 1200w, https:\/\/havamall.vn\/wp-content\/uploads\/2022\/02\/tiramisu-600x464.png 600w\" sizes=\"(max-width: 694px) 100vw, 694px\" \/><\/div>\n<\/div>\n<p>Tinh ch\u1ea5t rum v\u1edbi ch\u1ea5t l\u01b0\u1ee3ng s\u1ea3n ph\u1ea9m v\u00f4 c\u00f9ng \u0111\u1ea3m b\u1ea3o, \u0111\u01b0\u1ee3c s\u1ea3n xu\u1ea5t tr\u00ean d\u00e2y chuy\u1ec1n c\u00f4ng ngh\u1ec7 hi\u1ec7n \u0111\u1ea1i d\u01b0\u1edbi s\u1ef1 gi\u00e1m s\u00e1t ch\u1eb7t ch\u1ebd c\u1ee7a c\u00e1c chuy\u00ean gia h\u00e0ng \u0111\u1ea7u trong l\u0129nh v\u1ef1c th\u1ef1c ph\u1ea9m. S\u1ea3n ph\u1ea9m ch\u1eafc ch\u1eafn s\u1ebd mang \u0111\u1ebfn cho ng\u01b0\u1eddi ti\u00eau d\u00f9ng s\u1ef1 an t\u00e2m v\u1ec1 ch\u1ea5t l\u01b0\u1ee3ng s\u1ea3n ph\u1ea9m.<\/p>\n<p>S\u1ea3n ph\u1ea9m c\u00f3 d\u1ea1ng \u0111\u1eb7c s\u00e1nh, mang \u0111\u1ebfn h\u01b0\u01a1ng th\u01a1m quy\u1ebfn r\u0169 c\u1ee7a lo\u1ea1i r\u01b0\u1ee3u rum. B\u1ea1n c\u00f3 th\u1ec3 s\u1eed d\u1ee5ng s\u1ea3n ph\u1ea9m \u0111\u1ec3 t\u1ea1o h\u01b0\u01a1ng v\u1ecb cho c\u00e1c m\u00f3n ch\u00e8, \u0111\u1ed3 u\u1ed1ng, l\u00e0m b\u00e1nh,&#8230;. gi\u00fap cho b\u1eefa \u0103n c\u1ee7a b\u1ea1n th\u00eam ph\u1ea7n h\u1ea5p d\u1eabn v\u00e0 \u0111\u1eb7c s\u1eafc h\u01a1n.<\/p>\n<p>S\u1ea3n ph\u1ea9m \u0111\u01b0\u1ee3c \u0111\u00f3ng trong chai th\u1ee7y tinh nh\u1ecf c\u00f3 n\u1eafp \u0111\u1eady ch\u1eb7t, gi\u00fap b\u1ea1n d\u1ec5 d\u00e0ng s\u1eed d\u1ee5ng v\u00e0 b\u1ea3o qu\u1ea3n trong th\u1eddi gian d\u00e0i.<\/p>\n<p>N\u1ebfu b\u1ea1n mu\u1ed1n m\u00f3n \u0103n c\u1ee7a b\u1ea1n tr\u1edf n\u00ean h\u1ea5p d\u1eabn v\u1edbi m\u00f9i th\u01a1m quy\u1ebfn r\u0169 th\u00ec tinh ch\u1ea5t r\u01b0\u1ee3u rum ch\u00ednh l\u00e0 s\u1ef1 l\u1ef1a ch\u1ecdn ho\u00e0n h\u1ea3o d\u00e0nh cho b\u1ea1n.<\/p>\n<p><img decoding=\"async\" class=\"wp-image-25285 aligncenter\" src=\"https:\/\/havamall.vn\/wp-content\/uploads\/2022\/02\/DBP_JSH_-300x300.png\" alt=\"\" width=\"696\" height=\"696\" srcset=\"https:\/\/havamall.vn\/wp-content\/uploads\/2022\/02\/DBP_JSH_-300x300.png 300w, https:\/\/havamall.vn\/wp-content\/uploads\/2022\/02\/DBP_JSH_-430x430.png 430w, https:\/\/havamall.vn\/wp-content\/uploads\/2022\/02\/DBP_JSH_-150x150.png 150w, https:\/\/havamall.vn\/wp-content\/uploads\/2022\/02\/DBP_JSH_-700x700.png 700w, https:\/\/havamall.vn\/wp-content\/uploads\/2022\/02\/DBP_JSH_-768x768.png 768w, https:\/\/havamall.vn\/wp-content\/uploads\/2022\/02\/DBP_JSH_-1024x1024.png 1024w, https:\/\/havamall.vn\/wp-content\/uploads\/2022\/02\/DBP_JSH_-600x600.png 600w, https:\/\/havamall.vn\/wp-content\/uploads\/2022\/02\/DBP_JSH_-100x100.png 100w, https:\/\/havamall.vn\/wp-content\/uploads\/2022\/02\/DBP_JSH_.png 1030w\" sizes=\"(max-width: 696px) 100vw, 696px\" \/><\/p>\n<h3><strong>\u0110\u1eb7c \u0111i\u1ec3m n\u1ed5i b\u1eadt c\u1ee7a s\u1ea3n ph\u1ea9m:<\/strong><\/h3>\n<p>&gt; \u0110\u01b0\u1ee3c s\u1ea3n xu\u1ea5t tr\u00ean d\u00e2y chuy\u1ec1n hi\u1ec7n t\u1ea1i \u0111\u1ea3m b\u1ea3o v\u1ec7 sinh an to\u00e0n th\u1ef1c ph\u1ea9m th\u1ef1c ph\u1ea9m<\/p>\n<p>&gt; \u0110\u00f3ng g\u00f3i l\u1ecd d\u1ec5 d\u00e0ng s\u1eed d\u1ee5ng trong n\u1ea5u \u0103n gia \u0111\u00ecnh c\u0169ng nh\u01b0 l\u00e0m b\u00e1nh<\/p>\n<p>&gt; \u1ee8ng d\u1ee5ng nhi\u1ec1u trong c\u00e1c m\u00f3n \u0103n : k\u1eb9o, b\u00e1nh, cocktail,\u2026. v\u00e0 \u0111\u1eb7c bi\u1ec7t trong l\u00e0m b\u00e1nh<\/p>\n<p>S\u1ea3n ph\u1ea9m hi\u1ec7n \u0111\u00e3 c\u00f3 m\u1eb7t t\u1ea1i Havamall.<\/p>","protected":false},"excerpt":{"rendered":"<p>R\u01b0\u1ee3u Rum l\u00e0 c\u00f3 ngu\u1ed3n g\u1ed1c t\u1eeb Ch\u00e2u \u00c1, sau \u0111\u00f3 \u201c\u0111\u1eb7t ch\u00e2n\u201d sang c\u00e1c n\u01b0\u1edbc ph\u01b0\u01a1ng T\u00e2y. R\u01b0\u1ee3u \u0111\u01b0\u1ee3c<\/p>","protected":false},"featured_media":25283,"comment_status":"open","ping_status":"closed","template":"","meta":[],"product_brand":[],"product_cat":[255,36],"product_tag":[],"class_list":{"0":"post-25282","1":"product","2":"type-product","3":"status-publish","4":"has-post-thumbnail","6":"product_cat-nguyen-lieu-lam-banh","7":"product_cat-thuc-pham-tieu-dung","8":"pa_brand-skx","10":"first","11":"instock","12":"sale","13":"shipping-taxable","14":"purchasable","15":"product-type-simple"},"_links":{"self":[{"href":"https:\/\/havamall.vn\/en\/wp-json\/wp\/v2\/product\/25282"}],"collection":[{"href":"https:\/\/havamall.vn\/en\/wp-json\/wp\/v2\/product"}],"about":[{"href":"https:\/\/havamall.vn\/en\/wp-json\/wp\/v2\/types\/product"}],"replies":[{"embeddable":true,"href":"https:\/\/havamall.vn\/en\/wp-json\/wp\/v2\/comments?post=25282"}],"version-history":[{"count":0,"href":"https:\/\/havamall.vn\/en\/wp-json\/wp\/v2\/product\/25282\/revisions"}],"wp:featuredmedia":[{"embeddable":true,"href":"https:\/\/havamall.vn\/en\/wp-json\/wp\/v2\/media\/25283"}],"wp:attachment":[{"href":"https:\/\/havamall.vn\/en\/wp-json\/wp\/v2\/media?parent=25282"}],"wp:term":[{"taxonomy":"product_brand","embeddable":true,"href":"https:\/\/havamall.vn\/en\/wp-json\/wp\/v2\/product_brand?post=25282"},{"taxonomy":"product_cat","embeddable":true,"href":"https:\/\/havamall.vn\/en\/wp-json\/wp\/v2\/product_cat?post=25282"},{"taxonomy":"product_tag","embeddable":true,"href":"https:\/\/havamall.vn\/en\/wp-json\/wp\/v2\/product_tag?post=25282"}],"curies":[{"name":"wp","href":"https:\/\/api.w.org\/{rel}","templated":true}]}}