{"id":25193,"date":"2022-02-10T16:02:52","date_gmt":"2022-02-10T09:02:52","guid":{"rendered":"https:\/\/havamall.vn\/?post_type=product&#038;p=25193"},"modified":"2024-04-09T16:16:24","modified_gmt":"2024-04-09T09:16:24","slug":"pho-mai-ile-de-france-brie-mini-25g-5x25g-mini-brie-cheese","status":"publish","type":"product","link":"https:\/\/havamall.vn\/en\/shop\/pho-mai-ile-de-france-brie-mini-25g-5x25g-mini-brie-cheese\/","title":{"rendered":"Ph\u00f4 Mai Ile De France Brie Mini 25g (5x25g) &#8211; Mini Brie Cheese"},"content":{"rendered":"<h3><strong>TH\u00d4NG TIN S\u1ea2N PH\u1ea8M<\/strong><\/h3>\n<table>\n<tbody>\n<tr>\n<td>Th\u01b0\u01a1ng hi\u1ec7u<\/td>\n<td>Ile de France<\/td>\n<\/tr>\n<tr>\n<td>Xu\u1ea5t x\u1ee9<\/td>\n<td>Ph\u00e1p<\/td>\n<\/tr>\n<tr>\n<td>Th\u00e0nh ph\u1ea7n<\/td>\n<td>S\u1eefa ti\u1ec7t tr\u00f9ng, kem, mu\u1ed1i \u0103n, c\u1ea5y vi khu\u1ea9n l\u00e0m ch\u00edn, l\u1ee3i khu\u1ea9n axit lactic,\u00a0enzym l\u00e0m k\u1ebft t\u1ee5,\u2026<\/td>\n<\/tr>\n<tr>\n<td>H\u1ea1n s\u1eed d\u1ee5ng<\/td>\n<td>12 th\u00e1ng k\u1ec3 t\u1eeb ng\u00e0y s\u1ea3n xu\u1ea5t.<\/td>\n<\/tr>\n<tr>\n<td>B\u1ea3o qu\u1ea3n<\/td>\n<td>B\u1ea3o qu\u1ea3n \u1edf nhi\u1ec7t \u0111\u1ed9 2 \u2013 8 \u0111\u1ed9 C<\/td>\n<\/tr>\n<tr>\n<td>Kh\u1ed1i l\u01b0\u1ee3ng<\/td>\n<td>T\u00fai 5 H\u1ee7 25g<\/td>\n<\/tr>\n<\/tbody>\n<\/table>\n<p>Ph\u00f4 Mai Ile De France Brie ra \u0111\u1eddi t\u1eeb th\u1ebf k\u1ec9 th\u1ee9 9 v\u00f9ng Brie t\u1ec9nh Ile De France ph\u00eda \u0110\u00f4ng Nam n\u01b0\u1edbc Ph\u00e1p. S\u1ea3n ph\u1ea9m \u0111\u01b0\u1ee3c l\u00e0m t\u1eeb ngu\u1ed3n s\u1eefa ti\u1ec7t tr\u00f9ng \u0111\u01b0\u1ee3c chuy\u1ec3n \u0111\u1ed5i 48 gi\u1edd sau khi v\u1eaft s\u1eefa \u0111\u1ec3 \u0111\u1ea3m b\u1ea3o \u0111\u1ed9 t\u01b0\u01a1i tuy\u1ec7t \u0111\u1ed1i.<\/p>\n<p>Ph\u00f4 Mai Ile De France Brie \u0111\u01b0\u1ee3c tuy\u1ec3n ch\u1ecdn t\u1eeb ngu\u1ed3n s\u1eefa cao c\u1ea5p k\u1ebft h\u1ee3p v\u1edbi nh\u1eefng nguy\u00ean li\u1ec7u ho\u00e0n to\u00e0n t\u1ef1 nhi\u00ean. S\u1ea3n ph\u1ea9m c\u00f3 \u0111\u1ed9 m\u1ec1m v\u1eeba ph\u1ea3i, h\u01b0\u01a1ng b\u00e9o th\u01a1m s\u1eefa c\u00f9ng v\u1ecb m\u1eb1n m\u1eb7n \u0111\u1eb7c tr\u01b0ng c\u1ee7a ph\u00f4 mai.<\/p>\n<p><img fetchpriority=\"high\" decoding=\"async\" class=\"wp-image-25194 aligncenter\" src=\"https:\/\/havamall.vn\/wp-content\/uploads\/2022\/02\/240590992-300x300.png\" alt=\"\" width=\"698\" height=\"698\" srcset=\"https:\/\/havamall.vn\/wp-content\/uploads\/2022\/02\/240590992-300x300.png 300w, https:\/\/havamall.vn\/wp-content\/uploads\/2022\/02\/240590992-430x430.png 430w, https:\/\/havamall.vn\/wp-content\/uploads\/2022\/02\/240590992-150x150.png 150w, https:\/\/havamall.vn\/wp-content\/uploads\/2022\/02\/240590992-700x700.png 700w, https:\/\/havamall.vn\/wp-content\/uploads\/2022\/02\/240590992-768x768.png 768w, https:\/\/havamall.vn\/wp-content\/uploads\/2022\/02\/240590992-1024x1024.png 1024w, https:\/\/havamall.vn\/wp-content\/uploads\/2022\/02\/240590992-1200x1200.png 1200w, https:\/\/havamall.vn\/wp-content\/uploads\/2022\/02\/240590992-600x600.png 600w, https:\/\/havamall.vn\/wp-content\/uploads\/2022\/02\/240590992-100x100.png 100w, https:\/\/havamall.vn\/wp-content\/uploads\/2022\/02\/240590992.png 1600w\" sizes=\"(max-width: 698px) 100vw, 698px\" \/><\/p>\n<p>Ph\u00f4 mai c\u00f3 l\u1edbp v\u1ecf l\u00e0 m\u1ed1c Penicillium m\u00e0u tr\u1eafng &#8211; \u0103n \u0111\u01b0\u1ee3c r\u1ea5t m\u1ecbn v\u00e0 r\u1ea5t ngon. K\u1ebft c\u1ea5u ru\u1ed9t b\u00ean trong \u0111\u1eb7c bi\u1ec7t v\u00e0 h\u01b0\u01a1ng v\u1ecb th\u01a1m ngon \u0111\u1eb7c tr\u01b0ng. S\u1ea3n ph\u1ea9m \u0111em \u0111\u1ebfn cho ng\u01b0\u1eddi d\u00f9ng h\u01b0\u01a1ng v\u1ecb th\u01a1m ngon v\u00e0 \u0111\u1ea7y \u0111\u1ee7 ch\u1ea5t dinh d\u01b0\u1ee1ng, n\u0103ng l\u01b0\u1ee3ng c\u1ea7n thi\u1ebft cho m\u1ed9t ng\u00e0y l\u00e0m vi\u1ec7c, h\u1ecdc t\u1eadp n\u0103ng \u0111\u1ed9ng.<\/p>\n<p>Ph\u00f4 mai ch\u1ee9a men vi sinh, r\u1ea5t c\u00f3 l\u1ee3i cho \u0111\u01b0\u1eddng ti\u00eau h\u00f3a, gi\u00fap c\u01a1 th\u1ec3 h\u1ea5p thu th\u1ee9c \u0103n t\u1ed1t h\u01a1n v\u00e0 c\u1ea3i thi\u1ec7n s\u1ee9c kh\u1ecfe. Ph\u00f4 mai cung c\u1ea5p l\u01b0\u1ee3ng protein \u0111\u00e1ng k\u1ec3, ch\u00fang mang l\u1ea1i c\u00e1c axit amin thi\u1ebft y\u1ebfu gi\u00fap x\u00e2y d\u1ef1ng t\u1ebf b\u00e0o kh\u1ecfe m\u1ea1nh, r\u1ea5t t\u1ed1t cho s\u1ee9c kh\u1ecfe c\u1ee7a c\u1ea3 ng\u01b0\u1eddi l\u1edbn v\u00e0 tr\u1ebb em.<\/p>\n<p><img decoding=\"async\" class=\"wp-image-25195 aligncenter\" src=\"https:\/\/havamall.vn\/wp-content\/uploads\/2022\/02\/241554319-300x300.png\" alt=\"\" width=\"704\" height=\"704\" srcset=\"https:\/\/havamall.vn\/wp-content\/uploads\/2022\/02\/241554319-300x300.png 300w, https:\/\/havamall.vn\/wp-content\/uploads\/2022\/02\/241554319-430x430.png 430w, https:\/\/havamall.vn\/wp-content\/uploads\/2022\/02\/241554319-150x150.png 150w, https:\/\/havamall.vn\/wp-content\/uploads\/2022\/02\/241554319-700x699.png 700w, https:\/\/havamall.vn\/wp-content\/uploads\/2022\/02\/241554319-768x767.png 768w, https:\/\/havamall.vn\/wp-content\/uploads\/2022\/02\/241554319-1024x1024.png 1024w, https:\/\/havamall.vn\/wp-content\/uploads\/2022\/02\/241554319-600x599.png 600w, https:\/\/havamall.vn\/wp-content\/uploads\/2022\/02\/241554319-100x100.png 100w, https:\/\/havamall.vn\/wp-content\/uploads\/2022\/02\/241554319.png 1081w\" sizes=\"(max-width: 704px) 100vw, 704px\" \/><\/p>\n<p>Lo\u1ea1i s\u1eefa \u0111\u01b0\u1ee3c s\u1eed d\u1ee5ng \u0111\u1ec3 l\u00e0m Ph\u00f4 Mai Ile De France Brie mini \u0111\u01b0\u1ee3c chuy\u1ec3n \u0111\u1ed5i trong v\u00f2ng 48 gi\u1edd sau khi v\u1eaft s\u1eefa \u0111\u1ec3 \u0111\u1ea3m b\u1ea3o \u0111\u1ed9 t\u01b0\u01a1i tuy\u1ec7t \u0111\u1ed1i. S\u1ea3n ph\u1ea9m \u0111\u01b0\u1ee3c tuy\u1ec3n ch\u1ecdn t\u1eeb ngu\u1ed3n cao c\u1ea5p k\u1ebft h\u1ee3p v\u1edbi nh\u1eefng nguy\u00ean li\u1ec7u ho\u00e0n to\u00e0n t\u1ef1 nhi\u00ean.<\/p>\n<p>Ph\u00f4 Mai Ile De France Brie H\u1ed9p 25g r\u1ea5t ti\u1ec7n d\u1ee5ng, ph\u00f9 h\u1ee3p cho 1 l\u1ea7n s\u1eed d\u1ee5ng tr\u00e1nh g\u00e2y l\u00e3ng ph\u00ed v\u00e0 d\u1ec5 b\u1ea3o qu\u1ea3n.<\/p>\n<p><img decoding=\"async\" class=\"wp-image-23714 aligncenter\" src=\"https:\/\/havamall.vn\/wp-content\/uploads\/2021\/11\/171236290_29-240x300.png\" alt=\"\" width=\"707\" height=\"884\" srcset=\"https:\/\/havamall.vn\/wp-content\/uploads\/2021\/11\/171236290_29-240x300.png 240w, https:\/\/havamall.vn\/wp-content\/uploads\/2021\/11\/171236290_29-430x537.png 430w, https:\/\/havamall.vn\/wp-content\/uploads\/2021\/11\/171236290_29-150x187.png 150w, https:\/\/havamall.vn\/wp-content\/uploads\/2021\/11\/171236290_29-700x875.png 700w, https:\/\/havamall.vn\/wp-content\/uploads\/2021\/11\/171236290_29-768x960.png 768w, https:\/\/havamall.vn\/wp-content\/uploads\/2021\/11\/171236290_29-820x1024.png 820w, https:\/\/havamall.vn\/wp-content\/uploads\/2021\/11\/171236290_29-1200x1499.png 1200w, https:\/\/havamall.vn\/wp-content\/uploads\/2021\/11\/171236290_29-600x750.png 600w, https:\/\/havamall.vn\/wp-content\/uploads\/2021\/11\/171236290_29.png 1639w\" sizes=\"(max-width: 707px) 100vw, 707px\" \/><\/p>\n<h3><strong>\u0110\u1eb7c \u0111i\u1ec3m n\u1ed5i b\u1eadt c\u1ee7a s\u1ea3n ph\u1ea9m:<\/strong><\/h3>\n<p>&gt; C\u00f3 \u0111\u1ed9 m\u1ec1m v\u1eeba ph\u1ea3i, h\u01b0\u01a1ng b\u00e9o th\u01a1m c\u00f9ng v\u1ecb m\u1eb1n m\u1eb7n \u0111\u1eb7c tr\u01b0ng c\u1ee7a ph\u00f4 mai.<\/p>\n<p>&gt; C\u00f3 l\u1ee3i cho \u0111\u01b0\u1eddng ti\u00eau h\u00f3a, cung c\u1ea5p l\u01b0\u1ee3ng protein \u0111\u00e1ng k\u1ec3, ch\u00fang mang l\u1ea1i c\u00e1c axit amin thi\u1ebft y\u1ebfu gi\u00fap x\u00e2y d\u1ef1ng t\u1ebf b\u00e0o kh\u1ecfe m\u1ea1nh, r\u1ea5t t\u1ed1t cho s\u1ee9c kh\u1ecfe c\u1ee7a c\u1ea3 ng\u01b0\u1eddi l\u1edbn v\u00e0 tr\u1ebb em.<\/p>\n<p><img loading=\"lazy\" decoding=\"async\" class=\"wp-image-23709 aligncenter\" src=\"https:\/\/havamall.vn\/wp-content\/uploads\/2021\/11\/201289673-300x200.png\" alt=\"\" width=\"698\" height=\"465\" srcset=\"https:\/\/havamall.vn\/wp-content\/uploads\/2021\/11\/201289673-300x200.png 300w, https:\/\/havamall.vn\/wp-content\/uploads\/2021\/11\/201289673-430x287.png 430w, https:\/\/havamall.vn\/wp-content\/uploads\/2021\/11\/201289673-150x100.png 150w, https:\/\/havamall.vn\/wp-content\/uploads\/2021\/11\/201289673-700x467.png 700w, https:\/\/havamall.vn\/wp-content\/uploads\/2021\/11\/201289673-768x512.png 768w, https:\/\/havamall.vn\/wp-content\/uploads\/2021\/11\/201289673-600x400.png 600w, https:\/\/havamall.vn\/wp-content\/uploads\/2021\/11\/201289673.png 1000w\" sizes=\"(max-width: 698px) 100vw, 698px\" \/><\/p>\n<h3><strong>H\u01b0\u1edbng d\u1eabn s\u1eed d\u1ee5ng:<\/strong><\/h3>\n<p>\u2013 D\u00f9ng tr\u1ef1c ti\u1ebfp ho\u1eb7c ch\u1ebf bi\u1ebfn m\u00f3n \u0103n kh\u00e1c.<\/p>\n<p>\u2013 Phomai brie c\u00f3 \u0111\u01b0\u1ee3c h\u01b0\u01a1ng v\u1ecb ngon nh\u1ea5t khi \u0111\u01b0\u1ee3c ch\u1ebf bi\u1ebfn \u1edf nhi\u1ec7t \u0111\u1ed9 ph\u00f2ng. H\u00e3y l\u1ea5y phomai brie ra kh\u1ecfi t\u1ee7 l\u1ea1nh kho\u1ea3ng 45 ph\u00fat tr\u01b0\u1edbc khi ch\u1ebf bi\u1ebfn.<\/p>\n<p>\u2013 Nh\u00fang con dao c\u1eaft phomai v\u00e0o n\u01b0\u1edbc n\u00f3ng \u0111\u1ec3 phomai kh\u00f4ng b\u1ecb d\u00ednh v\u00e0o n\u00f3.<\/p>\n<h3><img loading=\"lazy\" decoding=\"async\" class=\"wp-image-23716 aligncenter\" src=\"https:\/\/havamall.vn\/wp-content\/uploads\/2021\/11\/134039432_2295-300x200.png\" alt=\"\" width=\"693\" height=\"462\" srcset=\"https:\/\/havamall.vn\/wp-content\/uploads\/2021\/11\/134039432_2295-300x200.png 300w, https:\/\/havamall.vn\/wp-content\/uploads\/2021\/11\/134039432_2295-430x287.png 430w, https:\/\/havamall.vn\/wp-content\/uploads\/2021\/11\/134039432_2295-150x100.png 150w, https:\/\/havamall.vn\/wp-content\/uploads\/2021\/11\/134039432_2295-700x467.png 700w, https:\/\/havamall.vn\/wp-content\/uploads\/2021\/11\/134039432_2295-768x512.png 768w, https:\/\/havamall.vn\/wp-content\/uploads\/2021\/11\/134039432_2295-1024x683.png 1024w, https:\/\/havamall.vn\/wp-content\/uploads\/2021\/11\/134039432_2295-1200x800.png 1200w, https:\/\/havamall.vn\/wp-content\/uploads\/2021\/11\/134039432_2295-600x400.png 600w, https:\/\/havamall.vn\/wp-content\/uploads\/2021\/11\/134039432_2295.png 2048w\" sizes=\"(max-width: 693px) 100vw, 693px\" \/><\/h3>\n<h3>L\u1ee3i \u00edch c\u1ee7a s\u1ea3n ph\u1ea9m:<\/h3>\n<p dir=\"auto\">&#8211; Ph\u00f4 mai l\u00e0 ngu\u1ed3n protein thay th\u1ebf th\u1ecbt tuy\u1ec7t v\u1eddi.<\/p>\n<p dir=\"auto\">&#8211; Ph\u00f4 mai ch\u1ee9a nhi\u1ec1u canxi v\u00e0 kho\u00e1ng ch\u1ea5t.<\/p>\n<p dir=\"auto\">&#8211; Ph\u00f4 mai c\u00f3 \u00edt mu\u1ed1i h\u01a1n c\u00e1c lo\u1ea1i th\u1ef1c ph\u1ea9m kh\u00e1c.<\/p>\n<p dir=\"auto\">&#8211; Ph\u00f4 mai t\u1ed1t cho r\u0103ng.<\/p>\n<p dir=\"auto\">S\u1ea3n ph\u1ea9m hi\u1ec7n \u0111\u00e3 c\u00f3 m\u1eb7t t\u1ea1i Havamall.<\/p>\n<p dir=\"auto\"><img loading=\"lazy\" decoding=\"async\" class=\"wp-image-23718 aligncenter\" src=\"https:\/\/havamall.vn\/wp-content\/uploads\/2021\/11\/189880899_-300x200.png\" alt=\"\" width=\"720\" height=\"481\" srcset=\"https:\/\/havamall.vn\/wp-content\/uploads\/2021\/11\/189880899_-300x200.png 300w, https:\/\/havamall.vn\/wp-content\/uploads\/2021\/11\/189880899_-430x287.png 430w, https:\/\/havamall.vn\/wp-content\/uploads\/2021\/11\/189880899_-150x100.png 150w, https:\/\/havamall.vn\/wp-content\/uploads\/2021\/11\/189880899_-700x467.png 700w, https:\/\/havamall.vn\/wp-content\/uploads\/2021\/11\/189880899_-768x512.png 768w, https:\/\/havamall.vn\/wp-content\/uploads\/2021\/11\/189880899_-1024x683.png 1024w, https:\/\/havamall.vn\/wp-content\/uploads\/2021\/11\/189880899_-1200x800.png 1200w, https:\/\/havamall.vn\/wp-content\/uploads\/2021\/11\/189880899_-600x400.png 600w, https:\/\/havamall.vn\/wp-content\/uploads\/2021\/11\/189880899_.png 1440w\" sizes=\"(max-width: 720px) 100vw, 720px\" \/><\/p>","protected":false},"excerpt":{"rendered":"<p>TH\u00d4NG TIN S\u1ea2N PH\u1ea8M Th\u01b0\u01a1ng hi\u1ec7u Ile de France Xu\u1ea5t x\u1ee9 Ph\u00e1p Th\u00e0nh ph\u1ea7n S\u1eefa ti\u1ec7t tr\u00f9ng, kem, mu\u1ed1i \u0103n,<\/p>","protected":false},"featured_media":25196,"comment_status":"open","ping_status":"closed","template":"","meta":[],"product_brand":[],"product_cat":[36],"product_tag":[],"class_list":{"0":"post-25193","1":"product","2":"type-product","3":"status-publish","4":"has-post-thumbnail","6":"product_cat-thuc-pham-tieu-dung","8":"first","9":"outofstock","10":"sale","11":"shipping-taxable","12":"purchasable","13":"product-type-simple"},"_links":{"self":[{"href":"https:\/\/havamall.vn\/en\/wp-json\/wp\/v2\/product\/25193"}],"collection":[{"href":"https:\/\/havamall.vn\/en\/wp-json\/wp\/v2\/product"}],"about":[{"href":"https:\/\/havamall.vn\/en\/wp-json\/wp\/v2\/types\/product"}],"replies":[{"embeddable":true,"href":"https:\/\/havamall.vn\/en\/wp-json\/wp\/v2\/comments?post=25193"}],"version-history":[{"count":0,"href":"https:\/\/havamall.vn\/en\/wp-json\/wp\/v2\/product\/25193\/revisions"}],"wp:featuredmedia":[{"embeddable":true,"href":"https:\/\/havamall.vn\/en\/wp-json\/wp\/v2\/media\/25196"}],"wp:attachment":[{"href":"https:\/\/havamall.vn\/en\/wp-json\/wp\/v2\/media?parent=25193"}],"wp:term":[{"taxonomy":"product_brand","embeddable":true,"href":"https:\/\/havamall.vn\/en\/wp-json\/wp\/v2\/product_brand?post=25193"},{"taxonomy":"product_cat","embeddable":true,"href":"https:\/\/havamall.vn\/en\/wp-json\/wp\/v2\/product_cat?post=25193"},{"taxonomy":"product_tag","embeddable":true,"href":"https:\/\/havamall.vn\/en\/wp-json\/wp\/v2\/product_tag?post=25193"}],"curies":[{"name":"wp","href":"https:\/\/api.w.org\/{rel}","templated":true}]}}