{"id":25185,"date":"2022-02-10T15:25:18","date_gmt":"2022-02-10T08:25:18","guid":{"rendered":"https:\/\/havamall.vn\/?post_type=product&#038;p=25185"},"modified":"2023-06-14T10:19:10","modified_gmt":"2023-06-14T03:19:10","slug":"pho-mai-mem-mascarpone-cheese-elle-vire-1l","status":"publish","type":"product","link":"https:\/\/havamall.vn\/en\/shop\/pho-mai-mem-mascarpone-cheese-elle-vire-1l\/","title":{"rendered":"Ph\u00f4 Mai M\u1ec1m Mascarpone Cheese Elle &amp; Vire 1L"},"content":{"rendered":"<h3><strong>TH\u00d4NG TIN S\u1ea2N PH\u1ea8M<\/strong><\/h3>\n<table>\n<tbody>\n<tr>\n<td>Th\u01b0\u01a1ng hi\u1ec7u<\/td>\n<td>Elle &amp; vire<\/td>\n<\/tr>\n<tr>\n<td>Xu\u1ea5t x\u1ee9<\/td>\n<td>Ph\u00e1p<\/td>\n<\/tr>\n<tr>\n<td>Th\u00e0nh ph\u1ea7n<\/td>\n<td>Kem s\u1eefa b\u00f2, \u0111\u01b0\u1eddng lactose, protein s\u1eefa b\u00f2, \u0111\u01b0\u1eddng, ph\u1ee5 gia th\u1ef1c ph\u1ea9m<\/td>\n<\/tr>\n<tr>\n<td>H\u1ea1n s\u1eed d\u1ee5ng<\/td>\n<td>9 th\u00e1ng k\u1ec3 t\u1eeb ng\u00e0y s\u1ea3n xu\u1ea5t.<\/td>\n<\/tr>\n<tr>\n<td>B\u1ea3o qu\u1ea3n<\/td>\n<td>B\u1ea3o qu\u1ea3n \u1edf nhi\u1ec7t \u0111\u1ed9 2 \u2013 6 \u0111\u1ed9 C sau khi m\u1edf n\u1eafp, ph\u1ea3i \u0111\u01b0\u1ee3c gi\u1eef trong t\u1ee7 l\u1ea1nh v\u00e0 s\u01b0 d\u1ee5ng trong 24 gi\u1edd<\/td>\n<\/tr>\n<tr>\n<td>Th\u1ec3 t\u00edch<\/td>\n<td>1 l\u00edt<\/td>\n<\/tr>\n<\/tbody>\n<\/table>\n<p id=\"tw-target-text\" class=\"tw-data-text tw-text-large tw-ta\" dir=\"ltr\"><span class=\"Y2IQFc\" lang=\"vi\">Elle &amp; Vire l\u00e0 m\u1ed9t th\u01b0\u01a1ng hi\u1ec7u kem, m\u00f3n tr\u00e1ng mi\u1ec7ng, b\u01a1 v\u00e0 s\u1eefa c\u1ee7a Ph\u00e1p \u0111\u01b0\u1ee3c th\u00e0nh l\u1eadp v\u00e0o n\u0103m 1945 t\u1ea1i Cond\u00e9-sur-Vire \u1edf Normandy, Ph\u00e1p. N\u00f3 \u0111\u01b0\u1ee3c bi\u1ebft \u0111\u1ebfn v\u1edbi ch\u1ea5t l\u01b0\u1ee3ng cao v\u00e0 s\u1ef1 kh\u00e9o l\u00e9o c\u1ee7a c\u00e1c s\u1ea3n ph\u1ea9m \u0111\u01b0\u1ee3c s\u1eed d\u1ee5ng b\u1edfi c\u00e1c \u0111\u1ea7u b\u1ebfp n\u1ed5i ti\u1ebfng nh\u1ea5t tr\u00ean th\u1ebf gi\u1edbi.<\/span><\/p>\n<p dir=\"ltr\"><img fetchpriority=\"high\" decoding=\"async\" class=\"wp-image-25186 aligncenter\" src=\"https:\/\/havamall.vn\/wp-content\/uploads\/2022\/02\/123961431-300x300.png\" alt=\"\" width=\"630\" height=\"629\" srcset=\"https:\/\/havamall.vn\/wp-content\/uploads\/2022\/02\/123961431-300x300.png 300w, https:\/\/havamall.vn\/wp-content\/uploads\/2022\/02\/123961431-430x430.png 430w, https:\/\/havamall.vn\/wp-content\/uploads\/2022\/02\/123961431-150x150.png 150w, https:\/\/havamall.vn\/wp-content\/uploads\/2022\/02\/123961431-700x700.png 700w, https:\/\/havamall.vn\/wp-content\/uploads\/2022\/02\/123961431-768x768.png 768w, https:\/\/havamall.vn\/wp-content\/uploads\/2022\/02\/123961431-1024x1024.png 1024w, https:\/\/havamall.vn\/wp-content\/uploads\/2022\/02\/123961431-600x600.png 600w, https:\/\/havamall.vn\/wp-content\/uploads\/2022\/02\/123961431-100x100.png 100w, https:\/\/havamall.vn\/wp-content\/uploads\/2022\/02\/123961431.png 1080w\" sizes=\"(max-width: 630px) 100vw, 630px\" \/><\/p>\n<p>Th\u01b0\u01a1ng hi\u1ec7u ph\u00f4 mai Elle &amp; Vire \u0111\u01b0\u1ee3c nhi\u1ec1u ng\u01b0\u1eddi y\u00eau th\u00edch b\u1edfi c\u00e1c lo\u1ea1i ph\u00f4 mai ngon v\u1edbi ph\u01b0\u01a1ng ph\u00e1p ch\u1ebf bi\u1ebfn truy\u1ec1n th\u1ed1ng t\u1eeb Ph\u00e1p.\u00a0Ph\u00f4 mai kem Elle &amp; Vire \u0111\u01b0\u1ee3c s\u1ea3n xu\u1ea5t t\u1eeb ngu\u1ed3n s\u1eefa ch\u1ea5t l\u01b0\u1ee3ng c\u00f9ng c\u00f4ng th\u1ee9c \u0111\u1eb7c tr\u01b0ng l\u00e2u \u0111\u1eddi, t\u1ea1o n\u00ean h\u01b0\u01a1ng v\u1ecb th\u01a1m ngon, cung c\u1ea5p nhi\u1ec1u dinh d\u01b0\u1ee1ng cho c\u01a1 th\u1ec3.<\/p>\n<p>Ph\u00f4 mai Mascarpone Cheese ElleVire \u0111\u01b0\u1ee3c s\u1ea3n xu\u1ea5t theo c\u00f4ng th\u1ee9c \u0111\u1eb7c bi\u1ec7t mang l\u1ea1i h\u01b0\u01a1ng v\u1ecb \u0111\u1eb7c tr\u01b0ng th\u01a1m ng\u1eady c\u1ee7a s\u1ea3n ph\u1ea9m ch\u1ebf bi\u1ebfn t\u1eeb s\u1eefa. C\u00f3 th\u1ec3 d\u00f9ng ph\u00f4 mai tr\u1ef1c ti\u1ebfp ho\u1eb7c d\u00f9ng trong ch\u1ebf bi\u1ebfn c\u00e1c m\u00f3n \u0103n, m\u00f3n b\u00e1nh&#8230; S\u1ea3n ph\u1ea9m r\u1ea5t d\u1ec5 \u0103n, ph\u00f9 h\u1ee3p v\u1edbi m\u1ecdi l\u1ee9a tu\u1ed5i.<\/p>\n<p><img decoding=\"async\" class=\"wp-image-25190 aligncenter\" src=\"https:\/\/havamall.vn\/wp-content\/uploads\/2022\/02\/3d7b3e83363d1-300x166.png\" alt=\"\" width=\"644\" height=\"356\" srcset=\"https:\/\/havamall.vn\/wp-content\/uploads\/2022\/02\/3d7b3e83363d1-300x166.png 300w, https:\/\/havamall.vn\/wp-content\/uploads\/2022\/02\/3d7b3e83363d1-430x239.png 430w, https:\/\/havamall.vn\/wp-content\/uploads\/2022\/02\/3d7b3e83363d1-150x83.png 150w, https:\/\/havamall.vn\/wp-content\/uploads\/2022\/02\/3d7b3e83363d1-700x388.png 700w, https:\/\/havamall.vn\/wp-content\/uploads\/2022\/02\/3d7b3e83363d1-768x426.png 768w, https:\/\/havamall.vn\/wp-content\/uploads\/2022\/02\/3d7b3e83363d1.png 1024w, https:\/\/havamall.vn\/wp-content\/uploads\/2022\/02\/3d7b3e83363d1-600x333.png 600w\" sizes=\"(max-width: 644px) 100vw, 644px\" \/><\/p>\n<p>Ph\u00f4 mai Mascarpone Cheese ElleVire \u0111\u01b0\u1ee3c s\u1ea3n xu\u1ea5t theo c\u00f4ng ngh\u1ec7 hi\u1ec7n \u0111\u1ea1i. M\u1ecdi kh\u00e2u t\u1eeb tuy\u1ec3n ch\u1ecdn nguy\u00ean li\u1ec7u t\u1edbi ch\u1ebf bi\u1ebfn, \u0111\u00f3ng g\u00f3i \u0111\u1ec1u di\u1ec5n ra kh\u00e9p k\u00edn d\u01b0\u1edbi s\u1ef1 gi\u00e1m s\u00e1t v\u00e0 ki\u1ec3m tra nghi\u00eam ng\u1eb7t c\u1ee7a c\u00e1c chuy\u00ean gia v\u1ec1 c\u00f4ng ngh\u1ec7 th\u1ef1c ph\u1ea9m, \u0111\u1ea3m b\u1ea3o an to\u00e0n cho s\u1ee9c kh\u1ecfe ng\u01b0\u1eddi ti\u00eau d\u00f9ng.<\/p>\n<p>Mascarpone Elle- Vire\u00a0 \u0111\u01b0\u1ee3c s\u1eed d\u1ee5ng trong nhi\u1ec1u c\u00f4ng th\u1ee9c n\u1ea5u \u0103n v\u00e0 l\u00e0m b\u00e1nh, \u0111\u1eb7c bi\u1ec7t l\u00e0 s\u1eed d\u1ee5ng trong m\u00f3n b\u00e1nh tiramisu tr\u00e1ng mi\u1ec7ng n\u1ed5i ti\u1ebfng c\u1ee7a \u00dd. S\u1ea3n ph\u1ea9m c\u00f3 ch\u1ee9a 40% ch\u1ea5t b\u00e9o t\u1eeb s\u1eefa n\u00ean s\u1ebd gi\u00fap m\u00f3n \u0103n c\u1ee7a b\u1ea1n th\u00eam ph\u1ea7n th\u01a1m ngon v\u00e0 h\u1ea5p d\u1eabn.<\/p>\n<p><img decoding=\"async\" class=\"wp-image-25187 aligncenter\" src=\"https:\/\/havamall.vn\/wp-content\/uploads\/2022\/02\/241572184-300x300.png\" alt=\"\" width=\"642\" height=\"642\" srcset=\"https:\/\/havamall.vn\/wp-content\/uploads\/2022\/02\/241572184-300x300.png 300w, https:\/\/havamall.vn\/wp-content\/uploads\/2022\/02\/241572184-430x430.png 430w, https:\/\/havamall.vn\/wp-content\/uploads\/2022\/02\/241572184-150x150.png 150w, https:\/\/havamall.vn\/wp-content\/uploads\/2022\/02\/241572184-700x700.png 700w, https:\/\/havamall.vn\/wp-content\/uploads\/2022\/02\/241572184-768x768.png 768w, https:\/\/havamall.vn\/wp-content\/uploads\/2022\/02\/241572184-1024x1024.png 1024w, https:\/\/havamall.vn\/wp-content\/uploads\/2022\/02\/241572184-600x600.png 600w, https:\/\/havamall.vn\/wp-content\/uploads\/2022\/02\/241572184-100x100.png 100w, https:\/\/havamall.vn\/wp-content\/uploads\/2022\/02\/241572184.png 1080w\" sizes=\"(max-width: 642px) 100vw, 642px\" \/><\/p>\n<p>M\u00e0u tr\u1eafng c\u1ee7a\u00a0ph\u00f4 mai Mascarpone Cheese ElleVire gi\u00fap cho lo\u1ea1i ph\u00f4 mai n\u00e0y kh\u00f4ng ch\u1ec9 \u0111\u01b0\u1ee3c d\u00f9ng \u0111\u1ec3 l\u00e0m c\u00e1c m\u00f3n tr\u00e1ng mi\u1ec7ng nh\u01b0 cheesecakes, tiramisu,\u2026 ho\u1eb7c \u0103n tr\u1ef1c ti\u1ebfp v\u1edbi b\u00e1nh m\u00e0 c\u00f2n c\u00f3 th\u1ec3 d\u00f9ng l\u00e0m kem trang tr\u00ed b\u00e1nh, khi pha m\u00e0u kh\u00f4ng lo s\u1ebd b\u1ecb l\u1ec7ch t\u00f4ng so v\u1edbi m\u00e0u ban \u0111\u1ea7u.<\/p>\n<p>Ph\u00f4 mai Mascarpone Cheese ElleVire 1L\u00edt \u0111\u01b0\u1ee3c s\u1eed d\u1ee5ng trong nhi\u1ec1u c\u00f4ng th\u1ee9c n\u1ea5u \u0103n v\u00e0 l\u00e0m b\u00e1nh, \u0111\u1eb7c bi\u1ec7t l\u00e0 s\u1eed d\u1ee5ng trong m\u00f3n b\u00e1nh tiramisu tr\u00e1ng mi\u1ec7ng n\u1ed5i ti\u1ebfng c\u1ee7a \u00dd.<\/p>\n<p><img loading=\"lazy\" decoding=\"async\" class=\"wp-image-25188 aligncenter\" src=\"https:\/\/havamall.vn\/wp-content\/uploads\/2022\/02\/239697850-300x300.png\" alt=\"\" width=\"649\" height=\"649\" srcset=\"https:\/\/havamall.vn\/wp-content\/uploads\/2022\/02\/239697850-300x300.png 300w, https:\/\/havamall.vn\/wp-content\/uploads\/2022\/02\/239697850-430x430.png 430w, https:\/\/havamall.vn\/wp-content\/uploads\/2022\/02\/239697850-150x150.png 150w, https:\/\/havamall.vn\/wp-content\/uploads\/2022\/02\/239697850-700x700.png 700w, https:\/\/havamall.vn\/wp-content\/uploads\/2022\/02\/239697850-768x768.png 768w, https:\/\/havamall.vn\/wp-content\/uploads\/2022\/02\/239697850-1024x1024.png 1024w, https:\/\/havamall.vn\/wp-content\/uploads\/2022\/02\/239697850-1200x1200.png 1200w, https:\/\/havamall.vn\/wp-content\/uploads\/2022\/02\/239697850-600x600.png 600w, https:\/\/havamall.vn\/wp-content\/uploads\/2022\/02\/239697850-100x100.png 100w, https:\/\/havamall.vn\/wp-content\/uploads\/2022\/02\/239697850.png 1664w\" sizes=\"(max-width: 649px) 100vw, 649px\" \/><\/p>\n<h3><strong>C\u00f4ng d\u1ee5ng c\u1ee7a s\u1ea3n ph\u1ea9m:<\/strong><\/h3>\n<p>\u2013 D\u00f9ng \u0111\u1ec3 l\u00e0m b\u00e1nh tiramisu, cheesecake, cheese souffle,.. ngo\u00e0i ra c\u00f3 th\u1ec3 d\u00f9ng l\u00e0m kem trang tr\u00ed b\u00e1nh, \u0103n k\u00e8m v\u1edbi b\u00e1nh m\u00ec\u2026<\/p>\n<p>\u2013 C\u00f4ng d\u1ee5ng l\u00e0 nguy\u00ean li\u1ec7u cho nh\u1eefng chi\u1ebfc b\u00e1nh m\u00ec Ph\u00e1p c\u1ef1c ngon.<\/p>\n<p>\u2013 S\u1ea3n ph\u1ea9m gi\u00fap b\u1ea1n chu\u1ea9n b\u1ecb nh\u1eefng chi\u1ebfc b\u00e1nh ph\u00f4 mai n\u1ed5i ti\u1ebfng.<\/p>\n<p>S\u1ea3n ph\u1ea9m hi\u1ec7n \u0111\u00e3 c\u00f3 m\u1eb7t t\u1ea1i Havamall.<\/p>\n<p><img loading=\"lazy\" decoding=\"async\" class=\"wp-image-25192 aligncenter\" src=\"https:\/\/havamall.vn\/wp-content\/uploads\/2022\/02\/273365420-300x253.png\" alt=\"\" width=\"655\" height=\"552\" srcset=\"https:\/\/havamall.vn\/wp-content\/uploads\/2022\/02\/273365420-300x253.png 300w, https:\/\/havamall.vn\/wp-content\/uploads\/2022\/02\/273365420-430x363.png 430w, https:\/\/havamall.vn\/wp-content\/uploads\/2022\/02\/273365420-150x127.png 150w, https:\/\/havamall.vn\/wp-content\/uploads\/2022\/02\/273365420-700x591.png 700w, https:\/\/havamall.vn\/wp-content\/uploads\/2022\/02\/273365420-1024x865.png 1024w, https:\/\/havamall.vn\/wp-content\/uploads\/2022\/02\/273365420-600x507.png 600w, https:\/\/havamall.vn\/wp-content\/uploads\/2022\/02\/273365420.png 1080w\" sizes=\"(max-width: 655px) 100vw, 655px\" \/><\/p>","protected":false},"excerpt":{"rendered":"<p>TH\u00d4NG TIN S\u1ea2N PH\u1ea8M Th\u01b0\u01a1ng hi\u1ec7u Elle &amp; vire Xu\u1ea5t x\u1ee9 Ph\u00e1p Th\u00e0nh ph\u1ea7n Kem s\u1eefa b\u00f2, \u0111\u01b0\u1eddng lactose, protein<\/p>","protected":false},"featured_media":25189,"comment_status":"open","ping_status":"closed","template":"","meta":[],"product_brand":[],"product_cat":[255,36],"product_tag":[],"class_list":{"0":"post-25185","1":"product","2":"type-product","3":"status-publish","4":"has-post-thumbnail","6":"product_cat-nguyen-lieu-lam-banh","7":"product_cat-thuc-pham-tieu-dung","9":"first","10":"outofstock","11":"sale","12":"shipping-taxable","13":"purchasable","14":"product-type-simple"},"_links":{"self":[{"href":"https:\/\/havamall.vn\/en\/wp-json\/wp\/v2\/product\/25185"}],"collection":[{"href":"https:\/\/havamall.vn\/en\/wp-json\/wp\/v2\/product"}],"about":[{"href":"https:\/\/havamall.vn\/en\/wp-json\/wp\/v2\/types\/product"}],"replies":[{"embeddable":true,"href":"https:\/\/havamall.vn\/en\/wp-json\/wp\/v2\/comments?post=25185"}],"version-history":[{"count":0,"href":"https:\/\/havamall.vn\/en\/wp-json\/wp\/v2\/product\/25185\/revisions"}],"wp:featuredmedia":[{"embeddable":true,"href":"https:\/\/havamall.vn\/en\/wp-json\/wp\/v2\/media\/25189"}],"wp:attachment":[{"href":"https:\/\/havamall.vn\/en\/wp-json\/wp\/v2\/media?parent=25185"}],"wp:term":[{"taxonomy":"product_brand","embeddable":true,"href":"https:\/\/havamall.vn\/en\/wp-json\/wp\/v2\/product_brand?post=25185"},{"taxonomy":"product_cat","embeddable":true,"href":"https:\/\/havamall.vn\/en\/wp-json\/wp\/v2\/product_cat?post=25185"},{"taxonomy":"product_tag","embeddable":true,"href":"https:\/\/havamall.vn\/en\/wp-json\/wp\/v2\/product_tag?post=25185"}],"curies":[{"name":"wp","href":"https:\/\/api.w.org\/{rel}","templated":true}]}}